{"id":42883,"date":"2021-12-08T19:03:01","date_gmt":"2021-12-08T16:03:01","guid":{"rendered":"https:\/\/xstyle.md\/?post_type=product&#038;p=42883"},"modified":"2026-02-06T18:20:32","modified_gmt":"2026-02-06T15:20:32","slug":"termos-zojirushi-sf-cs13ha-1-3l","status":"publish","type":"product","link":"https:\/\/xstyle.md\/ro\/produs\/termos-zojirushi-sf-cs13ha-1-3l\/","title":{"rendered":"Termos Zojirushi SF-CC13XA 1.3L"},"content":{"rendered":"<p><\/p>\n<p><strong>Zojirushi SF-CC13XA 1.3L<\/strong>\u00a0 &#8212; este un termos cu balon metalic, ideal pentru excursii la munte, ie\u0219iri \u00een natur\u0103 sau la picnic. Datorit\u0103 combina\u021biei dintre greutatea redus\u0103, robuste\u021be \u0219i capacitatea excelent\u0103 de men\u021binere a temperaturii, acest model este extrem de apreciat de pescari, c\u0103l\u0103tori \u0219i amatorii de activit\u0103\u021bi outdoor. Designul s\u0103u sobru \u0219i elegant \u00eel face potrivit chiar \u0219i pentru birou sau deplas\u0103ri de serviciu.<\/p>\n<h3>Particularit\u0103\u021bi<\/h3>\n<ul>\n<li>Acest model este unul dintre cele mai voluminoase din gama cu balon de o\u021bel, fiind ideal pentru c\u0103l\u0103torii lungi, v\u00e2n\u0103toare sau pescuit.<\/li>\n<li>Este echipat cu o curea deta\u0219abil\u0103 \u0219i un m\u00e2ner ergonomic cauciucat, care se integreaz\u0103 perfect \u00een designul termosului.<\/li>\n<li>G\u00e2t ultra-larg (70 mm) &#8212; Aceast\u0103 serie are cea mai lat\u0103 deschidere, permi\u021b\u00e2nd nu doar turnarea b\u0103uturilor, ci \u0219i depozitarea alimentelor.<\/li>\n<li>Pe l\u00e2ng\u0103 capacul standard care serve\u0219te drept can\u0103, setul include o bol suplimentar din plastic, facilit\u00e2nd servirea mesei pentru dou\u0103 persoane.<\/li>\n<li>Carcasa este prev\u0103zut\u0103 cu dou\u0103 \u201epicioru\u0219e\u201d speciale (lamele) care permit a\u0219ezarea termosului \u00een pozi\u021bie orizontal\u0103 f\u0103r\u0103 riscul ca acesta s\u0103 se rostogoleasc\u0103 \u0219i s\u0103 cad\u0103.<\/li>\n<li>Tehnologie Non-Stick &#8212; interiorul este tratat cu un strat de teflon care previne aderarea gr\u0103similor \u0219i u\u0219ureaz\u0103 cur\u0103\u021barea.<\/li>\n<li>M\u00e2nerul cauciucat se pliaz\u0103 pentru a economisi spa\u021biu \u00een rucsac.<\/li>\n<\/ul>\n<h3>Performan\u021b\u0103 Termic\u0103<\/h3>\n<p><em>Valori m\u0103surate la o temperatur\u0103 ambiental\u0103 de 20 \u00b0C:<\/em><\/p>\n<ul>\n<li>Men\u021binere c\u0103ldur\u0103: 49 \u00b0C dup\u0103 24 ore (sau 77 \u00b0C dup\u0103 6 ore).<\/li>\n<li>Men\u021binere frig: 7 \u00b0C dup\u0103 6 ore.<\/li>\n<\/ul>\n<h3>Caracteristici<\/h3>\n<ul>\n<li>Volum \u2013 1.3 L<\/li>\n<li>Diametru g\u00e2t \u2013 70 mm<\/li>\n<li>Dimensiuni \u2013 13 x 11,5 x 24 cm<\/li>\n<li>Greutate \u2013 800 g<\/li>\n<\/ul>\n<h3>Tehnologii<\/h3>\n<ul>\n<li>\u00cenveli\u0219ul <strong>Non-Stick Coating<\/strong> pentru o cur\u0103\u021bare u\u0219oar\u0103. Acesta este un strat protector aplicat pe pere\u021bii interiori ai balonului. Un termos dotat cu acest \u00eenveli\u0219 este mai pu\u021bin predispus la murd\u0103rie \u0219i se spal\u0103 mult mai u\u0219or.<br \/>\n<\/li>\n<\/ul>","protected":false},"excerpt":{"rendered":"","protected":false},"featured_media":42981,"comment_status":"open","ping_status":"closed","template":"","meta":{"_acf_changed":false,"inline_featured_image":false},"product_brand":[1377],"product_cat":[855],"product_tag":[],"class_list":{"0":"post-42883","1":"product","2":"type-product","3":"status-publish","4":"has-post-thumbnail","6":"product_brand-zojirushi","7":"product_cat-thermos","9":"first","10":"instock","11":"shipping-taxable","12":"purchasable","13":"product-type-simple"},"acf":[],"yoast_head":"<!-- This site is optimized with the Yoast SEO plugin v27.2 - https:\/\/yoast.com\/product\/yoast-seo-wordpress\/ -->\n<title>\u0422\u0435\u0440\u043c\u043e\u0441 Zojirushi SF-C\u042113\u0425A 1.3L - \u041c\u0430\u0433\u0430\u0437\u0438\u043d Xstyle<\/title>\n<meta name=\"description\" content=\"\u041a\u0443\u043f\u0438\u0442\u0435 \u0442\u0435\u0440\u043c\u043e\u0441 Zojirushi SF-C\u042113\u0425A 1.3L \u0441 \u043d\u0435\u043d\u0430\u0433\u0440\u0435\u0432\u0430\u044e\u0449\u0438\u043c \u043f\u043e\u043a\u0440\u044b\u0442\u0438\u0435\u043c. \u0423\u0434\u0435\u0440\u0436\u0438\u0432\u0430\u0435\u0442 \u0442\u0435\u043f\u043b\u043e \u0434\u043e 70 \u0447\u0430\u0441\u043e\u0432, \u0438\u0434\u0435\u0430\u043b\u0435\u043d \u0434\u043b\u044f \u043f\u0443\u0442\u0435\u0448\u0435\u0441\u0442\u0432\u0438\u0439 \u0438 \u0430\u043a\u0442\u0438\u0432\u043d\u043e\u0433\u043e \u043e\u0442\u0434\u044b\u0445\u0430.\" \/>\n<meta name=\"robots\" content=\"index, follow, max-snippet:-1, max-image-preview:large, max-video-preview:-1\" \/>\n<link rel=\"canonical\" href=\"https:\/\/xstyle.md\/ro\/produs\/termos-zojirushi-sf-cs13ha-1-3l\/\" \/>\n<meta property=\"og:locale\" content=\"ro_RO\" \/>\n<meta property=\"og:type\" content=\"article\" \/>\n<meta property=\"og:title\" content=\"\u0422\u0435\u0440\u043c\u043e\u0441 Zojirushi SF-C\u042113\u0425A 1.3L - \u041c\u0430\u0433\u0430\u0437\u0438\u043d Xstyle\" \/>\n<meta property=\"og:description\" content=\"\u041a\u0443\u043f\u0438\u0442\u0435 \u0442\u0435\u0440\u043c\u043e\u0441 Zojirushi SF-C\u042113\u0425A 1.3L \u0441 \u043d\u0435\u043d\u0430\u0433\u0440\u0435\u0432\u0430\u044e\u0449\u0438\u043c \u043f\u043e\u043a\u0440\u044b\u0442\u0438\u0435\u043c. \u0423\u0434\u0435\u0440\u0436\u0438\u0432\u0430\u0435\u0442 \u0442\u0435\u043f\u043b\u043e \u0434\u043e 70 \u0447\u0430\u0441\u043e\u0432, \u0438\u0434\u0435\u0430\u043b\u0435\u043d \u0434\u043b\u044f \u043f\u0443\u0442\u0435\u0448\u0435\u0441\u0442\u0432\u0438\u0439 \u0438 \u0430\u043a\u0442\u0438\u0432\u043d\u043e\u0433\u043e \u043e\u0442\u0434\u044b\u0445\u0430.\" \/>\n<meta property=\"og:url\" content=\"https:\/\/xstyle.md\/ro\/produs\/termos-zojirushi-sf-cs13ha-1-3l\/\" \/>\n<meta property=\"og:site_name\" content=\"\u041c\u0430\u0433\u0430\u0437\u0438\u043d Xstyle\" \/>\n<meta property=\"article:publisher\" content=\"https:\/\/www.facebook.com\/xstylemd\" \/>\n<meta property=\"article:modified_time\" content=\"2026-02-06T15:20:32+00:00\" \/>\n<meta property=\"og:image\" content=\"https:\/\/xstyle.md\/wp-content\/uploads\/2021\/12\/zojirushi-sf-cs13ha-1.3l.jpg\" \/>\n\t<meta property=\"og:image:width\" content=\"600\" \/>\n\t<meta property=\"og:image:height\" content=\"600\" \/>\n\t<meta property=\"og:image:type\" content=\"image\/jpeg\" \/>\n<meta name=\"twitter:card\" content=\"summary_large_image\" \/>\n<meta name=\"twitter:label1\" content=\"Pre\u021b\" \/>\n\t<meta name=\"twitter:data1\" content=\"1.290&nbsp;MDL\" \/>\n\t<meta name=\"twitter:label2\" content=\"Disponibilitate\" \/>\n\t<meta name=\"twitter:data2\" content=\"\u00cen stoc\" \/>\n<script type=\"application\/ld+json\" class=\"yoast-schema-graph\">{\"@context\":\"https:\/\/schema.org\",\"@graph\":[{\"@type\":\"WebPage\",\"@id\":\"https:\/\/xstyle.md\/product\/termos-zojirushi-sf-cs13ha-1-3l\/\",\"url\":\"https:\/\/xstyle.md\/product\/termos-zojirushi-sf-cs13ha-1-3l\/\",\"name\":\"\u0422\u0435\u0440\u043c\u043e\u0441 Zojirushi SF-C\u042113\u0425A 1.3L - \u041c\u0430\u0433\u0430\u0437\u0438\u043d Xstyle\",\"isPartOf\":{\"@id\":\"https:\/\/xstyle.md\/#website\"},\"primaryImageOfPage\":{\"@id\":\"https:\/\/xstyle.md\/product\/termos-zojirushi-sf-cs13ha-1-3l\/#primaryimage\"},\"image\":{\"@id\":\"https:\/\/xstyle.md\/product\/termos-zojirushi-sf-cs13ha-1-3l\/#primaryimage\"},\"thumbnailUrl\":\"https:\/\/xstyle.md\/wp-content\/uploads\/2021\/12\/zojirushi-sf-cs13ha-1.3l.jpg\",\"datePublished\":\"2021-12-08T16:03:01+00:00\",\"dateModified\":\"2026-02-06T15:20:32+00:00\",\"description\":\"\u041a\u0443\u043f\u0438\u0442\u0435 \u0442\u0435\u0440\u043c\u043e\u0441 Zojirushi SF-C\u042113\u0425A 1.3L \u0441 \u043d\u0435\u043d\u0430\u0433\u0440\u0435\u0432\u0430\u044e\u0449\u0438\u043c \u043f\u043e\u043a\u0440\u044b\u0442\u0438\u0435\u043c. \u0423\u0434\u0435\u0440\u0436\u0438\u0432\u0430\u0435\u0442 \u0442\u0435\u043f\u043b\u043e \u0434\u043e 70 \u0447\u0430\u0441\u043e\u0432, \u0438\u0434\u0435\u0430\u043b\u0435\u043d \u0434\u043b\u044f \u043f\u0443\u0442\u0435\u0448\u0435\u0441\u0442\u0432\u0438\u0439 \u0438 \u0430\u043a\u0442\u0438\u0432\u043d\u043e\u0433\u043e \u043e\u0442\u0434\u044b\u0445\u0430.\",\"breadcrumb\":{\"@id\":\"https:\/\/xstyle.md\/product\/termos-zojirushi-sf-cs13ha-1-3l\/#breadcrumb\"},\"inLanguage\":\"ro-RO\",\"potentialAction\":[{\"@type\":\"ReadAction\",\"target\":[\"https:\/\/xstyle.md\/product\/termos-zojirushi-sf-cs13ha-1-3l\/\"]}]},{\"@type\":\"ImageObject\",\"inLanguage\":\"ro-RO\",\"@id\":\"https:\/\/xstyle.md\/product\/termos-zojirushi-sf-cs13ha-1-3l\/#primaryimage\",\"url\":\"https:\/\/xstyle.md\/wp-content\/uploads\/2021\/12\/zojirushi-sf-cs13ha-1.3l.jpg\",\"contentUrl\":\"https:\/\/xstyle.md\/wp-content\/uploads\/2021\/12\/zojirushi-sf-cs13ha-1.3l.jpg\",\"width\":600,\"height\":600,\"caption\":\"\u0422\u0435\u0440\u043c\u043e\u0441 Zojirushi SF-C\u042113\u0425A 1.3\u041b \u0434\u043b\u044f \u0430\u043a\u0442\u0438\u0432\u043d\u043e\u0433\u043e \u043e\u0442\u0434\u044b\u0445\u0430 \u043f\u043e\u0445\u043e\u0434\u043e\u0432 \u043f\u0443\u0442\u0435\u0448\u0435\u0441\u0442\u0432\u0438\u0439 \u0442\u043e\u0432\u0430\u0440\u044b \u0434\u043b\u044f \u0441\u043f\u043e\u0440\u0442\u0438\u0432\u043d\u043e\u0439 \u043e\u0434\u0435\u0436\u0434\u044b \u043e\u0431\u0443\u0432\u0438 \u0438 \u0441\u043d\u0430\u0440\u044f\u0436\u0435\u043d\u0438\u044f \u0432 \u0438\u043d\u0442\u0435\u0440\u043d\u0435\u0442-\u043c\u0430\u0433\u0430\u0437\u0438\u043d\u0435\"},{\"@type\":\"BreadcrumbList\",\"@id\":\"https:\/\/xstyle.md\/product\/termos-zojirushi-sf-cs13ha-1-3l\/#breadcrumb\",\"itemListElement\":[{\"@type\":\"ListItem\",\"position\":1,\"name\":\"\u0413\u043b\u0430\u0432\u043d\u0430\u044f \u0441\u0442\u0440\u0430\u043d\u0438\u0446\u0430\",\"item\":\"https:\/\/xstyle.md\/\"},{\"@type\":\"ListItem\",\"position\":2,\"name\":\"\u041c\u0430\u0433\u0430\u0437\u0438\u043d\",\"item\":\"https:\/\/xstyle.md\/shop\/\"},{\"@type\":\"ListItem\",\"position\":3,\"name\":\"\u0422\u0435\u0440\u043c\u043e\u0441 Zojirushi SF-C\u042113\u0425A 1.3L\"}]},{\"@type\":\"WebSite\",\"@id\":\"https:\/\/xstyle.md\/#website\",\"url\":\"https:\/\/xstyle.md\/\",\"name\":\"\u041c\u0430\u0433\u0430\u0437\u0438\u043d Xstyle\",\"description\":\"C\u043d\u0430\u0440\u044f\u0436\u0435\u043d\u0438\u0435 \u0434\u043b\u044f \u0442\u0443\u0440\u0438\u0437\u043c\u0430 \u0438 \u044d\u043a\u0441\u0442\u0440\u0435\u043c\u0430\u043b\u044c\u043d\u044b\u0445 \u0432\u0438\u0434\u043e\u0432 \u0441\u043f\u043e\u0440\u0442\u0430 \u0432 \u041c\u043e\u043b\u0434\u043e\u0432\u0435.. \u0426\u0435\u043d\u044b, \u0444\u043e\u0442\u043e, \u0445\u0430\u0440\u0430\u043a\u0442\u0435\u0440\u0438\u0441\u0442\u0438\u043a\u0438 \u0432 \u041c\u043e\u043b\u0434\u043e\u0432\u0435.\",\"publisher\":{\"@id\":\"https:\/\/xstyle.md\/#organization\"},\"alternateName\":\"X-Style\",\"potentialAction\":[{\"@type\":\"SearchAction\",\"target\":{\"@type\":\"EntryPoint\",\"urlTemplate\":\"https:\/\/xstyle.md\/?s={search_term_string}\"},\"query-input\":{\"@type\":\"PropertyValueSpecification\",\"valueRequired\":true,\"valueName\":\"search_term_string\"}}],\"inLanguage\":\"ro-RO\"},{\"@type\":\"Organization\",\"@id\":\"https:\/\/xstyle.md\/#organization\",\"name\":\"\u041c\u0430\u0433\u0430\u0437\u0438\u043d Xstyle\",\"alternateName\":\"x-style\",\"url\":\"https:\/\/xstyle.md\/\",\"logo\":{\"@type\":\"ImageObject\",\"inLanguage\":\"ro-RO\",\"@id\":\"https:\/\/xstyle.md\/#\/schema\/logo\/image\/\",\"url\":\"https:\/\/xstyle.md\/wp-content\/uploads\/2020\/06\/logoicon.svg\",\"contentUrl\":\"https:\/\/xstyle.md\/wp-content\/uploads\/2020\/06\/logoicon.svg\",\"caption\":\"\u041c\u0430\u0433\u0430\u0437\u0438\u043d Xstyle\"},\"image\":{\"@id\":\"https:\/\/xstyle.md\/#\/schema\/logo\/image\/\"},\"sameAs\":[\"https:\/\/www.facebook.com\/xstylemd\",\"https:\/\/www.instagram.com\/xstyle_md\/\",\"https:\/\/t.me\/xstyle_outdoor\"],\"hasMerchantReturnPolicy\":{\"@type\":\"MerchantReturnPolicy\",\"merchantReturnLink\":\"https:\/\/xstyle.md\/ro\/conditions\/\"}}]}<\/script>\n<meta property=\"product:price:amount\" content=\"1290.00\" \/>\n<meta property=\"product:price:currency\" content=\"MDL\" \/>\n<meta property=\"og:availability\" content=\"instock\" \/>\n<meta property=\"product:availability\" content=\"instock\" \/>\n<meta property=\"product:retailer_item_id\" content=\"4974305196101\" \/>\n<meta property=\"product:condition\" content=\"new\" \/>\n<!-- \/ Yoast SEO plugin. -->","yoast_head_json":{"title":"\u0422\u0435\u0440\u043c\u043e\u0441 Zojirushi SF-C\u042113\u0425A 1.3L - \u041c\u0430\u0433\u0430\u0437\u0438\u043d Xstyle","description":"Cump\u0103ra\u021bi termosul Zojirushi SF-C\u042113\u0425A 1.3L cu un strat de izolare care nu se \u00eenc\u0103lze\u0219te. Men\u021bine c\u0103ldura p\u00e2n\u0103 la 70 de ore, fiind ideal pentru c\u0103l\u0103torii \u0219i activit\u0103\u021bi \u00een aer liber.","robots":{"index":"index","follow":"follow","max-snippet":"max-snippet:-1","max-image-preview":"max-image-preview:large","max-video-preview":"max-video-preview:-1"},"canonical":"https:\/\/xstyle.md\/ro\/produs\/termos-zojirushi-sf-cs13ha-1-3l\/","og_locale":"ro_RO","og_type":"article","og_title":"\u0422\u0435\u0440\u043c\u043e\u0441 Zojirushi SF-C\u042113\u0425A 1.3L - \u041c\u0430\u0433\u0430\u0437\u0438\u043d Xstyle","og_description":"\u041a\u0443\u043f\u0438\u0442\u0435 \u0442\u0435\u0440\u043c\u043e\u0441 Zojirushi SF-C\u042113\u0425A 1.3L \u0441 \u043d\u0435\u043d\u0430\u0433\u0440\u0435\u0432\u0430\u044e\u0449\u0438\u043c \u043f\u043e\u043a\u0440\u044b\u0442\u0438\u0435\u043c. \u0423\u0434\u0435\u0440\u0436\u0438\u0432\u0430\u0435\u0442 \u0442\u0435\u043f\u043b\u043e \u0434\u043e 70 \u0447\u0430\u0441\u043e\u0432, \u0438\u0434\u0435\u0430\u043b\u0435\u043d \u0434\u043b\u044f \u043f\u0443\u0442\u0435\u0448\u0435\u0441\u0442\u0432\u0438\u0439 \u0438 \u0430\u043a\u0442\u0438\u0432\u043d\u043e\u0433\u043e \u043e\u0442\u0434\u044b\u0445\u0430.","og_url":"https:\/\/xstyle.md\/ro\/produs\/termos-zojirushi-sf-cs13ha-1-3l\/","og_site_name":"\u041c\u0430\u0433\u0430\u0437\u0438\u043d Xstyle","article_publisher":"https:\/\/www.facebook.com\/xstylemd","article_modified_time":"2026-02-06T15:20:32+00:00","og_image":[{"width":600,"height":600,"url":"https:\/\/xstyle.md\/wp-content\/uploads\/2021\/12\/zojirushi-sf-cs13ha-1.3l.jpg","type":"image\/jpeg"}],"twitter_card":"summary_large_image","twitter_misc":{"Pre\u021b":"1.290&nbsp;MDL","Disponibilitate":"\u00cen stoc"},"schema":{"@context":"https:\/\/schema.org","@graph":[{"@type":"WebPage","@id":"https:\/\/xstyle.md\/product\/termos-zojirushi-sf-cs13ha-1-3l\/","url":"https:\/\/xstyle.md\/product\/termos-zojirushi-sf-cs13ha-1-3l\/","name":"\u0422\u0435\u0440\u043c\u043e\u0441 Zojirushi SF-C\u042113\u0425A 1.3L - \u041c\u0430\u0433\u0430\u0437\u0438\u043d Xstyle","isPartOf":{"@id":"https:\/\/xstyle.md\/#website"},"primaryImageOfPage":{"@id":"https:\/\/xstyle.md\/product\/termos-zojirushi-sf-cs13ha-1-3l\/#primaryimage"},"image":{"@id":"https:\/\/xstyle.md\/product\/termos-zojirushi-sf-cs13ha-1-3l\/#primaryimage"},"thumbnailUrl":"https:\/\/xstyle.md\/wp-content\/uploads\/2021\/12\/zojirushi-sf-cs13ha-1.3l.jpg","datePublished":"2021-12-08T16:03:01+00:00","dateModified":"2026-02-06T15:20:32+00:00","description":"Cump\u0103ra\u021bi termosul Zojirushi SF-C\u042113\u0425A 1.3L cu un strat de izolare care nu se \u00eenc\u0103lze\u0219te. Men\u021bine c\u0103ldura p\u00e2n\u0103 la 70 de ore, fiind ideal pentru c\u0103l\u0103torii \u0219i activit\u0103\u021bi \u00een aer liber.","breadcrumb":{"@id":"https:\/\/xstyle.md\/product\/termos-zojirushi-sf-cs13ha-1-3l\/#breadcrumb"},"inLanguage":"ro-RO","potentialAction":[{"@type":"ReadAction","target":["https:\/\/xstyle.md\/product\/termos-zojirushi-sf-cs13ha-1-3l\/"]}]},{"@type":"ImageObject","inLanguage":"ro-RO","@id":"https:\/\/xstyle.md\/product\/termos-zojirushi-sf-cs13ha-1-3l\/#primaryimage","url":"https:\/\/xstyle.md\/wp-content\/uploads\/2021\/12\/zojirushi-sf-cs13ha-1.3l.jpg","contentUrl":"https:\/\/xstyle.md\/wp-content\/uploads\/2021\/12\/zojirushi-sf-cs13ha-1.3l.jpg","width":600,"height":600,"caption":"\u0422\u0435\u0440\u043c\u043e\u0441 Zojirushi SF-C\u042113\u0425A 1.3\u041b \u0434\u043b\u044f \u0430\u043a\u0442\u0438\u0432\u043d\u043e\u0433\u043e \u043e\u0442\u0434\u044b\u0445\u0430 \u043f\u043e\u0445\u043e\u0434\u043e\u0432 \u043f\u0443\u0442\u0435\u0448\u0435\u0441\u0442\u0432\u0438\u0439 \u0442\u043e\u0432\u0430\u0440\u044b \u0434\u043b\u044f \u0441\u043f\u043e\u0440\u0442\u0438\u0432\u043d\u043e\u0439 \u043e\u0434\u0435\u0436\u0434\u044b \u043e\u0431\u0443\u0432\u0438 \u0438 \u0441\u043d\u0430\u0440\u044f\u0436\u0435\u043d\u0438\u044f \u0432 \u0438\u043d\u0442\u0435\u0440\u043d\u0435\u0442-\u043c\u0430\u0433\u0430\u0437\u0438\u043d\u0435"},{"@type":"BreadcrumbList","@id":"https:\/\/xstyle.md\/product\/termos-zojirushi-sf-cs13ha-1-3l\/#breadcrumb","itemListElement":[{"@type":"ListItem","position":1,"name":"\u0413\u043b\u0430\u0432\u043d\u0430\u044f \u0441\u0442\u0440\u0430\u043d\u0438\u0446\u0430","item":"https:\/\/xstyle.md\/"},{"@type":"ListItem","position":2,"name":"\u041c\u0430\u0433\u0430\u0437\u0438\u043d","item":"https:\/\/xstyle.md\/shop\/"},{"@type":"ListItem","position":3,"name":"\u0422\u0435\u0440\u043c\u043e\u0441 Zojirushi SF-C\u042113\u0425A 1.3L"}]},{"@type":"WebSite","@id":"https:\/\/xstyle.md\/#website","url":"https:\/\/xstyle.md\/","name":"Magazinul X-Style","description":"Echipamente pentru turism \u0219i sporturi extreme \u00een Moldova. Pre\u021buri, fotografii, caracteristici \u00een Moldova.","publisher":{"@id":"https:\/\/xstyle.md\/#organization"},"alternateName":"X-Style","potentialAction":[{"@type":"SearchAction","target":{"@type":"EntryPoint","urlTemplate":"https:\/\/xstyle.md\/?s={search_term_string}"},"query-input":{"@type":"PropertyValueSpecification","valueRequired":true,"valueName":"search_term_string"}}],"inLanguage":"ro-RO"},{"@type":"Organization","@id":"https:\/\/xstyle.md\/#organization","name":"Magazinul X-Style","alternateName":"x-style","url":"https:\/\/xstyle.md\/","logo":{"@type":"ImageObject","inLanguage":"ro-RO","@id":"https:\/\/xstyle.md\/#\/schema\/logo\/image\/","url":"https:\/\/xstyle.md\/wp-content\/uploads\/2020\/06\/logoicon.svg","contentUrl":"https:\/\/xstyle.md\/wp-content\/uploads\/2020\/06\/logoicon.svg","caption":"\u041c\u0430\u0433\u0430\u0437\u0438\u043d Xstyle"},"image":{"@id":"https:\/\/xstyle.md\/#\/schema\/logo\/image\/"},"sameAs":["https:\/\/www.facebook.com\/xstylemd","https:\/\/www.instagram.com\/xstyle_md\/","https:\/\/t.me\/xstyle_outdoor"],"hasMerchantReturnPolicy":{"@type":"MerchantReturnPolicy","merchantReturnLink":"https:\/\/xstyle.md\/ro\/conditions\/"}}]},"product_price_amount":"1290.00","product_price_currency":"MDL","og_availability":"instock","product_availability":"instock","product_retailer_item_id":"4974305196101","product_condition":"new"},"post_mailing_queue_ids":[],"_links":{"self":[{"href":"https:\/\/xstyle.md\/ro\/wp-json\/wp\/v2\/product\/42883","targetHints":{"allow":["GET"]}}],"collection":[{"href":"https:\/\/xstyle.md\/ro\/wp-json\/wp\/v2\/product"}],"about":[{"href":"https:\/\/xstyle.md\/ro\/wp-json\/wp\/v2\/types\/product"}],"replies":[{"embeddable":true,"href":"https:\/\/xstyle.md\/ro\/wp-json\/wp\/v2\/comments?post=42883"}],"wp:featuredmedia":[{"embeddable":true,"href":"https:\/\/xstyle.md\/ro\/wp-json\/wp\/v2\/media\/42981"}],"wp:attachment":[{"href":"https:\/\/xstyle.md\/ro\/wp-json\/wp\/v2\/media?parent=42883"}],"wp:term":[{"taxonomy":"product_brand","embeddable":true,"href":"https:\/\/xstyle.md\/ro\/wp-json\/wp\/v2\/product_brand?post=42883"},{"taxonomy":"product_cat","embeddable":true,"href":"https:\/\/xstyle.md\/ro\/wp-json\/wp\/v2\/product_cat?post=42883"},{"taxonomy":"product_tag","embeddable":true,"href":"https:\/\/xstyle.md\/ro\/wp-json\/wp\/v2\/product_tag?post=42883"}],"curies":[{"name":"wp","href":"https:\/\/api.w.org\/{rel}","templated":true}]}}