{"id":42808,"date":"2021-12-08T19:02:49","date_gmt":"2021-12-08T16:02:49","guid":{"rendered":"https:\/\/xstyle.md\/?post_type=product&#038;p=42808"},"modified":"2025-08-25T00:04:47","modified_gmt":"2025-08-24T21:04:47","slug":"chehol-dlya-topora-bison-1879-beil","status":"publish","type":"product","link":"https:\/\/xstyle.md\/ro\/produs\/chehol-dlya-topora-bison-1879-beil\/","title":{"rendered":"Husa pentru topor Bison 1879 Beil"},"content":{"rendered":"<\/p>\n<p><strong>Husa pentru topor Bison 1879 Beil<\/strong> &#8212; este un dispozitiv de protec\u021bie de \u00eenalt\u0103 calitate, fabricat din piele de vac\u0103 natural\u0103 de calitate superioar\u0103.<\/p>\n<h3>Marca<\/h3>\n<p>Marca german\u0103 Bison 1879 creeaz\u0103 de peste un secol unelte fiabile \u0219i de calitate pentru v\u00e2n\u0103toare, drume\u021bii \u0219i gr\u0103din\u0103rit. Istoria companiei dateaz\u0103 din Saxonia, din tradi\u021bia de familie a maestrului fierar Moritz Trepte, care \u0219i-a \u00eemp\u0103rt\u0103\u0219it expertiza cu fiii s\u0103i. Toate produsele sunt forjate manual de la \u00eenfiin\u021barea companiei \u0219i p\u00e2n\u0103 \u00een prezent. Acest proces \u00eendelungat \u0219i intensiv de munc\u0103 se r\u0103spl\u0103te\u0219te \u00een fiabilitate, deoarece toat\u0103 lumea \u0219tie c\u0103 o\u021belul forjat este mult mai rezistent dec\u00e2t o\u021belul turnat obi\u0219nuit. Astfel de topoare r\u0103m\u00e2n ascu\u021bite \u0219i ascu\u021bite pentru o perioad\u0103 lung\u0103 de timp.<\/p>\n<p>Imprimate ca o \u0219tan\u021bare tradi\u021bional\u0103 \u00eenseamn\u0103 unelte manuale excelente de \u00eenalt\u0103 calitate, pe care BISON le produce din 1879. Ast\u0103zi, BISON este sinonim\u0103 cu uneltele de \u00eenalt\u0103 calitate \u0219i cu m\u0103iestria artizanal\u0103, iar atunci c\u00e2nd le folosi\u021bi, aceast\u0103 mo\u0219tenire este foarte clar\u0103.<\/p>\n<p><\/p>","protected":false},"excerpt":{"rendered":"","protected":false},"featured_media":46990,"comment_status":"open","ping_status":"closed","template":"","meta":{"_acf_changed":false,"inline_featured_image":false},"product_brand":[1428],"product_cat":[357],"product_tag":[],"class_list":{"0":"post-42808","1":"product","2":"type-product","3":"status-publish","4":"has-post-thumbnail","6":"product_brand-bison","7":"product_cat-instrumenti","9":"first","10":"instock","11":"shipping-taxable","12":"purchasable","13":"product-type-simple"},"acf":[],"yoast_head":"<!-- This site is optimized with the Yoast SEO plugin v27.4 - https:\/\/yoast.com\/product\/yoast-seo-wordpress\/ -->\n<title>\u0427\u0435\u0445\u043e\u043b \u0434\u043b\u044f \u0442\u043e\u043f\u043e\u0440\u0430 Bison 1879 Beil - \u041c\u0430\u0433\u0430\u0437\u0438\u043d Xstyle<\/title>\n<meta name=\"description\" content=\"\u0427\u0435\u0445\u043e\u043b \u0434\u043b\u044f \u0442\u043e\u043f\u043e\u0440\u0430 Bison 1879 Beil \u0438\u0437 \u0432\u044b\u0441\u043e\u043a\u043e\u043a\u0430\u0447\u0435\u0441\u0442\u0432\u0435\u043d\u043d\u043e\u0439 \u043d\u0430\u0442\u0443\u0440\u0430\u043b\u044c\u043d\u043e\u0439 \u043a\u043e\u0436\u0438 \u0437\u0430\u0449\u0438\u0442\u0438\u0442 \u0432\u0430\u0448\u0435 \u043e\u0440\u0443\u0434\u0438\u0435. \u041d\u0430\u0434\u0435\u0436\u043d\u043e\u0441\u0442\u044c \u0438 \u0442\u0440\u0430\u0434\u0438\u0446\u0438\u0438 \u043d\u0435\u043c\u0435\u0446\u043a\u043e\u0433\u043e \u0431\u0440\u0435\u043d\u0434\u0430 Bison 1879.\" \/>\n<meta name=\"robots\" content=\"index, follow, max-snippet:-1, max-image-preview:large, max-video-preview:-1\" \/>\n<link rel=\"canonical\" href=\"https:\/\/xstyle.md\/ro\/produs\/chehol-dlya-topora-bison-1879-beil\/\" \/>\n<meta property=\"og:locale\" content=\"ro_RO\" \/>\n<meta property=\"og:type\" content=\"article\" \/>\n<meta property=\"og:title\" content=\"\u0427\u0435\u0445\u043e\u043b \u0434\u043b\u044f \u0442\u043e\u043f\u043e\u0440\u0430 Bison 1879 Beil - \u041c\u0430\u0433\u0430\u0437\u0438\u043d Xstyle\" \/>\n<meta property=\"og:description\" content=\"\u0427\u0435\u0445\u043e\u043b \u0434\u043b\u044f \u0442\u043e\u043f\u043e\u0440\u0430 Bison 1879 Beil \u0438\u0437 \u0432\u044b\u0441\u043e\u043a\u043e\u043a\u0430\u0447\u0435\u0441\u0442\u0432\u0435\u043d\u043d\u043e\u0439 \u043d\u0430\u0442\u0443\u0440\u0430\u043b\u044c\u043d\u043e\u0439 \u043a\u043e\u0436\u0438 \u0437\u0430\u0449\u0438\u0442\u0438\u0442 \u0432\u0430\u0448\u0435 \u043e\u0440\u0443\u0434\u0438\u0435. \u041d\u0430\u0434\u0435\u0436\u043d\u043e\u0441\u0442\u044c \u0438 \u0442\u0440\u0430\u0434\u0438\u0446\u0438\u0438 \u043d\u0435\u043c\u0435\u0446\u043a\u043e\u0433\u043e \u0431\u0440\u0435\u043d\u0434\u0430 Bison 1879.\" \/>\n<meta property=\"og:url\" content=\"https:\/\/xstyle.md\/ro\/produs\/chehol-dlya-topora-bison-1879-beil\/\" \/>\n<meta property=\"og:site_name\" content=\"\u041c\u0430\u0433\u0430\u0437\u0438\u043d Xstyle\" \/>\n<meta property=\"article:publisher\" content=\"https:\/\/www.facebook.com\/xstylemd\" \/>\n<meta property=\"article:modified_time\" content=\"2025-08-24T21:04:47+00:00\" \/>\n<meta property=\"og:image\" content=\"https:\/\/xstyle.md\/wp-content\/uploads\/2021\/12\/chehol-dlya-topora-bison-1879-beil.jpg\" \/>\n\t<meta property=\"og:image:width\" content=\"1200\" \/>\n\t<meta property=\"og:image:height\" content=\"1196\" \/>\n\t<meta property=\"og:image:type\" content=\"image\/jpeg\" \/>\n<meta name=\"twitter:card\" content=\"summary_large_image\" \/>\n<meta name=\"twitter:label1\" content=\"Pre\u021b\" \/>\n\t<meta name=\"twitter:data1\" content=\"670&nbsp;MDL\" \/>\n\t<meta name=\"twitter:label2\" content=\"Disponibilitate\" \/>\n\t<meta name=\"twitter:data2\" content=\"\u00cen stoc\" \/>\n<script type=\"application\/ld+json\" class=\"yoast-schema-graph\">{\"@context\":\"https:\\\/\\\/schema.org\",\"@graph\":[{\"@type\":\"WebPage\",\"@id\":\"https:\\\/\\\/xstyle.md\\\/product\\\/chehol-dlya-topora-bison-1879-beil\\\/\",\"url\":\"https:\\\/\\\/xstyle.md\\\/product\\\/chehol-dlya-topora-bison-1879-beil\\\/\",\"name\":\"\u0427\u0435\u0445\u043e\u043b \u0434\u043b\u044f \u0442\u043e\u043f\u043e\u0440\u0430 Bison 1879 Beil - \u041c\u0430\u0433\u0430\u0437\u0438\u043d Xstyle\",\"isPartOf\":{\"@id\":\"https:\\\/\\\/xstyle.md\\\/#website\"},\"primaryImageOfPage\":{\"@id\":\"https:\\\/\\\/xstyle.md\\\/product\\\/chehol-dlya-topora-bison-1879-beil\\\/#primaryimage\"},\"image\":{\"@id\":\"https:\\\/\\\/xstyle.md\\\/product\\\/chehol-dlya-topora-bison-1879-beil\\\/#primaryimage\"},\"thumbnailUrl\":\"https:\\\/\\\/xstyle.md\\\/wp-content\\\/uploads\\\/2021\\\/12\\\/chehol-dlya-topora-bison-1879-beil.jpg\",\"datePublished\":\"2021-12-08T16:02:49+00:00\",\"dateModified\":\"2025-08-24T21:04:47+00:00\",\"description\":\"\u0427\u0435\u0445\u043e\u043b \u0434\u043b\u044f \u0442\u043e\u043f\u043e\u0440\u0430 Bison 1879 Beil \u0438\u0437 \u0432\u044b\u0441\u043e\u043a\u043e\u043a\u0430\u0447\u0435\u0441\u0442\u0432\u0435\u043d\u043d\u043e\u0439 \u043d\u0430\u0442\u0443\u0440\u0430\u043b\u044c\u043d\u043e\u0439 \u043a\u043e\u0436\u0438 \u0437\u0430\u0449\u0438\u0442\u0438\u0442 \u0432\u0430\u0448\u0435 \u043e\u0440\u0443\u0434\u0438\u0435. \u041d\u0430\u0434\u0435\u0436\u043d\u043e\u0441\u0442\u044c \u0438 \u0442\u0440\u0430\u0434\u0438\u0446\u0438\u0438 \u043d\u0435\u043c\u0435\u0446\u043a\u043e\u0433\u043e \u0431\u0440\u0435\u043d\u0434\u0430 Bison 1879.\",\"breadcrumb\":{\"@id\":\"https:\\\/\\\/xstyle.md\\\/product\\\/chehol-dlya-topora-bison-1879-beil\\\/#breadcrumb\"},\"inLanguage\":\"ro-RO\",\"potentialAction\":[{\"@type\":\"ReadAction\",\"target\":[\"https:\\\/\\\/xstyle.md\\\/product\\\/chehol-dlya-topora-bison-1879-beil\\\/\"]}]},{\"@type\":\"ImageObject\",\"inLanguage\":\"ro-RO\",\"@id\":\"https:\\\/\\\/xstyle.md\\\/product\\\/chehol-dlya-topora-bison-1879-beil\\\/#primaryimage\",\"url\":\"https:\\\/\\\/xstyle.md\\\/wp-content\\\/uploads\\\/2021\\\/12\\\/chehol-dlya-topora-bison-1879-beil.jpg\",\"contentUrl\":\"https:\\\/\\\/xstyle.md\\\/wp-content\\\/uploads\\\/2021\\\/12\\\/chehol-dlya-topora-bison-1879-beil.jpg\",\"width\":1200,\"height\":1196,\"caption\":\"\u0427\u0435\u0445\u043e\u043b \u0434\u043b\u044f \u0442\u043e\u043f\u043e\u0440\u0430 Bison 1879 Beil \u0434\u043b\u044f \u0430\u043a\u0442\u0438\u0432\u043d\u043e\u0439 \u0436\u0438\u0437\u043d\u0438, \u0442\u0443\u0440\u0438\u0441\u0442\u0438\u0447\u0435\u0441\u043a\u043e\u0439 \u044d\u043a\u0438\u043f\u0438\u0440\u043e\u0432\u043a\u0438, \u043f\u043e\u0445\u043e\u0434\u043d\u043e\u0439 \u043e\u0434\u0435\u0436\u0434\u044b \u0438 \u043e\u0431\u0443\u0432\u0438 \u0434\u043b\u044f \u0430\u043b\u044c\u043f\u0438\u043d\u0438\u0437\u043c\u0430, \u043f\u0443\u0442\u0435\u0448\u0435\u0441\u0442\u0432\u0438\u0439 \u0438 \u0433\u043e\u0440\u043d\u044b\u0445 \u043f\u0440\u0438\u043a\u043b\u044e\u0447\u0435\u043d\u0438\u0439\"},{\"@type\":\"BreadcrumbList\",\"@id\":\"https:\\\/\\\/xstyle.md\\\/product\\\/chehol-dlya-topora-bison-1879-beil\\\/#breadcrumb\",\"itemListElement\":[{\"@type\":\"ListItem\",\"position\":1,\"name\":\"\u0413\u043b\u0430\u0432\u043d\u0430\u044f \u0441\u0442\u0440\u0430\u043d\u0438\u0446\u0430\",\"item\":\"https:\\\/\\\/xstyle.md\\\/\"},{\"@type\":\"ListItem\",\"position\":2,\"name\":\"\u041c\u0430\u0433\u0430\u0437\u0438\u043d\",\"item\":\"https:\\\/\\\/xstyle.md\\\/shop\\\/\"},{\"@type\":\"ListItem\",\"position\":3,\"name\":\"\u0427\u0435\u0445\u043e\u043b \u0434\u043b\u044f \u0442\u043e\u043f\u043e\u0440\u0430 Bison 1879 Beil\"}]},{\"@type\":\"WebSite\",\"@id\":\"https:\\\/\\\/xstyle.md\\\/#website\",\"url\":\"https:\\\/\\\/xstyle.md\\\/\",\"name\":\"\u041c\u0430\u0433\u0430\u0437\u0438\u043d Xstyle\",\"description\":\"C\u043d\u0430\u0440\u044f\u0436\u0435\u043d\u0438\u0435 \u0434\u043b\u044f \u0442\u0443\u0440\u0438\u0437\u043c\u0430 \u0438 \u044d\u043a\u0441\u0442\u0440\u0435\u043c\u0430\u043b\u044c\u043d\u044b\u0445 \u0432\u0438\u0434\u043e\u0432 \u0441\u043f\u043e\u0440\u0442\u0430 \u0432 \u041c\u043e\u043b\u0434\u043e\u0432\u0435.. \u0426\u0435\u043d\u044b, \u0444\u043e\u0442\u043e, \u0445\u0430\u0440\u0430\u043a\u0442\u0435\u0440\u0438\u0441\u0442\u0438\u043a\u0438 \u0432 \u041c\u043e\u043b\u0434\u043e\u0432\u0435.\",\"publisher\":{\"@id\":\"https:\\\/\\\/xstyle.md\\\/#organization\"},\"alternateName\":\"X-Style\",\"potentialAction\":[{\"@type\":\"SearchAction\",\"target\":{\"@type\":\"EntryPoint\",\"urlTemplate\":\"https:\\\/\\\/xstyle.md\\\/?s={search_term_string}\"},\"query-input\":{\"@type\":\"PropertyValueSpecification\",\"valueRequired\":true,\"valueName\":\"search_term_string\"}}],\"inLanguage\":\"ro-RO\"},{\"@type\":\"Organization\",\"@id\":\"https:\\\/\\\/xstyle.md\\\/#organization\",\"name\":\"\u041c\u0430\u0433\u0430\u0437\u0438\u043d Xstyle\",\"alternateName\":\"x-style\",\"url\":\"https:\\\/\\\/xstyle.md\\\/\",\"logo\":{\"@type\":\"ImageObject\",\"inLanguage\":\"ro-RO\",\"@id\":\"https:\\\/\\\/xstyle.md\\\/#\\\/schema\\\/logo\\\/image\\\/\",\"url\":\"https:\\\/\\\/xstyle.md\\\/wp-content\\\/uploads\\\/2020\\\/06\\\/logoicon.svg\",\"contentUrl\":\"https:\\\/\\\/xstyle.md\\\/wp-content\\\/uploads\\\/2020\\\/06\\\/logoicon.svg\",\"caption\":\"\u041c\u0430\u0433\u0430\u0437\u0438\u043d Xstyle\"},\"image\":{\"@id\":\"https:\\\/\\\/xstyle.md\\\/#\\\/schema\\\/logo\\\/image\\\/\"},\"sameAs\":[\"https:\\\/\\\/www.facebook.com\\\/xstylemd\",\"https:\\\/\\\/www.instagram.com\\\/xstyle_md\\\/\",\"https:\\\/\\\/t.me\\\/xstyle_outdoor\"],\"hasMerchantReturnPolicy\":{\"@type\":\"MerchantReturnPolicy\",\"merchantReturnLink\":\"https:\\\/\\\/xstyle.md\\\/ro\\\/conditions\\\/\"}}]}<\/script>\n<meta property=\"product:price:amount\" content=\"670.00\" \/>\n<meta property=\"product:price:currency\" content=\"MDL\" \/>\n<meta property=\"og:availability\" content=\"instock\" \/>\n<meta property=\"product:availability\" content=\"instock\" \/>\n<meta property=\"product:retailer_item_id\" content=\"4051527105323\" \/>\n<meta property=\"product:condition\" content=\"new\" \/>\n<!-- \/ Yoast SEO plugin. -->","yoast_head_json":{"title":"Husa pentru topor Bison 1879 Beil - Magazin Xstyle","description":"Hus\u0103 pentru topor Bison 1879 Beil din piele natural\u0103 de \u00eenalt\u0103 calitate va proteja uneltele dumneavoastr\u0103. Fiabilitatea \u0219i tradi\u021biile brandului german Bison 1879.","robots":{"index":"index","follow":"follow","max-snippet":"max-snippet:-1","max-image-preview":"max-image-preview:large","max-video-preview":"max-video-preview:-1"},"canonical":"https:\/\/xstyle.md\/ro\/produs\/chehol-dlya-topora-bison-1879-beil\/","og_locale":"ro_RO","og_type":"article","og_title":"\u0427\u0435\u0445\u043e\u043b \u0434\u043b\u044f \u0442\u043e\u043f\u043e\u0440\u0430 Bison 1879 Beil - \u041c\u0430\u0433\u0430\u0437\u0438\u043d Xstyle","og_description":"\u0427\u0435\u0445\u043e\u043b \u0434\u043b\u044f \u0442\u043e\u043f\u043e\u0440\u0430 Bison 1879 Beil \u0438\u0437 \u0432\u044b\u0441\u043e\u043a\u043e\u043a\u0430\u0447\u0435\u0441\u0442\u0432\u0435\u043d\u043d\u043e\u0439 \u043d\u0430\u0442\u0443\u0440\u0430\u043b\u044c\u043d\u043e\u0439 \u043a\u043e\u0436\u0438 \u0437\u0430\u0449\u0438\u0442\u0438\u0442 \u0432\u0430\u0448\u0435 \u043e\u0440\u0443\u0434\u0438\u0435. \u041d\u0430\u0434\u0435\u0436\u043d\u043e\u0441\u0442\u044c \u0438 \u0442\u0440\u0430\u0434\u0438\u0446\u0438\u0438 \u043d\u0435\u043c\u0435\u0446\u043a\u043e\u0433\u043e \u0431\u0440\u0435\u043d\u0434\u0430 Bison 1879.","og_url":"https:\/\/xstyle.md\/ro\/produs\/chehol-dlya-topora-bison-1879-beil\/","og_site_name":"\u041c\u0430\u0433\u0430\u0437\u0438\u043d Xstyle","article_publisher":"https:\/\/www.facebook.com\/xstylemd","article_modified_time":"2025-08-24T21:04:47+00:00","og_image":[{"width":1200,"height":1196,"url":"https:\/\/xstyle.md\/wp-content\/uploads\/2021\/12\/chehol-dlya-topora-bison-1879-beil.jpg","type":"image\/jpeg"}],"twitter_card":"summary_large_image","twitter_misc":{"Pre\u021b":"670&nbsp;MDL","Disponibilitate":"\u00cen stoc"},"schema":{"@context":"https:\/\/schema.org","@graph":[{"@type":"WebPage","@id":"https:\/\/xstyle.md\/product\/chehol-dlya-topora-bison-1879-beil\/","url":"https:\/\/xstyle.md\/product\/chehol-dlya-topora-bison-1879-beil\/","name":"Husa pentru topor Bison 1879 Beil - Magazin Xstyle","isPartOf":{"@id":"https:\/\/xstyle.md\/#website"},"primaryImageOfPage":{"@id":"https:\/\/xstyle.md\/product\/chehol-dlya-topora-bison-1879-beil\/#primaryimage"},"image":{"@id":"https:\/\/xstyle.md\/product\/chehol-dlya-topora-bison-1879-beil\/#primaryimage"},"thumbnailUrl":"https:\/\/xstyle.md\/wp-content\/uploads\/2021\/12\/chehol-dlya-topora-bison-1879-beil.jpg","datePublished":"2021-12-08T16:02:49+00:00","dateModified":"2025-08-24T21:04:47+00:00","description":"Hus\u0103 pentru topor Bison 1879 Beil din piele natural\u0103 de \u00eenalt\u0103 calitate va proteja uneltele dumneavoastr\u0103. Fiabilitatea \u0219i tradi\u021biile brandului german Bison 1879.","breadcrumb":{"@id":"https:\/\/xstyle.md\/product\/chehol-dlya-topora-bison-1879-beil\/#breadcrumb"},"inLanguage":"ro-RO","potentialAction":[{"@type":"ReadAction","target":["https:\/\/xstyle.md\/product\/chehol-dlya-topora-bison-1879-beil\/"]}]},{"@type":"ImageObject","inLanguage":"ro-RO","@id":"https:\/\/xstyle.md\/product\/chehol-dlya-topora-bison-1879-beil\/#primaryimage","url":"https:\/\/xstyle.md\/wp-content\/uploads\/2021\/12\/chehol-dlya-topora-bison-1879-beil.jpg","contentUrl":"https:\/\/xstyle.md\/wp-content\/uploads\/2021\/12\/chehol-dlya-topora-bison-1879-beil.jpg","width":1200,"height":1196,"caption":"\u0427\u0435\u0445\u043e\u043b \u0434\u043b\u044f \u0442\u043e\u043f\u043e\u0440\u0430 Bison 1879 Beil \u0434\u043b\u044f \u0430\u043a\u0442\u0438\u0432\u043d\u043e\u0439 \u0436\u0438\u0437\u043d\u0438, \u0442\u0443\u0440\u0438\u0441\u0442\u0438\u0447\u0435\u0441\u043a\u043e\u0439 \u044d\u043a\u0438\u043f\u0438\u0440\u043e\u0432\u043a\u0438, \u043f\u043e\u0445\u043e\u0434\u043d\u043e\u0439 \u043e\u0434\u0435\u0436\u0434\u044b \u0438 \u043e\u0431\u0443\u0432\u0438 \u0434\u043b\u044f \u0430\u043b\u044c\u043f\u0438\u043d\u0438\u0437\u043c\u0430, \u043f\u0443\u0442\u0435\u0448\u0435\u0441\u0442\u0432\u0438\u0439 \u0438 \u0433\u043e\u0440\u043d\u044b\u0445 \u043f\u0440\u0438\u043a\u043b\u044e\u0447\u0435\u043d\u0438\u0439"},{"@type":"BreadcrumbList","@id":"https:\/\/xstyle.md\/product\/chehol-dlya-topora-bison-1879-beil\/#breadcrumb","itemListElement":[{"@type":"ListItem","position":1,"name":"\u0413\u043b\u0430\u0432\u043d\u0430\u044f \u0441\u0442\u0440\u0430\u043d\u0438\u0446\u0430","item":"https:\/\/xstyle.md\/"},{"@type":"ListItem","position":2,"name":"\u041c\u0430\u0433\u0430\u0437\u0438\u043d","item":"https:\/\/xstyle.md\/shop\/"},{"@type":"ListItem","position":3,"name":"\u0427\u0435\u0445\u043e\u043b \u0434\u043b\u044f \u0442\u043e\u043f\u043e\u0440\u0430 Bison 1879 Beil"}]},{"@type":"WebSite","@id":"https:\/\/xstyle.md\/#website","url":"https:\/\/xstyle.md\/","name":"Magazinul X-Style","description":"Echipamente pentru turism \u0219i sporturi extreme \u00een Moldova. Pre\u021buri, fotografii, caracteristici \u00een Moldova.","publisher":{"@id":"https:\/\/xstyle.md\/#organization"},"alternateName":"X-Style","potentialAction":[{"@type":"SearchAction","target":{"@type":"EntryPoint","urlTemplate":"https:\/\/xstyle.md\/?s={search_term_string}"},"query-input":{"@type":"PropertyValueSpecification","valueRequired":true,"valueName":"search_term_string"}}],"inLanguage":"ro-RO"},{"@type":"Organization","@id":"https:\/\/xstyle.md\/#organization","name":"Magazinul X-Style","alternateName":"x-style","url":"https:\/\/xstyle.md\/","logo":{"@type":"ImageObject","inLanguage":"ro-RO","@id":"https:\/\/xstyle.md\/#\/schema\/logo\/image\/","url":"https:\/\/xstyle.md\/wp-content\/uploads\/2020\/06\/logoicon.svg","contentUrl":"https:\/\/xstyle.md\/wp-content\/uploads\/2020\/06\/logoicon.svg","caption":"\u041c\u0430\u0433\u0430\u0437\u0438\u043d Xstyle"},"image":{"@id":"https:\/\/xstyle.md\/#\/schema\/logo\/image\/"},"sameAs":["https:\/\/www.facebook.com\/xstylemd","https:\/\/www.instagram.com\/xstyle_md\/","https:\/\/t.me\/xstyle_outdoor"],"hasMerchantReturnPolicy":{"@type":"MerchantReturnPolicy","merchantReturnLink":"https:\/\/xstyle.md\/ro\/conditions\/"}}]},"product_price_amount":"670.00","product_price_currency":"MDL","og_availability":"instock","product_availability":"instock","product_retailer_item_id":"4051527105323","product_condition":"new"},"_links":{"self":[{"href":"https:\/\/xstyle.md\/ro\/wp-json\/wp\/v2\/product\/42808","targetHints":{"allow":["GET"]}}],"collection":[{"href":"https:\/\/xstyle.md\/ro\/wp-json\/wp\/v2\/product"}],"about":[{"href":"https:\/\/xstyle.md\/ro\/wp-json\/wp\/v2\/types\/product"}],"replies":[{"embeddable":true,"href":"https:\/\/xstyle.md\/ro\/wp-json\/wp\/v2\/comments?post=42808"}],"wp:featuredmedia":[{"embeddable":true,"href":"https:\/\/xstyle.md\/ro\/wp-json\/wp\/v2\/media\/46990"}],"wp:attachment":[{"href":"https:\/\/xstyle.md\/ro\/wp-json\/wp\/v2\/media?parent=42808"}],"wp:term":[{"taxonomy":"product_brand","embeddable":true,"href":"https:\/\/xstyle.md\/ro\/wp-json\/wp\/v2\/product_brand?post=42808"},{"taxonomy":"product_cat","embeddable":true,"href":"https:\/\/xstyle.md\/ro\/wp-json\/wp\/v2\/product_cat?post=42808"},{"taxonomy":"product_tag","embeddable":true,"href":"https:\/\/xstyle.md\/ro\/wp-json\/wp\/v2\/product_tag?post=42808"}],"curies":[{"name":"wp","href":"https:\/\/api.w.org\/{rel}","templated":true}]}}