{"id":42805,"date":"2021-12-08T19:02:48","date_gmt":"2021-12-08T16:02:48","guid":{"rendered":"https:\/\/xstyle.md\/?post_type=product&#038;p=42805"},"modified":"2026-03-04T12:25:58","modified_gmt":"2026-03-04T09:25:58","slug":"bryuki-reimatec-set-kinsei-jr-bright-salmon","status":"publish","type":"product","link":"https:\/\/xstyle.md\/ro\/produs\/bryuki-reimatec-set-kinsei-jr-bright-salmon\/","title":{"rendered":"Pantaloni termici Reimatec Set Kinsei JR Bright salmon"},"content":{"rendered":"<p><\/p>\n<p><strong>Reimatec Kinsei JR<\/strong> \u2013 pantaloni pentru copii dintr-un amestec extraordinar de moale de l\u00e2n\u0103 Merino \u0219i fibre Tencel.<br \/>\nMaterialul regleaz\u0103 excelent temperatura, ceea ce \u00eei face potrivi\u021bi pentru a fi purta\u021bi pe tot parcursul anului.<\/p>\n<p>Pantalonii \u00ee\u0219i p\u0103streaz\u0103 bine forma chiar \u0219i dup\u0103 mai multe sp\u0103l\u0103ri. Sunt, de asemenea, foarte pl\u0103cu\u021bi la atingere \u0219i confortabili datorit\u0103 cus\u0103turilor plate, care nu irit\u0103 pielea. Banda elastic\u0103 din talie asigur\u0103 o fixare optim\u0103 f\u0103r\u0103 a restric\u021biona mi\u0219c\u0103rile. Este strat de baz\u0103 (corp) ideal pentru orice activitate \u00een aer liber.<\/p>\n<h3>Particularit\u0103\u021bi<\/h3>\n<ul>\n<li>Mix de l\u00e2n\u0103 Merino \u0219i Tencel pentru men\u021binerea temperaturii ideale a corpului.<\/li>\n<li>Fibrele TENCEL\u00ae ofer\u0103 confort sporit \u0219i cresc rezisten\u021ba la uzur\u0103.<\/li>\n<li>Men\u021bin c\u0103ldura chiar \u0219i atunci c\u00e2nd se umezesc.<\/li>\n<li>Cus\u0103turi plate \u0219i moi care nu irit\u0103 pielea.<\/li>\n<li>Talie elastic\u0103 pentru o a\u0219ezare comod\u0103.<\/li>\n<\/ul>\n<h3>Caracteristici<\/h3>\n<ul>\n<li>Sezon &#8212; Toamn\u0103\/Iarn\u0103<\/li>\n<li>Compozi\u021bie &#8212; 72% l\u00e2n\u0103, 28% lyocell (Tencel)<\/li>\n<\/ul>\n<h3>\u00cengrijire<\/h3>\n<p>Sp\u0103la\u021bi pe dos, \u00eempreun\u0103 cu haine de culori similare. Utiliza\u021bi detergent f\u0103r\u0103 \u00een\u0103lbitori. Reda\u021bi forma ini\u021bial\u0103 a produsului c\u00e2t timp este umed. Usca\u021bi la o temperatur\u0103 sc\u0103zut\u0103.<\/p>\n<h3>Tehnologii<\/h3>\n<ul>\n<li>Fibrele<strong> TENCEL<\/strong>\u00ae se remarc\u0103 printr-o rezisten\u021b\u0103 ridicat\u0103 la uzur\u0103 \u0219i o durabilitate excelent\u0103, at\u00e2t \u00een stare uscat\u0103, c\u00e2t \u0219i umed\u0103, p\u0103str\u00e2ndu-\u0219i foarte bine forma. Acestea au un luciu discret, similar cu cel al m\u0103t\u0103sii naturale. Se vopsesc u\u0219or \u0219i nu \u00ee\u0219i pierd culoarea nici dup\u0103 sp\u0103l\u0103ri repetate; de asemenea, nu se sc\u0103mo\u0219eaz\u0103 \u0219i nu se deformeaz\u0103. Aceste fibre nu doar absorb umiditatea, ci o \u0219i evapor\u0103, prevenind astfel crearea unui mediu favorabil pentru multiplicarea bacteriilor. Sunt hipoalergenice. O alt\u0103 proprietate util\u0103 a fibrelor TENCEL\u00ae este faptul c\u0103 materialul \u201erespir\u0103\u201d, oferind o senza\u021bie de prospe\u021bime, catifelare \u0219i confort. \u021aes\u0103turile care con\u021bin fibre TENCEL\u00ae sunt rezistente, dar \u00een acela\u0219i timp u\u0219oare, sub\u021biri \u0219i fine la atingere.<br \/>\n<\/li>\n<\/ul>\n<h3>Marca<\/h3>\n<p>Reima \u2014 lider mondial \u00een produc\u021bia de \u00eembr\u0103c\u0103minte func\u021bional\u0103 \u0219i \u00eenc\u0103l\u021b\u0103minte pentru copii pentru plimb\u0103ri active pe strad\u0103 \u00een orice vreme. Este asociat cu cea mai \u00eenalt\u0103 calitate \u0219i este v\u00e2ndut \u00een multe \u021b\u0103ri din \u00eentreaga lume. Principiile fundamentale ale designului sunt: func\u021bionalitate, siguran\u021b\u0103, fiabilitate \u0219i inova\u021bie. Reima satisface nevoile copiilor activi cu \u00eembr\u0103c\u0103minte exterioar\u0103 u\u0219oar\u0103, respirabil\u0103, cu o membran\u0103 care poate fi asortat\u0103 cu lenjerie termic\u0103 \u0219i lenjerie de corp.<\/p>\n<p>Misiunea principal\u0103 a m\u0103rcii este de a \u00eencuraja copiii s\u0103 descopere bucuria mi\u0219c\u0103rii, iar ideea de afaceri este aceea de a oferi copiilor activi cu v\u00e2rsta cuprins\u0103 \u00eentre 0 \u0219i 12 ani o garderob\u0103 cuprinz\u0103toare de calitate pentru orice anotimp.<\/p>","protected":false},"excerpt":{"rendered":"<p>\u0411\u0440\u0435\u043d\u0434 Reima &#8212; \u043c\u0438\u0440\u043e\u0432\u043e\u0439 \u043b\u0438\u0434\u0435\u0440 \u043f\u043e \u043f\u0440\u043e\u0438\u0437\u0432\u043e\u0434\u0441\u0442\u0432\u0443 \u0444\u0443\u043d\u043a\u0446\u0438\u043e\u043d\u0430\u043b\u044c\u043d\u043e\u0439 \u0434\u0435\u0442\u0441\u043a\u043e\u0439 \u043e\u0434\u0435\u0436\u0434\u044b \u0438 \u043e\u0431\u0443\u0432\u0438 \u0434\u043b\u044f \u0430\u043a\u0442\u0438\u0432\u043d\u044b\u0445 \u043f\u0440\u043e\u0433\u0443\u043b\u043e\u043a \u043d\u0430 \u0443\u043b\u0438\u0446\u0435 \u043f\u0440\u0438 \u043b\u044e\u0431\u043e\u0439 \u043f\u043e\u0433\u043e\u0434\u0435. \u041e\u043d \u0430\u0441\u0441\u043e\u0446\u0438\u0438\u0440\u0443\u0435\u0442\u0441\u044f \u0441 \u0432\u044b\u0441\u043e\u0447\u0430\u0439\u0448\u0438\u043c \u043a\u0430\u0447\u0435\u0441\u0442\u0432\u043e\u043c \u0438 \u0440\u0435\u0430\u043b\u0438\u0437\u0443\u044e\u0442\u0441\u044f \u0432\u043e \u043c\u043d\u043e\u0433\u0438\u0445 \u0441\u0442\u0440\u0430\u043d\u0430\u0445 \u043c\u0438\u0440\u0430.\u00a0 \u041e\u0441\u043d\u043e\u0432\u043e\u043f\u043e\u043b\u0430\u0433\u0430\u044e\u0449\u0438\u043c\u0438 \u043f\u0440\u0438\u043d\u0446\u0438\u043f\u0430\u043c\u0438 \u0434\u0438\u0437\u0430\u0439\u043d\u0430 \u044f\u0432\u043b\u044f\u044e\u0442\u0441\u044f: \u0444\u0443\u043d\u043a\u0446\u0438\u043e\u043d\u0430\u043b\u044c\u043d\u043e\u0441\u0442\u044c, \u0431\u0435\u0437\u043e\u043f\u0430\u0441\u043d\u043e\u0441\u0442\u044c, \u043d\u0430\u0434\u0435\u0436\u043d\u043e\u0441\u0442\u044c \u0438 \u043d\u043e\u0432\u0430\u0442\u043e\u0440\u0441\u0442\u0432\u043e. Reima \u043e\u0440\u0438\u0435\u043d\u0442\u0438\u0440\u0443\u0435\u0442\u0441\u044f \u043d\u0430 \u043f\u043e\u0442\u0440\u0435\u0431\u043d\u043e\u0441\u0442\u0438 \u0430\u043a\u0442\u0438\u0432\u043d\u044b\u0445 \u0434\u0435\u0442\u0435\u0439, \u0432\u044b\u043f\u0443\u0441\u043a\u0430\u044f \u043b\u0435\u0433\u043a\u0443\u044e, \u0434\u044b\u0448\u0430\u0449\u0443\u044e \u0432\u0435\u0440\u0445\u043d\u044e\u044e \u043e\u0434\u0435\u0436\u0434\u0443 \u0441 \u043c\u0435\u043c\u0431\u0440\u0430\u043d\u043e\u0439, \u043a \u043a\u043e\u0442\u043e\u0440\u043e\u0439 [&hellip;]<\/p>\n","protected":false},"featured_media":43291,"comment_status":"open","ping_status":"closed","template":"","meta":{"_acf_changed":false,"inline_featured_image":false},"product_brand":[1403],"product_cat":[392],"product_tag":[],"class_list":{"0":"post-42805","1":"product","2":"type-product","3":"status-publish","4":"has-post-thumbnail","6":"product_brand-reima","7":"product_cat-thermals-kids","9":"first","10":"instock","11":"shipping-taxable","12":"purchasable","13":"product-type-simple"},"acf":[],"yoast_head":"<!-- This site is optimized with the Yoast SEO plugin v27.2 - https:\/\/yoast.com\/product\/yoast-seo-wordpress\/ -->\n<title>\u0411\u0440\u044e\u043a\u0438 Reimatec Set Kinsei JR Bright salmon - \u041c\u0430\u0433\u0430\u0437\u0438\u043d Xstyle<\/title>\n<meta name=\"description\" content=\"\u0411\u0440\u044e\u043a\u0438 Reimatec Set Kinsei JR Bright salmon \u2014 \u0441\u0442\u0438\u043b\u044c\u043d\u044b\u0435 \u0438 \u043a\u043e\u043c\u0444\u043e\u0440\u0442\u043d\u044b\u0435, \u0438\u0437 \u043d\u0430\u0442\u0443\u0440\u0430\u043b\u044c\u043d\u043e\u0433\u043e Tencel. \u0418\u0434\u0435\u0430\u043b\u044c\u043d\u044b \u0434\u043b\u044f \u0430\u043a\u0442\u0438\u0432\u043d\u044b\u0445 \u0434\u0435\u0442\u0435\u0439 \u043e\u0442 0 \u0434\u043e 12 \u043b\u0435\u0442.\" \/>\n<meta name=\"robots\" content=\"index, follow, max-snippet:-1, max-image-preview:large, max-video-preview:-1\" \/>\n<link rel=\"canonical\" href=\"https:\/\/xstyle.md\/ro\/produs\/bryuki-reimatec-set-kinsei-jr-bright-salmon\/\" \/>\n<meta property=\"og:locale\" content=\"ro_RO\" \/>\n<meta property=\"og:type\" content=\"article\" \/>\n<meta property=\"og:title\" content=\"\u0411\u0440\u044e\u043a\u0438 Reimatec Set Kinsei JR Bright salmon - \u041c\u0430\u0433\u0430\u0437\u0438\u043d Xstyle\" \/>\n<meta property=\"og:description\" content=\"\u0411\u0440\u044e\u043a\u0438 Reimatec Set Kinsei JR Bright salmon \u2014 \u0441\u0442\u0438\u043b\u044c\u043d\u044b\u0435 \u0438 \u043a\u043e\u043c\u0444\u043e\u0440\u0442\u043d\u044b\u0435, \u0438\u0437 \u043d\u0430\u0442\u0443\u0440\u0430\u043b\u044c\u043d\u043e\u0433\u043e Tencel. \u0418\u0434\u0435\u0430\u043b\u044c\u043d\u044b \u0434\u043b\u044f \u0430\u043a\u0442\u0438\u0432\u043d\u044b\u0445 \u0434\u0435\u0442\u0435\u0439 \u043e\u0442 0 \u0434\u043e 12 \u043b\u0435\u0442.\" \/>\n<meta property=\"og:url\" content=\"https:\/\/xstyle.md\/ro\/produs\/bryuki-reimatec-set-kinsei-jr-bright-salmon\/\" \/>\n<meta property=\"og:site_name\" content=\"\u041c\u0430\u0433\u0430\u0437\u0438\u043d Xstyle\" \/>\n<meta property=\"article:publisher\" content=\"https:\/\/www.facebook.com\/xstylemd\" \/>\n<meta property=\"article:modified_time\" content=\"2026-03-04T09:25:58+00:00\" \/>\n<meta property=\"og:image\" content=\"https:\/\/xstyle.md\/wp-content\/uploads\/2021\/12\/reimatec-set-kinsei-jr-bright-salmon.jpg\" \/>\n\t<meta property=\"og:image:width\" content=\"1500\" \/>\n\t<meta property=\"og:image:height\" content=\"1500\" \/>\n\t<meta property=\"og:image:type\" content=\"image\/jpeg\" \/>\n<meta name=\"twitter:card\" content=\"summary_large_image\" \/>\n<meta name=\"twitter:label1\" content=\"Pre\u021b\" \/>\n\t<meta name=\"twitter:data1\" content=\"575&nbsp;MDL\" \/>\n\t<meta name=\"twitter:label2\" content=\"Disponibilitate\" \/>\n\t<meta name=\"twitter:data2\" content=\"\u00cen stoc\" \/>\n<script type=\"application\/ld+json\" class=\"yoast-schema-graph\">{\"@context\":\"https:\/\/schema.org\",\"@graph\":[{\"@type\":\"WebPage\",\"@id\":\"https:\/\/xstyle.md\/product\/bryuki-reimatec-set-kinsei-jr-bright-salmon\/\",\"url\":\"https:\/\/xstyle.md\/product\/bryuki-reimatec-set-kinsei-jr-bright-salmon\/\",\"name\":\"\u0411\u0440\u044e\u043a\u0438 Reimatec Set Kinsei JR Bright salmon - \u041c\u0430\u0433\u0430\u0437\u0438\u043d Xstyle\",\"isPartOf\":{\"@id\":\"https:\/\/xstyle.md\/#website\"},\"primaryImageOfPage\":{\"@id\":\"https:\/\/xstyle.md\/product\/bryuki-reimatec-set-kinsei-jr-bright-salmon\/#primaryimage\"},\"image\":{\"@id\":\"https:\/\/xstyle.md\/product\/bryuki-reimatec-set-kinsei-jr-bright-salmon\/#primaryimage\"},\"thumbnailUrl\":\"https:\/\/xstyle.md\/wp-content\/uploads\/2021\/12\/reimatec-set-kinsei-jr-bright-salmon.jpg\",\"datePublished\":\"2021-12-08T16:02:48+00:00\",\"dateModified\":\"2026-03-04T09:25:58+00:00\",\"description\":\"\u0411\u0440\u044e\u043a\u0438 Reimatec Set Kinsei JR Bright salmon \u2014 \u0441\u0442\u0438\u043b\u044c\u043d\u044b\u0435 \u0438 \u043a\u043e\u043c\u0444\u043e\u0440\u0442\u043d\u044b\u0435, \u0438\u0437 \u043d\u0430\u0442\u0443\u0440\u0430\u043b\u044c\u043d\u043e\u0433\u043e Tencel. \u0418\u0434\u0435\u0430\u043b\u044c\u043d\u044b \u0434\u043b\u044f \u0430\u043a\u0442\u0438\u0432\u043d\u044b\u0445 \u0434\u0435\u0442\u0435\u0439 \u043e\u0442 0 \u0434\u043e 12 \u043b\u0435\u0442.\",\"breadcrumb\":{\"@id\":\"https:\/\/xstyle.md\/product\/bryuki-reimatec-set-kinsei-jr-bright-salmon\/#breadcrumb\"},\"inLanguage\":\"ro-RO\",\"potentialAction\":[{\"@type\":\"ReadAction\",\"target\":[\"https:\/\/xstyle.md\/product\/bryuki-reimatec-set-kinsei-jr-bright-salmon\/\"]}]},{\"@type\":\"ImageObject\",\"inLanguage\":\"ro-RO\",\"@id\":\"https:\/\/xstyle.md\/product\/bryuki-reimatec-set-kinsei-jr-bright-salmon\/#primaryimage\",\"url\":\"https:\/\/xstyle.md\/wp-content\/uploads\/2021\/12\/reimatec-set-kinsei-jr-bright-salmon.jpg\",\"contentUrl\":\"https:\/\/xstyle.md\/wp-content\/uploads\/2021\/12\/reimatec-set-kinsei-jr-bright-salmon.jpg\",\"width\":1500,\"height\":1500,\"caption\":\"\u0414\u0435\u0442\u0441\u043a\u0438\u0435 \u0430\u043a\u0442\u0438\u0432\u043d\u044b\u0435 \u0431\u0440\u044e\u043a\u0438 Reimatec Set Kinsei JR \u044f\u0440\u043a\u043e-\u043a\u0440\u0430\u0441\u043d\u043e\u0433\u043e \u0446\u0432\u0435\u0442\u0430 \u0434\u043b\u044f \u043f\u0440\u043e\u0433\u0443\u043b\u043e\u043a \u0438 \u043f\u0443\u0442\u0435\u0448\u0435\u0441\u0442\u0432\u0438\u0439 \u0432 \u0438\u043d\u0442\u0435\u0440\u043d\u0435\u0442-\u043c\u0430\u0433\u0430\u0437\u0438\u043d\u0435 \u0441\u043f\u043e\u0440\u0442\u0438\u0432\u043d\u043e\u0439 \u043e\u0434\u0435\u0436\u0434\u044b \u0438 \u043e\u0431\u0443\u0432\u0438 \u0434\u043b\u044f \u0430\u043a\u0442\u0438\u0432\u043d\u043e\u0439 \u0436\u0438\u0437\u043d\u0438, \u0445\u0430\u0439\u043a\u0438\u043d\u0433\u0430 \u0438 \u0430\u043b\u044c\u043f\u0438\u043d\u0438\u0437\u043c\u0430\"},{\"@type\":\"BreadcrumbList\",\"@id\":\"https:\/\/xstyle.md\/product\/bryuki-reimatec-set-kinsei-jr-bright-salmon\/#breadcrumb\",\"itemListElement\":[{\"@type\":\"ListItem\",\"position\":1,\"name\":\"\u0413\u043b\u0430\u0432\u043d\u0430\u044f \u0441\u0442\u0440\u0430\u043d\u0438\u0446\u0430\",\"item\":\"https:\/\/xstyle.md\/\"},{\"@type\":\"ListItem\",\"position\":2,\"name\":\"\u041c\u0430\u0433\u0430\u0437\u0438\u043d\",\"item\":\"https:\/\/xstyle.md\/shop\/\"},{\"@type\":\"ListItem\",\"position\":3,\"name\":\"\u0411\u0440\u044e\u043a\u0438 Reimatec Set Kinsei JR Bright salmon\"}]},{\"@type\":\"WebSite\",\"@id\":\"https:\/\/xstyle.md\/#website\",\"url\":\"https:\/\/xstyle.md\/\",\"name\":\"\u041c\u0430\u0433\u0430\u0437\u0438\u043d Xstyle\",\"description\":\"C\u043d\u0430\u0440\u044f\u0436\u0435\u043d\u0438\u0435 \u0434\u043b\u044f \u0442\u0443\u0440\u0438\u0437\u043c\u0430 \u0438 \u044d\u043a\u0441\u0442\u0440\u0435\u043c\u0430\u043b\u044c\u043d\u044b\u0445 \u0432\u0438\u0434\u043e\u0432 \u0441\u043f\u043e\u0440\u0442\u0430 \u0432 \u041c\u043e\u043b\u0434\u043e\u0432\u0435.. \u0426\u0435\u043d\u044b, \u0444\u043e\u0442\u043e, \u0445\u0430\u0440\u0430\u043a\u0442\u0435\u0440\u0438\u0441\u0442\u0438\u043a\u0438 \u0432 \u041c\u043e\u043b\u0434\u043e\u0432\u0435.\",\"publisher\":{\"@id\":\"https:\/\/xstyle.md\/#organization\"},\"alternateName\":\"X-Style\",\"potentialAction\":[{\"@type\":\"SearchAction\",\"target\":{\"@type\":\"EntryPoint\",\"urlTemplate\":\"https:\/\/xstyle.md\/?s={search_term_string}\"},\"query-input\":{\"@type\":\"PropertyValueSpecification\",\"valueRequired\":true,\"valueName\":\"search_term_string\"}}],\"inLanguage\":\"ro-RO\"},{\"@type\":\"Organization\",\"@id\":\"https:\/\/xstyle.md\/#organization\",\"name\":\"\u041c\u0430\u0433\u0430\u0437\u0438\u043d Xstyle\",\"alternateName\":\"x-style\",\"url\":\"https:\/\/xstyle.md\/\",\"logo\":{\"@type\":\"ImageObject\",\"inLanguage\":\"ro-RO\",\"@id\":\"https:\/\/xstyle.md\/#\/schema\/logo\/image\/\",\"url\":\"https:\/\/xstyle.md\/wp-content\/uploads\/2020\/06\/logoicon.svg\",\"contentUrl\":\"https:\/\/xstyle.md\/wp-content\/uploads\/2020\/06\/logoicon.svg\",\"caption\":\"\u041c\u0430\u0433\u0430\u0437\u0438\u043d Xstyle\"},\"image\":{\"@id\":\"https:\/\/xstyle.md\/#\/schema\/logo\/image\/\"},\"sameAs\":[\"https:\/\/www.facebook.com\/xstylemd\",\"https:\/\/www.instagram.com\/xstyle_md\/\",\"https:\/\/t.me\/xstyle_outdoor\"],\"hasMerchantReturnPolicy\":{\"@type\":\"MerchantReturnPolicy\",\"merchantReturnLink\":\"https:\/\/xstyle.md\/ro\/conditions\/\"}}]}<\/script>\n<meta property=\"product:price:amount\" content=\"575.00\" \/>\n<meta property=\"product:price:currency\" content=\"MDL\" \/>\n<meta property=\"og:availability\" content=\"instock\" \/>\n<meta property=\"product:availability\" content=\"instock\" \/>\n<meta property=\"product:retailer_item_id\" content=\"2000990052513\" \/>\n<meta property=\"product:condition\" content=\"new\" \/>\n<!-- \/ Yoast SEO plugin. -->","yoast_head_json":{"title":"Pantaloni Reimatec Set Kinsei JR Bright salmon - Magazin Xstyle","description":"Pantaloni Reimatec Set Kinsei JR Bright salmon \u2014 elegan\u021bi \u0219i confortabili, din Tencel natural. Ideali pentru copii activi de la 0 la 12 ani.","robots":{"index":"index","follow":"follow","max-snippet":"max-snippet:-1","max-image-preview":"max-image-preview:large","max-video-preview":"max-video-preview:-1"},"canonical":"https:\/\/xstyle.md\/ro\/produs\/bryuki-reimatec-set-kinsei-jr-bright-salmon\/","og_locale":"ro_RO","og_type":"article","og_title":"\u0411\u0440\u044e\u043a\u0438 Reimatec Set Kinsei JR Bright salmon - \u041c\u0430\u0433\u0430\u0437\u0438\u043d Xstyle","og_description":"\u0411\u0440\u044e\u043a\u0438 Reimatec Set Kinsei JR Bright salmon \u2014 \u0441\u0442\u0438\u043b\u044c\u043d\u044b\u0435 \u0438 \u043a\u043e\u043c\u0444\u043e\u0440\u0442\u043d\u044b\u0435, \u0438\u0437 \u043d\u0430\u0442\u0443\u0440\u0430\u043b\u044c\u043d\u043e\u0433\u043e Tencel. \u0418\u0434\u0435\u0430\u043b\u044c\u043d\u044b \u0434\u043b\u044f \u0430\u043a\u0442\u0438\u0432\u043d\u044b\u0445 \u0434\u0435\u0442\u0435\u0439 \u043e\u0442 0 \u0434\u043e 12 \u043b\u0435\u0442.","og_url":"https:\/\/xstyle.md\/ro\/produs\/bryuki-reimatec-set-kinsei-jr-bright-salmon\/","og_site_name":"\u041c\u0430\u0433\u0430\u0437\u0438\u043d Xstyle","article_publisher":"https:\/\/www.facebook.com\/xstylemd","article_modified_time":"2026-03-04T09:25:58+00:00","og_image":[{"width":1500,"height":1500,"url":"https:\/\/xstyle.md\/wp-content\/uploads\/2021\/12\/reimatec-set-kinsei-jr-bright-salmon.jpg","type":"image\/jpeg"}],"twitter_card":"summary_large_image","twitter_misc":{"Pre\u021b":"575&nbsp;MDL","Disponibilitate":"\u00cen stoc"},"schema":{"@context":"https:\/\/schema.org","@graph":[{"@type":"WebPage","@id":"https:\/\/xstyle.md\/product\/bryuki-reimatec-set-kinsei-jr-bright-salmon\/","url":"https:\/\/xstyle.md\/product\/bryuki-reimatec-set-kinsei-jr-bright-salmon\/","name":"Pantaloni Reimatec Set Kinsei JR Bright salmon - Magazin Xstyle","isPartOf":{"@id":"https:\/\/xstyle.md\/#website"},"primaryImageOfPage":{"@id":"https:\/\/xstyle.md\/product\/bryuki-reimatec-set-kinsei-jr-bright-salmon\/#primaryimage"},"image":{"@id":"https:\/\/xstyle.md\/product\/bryuki-reimatec-set-kinsei-jr-bright-salmon\/#primaryimage"},"thumbnailUrl":"https:\/\/xstyle.md\/wp-content\/uploads\/2021\/12\/reimatec-set-kinsei-jr-bright-salmon.jpg","datePublished":"2021-12-08T16:02:48+00:00","dateModified":"2026-03-04T09:25:58+00:00","description":"Pantaloni Reimatec Set Kinsei JR Bright salmon \u2014 elegan\u021bi \u0219i confortabili, din Tencel natural. Ideali pentru copii activi de la 0 la 12 ani.","breadcrumb":{"@id":"https:\/\/xstyle.md\/product\/bryuki-reimatec-set-kinsei-jr-bright-salmon\/#breadcrumb"},"inLanguage":"ro-RO","potentialAction":[{"@type":"ReadAction","target":["https:\/\/xstyle.md\/product\/bryuki-reimatec-set-kinsei-jr-bright-salmon\/"]}]},{"@type":"ImageObject","inLanguage":"ro-RO","@id":"https:\/\/xstyle.md\/product\/bryuki-reimatec-set-kinsei-jr-bright-salmon\/#primaryimage","url":"https:\/\/xstyle.md\/wp-content\/uploads\/2021\/12\/reimatec-set-kinsei-jr-bright-salmon.jpg","contentUrl":"https:\/\/xstyle.md\/wp-content\/uploads\/2021\/12\/reimatec-set-kinsei-jr-bright-salmon.jpg","width":1500,"height":1500,"caption":"\u0414\u0435\u0442\u0441\u043a\u0438\u0435 \u0430\u043a\u0442\u0438\u0432\u043d\u044b\u0435 \u0431\u0440\u044e\u043a\u0438 Reimatec Set Kinsei JR \u044f\u0440\u043a\u043e-\u043a\u0440\u0430\u0441\u043d\u043e\u0433\u043e \u0446\u0432\u0435\u0442\u0430 \u0434\u043b\u044f \u043f\u0440\u043e\u0433\u0443\u043b\u043e\u043a \u0438 \u043f\u0443\u0442\u0435\u0448\u0435\u0441\u0442\u0432\u0438\u0439 \u0432 \u0438\u043d\u0442\u0435\u0440\u043d\u0435\u0442-\u043c\u0430\u0433\u0430\u0437\u0438\u043d\u0435 \u0441\u043f\u043e\u0440\u0442\u0438\u0432\u043d\u043e\u0439 \u043e\u0434\u0435\u0436\u0434\u044b \u0438 \u043e\u0431\u0443\u0432\u0438 \u0434\u043b\u044f \u0430\u043a\u0442\u0438\u0432\u043d\u043e\u0439 \u0436\u0438\u0437\u043d\u0438, \u0445\u0430\u0439\u043a\u0438\u043d\u0433\u0430 \u0438 \u0430\u043b\u044c\u043f\u0438\u043d\u0438\u0437\u043c\u0430"},{"@type":"BreadcrumbList","@id":"https:\/\/xstyle.md\/product\/bryuki-reimatec-set-kinsei-jr-bright-salmon\/#breadcrumb","itemListElement":[{"@type":"ListItem","position":1,"name":"\u0413\u043b\u0430\u0432\u043d\u0430\u044f \u0441\u0442\u0440\u0430\u043d\u0438\u0446\u0430","item":"https:\/\/xstyle.md\/"},{"@type":"ListItem","position":2,"name":"\u041c\u0430\u0433\u0430\u0437\u0438\u043d","item":"https:\/\/xstyle.md\/shop\/"},{"@type":"ListItem","position":3,"name":"\u0411\u0440\u044e\u043a\u0438 Reimatec Set Kinsei JR Bright salmon"}]},{"@type":"WebSite","@id":"https:\/\/xstyle.md\/#website","url":"https:\/\/xstyle.md\/","name":"Magazinul X-Style","description":"Echipamente pentru turism \u0219i sporturi extreme \u00een Moldova. Pre\u021buri, fotografii, caracteristici \u00een Moldova.","publisher":{"@id":"https:\/\/xstyle.md\/#organization"},"alternateName":"X-Style","potentialAction":[{"@type":"SearchAction","target":{"@type":"EntryPoint","urlTemplate":"https:\/\/xstyle.md\/?s={search_term_string}"},"query-input":{"@type":"PropertyValueSpecification","valueRequired":true,"valueName":"search_term_string"}}],"inLanguage":"ro-RO"},{"@type":"Organization","@id":"https:\/\/xstyle.md\/#organization","name":"Magazinul X-Style","alternateName":"x-style","url":"https:\/\/xstyle.md\/","logo":{"@type":"ImageObject","inLanguage":"ro-RO","@id":"https:\/\/xstyle.md\/#\/schema\/logo\/image\/","url":"https:\/\/xstyle.md\/wp-content\/uploads\/2020\/06\/logoicon.svg","contentUrl":"https:\/\/xstyle.md\/wp-content\/uploads\/2020\/06\/logoicon.svg","caption":"\u041c\u0430\u0433\u0430\u0437\u0438\u043d Xstyle"},"image":{"@id":"https:\/\/xstyle.md\/#\/schema\/logo\/image\/"},"sameAs":["https:\/\/www.facebook.com\/xstylemd","https:\/\/www.instagram.com\/xstyle_md\/","https:\/\/t.me\/xstyle_outdoor"],"hasMerchantReturnPolicy":{"@type":"MerchantReturnPolicy","merchantReturnLink":"https:\/\/xstyle.md\/ro\/conditions\/"}}]},"product_price_amount":"575.00","product_price_currency":"MDL","og_availability":"instock","product_availability":"instock","product_retailer_item_id":"2000990052513","product_condition":"new"},"post_mailing_queue_ids":[],"_links":{"self":[{"href":"https:\/\/xstyle.md\/ro\/wp-json\/wp\/v2\/product\/42805","targetHints":{"allow":["GET"]}}],"collection":[{"href":"https:\/\/xstyle.md\/ro\/wp-json\/wp\/v2\/product"}],"about":[{"href":"https:\/\/xstyle.md\/ro\/wp-json\/wp\/v2\/types\/product"}],"replies":[{"embeddable":true,"href":"https:\/\/xstyle.md\/ro\/wp-json\/wp\/v2\/comments?post=42805"}],"wp:featuredmedia":[{"embeddable":true,"href":"https:\/\/xstyle.md\/ro\/wp-json\/wp\/v2\/media\/43291"}],"wp:attachment":[{"href":"https:\/\/xstyle.md\/ro\/wp-json\/wp\/v2\/media?parent=42805"}],"wp:term":[{"taxonomy":"product_brand","embeddable":true,"href":"https:\/\/xstyle.md\/ro\/wp-json\/wp\/v2\/product_brand?post=42805"},{"taxonomy":"product_cat","embeddable":true,"href":"https:\/\/xstyle.md\/ro\/wp-json\/wp\/v2\/product_cat?post=42805"},{"taxonomy":"product_tag","embeddable":true,"href":"https:\/\/xstyle.md\/ro\/wp-json\/wp\/v2\/product_tag?post=42805"}],"curies":[{"name":"wp","href":"https:\/\/api.w.org\/{rel}","templated":true}]}}