{"id":42799,"date":"2021-12-08T19:02:48","date_gmt":"2021-12-08T16:02:48","guid":{"rendered":"https:\/\/xstyle.md\/?post_type=product&#038;p=42799"},"modified":"2025-05-29T11:39:53","modified_gmt":"2025-05-29T08:39:53","slug":"ryukzak-osprey-talon-44-iii-stealth-black","status":"publish","type":"product","link":"https:\/\/xstyle.md\/ro\/produs\/ryukzak-osprey-talon-44-iii-stealth-black\/","title":{"rendered":"Rucsac Osprey Talon 44 III stealth black"},"content":{"rendered":"<\/p>\n<p><strong>Osprey Talon 44 III<\/strong> &#8212; este un rucsac pentru b\u0103rba\u021bi u\u0219or \u0219i func\u021bional, perfect pentru drume\u021bii rapide \u0219i u\u0219oare de o singur\u0103 zi sau de mai multe zile, pentru c\u0103\u021b\u0103rat v\u00e2rfuri rapide sau pentru ciclism. Panoul din spate AirScape\u2122 reglabil, cu spum\u0103 perforat\u0103 \u0219i plas\u0103 ajustabil\u0103, ventileaz\u0103 bine spatele, \u00een timp ce cureaua de piept \u0219i cureaua de talie c\u0103ptu\u0219it\u0103 permit o potrivire confortabil\u0103, important\u0103 atunci c\u00e2nd ie\u0219i\u021bi la plimbare.<\/p>\n<p>Talon 44 include o ie\u0219ire pentru \u021beav\u0103 cu sistem de b\u0103utur\u0103, be\u021be de trekking Stow-on-the-Go\u2122, bucle pentru piolet \u0219i curele de compresie cu sistemul InsideOut\u2122. Buzunarele cu fermoar de pe talie pentru o utilizare u\u0219oar\u0103 \u00een mi\u0219care, astfel \u00eenc\u00e2t s\u0103 ave\u021bi la \u00eendem\u00e2n\u0103 un telefon, un dispozitiv de localizare GPS sau m\u00e2ncare pe care s\u0103 o servi\u021bi ca gustare. Buzunarul elastic din fa\u021b\u0103 este perfect pentru a \u021bine o jachet\u0103 de ploaie sau un hanorac cald. Rucsacul se \u00eencarc\u0103 prin intermediul unei intr\u0103ri mari \u00een partea de sus, care este pozi\u021bionat\u0103 sub clapet\u0103.<\/p>\n<h3>Particularit\u0103\u021bi<\/h3>\n<ul>\n<li>Forma bretelelor, a spatelui \u0219i a centurii sunt concepute \u021bin\u00e2nd cont de anatomia masculin\u0103.<\/li>\n<li>Fabricat din material reciclat (ecologic)<\/li>\n<li>Lungime reglabil\u0103 la spate<\/li>\n<li>Sp\u0103tar ventilat AirScape\u2122 \u00eembun\u0103t\u0103\u021bit cu plas\u0103 de plas\u0103<\/li>\n<li>Band\u0103 de talie c\u0103ptu\u0219it\u0103<\/li>\n<li>Compartiment pentru sistemul de b\u0103utur\u0103<\/li>\n<li>M\u00e2ner de transport<\/li>\n<li>Buzunar pentru ochelari de soare \u0219i electronice<\/li>\n<li>Suport interior pentru chei<\/li>\n<li>Clapet\u0103 reglabil\u0103<\/li>\n<li>Compartiment de depozitare \u00een clapet\u0103<\/li>\n<li>C\u00e2rlige de piept cu fluier<\/li>\n<li>Sistem Stow-on-the-Go\u2122 pentru fixarea be\u021belor de trekking<\/li>\n<li>Buzunar frontal elasticizat<\/li>\n<li>Buzunare laterale din plas\u0103 cu curele de compresie InsideOut\u2122<\/li>\n<li>Buzunar elastic pentru curea de um\u0103r<\/li>\n<li>Buzunare din plas\u0103 \u00een interior<\/li>\n<li>Dou\u0103 bucle pentru fixarea uneltelor pentru ghea\u021b\u0103<\/li>\n<li>Dou\u0103 buzunare cu fermoar pe talie<\/li>\n<\/ul>\n<h3>Caracteristici<\/h3>\n<ul>\n<li>Greutate &#8212; 1400 gr<\/li>\n<li>Volum &#8212; 44 litri<\/li>\n<li>Dimensiune &#8212; 76 \u0445 34 \u0445 28 cm<\/li>\n<li>Material &#8212; 100D x 210D Bluesign Recycled Robic Nylon<\/li>\n<li>Potrivit pentru bagajul de m\u00e2n\u0103<\/li>\n<li>Hus\u0103 de ploaie &#8212; nu<\/li>\n<li>Ventila\u021bie &#8212; da<\/li>\n<li>Aplicare &#8212; ciclism, hiking<\/li>\n<li>Model &#8212; pentru b\u0103rba\u021bi<\/li>\n<\/ul>\n<h3>Tehnologie<\/h3>\n<ul>\n<li><strong>AirScape<\/strong>\u2122 &#8212; sp\u0103tarul din spum\u0103 cu caneluri stabile\u0219te noi standarde de confort \u0219i func\u021bionalitate \u00een industria outdoor. Sp\u0103tarul asigur\u0103 o potrivire confortabil\u0103 \u0219i ventila\u021bie. Sp\u0103tarul este disponibil pentru rucsacuri mici de zi \u0219i rucsacuri mari pentru drume\u021bii.<\/li>\n<li><strong>Stow-on-the-Go<\/strong>\u2122 &#8212; este un accesoriu pentru rucsac care fixeaz\u0103 be\u021bele de rucsac \u00een timpul mersului. U\u0219or de utilizat \u0219i potrivit pentru to\u021bi be\u021bele.<\/li>\n<li><strong>InsideOut<\/strong>\u2122 &#8212; un sistem care v\u0103 permite s\u0103 regla\u021bi corzile de compresie laterale \u00een buzunarele laterale. Utilizatorul poate alege ce func\u021bioneaz\u0103 cel mai bine pentru el: un acces mai bun la buzunarele laterale sau o ajustare mai confortabil\u0103 a cordoanelor laterale de compresie.<\/li>\n<\/ul>\n<h3>Marca<\/h3>\n<p>Osprey este un produc\u0103tor american care produce rucsacuri moderne excelente pentru o varietate de sarcini, gen\u021bi \u0219i accesorii pentru drume\u021bii. Calitatea produselor marca Osprey se datoreaz\u0103 interesului \u0219i implic\u0103rii personale \u00een dezvoltarea \u0219i controlul proprietarului, Mike Pfotenhauer.<\/p>\n<p>Din 1974, c\u00e2nd a \u00eenregistrat compania, el a verificat fiecare element al rucsacurilor \u0219i al altor produse fabricate anatomic. Aceast\u0103 abordare este cea care a f\u0103cut ca \u00een c\u00e2\u021biva ani de la introducerea Osprey, marca s\u0103 primeasc\u0103 calificative de top din partea clien\u021bilor, prin cererea mare de produse.<\/p>\n<p>\u0218i chiar \u0219i acum, mai bine de 40 de ani mai t\u00e2rziu, Mike viziteaz\u0103 zilnic compania, verific\u00e2nd \u0219i ajust\u00e2nd toate procesele. Aceast\u0103 abordare a afacerii a dus la capacitatea de a oferi o garan\u021bie pe via\u021b\u0103 pentru produsele lor. Principalele caracteristici ale produselor Osprey sunt calitatea ridicat\u0103, tehnologia \u0219i inova\u021bia.<\/p>\n<p><\/p>","protected":false},"excerpt":{"rendered":"","protected":false},"featured_media":56797,"comment_status":"open","ping_status":"closed","template":"","meta":{"_acf_changed":false,"inline_featured_image":false},"product_brand":[1260],"product_cat":[843,20],"product_tag":[],"class_list":{"0":"post-42799","1":"product","2":"type-product","3":"status-publish","4":"has-post-thumbnail","6":"product_brand-osprey","7":"product_cat-biking-and-cross-country","8":"product_cat-travel-up-to-50-bag","10":"first","11":"outofstock","12":"shipping-taxable","13":"product-type-simple"},"acf":[],"yoast_head":"<!-- This site is optimized with the Yoast SEO plugin v27.2 - https:\/\/yoast.com\/product\/yoast-seo-wordpress\/ -->\n<title>\u0420\u044e\u043a\u0437\u0430\u043a Osprey Talon 44 III stealth black - \u041c\u0430\u0433\u0430\u0437\u0438\u043d Xstyle<\/title>\n<meta name=\"description\" content=\"\u0420\u044e\u043a\u0437\u0430\u043a Osprey Talon 44 III stealth black - \u043b\u0451\u0433\u043a\u0438\u0439, \u0444\u0443\u043d\u043a\u0446\u0438\u043e\u043d\u0430\u043b\u044c\u043d\u044b\u0439, \u0438\u0434\u0435\u0430\u043b\u0435\u043d \u0434\u043b\u044f \u0431\u044b\u0441\u0442\u0440\u044b\u0445 \u043f\u043e\u0445\u043e\u0434\u043e\u0432. Innovativ\u043d\u044b\u0435 \u0442\u0435\u0445\u043d\u043e\u043b\u043e\u0433\u0438\u0438 StowontheGo \u0438 AirScape \u0434\u043b\u044f \u043a\u043e\u043c\u0444\u043e\u0440\u0442\u0430.\" \/>\n<meta name=\"robots\" content=\"index, follow, max-snippet:-1, max-image-preview:large, max-video-preview:-1\" \/>\n<link rel=\"canonical\" href=\"https:\/\/xstyle.md\/ro\/produs\/ryukzak-osprey-talon-44-iii-stealth-black\/\" \/>\n<meta property=\"og:locale\" content=\"ro_RO\" \/>\n<meta property=\"og:type\" content=\"article\" \/>\n<meta property=\"og:title\" content=\"\u0420\u044e\u043a\u0437\u0430\u043a Osprey Talon 44 III stealth black - \u041c\u0430\u0433\u0430\u0437\u0438\u043d Xstyle\" \/>\n<meta property=\"og:description\" content=\"\u0420\u044e\u043a\u0437\u0430\u043a Osprey Talon 44 III stealth black - \u043b\u0451\u0433\u043a\u0438\u0439, \u0444\u0443\u043d\u043a\u0446\u0438\u043e\u043d\u0430\u043b\u044c\u043d\u044b\u0439, \u0438\u0434\u0435\u0430\u043b\u0435\u043d \u0434\u043b\u044f \u0431\u044b\u0441\u0442\u0440\u044b\u0445 \u043f\u043e\u0445\u043e\u0434\u043e\u0432. Innovativ\u043d\u044b\u0435 \u0442\u0435\u0445\u043d\u043e\u043b\u043e\u0433\u0438\u0438 StowontheGo \u0438 AirScape \u0434\u043b\u044f \u043a\u043e\u043c\u0444\u043e\u0440\u0442\u0430.\" \/>\n<meta property=\"og:url\" content=\"https:\/\/xstyle.md\/ro\/produs\/ryukzak-osprey-talon-44-iii-stealth-black\/\" \/>\n<meta property=\"og:site_name\" content=\"\u041c\u0430\u0433\u0430\u0437\u0438\u043d Xstyle\" \/>\n<meta property=\"article:publisher\" content=\"https:\/\/www.facebook.com\/xstylemd\" \/>\n<meta property=\"article:modified_time\" content=\"2025-05-29T08:39:53+00:00\" \/>\n<meta property=\"og:image\" content=\"https:\/\/xstyle.md\/wp-content\/uploads\/2021\/12\/osprey-talon-44-iii-stealth-black-0.jpg\" \/>\n\t<meta property=\"og:image:width\" content=\"1512\" \/>\n\t<meta property=\"og:image:height\" content=\"1513\" \/>\n\t<meta property=\"og:image:type\" content=\"image\/jpeg\" \/>\n<meta name=\"twitter:card\" content=\"summary_large_image\" \/>\n<meta name=\"twitter:label1\" content=\"Pre\u021b\" \/>\n\t<meta name=\"twitter:data1\" content=\"4.190&nbsp;MDL\" \/>\n\t<meta name=\"twitter:label2\" content=\"Disponibilitate\" \/>\n\t<meta name=\"twitter:data2\" content=\"Stoc epuizat\" \/>\n<script type=\"application\/ld+json\" class=\"yoast-schema-graph\">{\"@context\":\"https:\/\/schema.org\",\"@graph\":[{\"@type\":\"WebPage\",\"@id\":\"https:\/\/xstyle.md\/product\/ryukzak-osprey-talon-44-iii-stealth-black\/\",\"url\":\"https:\/\/xstyle.md\/product\/ryukzak-osprey-talon-44-iii-stealth-black\/\",\"name\":\"\u0420\u044e\u043a\u0437\u0430\u043a Osprey Talon 44 III stealth black - \u041c\u0430\u0433\u0430\u0437\u0438\u043d Xstyle\",\"isPartOf\":{\"@id\":\"https:\/\/xstyle.md\/#website\"},\"primaryImageOfPage\":{\"@id\":\"https:\/\/xstyle.md\/product\/ryukzak-osprey-talon-44-iii-stealth-black\/#primaryimage\"},\"image\":{\"@id\":\"https:\/\/xstyle.md\/product\/ryukzak-osprey-talon-44-iii-stealth-black\/#primaryimage\"},\"thumbnailUrl\":\"https:\/\/xstyle.md\/wp-content\/uploads\/2021\/12\/osprey-talon-44-iii-stealth-black-0.jpg\",\"datePublished\":\"2021-12-08T16:02:48+00:00\",\"dateModified\":\"2025-05-29T08:39:53+00:00\",\"description\":\"\u0420\u044e\u043a\u0437\u0430\u043a Osprey Talon 44 III stealth black - \u043b\u0451\u0433\u043a\u0438\u0439, \u0444\u0443\u043d\u043a\u0446\u0438\u043e\u043d\u0430\u043b\u044c\u043d\u044b\u0439, \u0438\u0434\u0435\u0430\u043b\u0435\u043d \u0434\u043b\u044f \u0431\u044b\u0441\u0442\u0440\u044b\u0445 \u043f\u043e\u0445\u043e\u0434\u043e\u0432. Innovativ\u043d\u044b\u0435 \u0442\u0435\u0445\u043d\u043e\u043b\u043e\u0433\u0438\u0438 StowontheGo \u0438 AirScape \u0434\u043b\u044f \u043a\u043e\u043c\u0444\u043e\u0440\u0442\u0430.\",\"breadcrumb\":{\"@id\":\"https:\/\/xstyle.md\/product\/ryukzak-osprey-talon-44-iii-stealth-black\/#breadcrumb\"},\"inLanguage\":\"ro-RO\",\"potentialAction\":[{\"@type\":\"ReadAction\",\"target\":[\"https:\/\/xstyle.md\/product\/ryukzak-osprey-talon-44-iii-stealth-black\/\"]}]},{\"@type\":\"ImageObject\",\"inLanguage\":\"ro-RO\",\"@id\":\"https:\/\/xstyle.md\/product\/ryukzak-osprey-talon-44-iii-stealth-black\/#primaryimage\",\"url\":\"https:\/\/xstyle.md\/wp-content\/uploads\/2021\/12\/osprey-talon-44-iii-stealth-black-0.jpg\",\"contentUrl\":\"https:\/\/xstyle.md\/wp-content\/uploads\/2021\/12\/osprey-talon-44-iii-stealth-black-0.jpg\",\"width\":1512,\"height\":1513,\"caption\":\"\u0420\u044e\u043a\u0437\u0430\u043a Osprey Talon 44 III \u0447\u0435\u0440\u043d\u044b\u0439 \u0434\u043b\u044f \u0430\u043a\u0442\u0438\u0432\u043d\u043e\u0433\u043e \u043e\u0442\u0434\u044b\u0445\u0430, \u043f\u043e\u0445\u043e\u0434\u043e\u0432, \u043f\u0443\u0442\u0435\u0448\u0435\u0441\u0442\u0432\u0438\u0439 \u0438 \u0430\u043b\u044c\u043f\u0438\u043d\u0438\u0437\u043c\u0430 \u0432 \u0438\u043d\u0442\u0435\u0440\u043d\u0435\u0442-\u043c\u0430\u0433\u0430\u0437\u0438\u043d\u0435 \u0434\u043b\u044f \u043b\u044e\u0431\u0438\u0442\u0435\u043b\u0435\u0439 \u0430\u043a\u0442\u0438\u0432\u043d\u043e\u0439 \u0436\u0438\u0437\u043d\u0438\"},{\"@type\":\"BreadcrumbList\",\"@id\":\"https:\/\/xstyle.md\/product\/ryukzak-osprey-talon-44-iii-stealth-black\/#breadcrumb\",\"itemListElement\":[{\"@type\":\"ListItem\",\"position\":1,\"name\":\"\u0413\u043b\u0430\u0432\u043d\u0430\u044f \u0441\u0442\u0440\u0430\u043d\u0438\u0446\u0430\",\"item\":\"https:\/\/xstyle.md\/\"},{\"@type\":\"ListItem\",\"position\":2,\"name\":\"\u041c\u0430\u0433\u0430\u0437\u0438\u043d\",\"item\":\"https:\/\/xstyle.md\/shop\/\"},{\"@type\":\"ListItem\",\"position\":3,\"name\":\"\u0420\u044e\u043a\u0437\u0430\u043a Osprey Talon 44 III stealth black\"}]},{\"@type\":\"WebSite\",\"@id\":\"https:\/\/xstyle.md\/#website\",\"url\":\"https:\/\/xstyle.md\/\",\"name\":\"\u041c\u0430\u0433\u0430\u0437\u0438\u043d Xstyle\",\"description\":\"C\u043d\u0430\u0440\u044f\u0436\u0435\u043d\u0438\u0435 \u0434\u043b\u044f \u0442\u0443\u0440\u0438\u0437\u043c\u0430 \u0438 \u044d\u043a\u0441\u0442\u0440\u0435\u043c\u0430\u043b\u044c\u043d\u044b\u0445 \u0432\u0438\u0434\u043e\u0432 \u0441\u043f\u043e\u0440\u0442\u0430 \u0432 \u041c\u043e\u043b\u0434\u043e\u0432\u0435.. \u0426\u0435\u043d\u044b, \u0444\u043e\u0442\u043e, \u0445\u0430\u0440\u0430\u043a\u0442\u0435\u0440\u0438\u0441\u0442\u0438\u043a\u0438 \u0432 \u041c\u043e\u043b\u0434\u043e\u0432\u0435.\",\"publisher\":{\"@id\":\"https:\/\/xstyle.md\/#organization\"},\"alternateName\":\"X-Style\",\"potentialAction\":[{\"@type\":\"SearchAction\",\"target\":{\"@type\":\"EntryPoint\",\"urlTemplate\":\"https:\/\/xstyle.md\/?s={search_term_string}\"},\"query-input\":{\"@type\":\"PropertyValueSpecification\",\"valueRequired\":true,\"valueName\":\"search_term_string\"}}],\"inLanguage\":\"ro-RO\"},{\"@type\":\"Organization\",\"@id\":\"https:\/\/xstyle.md\/#organization\",\"name\":\"\u041c\u0430\u0433\u0430\u0437\u0438\u043d Xstyle\",\"alternateName\":\"x-style\",\"url\":\"https:\/\/xstyle.md\/\",\"logo\":{\"@type\":\"ImageObject\",\"inLanguage\":\"ro-RO\",\"@id\":\"https:\/\/xstyle.md\/#\/schema\/logo\/image\/\",\"url\":\"https:\/\/xstyle.md\/wp-content\/uploads\/2020\/06\/logoicon.svg\",\"contentUrl\":\"https:\/\/xstyle.md\/wp-content\/uploads\/2020\/06\/logoicon.svg\",\"caption\":\"\u041c\u0430\u0433\u0430\u0437\u0438\u043d Xstyle\"},\"image\":{\"@id\":\"https:\/\/xstyle.md\/#\/schema\/logo\/image\/\"},\"sameAs\":[\"https:\/\/www.facebook.com\/xstylemd\",\"https:\/\/www.instagram.com\/xstyle_md\/\",\"https:\/\/t.me\/xstyle_outdoor\"],\"hasMerchantReturnPolicy\":{\"@type\":\"MerchantReturnPolicy\",\"merchantReturnLink\":\"https:\/\/xstyle.md\/ro\/conditions\/\"}}]}<\/script>\n<meta property=\"product:price:amount\" content=\"4190.00\" \/>\n<meta property=\"product:price:currency\" content=\"MDL\" \/>\n<meta property=\"og:availability\" content=\"out of stock\" \/>\n<meta property=\"product:availability\" content=\"out of stock\" \/>\n<meta property=\"product:retailer_item_id\" content=\"843820100389\" \/>\n<meta property=\"product:condition\" content=\"new\" \/>\n<!-- \/ Yoast SEO plugin. -->","yoast_head_json":{"title":"Rucsac Osprey Talon 44 III stealth black - Magazin Xstyle","description":"Rucsacul Osprey Talon 44 III stealth black - u\u0219or, func\u021bional, ideal pentru drume\u021bii rapide. Tehnologiile inovatoare StowontheGo \u0219i AirScape pentru confort.","robots":{"index":"index","follow":"follow","max-snippet":"max-snippet:-1","max-image-preview":"max-image-preview:large","max-video-preview":"max-video-preview:-1"},"canonical":"https:\/\/xstyle.md\/ro\/produs\/ryukzak-osprey-talon-44-iii-stealth-black\/","og_locale":"ro_RO","og_type":"article","og_title":"\u0420\u044e\u043a\u0437\u0430\u043a Osprey Talon 44 III stealth black - \u041c\u0430\u0433\u0430\u0437\u0438\u043d Xstyle","og_description":"\u0420\u044e\u043a\u0437\u0430\u043a Osprey Talon 44 III stealth black - \u043b\u0451\u0433\u043a\u0438\u0439, \u0444\u0443\u043d\u043a\u0446\u0438\u043e\u043d\u0430\u043b\u044c\u043d\u044b\u0439, \u0438\u0434\u0435\u0430\u043b\u0435\u043d \u0434\u043b\u044f \u0431\u044b\u0441\u0442\u0440\u044b\u0445 \u043f\u043e\u0445\u043e\u0434\u043e\u0432. Innovativ\u043d\u044b\u0435 \u0442\u0435\u0445\u043d\u043e\u043b\u043e\u0433\u0438\u0438 StowontheGo \u0438 AirScape \u0434\u043b\u044f \u043a\u043e\u043c\u0444\u043e\u0440\u0442\u0430.","og_url":"https:\/\/xstyle.md\/ro\/produs\/ryukzak-osprey-talon-44-iii-stealth-black\/","og_site_name":"\u041c\u0430\u0433\u0430\u0437\u0438\u043d Xstyle","article_publisher":"https:\/\/www.facebook.com\/xstylemd","article_modified_time":"2025-05-29T08:39:53+00:00","og_image":[{"width":1512,"height":1513,"url":"https:\/\/xstyle.md\/wp-content\/uploads\/2021\/12\/osprey-talon-44-iii-stealth-black-0.jpg","type":"image\/jpeg"}],"twitter_card":"summary_large_image","twitter_misc":{"Pre\u021b":"4.190&nbsp;MDL","Disponibilitate":"Stoc epuizat"},"schema":{"@context":"https:\/\/schema.org","@graph":[{"@type":"WebPage","@id":"https:\/\/xstyle.md\/product\/ryukzak-osprey-talon-44-iii-stealth-black\/","url":"https:\/\/xstyle.md\/product\/ryukzak-osprey-talon-44-iii-stealth-black\/","name":"Rucsac Osprey Talon 44 III stealth black - Magazin Xstyle","isPartOf":{"@id":"https:\/\/xstyle.md\/#website"},"primaryImageOfPage":{"@id":"https:\/\/xstyle.md\/product\/ryukzak-osprey-talon-44-iii-stealth-black\/#primaryimage"},"image":{"@id":"https:\/\/xstyle.md\/product\/ryukzak-osprey-talon-44-iii-stealth-black\/#primaryimage"},"thumbnailUrl":"https:\/\/xstyle.md\/wp-content\/uploads\/2021\/12\/osprey-talon-44-iii-stealth-black-0.jpg","datePublished":"2021-12-08T16:02:48+00:00","dateModified":"2025-05-29T08:39:53+00:00","description":"Rucsacul Osprey Talon 44 III stealth black - u\u0219or, func\u021bional, ideal pentru drume\u021bii rapide. Tehnologiile inovatoare StowontheGo \u0219i AirScape pentru confort.","breadcrumb":{"@id":"https:\/\/xstyle.md\/product\/ryukzak-osprey-talon-44-iii-stealth-black\/#breadcrumb"},"inLanguage":"ro-RO","potentialAction":[{"@type":"ReadAction","target":["https:\/\/xstyle.md\/product\/ryukzak-osprey-talon-44-iii-stealth-black\/"]}]},{"@type":"ImageObject","inLanguage":"ro-RO","@id":"https:\/\/xstyle.md\/product\/ryukzak-osprey-talon-44-iii-stealth-black\/#primaryimage","url":"https:\/\/xstyle.md\/wp-content\/uploads\/2021\/12\/osprey-talon-44-iii-stealth-black-0.jpg","contentUrl":"https:\/\/xstyle.md\/wp-content\/uploads\/2021\/12\/osprey-talon-44-iii-stealth-black-0.jpg","width":1512,"height":1513,"caption":"\u0420\u044e\u043a\u0437\u0430\u043a Osprey Talon 44 III \u0447\u0435\u0440\u043d\u044b\u0439 \u0434\u043b\u044f \u0430\u043a\u0442\u0438\u0432\u043d\u043e\u0433\u043e \u043e\u0442\u0434\u044b\u0445\u0430, \u043f\u043e\u0445\u043e\u0434\u043e\u0432, \u043f\u0443\u0442\u0435\u0448\u0435\u0441\u0442\u0432\u0438\u0439 \u0438 \u0430\u043b\u044c\u043f\u0438\u043d\u0438\u0437\u043c\u0430 \u0432 \u0438\u043d\u0442\u0435\u0440\u043d\u0435\u0442-\u043c\u0430\u0433\u0430\u0437\u0438\u043d\u0435 \u0434\u043b\u044f \u043b\u044e\u0431\u0438\u0442\u0435\u043b\u0435\u0439 \u0430\u043a\u0442\u0438\u0432\u043d\u043e\u0439 \u0436\u0438\u0437\u043d\u0438"},{"@type":"BreadcrumbList","@id":"https:\/\/xstyle.md\/product\/ryukzak-osprey-talon-44-iii-stealth-black\/#breadcrumb","itemListElement":[{"@type":"ListItem","position":1,"name":"\u0413\u043b\u0430\u0432\u043d\u0430\u044f \u0441\u0442\u0440\u0430\u043d\u0438\u0446\u0430","item":"https:\/\/xstyle.md\/"},{"@type":"ListItem","position":2,"name":"\u041c\u0430\u0433\u0430\u0437\u0438\u043d","item":"https:\/\/xstyle.md\/shop\/"},{"@type":"ListItem","position":3,"name":"\u0420\u044e\u043a\u0437\u0430\u043a Osprey Talon 44 III stealth black"}]},{"@type":"WebSite","@id":"https:\/\/xstyle.md\/#website","url":"https:\/\/xstyle.md\/","name":"Magazinul X-Style","description":"Echipamente pentru turism \u0219i sporturi extreme \u00een Moldova. Pre\u021buri, fotografii, caracteristici \u00een Moldova.","publisher":{"@id":"https:\/\/xstyle.md\/#organization"},"alternateName":"X-Style","potentialAction":[{"@type":"SearchAction","target":{"@type":"EntryPoint","urlTemplate":"https:\/\/xstyle.md\/?s={search_term_string}"},"query-input":{"@type":"PropertyValueSpecification","valueRequired":true,"valueName":"search_term_string"}}],"inLanguage":"ro-RO"},{"@type":"Organization","@id":"https:\/\/xstyle.md\/#organization","name":"Magazinul X-Style","alternateName":"x-style","url":"https:\/\/xstyle.md\/","logo":{"@type":"ImageObject","inLanguage":"ro-RO","@id":"https:\/\/xstyle.md\/#\/schema\/logo\/image\/","url":"https:\/\/xstyle.md\/wp-content\/uploads\/2020\/06\/logoicon.svg","contentUrl":"https:\/\/xstyle.md\/wp-content\/uploads\/2020\/06\/logoicon.svg","caption":"\u041c\u0430\u0433\u0430\u0437\u0438\u043d Xstyle"},"image":{"@id":"https:\/\/xstyle.md\/#\/schema\/logo\/image\/"},"sameAs":["https:\/\/www.facebook.com\/xstylemd","https:\/\/www.instagram.com\/xstyle_md\/","https:\/\/t.me\/xstyle_outdoor"],"hasMerchantReturnPolicy":{"@type":"MerchantReturnPolicy","merchantReturnLink":"https:\/\/xstyle.md\/ro\/conditions\/"}}]},"product_price_amount":"4190.00","product_price_currency":"MDL","og_availability":"out of stock","product_availability":"out of stock","product_retailer_item_id":"843820100389","product_condition":"new"},"post_mailing_queue_ids":[],"_links":{"self":[{"href":"https:\/\/xstyle.md\/ro\/wp-json\/wp\/v2\/product\/42799","targetHints":{"allow":["GET"]}}],"collection":[{"href":"https:\/\/xstyle.md\/ro\/wp-json\/wp\/v2\/product"}],"about":[{"href":"https:\/\/xstyle.md\/ro\/wp-json\/wp\/v2\/types\/product"}],"replies":[{"embeddable":true,"href":"https:\/\/xstyle.md\/ro\/wp-json\/wp\/v2\/comments?post=42799"}],"wp:featuredmedia":[{"embeddable":true,"href":"https:\/\/xstyle.md\/ro\/wp-json\/wp\/v2\/media\/56797"}],"wp:attachment":[{"href":"https:\/\/xstyle.md\/ro\/wp-json\/wp\/v2\/media?parent=42799"}],"wp:term":[{"taxonomy":"product_brand","embeddable":true,"href":"https:\/\/xstyle.md\/ro\/wp-json\/wp\/v2\/product_brand?post=42799"},{"taxonomy":"product_cat","embeddable":true,"href":"https:\/\/xstyle.md\/ro\/wp-json\/wp\/v2\/product_cat?post=42799"},{"taxonomy":"product_tag","embeddable":true,"href":"https:\/\/xstyle.md\/ro\/wp-json\/wp\/v2\/product_tag?post=42799"}],"curies":[{"name":"wp","href":"https:\/\/api.w.org\/{rel}","templated":true}]}}