{"id":42750,"date":"2021-12-08T19:02:40","date_gmt":"2021-12-08T16:02:40","guid":{"rendered":"https:\/\/xstyle.md\/?post_type=product&#038;p=42750"},"modified":"2026-03-19T16:46:56","modified_gmt":"2026-03-19T13:46:56","slug":"kurtka-hannah-ree-wmn-blue-nights","status":"publish","type":"product","link":"https:\/\/xstyle.md\/ro\/produs\/kurtka-hannah-ree-wmn-blue-nights\/","title":{"rendered":"Geac\u0103 de schi Hannah Ree Wmn blue nights"},"content":{"rendered":"<div><span lang=\"EN-US\"><\/span><\/div>\n<div><\/div>\n<div><strong>Hannah Ree blue nights <\/strong>&#8212; geaca\u00a0de iarn\u0103 pentru femei cu membran\u0103 Resstex impermeabil\u0103 \u0219i izolantul termic moale \u0219i u\u0219or Duratherm High Loft v\u0103 va \u021bine \u00een c\u0103ldur\u0103 chiar \u0219i pe vremea cea mai rece. Geaca urmeaz\u0103 cele mai recente tendin\u021be de mod\u0103 \u0219i pune accent pe punctele feminine. Gluga izolatoare confortabil\u0103 este echipat\u0103 cu blan\u0103 deta\u0219abil\u0103, iar datorit\u0103 buzunarelor spa\u021bioase laterale, pote\u021bi lua cu Dumneavoastr\u0103 tot ce ave\u021bi nevoie.<\/div>\n<h3>Particularit\u0103\u021bi<\/h3>\n<ul>\n<li>Umplutur\u0103 izolatoare moale;<\/li>\n<li>Material respirabil \u0219i rezistent la v\u00e2nt;<\/li>\n<li>Glug\u0103 cu blan\u0103 deta\u0219abil\u0103;<\/li>\n<li>2 buzunare laterale cu fermoar;<\/li>\n<li>Cus\u0103turi principale etan\u0219ate.<\/li>\n<\/ul>\n<div>\n<h3>Caracteristici<\/h3>\n<ul>\n<li>Material &#8212; 100% Poliester;<\/li>\n<li>Izolant termic &#8212; Duratherm High Loft;<\/li>\n<li>Membran\u0103 &#8212; Resstex;<\/li>\n<li>Model - pentru femei.<\/li>\n<\/ul>\n<\/div>\n<h3>Tehnologie<\/h3>\n<ul>\n<li><strong>Resstex<\/strong>\u00a0&#8212; este o membran\u0103 poliuretanic\u0103 microporoas\u0103 cu un raport bine echilibrat de impermeabilitate \u0219i respirabilitate. Produsele cu aceast\u0103 membran\u0103 protejeaz\u0103 \u00eempotriva ploii sau a lapovi\u021bei, p\u0103str\u00e2nd \u00een acela\u0219i timp respirabilitatea apreciat\u0103 \u00een multe activit\u0103\u021bi \u00een aer liber.<\/li>\n<li><strong>Duratherm High Loft<\/strong>\u00a0&#8212; este un izolant termic din fleece \u0219i poliester de \u00eenalt\u0103 calitate, cu o ajustare special\u0103 pentru volum mare. Principalul avantaj este p\u0103strarea u\u0219urin\u021bei \u0219i moliciunii umpluturii cu propriet\u0103\u021bi optime de izolare termic\u0103. Este potrivit\u0103 mai ales pentru a fi purtat\u0103 \u00een timpul liber. Produsele cu un astfel de material de umplutur\u0103 trebuie cur\u0103\u021bate \u0219i men\u021binute la o temperatur\u0103 mai sc\u0103zut\u0103 folosind sp\u0103larea ciclic\u0103 normal\u0103.<\/li>\n<\/ul>\n<div>\n<h3 class=\"clear\" data-reader-unique-id=\"28\">Marca<\/h3>\n<p data-reader-unique-id=\"29\">Hannah\u00a0\u2014 este un brand interna\u021bional specializat \u00een \u00eembr\u0103c\u0103minte de c\u0103l\u0103torii \u0219i sport pentru toate anotimpurile. Brandul Hannah a fost fondat \u00een Republica Ceh\u0103 \u00een anul 1991. Compania a ob\u021binut un succes remarcabil pe pia\u021ba intern\u0103, datorit\u0103 calit\u0103\u021bii \u00eenalte \u0219i pre\u021burilor accesibile.<\/p>\n<p data-reader-unique-id=\"30\">La \u00eenceput, compania fabrica produse conform standardelor interna\u021bionale, deoarece au \u00een\u021beles pe deplin importan\u021ba unei reputa\u021bii excelente. \u00cen acest sens, s-a alocat mult timp selec\u021biei materialelor de \u00eenalt\u0103 calitate, care sunt rezistente la uzur\u0103 \u0219i rezistente la ap\u0103. Ast\u0103zi, brandul nu st\u0103 pe loc, catalogul lor este \u00een permanen\u021b\u0103 actualizat \u0219i extins, iar produsele pot fi g\u0103site \u00een toat\u0103 lumea.<\/p>\n<\/div>\n<div>\n<div><span lang=\"EN-US\"><\/span><\/div>\n<\/div>","protected":false},"excerpt":{"rendered":"","protected":false},"featured_media":46478,"comment_status":"open","ping_status":"closed","template":"","meta":{"_acf_changed":false,"inline_featured_image":false},"product_brand":[1271],"product_cat":[430],"product_tag":[],"class_list":{"0":"post-42750","1":"product","2":"type-product","3":"status-publish","4":"has-post-thumbnail","6":"product_brand-hannah","7":"product_cat-jachete-de-schi-femei","9":"first","10":"instock","11":"shipping-taxable","12":"purchasable","13":"product-type-simple"},"acf":[],"yoast_head":"<!-- This site is optimized with the Yoast SEO plugin v27.2 - https:\/\/yoast.com\/product\/yoast-seo-wordpress\/ -->\n<title>\u041a\u0443\u0440\u0442\u043a\u0430 Hannah Ree Wmn blue nights - \u041c\u0430\u0433\u0430\u0437\u0438\u043d Xstyle<\/title>\n<meta name=\"description\" content=\"\u041a\u0443\u0440\u0442\u043a\u0430 Hannah Ree Wmn Blue Nights - \u0441\u0442\u0438\u043b\u044c\u043d\u0430\u044f \u0438 \u0442\u0435\u043f\u043b\u0430\u044f. \u0421 \u043c\u0435\u043c\u0431\u0440\u0430\u043d\u043e\u0439 Resstex \u0438 \u0443\u0442\u0435\u043f\u043b\u0438\u0442\u0435\u043b\u0435\u043c Duratherm High Loft \u0434\u043b\u044f \u043c\u0430\u043a\u0441\u0438\u043c\u0430\u043b\u044c\u043d\u043e\u0433\u043e \u043a\u043e\u043c\u0444\u043e\u0440\u0442\u0430 \u0432 \u0445\u043e\u043b\u043e\u0434\u043d\u0443\u044e \u043f\u043e\u0433\u043e\u0434\u0443.\" \/>\n<meta name=\"robots\" content=\"index, follow, max-snippet:-1, max-image-preview:large, max-video-preview:-1\" \/>\n<link rel=\"canonical\" href=\"https:\/\/xstyle.md\/ro\/produs\/kurtka-hannah-ree-wmn-blue-nights\/\" \/>\n<meta property=\"og:locale\" content=\"ro_RO\" \/>\n<meta property=\"og:type\" content=\"article\" \/>\n<meta property=\"og:title\" content=\"\u041a\u0443\u0440\u0442\u043a\u0430 Hannah Ree Wmn blue nights - \u041c\u0430\u0433\u0430\u0437\u0438\u043d Xstyle\" \/>\n<meta property=\"og:description\" content=\"\u041a\u0443\u0440\u0442\u043a\u0430 Hannah Ree Wmn Blue Nights - \u0441\u0442\u0438\u043b\u044c\u043d\u0430\u044f \u0438 \u0442\u0435\u043f\u043b\u0430\u044f. \u0421 \u043c\u0435\u043c\u0431\u0440\u0430\u043d\u043e\u0439 Resstex \u0438 \u0443\u0442\u0435\u043f\u043b\u0438\u0442\u0435\u043b\u0435\u043c Duratherm High Loft \u0434\u043b\u044f \u043c\u0430\u043a\u0441\u0438\u043c\u0430\u043b\u044c\u043d\u043e\u0433\u043e \u043a\u043e\u043c\u0444\u043e\u0440\u0442\u0430 \u0432 \u0445\u043e\u043b\u043e\u0434\u043d\u0443\u044e \u043f\u043e\u0433\u043e\u0434\u0443.\" \/>\n<meta property=\"og:url\" content=\"https:\/\/xstyle.md\/ro\/produs\/kurtka-hannah-ree-wmn-blue-nights\/\" \/>\n<meta property=\"og:site_name\" content=\"\u041c\u0430\u0433\u0430\u0437\u0438\u043d Xstyle\" \/>\n<meta property=\"article:publisher\" content=\"https:\/\/www.facebook.com\/xstylemd\" \/>\n<meta property=\"article:modified_time\" content=\"2026-03-19T13:46:56+00:00\" \/>\n<meta property=\"og:image\" content=\"https:\/\/xstyle.md\/wp-content\/uploads\/2021\/12\/hannah-ree-wmn-blue-nights-0.jpg\" \/>\n\t<meta property=\"og:image:width\" content=\"680\" \/>\n\t<meta property=\"og:image:height\" content=\"872\" \/>\n\t<meta property=\"og:image:type\" content=\"image\/jpeg\" \/>\n<meta name=\"twitter:card\" content=\"summary_large_image\" \/>\n<meta name=\"twitter:label1\" content=\"Pre\u021b\" \/>\n\t<meta name=\"twitter:data1\" content=\"2.390&nbsp;MDL\" \/>\n\t<meta name=\"twitter:label2\" content=\"Disponibilitate\" \/>\n\t<meta name=\"twitter:data2\" content=\"\u00cen stoc\" \/>\n<script type=\"application\/ld+json\" class=\"yoast-schema-graph\">{\"@context\":\"https:\/\/schema.org\",\"@graph\":[{\"@type\":\"WebPage\",\"@id\":\"https:\/\/xstyle.md\/product\/kurtka-hannah-ree-wmn-blue-nights\/\",\"url\":\"https:\/\/xstyle.md\/product\/kurtka-hannah-ree-wmn-blue-nights\/\",\"name\":\"\u041a\u0443\u0440\u0442\u043a\u0430 Hannah Ree Wmn blue nights - \u041c\u0430\u0433\u0430\u0437\u0438\u043d Xstyle\",\"isPartOf\":{\"@id\":\"https:\/\/xstyle.md\/#website\"},\"primaryImageOfPage\":{\"@id\":\"https:\/\/xstyle.md\/product\/kurtka-hannah-ree-wmn-blue-nights\/#primaryimage\"},\"image\":{\"@id\":\"https:\/\/xstyle.md\/product\/kurtka-hannah-ree-wmn-blue-nights\/#primaryimage\"},\"thumbnailUrl\":\"https:\/\/xstyle.md\/wp-content\/uploads\/2021\/12\/hannah-ree-wmn-blue-nights-0.jpg\",\"datePublished\":\"2021-12-08T16:02:40+00:00\",\"dateModified\":\"2026-03-19T13:46:56+00:00\",\"description\":\"\u041a\u0443\u0440\u0442\u043a\u0430 Hannah Ree Wmn Blue Nights - \u0441\u0442\u0438\u043b\u044c\u043d\u0430\u044f \u0438 \u0442\u0435\u043f\u043b\u0430\u044f. \u0421 \u043c\u0435\u043c\u0431\u0440\u0430\u043d\u043e\u0439 Resstex \u0438 \u0443\u0442\u0435\u043f\u043b\u0438\u0442\u0435\u043b\u0435\u043c Duratherm High Loft \u0434\u043b\u044f \u043c\u0430\u043a\u0441\u0438\u043c\u0430\u043b\u044c\u043d\u043e\u0433\u043e \u043a\u043e\u043c\u0444\u043e\u0440\u0442\u0430 \u0432 \u0445\u043e\u043b\u043e\u0434\u043d\u0443\u044e \u043f\u043e\u0433\u043e\u0434\u0443.\",\"breadcrumb\":{\"@id\":\"https:\/\/xstyle.md\/product\/kurtka-hannah-ree-wmn-blue-nights\/#breadcrumb\"},\"inLanguage\":\"ro-RO\",\"potentialAction\":[{\"@type\":\"ReadAction\",\"target\":[\"https:\/\/xstyle.md\/product\/kurtka-hannah-ree-wmn-blue-nights\/\"]}]},{\"@type\":\"ImageObject\",\"inLanguage\":\"ro-RO\",\"@id\":\"https:\/\/xstyle.md\/product\/kurtka-hannah-ree-wmn-blue-nights\/#primaryimage\",\"url\":\"https:\/\/xstyle.md\/wp-content\/uploads\/2021\/12\/hannah-ree-wmn-blue-nights-0.jpg\",\"contentUrl\":\"https:\/\/xstyle.md\/wp-content\/uploads\/2021\/12\/hannah-ree-wmn-blue-nights-0.jpg\",\"width\":680,\"height\":872,\"caption\":\"\u0416\u0435\u043d\u0441\u043a\u0430\u044f \u0441\u0438\u043d\u044f\u044f \u043a\u0443\u0440\u0442\u043a\u0430 Hannah Ree \u0434\u043b\u044f \u0430\u043a\u0442\u0438\u0432\u043d\u043e\u0433\u043e \u043e\u0442\u0434\u044b\u0445\u0430, \u043f\u043e\u0445\u043e\u0434\u043e\u0432, \u0442\u0443\u0440\u0438\u0437\u043c\u0430 \u0438 \u043f\u0443\u0442\u0435\u0448\u0435\u0441\u0442\u0432\u0438\u0439 \u0432 \u0438\u043d\u0442\u0435\u0440\u043d\u0435\u0442-\u043c\u0430\u0433\u0430\u0437\u0438\u043d\u0435 \u0441\u043f\u043e\u0440\u0442\u0438\u0432\u043d\u043e\u0439 \u044d\u043a\u0438\u043f\u0438\u0440\u043e\u0432\u043a\u0438\"},{\"@type\":\"BreadcrumbList\",\"@id\":\"https:\/\/xstyle.md\/product\/kurtka-hannah-ree-wmn-blue-nights\/#breadcrumb\",\"itemListElement\":[{\"@type\":\"ListItem\",\"position\":1,\"name\":\"\u0413\u043b\u0430\u0432\u043d\u0430\u044f \u0441\u0442\u0440\u0430\u043d\u0438\u0446\u0430\",\"item\":\"https:\/\/xstyle.md\/\"},{\"@type\":\"ListItem\",\"position\":2,\"name\":\"\u041c\u0430\u0433\u0430\u0437\u0438\u043d\",\"item\":\"https:\/\/xstyle.md\/shop\/\"},{\"@type\":\"ListItem\",\"position\":3,\"name\":\"\u041a\u0443\u0440\u0442\u043a\u0430 Hannah Ree Wmn blue nights\"}]},{\"@type\":\"WebSite\",\"@id\":\"https:\/\/xstyle.md\/#website\",\"url\":\"https:\/\/xstyle.md\/\",\"name\":\"\u041c\u0430\u0433\u0430\u0437\u0438\u043d Xstyle\",\"description\":\"C\u043d\u0430\u0440\u044f\u0436\u0435\u043d\u0438\u0435 \u0434\u043b\u044f \u0442\u0443\u0440\u0438\u0437\u043c\u0430 \u0438 \u044d\u043a\u0441\u0442\u0440\u0435\u043c\u0430\u043b\u044c\u043d\u044b\u0445 \u0432\u0438\u0434\u043e\u0432 \u0441\u043f\u043e\u0440\u0442\u0430 \u0432 \u041c\u043e\u043b\u0434\u043e\u0432\u0435.. \u0426\u0435\u043d\u044b, \u0444\u043e\u0442\u043e, \u0445\u0430\u0440\u0430\u043a\u0442\u0435\u0440\u0438\u0441\u0442\u0438\u043a\u0438 \u0432 \u041c\u043e\u043b\u0434\u043e\u0432\u0435.\",\"publisher\":{\"@id\":\"https:\/\/xstyle.md\/#organization\"},\"alternateName\":\"X-Style\",\"potentialAction\":[{\"@type\":\"SearchAction\",\"target\":{\"@type\":\"EntryPoint\",\"urlTemplate\":\"https:\/\/xstyle.md\/?s={search_term_string}\"},\"query-input\":{\"@type\":\"PropertyValueSpecification\",\"valueRequired\":true,\"valueName\":\"search_term_string\"}}],\"inLanguage\":\"ro-RO\"},{\"@type\":\"Organization\",\"@id\":\"https:\/\/xstyle.md\/#organization\",\"name\":\"\u041c\u0430\u0433\u0430\u0437\u0438\u043d Xstyle\",\"alternateName\":\"x-style\",\"url\":\"https:\/\/xstyle.md\/\",\"logo\":{\"@type\":\"ImageObject\",\"inLanguage\":\"ro-RO\",\"@id\":\"https:\/\/xstyle.md\/#\/schema\/logo\/image\/\",\"url\":\"https:\/\/xstyle.md\/wp-content\/uploads\/2020\/06\/logoicon.svg\",\"contentUrl\":\"https:\/\/xstyle.md\/wp-content\/uploads\/2020\/06\/logoicon.svg\",\"caption\":\"\u041c\u0430\u0433\u0430\u0437\u0438\u043d Xstyle\"},\"image\":{\"@id\":\"https:\/\/xstyle.md\/#\/schema\/logo\/image\/\"},\"sameAs\":[\"https:\/\/www.facebook.com\/xstylemd\",\"https:\/\/www.instagram.com\/xstyle_md\/\",\"https:\/\/t.me\/xstyle_outdoor\"],\"hasMerchantReturnPolicy\":{\"@type\":\"MerchantReturnPolicy\",\"merchantReturnLink\":\"https:\/\/xstyle.md\/ro\/conditions\/\"}}]}<\/script>\n<meta property=\"product:price:amount\" content=\"2390.00\" \/>\n<meta property=\"product:price:currency\" content=\"MDL\" \/>\n<meta property=\"og:availability\" content=\"instock\" \/>\n<meta property=\"product:availability\" content=\"instock\" \/>\n<meta property=\"product:retailer_item_id\" content=\"8591203322744\" \/>\n<meta property=\"product:condition\" content=\"new\" \/>\n<!-- \/ Yoast SEO plugin. -->","yoast_head_json":{"title":"Geac\u0103 Hannah Ree Wmn blue nights - Magazin Xstyle","description":"Jacheta Hannah Ree Wmn Blue Nights - elegant\u0103 \u0219i c\u0103lduroas\u0103. Cu membran\u0103 Resstex \u0219i izola\u021bie Duratherm High Loft pentru un confort maxim \u00een vreme rece.","robots":{"index":"index","follow":"follow","max-snippet":"max-snippet:-1","max-image-preview":"max-image-preview:large","max-video-preview":"max-video-preview:-1"},"canonical":"https:\/\/xstyle.md\/ro\/produs\/kurtka-hannah-ree-wmn-blue-nights\/","og_locale":"ro_RO","og_type":"article","og_title":"\u041a\u0443\u0440\u0442\u043a\u0430 Hannah Ree Wmn blue nights - \u041c\u0430\u0433\u0430\u0437\u0438\u043d Xstyle","og_description":"\u041a\u0443\u0440\u0442\u043a\u0430 Hannah Ree Wmn Blue Nights - \u0441\u0442\u0438\u043b\u044c\u043d\u0430\u044f \u0438 \u0442\u0435\u043f\u043b\u0430\u044f. \u0421 \u043c\u0435\u043c\u0431\u0440\u0430\u043d\u043e\u0439 Resstex \u0438 \u0443\u0442\u0435\u043f\u043b\u0438\u0442\u0435\u043b\u0435\u043c Duratherm High Loft \u0434\u043b\u044f \u043c\u0430\u043a\u0441\u0438\u043c\u0430\u043b\u044c\u043d\u043e\u0433\u043e \u043a\u043e\u043c\u0444\u043e\u0440\u0442\u0430 \u0432 \u0445\u043e\u043b\u043e\u0434\u043d\u0443\u044e \u043f\u043e\u0433\u043e\u0434\u0443.","og_url":"https:\/\/xstyle.md\/ro\/produs\/kurtka-hannah-ree-wmn-blue-nights\/","og_site_name":"\u041c\u0430\u0433\u0430\u0437\u0438\u043d Xstyle","article_publisher":"https:\/\/www.facebook.com\/xstylemd","article_modified_time":"2026-03-19T13:46:56+00:00","og_image":[{"width":680,"height":872,"url":"https:\/\/xstyle.md\/wp-content\/uploads\/2021\/12\/hannah-ree-wmn-blue-nights-0.jpg","type":"image\/jpeg"}],"twitter_card":"summary_large_image","twitter_misc":{"Pre\u021b":"2.390&nbsp;MDL","Disponibilitate":"\u00cen stoc"},"schema":{"@context":"https:\/\/schema.org","@graph":[{"@type":"WebPage","@id":"https:\/\/xstyle.md\/product\/kurtka-hannah-ree-wmn-blue-nights\/","url":"https:\/\/xstyle.md\/product\/kurtka-hannah-ree-wmn-blue-nights\/","name":"Geac\u0103 Hannah Ree Wmn blue nights - Magazin Xstyle","isPartOf":{"@id":"https:\/\/xstyle.md\/#website"},"primaryImageOfPage":{"@id":"https:\/\/xstyle.md\/product\/kurtka-hannah-ree-wmn-blue-nights\/#primaryimage"},"image":{"@id":"https:\/\/xstyle.md\/product\/kurtka-hannah-ree-wmn-blue-nights\/#primaryimage"},"thumbnailUrl":"https:\/\/xstyle.md\/wp-content\/uploads\/2021\/12\/hannah-ree-wmn-blue-nights-0.jpg","datePublished":"2021-12-08T16:02:40+00:00","dateModified":"2026-03-19T13:46:56+00:00","description":"Jacheta Hannah Ree Wmn Blue Nights - elegant\u0103 \u0219i c\u0103lduroas\u0103. Cu membran\u0103 Resstex \u0219i izola\u021bie Duratherm High Loft pentru un confort maxim \u00een vreme rece.","breadcrumb":{"@id":"https:\/\/xstyle.md\/product\/kurtka-hannah-ree-wmn-blue-nights\/#breadcrumb"},"inLanguage":"ro-RO","potentialAction":[{"@type":"ReadAction","target":["https:\/\/xstyle.md\/product\/kurtka-hannah-ree-wmn-blue-nights\/"]}]},{"@type":"ImageObject","inLanguage":"ro-RO","@id":"https:\/\/xstyle.md\/product\/kurtka-hannah-ree-wmn-blue-nights\/#primaryimage","url":"https:\/\/xstyle.md\/wp-content\/uploads\/2021\/12\/hannah-ree-wmn-blue-nights-0.jpg","contentUrl":"https:\/\/xstyle.md\/wp-content\/uploads\/2021\/12\/hannah-ree-wmn-blue-nights-0.jpg","width":680,"height":872,"caption":"\u0416\u0435\u043d\u0441\u043a\u0430\u044f \u0441\u0438\u043d\u044f\u044f \u043a\u0443\u0440\u0442\u043a\u0430 Hannah Ree \u0434\u043b\u044f \u0430\u043a\u0442\u0438\u0432\u043d\u043e\u0433\u043e \u043e\u0442\u0434\u044b\u0445\u0430, \u043f\u043e\u0445\u043e\u0434\u043e\u0432, \u0442\u0443\u0440\u0438\u0437\u043c\u0430 \u0438 \u043f\u0443\u0442\u0435\u0448\u0435\u0441\u0442\u0432\u0438\u0439 \u0432 \u0438\u043d\u0442\u0435\u0440\u043d\u0435\u0442-\u043c\u0430\u0433\u0430\u0437\u0438\u043d\u0435 \u0441\u043f\u043e\u0440\u0442\u0438\u0432\u043d\u043e\u0439 \u044d\u043a\u0438\u043f\u0438\u0440\u043e\u0432\u043a\u0438"},{"@type":"BreadcrumbList","@id":"https:\/\/xstyle.md\/product\/kurtka-hannah-ree-wmn-blue-nights\/#breadcrumb","itemListElement":[{"@type":"ListItem","position":1,"name":"\u0413\u043b\u0430\u0432\u043d\u0430\u044f \u0441\u0442\u0440\u0430\u043d\u0438\u0446\u0430","item":"https:\/\/xstyle.md\/"},{"@type":"ListItem","position":2,"name":"\u041c\u0430\u0433\u0430\u0437\u0438\u043d","item":"https:\/\/xstyle.md\/shop\/"},{"@type":"ListItem","position":3,"name":"\u041a\u0443\u0440\u0442\u043a\u0430 Hannah Ree Wmn blue nights"}]},{"@type":"WebSite","@id":"https:\/\/xstyle.md\/#website","url":"https:\/\/xstyle.md\/","name":"Magazinul X-Style","description":"Echipamente pentru turism \u0219i sporturi extreme \u00een Moldova. Pre\u021buri, fotografii, caracteristici \u00een Moldova.","publisher":{"@id":"https:\/\/xstyle.md\/#organization"},"alternateName":"X-Style","potentialAction":[{"@type":"SearchAction","target":{"@type":"EntryPoint","urlTemplate":"https:\/\/xstyle.md\/?s={search_term_string}"},"query-input":{"@type":"PropertyValueSpecification","valueRequired":true,"valueName":"search_term_string"}}],"inLanguage":"ro-RO"},{"@type":"Organization","@id":"https:\/\/xstyle.md\/#organization","name":"Magazinul X-Style","alternateName":"x-style","url":"https:\/\/xstyle.md\/","logo":{"@type":"ImageObject","inLanguage":"ro-RO","@id":"https:\/\/xstyle.md\/#\/schema\/logo\/image\/","url":"https:\/\/xstyle.md\/wp-content\/uploads\/2020\/06\/logoicon.svg","contentUrl":"https:\/\/xstyle.md\/wp-content\/uploads\/2020\/06\/logoicon.svg","caption":"\u041c\u0430\u0433\u0430\u0437\u0438\u043d Xstyle"},"image":{"@id":"https:\/\/xstyle.md\/#\/schema\/logo\/image\/"},"sameAs":["https:\/\/www.facebook.com\/xstylemd","https:\/\/www.instagram.com\/xstyle_md\/","https:\/\/t.me\/xstyle_outdoor"],"hasMerchantReturnPolicy":{"@type":"MerchantReturnPolicy","merchantReturnLink":"https:\/\/xstyle.md\/ro\/conditions\/"}}]},"product_price_amount":"2390.00","product_price_currency":"MDL","og_availability":"instock","product_availability":"instock","product_retailer_item_id":"8591203322744","product_condition":"new"},"post_mailing_queue_ids":[],"_links":{"self":[{"href":"https:\/\/xstyle.md\/ro\/wp-json\/wp\/v2\/product\/42750","targetHints":{"allow":["GET"]}}],"collection":[{"href":"https:\/\/xstyle.md\/ro\/wp-json\/wp\/v2\/product"}],"about":[{"href":"https:\/\/xstyle.md\/ro\/wp-json\/wp\/v2\/types\/product"}],"replies":[{"embeddable":true,"href":"https:\/\/xstyle.md\/ro\/wp-json\/wp\/v2\/comments?post=42750"}],"wp:featuredmedia":[{"embeddable":true,"href":"https:\/\/xstyle.md\/ro\/wp-json\/wp\/v2\/media\/46478"}],"wp:attachment":[{"href":"https:\/\/xstyle.md\/ro\/wp-json\/wp\/v2\/media?parent=42750"}],"wp:term":[{"taxonomy":"product_brand","embeddable":true,"href":"https:\/\/xstyle.md\/ro\/wp-json\/wp\/v2\/product_brand?post=42750"},{"taxonomy":"product_cat","embeddable":true,"href":"https:\/\/xstyle.md\/ro\/wp-json\/wp\/v2\/product_cat?post=42750"},{"taxonomy":"product_tag","embeddable":true,"href":"https:\/\/xstyle.md\/ro\/wp-json\/wp\/v2\/product_tag?post=42750"}],"curies":[{"name":"wp","href":"https:\/\/api.w.org\/{rel}","templated":true}]}}