{"id":42731,"date":"2021-12-08T19:02:36","date_gmt":"2021-12-08T16:02:36","guid":{"rendered":"https:\/\/xstyle.md\/?post_type=product&#038;p=42731"},"modified":"2026-03-19T16:46:51","modified_gmt":"2026-03-19T13:46:51","slug":"batnik-hannah-cher-wmn-dark-gray-mel-crystal-rose-mel","status":"publish","type":"product","link":"https:\/\/xstyle.md\/ro\/produs\/batnik-hannah-cher-wmn-dark-gray-mel-crystal-rose-mel\/","title":{"rendered":"Pulover Hannah Cher Wmn dark gray mel\/crystal rose mel"},"content":{"rendered":"<\/p>\n<p>Pulover <strong>Hannah Cher Wmn Dark Gray Mel\/Crystal Rose Mel<\/strong> este un al doilea strat tehnic pentru to\u021bi iubitorii de munte, pentru schiori \u0219i pentru absolut to\u021bi pasiona\u021bii de petrecerea activ\u0103 a timpului liber. Jacheta este confec\u021bionat\u0103 dintr-un material fleece moale \u0219i pl\u0103cut, care are propriet\u0103\u021bi excelente de izolare termic\u0103 \u0219i nu absoarbe umezeala. Hanoracul cu glug\u0103 are un guler ridicat \u0219i dou\u0103 buzunare principale. Marginea inferioar\u0103 \u0219i m\u00e2necile sunt c\u0103ptu\u0219ite cu cauciuc pentru o mai bun\u0103 potrivire. O op\u021biune bun\u0103 pentru utilizarea zilnic\u0103 \u0219i pentru c\u0103l\u0103torii, nu ocup\u0103 mult spa\u021biu \u00een bagaj.<\/p>\n<h3>Particularit\u0103\u021bi<\/h3>\n<ul>\n<li>Fermoar lung<\/li>\n<li>Gulerul \u00eenalt protejeaz\u0103 g\u00e2tul de frig sau de curen\u021bi de aer<\/li>\n<li>Material pl\u0103cut la atingere moale<\/li>\n<li>Re\u021bine c\u0103ldura corpului<\/li>\n<li>Form\u0103 ajustat\u0103.<\/li>\n<\/ul>\n<h3>Caracteristici<\/h3>\n<ul>\n<li>Material &#8212; PolarStrech Micro<\/li>\n<li>Destina\u021bie &#8212; sport\/ casual\/ trekking<\/li>\n<li>Sezonul - primarvar\u0103\/toamn\u0103<\/li>\n<li>Model - pentru femei.<\/li>\n<\/ul>\n<h3>Tehnologie<\/h3>\n<ul>\n<li><strong>PolarStrech Micro<\/strong> &#8212; materialul rezistent la uzur\u0103, elastic \u0219i extensibil este u\u0219or de \u00eentre\u021binut. Datorit\u0103 structurii sale, acesta respir\u0103 bine \u0219i previne mirosul corporal. \u00cembr\u0103c\u0103mintea confec\u021bionat\u0103 din acest material este utilizat\u0103 ca un al doilea strat sau strat exterior u\u0219or, nu limiteaz\u0103 mi\u0219carea \u0219i este ideal\u0103 pentru sporturile active.<\/li>\n<\/ul>\n<h3>Marca<\/h3>\n<p>Hannah este un brand interna\u021bional specializat \u00een articole de c\u0103l\u0103torie \u0219i \u00eembr\u0103c\u0103minte sport pentru fiecare sezon. Marca Hannah a fost fondat\u0103 \u00een Republica Ceh\u0103 \u00een 1991. Compania a ob\u021binut un succes bun pe pia\u021ba intern\u0103 datorit\u0103 politicii sale de \u00eenalt\u0103 calitate \u0219i a pre\u021burilor accesibile pentru fiecare produs.<\/p>\n<p>\u00cenc\u0103 de la \u00eenceput, compania a \u00eenceput s\u0103 fabrice produse \u00een conformitate cu standardele interna\u021bionale, deoarece a realizat pe deplin importan\u021ba unei reputa\u021bii curate. \u00cen acest sens, s-a petrecut mult timp cu selectarea materialelor de calitate, ale c\u0103ror produse puteau fi caracterizate prin rezisten\u021b\u0103 la uzur\u0103 \u0219i durabilitate, iar unele produse erau, de asemenea, impermeabile. Ast\u0103zi, marca nu st\u0103 pe loc, catalogul lor este actualizat \u0219i extins \u00een mod constant, iar produsele pot fi g\u0103site \u00een \u00eentreaga lume.<\/p>\n<p><\/p>","protected":false},"excerpt":{"rendered":"","protected":false},"featured_media":53834,"comment_status":"open","ping_status":"closed","template":"","meta":{"_acf_changed":false,"inline_featured_image":false},"product_brand":[1271],"product_cat":[243],"product_tag":[],"class_list":{"0":"post-42731","1":"product","2":"type-product","3":"status-publish","4":"has-post-thumbnail","6":"product_brand-hannah","7":"product_cat-fleece-scurta-femei","9":"first","10":"instock","11":"shipping-taxable","12":"purchasable","13":"product-type-simple"},"acf":[],"yoast_head":"<!-- This site is optimized with the Yoast SEO plugin v27.2 - https:\/\/yoast.com\/product\/yoast-seo-wordpress\/ -->\n<title>\u0411\u0430\u0442\u043d\u0438\u043a Hannah Cher Wmn dark gray mel\/crystal rose mel - \u041c\u0430\u0433\u0430\u0437\u0438\u043d Xstyle<\/title>\n<meta name=\"description\" content=\"\u0411\u0430\u0442\u043d\u0438\u043a Hannah Cher Wmn \u0442\u0435\u043c\u043d\u043e-\u0441\u0435\u0440\u044b\u0439 \u043c\u0435\u043b\u0430\u043d\u0436 \u0441 \u043a\u0440\u0438\u0441\u0442\u0430\u043b\u044c\u043d\u043e-\u0440\u043e\u0437\u043e\u0432\u044b\u043c \u0438\u0434\u0435\u0430\u043b\u044c\u043d\u043e \u043f\u043e\u0434\u0445\u043e\u0434\u0438\u0442 \u0434\u043b\u044f \u0430\u043a\u0442\u0438\u0432\u043d\u043e\u0433\u043e \u043e\u0442\u0434\u044b\u0445\u0430. \u0422\u0435\u043f\u043b\u044b\u0439 \u0444\u043b\u0438\u0441 \u0434\u043b\u044f \u043b\u044b\u0436\u043d\u0438\u043a\u043e\u0432 \u0438 \u043b\u044e\u0431\u0438\u0442\u0435\u043b\u0435\u0439 \u043f\u0440\u0438\u0440\u043e\u0434\u044b.\" \/>\n<meta name=\"robots\" content=\"index, follow, max-snippet:-1, max-image-preview:large, max-video-preview:-1\" \/>\n<link rel=\"canonical\" href=\"https:\/\/xstyle.md\/ro\/produs\/batnik-hannah-cher-wmn-dark-gray-mel-crystal-rose-mel\/\" \/>\n<meta property=\"og:locale\" content=\"ro_RO\" \/>\n<meta property=\"og:type\" content=\"article\" \/>\n<meta property=\"og:title\" content=\"\u0411\u0430\u0442\u043d\u0438\u043a Hannah Cher Wmn dark gray mel\/crystal rose mel - \u041c\u0430\u0433\u0430\u0437\u0438\u043d Xstyle\" \/>\n<meta property=\"og:description\" content=\"\u0411\u0430\u0442\u043d\u0438\u043a Hannah Cher Wmn \u0442\u0435\u043c\u043d\u043e-\u0441\u0435\u0440\u044b\u0439 \u043c\u0435\u043b\u0430\u043d\u0436 \u0441 \u043a\u0440\u0438\u0441\u0442\u0430\u043b\u044c\u043d\u043e-\u0440\u043e\u0437\u043e\u0432\u044b\u043c \u0438\u0434\u0435\u0430\u043b\u044c\u043d\u043e \u043f\u043e\u0434\u0445\u043e\u0434\u0438\u0442 \u0434\u043b\u044f \u0430\u043a\u0442\u0438\u0432\u043d\u043e\u0433\u043e \u043e\u0442\u0434\u044b\u0445\u0430. \u0422\u0435\u043f\u043b\u044b\u0439 \u0444\u043b\u0438\u0441 \u0434\u043b\u044f \u043b\u044b\u0436\u043d\u0438\u043a\u043e\u0432 \u0438 \u043b\u044e\u0431\u0438\u0442\u0435\u043b\u0435\u0439 \u043f\u0440\u0438\u0440\u043e\u0434\u044b.\" \/>\n<meta property=\"og:url\" content=\"https:\/\/xstyle.md\/ro\/produs\/batnik-hannah-cher-wmn-dark-gray-mel-crystal-rose-mel\/\" \/>\n<meta property=\"og:site_name\" content=\"\u041c\u0430\u0433\u0430\u0437\u0438\u043d Xstyle\" \/>\n<meta property=\"article:publisher\" content=\"https:\/\/www.facebook.com\/xstylemd\" \/>\n<meta property=\"article:modified_time\" content=\"2026-03-19T13:46:51+00:00\" \/>\n<meta property=\"og:image\" content=\"https:\/\/xstyle.md\/wp-content\/uploads\/2021\/12\/hannah-cher-wmn-dark-gray-mel-crystal-rose-mel-0.jpg\" \/>\n\t<meta property=\"og:image:width\" content=\"809\" \/>\n\t<meta property=\"og:image:height\" content=\"884\" \/>\n\t<meta property=\"og:image:type\" content=\"image\/jpeg\" \/>\n<meta name=\"twitter:card\" content=\"summary_large_image\" \/>\n<meta name=\"twitter:label1\" content=\"Pre\u021b\" \/>\n\t<meta name=\"twitter:data1\" content=\"1.160&nbsp;MDL\" \/>\n\t<meta name=\"twitter:label2\" content=\"Disponibilitate\" \/>\n\t<meta name=\"twitter:data2\" content=\"\u00cen stoc\" \/>\n<script type=\"application\/ld+json\" class=\"yoast-schema-graph\">{\"@context\":\"https:\/\/schema.org\",\"@graph\":[{\"@type\":\"WebPage\",\"@id\":\"https:\/\/xstyle.md\/product\/batnik-hannah-cher-wmn-dark-gray-mel-crystal-rose-mel\/\",\"url\":\"https:\/\/xstyle.md\/product\/batnik-hannah-cher-wmn-dark-gray-mel-crystal-rose-mel\/\",\"name\":\"\u0411\u0430\u0442\u043d\u0438\u043a Hannah Cher Wmn dark gray mel\/crystal rose mel - \u041c\u0430\u0433\u0430\u0437\u0438\u043d Xstyle\",\"isPartOf\":{\"@id\":\"https:\/\/xstyle.md\/#website\"},\"primaryImageOfPage\":{\"@id\":\"https:\/\/xstyle.md\/product\/batnik-hannah-cher-wmn-dark-gray-mel-crystal-rose-mel\/#primaryimage\"},\"image\":{\"@id\":\"https:\/\/xstyle.md\/product\/batnik-hannah-cher-wmn-dark-gray-mel-crystal-rose-mel\/#primaryimage\"},\"thumbnailUrl\":\"https:\/\/xstyle.md\/wp-content\/uploads\/2021\/12\/hannah-cher-wmn-dark-gray-mel-crystal-rose-mel-0.jpg\",\"datePublished\":\"2021-12-08T16:02:36+00:00\",\"dateModified\":\"2026-03-19T13:46:51+00:00\",\"description\":\"\u0411\u0430\u0442\u043d\u0438\u043a Hannah Cher Wmn \u0442\u0435\u043c\u043d\u043e-\u0441\u0435\u0440\u044b\u0439 \u043c\u0435\u043b\u0430\u043d\u0436 \u0441 \u043a\u0440\u0438\u0441\u0442\u0430\u043b\u044c\u043d\u043e-\u0440\u043e\u0437\u043e\u0432\u044b\u043c \u0438\u0434\u0435\u0430\u043b\u044c\u043d\u043e \u043f\u043e\u0434\u0445\u043e\u0434\u0438\u0442 \u0434\u043b\u044f \u0430\u043a\u0442\u0438\u0432\u043d\u043e\u0433\u043e \u043e\u0442\u0434\u044b\u0445\u0430. \u0422\u0435\u043f\u043b\u044b\u0439 \u0444\u043b\u0438\u0441 \u0434\u043b\u044f \u043b\u044b\u0436\u043d\u0438\u043a\u043e\u0432 \u0438 \u043b\u044e\u0431\u0438\u0442\u0435\u043b\u0435\u0439 \u043f\u0440\u0438\u0440\u043e\u0434\u044b.\",\"breadcrumb\":{\"@id\":\"https:\/\/xstyle.md\/product\/batnik-hannah-cher-wmn-dark-gray-mel-crystal-rose-mel\/#breadcrumb\"},\"inLanguage\":\"ro-RO\",\"potentialAction\":[{\"@type\":\"ReadAction\",\"target\":[\"https:\/\/xstyle.md\/product\/batnik-hannah-cher-wmn-dark-gray-mel-crystal-rose-mel\/\"]}]},{\"@type\":\"ImageObject\",\"inLanguage\":\"ro-RO\",\"@id\":\"https:\/\/xstyle.md\/product\/batnik-hannah-cher-wmn-dark-gray-mel-crystal-rose-mel\/#primaryimage\",\"url\":\"https:\/\/xstyle.md\/wp-content\/uploads\/2021\/12\/hannah-cher-wmn-dark-gray-mel-crystal-rose-mel-0.jpg\",\"contentUrl\":\"https:\/\/xstyle.md\/wp-content\/uploads\/2021\/12\/hannah-cher-wmn-dark-gray-mel-crystal-rose-mel-0.jpg\",\"width\":809,\"height\":884,\"caption\":\"\u0411\u0430\u0442\u043d\u0438\u043a Hannah Cher Wmn \u0442\u0435\u043c\u043d\u043e-\u0441\u0435\u0440\u044b\u0439 \u0441 \u0440\u043e\u0437\u043e\u0432\u044b\u043c \u043a\u0440\u0438\u0441\u0442\u0430\u043b\u043b\u043e\u043c \u0434\u043b\u044f \u0430\u043a\u0442\u0438\u0432\u043d\u043e\u0433\u043e \u043e\u0442\u0434\u044b\u0445\u0430, \u043f\u043e\u0445\u043e\u0434\u043e\u0432 \u0438 \u043f\u0443\u0442\u0435\u0448\u0435\u0441\u0442\u0432\u0438\u0439 \u0432 \u0438\u043d\u0442\u0435\u0440\u043d\u0435\u0442-\u043c\u0430\u0433\u0430\u0437\u0438\u043d\u0435 \u0441\u043f\u043e\u0440\u0442\u0438\u0432\u043d\u043e\u0439 \u043e\u0434\u0435\u0436\u0434\u044b \u0438 \u043e\u0431\u0443\u0432\u0438\"},{\"@type\":\"BreadcrumbList\",\"@id\":\"https:\/\/xstyle.md\/product\/batnik-hannah-cher-wmn-dark-gray-mel-crystal-rose-mel\/#breadcrumb\",\"itemListElement\":[{\"@type\":\"ListItem\",\"position\":1,\"name\":\"\u0413\u043b\u0430\u0432\u043d\u0430\u044f \u0441\u0442\u0440\u0430\u043d\u0438\u0446\u0430\",\"item\":\"https:\/\/xstyle.md\/\"},{\"@type\":\"ListItem\",\"position\":2,\"name\":\"\u041c\u0430\u0433\u0430\u0437\u0438\u043d\",\"item\":\"https:\/\/xstyle.md\/shop\/\"},{\"@type\":\"ListItem\",\"position\":3,\"name\":\"\u0411\u0430\u0442\u043d\u0438\u043a Hannah Cher Wmn dark gray mel\/crystal rose mel\"}]},{\"@type\":\"WebSite\",\"@id\":\"https:\/\/xstyle.md\/#website\",\"url\":\"https:\/\/xstyle.md\/\",\"name\":\"\u041c\u0430\u0433\u0430\u0437\u0438\u043d Xstyle\",\"description\":\"C\u043d\u0430\u0440\u044f\u0436\u0435\u043d\u0438\u0435 \u0434\u043b\u044f \u0442\u0443\u0440\u0438\u0437\u043c\u0430 \u0438 \u044d\u043a\u0441\u0442\u0440\u0435\u043c\u0430\u043b\u044c\u043d\u044b\u0445 \u0432\u0438\u0434\u043e\u0432 \u0441\u043f\u043e\u0440\u0442\u0430 \u0432 \u041c\u043e\u043b\u0434\u043e\u0432\u0435.. \u0426\u0435\u043d\u044b, \u0444\u043e\u0442\u043e, \u0445\u0430\u0440\u0430\u043a\u0442\u0435\u0440\u0438\u0441\u0442\u0438\u043a\u0438 \u0432 \u041c\u043e\u043b\u0434\u043e\u0432\u0435.\",\"publisher\":{\"@id\":\"https:\/\/xstyle.md\/#organization\"},\"alternateName\":\"X-Style\",\"potentialAction\":[{\"@type\":\"SearchAction\",\"target\":{\"@type\":\"EntryPoint\",\"urlTemplate\":\"https:\/\/xstyle.md\/?s={search_term_string}\"},\"query-input\":{\"@type\":\"PropertyValueSpecification\",\"valueRequired\":true,\"valueName\":\"search_term_string\"}}],\"inLanguage\":\"ro-RO\"},{\"@type\":\"Organization\",\"@id\":\"https:\/\/xstyle.md\/#organization\",\"name\":\"\u041c\u0430\u0433\u0430\u0437\u0438\u043d Xstyle\",\"alternateName\":\"x-style\",\"url\":\"https:\/\/xstyle.md\/\",\"logo\":{\"@type\":\"ImageObject\",\"inLanguage\":\"ro-RO\",\"@id\":\"https:\/\/xstyle.md\/#\/schema\/logo\/image\/\",\"url\":\"https:\/\/xstyle.md\/wp-content\/uploads\/2020\/06\/logoicon.svg\",\"contentUrl\":\"https:\/\/xstyle.md\/wp-content\/uploads\/2020\/06\/logoicon.svg\",\"caption\":\"\u041c\u0430\u0433\u0430\u0437\u0438\u043d Xstyle\"},\"image\":{\"@id\":\"https:\/\/xstyle.md\/#\/schema\/logo\/image\/\"},\"sameAs\":[\"https:\/\/www.facebook.com\/xstylemd\",\"https:\/\/www.instagram.com\/xstyle_md\/\",\"https:\/\/t.me\/xstyle_outdoor\"],\"hasMerchantReturnPolicy\":{\"@type\":\"MerchantReturnPolicy\",\"merchantReturnLink\":\"https:\/\/xstyle.md\/ro\/conditions\/\"}}]}<\/script>\n<meta property=\"product:price:amount\" content=\"1160.00\" \/>\n<meta property=\"product:price:currency\" content=\"MDL\" \/>\n<meta property=\"og:availability\" content=\"instock\" \/>\n<meta property=\"product:availability\" content=\"instock\" \/>\n<meta property=\"product:retailer_item_id\" content=\"8591203315630\" \/>\n<meta property=\"product:condition\" content=\"new\" \/>\n<!-- \/ Yoast SEO plugin. -->","yoast_head_json":{"title":"Pulover Hannah Cher Wmn dark gray mel\/crystal rose mel - Magazin Xstyle","description":"Hanoracul Hannah Cher Wmn, de culoare gri \u00eenchis melanj cu detalii roz cristalin, este perfect pentru activit\u0103\u021bi \u00een aer liber. Fleece-ul cald este ideal pentru schiori \u0219i iubitorii naturii.","robots":{"index":"index","follow":"follow","max-snippet":"max-snippet:-1","max-image-preview":"max-image-preview:large","max-video-preview":"max-video-preview:-1"},"canonical":"https:\/\/xstyle.md\/ro\/produs\/batnik-hannah-cher-wmn-dark-gray-mel-crystal-rose-mel\/","og_locale":"ro_RO","og_type":"article","og_title":"\u0411\u0430\u0442\u043d\u0438\u043a Hannah Cher Wmn dark gray mel\/crystal rose mel - \u041c\u0430\u0433\u0430\u0437\u0438\u043d Xstyle","og_description":"\u0411\u0430\u0442\u043d\u0438\u043a Hannah Cher Wmn \u0442\u0435\u043c\u043d\u043e-\u0441\u0435\u0440\u044b\u0439 \u043c\u0435\u043b\u0430\u043d\u0436 \u0441 \u043a\u0440\u0438\u0441\u0442\u0430\u043b\u044c\u043d\u043e-\u0440\u043e\u0437\u043e\u0432\u044b\u043c \u0438\u0434\u0435\u0430\u043b\u044c\u043d\u043e \u043f\u043e\u0434\u0445\u043e\u0434\u0438\u0442 \u0434\u043b\u044f \u0430\u043a\u0442\u0438\u0432\u043d\u043e\u0433\u043e \u043e\u0442\u0434\u044b\u0445\u0430. \u0422\u0435\u043f\u043b\u044b\u0439 \u0444\u043b\u0438\u0441 \u0434\u043b\u044f \u043b\u044b\u0436\u043d\u0438\u043a\u043e\u0432 \u0438 \u043b\u044e\u0431\u0438\u0442\u0435\u043b\u0435\u0439 \u043f\u0440\u0438\u0440\u043e\u0434\u044b.","og_url":"https:\/\/xstyle.md\/ro\/produs\/batnik-hannah-cher-wmn-dark-gray-mel-crystal-rose-mel\/","og_site_name":"\u041c\u0430\u0433\u0430\u0437\u0438\u043d Xstyle","article_publisher":"https:\/\/www.facebook.com\/xstylemd","article_modified_time":"2026-03-19T13:46:51+00:00","og_image":[{"width":809,"height":884,"url":"https:\/\/xstyle.md\/wp-content\/uploads\/2021\/12\/hannah-cher-wmn-dark-gray-mel-crystal-rose-mel-0.jpg","type":"image\/jpeg"}],"twitter_card":"summary_large_image","twitter_misc":{"Pre\u021b":"1.160&nbsp;MDL","Disponibilitate":"\u00cen stoc"},"schema":{"@context":"https:\/\/schema.org","@graph":[{"@type":"WebPage","@id":"https:\/\/xstyle.md\/product\/batnik-hannah-cher-wmn-dark-gray-mel-crystal-rose-mel\/","url":"https:\/\/xstyle.md\/product\/batnik-hannah-cher-wmn-dark-gray-mel-crystal-rose-mel\/","name":"Pulover Hannah Cher Wmn dark gray mel\/crystal rose mel - Magazin Xstyle","isPartOf":{"@id":"https:\/\/xstyle.md\/#website"},"primaryImageOfPage":{"@id":"https:\/\/xstyle.md\/product\/batnik-hannah-cher-wmn-dark-gray-mel-crystal-rose-mel\/#primaryimage"},"image":{"@id":"https:\/\/xstyle.md\/product\/batnik-hannah-cher-wmn-dark-gray-mel-crystal-rose-mel\/#primaryimage"},"thumbnailUrl":"https:\/\/xstyle.md\/wp-content\/uploads\/2021\/12\/hannah-cher-wmn-dark-gray-mel-crystal-rose-mel-0.jpg","datePublished":"2021-12-08T16:02:36+00:00","dateModified":"2026-03-19T13:46:51+00:00","description":"Hanoracul Hannah Cher Wmn, de culoare gri \u00eenchis melanj cu detalii roz cristalin, este perfect pentru activit\u0103\u021bi \u00een aer liber. Fleece-ul cald este ideal pentru schiori \u0219i iubitorii naturii.","breadcrumb":{"@id":"https:\/\/xstyle.md\/product\/batnik-hannah-cher-wmn-dark-gray-mel-crystal-rose-mel\/#breadcrumb"},"inLanguage":"ro-RO","potentialAction":[{"@type":"ReadAction","target":["https:\/\/xstyle.md\/product\/batnik-hannah-cher-wmn-dark-gray-mel-crystal-rose-mel\/"]}]},{"@type":"ImageObject","inLanguage":"ro-RO","@id":"https:\/\/xstyle.md\/product\/batnik-hannah-cher-wmn-dark-gray-mel-crystal-rose-mel\/#primaryimage","url":"https:\/\/xstyle.md\/wp-content\/uploads\/2021\/12\/hannah-cher-wmn-dark-gray-mel-crystal-rose-mel-0.jpg","contentUrl":"https:\/\/xstyle.md\/wp-content\/uploads\/2021\/12\/hannah-cher-wmn-dark-gray-mel-crystal-rose-mel-0.jpg","width":809,"height":884,"caption":"\u0411\u0430\u0442\u043d\u0438\u043a Hannah Cher Wmn \u0442\u0435\u043c\u043d\u043e-\u0441\u0435\u0440\u044b\u0439 \u0441 \u0440\u043e\u0437\u043e\u0432\u044b\u043c \u043a\u0440\u0438\u0441\u0442\u0430\u043b\u043b\u043e\u043c \u0434\u043b\u044f \u0430\u043a\u0442\u0438\u0432\u043d\u043e\u0433\u043e \u043e\u0442\u0434\u044b\u0445\u0430, \u043f\u043e\u0445\u043e\u0434\u043e\u0432 \u0438 \u043f\u0443\u0442\u0435\u0448\u0435\u0441\u0442\u0432\u0438\u0439 \u0432 \u0438\u043d\u0442\u0435\u0440\u043d\u0435\u0442-\u043c\u0430\u0433\u0430\u0437\u0438\u043d\u0435 \u0441\u043f\u043e\u0440\u0442\u0438\u0432\u043d\u043e\u0439 \u043e\u0434\u0435\u0436\u0434\u044b \u0438 \u043e\u0431\u0443\u0432\u0438"},{"@type":"BreadcrumbList","@id":"https:\/\/xstyle.md\/product\/batnik-hannah-cher-wmn-dark-gray-mel-crystal-rose-mel\/#breadcrumb","itemListElement":[{"@type":"ListItem","position":1,"name":"\u0413\u043b\u0430\u0432\u043d\u0430\u044f \u0441\u0442\u0440\u0430\u043d\u0438\u0446\u0430","item":"https:\/\/xstyle.md\/"},{"@type":"ListItem","position":2,"name":"\u041c\u0430\u0433\u0430\u0437\u0438\u043d","item":"https:\/\/xstyle.md\/shop\/"},{"@type":"ListItem","position":3,"name":"\u0411\u0430\u0442\u043d\u0438\u043a Hannah Cher Wmn dark gray mel\/crystal rose mel"}]},{"@type":"WebSite","@id":"https:\/\/xstyle.md\/#website","url":"https:\/\/xstyle.md\/","name":"Magazinul X-Style","description":"Echipamente pentru turism \u0219i sporturi extreme \u00een Moldova. Pre\u021buri, fotografii, caracteristici \u00een Moldova.","publisher":{"@id":"https:\/\/xstyle.md\/#organization"},"alternateName":"X-Style","potentialAction":[{"@type":"SearchAction","target":{"@type":"EntryPoint","urlTemplate":"https:\/\/xstyle.md\/?s={search_term_string}"},"query-input":{"@type":"PropertyValueSpecification","valueRequired":true,"valueName":"search_term_string"}}],"inLanguage":"ro-RO"},{"@type":"Organization","@id":"https:\/\/xstyle.md\/#organization","name":"Magazinul X-Style","alternateName":"x-style","url":"https:\/\/xstyle.md\/","logo":{"@type":"ImageObject","inLanguage":"ro-RO","@id":"https:\/\/xstyle.md\/#\/schema\/logo\/image\/","url":"https:\/\/xstyle.md\/wp-content\/uploads\/2020\/06\/logoicon.svg","contentUrl":"https:\/\/xstyle.md\/wp-content\/uploads\/2020\/06\/logoicon.svg","caption":"\u041c\u0430\u0433\u0430\u0437\u0438\u043d Xstyle"},"image":{"@id":"https:\/\/xstyle.md\/#\/schema\/logo\/image\/"},"sameAs":["https:\/\/www.facebook.com\/xstylemd","https:\/\/www.instagram.com\/xstyle_md\/","https:\/\/t.me\/xstyle_outdoor"],"hasMerchantReturnPolicy":{"@type":"MerchantReturnPolicy","merchantReturnLink":"https:\/\/xstyle.md\/ro\/conditions\/"}}]},"product_price_amount":"1160.00","product_price_currency":"MDL","og_availability":"instock","product_availability":"instock","product_retailer_item_id":"8591203315630","product_condition":"new"},"post_mailing_queue_ids":[],"_links":{"self":[{"href":"https:\/\/xstyle.md\/ro\/wp-json\/wp\/v2\/product\/42731","targetHints":{"allow":["GET"]}}],"collection":[{"href":"https:\/\/xstyle.md\/ro\/wp-json\/wp\/v2\/product"}],"about":[{"href":"https:\/\/xstyle.md\/ro\/wp-json\/wp\/v2\/types\/product"}],"replies":[{"embeddable":true,"href":"https:\/\/xstyle.md\/ro\/wp-json\/wp\/v2\/comments?post=42731"}],"wp:featuredmedia":[{"embeddable":true,"href":"https:\/\/xstyle.md\/ro\/wp-json\/wp\/v2\/media\/53834"}],"wp:attachment":[{"href":"https:\/\/xstyle.md\/ro\/wp-json\/wp\/v2\/media?parent=42731"}],"wp:term":[{"taxonomy":"product_brand","embeddable":true,"href":"https:\/\/xstyle.md\/ro\/wp-json\/wp\/v2\/product_brand?post=42731"},{"taxonomy":"product_cat","embeddable":true,"href":"https:\/\/xstyle.md\/ro\/wp-json\/wp\/v2\/product_cat?post=42731"},{"taxonomy":"product_tag","embeddable":true,"href":"https:\/\/xstyle.md\/ro\/wp-json\/wp\/v2\/product_tag?post=42731"}],"curies":[{"name":"wp","href":"https:\/\/api.w.org\/{rel}","templated":true}]}}