{"id":42728,"date":"2021-12-08T19:02:36","date_gmt":"2021-12-08T16:02:36","guid":{"rendered":"https:\/\/xstyle.md\/?post_type=product&#038;p=42728"},"modified":"2025-11-19T13:54:36","modified_gmt":"2025-11-19T10:54:36","slug":"topor-fiskars-norden-n12","status":"publish","type":"product","link":"https:\/\/xstyle.md\/ro\/produs\/topor-fiskars-norden-n12\/","title":{"rendered":"Topor Fiskars Norden N12"},"content":{"rendered":"<\/p>\n<p><strong>Fiskars Norden N12<\/strong> &#8212; topor este potrivit pentru t\u0103ierea bu\u0219tenilor mici cu un diametru &lt; 20 cm. Este echipat cu un m\u00e2ner din nuc de \u00eenalt\u0103 calitate, cu o protec\u021bie anti-\u0219oc din material FiberCompTM, astfel \u00eenc\u00e2t lama toporului s\u0103 nu se rup\u0103 \u00een timpul utiliz\u0103rii. Toporul combin\u0103 o distribu\u021bie optim\u0103 a greut\u0103\u021bii, un t\u0103i\u0219 ascu\u021bit \u0219i o performan\u021b\u0103 maxim\u0103.<\/p>\n<h3>Particularit\u0103\u021bi<\/h3>\n<ul>\n<li>Potrivit pentru t\u0103ierea bu\u0219tenilor mici cu un diametru &lt; 20 cm<\/li>\n<li>Lama ascu\u021bit\u0103 \u0219i ascu\u021bit\u0103 este realizat\u0103 din o\u021bel carbon. C\u0103lirea dubl\u0103 la baza \u0219i marginea lamei previne ruperea \u0219i este u\u0219or de ascu\u021bit.<\/li>\n<li>Acoperirea antifric\u021biune protejeaz\u0103 lama de coroziune \u0219i reduce frecarea, astfel \u00eenc\u00e2t lama nu se blocheaz\u0103 \u00een lemn.<\/li>\n<li>Lama este bine fixat\u0103 \u00een capul toporului \u0219i nu se va rupe \u00een timpul lucrului.<\/li>\n<li>Centrul de greutate este deplasat mai aproape de lam\u0103 pentru controlul toporului la impact<\/li>\n<li>Protec\u021bie anti-\u0219ocuri realizat\u0103 din poliamid\u0103 FiberCompTM armat\u0103 cu fibr\u0103 de sticl\u0103. Materialul puternic, dar u\u0219or, absoarbe vibra\u021biile<\/li>\n<li>Cap de topor din lemn de Hickory de \u00eenalt\u0103 calitate, care are propriet\u0103\u021bi excelente, rezisten\u021b\u0103, duritate, rezisten\u021b\u0103 la impact \u0219i rezisten\u021b\u0103 la uzur\u0103. Lacat pentru o protec\u021bie maxim\u0103 a m\u00e2nerului<\/li>\n<li>M\u00e2nerul din lemn traverseaz\u0103 \u00eentregul m\u00e2ner al toporului \u0219i este blocat \u00een siguran\u021b\u0103 \u00een partea compozit\u0103 pentru cea mai mare protec\u021bie \u00eempotriva rat\u0103rilor<\/li>\n<li>M\u00e2nerul \u00een form\u0103 de c\u00e2rlig asigur\u0103 o prindere sigur\u0103 \u0219i previne alunecarea toporului din m\u00e2n\u0103<\/li>\n<li>Include o teac\u0103 de protec\u021bie pentru depozitare \u0219i transport \u00een siguran\u021b\u0103<\/li>\n<\/ul>\n<h3>Caracteristici<\/h3>\n<ul>\n<li>Materialul lamei de topor &#8212; nuc \u0219i poliamid\u0103<\/li>\n<li>Materialul lamei &#8212; o\u021bel suedez cu con\u021binut ridicat de carbon (HRC55)<\/li>\n<li>Lungime &#8212; 52,6 cm<\/li>\n<li>L\u0103\u021bime &#8212; 19,4 cm<\/li>\n<li>\u00cen\u0103l\u021bime &#8212; 3,5 cm<\/li>\n<li>Greutate &#8212; 1298 g<\/li>\n<\/ul>\n<h3>Marca<\/h3>\n<p>Timp de trei secole \u0219i jum\u0103tate, Fiskars a fost unul dintre cei mai importan\u021bi produc\u0103tori de diverse unelte din fier forjat, font\u0103 \u0219i metal. Pornind de la o produc\u021bie artizanal\u0103 \u00eentr-un mic sat din Finlanda, compania a crescut \u0219i a devenit o imens\u0103 corpora\u021bie multina\u021bional\u0103 cu birouri pe patru continente. Ast\u0103zi, produc\u0103torul r\u0103m\u00e2ne lider \u00een produc\u021bia de unelte de gr\u0103din\u0103 \u0219i o varietate de produse pentru activit\u0103\u021bi agricole.<\/p>\n<p><\/p>","protected":false},"excerpt":{"rendered":"","protected":false},"featured_media":42936,"comment_status":"open","ping_status":"closed","template":"","meta":{"_acf_changed":false,"inline_featured_image":false},"product_brand":[1264],"product_cat":[357],"product_tag":[],"class_list":{"0":"post-42728","1":"product","2":"type-product","3":"status-publish","4":"has-post-thumbnail","6":"product_brand-fiskars","7":"product_cat-instrumenti","9":"first","10":"instock","11":"shipping-taxable","12":"purchasable","13":"product-type-simple"},"acf":[],"yoast_head":"<!-- This site is optimized with the Yoast SEO plugin v27.4 - https:\/\/yoast.com\/product\/yoast-seo-wordpress\/ -->\n<title>\u0422\u043e\u043f\u043e\u0440 Fiskars Norden N12 - \u041c\u0430\u0433\u0430\u0437\u0438\u043d Xstyle<\/title>\n<meta name=\"description\" content=\"\u0422\u043e\u043f\u043e\u0440 Fiskars Norden N12 - \u0438\u0434\u0435\u0430\u043b\u044c\u043d\u044b\u0439 \u0438\u043d\u0441\u0442\u0440\u0443\u043c\u0435\u043d\u0442 \u0434\u043b\u044f \u0440\u0435\u0437\u043a\u0438 \u0434\u0435\u0440\u0435\u0432\u044c\u0435\u0432 \u0434\u043e 20 \u0441\u043c. \u0412\u044b\u0441\u043e\u043a\u043e\u043a\u0430\u0447\u0435\u0441\u0442\u0432\u0435\u043d\u043d\u0430\u044f \u0440\u0443\u0447\u043a\u0430 \u0438 \u0437\u0430\u0449\u0438\u0442\u0430 FiberCompTM \u043e\u0431\u0435\u0441\u043f\u0435\u0447\u0438\u0432\u0430\u044e\u0442 \u0434\u043e\u043b\u0433\u043e\u0432\u0435\u0447\u043d\u043e\u0441\u0442\u044c.\" \/>\n<meta name=\"robots\" content=\"index, follow, max-snippet:-1, max-image-preview:large, max-video-preview:-1\" \/>\n<link rel=\"canonical\" href=\"https:\/\/xstyle.md\/ro\/produs\/topor-fiskars-norden-n12\/\" \/>\n<meta property=\"og:locale\" content=\"ro_RO\" \/>\n<meta property=\"og:type\" content=\"article\" \/>\n<meta property=\"og:title\" content=\"\u0422\u043e\u043f\u043e\u0440 Fiskars Norden N12 - \u041c\u0430\u0433\u0430\u0437\u0438\u043d Xstyle\" \/>\n<meta property=\"og:description\" content=\"\u0422\u043e\u043f\u043e\u0440 Fiskars Norden N12 - \u0438\u0434\u0435\u0430\u043b\u044c\u043d\u044b\u0439 \u0438\u043d\u0441\u0442\u0440\u0443\u043c\u0435\u043d\u0442 \u0434\u043b\u044f \u0440\u0435\u0437\u043a\u0438 \u0434\u0435\u0440\u0435\u0432\u044c\u0435\u0432 \u0434\u043e 20 \u0441\u043c. \u0412\u044b\u0441\u043e\u043a\u043e\u043a\u0430\u0447\u0435\u0441\u0442\u0432\u0435\u043d\u043d\u0430\u044f \u0440\u0443\u0447\u043a\u0430 \u0438 \u0437\u0430\u0449\u0438\u0442\u0430 FiberCompTM \u043e\u0431\u0435\u0441\u043f\u0435\u0447\u0438\u0432\u0430\u044e\u0442 \u0434\u043e\u043b\u0433\u043e\u0432\u0435\u0447\u043d\u043e\u0441\u0442\u044c.\" \/>\n<meta property=\"og:url\" content=\"https:\/\/xstyle.md\/ro\/produs\/topor-fiskars-norden-n12\/\" \/>\n<meta property=\"og:site_name\" content=\"\u041c\u0430\u0433\u0430\u0437\u0438\u043d Xstyle\" \/>\n<meta property=\"article:publisher\" content=\"https:\/\/www.facebook.com\/xstylemd\" \/>\n<meta property=\"article:modified_time\" content=\"2025-11-19T10:54:36+00:00\" \/>\n<meta property=\"og:image\" content=\"https:\/\/xstyle.md\/wp-content\/uploads\/2021\/12\/fiskars-norden-n12.jpg\" \/>\n\t<meta property=\"og:image:width\" content=\"555\" \/>\n\t<meta property=\"og:image:height\" content=\"555\" \/>\n\t<meta property=\"og:image:type\" content=\"image\/jpeg\" \/>\n<meta name=\"twitter:card\" content=\"summary_large_image\" \/>\n<meta name=\"twitter:label1\" content=\"Pre\u021b\" \/>\n\t<meta name=\"twitter:data1\" content=\"2.190&nbsp;MDL\" \/>\n\t<meta name=\"twitter:label2\" content=\"Disponibilitate\" \/>\n\t<meta name=\"twitter:data2\" content=\"\u00cen stoc\" \/>\n<script type=\"application\/ld+json\" class=\"yoast-schema-graph\">{\"@context\":\"https:\\\/\\\/schema.org\",\"@graph\":[{\"@type\":\"WebPage\",\"@id\":\"https:\\\/\\\/xstyle.md\\\/product\\\/topor-fiskars-norden-n12\\\/\",\"url\":\"https:\\\/\\\/xstyle.md\\\/product\\\/topor-fiskars-norden-n12\\\/\",\"name\":\"\u0422\u043e\u043f\u043e\u0440 Fiskars Norden N12 - \u041c\u0430\u0433\u0430\u0437\u0438\u043d Xstyle\",\"isPartOf\":{\"@id\":\"https:\\\/\\\/xstyle.md\\\/#website\"},\"primaryImageOfPage\":{\"@id\":\"https:\\\/\\\/xstyle.md\\\/product\\\/topor-fiskars-norden-n12\\\/#primaryimage\"},\"image\":{\"@id\":\"https:\\\/\\\/xstyle.md\\\/product\\\/topor-fiskars-norden-n12\\\/#primaryimage\"},\"thumbnailUrl\":\"https:\\\/\\\/xstyle.md\\\/wp-content\\\/uploads\\\/2021\\\/12\\\/fiskars-norden-n12.jpg\",\"datePublished\":\"2021-12-08T16:02:36+00:00\",\"dateModified\":\"2025-11-19T10:54:36+00:00\",\"description\":\"\u0422\u043e\u043f\u043e\u0440 Fiskars Norden N12 - \u0438\u0434\u0435\u0430\u043b\u044c\u043d\u044b\u0439 \u0438\u043d\u0441\u0442\u0440\u0443\u043c\u0435\u043d\u0442 \u0434\u043b\u044f \u0440\u0435\u0437\u043a\u0438 \u0434\u0435\u0440\u0435\u0432\u044c\u0435\u0432 \u0434\u043e 20 \u0441\u043c. \u0412\u044b\u0441\u043e\u043a\u043e\u043a\u0430\u0447\u0435\u0441\u0442\u0432\u0435\u043d\u043d\u0430\u044f \u0440\u0443\u0447\u043a\u0430 \u0438 \u0437\u0430\u0449\u0438\u0442\u0430 FiberCompTM \u043e\u0431\u0435\u0441\u043f\u0435\u0447\u0438\u0432\u0430\u044e\u0442 \u0434\u043e\u043b\u0433\u043e\u0432\u0435\u0447\u043d\u043e\u0441\u0442\u044c.\",\"breadcrumb\":{\"@id\":\"https:\\\/\\\/xstyle.md\\\/product\\\/topor-fiskars-norden-n12\\\/#breadcrumb\"},\"inLanguage\":\"ro-RO\",\"potentialAction\":[{\"@type\":\"ReadAction\",\"target\":[\"https:\\\/\\\/xstyle.md\\\/product\\\/topor-fiskars-norden-n12\\\/\"]}]},{\"@type\":\"ImageObject\",\"inLanguage\":\"ro-RO\",\"@id\":\"https:\\\/\\\/xstyle.md\\\/product\\\/topor-fiskars-norden-n12\\\/#primaryimage\",\"url\":\"https:\\\/\\\/xstyle.md\\\/wp-content\\\/uploads\\\/2021\\\/12\\\/fiskars-norden-n12.jpg\",\"contentUrl\":\"https:\\\/\\\/xstyle.md\\\/wp-content\\\/uploads\\\/2021\\\/12\\\/fiskars-norden-n12.jpg\",\"width\":555,\"height\":555,\"caption\":\"\u041c\u0438\u043d\u0438\u0430\u0442\u044e\u0440\u043d\u043e\u0435 \u0438\u0437\u043e\u0431\u0440\u0430\u0436\u0435\u043d\u0438\u0435 \u0442\u043e\u043f\u043e\u0440\u0430 Fiskars Norden N12 \u0434\u043b\u044f \u043e\u043d\u043b\u0430\u0439\u043d-\u043c\u0430\u0433\u0430\u0437\u0438\u043d\u0430 \u044d\u043a\u0438\u043f\u0438\u0440\u043e\u0432\u043a\u0438 \u0434\u043b\u044f \u0430\u043a\u0442\u0438\u0432\u043d\u043e\u0433\u043e \u043e\u0442\u0434\u044b\u0445\u0430, \u0442\u0443\u0440\u0438\u0437\u043c\u0430 \u0438 \u043f\u043e\u0445\u043e\u0434\u043e\u0432 \u0432\u043a\u043b\u044e\u0447\u0430\u044e\u0449\u0435\u0435 \u043e\u0434\u0435\u0436\u0434\u0443 \u0438 \u043e\u0431\u0443\u0432\u044c \u0434\u043b\u044f \u043f\u0443\u0442\u0435\u0448\u0435\u0441\u0442\u0432\u0438\u0439 \u0438 \u0430\u043b\u044c\u043f\u0438\u043d\u0438\u0437\u043c\u0430\"},{\"@type\":\"BreadcrumbList\",\"@id\":\"https:\\\/\\\/xstyle.md\\\/product\\\/topor-fiskars-norden-n12\\\/#breadcrumb\",\"itemListElement\":[{\"@type\":\"ListItem\",\"position\":1,\"name\":\"\u0413\u043b\u0430\u0432\u043d\u0430\u044f \u0441\u0442\u0440\u0430\u043d\u0438\u0446\u0430\",\"item\":\"https:\\\/\\\/xstyle.md\\\/\"},{\"@type\":\"ListItem\",\"position\":2,\"name\":\"\u041c\u0430\u0433\u0430\u0437\u0438\u043d\",\"item\":\"https:\\\/\\\/xstyle.md\\\/shop\\\/\"},{\"@type\":\"ListItem\",\"position\":3,\"name\":\"\u0422\u043e\u043f\u043e\u0440 Fiskars Norden N12\"}]},{\"@type\":\"WebSite\",\"@id\":\"https:\\\/\\\/xstyle.md\\\/#website\",\"url\":\"https:\\\/\\\/xstyle.md\\\/\",\"name\":\"\u041c\u0430\u0433\u0430\u0437\u0438\u043d Xstyle\",\"description\":\"C\u043d\u0430\u0440\u044f\u0436\u0435\u043d\u0438\u0435 \u0434\u043b\u044f \u0442\u0443\u0440\u0438\u0437\u043c\u0430 \u0438 \u044d\u043a\u0441\u0442\u0440\u0435\u043c\u0430\u043b\u044c\u043d\u044b\u0445 \u0432\u0438\u0434\u043e\u0432 \u0441\u043f\u043e\u0440\u0442\u0430 \u0432 \u041c\u043e\u043b\u0434\u043e\u0432\u0435.. \u0426\u0435\u043d\u044b, \u0444\u043e\u0442\u043e, \u0445\u0430\u0440\u0430\u043a\u0442\u0435\u0440\u0438\u0441\u0442\u0438\u043a\u0438 \u0432 \u041c\u043e\u043b\u0434\u043e\u0432\u0435.\",\"publisher\":{\"@id\":\"https:\\\/\\\/xstyle.md\\\/#organization\"},\"alternateName\":\"X-Style\",\"potentialAction\":[{\"@type\":\"SearchAction\",\"target\":{\"@type\":\"EntryPoint\",\"urlTemplate\":\"https:\\\/\\\/xstyle.md\\\/?s={search_term_string}\"},\"query-input\":{\"@type\":\"PropertyValueSpecification\",\"valueRequired\":true,\"valueName\":\"search_term_string\"}}],\"inLanguage\":\"ro-RO\"},{\"@type\":\"Organization\",\"@id\":\"https:\\\/\\\/xstyle.md\\\/#organization\",\"name\":\"\u041c\u0430\u0433\u0430\u0437\u0438\u043d Xstyle\",\"alternateName\":\"x-style\",\"url\":\"https:\\\/\\\/xstyle.md\\\/\",\"logo\":{\"@type\":\"ImageObject\",\"inLanguage\":\"ro-RO\",\"@id\":\"https:\\\/\\\/xstyle.md\\\/#\\\/schema\\\/logo\\\/image\\\/\",\"url\":\"https:\\\/\\\/xstyle.md\\\/wp-content\\\/uploads\\\/2020\\\/06\\\/logoicon.svg\",\"contentUrl\":\"https:\\\/\\\/xstyle.md\\\/wp-content\\\/uploads\\\/2020\\\/06\\\/logoicon.svg\",\"caption\":\"\u041c\u0430\u0433\u0430\u0437\u0438\u043d Xstyle\"},\"image\":{\"@id\":\"https:\\\/\\\/xstyle.md\\\/#\\\/schema\\\/logo\\\/image\\\/\"},\"sameAs\":[\"https:\\\/\\\/www.facebook.com\\\/xstylemd\",\"https:\\\/\\\/www.instagram.com\\\/xstyle_md\\\/\",\"https:\\\/\\\/t.me\\\/xstyle_outdoor\"],\"hasMerchantReturnPolicy\":{\"@type\":\"MerchantReturnPolicy\",\"merchantReturnLink\":\"https:\\\/\\\/xstyle.md\\\/ro\\\/conditions\\\/\"}}]}<\/script>\n<meta property=\"product:price:amount\" content=\"2190.00\" \/>\n<meta property=\"product:price:currency\" content=\"MDL\" \/>\n<meta property=\"og:availability\" content=\"instock\" \/>\n<meta property=\"product:availability\" content=\"instock\" \/>\n<meta property=\"product:retailer_item_id\" content=\"6411501701145\" \/>\n<meta property=\"product:condition\" content=\"new\" \/>\n<!-- \/ Yoast SEO plugin. -->","yoast_head_json":{"title":"Topor Fiskars Norden N12 - Magazin Xstyle","description":"Toporul Fiskars Norden N12 - instrumentul ideal pentru t\u0103ierea copacilor cu diametrul de p\u00e2n\u0103 la 20 cm. M\u00e2nerul de \u00eenalt\u0103 calitate \u0219i protec\u021bia FiberCompTM asigur\u0103 durabilitate.","robots":{"index":"index","follow":"follow","max-snippet":"max-snippet:-1","max-image-preview":"max-image-preview:large","max-video-preview":"max-video-preview:-1"},"canonical":"https:\/\/xstyle.md\/ro\/produs\/topor-fiskars-norden-n12\/","og_locale":"ro_RO","og_type":"article","og_title":"\u0422\u043e\u043f\u043e\u0440 Fiskars Norden N12 - \u041c\u0430\u0433\u0430\u0437\u0438\u043d Xstyle","og_description":"\u0422\u043e\u043f\u043e\u0440 Fiskars Norden N12 - \u0438\u0434\u0435\u0430\u043b\u044c\u043d\u044b\u0439 \u0438\u043d\u0441\u0442\u0440\u0443\u043c\u0435\u043d\u0442 \u0434\u043b\u044f \u0440\u0435\u0437\u043a\u0438 \u0434\u0435\u0440\u0435\u0432\u044c\u0435\u0432 \u0434\u043e 20 \u0441\u043c. \u0412\u044b\u0441\u043e\u043a\u043e\u043a\u0430\u0447\u0435\u0441\u0442\u0432\u0435\u043d\u043d\u0430\u044f \u0440\u0443\u0447\u043a\u0430 \u0438 \u0437\u0430\u0449\u0438\u0442\u0430 FiberCompTM \u043e\u0431\u0435\u0441\u043f\u0435\u0447\u0438\u0432\u0430\u044e\u0442 \u0434\u043e\u043b\u0433\u043e\u0432\u0435\u0447\u043d\u043e\u0441\u0442\u044c.","og_url":"https:\/\/xstyle.md\/ro\/produs\/topor-fiskars-norden-n12\/","og_site_name":"\u041c\u0430\u0433\u0430\u0437\u0438\u043d Xstyle","article_publisher":"https:\/\/www.facebook.com\/xstylemd","article_modified_time":"2025-11-19T10:54:36+00:00","og_image":[{"width":555,"height":555,"url":"https:\/\/xstyle.md\/wp-content\/uploads\/2021\/12\/fiskars-norden-n12.jpg","type":"image\/jpeg"}],"twitter_card":"summary_large_image","twitter_misc":{"Pre\u021b":"2.190&nbsp;MDL","Disponibilitate":"\u00cen stoc"},"schema":{"@context":"https:\/\/schema.org","@graph":[{"@type":"WebPage","@id":"https:\/\/xstyle.md\/product\/topor-fiskars-norden-n12\/","url":"https:\/\/xstyle.md\/product\/topor-fiskars-norden-n12\/","name":"Topor Fiskars Norden N12 - Magazin Xstyle","isPartOf":{"@id":"https:\/\/xstyle.md\/#website"},"primaryImageOfPage":{"@id":"https:\/\/xstyle.md\/product\/topor-fiskars-norden-n12\/#primaryimage"},"image":{"@id":"https:\/\/xstyle.md\/product\/topor-fiskars-norden-n12\/#primaryimage"},"thumbnailUrl":"https:\/\/xstyle.md\/wp-content\/uploads\/2021\/12\/fiskars-norden-n12.jpg","datePublished":"2021-12-08T16:02:36+00:00","dateModified":"2025-11-19T10:54:36+00:00","description":"Toporul Fiskars Norden N12 - instrumentul ideal pentru t\u0103ierea copacilor cu diametrul de p\u00e2n\u0103 la 20 cm. M\u00e2nerul de \u00eenalt\u0103 calitate \u0219i protec\u021bia FiberCompTM asigur\u0103 durabilitate.","breadcrumb":{"@id":"https:\/\/xstyle.md\/product\/topor-fiskars-norden-n12\/#breadcrumb"},"inLanguage":"ro-RO","potentialAction":[{"@type":"ReadAction","target":["https:\/\/xstyle.md\/product\/topor-fiskars-norden-n12\/"]}]},{"@type":"ImageObject","inLanguage":"ro-RO","@id":"https:\/\/xstyle.md\/product\/topor-fiskars-norden-n12\/#primaryimage","url":"https:\/\/xstyle.md\/wp-content\/uploads\/2021\/12\/fiskars-norden-n12.jpg","contentUrl":"https:\/\/xstyle.md\/wp-content\/uploads\/2021\/12\/fiskars-norden-n12.jpg","width":555,"height":555,"caption":"\u041c\u0438\u043d\u0438\u0430\u0442\u044e\u0440\u043d\u043e\u0435 \u0438\u0437\u043e\u0431\u0440\u0430\u0436\u0435\u043d\u0438\u0435 \u0442\u043e\u043f\u043e\u0440\u0430 Fiskars Norden N12 \u0434\u043b\u044f \u043e\u043d\u043b\u0430\u0439\u043d-\u043c\u0430\u0433\u0430\u0437\u0438\u043d\u0430 \u044d\u043a\u0438\u043f\u0438\u0440\u043e\u0432\u043a\u0438 \u0434\u043b\u044f \u0430\u043a\u0442\u0438\u0432\u043d\u043e\u0433\u043e \u043e\u0442\u0434\u044b\u0445\u0430, \u0442\u0443\u0440\u0438\u0437\u043c\u0430 \u0438 \u043f\u043e\u0445\u043e\u0434\u043e\u0432 \u0432\u043a\u043b\u044e\u0447\u0430\u044e\u0449\u0435\u0435 \u043e\u0434\u0435\u0436\u0434\u0443 \u0438 \u043e\u0431\u0443\u0432\u044c \u0434\u043b\u044f \u043f\u0443\u0442\u0435\u0448\u0435\u0441\u0442\u0432\u0438\u0439 \u0438 \u0430\u043b\u044c\u043f\u0438\u043d\u0438\u0437\u043c\u0430"},{"@type":"BreadcrumbList","@id":"https:\/\/xstyle.md\/product\/topor-fiskars-norden-n12\/#breadcrumb","itemListElement":[{"@type":"ListItem","position":1,"name":"\u0413\u043b\u0430\u0432\u043d\u0430\u044f \u0441\u0442\u0440\u0430\u043d\u0438\u0446\u0430","item":"https:\/\/xstyle.md\/"},{"@type":"ListItem","position":2,"name":"\u041c\u0430\u0433\u0430\u0437\u0438\u043d","item":"https:\/\/xstyle.md\/shop\/"},{"@type":"ListItem","position":3,"name":"\u0422\u043e\u043f\u043e\u0440 Fiskars Norden N12"}]},{"@type":"WebSite","@id":"https:\/\/xstyle.md\/#website","url":"https:\/\/xstyle.md\/","name":"Magazinul X-Style","description":"Echipamente pentru turism \u0219i sporturi extreme \u00een Moldova. Pre\u021buri, fotografii, caracteristici \u00een Moldova.","publisher":{"@id":"https:\/\/xstyle.md\/#organization"},"alternateName":"X-Style","potentialAction":[{"@type":"SearchAction","target":{"@type":"EntryPoint","urlTemplate":"https:\/\/xstyle.md\/?s={search_term_string}"},"query-input":{"@type":"PropertyValueSpecification","valueRequired":true,"valueName":"search_term_string"}}],"inLanguage":"ro-RO"},{"@type":"Organization","@id":"https:\/\/xstyle.md\/#organization","name":"Magazinul X-Style","alternateName":"x-style","url":"https:\/\/xstyle.md\/","logo":{"@type":"ImageObject","inLanguage":"ro-RO","@id":"https:\/\/xstyle.md\/#\/schema\/logo\/image\/","url":"https:\/\/xstyle.md\/wp-content\/uploads\/2020\/06\/logoicon.svg","contentUrl":"https:\/\/xstyle.md\/wp-content\/uploads\/2020\/06\/logoicon.svg","caption":"\u041c\u0430\u0433\u0430\u0437\u0438\u043d Xstyle"},"image":{"@id":"https:\/\/xstyle.md\/#\/schema\/logo\/image\/"},"sameAs":["https:\/\/www.facebook.com\/xstylemd","https:\/\/www.instagram.com\/xstyle_md\/","https:\/\/t.me\/xstyle_outdoor"],"hasMerchantReturnPolicy":{"@type":"MerchantReturnPolicy","merchantReturnLink":"https:\/\/xstyle.md\/ro\/conditions\/"}}]},"product_price_amount":"2190.00","product_price_currency":"MDL","og_availability":"instock","product_availability":"instock","product_retailer_item_id":"6411501701145","product_condition":"new"},"post_mailing_queue_ids":[],"_links":{"self":[{"href":"https:\/\/xstyle.md\/ro\/wp-json\/wp\/v2\/product\/42728","targetHints":{"allow":["GET"]}}],"collection":[{"href":"https:\/\/xstyle.md\/ro\/wp-json\/wp\/v2\/product"}],"about":[{"href":"https:\/\/xstyle.md\/ro\/wp-json\/wp\/v2\/types\/product"}],"replies":[{"embeddable":true,"href":"https:\/\/xstyle.md\/ro\/wp-json\/wp\/v2\/comments?post=42728"}],"wp:featuredmedia":[{"embeddable":true,"href":"https:\/\/xstyle.md\/ro\/wp-json\/wp\/v2\/media\/42936"}],"wp:attachment":[{"href":"https:\/\/xstyle.md\/ro\/wp-json\/wp\/v2\/media?parent=42728"}],"wp:term":[{"taxonomy":"product_brand","embeddable":true,"href":"https:\/\/xstyle.md\/ro\/wp-json\/wp\/v2\/product_brand?post=42728"},{"taxonomy":"product_cat","embeddable":true,"href":"https:\/\/xstyle.md\/ro\/wp-json\/wp\/v2\/product_cat?post=42728"},{"taxonomy":"product_tag","embeddable":true,"href":"https:\/\/xstyle.md\/ro\/wp-json\/wp\/v2\/product_tag?post=42728"}],"curies":[{"name":"wp","href":"https:\/\/api.w.org\/{rel}","templated":true}]}}