{"id":42636,"date":"2021-12-07T19:13:34","date_gmt":"2021-12-07T16:13:34","guid":{"rendered":"https:\/\/xstyle.md\/?post_type=product&#038;p=42636"},"modified":"2026-02-12T20:07:10","modified_gmt":"2026-02-12T17:07:10","slug":"balaklava-viking-volta-fleece-290-08-3190-20","status":"publish","type":"product","link":"https:\/\/xstyle.md\/ro\/produs\/balaklava-viking-volta-fleece-290-08-3190-20\/","title":{"rendered":"Cagul\u0103 Viking Volta Fleece 290\/08\/3190\/20"},"content":{"rendered":"<p>\u0424\u043b\u0438\u0441\u043e\u0432\u0430\u044f \u0431\u0430\u043b\u0430\u043a\u043b\u0430\u0432\u0430\u00a0<strong>Viking Volta Fleece<\/strong>\u00a0\u0438\u0434\u0435\u0430\u043b\u044c\u043d\u043e \u043f\u043e\u0434\u043e\u0439\u0434\u0435\u0442 \u0434\u043b\u044f \u043a\u0430\u0442\u0430\u043d\u0438\u044f \u043d\u0430 \u043b\u044b\u0436\u0430\u0445 \u0438\u043b\u0438 \u0441\u043d\u043e\u0443\u0431\u043e\u0440\u0434\u0435, \u0430 \u0442\u0430\u043a\u0436\u0435 \u0434\u043b\u044f \u0430\u043b\u044c\u043f\u0438\u043d\u0438\u0441\u0442\u0441\u043a\u0438\u0445 \u0432\u043e\u0441\u0445\u043e\u0436\u0434\u0435\u043d\u0438\u0439 \u0438 \u044d\u043a\u0441\u043f\u0435\u0434\u0438\u0446\u0438\u0439. \u041c\u044f\u0433\u043a\u0438\u0439, \u043f\u0440\u0438\u044f\u0442\u043d\u044b\u0439 \u043c\u0430\u0442\u0435\u0440\u0438\u0430\u043b \u0438 \u043f\u043b\u043e\u0441\u043a\u0438\u0435 \u0448\u0432\u044b \u043a\u043e\u043c\u0444\u043e\u0440\u0442\u043d\u043e \u0441\u0430\u0434\u044f\u0442\u0441\u044f \u043d\u0430 \u043b\u0438\u0446\u043e \u0438 \u043f\u043e\u0434\u0431\u043e\u0440\u043e\u0434\u043e\u043a. \u041e\u0442\u043b\u0438\u0447\u043d\u043e \u043e\u0442\u0432\u043e\u0434\u0438\u0442 \u0432\u043b\u0430\u0433\u0443 \u043e\u0442 \u0442\u0435\u043b\u0430.<\/p>\n<h3>Particularit\u0103\u021bi<\/h3>\n<ul>\n<li>\u041e\u0447\u0435\u043d\u044c \u0442\u0435\u043f\u043b\u0430\u044f, \u043f\u043e\u0434\u043e\u0439\u0434\u0435\u0442 \u0438 \u0434\u043b\u044f \u0432\u0437\u0440\u043e\u0441\u043b\u044b\u0445, \u0438 \u0434\u043b\u044f \u0434\u0435\u0442\u0435\u0439<\/li>\n<li>\u041f\u043b\u043e\u0441\u043a\u0438\u0435 \u0448\u0432\u044b \u043d\u0435 \u043d\u0430\u0442\u0438\u0440\u0430\u044e\u0442<\/li>\n<li>\u0425\u043e\u0440\u043e\u0448\u043e \u0434\u0435\u0440\u0436\u0438\u0442 \u0442\u0435\u043f\u043b\u043e, \u0434\u044b\u0448\u0438\u0442, \u0438 \u0432\u044b\u0432\u043e\u0434\u0438\u0442 \u043b\u0438\u0448\u043d\u044e\u044e \u0432\u043b\u0430\u0433\u0443<\/li>\n<\/ul>\n<h3>Caracteristici<\/h3>\n<ul>\n<li>\u041c\u0430\u0442\u0435\u0440\u0438\u0430\u043b &#8212; \u0444\u043b\u0438\u0441<\/li>\n<li>\u041d\u0430\u0437\u043d\u0430\u0447\u0435\u043d\u0438\u0435 &#8212; \u043f\u043e\u0434 \u0448\u043b\u0435\u043c<\/li>\n<li>\u041c\u043e\u0434\u0435\u043b\u044c &#8212; \u0443\u043d\u0438\u0441\u0435\u043a\u0441<\/li>\n<\/ul>\n<h3>Marca<\/h3>\n<p>VIKING - marc\u0103 polonez\u0103 de \u00eembr\u0103c\u0103minte sportiv\u0103, care deja de mul\u021bi ani func\u021bioneaz\u0103 cu succes pe pia\u021ba polonez\u0103 \u0219i este distribuitor al marcajelor sportive mondiale. A fost creat\u0103 \u00een 1996, c\u00e2nd erau produse doar dou\u0103 categorii de articole: m\u0103nu\u0219i de schi \u0219i m\u0103nu\u0219i pentru snowboard. \u00cenc\u0103 de la \u00eenceput au fost stabilite principiile dup\u0103 care se ghideaz\u0103 p\u00e2n\u0103 \u00een prezent: selectarea materialelor moderne, execu\u021bia de \u00eenalt\u0103 calitate, func\u021bionalitatea, precum \u0219i coresponden\u021ba designului cu ultimele tendin\u021be ale modei sportive.<\/p>\n<p>Prestigiul m\u0103rcii a crescut propor\u021bional cu participarea sa pe pia\u021ba polonez\u0103 a accesoriilor sportive, r\u0103m\u00e2n\u00e2nd lider pentru o perioad\u0103 foarte lung\u0103 de timp. \u00cen plus, produsele Viking sunt c\u0103utate de mul\u021bi ani \u00een Ucraina, Slovacia \u0219i Moldova, precum \u0219i \u00een Rusia, Spania, Fran\u021ba, Cehia, Serbia \u0219i Germania. Viking f\u0103r\u0103 nicio restric\u021bie combin\u0103 pasiunea, solu\u021biile tehnologice moderne \u0219i cele relevante.<\/p>","protected":false},"excerpt":{"rendered":"<p>\u0424\u043b\u0438\u0441\u043e\u0432\u0430\u044f \u0431\u0430\u043b\u0430\u043a\u043b\u0430\u0432\u0430\u00a0Viking Volta Fleece\u00a0\u0438\u0434\u0435\u0430\u043b\u044c\u043d\u043e \u043f\u043e\u0434\u043e\u0439\u0434\u0435\u0442 \u0434\u043b\u044f \u043a\u0430\u0442\u0430\u043d\u0438\u044f \u043d\u0430 \u043b\u044b\u0436\u0430\u0445 \u0438\u043b\u0438 \u0441\u043d\u043e\u0443\u0431\u043e\u0440\u0434\u0435, \u0430 \u0442\u0430\u043a\u0436\u0435 \u0434\u043b\u044f \u0430\u043b\u044c\u043f\u0438\u043d\u0438\u0441\u0442\u0441\u043a\u0438\u0445 \u0432\u043e\u0441\u0445\u043e\u0436\u0434\u0435\u043d\u0438\u0439 \u0438 \u044d\u043a\u0441\u043f\u0435\u0434\u0438\u0446\u0438\u0439. \u041c\u044f\u0433\u043a\u0438\u0439, \u043f\u0440\u0438\u044f\u0442\u043d\u044b\u0439 \u043c\u0430\u0442\u0435\u0440\u0438\u0430\u043b \u0438 \u043f\u043b\u043e\u0441\u043a\u0438\u0435 \u0448\u0432\u044b \u043a\u043e\u043c\u0444\u043e\u0440\u0442\u043d\u043e \u0441\u0430\u0434\u044f\u0442\u0441\u044f \u043d\u0430 \u043b\u0438\u0446\u043e \u0438 \u043f\u043e\u0434\u0431\u043e\u0440\u043e\u0434\u043e\u043a. \u041e\u0442\u043b\u0438\u0447\u043d\u043e \u043e\u0442\u0432\u043e\u0434\u0438\u0442 \u0432\u043b\u0430\u0433\u0443 \u043e\u0442 \u0442\u0435\u043b\u0430. \u041e\u0441\u043e\u0431\u0435\u043d\u043d\u043e\u0441\u0442\u0438 \u041e\u0447\u0435\u043d\u044c \u0442\u0435\u043f\u043b\u0430\u044f, \u043f\u043e\u0434\u043e\u0439\u0434\u0435\u0442 \u0438 \u0434\u043b\u044f \u0432\u0437\u0440\u043e\u0441\u043b\u044b\u0445, \u0438 \u0434\u043b\u044f \u0434\u0435\u0442\u0435\u0439 \u041f\u043b\u043e\u0441\u043a\u0438\u0435 \u0448\u0432\u044b \u043d\u0435 \u043d\u0430\u0442\u0438\u0440\u0430\u044e\u0442 \u0425\u043e\u0440\u043e\u0448\u043e \u0434\u0435\u0440\u0436\u0438\u0442 \u0442\u0435\u043f\u043b\u043e, \u0434\u044b\u0448\u0438\u0442, \u0438 \u0432\u044b\u0432\u043e\u0434\u0438\u0442 [&hellip;]<\/p>\n","protected":false},"featured_media":42637,"comment_status":"open","ping_status":"closed","template":"","meta":{"_acf_changed":false,"inline_featured_image":false},"product_brand":[1314],"product_cat":[394],"product_tag":[],"class_list":{"0":"post-42636","1":"product","2":"type-product","3":"status-publish","4":"has-post-thumbnail","6":"product_brand-viking","7":"product_cat-masks","9":"first","10":"outofstock","11":"shipping-taxable","12":"product-type-simple"},"acf":[],"yoast_head":"<!-- This site is optimized with the Yoast SEO plugin v27.4 - https:\/\/yoast.com\/product\/yoast-seo-wordpress\/ -->\n<title>\u0411\u0430\u043b\u0430\u043a\u043b\u0430\u0432\u0430 Viking Volta Fleece 290\/08\/3190\/20 - \u041c\u0430\u0433\u0430\u0437\u0438\u043d Xstyle<\/title>\n<meta name=\"description\" content=\"\u041a\u0443\u043f\u0438\u0442\u0435 \u0411\u0430\u043b\u0430\u043a\u043b\u0430\u0432\u0443 Viking Volta Fleece 290\/08\/3190\/20 \u0434\u043b\u044f \u043d\u0430\u0434\u0435\u0436\u043d\u043e\u0439 \u0437\u0430\u0449\u0438\u0442\u044b \u043e\u0442 \u0445\u043e\u043b\u043e\u0434\u0430. \u0418\u0434\u0435\u0430\u043b\u044c\u043d\u043e \u043f\u043e\u0434\u0445\u043e\u0434\u0438\u0442 \u0434\u043b\u044f \u0430\u043a\u0442\u0438\u0432\u043d\u043e\u0433\u043e \u043e\u0442\u0434\u044b\u0445\u0430 \u043d\u0430 \u0441\u0432\u0435\u0436\u0435\u043c \u0432\u043e\u0437\u0434\u0443\u0445\u0435!\" \/>\n<meta name=\"robots\" content=\"index, follow, max-snippet:-1, max-image-preview:large, max-video-preview:-1\" \/>\n<link rel=\"canonical\" href=\"https:\/\/xstyle.md\/ro\/produs\/balaklava-viking-volta-fleece-290-08-3190-20\/\" \/>\n<meta property=\"og:locale\" content=\"ro_RO\" \/>\n<meta property=\"og:type\" content=\"article\" \/>\n<meta property=\"og:title\" content=\"\u0411\u0430\u043b\u0430\u043a\u043b\u0430\u0432\u0430 Viking Volta Fleece 290\/08\/3190\/20 - \u041c\u0430\u0433\u0430\u0437\u0438\u043d Xstyle\" \/>\n<meta property=\"og:description\" content=\"\u041a\u0443\u043f\u0438\u0442\u0435 \u0411\u0430\u043b\u0430\u043a\u043b\u0430\u0432\u0443 Viking Volta Fleece 290\/08\/3190\/20 \u0434\u043b\u044f \u043d\u0430\u0434\u0435\u0436\u043d\u043e\u0439 \u0437\u0430\u0449\u0438\u0442\u044b \u043e\u0442 \u0445\u043e\u043b\u043e\u0434\u0430. \u0418\u0434\u0435\u0430\u043b\u044c\u043d\u043e \u043f\u043e\u0434\u0445\u043e\u0434\u0438\u0442 \u0434\u043b\u044f \u0430\u043a\u0442\u0438\u0432\u043d\u043e\u0433\u043e \u043e\u0442\u0434\u044b\u0445\u0430 \u043d\u0430 \u0441\u0432\u0435\u0436\u0435\u043c \u0432\u043e\u0437\u0434\u0443\u0445\u0435!\" \/>\n<meta property=\"og:url\" content=\"https:\/\/xstyle.md\/ro\/produs\/balaklava-viking-volta-fleece-290-08-3190-20\/\" \/>\n<meta property=\"og:site_name\" content=\"\u041c\u0430\u0433\u0430\u0437\u0438\u043d Xstyle\" \/>\n<meta property=\"article:publisher\" content=\"https:\/\/www.facebook.com\/xstylemd\" \/>\n<meta property=\"article:modified_time\" content=\"2026-02-12T17:07:10+00:00\" \/>\n<meta property=\"og:image\" content=\"https:\/\/xstyle.md\/wp-content\/uploads\/2021\/12\/Viking-Volta-Fleece.jpg\" \/>\n\t<meta property=\"og:image:width\" content=\"600\" \/>\n\t<meta property=\"og:image:height\" content=\"600\" \/>\n\t<meta property=\"og:image:type\" content=\"image\/jpeg\" \/>\n<meta name=\"twitter:card\" content=\"summary_large_image\" \/>\n<meta name=\"twitter:label1\" content=\"Pre\u021b\" \/>\n\t<meta name=\"twitter:data1\" content=\"230&nbsp;MDL\" \/>\n\t<meta name=\"twitter:label2\" content=\"Disponibilitate\" \/>\n\t<meta name=\"twitter:data2\" content=\"Stoc epuizat\" \/>\n<script type=\"application\/ld+json\" class=\"yoast-schema-graph\">{\"@context\":\"https:\\\/\\\/schema.org\",\"@graph\":[{\"@type\":\"WebPage\",\"@id\":\"https:\\\/\\\/xstyle.md\\\/product\\\/balaklava-viking-volta-fleece-290-08-3190-20\\\/\",\"url\":\"https:\\\/\\\/xstyle.md\\\/product\\\/balaklava-viking-volta-fleece-290-08-3190-20\\\/\",\"name\":\"\u0411\u0430\u043b\u0430\u043a\u043b\u0430\u0432\u0430 Viking Volta Fleece 290\\\/08\\\/3190\\\/20 - \u041c\u0430\u0433\u0430\u0437\u0438\u043d Xstyle\",\"isPartOf\":{\"@id\":\"https:\\\/\\\/xstyle.md\\\/#website\"},\"primaryImageOfPage\":{\"@id\":\"https:\\\/\\\/xstyle.md\\\/product\\\/balaklava-viking-volta-fleece-290-08-3190-20\\\/#primaryimage\"},\"image\":{\"@id\":\"https:\\\/\\\/xstyle.md\\\/product\\\/balaklava-viking-volta-fleece-290-08-3190-20\\\/#primaryimage\"},\"thumbnailUrl\":\"https:\\\/\\\/xstyle.md\\\/wp-content\\\/uploads\\\/2021\\\/12\\\/Viking-Volta-Fleece.jpg\",\"datePublished\":\"2021-12-07T16:13:34+00:00\",\"dateModified\":\"2026-02-12T17:07:10+00:00\",\"description\":\"\u041a\u0443\u043f\u0438\u0442\u0435 \u0411\u0430\u043b\u0430\u043a\u043b\u0430\u0432\u0443 Viking Volta Fleece 290\\\/08\\\/3190\\\/20 \u0434\u043b\u044f \u043d\u0430\u0434\u0435\u0436\u043d\u043e\u0439 \u0437\u0430\u0449\u0438\u0442\u044b \u043e\u0442 \u0445\u043e\u043b\u043e\u0434\u0430. \u0418\u0434\u0435\u0430\u043b\u044c\u043d\u043e \u043f\u043e\u0434\u0445\u043e\u0434\u0438\u0442 \u0434\u043b\u044f \u0430\u043a\u0442\u0438\u0432\u043d\u043e\u0433\u043e \u043e\u0442\u0434\u044b\u0445\u0430 \u043d\u0430 \u0441\u0432\u0435\u0436\u0435\u043c \u0432\u043e\u0437\u0434\u0443\u0445\u0435!\",\"breadcrumb\":{\"@id\":\"https:\\\/\\\/xstyle.md\\\/product\\\/balaklava-viking-volta-fleece-290-08-3190-20\\\/#breadcrumb\"},\"inLanguage\":\"ro-RO\",\"potentialAction\":[{\"@type\":\"ReadAction\",\"target\":[\"https:\\\/\\\/xstyle.md\\\/product\\\/balaklava-viking-volta-fleece-290-08-3190-20\\\/\"]}]},{\"@type\":\"ImageObject\",\"inLanguage\":\"ro-RO\",\"@id\":\"https:\\\/\\\/xstyle.md\\\/product\\\/balaklava-viking-volta-fleece-290-08-3190-20\\\/#primaryimage\",\"url\":\"https:\\\/\\\/xstyle.md\\\/wp-content\\\/uploads\\\/2021\\\/12\\\/Viking-Volta-Fleece.jpg\",\"contentUrl\":\"https:\\\/\\\/xstyle.md\\\/wp-content\\\/uploads\\\/2021\\\/12\\\/Viking-Volta-Fleece.jpg\",\"width\":600,\"height\":600,\"caption\":\"\u0422\u0451\u043f\u043b\u0430\u044f \u0431\u0430\u043b\u0430\u043a\u043b\u0430\u0432\u0430 Viking Volta Fleece \u0434\u043b\u044f \u0430\u043a\u0442\u0438\u0432\u043d\u043e\u0433\u043e \u043e\u0442\u0434\u044b\u0445\u0430, \u043f\u0443\u0442\u0435\u0448\u0435\u0441\u0442\u0432\u0438\u0439, \u0445\u0430\u0439\u043a\u0438\u043d\u0433\u0430, \u0430\u043b\u044c\u043f\u0438\u043d\u0438\u0437\u043c\u0430, \u043e\u0434\u0435\u0436\u0434\u044b \u0438 \u043e\u0431\u0443\u0432\u0438 \u0434\u043b\u044f \u0430\u043a\u0442\u0438\u0432\u043d\u043e\u0439 \u0436\u0438\u0437\u043d\u0438 \u0432 \u0438\u043d\u0442\u0435\u0440\u043d\u0435\u0442-\u043c\u0430\u0433\u0430\u0437\u0438\u043d\u0435\"},{\"@type\":\"BreadcrumbList\",\"@id\":\"https:\\\/\\\/xstyle.md\\\/product\\\/balaklava-viking-volta-fleece-290-08-3190-20\\\/#breadcrumb\",\"itemListElement\":[{\"@type\":\"ListItem\",\"position\":1,\"name\":\"\u0413\u043b\u0430\u0432\u043d\u0430\u044f \u0441\u0442\u0440\u0430\u043d\u0438\u0446\u0430\",\"item\":\"https:\\\/\\\/xstyle.md\\\/\"},{\"@type\":\"ListItem\",\"position\":2,\"name\":\"\u041c\u0430\u0433\u0430\u0437\u0438\u043d\",\"item\":\"https:\\\/\\\/xstyle.md\\\/shop\\\/\"},{\"@type\":\"ListItem\",\"position\":3,\"name\":\"\u0411\u0430\u043b\u0430\u043a\u043b\u0430\u0432\u0430 Viking Volta Fleece 290\\\/08\\\/3190\\\/20\"}]},{\"@type\":\"WebSite\",\"@id\":\"https:\\\/\\\/xstyle.md\\\/#website\",\"url\":\"https:\\\/\\\/xstyle.md\\\/\",\"name\":\"\u041c\u0430\u0433\u0430\u0437\u0438\u043d Xstyle\",\"description\":\"C\u043d\u0430\u0440\u044f\u0436\u0435\u043d\u0438\u0435 \u0434\u043b\u044f \u0442\u0443\u0440\u0438\u0437\u043c\u0430 \u0438 \u044d\u043a\u0441\u0442\u0440\u0435\u043c\u0430\u043b\u044c\u043d\u044b\u0445 \u0432\u0438\u0434\u043e\u0432 \u0441\u043f\u043e\u0440\u0442\u0430 \u0432 \u041c\u043e\u043b\u0434\u043e\u0432\u0435.. \u0426\u0435\u043d\u044b, \u0444\u043e\u0442\u043e, \u0445\u0430\u0440\u0430\u043a\u0442\u0435\u0440\u0438\u0441\u0442\u0438\u043a\u0438 \u0432 \u041c\u043e\u043b\u0434\u043e\u0432\u0435.\",\"publisher\":{\"@id\":\"https:\\\/\\\/xstyle.md\\\/#organization\"},\"alternateName\":\"X-Style\",\"potentialAction\":[{\"@type\":\"SearchAction\",\"target\":{\"@type\":\"EntryPoint\",\"urlTemplate\":\"https:\\\/\\\/xstyle.md\\\/?s={search_term_string}\"},\"query-input\":{\"@type\":\"PropertyValueSpecification\",\"valueRequired\":true,\"valueName\":\"search_term_string\"}}],\"inLanguage\":\"ro-RO\"},{\"@type\":\"Organization\",\"@id\":\"https:\\\/\\\/xstyle.md\\\/#organization\",\"name\":\"\u041c\u0430\u0433\u0430\u0437\u0438\u043d Xstyle\",\"alternateName\":\"x-style\",\"url\":\"https:\\\/\\\/xstyle.md\\\/\",\"logo\":{\"@type\":\"ImageObject\",\"inLanguage\":\"ro-RO\",\"@id\":\"https:\\\/\\\/xstyle.md\\\/#\\\/schema\\\/logo\\\/image\\\/\",\"url\":\"https:\\\/\\\/xstyle.md\\\/wp-content\\\/uploads\\\/2020\\\/06\\\/logoicon.svg\",\"contentUrl\":\"https:\\\/\\\/xstyle.md\\\/wp-content\\\/uploads\\\/2020\\\/06\\\/logoicon.svg\",\"caption\":\"\u041c\u0430\u0433\u0430\u0437\u0438\u043d Xstyle\"},\"image\":{\"@id\":\"https:\\\/\\\/xstyle.md\\\/#\\\/schema\\\/logo\\\/image\\\/\"},\"sameAs\":[\"https:\\\/\\\/www.facebook.com\\\/xstylemd\",\"https:\\\/\\\/www.instagram.com\\\/xstyle_md\\\/\",\"https:\\\/\\\/t.me\\\/xstyle_outdoor\"],\"hasMerchantReturnPolicy\":{\"@type\":\"MerchantReturnPolicy\",\"merchantReturnLink\":\"https:\\\/\\\/xstyle.md\\\/ro\\\/conditions\\\/\"}}]}<\/script>\n<meta property=\"product:price:amount\" content=\"230.00\" \/>\n<meta property=\"product:price:currency\" content=\"MDL\" \/>\n<meta property=\"og:availability\" content=\"out of stock\" \/>\n<meta property=\"product:availability\" content=\"out of stock\" \/>\n<meta property=\"product:retailer_item_id\" content=\"5908234702651\" \/>\n<meta property=\"product:condition\" content=\"new\" \/>\n<!-- \/ Yoast SEO plugin. -->","yoast_head_json":{"title":"\u0411\u0430\u043b\u0430\u043a\u043b\u0430\u0432\u0430 Viking Volta Fleece 290\/08\/3190\/20 - \u041c\u0430\u0433\u0430\u0437\u0438\u043d Xstyle","description":"Cump\u0103ra\u021bi Balaclava Viking Volta Fleece 290\/08\/3190\/20 pentru o protec\u021bie sigur\u0103 \u00eempotriva frigului. Este perfect\u0103 pentru activit\u0103\u021bi recreative \u00een aer liber!","robots":{"index":"index","follow":"follow","max-snippet":"max-snippet:-1","max-image-preview":"max-image-preview:large","max-video-preview":"max-video-preview:-1"},"canonical":"https:\/\/xstyle.md\/ro\/produs\/balaklava-viking-volta-fleece-290-08-3190-20\/","og_locale":"ro_RO","og_type":"article","og_title":"\u0411\u0430\u043b\u0430\u043a\u043b\u0430\u0432\u0430 Viking Volta Fleece 290\/08\/3190\/20 - \u041c\u0430\u0433\u0430\u0437\u0438\u043d Xstyle","og_description":"\u041a\u0443\u043f\u0438\u0442\u0435 \u0411\u0430\u043b\u0430\u043a\u043b\u0430\u0432\u0443 Viking Volta Fleece 290\/08\/3190\/20 \u0434\u043b\u044f \u043d\u0430\u0434\u0435\u0436\u043d\u043e\u0439 \u0437\u0430\u0449\u0438\u0442\u044b \u043e\u0442 \u0445\u043e\u043b\u043e\u0434\u0430. \u0418\u0434\u0435\u0430\u043b\u044c\u043d\u043e \u043f\u043e\u0434\u0445\u043e\u0434\u0438\u0442 \u0434\u043b\u044f \u0430\u043a\u0442\u0438\u0432\u043d\u043e\u0433\u043e \u043e\u0442\u0434\u044b\u0445\u0430 \u043d\u0430 \u0441\u0432\u0435\u0436\u0435\u043c \u0432\u043e\u0437\u0434\u0443\u0445\u0435!","og_url":"https:\/\/xstyle.md\/ro\/produs\/balaklava-viking-volta-fleece-290-08-3190-20\/","og_site_name":"\u041c\u0430\u0433\u0430\u0437\u0438\u043d Xstyle","article_publisher":"https:\/\/www.facebook.com\/xstylemd","article_modified_time":"2026-02-12T17:07:10+00:00","og_image":[{"width":600,"height":600,"url":"https:\/\/xstyle.md\/wp-content\/uploads\/2021\/12\/Viking-Volta-Fleece.jpg","type":"image\/jpeg"}],"twitter_card":"summary_large_image","twitter_misc":{"Pre\u021b":"230&nbsp;MDL","Disponibilitate":"Stoc epuizat"},"schema":{"@context":"https:\/\/schema.org","@graph":[{"@type":"WebPage","@id":"https:\/\/xstyle.md\/product\/balaklava-viking-volta-fleece-290-08-3190-20\/","url":"https:\/\/xstyle.md\/product\/balaklava-viking-volta-fleece-290-08-3190-20\/","name":"\u0411\u0430\u043b\u0430\u043a\u043b\u0430\u0432\u0430 Viking Volta Fleece 290\/08\/3190\/20 - \u041c\u0430\u0433\u0430\u0437\u0438\u043d Xstyle","isPartOf":{"@id":"https:\/\/xstyle.md\/#website"},"primaryImageOfPage":{"@id":"https:\/\/xstyle.md\/product\/balaklava-viking-volta-fleece-290-08-3190-20\/#primaryimage"},"image":{"@id":"https:\/\/xstyle.md\/product\/balaklava-viking-volta-fleece-290-08-3190-20\/#primaryimage"},"thumbnailUrl":"https:\/\/xstyle.md\/wp-content\/uploads\/2021\/12\/Viking-Volta-Fleece.jpg","datePublished":"2021-12-07T16:13:34+00:00","dateModified":"2026-02-12T17:07:10+00:00","description":"Cump\u0103ra\u021bi Balaclava Viking Volta Fleece 290\/08\/3190\/20 pentru o protec\u021bie sigur\u0103 \u00eempotriva frigului. Este perfect\u0103 pentru activit\u0103\u021bi recreative \u00een aer liber!","breadcrumb":{"@id":"https:\/\/xstyle.md\/product\/balaklava-viking-volta-fleece-290-08-3190-20\/#breadcrumb"},"inLanguage":"ro-RO","potentialAction":[{"@type":"ReadAction","target":["https:\/\/xstyle.md\/product\/balaklava-viking-volta-fleece-290-08-3190-20\/"]}]},{"@type":"ImageObject","inLanguage":"ro-RO","@id":"https:\/\/xstyle.md\/product\/balaklava-viking-volta-fleece-290-08-3190-20\/#primaryimage","url":"https:\/\/xstyle.md\/wp-content\/uploads\/2021\/12\/Viking-Volta-Fleece.jpg","contentUrl":"https:\/\/xstyle.md\/wp-content\/uploads\/2021\/12\/Viking-Volta-Fleece.jpg","width":600,"height":600,"caption":"\u0422\u0451\u043f\u043b\u0430\u044f \u0431\u0430\u043b\u0430\u043a\u043b\u0430\u0432\u0430 Viking Volta Fleece \u0434\u043b\u044f \u0430\u043a\u0442\u0438\u0432\u043d\u043e\u0433\u043e \u043e\u0442\u0434\u044b\u0445\u0430, \u043f\u0443\u0442\u0435\u0448\u0435\u0441\u0442\u0432\u0438\u0439, \u0445\u0430\u0439\u043a\u0438\u043d\u0433\u0430, \u0430\u043b\u044c\u043f\u0438\u043d\u0438\u0437\u043c\u0430, \u043e\u0434\u0435\u0436\u0434\u044b \u0438 \u043e\u0431\u0443\u0432\u0438 \u0434\u043b\u044f \u0430\u043a\u0442\u0438\u0432\u043d\u043e\u0439 \u0436\u0438\u0437\u043d\u0438 \u0432 \u0438\u043d\u0442\u0435\u0440\u043d\u0435\u0442-\u043c\u0430\u0433\u0430\u0437\u0438\u043d\u0435"},{"@type":"BreadcrumbList","@id":"https:\/\/xstyle.md\/product\/balaklava-viking-volta-fleece-290-08-3190-20\/#breadcrumb","itemListElement":[{"@type":"ListItem","position":1,"name":"\u0413\u043b\u0430\u0432\u043d\u0430\u044f \u0441\u0442\u0440\u0430\u043d\u0438\u0446\u0430","item":"https:\/\/xstyle.md\/"},{"@type":"ListItem","position":2,"name":"\u041c\u0430\u0433\u0430\u0437\u0438\u043d","item":"https:\/\/xstyle.md\/shop\/"},{"@type":"ListItem","position":3,"name":"\u0411\u0430\u043b\u0430\u043a\u043b\u0430\u0432\u0430 Viking Volta Fleece 290\/08\/3190\/20"}]},{"@type":"WebSite","@id":"https:\/\/xstyle.md\/#website","url":"https:\/\/xstyle.md\/","name":"Magazinul X-Style","description":"Echipamente pentru turism \u0219i sporturi extreme \u00een Moldova. Pre\u021buri, fotografii, caracteristici \u00een Moldova.","publisher":{"@id":"https:\/\/xstyle.md\/#organization"},"alternateName":"X-Style","potentialAction":[{"@type":"SearchAction","target":{"@type":"EntryPoint","urlTemplate":"https:\/\/xstyle.md\/?s={search_term_string}"},"query-input":{"@type":"PropertyValueSpecification","valueRequired":true,"valueName":"search_term_string"}}],"inLanguage":"ro-RO"},{"@type":"Organization","@id":"https:\/\/xstyle.md\/#organization","name":"Magazinul X-Style","alternateName":"x-style","url":"https:\/\/xstyle.md\/","logo":{"@type":"ImageObject","inLanguage":"ro-RO","@id":"https:\/\/xstyle.md\/#\/schema\/logo\/image\/","url":"https:\/\/xstyle.md\/wp-content\/uploads\/2020\/06\/logoicon.svg","contentUrl":"https:\/\/xstyle.md\/wp-content\/uploads\/2020\/06\/logoicon.svg","caption":"\u041c\u0430\u0433\u0430\u0437\u0438\u043d Xstyle"},"image":{"@id":"https:\/\/xstyle.md\/#\/schema\/logo\/image\/"},"sameAs":["https:\/\/www.facebook.com\/xstylemd","https:\/\/www.instagram.com\/xstyle_md\/","https:\/\/t.me\/xstyle_outdoor"],"hasMerchantReturnPolicy":{"@type":"MerchantReturnPolicy","merchantReturnLink":"https:\/\/xstyle.md\/ro\/conditions\/"}}]},"product_price_amount":"230.00","product_price_currency":"MDL","og_availability":"out of stock","product_availability":"out of stock","product_retailer_item_id":"5908234702651","product_condition":"new"},"_links":{"self":[{"href":"https:\/\/xstyle.md\/ro\/wp-json\/wp\/v2\/product\/42636","targetHints":{"allow":["GET"]}}],"collection":[{"href":"https:\/\/xstyle.md\/ro\/wp-json\/wp\/v2\/product"}],"about":[{"href":"https:\/\/xstyle.md\/ro\/wp-json\/wp\/v2\/types\/product"}],"replies":[{"embeddable":true,"href":"https:\/\/xstyle.md\/ro\/wp-json\/wp\/v2\/comments?post=42636"}],"wp:featuredmedia":[{"embeddable":true,"href":"https:\/\/xstyle.md\/ro\/wp-json\/wp\/v2\/media\/42637"}],"wp:attachment":[{"href":"https:\/\/xstyle.md\/ro\/wp-json\/wp\/v2\/media?parent=42636"}],"wp:term":[{"taxonomy":"product_brand","embeddable":true,"href":"https:\/\/xstyle.md\/ro\/wp-json\/wp\/v2\/product_brand?post=42636"},{"taxonomy":"product_cat","embeddable":true,"href":"https:\/\/xstyle.md\/ro\/wp-json\/wp\/v2\/product_cat?post=42636"},{"taxonomy":"product_tag","embeddable":true,"href":"https:\/\/xstyle.md\/ro\/wp-json\/wp\/v2\/product_tag?post=42636"}],"curies":[{"name":"wp","href":"https:\/\/api.w.org\/{rel}","templated":true}]}}