{"id":4249,"date":"2020-07-16T19:41:47","date_gmt":"2020-07-16T16:41:47","guid":{"rendered":"https:\/\/xstyle.md\/product\/termoshtany-craft-devotion-tights-wmn"},"modified":"2024-10-19T23:42:55","modified_gmt":"2024-10-19T20:42:55","slug":"craft-devotion-tights-wmn-black","status":"publish","type":"product","link":"https:\/\/xstyle.md\/ro\/produs\/craft-devotion-tights-wmn-black\/","title":{"rendered":"Pantaloni pentru alergare Craft Devotion Tights Wmn black"},"content":{"rendered":"<\/p>\n<p><strong>Craft Devotion &#8212; <\/strong>concepu\u021bi pentru alergare \u0219i alte activit\u0103\u021bi aerobe. Contrac\u021bia str\u00e2ns\u0103 arat\u0103 grozav pe siluet\u0103, iar datorit\u0103 t\u0103ieturii sportive ergonomice, pantalonii nu \u00eempiedic\u0103 mi\u0219carea. Material moale, pl\u0103cut pentru corp, nu irit\u0103 pielea, respir\u0103 bine \u0219i \u00eendep\u0103rteaz\u0103 eficient umezeala.<\/p>\n<p>Lungimea este potrivit\u0103 pentru orice activitate. Inser\u021bii de ventila\u021bie pentru un plus de confort \u00een zilele caniculare. Buzunar mic cu fermoar pentru chei de dulap. Elemente reflectorizante pentru siguran\u021b\u0103 pe \u0219osea.<\/p>\n<h3><strong>Particularit\u0103\u021bi<\/strong><\/h3>\n<ul>\n<li>Elasticitate ridicat\u0103, men\u021bin\u00e2nd \u00een acela\u0219i timp forma ini\u021bial\u0103;<\/li>\n<li>Combina\u021bie optim\u0103 de greutate mic\u0103, sus\u021binere muscular\u0103 \u0219i respirabilitate;<\/li>\n<li>Comprimarea \u0219i \u00eentinderea materialului \u00een toate direc\u021biile;<\/li>\n<li>Design ergonomic pentru libertate de mi\u0219care optim\u0103;<\/li>\n<li>Buzunar mic la spate;<\/li>\n<li>Imprime reflectorizante la 360 de grade de jur \u00eemprejur;<\/li>\n<li>Fermoare pe interior.<\/li>\n<\/ul>\n<h3>Caracteristici<\/h3>\n<ul>\n<li>Material &#8212; Lycra\u00ae Sport (88% poliester 12% elastan);<\/li>\n<li>Sezon &#8212; toamn\u0103\/iarn\u0103;<\/li>\n<li>Aplicare &#8212; odihn\u0103 activ\u0103\/turism\/utilizare zilnic\u0103;<\/li>\n<li>Model - pentru femei.<\/li>\n<\/ul>\n<h3>Tehnologie<\/h3>\n<ul>\n<li><strong>Lycra<\/strong>\u00ae<strong>\u00a0Sport &#8212; <\/strong>material\u00a0elastic pentru a p\u0103stra energia util\u0103 \u0219i pentru a sus\u021bine mu\u0219chii \u00een timpul activit\u0103\u021bilor fizice active. Are propriet\u0103\u021bi excelente de ventila\u021bie.<\/li>\n<\/ul>\n<p><\/p>","protected":false},"excerpt":{"rendered":"<p>Pantaloni pentru alergare Craft Devotion Tights Wmn black<\/p>","protected":false},"featured_media":4248,"comment_status":"open","ping_status":"closed","template":"","meta":{"_acf_changed":false,"inline_featured_image":false},"product_brand":[1300],"product_cat":[448],"product_tag":[],"class_list":{"0":"post-4249","1":"product","2":"type-product","3":"status-publish","4":"has-post-thumbnail","6":"product_brand-craft","7":"product_cat-haine-de-alergare-femei","9":"first","10":"instock","11":"sale","12":"shipping-taxable","13":"purchasable","14":"product-type-simple"},"acf":[],"yoast_head":"<!-- This site is optimized with the Yoast SEO plugin v27.2 - https:\/\/yoast.com\/product\/yoast-seo-wordpress\/ -->\n<title>\u0411\u0435\u0433\u043e\u0432\u044b\u0435 \u0448\u0442\u0430\u043d\u044b Craft Devotion Tights Wmn black - \u041c\u0430\u0433\u0430\u0437\u0438\u043d Xstyle<\/title>\n<meta name=\"description\" content=\"\u0411\u0435\u0433\u043e\u0432\u044b\u0435 \u0448\u0442\u0430\u043d\u044b Craft Devotion Tights Wmn \u0447\u0435\u0440\u043d\u043e\u0433\u043e \u0446\u0432\u0435\u0442\u0430 \u0438\u0434\u0435\u0430\u043b\u044c\u043d\u043e \u043f\u043e\u0434\u0445\u043e\u0434\u044f\u0442 \u0434\u043b\u044f \u0431\u0435\u0433\u0430 \u0438 \u0430\u043a\u0442\u0438\u0432\u043d\u044b\u0445 \u0442\u0440\u0435\u043d\u0438\u0440\u043e\u0432\u043e\u043a. \u0423\u0434\u043e\u0431\u043d\u0430\u044f, \u0434\u044b\u0448\u0430\u0449\u0430\u044f \u0442\u043a\u0430\u043d\u044c, \u0441\u0442\u0438\u043b\u044c\u043d\u044b\u0439 \u0434\u0438\u0437\u0430\u0439\u043d!\" \/>\n<meta name=\"robots\" content=\"index, follow, max-snippet:-1, max-image-preview:large, max-video-preview:-1\" \/>\n<link rel=\"canonical\" href=\"https:\/\/xstyle.md\/ro\/produs\/craft-devotion-tights-wmn-black\/\" \/>\n<meta property=\"og:locale\" content=\"ro_RO\" \/>\n<meta property=\"og:type\" content=\"article\" \/>\n<meta property=\"og:title\" content=\"\u0411\u0435\u0433\u043e\u0432\u044b\u0435 \u0448\u0442\u0430\u043d\u044b Craft Devotion Tights Wmn black - \u041c\u0430\u0433\u0430\u0437\u0438\u043d Xstyle\" \/>\n<meta property=\"og:description\" content=\"\u0411\u0435\u0433\u043e\u0432\u044b\u0435 \u0448\u0442\u0430\u043d\u044b Craft Devotion Tights Wmn \u0447\u0435\u0440\u043d\u043e\u0433\u043e \u0446\u0432\u0435\u0442\u0430 \u0438\u0434\u0435\u0430\u043b\u044c\u043d\u043e \u043f\u043e\u0434\u0445\u043e\u0434\u044f\u0442 \u0434\u043b\u044f \u0431\u0435\u0433\u0430 \u0438 \u0430\u043a\u0442\u0438\u0432\u043d\u044b\u0445 \u0442\u0440\u0435\u043d\u0438\u0440\u043e\u0432\u043e\u043a. \u0423\u0434\u043e\u0431\u043d\u0430\u044f, \u0434\u044b\u0448\u0430\u0449\u0430\u044f \u0442\u043a\u0430\u043d\u044c, \u0441\u0442\u0438\u043b\u044c\u043d\u044b\u0439 \u0434\u0438\u0437\u0430\u0439\u043d!\" \/>\n<meta property=\"og:url\" content=\"https:\/\/xstyle.md\/ro\/produs\/craft-devotion-tights-wmn-black\/\" \/>\n<meta property=\"og:site_name\" content=\"\u041c\u0430\u0433\u0430\u0437\u0438\u043d Xstyle\" \/>\n<meta property=\"article:publisher\" content=\"https:\/\/www.facebook.com\/xstylemd\" \/>\n<meta property=\"article:modified_time\" content=\"2024-10-19T20:42:55+00:00\" \/>\n<meta property=\"og:image\" content=\"https:\/\/xstyle.md\/wp-content\/uploads\/2020\/07\/craft-devotion-tight-w-9999.jpg\" \/>\n\t<meta property=\"og:image:width\" content=\"590\" \/>\n\t<meta property=\"og:image:height\" content=\"590\" \/>\n\t<meta property=\"og:image:type\" content=\"image\/jpeg\" \/>\n<meta name=\"twitter:card\" content=\"summary_large_image\" \/>\n<meta name=\"twitter:label1\" content=\"Pre\u021b\" \/>\n\t<meta name=\"twitter:data1\" content=\"959&nbsp;MDL\" \/>\n\t<meta name=\"twitter:label2\" content=\"Disponibilitate\" \/>\n\t<meta name=\"twitter:data2\" content=\"\u00cen stoc\" \/>\n<script type=\"application\/ld+json\" class=\"yoast-schema-graph\">{\"@context\":\"https:\/\/schema.org\",\"@graph\":[{\"@type\":\"WebPage\",\"@id\":\"https:\/\/xstyle.md\/product\/craft-devotion-tights-wmn-black\/\",\"url\":\"https:\/\/xstyle.md\/product\/craft-devotion-tights-wmn-black\/\",\"name\":\"\u0411\u0435\u0433\u043e\u0432\u044b\u0435 \u0448\u0442\u0430\u043d\u044b Craft Devotion Tights Wmn black - \u041c\u0430\u0433\u0430\u0437\u0438\u043d Xstyle\",\"isPartOf\":{\"@id\":\"https:\/\/xstyle.md\/#website\"},\"primaryImageOfPage\":{\"@id\":\"https:\/\/xstyle.md\/product\/craft-devotion-tights-wmn-black\/#primaryimage\"},\"image\":{\"@id\":\"https:\/\/xstyle.md\/product\/craft-devotion-tights-wmn-black\/#primaryimage\"},\"thumbnailUrl\":\"https:\/\/xstyle.md\/wp-content\/uploads\/2020\/07\/craft-devotion-tight-w-9999.jpg\",\"datePublished\":\"2020-07-16T16:41:47+00:00\",\"dateModified\":\"2024-10-19T20:42:55+00:00\",\"description\":\"\u0411\u0435\u0433\u043e\u0432\u044b\u0435 \u0448\u0442\u0430\u043d\u044b Craft Devotion Tights Wmn \u0447\u0435\u0440\u043d\u043e\u0433\u043e \u0446\u0432\u0435\u0442\u0430 \u0438\u0434\u0435\u0430\u043b\u044c\u043d\u043e \u043f\u043e\u0434\u0445\u043e\u0434\u044f\u0442 \u0434\u043b\u044f \u0431\u0435\u0433\u0430 \u0438 \u0430\u043a\u0442\u0438\u0432\u043d\u044b\u0445 \u0442\u0440\u0435\u043d\u0438\u0440\u043e\u0432\u043e\u043a. \u0423\u0434\u043e\u0431\u043d\u0430\u044f, \u0434\u044b\u0448\u0430\u0449\u0430\u044f \u0442\u043a\u0430\u043d\u044c, \u0441\u0442\u0438\u043b\u044c\u043d\u044b\u0439 \u0434\u0438\u0437\u0430\u0439\u043d!\",\"breadcrumb\":{\"@id\":\"https:\/\/xstyle.md\/product\/craft-devotion-tights-wmn-black\/#breadcrumb\"},\"inLanguage\":\"ro-RO\",\"potentialAction\":[{\"@type\":\"ReadAction\",\"target\":[\"https:\/\/xstyle.md\/product\/craft-devotion-tights-wmn-black\/\"]}]},{\"@type\":\"ImageObject\",\"inLanguage\":\"ro-RO\",\"@id\":\"https:\/\/xstyle.md\/product\/craft-devotion-tights-wmn-black\/#primaryimage\",\"url\":\"https:\/\/xstyle.md\/wp-content\/uploads\/2020\/07\/craft-devotion-tight-w-9999.jpg\",\"contentUrl\":\"https:\/\/xstyle.md\/wp-content\/uploads\/2020\/07\/craft-devotion-tight-w-9999.jpg\",\"width\":590,\"height\":590},{\"@type\":\"BreadcrumbList\",\"@id\":\"https:\/\/xstyle.md\/product\/craft-devotion-tights-wmn-black\/#breadcrumb\",\"itemListElement\":[{\"@type\":\"ListItem\",\"position\":1,\"name\":\"\u0413\u043b\u0430\u0432\u043d\u0430\u044f \u0441\u0442\u0440\u0430\u043d\u0438\u0446\u0430\",\"item\":\"https:\/\/xstyle.md\/\"},{\"@type\":\"ListItem\",\"position\":2,\"name\":\"\u041c\u0430\u0433\u0430\u0437\u0438\u043d\",\"item\":\"https:\/\/xstyle.md\/shop\/\"},{\"@type\":\"ListItem\",\"position\":3,\"name\":\"\u0411\u0435\u0433\u043e\u0432\u044b\u0435 \u0448\u0442\u0430\u043d\u044b Craft Devotion Tights Wmn black\"}]},{\"@type\":\"WebSite\",\"@id\":\"https:\/\/xstyle.md\/#website\",\"url\":\"https:\/\/xstyle.md\/\",\"name\":\"\u041c\u0430\u0433\u0430\u0437\u0438\u043d Xstyle\",\"description\":\"C\u043d\u0430\u0440\u044f\u0436\u0435\u043d\u0438\u0435 \u0434\u043b\u044f \u0442\u0443\u0440\u0438\u0437\u043c\u0430 \u0438 \u044d\u043a\u0441\u0442\u0440\u0435\u043c\u0430\u043b\u044c\u043d\u044b\u0445 \u0432\u0438\u0434\u043e\u0432 \u0441\u043f\u043e\u0440\u0442\u0430 \u0432 \u041c\u043e\u043b\u0434\u043e\u0432\u0435.. \u0426\u0435\u043d\u044b, \u0444\u043e\u0442\u043e, \u0445\u0430\u0440\u0430\u043a\u0442\u0435\u0440\u0438\u0441\u0442\u0438\u043a\u0438 \u0432 \u041c\u043e\u043b\u0434\u043e\u0432\u0435.\",\"publisher\":{\"@id\":\"https:\/\/xstyle.md\/#organization\"},\"alternateName\":\"X-Style\",\"potentialAction\":[{\"@type\":\"SearchAction\",\"target\":{\"@type\":\"EntryPoint\",\"urlTemplate\":\"https:\/\/xstyle.md\/?s={search_term_string}\"},\"query-input\":{\"@type\":\"PropertyValueSpecification\",\"valueRequired\":true,\"valueName\":\"search_term_string\"}}],\"inLanguage\":\"ro-RO\"},{\"@type\":\"Organization\",\"@id\":\"https:\/\/xstyle.md\/#organization\",\"name\":\"\u041c\u0430\u0433\u0430\u0437\u0438\u043d Xstyle\",\"alternateName\":\"x-style\",\"url\":\"https:\/\/xstyle.md\/\",\"logo\":{\"@type\":\"ImageObject\",\"inLanguage\":\"ro-RO\",\"@id\":\"https:\/\/xstyle.md\/#\/schema\/logo\/image\/\",\"url\":\"https:\/\/xstyle.md\/wp-content\/uploads\/2020\/06\/logoicon.svg\",\"contentUrl\":\"https:\/\/xstyle.md\/wp-content\/uploads\/2020\/06\/logoicon.svg\",\"caption\":\"\u041c\u0430\u0433\u0430\u0437\u0438\u043d Xstyle\"},\"image\":{\"@id\":\"https:\/\/xstyle.md\/#\/schema\/logo\/image\/\"},\"sameAs\":[\"https:\/\/www.facebook.com\/xstylemd\",\"https:\/\/www.instagram.com\/xstyle_md\/\",\"https:\/\/t.me\/xstyle_outdoor\"],\"hasMerchantReturnPolicy\":{\"@type\":\"MerchantReturnPolicy\",\"merchantReturnLink\":\"https:\/\/xstyle.md\/ro\/conditions\/\"}}]}<\/script>\n<meta property=\"product:price:amount\" content=\"959.00\" \/>\n<meta property=\"product:price:currency\" content=\"MDL\" \/>\n<meta property=\"og:availability\" content=\"instock\" \/>\n<meta property=\"product:availability\" content=\"instock\" \/>\n<meta property=\"product:retailer_item_id\" content=\"7318572263178\" \/>\n<meta property=\"product:condition\" content=\"new\" \/>\n<!-- \/ Yoast SEO plugin. -->","yoast_head_json":{"title":"Pantaloni pentru alergare Craft Devotion Tights Wmn black - Magazin Xstyle","description":"Pantalonii de alergare Craft Devotion Tights Wmn de culoare neagr\u0103 sunt perfecti pentru alergare \u0219i antrenamente active. Material confortabil \u0219i respirabil, design stylish!","robots":{"index":"index","follow":"follow","max-snippet":"max-snippet:-1","max-image-preview":"max-image-preview:large","max-video-preview":"max-video-preview:-1"},"canonical":"https:\/\/xstyle.md\/ro\/produs\/craft-devotion-tights-wmn-black\/","og_locale":"ro_RO","og_type":"article","og_title":"\u0411\u0435\u0433\u043e\u0432\u044b\u0435 \u0448\u0442\u0430\u043d\u044b Craft Devotion Tights Wmn black - \u041c\u0430\u0433\u0430\u0437\u0438\u043d Xstyle","og_description":"\u0411\u0435\u0433\u043e\u0432\u044b\u0435 \u0448\u0442\u0430\u043d\u044b Craft Devotion Tights Wmn \u0447\u0435\u0440\u043d\u043e\u0433\u043e \u0446\u0432\u0435\u0442\u0430 \u0438\u0434\u0435\u0430\u043b\u044c\u043d\u043e \u043f\u043e\u0434\u0445\u043e\u0434\u044f\u0442 \u0434\u043b\u044f \u0431\u0435\u0433\u0430 \u0438 \u0430\u043a\u0442\u0438\u0432\u043d\u044b\u0445 \u0442\u0440\u0435\u043d\u0438\u0440\u043e\u0432\u043e\u043a. \u0423\u0434\u043e\u0431\u043d\u0430\u044f, \u0434\u044b\u0448\u0430\u0449\u0430\u044f \u0442\u043a\u0430\u043d\u044c, \u0441\u0442\u0438\u043b\u044c\u043d\u044b\u0439 \u0434\u0438\u0437\u0430\u0439\u043d!","og_url":"https:\/\/xstyle.md\/ro\/produs\/craft-devotion-tights-wmn-black\/","og_site_name":"\u041c\u0430\u0433\u0430\u0437\u0438\u043d Xstyle","article_publisher":"https:\/\/www.facebook.com\/xstylemd","article_modified_time":"2024-10-19T20:42:55+00:00","og_image":[{"width":590,"height":590,"url":"https:\/\/xstyle.md\/wp-content\/uploads\/2020\/07\/craft-devotion-tight-w-9999.jpg","type":"image\/jpeg"}],"twitter_card":"summary_large_image","twitter_misc":{"Pre\u021b":"959&nbsp;MDL","Disponibilitate":"\u00cen stoc"},"schema":{"@context":"https:\/\/schema.org","@graph":[{"@type":"WebPage","@id":"https:\/\/xstyle.md\/product\/craft-devotion-tights-wmn-black\/","url":"https:\/\/xstyle.md\/product\/craft-devotion-tights-wmn-black\/","name":"Pantaloni pentru alergare Craft Devotion Tights Wmn black - Magazin Xstyle","isPartOf":{"@id":"https:\/\/xstyle.md\/#website"},"primaryImageOfPage":{"@id":"https:\/\/xstyle.md\/product\/craft-devotion-tights-wmn-black\/#primaryimage"},"image":{"@id":"https:\/\/xstyle.md\/product\/craft-devotion-tights-wmn-black\/#primaryimage"},"thumbnailUrl":"https:\/\/xstyle.md\/wp-content\/uploads\/2020\/07\/craft-devotion-tight-w-9999.jpg","datePublished":"2020-07-16T16:41:47+00:00","dateModified":"2024-10-19T20:42:55+00:00","description":"Pantalonii de alergare Craft Devotion Tights Wmn de culoare neagr\u0103 sunt perfecti pentru alergare \u0219i antrenamente active. Material confortabil \u0219i respirabil, design stylish!","breadcrumb":{"@id":"https:\/\/xstyle.md\/product\/craft-devotion-tights-wmn-black\/#breadcrumb"},"inLanguage":"ro-RO","potentialAction":[{"@type":"ReadAction","target":["https:\/\/xstyle.md\/product\/craft-devotion-tights-wmn-black\/"]}]},{"@type":"ImageObject","inLanguage":"ro-RO","@id":"https:\/\/xstyle.md\/product\/craft-devotion-tights-wmn-black\/#primaryimage","url":"https:\/\/xstyle.md\/wp-content\/uploads\/2020\/07\/craft-devotion-tight-w-9999.jpg","contentUrl":"https:\/\/xstyle.md\/wp-content\/uploads\/2020\/07\/craft-devotion-tight-w-9999.jpg","width":590,"height":590},{"@type":"BreadcrumbList","@id":"https:\/\/xstyle.md\/product\/craft-devotion-tights-wmn-black\/#breadcrumb","itemListElement":[{"@type":"ListItem","position":1,"name":"\u0413\u043b\u0430\u0432\u043d\u0430\u044f \u0441\u0442\u0440\u0430\u043d\u0438\u0446\u0430","item":"https:\/\/xstyle.md\/"},{"@type":"ListItem","position":2,"name":"\u041c\u0430\u0433\u0430\u0437\u0438\u043d","item":"https:\/\/xstyle.md\/shop\/"},{"@type":"ListItem","position":3,"name":"\u0411\u0435\u0433\u043e\u0432\u044b\u0435 \u0448\u0442\u0430\u043d\u044b Craft Devotion Tights Wmn black"}]},{"@type":"WebSite","@id":"https:\/\/xstyle.md\/#website","url":"https:\/\/xstyle.md\/","name":"Magazinul X-Style","description":"Echipamente pentru turism \u0219i sporturi extreme \u00een Moldova. Pre\u021buri, fotografii, caracteristici \u00een Moldova.","publisher":{"@id":"https:\/\/xstyle.md\/#organization"},"alternateName":"X-Style","potentialAction":[{"@type":"SearchAction","target":{"@type":"EntryPoint","urlTemplate":"https:\/\/xstyle.md\/?s={search_term_string}"},"query-input":{"@type":"PropertyValueSpecification","valueRequired":true,"valueName":"search_term_string"}}],"inLanguage":"ro-RO"},{"@type":"Organization","@id":"https:\/\/xstyle.md\/#organization","name":"Magazinul X-Style","alternateName":"x-style","url":"https:\/\/xstyle.md\/","logo":{"@type":"ImageObject","inLanguage":"ro-RO","@id":"https:\/\/xstyle.md\/#\/schema\/logo\/image\/","url":"https:\/\/xstyle.md\/wp-content\/uploads\/2020\/06\/logoicon.svg","contentUrl":"https:\/\/xstyle.md\/wp-content\/uploads\/2020\/06\/logoicon.svg","caption":"\u041c\u0430\u0433\u0430\u0437\u0438\u043d Xstyle"},"image":{"@id":"https:\/\/xstyle.md\/#\/schema\/logo\/image\/"},"sameAs":["https:\/\/www.facebook.com\/xstylemd","https:\/\/www.instagram.com\/xstyle_md\/","https:\/\/t.me\/xstyle_outdoor"],"hasMerchantReturnPolicy":{"@type":"MerchantReturnPolicy","merchantReturnLink":"https:\/\/xstyle.md\/ro\/conditions\/"}}]},"product_price_amount":"959.00","product_price_currency":"MDL","og_availability":"instock","product_availability":"instock","product_retailer_item_id":"7318572263178","product_condition":"new"},"post_mailing_queue_ids":[],"_links":{"self":[{"href":"https:\/\/xstyle.md\/ro\/wp-json\/wp\/v2\/product\/4249","targetHints":{"allow":["GET"]}}],"collection":[{"href":"https:\/\/xstyle.md\/ro\/wp-json\/wp\/v2\/product"}],"about":[{"href":"https:\/\/xstyle.md\/ro\/wp-json\/wp\/v2\/types\/product"}],"replies":[{"embeddable":true,"href":"https:\/\/xstyle.md\/ro\/wp-json\/wp\/v2\/comments?post=4249"}],"wp:featuredmedia":[{"embeddable":true,"href":"https:\/\/xstyle.md\/ro\/wp-json\/wp\/v2\/media\/4248"}],"wp:attachment":[{"href":"https:\/\/xstyle.md\/ro\/wp-json\/wp\/v2\/media?parent=4249"}],"wp:term":[{"taxonomy":"product_brand","embeddable":true,"href":"https:\/\/xstyle.md\/ro\/wp-json\/wp\/v2\/product_brand?post=4249"},{"taxonomy":"product_cat","embeddable":true,"href":"https:\/\/xstyle.md\/ro\/wp-json\/wp\/v2\/product_cat?post=4249"},{"taxonomy":"product_tag","embeddable":true,"href":"https:\/\/xstyle.md\/ro\/wp-json\/wp\/v2\/product_tag?post=4249"}],"curies":[{"name":"wp","href":"https:\/\/api.w.org\/{rel}","templated":true}]}}