{"id":41575,"date":"2021-11-15T20:42:53","date_gmt":"2021-11-15T17:42:53","guid":{"rendered":"https:\/\/xstyle.md\/?post_type=product&#038;p=41575"},"modified":"2025-10-22T17:17:44","modified_gmt":"2025-10-22T14:17:44","slug":"buff-dash-mult","status":"publish","type":"product","link":"https:\/\/xstyle.md\/ro\/produs\/buff-dash-mult\/","title":{"rendered":"Buff Dash Mult"},"content":{"rendered":"<\/p>\n<p><strong>Buff Dash Mult<\/strong> &#8212; este un buff multifunc\u021bional care se caracterizeaz\u0103 prin stil \u0219i confort. Aceast\u0103 bandan\u0103 este o solu\u021bie complet\u0103 pentru recreerea activ\u0103 \u00een aer liber \u00een zilele de toamn\u0103 &#8212; un companion ideal pentru drume\u021bii, drume\u021bii, drume\u021bii, drume\u021bii, c\u0103\u021b\u0103rare, alpinism, alergare, c\u0103l\u0103torii, ciclism \u0219i motociclism. De asemenea, este perfect\u0103 ca accesoriu colorat \u0219i multifunc\u021bional \u00een mediul urban.<\/p>\n<h3>Particularit\u0103\u021bi<\/h3>\n<ul>\n<li>\u00centindere excelent\u0103, poate fi purtat \u00een diferite moduri<\/li>\n<li>\u021ainut\u0103 mai str\u00e2mt\u0103, acoper\u0103 mai bine g\u00e2tul \u0219i nu at\u00e2rn\u0103 \u00een jos<\/li>\n<li>\u021aes\u0103tura \u00eendep\u0103rteaz\u0103 umezeala de pe corp, f\u0103c\u00e2nd-o s\u0103 se evapore \u00eenainte ca mirosul de transpira\u021bie s\u0103 se acumuleze<\/li>\n<li>Nivel ridicat de protec\u021bie UV la nivelul UPF+50<\/li>\n<li>Respirabilitate excelent\u0103 \u0219i efect eficient de evacuare a umezelii + efect de r\u0103cire<\/li>\n<li>Ultra Stretch &#8212; \u021bes\u0103tur\u0103 foarte elastic\u0103, realizat\u0103 dintr-o combina\u021bie de poliester \u0219i elastan, se \u00eentinde \u00een patru direc\u021bii, cre\u00e2nd o potrivire confortabil\u0103, str\u00e2ns\u0103 \u0219i precis\u0103 a produsului<\/li>\n<li>100% f\u0103r\u0103 cus\u0103turi &#8212; produsul este creat dintr-o singur\u0103 bucat\u0103 de \u021bes\u0103tur\u0103 \u0219i f\u0103r\u0103 cus\u0103turi, oferind astfel un confort maxim \u0219i prevenind iritarea pielii.<\/li>\n<li>\u021aes\u0103tura a fost realizat\u0103 \u00een colaborare cu brandul Repreve\u00ae, care produce fibre reciclate din materiale reciclate, inclusiv din sticle de plastic folosite.<\/li>\n<li>Certificarea OEKO-TEX standart 100: un sistem independent de verificare a produselor \u00een toate etapele de produc\u021bie.<\/li>\n<\/ul>\n<h3>Caracteristici<\/h3>\n<ul>\n<li>Material &#8212; 97% poliester, 3% elastan<\/li>\n<li>Lungime &#8212; 53 cm<\/li>\n<li>L\u0103\u021bime &#8212; 22,7 cm.<\/li>\n<\/ul>\n<h3>Tehnologie<\/h3>\n<ul>\n<li><strong>Ultrastretch<\/strong> &#8212; \u021bes\u0103tur\u0103 elastic\u0103 care se \u00eentinde uniform \u00een toate direc\u021biile datorit\u0103 adaosului de elastan. Principalele avantaje ale acestui material sunt: higroscopicitatea, respirabilitatea, hipoalergenicitatea \u0219i conductivitatea termic\u0103.<\/li>\n<li><strong>Protec\u021bie UV ridicat\u0103<\/strong> &#8212; este o \u00eembr\u0103c\u0103minte special conceput\u0103 pentru a proteja \u00eempotriva razelor UV, reduc\u00e2nd efectele negative ale acestora asupra organismului.<\/li>\n<\/ul>\n<h3>Marca<\/h3>\n<p>BUFF\u00ae \u2013 brand spaniol, a c\u0103rui istorie a \u00eenceput \u00een 1992, c\u00e2nd proprietarul unei fabrici de textile catalane, Joan Rojas (Joan Rojas), pasionat de motociclism, a ajuns la concluzia c\u0103, pentru o c\u0103l\u0103torie mai confortabil\u0103 pe motociclet\u0103, este necesar un accesoriu simplu care s\u0103 protejeze g\u00e2tul \u0219i capul de v\u00e2ntul care se apropie, de frig \u0219i de soarele arz\u0103tor.<\/p>\n<p>Lui Rojas i-a pl\u0103cut ideea unei e\u0219arfe militare multifunc\u021bionale, care se poate transforma \u00eentr-o masc\u0103, o coafur\u0103 sau o e\u0219arf\u0103. Experimentele efectuate \u00een fabrica de textile a familiei sale cu diferite materiale \u0219i forme t\u0103iate au culminat cu g\u0103sirea de c\u0103tre Rojas a unei modalit\u0103\u021bi de a produce o e\u0219arf\u0103 cilindric\u0103 f\u0103r\u0103 cus\u0103turi din microfibr\u0103. Dup\u0103 ce prototipurile au fost testate de familia, prietenii \u0219i colegii atle\u021bi ai lui Rojas, \u00een 1992 a fost lansat\u0103 prima colec\u021bie de bandane f\u0103r\u0103 cus\u0103turi sub sigla BUFF\u00ae.<\/p>\n<p>\u00cen 2017, BUFF\u00ae \u0219i-a extins sim\u021bitor linia de modele, a \u00eenceput s\u0103 produc\u0103 nu numai bandane, ci \u0219i alte articole de acoperit capul, at\u00e2t pentru sport, c\u00e2t \u0219i pentru via\u021ba de zi cu zi.<\/p>\n<p><\/p>","protected":false},"excerpt":{"rendered":"","protected":false},"featured_media":41808,"comment_status":"open","ping_status":"closed","template":"","meta":{"_acf_changed":false,"inline_featured_image":false},"product_brand":[1302],"product_cat":[522],"product_tag":[],"class_list":{"0":"post-41575","1":"product","2":"type-product","3":"status-publish","4":"has-post-thumbnail","6":"product_brand-buff","7":"product_cat-wool-buff","9":"first","10":"outofstock","11":"shipping-taxable","12":"product-type-simple"},"acf":[],"yoast_head":"<!-- This site is optimized with the Yoast SEO plugin v27.2 - https:\/\/yoast.com\/product\/yoast-seo-wordpress\/ -->\n<title>Buff Dash Mult - \u041c\u0430\u0433\u0430\u0437\u0438\u043d Xstyle<\/title>\n<meta name=\"description\" content=\"\u041c\u043d\u043e\u0433\u043e\u0444\u0443\u043d\u043a\u0446\u0438\u043e\u043d\u0430\u043b\u044c\u043d\u044b\u0439 Buff Dash Mult \u043e\u0431\u0435\u0441\u043f\u0435\u0447\u0438\u0432\u0430\u0435\u0442 \u0443\u043b\u044c\u0442\u0440\u0430\u0440\u0430\u0441\u0442\u044f\u0436\u0438\u043c\u043e\u0441\u0442\u044c, \u0437\u0430\u0449\u0438\u0442\u0443 \u043e\u0442 UV \u0434\u043e UPF50 \u0438 \u043a\u043e\u043c\u0444\u043e\u0440\u0442 \u0432 \u0430\u043a\u0442\u0438\u0432\u043d\u043e\u043c \u043e\u0442\u0434\u044b\u0445\u0435 \u043d\u0430 \u0441\u0432\u0435\u0436\u0435\u043c \u0432\u043e\u0437\u0434\u0443\u0445\u0435.\" \/>\n<meta name=\"robots\" content=\"index, follow, max-snippet:-1, max-image-preview:large, max-video-preview:-1\" \/>\n<link rel=\"canonical\" href=\"https:\/\/xstyle.md\/ro\/produs\/buff-dash-mult\/\" \/>\n<meta property=\"og:locale\" content=\"ro_RO\" \/>\n<meta property=\"og:type\" content=\"article\" \/>\n<meta property=\"og:title\" content=\"Buff Dash Mult - \u041c\u0430\u0433\u0430\u0437\u0438\u043d Xstyle\" \/>\n<meta property=\"og:description\" content=\"\u041c\u043d\u043e\u0433\u043e\u0444\u0443\u043d\u043a\u0446\u0438\u043e\u043d\u0430\u043b\u044c\u043d\u044b\u0439 Buff Dash Mult \u043e\u0431\u0435\u0441\u043f\u0435\u0447\u0438\u0432\u0430\u0435\u0442 \u0443\u043b\u044c\u0442\u0440\u0430\u0440\u0430\u0441\u0442\u044f\u0436\u0438\u043c\u043e\u0441\u0442\u044c, \u0437\u0430\u0449\u0438\u0442\u0443 \u043e\u0442 UV \u0434\u043e UPF50 \u0438 \u043a\u043e\u043c\u0444\u043e\u0440\u0442 \u0432 \u0430\u043a\u0442\u0438\u0432\u043d\u043e\u043c \u043e\u0442\u0434\u044b\u0445\u0435 \u043d\u0430 \u0441\u0432\u0435\u0436\u0435\u043c \u0432\u043e\u0437\u0434\u0443\u0445\u0435.\" \/>\n<meta property=\"og:url\" content=\"https:\/\/xstyle.md\/ro\/produs\/buff-dash-mult\/\" \/>\n<meta property=\"og:site_name\" content=\"\u041c\u0430\u0433\u0430\u0437\u0438\u043d Xstyle\" \/>\n<meta property=\"article:publisher\" content=\"https:\/\/www.facebook.com\/xstylemd\" \/>\n<meta property=\"article:modified_time\" content=\"2025-10-22T14:17:44+00:00\" \/>\n<meta property=\"og:image\" content=\"https:\/\/xstyle.md\/wp-content\/uploads\/2021\/11\/Buff-Dash-Mult.jpg\" \/>\n\t<meta property=\"og:image:width\" content=\"800\" \/>\n\t<meta property=\"og:image:height\" content=\"800\" \/>\n\t<meta property=\"og:image:type\" content=\"image\/jpeg\" \/>\n<meta name=\"twitter:card\" content=\"summary_large_image\" \/>\n<meta name=\"twitter:label1\" content=\"Pre\u021b\" \/>\n\t<meta name=\"twitter:data1\" content=\"320&nbsp;MDL\" \/>\n\t<meta name=\"twitter:label2\" content=\"Disponibilitate\" \/>\n\t<meta name=\"twitter:data2\" content=\"Stoc epuizat\" \/>\n<script type=\"application\/ld+json\" class=\"yoast-schema-graph\">{\"@context\":\"https:\/\/schema.org\",\"@graph\":[{\"@type\":\"WebPage\",\"@id\":\"https:\/\/xstyle.md\/product\/buff-dash-mult\/\",\"url\":\"https:\/\/xstyle.md\/product\/buff-dash-mult\/\",\"name\":\"Buff Dash Mult - \u041c\u0430\u0433\u0430\u0437\u0438\u043d Xstyle\",\"isPartOf\":{\"@id\":\"https:\/\/xstyle.md\/#website\"},\"primaryImageOfPage\":{\"@id\":\"https:\/\/xstyle.md\/product\/buff-dash-mult\/#primaryimage\"},\"image\":{\"@id\":\"https:\/\/xstyle.md\/product\/buff-dash-mult\/#primaryimage\"},\"thumbnailUrl\":\"https:\/\/xstyle.md\/wp-content\/uploads\/2021\/11\/Buff-Dash-Mult.jpg\",\"datePublished\":\"2021-11-15T17:42:53+00:00\",\"dateModified\":\"2025-10-22T14:17:44+00:00\",\"description\":\"\u041c\u043d\u043e\u0433\u043e\u0444\u0443\u043d\u043a\u0446\u0438\u043e\u043d\u0430\u043b\u044c\u043d\u044b\u0439 Buff Dash Mult \u043e\u0431\u0435\u0441\u043f\u0435\u0447\u0438\u0432\u0430\u0435\u0442 \u0443\u043b\u044c\u0442\u0440\u0430\u0440\u0430\u0441\u0442\u044f\u0436\u0438\u043c\u043e\u0441\u0442\u044c, \u0437\u0430\u0449\u0438\u0442\u0443 \u043e\u0442 UV \u0434\u043e UPF50 \u0438 \u043a\u043e\u043c\u0444\u043e\u0440\u0442 \u0432 \u0430\u043a\u0442\u0438\u0432\u043d\u043e\u043c \u043e\u0442\u0434\u044b\u0445\u0435 \u043d\u0430 \u0441\u0432\u0435\u0436\u0435\u043c \u0432\u043e\u0437\u0434\u0443\u0445\u0435.\",\"breadcrumb\":{\"@id\":\"https:\/\/xstyle.md\/product\/buff-dash-mult\/#breadcrumb\"},\"inLanguage\":\"ro-RO\",\"potentialAction\":[{\"@type\":\"ReadAction\",\"target\":[\"https:\/\/xstyle.md\/product\/buff-dash-mult\/\"]}]},{\"@type\":\"ImageObject\",\"inLanguage\":\"ro-RO\",\"@id\":\"https:\/\/xstyle.md\/product\/buff-dash-mult\/#primaryimage\",\"url\":\"https:\/\/xstyle.md\/wp-content\/uploads\/2021\/11\/Buff-Dash-Mult.jpg\",\"contentUrl\":\"https:\/\/xstyle.md\/wp-content\/uploads\/2021\/11\/Buff-Dash-Mult.jpg\",\"width\":800,\"height\":800,\"caption\":\"\u0410\u043b\u044c\u0442-\u0430\u0442\u0440\u0438\u0431\u0443\u0442: \u0441\u043f\u043e\u0440\u0442\u0438\u0432\u043d\u0430\u044f \u0448\u0430\u043f\u043a\u0430 Buff Dash Mult \u0434\u043b\u044f \u0430\u043a\u0442\u0438\u0432\u043d\u043e\u0433\u043e \u043e\u0442\u0434\u044b\u0445\u0430, \u0431\u0435\u0433\u0430, \u0442\u0443\u0440\u0438\u0437\u043c\u0430 \u0438 \u0430\u043b\u044c\u043f\u0438\u043d\u0438\u0437\u043c\u0430, \u043f\u043e\u0434\u0445\u043e\u0434\u0438\u0442 \u0434\u043b\u044f \u0439\u043e\u0433\u0438 \u0438 \u043f\u0443\u0442\u0435\u0448\u0435\u0441\u0442\u0432\u0438\u0439, \u043f\u0440\u043e\u0434\u0430\u0435\u0442\u0441\u044f \u0432 \u043e\u043d\u043b\u0430\u0439\u043d \u043c\u0430\u0433\u0430\u0437\u0438\u043d\u0435 \u044d\u043a\u0438\u043f\u0438\u0440\u043e\u0432\u043a\u0438 \u0434\u043b\u044f \u0430\u043a\u0442\u0438\u0432\u043d\u043e\u0439 \u0436\u0438\u0437\u043d\u0438\"},{\"@type\":\"BreadcrumbList\",\"@id\":\"https:\/\/xstyle.md\/product\/buff-dash-mult\/#breadcrumb\",\"itemListElement\":[{\"@type\":\"ListItem\",\"position\":1,\"name\":\"\u0413\u043b\u0430\u0432\u043d\u0430\u044f \u0441\u0442\u0440\u0430\u043d\u0438\u0446\u0430\",\"item\":\"https:\/\/xstyle.md\/\"},{\"@type\":\"ListItem\",\"position\":2,\"name\":\"\u041c\u0430\u0433\u0430\u0437\u0438\u043d\",\"item\":\"https:\/\/xstyle.md\/shop\/\"},{\"@type\":\"ListItem\",\"position\":3,\"name\":\"Buff Dash Mult\"}]},{\"@type\":\"WebSite\",\"@id\":\"https:\/\/xstyle.md\/#website\",\"url\":\"https:\/\/xstyle.md\/\",\"name\":\"\u041c\u0430\u0433\u0430\u0437\u0438\u043d Xstyle\",\"description\":\"C\u043d\u0430\u0440\u044f\u0436\u0435\u043d\u0438\u0435 \u0434\u043b\u044f \u0442\u0443\u0440\u0438\u0437\u043c\u0430 \u0438 \u044d\u043a\u0441\u0442\u0440\u0435\u043c\u0430\u043b\u044c\u043d\u044b\u0445 \u0432\u0438\u0434\u043e\u0432 \u0441\u043f\u043e\u0440\u0442\u0430 \u0432 \u041c\u043e\u043b\u0434\u043e\u0432\u0435.. \u0426\u0435\u043d\u044b, \u0444\u043e\u0442\u043e, \u0445\u0430\u0440\u0430\u043a\u0442\u0435\u0440\u0438\u0441\u0442\u0438\u043a\u0438 \u0432 \u041c\u043e\u043b\u0434\u043e\u0432\u0435.\",\"publisher\":{\"@id\":\"https:\/\/xstyle.md\/#organization\"},\"alternateName\":\"X-Style\",\"potentialAction\":[{\"@type\":\"SearchAction\",\"target\":{\"@type\":\"EntryPoint\",\"urlTemplate\":\"https:\/\/xstyle.md\/?s={search_term_string}\"},\"query-input\":{\"@type\":\"PropertyValueSpecification\",\"valueRequired\":true,\"valueName\":\"search_term_string\"}}],\"inLanguage\":\"ro-RO\"},{\"@type\":\"Organization\",\"@id\":\"https:\/\/xstyle.md\/#organization\",\"name\":\"\u041c\u0430\u0433\u0430\u0437\u0438\u043d Xstyle\",\"alternateName\":\"x-style\",\"url\":\"https:\/\/xstyle.md\/\",\"logo\":{\"@type\":\"ImageObject\",\"inLanguage\":\"ro-RO\",\"@id\":\"https:\/\/xstyle.md\/#\/schema\/logo\/image\/\",\"url\":\"https:\/\/xstyle.md\/wp-content\/uploads\/2020\/06\/logoicon.svg\",\"contentUrl\":\"https:\/\/xstyle.md\/wp-content\/uploads\/2020\/06\/logoicon.svg\",\"caption\":\"\u041c\u0430\u0433\u0430\u0437\u0438\u043d Xstyle\"},\"image\":{\"@id\":\"https:\/\/xstyle.md\/#\/schema\/logo\/image\/\"},\"sameAs\":[\"https:\/\/www.facebook.com\/xstylemd\",\"https:\/\/www.instagram.com\/xstyle_md\/\",\"https:\/\/t.me\/xstyle_outdoor\"],\"hasMerchantReturnPolicy\":{\"@type\":\"MerchantReturnPolicy\",\"merchantReturnLink\":\"https:\/\/xstyle.md\/ro\/conditions\/\"}}]}<\/script>\n<meta property=\"product:price:amount\" content=\"320.00\" \/>\n<meta property=\"product:price:currency\" content=\"MDL\" \/>\n<meta property=\"og:availability\" content=\"out of stock\" \/>\n<meta property=\"product:availability\" content=\"out of stock\" \/>\n<meta property=\"product:retailer_item_id\" content=\"8428927440303\" \/>\n<meta property=\"product:condition\" content=\"new\" \/>\n<!-- \/ Yoast SEO plugin. -->","yoast_head_json":{"title":"Buff Dash Mult - Magazin Xstyle","description":"Multifunctional Buff Dash Mult asigur\u0103 ultra-\u00eentindere, protec\u021bie UV p\u00e2n\u0103 la UPF50 \u0219i confort \u00een activit\u0103\u021bile recreative \u00een aer liber.","robots":{"index":"index","follow":"follow","max-snippet":"max-snippet:-1","max-image-preview":"max-image-preview:large","max-video-preview":"max-video-preview:-1"},"canonical":"https:\/\/xstyle.md\/ro\/produs\/buff-dash-mult\/","og_locale":"ro_RO","og_type":"article","og_title":"Buff Dash Mult - \u041c\u0430\u0433\u0430\u0437\u0438\u043d Xstyle","og_description":"\u041c\u043d\u043e\u0433\u043e\u0444\u0443\u043d\u043a\u0446\u0438\u043e\u043d\u0430\u043b\u044c\u043d\u044b\u0439 Buff Dash Mult \u043e\u0431\u0435\u0441\u043f\u0435\u0447\u0438\u0432\u0430\u0435\u0442 \u0443\u043b\u044c\u0442\u0440\u0430\u0440\u0430\u0441\u0442\u044f\u0436\u0438\u043c\u043e\u0441\u0442\u044c, \u0437\u0430\u0449\u0438\u0442\u0443 \u043e\u0442 UV \u0434\u043e UPF50 \u0438 \u043a\u043e\u043c\u0444\u043e\u0440\u0442 \u0432 \u0430\u043a\u0442\u0438\u0432\u043d\u043e\u043c \u043e\u0442\u0434\u044b\u0445\u0435 \u043d\u0430 \u0441\u0432\u0435\u0436\u0435\u043c \u0432\u043e\u0437\u0434\u0443\u0445\u0435.","og_url":"https:\/\/xstyle.md\/ro\/produs\/buff-dash-mult\/","og_site_name":"\u041c\u0430\u0433\u0430\u0437\u0438\u043d Xstyle","article_publisher":"https:\/\/www.facebook.com\/xstylemd","article_modified_time":"2025-10-22T14:17:44+00:00","og_image":[{"width":800,"height":800,"url":"https:\/\/xstyle.md\/wp-content\/uploads\/2021\/11\/Buff-Dash-Mult.jpg","type":"image\/jpeg"}],"twitter_card":"summary_large_image","twitter_misc":{"Pre\u021b":"320&nbsp;MDL","Disponibilitate":"Stoc epuizat"},"schema":{"@context":"https:\/\/schema.org","@graph":[{"@type":"WebPage","@id":"https:\/\/xstyle.md\/product\/buff-dash-mult\/","url":"https:\/\/xstyle.md\/product\/buff-dash-mult\/","name":"Buff Dash Mult - Magazin Xstyle","isPartOf":{"@id":"https:\/\/xstyle.md\/#website"},"primaryImageOfPage":{"@id":"https:\/\/xstyle.md\/product\/buff-dash-mult\/#primaryimage"},"image":{"@id":"https:\/\/xstyle.md\/product\/buff-dash-mult\/#primaryimage"},"thumbnailUrl":"https:\/\/xstyle.md\/wp-content\/uploads\/2021\/11\/Buff-Dash-Mult.jpg","datePublished":"2021-11-15T17:42:53+00:00","dateModified":"2025-10-22T14:17:44+00:00","description":"Multifunctional Buff Dash Mult asigur\u0103 ultra-\u00eentindere, protec\u021bie UV p\u00e2n\u0103 la UPF50 \u0219i confort \u00een activit\u0103\u021bile recreative \u00een aer liber.","breadcrumb":{"@id":"https:\/\/xstyle.md\/product\/buff-dash-mult\/#breadcrumb"},"inLanguage":"ro-RO","potentialAction":[{"@type":"ReadAction","target":["https:\/\/xstyle.md\/product\/buff-dash-mult\/"]}]},{"@type":"ImageObject","inLanguage":"ro-RO","@id":"https:\/\/xstyle.md\/product\/buff-dash-mult\/#primaryimage","url":"https:\/\/xstyle.md\/wp-content\/uploads\/2021\/11\/Buff-Dash-Mult.jpg","contentUrl":"https:\/\/xstyle.md\/wp-content\/uploads\/2021\/11\/Buff-Dash-Mult.jpg","width":800,"height":800,"caption":"\u0410\u043b\u044c\u0442-\u0430\u0442\u0440\u0438\u0431\u0443\u0442: \u0441\u043f\u043e\u0440\u0442\u0438\u0432\u043d\u0430\u044f \u0448\u0430\u043f\u043a\u0430 Buff Dash Mult \u0434\u043b\u044f \u0430\u043a\u0442\u0438\u0432\u043d\u043e\u0433\u043e \u043e\u0442\u0434\u044b\u0445\u0430, \u0431\u0435\u0433\u0430, \u0442\u0443\u0440\u0438\u0437\u043c\u0430 \u0438 \u0430\u043b\u044c\u043f\u0438\u043d\u0438\u0437\u043c\u0430, \u043f\u043e\u0434\u0445\u043e\u0434\u0438\u0442 \u0434\u043b\u044f \u0439\u043e\u0433\u0438 \u0438 \u043f\u0443\u0442\u0435\u0448\u0435\u0441\u0442\u0432\u0438\u0439, \u043f\u0440\u043e\u0434\u0430\u0435\u0442\u0441\u044f \u0432 \u043e\u043d\u043b\u0430\u0439\u043d \u043c\u0430\u0433\u0430\u0437\u0438\u043d\u0435 \u044d\u043a\u0438\u043f\u0438\u0440\u043e\u0432\u043a\u0438 \u0434\u043b\u044f \u0430\u043a\u0442\u0438\u0432\u043d\u043e\u0439 \u0436\u0438\u0437\u043d\u0438"},{"@type":"BreadcrumbList","@id":"https:\/\/xstyle.md\/product\/buff-dash-mult\/#breadcrumb","itemListElement":[{"@type":"ListItem","position":1,"name":"\u0413\u043b\u0430\u0432\u043d\u0430\u044f \u0441\u0442\u0440\u0430\u043d\u0438\u0446\u0430","item":"https:\/\/xstyle.md\/"},{"@type":"ListItem","position":2,"name":"\u041c\u0430\u0433\u0430\u0437\u0438\u043d","item":"https:\/\/xstyle.md\/shop\/"},{"@type":"ListItem","position":3,"name":"Buff Dash Mult"}]},{"@type":"WebSite","@id":"https:\/\/xstyle.md\/#website","url":"https:\/\/xstyle.md\/","name":"Magazinul X-Style","description":"Echipamente pentru turism \u0219i sporturi extreme \u00een Moldova. Pre\u021buri, fotografii, caracteristici \u00een Moldova.","publisher":{"@id":"https:\/\/xstyle.md\/#organization"},"alternateName":"X-Style","potentialAction":[{"@type":"SearchAction","target":{"@type":"EntryPoint","urlTemplate":"https:\/\/xstyle.md\/?s={search_term_string}"},"query-input":{"@type":"PropertyValueSpecification","valueRequired":true,"valueName":"search_term_string"}}],"inLanguage":"ro-RO"},{"@type":"Organization","@id":"https:\/\/xstyle.md\/#organization","name":"Magazinul X-Style","alternateName":"x-style","url":"https:\/\/xstyle.md\/","logo":{"@type":"ImageObject","inLanguage":"ro-RO","@id":"https:\/\/xstyle.md\/#\/schema\/logo\/image\/","url":"https:\/\/xstyle.md\/wp-content\/uploads\/2020\/06\/logoicon.svg","contentUrl":"https:\/\/xstyle.md\/wp-content\/uploads\/2020\/06\/logoicon.svg","caption":"\u041c\u0430\u0433\u0430\u0437\u0438\u043d Xstyle"},"image":{"@id":"https:\/\/xstyle.md\/#\/schema\/logo\/image\/"},"sameAs":["https:\/\/www.facebook.com\/xstylemd","https:\/\/www.instagram.com\/xstyle_md\/","https:\/\/t.me\/xstyle_outdoor"],"hasMerchantReturnPolicy":{"@type":"MerchantReturnPolicy","merchantReturnLink":"https:\/\/xstyle.md\/ro\/conditions\/"}}]},"product_price_amount":"320.00","product_price_currency":"MDL","og_availability":"out of stock","product_availability":"out of stock","product_retailer_item_id":"8428927440303","product_condition":"new"},"post_mailing_queue_ids":[],"_links":{"self":[{"href":"https:\/\/xstyle.md\/ro\/wp-json\/wp\/v2\/product\/41575","targetHints":{"allow":["GET"]}}],"collection":[{"href":"https:\/\/xstyle.md\/ro\/wp-json\/wp\/v2\/product"}],"about":[{"href":"https:\/\/xstyle.md\/ro\/wp-json\/wp\/v2\/types\/product"}],"replies":[{"embeddable":true,"href":"https:\/\/xstyle.md\/ro\/wp-json\/wp\/v2\/comments?post=41575"}],"wp:featuredmedia":[{"embeddable":true,"href":"https:\/\/xstyle.md\/ro\/wp-json\/wp\/v2\/media\/41808"}],"wp:attachment":[{"href":"https:\/\/xstyle.md\/ro\/wp-json\/wp\/v2\/media?parent=41575"}],"wp:term":[{"taxonomy":"product_brand","embeddable":true,"href":"https:\/\/xstyle.md\/ro\/wp-json\/wp\/v2\/product_brand?post=41575"},{"taxonomy":"product_cat","embeddable":true,"href":"https:\/\/xstyle.md\/ro\/wp-json\/wp\/v2\/product_cat?post=41575"},{"taxonomy":"product_tag","embeddable":true,"href":"https:\/\/xstyle.md\/ro\/wp-json\/wp\/v2\/product_tag?post=41575"}],"curies":[{"name":"wp","href":"https:\/\/api.w.org\/{rel}","templated":true}]}}