{"id":41516,"date":"2021-11-15T20:42:34","date_gmt":"2021-11-15T17:42:34","guid":{"rendered":"https:\/\/xstyle.md\/?post_type=product&#038;p=41516"},"modified":"2026-03-19T16:46:33","modified_gmt":"2026-03-19T13:46:33","slug":"vyazanaya-shapka-buff-janna-rose","status":"publish","type":"product","link":"https:\/\/xstyle.md\/ro\/produs\/vyazanaya-shapka-buff-janna-rose\/","title":{"rendered":"C\u0103ciul\u0103 Buff Janna Rose"},"content":{"rendered":"<\/p>\n<p><strong>Buff Janna Rose<\/strong> &#8212; c\u0103ciul\u0103 tricotat\u0103 elegant\u0103 cu c\u0103ptu\u0219eal\u0103 din fleece pentru activit\u0103\u021bi \u00een aer liber \u0219i uzur\u0103 zilnic\u0103 ofer\u0103 protec\u021bie \u00eempotriva frigului \u0219i a v\u00e2ntului \u00een cele mai aspre condi\u021bii meteorologice. Designul \u0219i culoarea la mod\u0103 o vor face o parte esen\u021bial\u0103 a garderobei dvs.<\/p>\n<h3>Particularit\u0103\u021bi<\/h3>\n<ul>\n<li>C\u0103ptu\u0219it\u0103 cu \u021bes\u0103tur\u0103 fleece Primaloft\u00ae de \u00eenalt\u0103 calitate<\/li>\n<li>Tricotarea grosier\u0103 confer\u0103 produsului un aspect elegant<\/li>\n<li>Polar Fleece este o \u021bes\u0103tur\u0103 sintetic\u0103 moale \u0219i u\u0219oar\u0103 cu propriet\u0103\u021bi excelente de izolare termic\u0103, oferind confort \u0219i o izolare termic\u0103 excelent\u0103 cu o greutate mai mic\u0103 dec\u00e2t cea mai u\u0219oar\u0103 l\u00e2n\u0103 disponibil\u0103<\/li>\n<li>\u021aes\u0103tura de \u00eenalt\u0103 tehnologie pentru c\u0103ptu\u0219eal\u0103 este \u021besut\u0103 100% din fibre de poliester create din sticle de plastic reciclate<\/li>\n<li>Certificare OEKO-TEX standart 100: un sistem independent de verificare a produselor \u00een toate etapele de produc\u021bie.<\/li>\n<\/ul>\n<h3>Caracteristici<\/h3>\n<ul>\n<li>Material superior &#8212; 50% acrilic, 50% poliester<\/li>\n<li>Material de c\u0103ptu\u0219eal\u0103 &#8212; 100% poliester reciclat<\/li>\n<li>Model &#8212; unisex.<\/li>\n<\/ul>\n<h3>Tehnologie<\/h3>\n<ul>\n<li><strong>Primaloft<\/strong>\u00ae &#8212; este un material sintetic care are propriet\u0103\u021bi ridicate de izolare termic\u0103. Studiile de laborator au ar\u0103tat c\u0103 PrimaLoft are exact aceea\u0219i moliciune ca \u0219i puful de g\u00e2sc\u0103 \u0219i este mult mai moale dec\u00e2t alte materiale izolatoare similare. Datorit\u0103 acestei caracteristici a materialului, toate produsele fabricate din acesta iau forma dorit\u0103: \u00eembr\u0103c\u0103mintea se potrive\u0219te siluetei.<\/li>\n<\/ul>\n<h3>Marca<\/h3>\n<p>BUFF\u00ae este un brand spaniol a c\u0103rui istorie a \u00eenceput \u00een 1992, c\u00e2nd Joan Rojas, proprietarul unei fabrici de textile catalane \u0219i pasionat de motociclism, \u0219i-a dat seama c\u0103, pentru o c\u0103l\u0103torie mai confortabil\u0103 pe motociclet\u0103, era nevoie de un accesoriu simplu care s\u0103 protejeze g\u00e2tul \u0219i capul de v\u00e2ntul care se apropie, de frig \u0219i de soarele arz\u0103tor.<\/p>\n<p>Lui Rojas i-a pl\u0103cut ideea unei e\u0219arfe militare multifunc\u021bionale, care se poate transforma \u00eentr-o masc\u0103, o coafur\u0103 sau o e\u0219arf\u0103. Experimentele efectuate \u00een fabrica de textile a familiei sale cu diferite materiale \u0219i forme t\u0103iate au culminat cu g\u0103sirea de c\u0103tre Rojas a unei modalit\u0103\u021bi de a produce o e\u0219arf\u0103 cilindric\u0103 f\u0103r\u0103 cus\u0103turi din microfibr\u0103. Dup\u0103 ce prototipurile au fost testate de familia, prietenii \u0219i colegii atle\u021bi ai lui Rojas, \u00een 1992 a fost lansat\u0103 prima colec\u021bie de bandane f\u0103r\u0103 cus\u0103turi sub sigla BUFF\u00ae.<\/p>\n<p>\u00cen 2017, BUFF\u00ae \u0219i-a extins sim\u021bitor linia de modele, a \u00eenceput s\u0103 produc\u0103 nu numai bandane, ci \u0219i alte articole de acoperit capul, at\u00e2t pentru sport, c\u00e2t \u0219i pentru via\u021ba de zi cu zi.<\/p>\n<p><\/p>","protected":false},"excerpt":{"rendered":"","protected":false},"featured_media":42466,"comment_status":"open","ping_status":"closed","template":"","meta":{"_acf_changed":false,"inline_featured_image":false},"product_brand":[1302],"product_cat":[520],"product_tag":[],"class_list":{"0":"post-41516","1":"product","2":"type-product","3":"status-publish","4":"has-post-thumbnail","6":"product_brand-buff","7":"product_cat-hat-buff","9":"first","10":"instock","11":"shipping-taxable","12":"purchasable","13":"product-type-simple"},"acf":[],"yoast_head":"<!-- This site is optimized with the Yoast SEO plugin v27.2 - https:\/\/yoast.com\/product\/yoast-seo-wordpress\/ -->\n<title>\u0412\u044f\u0437\u0430\u043d\u0430\u044f \u0448\u0430\u043f\u043a\u0430 Buff Janna Rose - \u041c\u0430\u0433\u0430\u0437\u0438\u043d Xstyle<\/title>\n<meta name=\"description\" content=\"\u0412\u044f\u0437\u0430\u043d\u0430\u044f \u0448\u0430\u043f\u043a\u0430 Buff Janna Rose \u0441 \u0443\u0442\u0435\u043f\u043b\u0438\u0442\u0435\u043b\u0435\u043c Primaloft \u0438 \u0444\u043b\u0438\u0441\u043e\u0432\u043e\u0439 \u043f\u043e\u0434\u043a\u043b\u0430\u0434\u043a\u043e\u0439 \u2014 \u0441\u0442\u0438\u043b\u044c\u043d\u0430\u044f \u0437\u0430\u0449\u0438\u0442\u0430 \u043e\u0442 \u0445\u043e\u043b\u043e\u0434\u0430 \u0438 \u0432\u0435\u0442\u0440\u0430 \u0434\u043b\u044f \u0430\u043a\u0442\u0438\u0432\u043d\u043e\u0433\u043e \u043e\u0442\u0434\u044b\u0445\u0430 \u0438 \u043f\u043e\u0432\u0441\u0435\u0434\u043d\u0435\u0432\u043d\u043e\u0439 \u043d\u043e\u0441\u043a\u0438.\" \/>\n<meta name=\"robots\" content=\"index, follow, max-snippet:-1, max-image-preview:large, max-video-preview:-1\" \/>\n<link rel=\"canonical\" href=\"https:\/\/xstyle.md\/ro\/produs\/vyazanaya-shapka-buff-janna-rose\/\" \/>\n<meta property=\"og:locale\" content=\"ro_RO\" \/>\n<meta property=\"og:type\" content=\"article\" \/>\n<meta property=\"og:title\" content=\"\u0412\u044f\u0437\u0430\u043d\u0430\u044f \u0448\u0430\u043f\u043a\u0430 Buff Janna Rose - \u041c\u0430\u0433\u0430\u0437\u0438\u043d Xstyle\" \/>\n<meta property=\"og:description\" content=\"\u0412\u044f\u0437\u0430\u043d\u0430\u044f \u0448\u0430\u043f\u043a\u0430 Buff Janna Rose \u0441 \u0443\u0442\u0435\u043f\u043b\u0438\u0442\u0435\u043b\u0435\u043c Primaloft \u0438 \u0444\u043b\u0438\u0441\u043e\u0432\u043e\u0439 \u043f\u043e\u0434\u043a\u043b\u0430\u0434\u043a\u043e\u0439 \u2014 \u0441\u0442\u0438\u043b\u044c\u043d\u0430\u044f \u0437\u0430\u0449\u0438\u0442\u0430 \u043e\u0442 \u0445\u043e\u043b\u043e\u0434\u0430 \u0438 \u0432\u0435\u0442\u0440\u0430 \u0434\u043b\u044f \u0430\u043a\u0442\u0438\u0432\u043d\u043e\u0433\u043e \u043e\u0442\u0434\u044b\u0445\u0430 \u0438 \u043f\u043e\u0432\u0441\u0435\u0434\u043d\u0435\u0432\u043d\u043e\u0439 \u043d\u043e\u0441\u043a\u0438.\" \/>\n<meta property=\"og:url\" content=\"https:\/\/xstyle.md\/ro\/produs\/vyazanaya-shapka-buff-janna-rose\/\" \/>\n<meta property=\"og:site_name\" content=\"\u041c\u0430\u0433\u0430\u0437\u0438\u043d Xstyle\" \/>\n<meta property=\"article:publisher\" content=\"https:\/\/www.facebook.com\/xstylemd\" \/>\n<meta property=\"article:modified_time\" content=\"2026-03-19T13:46:33+00:00\" \/>\n<meta property=\"og:image\" content=\"https:\/\/xstyle.md\/wp-content\/uploads\/2021\/11\/\u0412\u044f\u0437\u0430\u043d\u0430\u044f-\u0448\u0430\u043f\u043a\u0430-Buff-Janna-Rose.jpg\" \/>\n\t<meta property=\"og:image:width\" content=\"1090\" \/>\n\t<meta property=\"og:image:height\" content=\"1445\" \/>\n\t<meta property=\"og:image:type\" content=\"image\/jpeg\" \/>\n<meta name=\"twitter:card\" content=\"summary_large_image\" \/>\n<meta name=\"twitter:label1\" content=\"Pre\u021b\" \/>\n\t<meta name=\"twitter:data1\" content=\"495&nbsp;MDL\" \/>\n\t<meta name=\"twitter:label2\" content=\"Disponibilitate\" \/>\n\t<meta name=\"twitter:data2\" content=\"\u00cen stoc\" \/>\n<script type=\"application\/ld+json\" class=\"yoast-schema-graph\">{\"@context\":\"https:\/\/schema.org\",\"@graph\":[{\"@type\":\"WebPage\",\"@id\":\"https:\/\/xstyle.md\/product\/vyazanaya-shapka-buff-janna-rose\/\",\"url\":\"https:\/\/xstyle.md\/product\/vyazanaya-shapka-buff-janna-rose\/\",\"name\":\"\u0412\u044f\u0437\u0430\u043d\u0430\u044f \u0448\u0430\u043f\u043a\u0430 Buff Janna Rose - \u041c\u0430\u0433\u0430\u0437\u0438\u043d Xstyle\",\"isPartOf\":{\"@id\":\"https:\/\/xstyle.md\/#website\"},\"primaryImageOfPage\":{\"@id\":\"https:\/\/xstyle.md\/product\/vyazanaya-shapka-buff-janna-rose\/#primaryimage\"},\"image\":{\"@id\":\"https:\/\/xstyle.md\/product\/vyazanaya-shapka-buff-janna-rose\/#primaryimage\"},\"thumbnailUrl\":\"https:\/\/xstyle.md\/wp-content\/uploads\/2021\/11\/\u0412\u044f\u0437\u0430\u043d\u0430\u044f-\u0448\u0430\u043f\u043a\u0430-Buff-Janna-Rose.jpg\",\"datePublished\":\"2021-11-15T17:42:34+00:00\",\"dateModified\":\"2026-03-19T13:46:33+00:00\",\"description\":\"\u0412\u044f\u0437\u0430\u043d\u0430\u044f \u0448\u0430\u043f\u043a\u0430 Buff Janna Rose \u0441 \u0443\u0442\u0435\u043f\u043b\u0438\u0442\u0435\u043b\u0435\u043c Primaloft \u0438 \u0444\u043b\u0438\u0441\u043e\u0432\u043e\u0439 \u043f\u043e\u0434\u043a\u043b\u0430\u0434\u043a\u043e\u0439 \u2014 \u0441\u0442\u0438\u043b\u044c\u043d\u0430\u044f \u0437\u0430\u0449\u0438\u0442\u0430 \u043e\u0442 \u0445\u043e\u043b\u043e\u0434\u0430 \u0438 \u0432\u0435\u0442\u0440\u0430 \u0434\u043b\u044f \u0430\u043a\u0442\u0438\u0432\u043d\u043e\u0433\u043e \u043e\u0442\u0434\u044b\u0445\u0430 \u0438 \u043f\u043e\u0432\u0441\u0435\u0434\u043d\u0435\u0432\u043d\u043e\u0439 \u043d\u043e\u0441\u043a\u0438.\",\"breadcrumb\":{\"@id\":\"https:\/\/xstyle.md\/product\/vyazanaya-shapka-buff-janna-rose\/#breadcrumb\"},\"inLanguage\":\"ro-RO\",\"potentialAction\":[{\"@type\":\"ReadAction\",\"target\":[\"https:\/\/xstyle.md\/product\/vyazanaya-shapka-buff-janna-rose\/\"]}]},{\"@type\":\"ImageObject\",\"inLanguage\":\"ro-RO\",\"@id\":\"https:\/\/xstyle.md\/product\/vyazanaya-shapka-buff-janna-rose\/#primaryimage\",\"url\":\"https:\/\/xstyle.md\/wp-content\/uploads\/2021\/11\/\u0412\u044f\u0437\u0430\u043d\u0430\u044f-\u0448\u0430\u043f\u043a\u0430-Buff-Janna-Rose.jpg\",\"contentUrl\":\"https:\/\/xstyle.md\/wp-content\/uploads\/2021\/11\/\u0412\u044f\u0437\u0430\u043d\u0430\u044f-\u0448\u0430\u043f\u043a\u0430-Buff-Janna-Rose.jpg\",\"width\":1090,\"height\":1445,\"caption\":\"\u0412\u044f\u0437\u0430\u043d\u0430\u044f \u0448\u0430\u043f\u043a\u0430 Buff Janna Rose \u0434\u043b\u044f \u0430\u043a\u0442\u0438\u0432\u043d\u043e\u0433\u043e \u043e\u0442\u0434\u044b\u0445\u0430 \u043e\u0434\u0435\u0436\u0434\u044b \u0438 \u043e\u0431\u0443\u0432\u0438 \u0434\u043b\u044f \u043f\u043e\u0445\u043e\u0434\u043e\u0432 \u0445\u043e\u0436\u0434\u0435\u043d\u0438\u044f \u0432 \u0433\u043e\u0440\u0430\u0445 \u043f\u0443\u0442\u0435\u0448\u0435\u0441\u0442\u0432\u0438\u0439 \u0437\u0438\u043c\u043d\u0435\u0433\u043e \u0442\u0443\u0440\u0438\u0437\u043c\u0430 \u0438 \u043c\u043e\u0434\u0430 \u0434\u043b\u044f \u043b\u044e\u0431\u0438\u0442\u0435\u043b\u0435\u0439 \u0430\u043a\u0442\u0438\u0432\u043d\u043e\u0439 \u0436\u0438\u0437\u043d\u0438\"},{\"@type\":\"BreadcrumbList\",\"@id\":\"https:\/\/xstyle.md\/product\/vyazanaya-shapka-buff-janna-rose\/#breadcrumb\",\"itemListElement\":[{\"@type\":\"ListItem\",\"position\":1,\"name\":\"\u0413\u043b\u0430\u0432\u043d\u0430\u044f \u0441\u0442\u0440\u0430\u043d\u0438\u0446\u0430\",\"item\":\"https:\/\/xstyle.md\/\"},{\"@type\":\"ListItem\",\"position\":2,\"name\":\"\u041c\u0430\u0433\u0430\u0437\u0438\u043d\",\"item\":\"https:\/\/xstyle.md\/shop\/\"},{\"@type\":\"ListItem\",\"position\":3,\"name\":\"\u0412\u044f\u0437\u0430\u043d\u0430\u044f \u0448\u0430\u043f\u043a\u0430 Buff Janna Rose\"}]},{\"@type\":\"WebSite\",\"@id\":\"https:\/\/xstyle.md\/#website\",\"url\":\"https:\/\/xstyle.md\/\",\"name\":\"\u041c\u0430\u0433\u0430\u0437\u0438\u043d Xstyle\",\"description\":\"C\u043d\u0430\u0440\u044f\u0436\u0435\u043d\u0438\u0435 \u0434\u043b\u044f \u0442\u0443\u0440\u0438\u0437\u043c\u0430 \u0438 \u044d\u043a\u0441\u0442\u0440\u0435\u043c\u0430\u043b\u044c\u043d\u044b\u0445 \u0432\u0438\u0434\u043e\u0432 \u0441\u043f\u043e\u0440\u0442\u0430 \u0432 \u041c\u043e\u043b\u0434\u043e\u0432\u0435.. \u0426\u0435\u043d\u044b, \u0444\u043e\u0442\u043e, \u0445\u0430\u0440\u0430\u043a\u0442\u0435\u0440\u0438\u0441\u0442\u0438\u043a\u0438 \u0432 \u041c\u043e\u043b\u0434\u043e\u0432\u0435.\",\"publisher\":{\"@id\":\"https:\/\/xstyle.md\/#organization\"},\"alternateName\":\"X-Style\",\"potentialAction\":[{\"@type\":\"SearchAction\",\"target\":{\"@type\":\"EntryPoint\",\"urlTemplate\":\"https:\/\/xstyle.md\/?s={search_term_string}\"},\"query-input\":{\"@type\":\"PropertyValueSpecification\",\"valueRequired\":true,\"valueName\":\"search_term_string\"}}],\"inLanguage\":\"ro-RO\"},{\"@type\":\"Organization\",\"@id\":\"https:\/\/xstyle.md\/#organization\",\"name\":\"\u041c\u0430\u0433\u0430\u0437\u0438\u043d Xstyle\",\"alternateName\":\"x-style\",\"url\":\"https:\/\/xstyle.md\/\",\"logo\":{\"@type\":\"ImageObject\",\"inLanguage\":\"ro-RO\",\"@id\":\"https:\/\/xstyle.md\/#\/schema\/logo\/image\/\",\"url\":\"https:\/\/xstyle.md\/wp-content\/uploads\/2020\/06\/logoicon.svg\",\"contentUrl\":\"https:\/\/xstyle.md\/wp-content\/uploads\/2020\/06\/logoicon.svg\",\"caption\":\"\u041c\u0430\u0433\u0430\u0437\u0438\u043d Xstyle\"},\"image\":{\"@id\":\"https:\/\/xstyle.md\/#\/schema\/logo\/image\/\"},\"sameAs\":[\"https:\/\/www.facebook.com\/xstylemd\",\"https:\/\/www.instagram.com\/xstyle_md\/\",\"https:\/\/t.me\/xstyle_outdoor\"],\"hasMerchantReturnPolicy\":{\"@type\":\"MerchantReturnPolicy\",\"merchantReturnLink\":\"https:\/\/xstyle.md\/ro\/conditions\/\"}}]}<\/script>\n<meta property=\"product:price:amount\" content=\"495.00\" \/>\n<meta property=\"product:price:currency\" content=\"MDL\" \/>\n<meta property=\"og:availability\" content=\"instock\" \/>\n<meta property=\"product:availability\" content=\"instock\" \/>\n<meta property=\"product:retailer_item_id\" content=\"8428927418111\" \/>\n<meta property=\"product:condition\" content=\"new\" \/>\n<!-- \/ Yoast SEO plugin. -->","yoast_head_json":{"title":"C\u0103ciul\u0103 tricotat\u0103 Buff Janna Rose - Magazin Xstyle","description":"C\u0103ciula tricotat\u0103 Buff Janna Rose cu umplutur\u0103 Primaloft \u0219i c\u0103ptu\u0219eal\u0103 din fleece este o protec\u021bie elegant\u0103 \u00eempotriva frigului \u0219i v\u00e2ntului pentru activit\u0103\u021bi \u00een aer liber \u0219i uz cotidian.","robots":{"index":"index","follow":"follow","max-snippet":"max-snippet:-1","max-image-preview":"max-image-preview:large","max-video-preview":"max-video-preview:-1"},"canonical":"https:\/\/xstyle.md\/ro\/produs\/vyazanaya-shapka-buff-janna-rose\/","og_locale":"ro_RO","og_type":"article","og_title":"\u0412\u044f\u0437\u0430\u043d\u0430\u044f \u0448\u0430\u043f\u043a\u0430 Buff Janna Rose - \u041c\u0430\u0433\u0430\u0437\u0438\u043d Xstyle","og_description":"\u0412\u044f\u0437\u0430\u043d\u0430\u044f \u0448\u0430\u043f\u043a\u0430 Buff Janna Rose \u0441 \u0443\u0442\u0435\u043f\u043b\u0438\u0442\u0435\u043b\u0435\u043c Primaloft \u0438 \u0444\u043b\u0438\u0441\u043e\u0432\u043e\u0439 \u043f\u043e\u0434\u043a\u043b\u0430\u0434\u043a\u043e\u0439 \u2014 \u0441\u0442\u0438\u043b\u044c\u043d\u0430\u044f \u0437\u0430\u0449\u0438\u0442\u0430 \u043e\u0442 \u0445\u043e\u043b\u043e\u0434\u0430 \u0438 \u0432\u0435\u0442\u0440\u0430 \u0434\u043b\u044f \u0430\u043a\u0442\u0438\u0432\u043d\u043e\u0433\u043e \u043e\u0442\u0434\u044b\u0445\u0430 \u0438 \u043f\u043e\u0432\u0441\u0435\u0434\u043d\u0435\u0432\u043d\u043e\u0439 \u043d\u043e\u0441\u043a\u0438.","og_url":"https:\/\/xstyle.md\/ro\/produs\/vyazanaya-shapka-buff-janna-rose\/","og_site_name":"\u041c\u0430\u0433\u0430\u0437\u0438\u043d Xstyle","article_publisher":"https:\/\/www.facebook.com\/xstylemd","article_modified_time":"2026-03-19T13:46:33+00:00","og_image":[{"width":1090,"height":1445,"url":"https:\/\/xstyle.md\/wp-content\/uploads\/2021\/11\/\u0412\u044f\u0437\u0430\u043d\u0430\u044f-\u0448\u0430\u043f\u043a\u0430-Buff-Janna-Rose.jpg","type":"image\/jpeg"}],"twitter_card":"summary_large_image","twitter_misc":{"Pre\u021b":"495&nbsp;MDL","Disponibilitate":"\u00cen stoc"},"schema":{"@context":"https:\/\/schema.org","@graph":[{"@type":"WebPage","@id":"https:\/\/xstyle.md\/product\/vyazanaya-shapka-buff-janna-rose\/","url":"https:\/\/xstyle.md\/product\/vyazanaya-shapka-buff-janna-rose\/","name":"C\u0103ciul\u0103 tricotat\u0103 Buff Janna Rose - Magazin Xstyle","isPartOf":{"@id":"https:\/\/xstyle.md\/#website"},"primaryImageOfPage":{"@id":"https:\/\/xstyle.md\/product\/vyazanaya-shapka-buff-janna-rose\/#primaryimage"},"image":{"@id":"https:\/\/xstyle.md\/product\/vyazanaya-shapka-buff-janna-rose\/#primaryimage"},"thumbnailUrl":"https:\/\/xstyle.md\/wp-content\/uploads\/2021\/11\/\u0412\u044f\u0437\u0430\u043d\u0430\u044f-\u0448\u0430\u043f\u043a\u0430-Buff-Janna-Rose.jpg","datePublished":"2021-11-15T17:42:34+00:00","dateModified":"2026-03-19T13:46:33+00:00","description":"C\u0103ciula tricotat\u0103 Buff Janna Rose cu umplutur\u0103 Primaloft \u0219i c\u0103ptu\u0219eal\u0103 din fleece este o protec\u021bie elegant\u0103 \u00eempotriva frigului \u0219i v\u00e2ntului pentru activit\u0103\u021bi \u00een aer liber \u0219i uz cotidian.","breadcrumb":{"@id":"https:\/\/xstyle.md\/product\/vyazanaya-shapka-buff-janna-rose\/#breadcrumb"},"inLanguage":"ro-RO","potentialAction":[{"@type":"ReadAction","target":["https:\/\/xstyle.md\/product\/vyazanaya-shapka-buff-janna-rose\/"]}]},{"@type":"ImageObject","inLanguage":"ro-RO","@id":"https:\/\/xstyle.md\/product\/vyazanaya-shapka-buff-janna-rose\/#primaryimage","url":"https:\/\/xstyle.md\/wp-content\/uploads\/2021\/11\/\u0412\u044f\u0437\u0430\u043d\u0430\u044f-\u0448\u0430\u043f\u043a\u0430-Buff-Janna-Rose.jpg","contentUrl":"https:\/\/xstyle.md\/wp-content\/uploads\/2021\/11\/\u0412\u044f\u0437\u0430\u043d\u0430\u044f-\u0448\u0430\u043f\u043a\u0430-Buff-Janna-Rose.jpg","width":1090,"height":1445,"caption":"\u0412\u044f\u0437\u0430\u043d\u0430\u044f \u0448\u0430\u043f\u043a\u0430 Buff Janna Rose \u0434\u043b\u044f \u0430\u043a\u0442\u0438\u0432\u043d\u043e\u0433\u043e \u043e\u0442\u0434\u044b\u0445\u0430 \u043e\u0434\u0435\u0436\u0434\u044b \u0438 \u043e\u0431\u0443\u0432\u0438 \u0434\u043b\u044f \u043f\u043e\u0445\u043e\u0434\u043e\u0432 \u0445\u043e\u0436\u0434\u0435\u043d\u0438\u044f \u0432 \u0433\u043e\u0440\u0430\u0445 \u043f\u0443\u0442\u0435\u0448\u0435\u0441\u0442\u0432\u0438\u0439 \u0437\u0438\u043c\u043d\u0435\u0433\u043e \u0442\u0443\u0440\u0438\u0437\u043c\u0430 \u0438 \u043c\u043e\u0434\u0430 \u0434\u043b\u044f \u043b\u044e\u0431\u0438\u0442\u0435\u043b\u0435\u0439 \u0430\u043a\u0442\u0438\u0432\u043d\u043e\u0439 \u0436\u0438\u0437\u043d\u0438"},{"@type":"BreadcrumbList","@id":"https:\/\/xstyle.md\/product\/vyazanaya-shapka-buff-janna-rose\/#breadcrumb","itemListElement":[{"@type":"ListItem","position":1,"name":"\u0413\u043b\u0430\u0432\u043d\u0430\u044f \u0441\u0442\u0440\u0430\u043d\u0438\u0446\u0430","item":"https:\/\/xstyle.md\/"},{"@type":"ListItem","position":2,"name":"\u041c\u0430\u0433\u0430\u0437\u0438\u043d","item":"https:\/\/xstyle.md\/shop\/"},{"@type":"ListItem","position":3,"name":"\u0412\u044f\u0437\u0430\u043d\u0430\u044f \u0448\u0430\u043f\u043a\u0430 Buff Janna Rose"}]},{"@type":"WebSite","@id":"https:\/\/xstyle.md\/#website","url":"https:\/\/xstyle.md\/","name":"Magazinul X-Style","description":"Echipamente pentru turism \u0219i sporturi extreme \u00een Moldova. Pre\u021buri, fotografii, caracteristici \u00een Moldova.","publisher":{"@id":"https:\/\/xstyle.md\/#organization"},"alternateName":"X-Style","potentialAction":[{"@type":"SearchAction","target":{"@type":"EntryPoint","urlTemplate":"https:\/\/xstyle.md\/?s={search_term_string}"},"query-input":{"@type":"PropertyValueSpecification","valueRequired":true,"valueName":"search_term_string"}}],"inLanguage":"ro-RO"},{"@type":"Organization","@id":"https:\/\/xstyle.md\/#organization","name":"Magazinul X-Style","alternateName":"x-style","url":"https:\/\/xstyle.md\/","logo":{"@type":"ImageObject","inLanguage":"ro-RO","@id":"https:\/\/xstyle.md\/#\/schema\/logo\/image\/","url":"https:\/\/xstyle.md\/wp-content\/uploads\/2020\/06\/logoicon.svg","contentUrl":"https:\/\/xstyle.md\/wp-content\/uploads\/2020\/06\/logoicon.svg","caption":"\u041c\u0430\u0433\u0430\u0437\u0438\u043d Xstyle"},"image":{"@id":"https:\/\/xstyle.md\/#\/schema\/logo\/image\/"},"sameAs":["https:\/\/www.facebook.com\/xstylemd","https:\/\/www.instagram.com\/xstyle_md\/","https:\/\/t.me\/xstyle_outdoor"],"hasMerchantReturnPolicy":{"@type":"MerchantReturnPolicy","merchantReturnLink":"https:\/\/xstyle.md\/ro\/conditions\/"}}]},"product_price_amount":"495.00","product_price_currency":"MDL","og_availability":"instock","product_availability":"instock","product_retailer_item_id":"8428927418111","product_condition":"new"},"post_mailing_queue_ids":[],"_links":{"self":[{"href":"https:\/\/xstyle.md\/ro\/wp-json\/wp\/v2\/product\/41516","targetHints":{"allow":["GET"]}}],"collection":[{"href":"https:\/\/xstyle.md\/ro\/wp-json\/wp\/v2\/product"}],"about":[{"href":"https:\/\/xstyle.md\/ro\/wp-json\/wp\/v2\/types\/product"}],"replies":[{"embeddable":true,"href":"https:\/\/xstyle.md\/ro\/wp-json\/wp\/v2\/comments?post=41516"}],"wp:featuredmedia":[{"embeddable":true,"href":"https:\/\/xstyle.md\/ro\/wp-json\/wp\/v2\/media\/42466"}],"wp:attachment":[{"href":"https:\/\/xstyle.md\/ro\/wp-json\/wp\/v2\/media?parent=41516"}],"wp:term":[{"taxonomy":"product_brand","embeddable":true,"href":"https:\/\/xstyle.md\/ro\/wp-json\/wp\/v2\/product_brand?post=41516"},{"taxonomy":"product_cat","embeddable":true,"href":"https:\/\/xstyle.md\/ro\/wp-json\/wp\/v2\/product_cat?post=41516"},{"taxonomy":"product_tag","embeddable":true,"href":"https:\/\/xstyle.md\/ro\/wp-json\/wp\/v2\/product_tag?post=41516"}],"curies":[{"name":"wp","href":"https:\/\/api.w.org\/{rel}","templated":true}]}}