{"id":41373,"date":"2021-11-10T11:29:37","date_gmt":"2021-11-10T08:29:37","guid":{"rendered":"https:\/\/xstyle.md\/?post_type=product&#038;p=41373"},"modified":"2026-03-19T16:46:30","modified_gmt":"2026-03-19T13:46:30","slug":"gornolyzhnaya-maska-uvex-downhill-2100-we-glamour-ros-chr-sl-ro-gr","status":"publish","type":"product","link":"https:\/\/xstyle.md\/ro\/produs\/gornolyzhnaya-maska-uvex-downhill-2100-we-glamour-ros-chr-sl-ro-gr\/","title":{"rendered":"Masc\u0103 schi Uvex Downhill 2100 WE Glamour ros.chr.SL\/ro-gr"},"content":{"rendered":"<\/p>\n<p>Ochelari schi <strong>Uvex Downhill 2100 WE<\/strong><strong>\u00a0<\/strong>&#8212; elegant, f\u0103r\u0103 rame, modern. Lentila sferic\u0103 unic\u0103 garanteaz\u0103 o vedere f\u0103r\u0103 distorsiuni \u0219i protec\u021bie UV. \u0218i datorit\u0103 faptului c\u0103 se folose\u0219te o singur\u0103 lentil\u0103 \u00een loc de o lentil\u0103 dubl\u0103, unghiul de vizualizare este semnificativ m\u0103rit cu 15%. Clipurile externe fac masca compatibil\u0103 cu casca. Lentila Colorvision\u00ae transform\u0103 chiar \u0219i cele mai dificile pante \u00eentr-o experien\u021b\u0103 unic\u0103 de schi. Fie c\u0103 plou\u0103, ninge sau este soare. Vede\u021bi fiecare detaliu, vede\u021bi mai mult ca niciodat\u0103 \u0219i profita\u021bi la maximum de fiecare pant\u0103.<\/p>\n<h3>Particularit\u0103\u021bi<\/h3>\n<ul>\n<li>100% protec\u021bie \u00eempotriva razelor UV d\u0103un\u0103toare<\/li>\n<li>Tehnologia Supravision\u00ae asigur\u0103 o vedere clar\u0103 &#8212; lentilele nu se \u00eence\u021bo\u0219eaz\u0103, extrem de rezistente la zg\u00e2rieturi<\/li>\n<li>Lentile Colorvision\u00ae cu contrast \u0219i reproducere \u00eembun\u0103t\u0103\u021bit\u0103 a culorilor<\/li>\n<li>Lentile sferice unice, unghi de vizualizare m\u0103rit \u00een compara\u021bie cu lentilele duble<\/li>\n<li>Tehnologia lentilelor descentralizate v\u0103 permite s\u0103 vede\u021bi totul f\u0103r\u0103 cea mai mic\u0103 distorsiune<\/li>\n<li>Membrana impermeabil\u0103, rezistent\u0103 la v\u00e2nt \u0219i respirabil\u0103 \u00eempiedic\u0103 p\u0103trunderea umezelii \u00een interiorul m\u0103\u0219tii<\/li>\n<li>Cureaua confortabil\u0103, cauciucat\u0103 \u00een interior pentru o mai bun\u0103 fixare pe casc\u0103.<\/li>\n<\/ul>\n<h3>Caracteristici<\/h3>\n<ul>\n<li>Form\u0103 &#8212; sferic\u0103<\/li>\n<li>Material &#8212; policarbonat<\/li>\n<li>Categoria de protec\u021bie UV: S2 (18-48% transmisie a luminii)<\/li>\n<li>Destina\u021bie &#8212; schi\/snowboard<\/li>\n<li>Model &#8212; unisex.<\/li>\n<\/ul>\n<h3>Tehnologie<\/h3>\n<ul>\n<li><strong>Colorvision<\/strong>\u00ae \u2013 asigur\u0103 un contrast \u0219i o percep\u021bie maxim\u0103 a culorilor at\u00e2t pe o pant\u0103 de iarn\u0103, c\u00e2t \u0219i \u00eentr-o p\u0103dure verde.<\/li>\n<li><strong>Supravision<\/strong>\u00ae \u2013 un strat special care protejeaz\u0103 lentilele de aburire chiar \u0219i la diferen\u021be semnificative de temperatur\u0103. Numeroase teste au ar\u0103tat c\u0103 acest strat dureaz\u0103 de dou\u0103 ori mai mult dec\u00e2t omologii s\u0103i, ating\u00e2nd \u00een acela\u0219i timp o protec\u021bie anti-cea\u021b\u0103 de 200%.<\/li>\n<\/ul>\n<h3>Marca<\/h3>\n<p>Uvex este un partener oficial al Federa\u021biei ruse de schi \u0219i snowboard, sponsor al echipei de ciclism T-Mobile \u0219i al multor sportivi, schiori \u0219i snowboarderi, motocicli\u0219ti \u0219i para\u0219uti\u0219ti. Compania a \u00eenceput \u00een anii &#8217;20 \u0219i &#8217;30 cu produc\u021bia de produse pentru protec\u021bia ochilor \u00een timpul lucrului \u00een industrii periculoase, care era de actualitate la acea vreme. Deja \u00een 1959, s-a n\u0103scut marca &#171;UVEX&#187;, cunoscut\u0103 ast\u0103zi. Uvex, ce \u00eenseamn\u0103 acest cuv\u00e2nt. Nu exist\u0103 o traducere ca atare, este o abreviere a sloganului companiei: &#171;UltraVioletEXcluded&#187; &#8212; adic\u0103 &#171;Ultravioletul este exclus&#187;. Din aceste cuvinte reiese deja clar c\u0103 ponderea produselor pentru sportivi \u00een produc\u021bie era deja semnificativ\u0103 pentru corpora\u021bie la acea vreme.<\/p>\n<p>UVEX este dedicat\u0103 furniz\u0103rii unei protec\u021bii complete pentru sportiv, din cap p\u00e2n\u0103 \u00een picioare. De aceea, \u00een prezent, produce totul, de la optice la c\u0103\u0219ti \u0219i m\u0103nu\u0219i. \u0218i, bine\u00een\u021beles, produsele UVEX au numai recenzii pozitive. \u0218i nu e de mirare. Pentru c\u0103, \u00een cur\u00e2nd, compania va s\u0103rb\u0103tori o sut\u0103 de ani de existen\u021b\u0103, iar motto-ul s\u0103u din to\u021bi ace\u0219ti ani a fost: &#171;S\u0103 protej\u0103m oamenii!&#187;. Ast\u0103zi, Uvex este cel mai mare juc\u0103tor de pe pia\u021ba echipamentelor de schi. \u00cen fiecare an, compania ofer\u0103 din ce \u00een ce mai multe solu\u021bii \u0219i tehnologii noi \u00een domeniul m\u0103\u0219tilor \u0219i c\u0103\u0219tilor de schi.<\/p>\n<p><\/p>","protected":false},"excerpt":{"rendered":"","protected":false},"featured_media":58922,"comment_status":"open","ping_status":"closed","template":"","meta":{"_acf_changed":false,"inline_featured_image":false},"product_brand":[1366],"product_cat":[390],"product_tag":[],"class_list":{"0":"post-41373","1":"product","2":"type-product","3":"status-publish","4":"has-post-thumbnail","6":"product_brand-uvex","7":"product_cat-ski-mask","9":"first","10":"instock","11":"shipping-taxable","12":"purchasable","13":"product-type-simple"},"acf":[],"yoast_head":"<!-- This site is optimized with the Yoast SEO plugin v27.2 - https:\/\/yoast.com\/product\/yoast-seo-wordpress\/ -->\n<title>\u0413\u043e\u0440\u043d\u043e\u043b\u044b\u0436\u043d\u0430\u044f \u043c\u0430\u0441\u043a\u0430 Uvex Downhill 2100 WE Glamour ros.chr.SL\/ro-gr - \u041c\u0430\u0433\u0430\u0437\u0438\u043d Xstyle<\/title>\n<meta name=\"description\" content=\"\u0413\u043e\u0440\u043d\u043e\u043b\u044b\u0436\u043d\u0430\u044f \u043c\u0430\u0441\u043a\u0430 Uvex Downhill 2100 WE Glamour \u043e\u0431\u0435\u0441\u043f\u0435\u0447\u0438\u0432\u0430\u0435\u0442 \u043e\u0442\u043b\u0438\u0447\u043d\u043e\u0435 \u0437\u0440\u0435\u043d\u0438\u0435 \u0431\u0435\u0437 \u0438\u0441\u043a\u0430\u0436\u0435\u043d\u0438\u0439 \u0438 \u0437\u0430\u0449\u0438\u0442\u0443 \u043e\u0442 \u0423\u0424-\u0438\u0437\u043b\u0443\u0447\u0435\u043d\u0438\u044f. \u0421\u043e\u0432\u0440\u0435\u043c\u0435\u043d\u043d\u044b\u0439 \u044d\u043b\u0435\u0433\u0430\u043d\u0442\u043d\u044b\u0439 \u0434\u0438\u0437\u0430\u0439\u043d.\" \/>\n<meta name=\"robots\" content=\"index, follow, max-snippet:-1, max-image-preview:large, max-video-preview:-1\" \/>\n<link rel=\"canonical\" href=\"https:\/\/xstyle.md\/ro\/produs\/gornolyzhnaya-maska-uvex-downhill-2100-we-glamour-ros-chr-sl-ro-gr\/\" \/>\n<meta property=\"og:locale\" content=\"ro_RO\" \/>\n<meta property=\"og:type\" content=\"article\" \/>\n<meta property=\"og:title\" content=\"\u0413\u043e\u0440\u043d\u043e\u043b\u044b\u0436\u043d\u0430\u044f \u043c\u0430\u0441\u043a\u0430 Uvex Downhill 2100 WE Glamour ros.chr.SL\/ro-gr - \u041c\u0430\u0433\u0430\u0437\u0438\u043d Xstyle\" \/>\n<meta property=\"og:description\" content=\"\u0413\u043e\u0440\u043d\u043e\u043b\u044b\u0436\u043d\u0430\u044f \u043c\u0430\u0441\u043a\u0430 Uvex Downhill 2100 WE Glamour \u043e\u0431\u0435\u0441\u043f\u0435\u0447\u0438\u0432\u0430\u0435\u0442 \u043e\u0442\u043b\u0438\u0447\u043d\u043e\u0435 \u0437\u0440\u0435\u043d\u0438\u0435 \u0431\u0435\u0437 \u0438\u0441\u043a\u0430\u0436\u0435\u043d\u0438\u0439 \u0438 \u0437\u0430\u0449\u0438\u0442\u0443 \u043e\u0442 \u0423\u0424-\u0438\u0437\u043b\u0443\u0447\u0435\u043d\u0438\u044f. \u0421\u043e\u0432\u0440\u0435\u043c\u0435\u043d\u043d\u044b\u0439 \u044d\u043b\u0435\u0433\u0430\u043d\u0442\u043d\u044b\u0439 \u0434\u0438\u0437\u0430\u0439\u043d.\" \/>\n<meta property=\"og:url\" content=\"https:\/\/xstyle.md\/ro\/produs\/gornolyzhnaya-maska-uvex-downhill-2100-we-glamour-ros-chr-sl-ro-gr\/\" \/>\n<meta property=\"og:site_name\" content=\"\u041c\u0430\u0433\u0430\u0437\u0438\u043d Xstyle\" \/>\n<meta property=\"article:publisher\" content=\"https:\/\/www.facebook.com\/xstylemd\" \/>\n<meta property=\"article:modified_time\" content=\"2026-03-19T13:46:30+00:00\" \/>\n<meta property=\"og:image\" content=\"https:\/\/xstyle.md\/wp-content\/uploads\/2021\/11\/uvex-downhill-2100-we-glamour-ros.chr_.sl-ro-gr-scaled.jpeg\" \/>\n\t<meta property=\"og:image:width\" content=\"2560\" \/>\n\t<meta property=\"og:image:height\" content=\"1816\" \/>\n\t<meta property=\"og:image:type\" content=\"image\/jpeg\" \/>\n<meta name=\"twitter:card\" content=\"summary_large_image\" \/>\n<meta name=\"twitter:label1\" content=\"Pre\u021b\" \/>\n\t<meta name=\"twitter:data1\" content=\"3.950&nbsp;MDL\" \/>\n\t<meta name=\"twitter:label2\" content=\"Disponibilitate\" \/>\n\t<meta name=\"twitter:data2\" content=\"\u00cen stoc\" \/>\n<script type=\"application\/ld+json\" class=\"yoast-schema-graph\">{\"@context\":\"https:\/\/schema.org\",\"@graph\":[{\"@type\":\"WebPage\",\"@id\":\"https:\/\/xstyle.md\/product\/gornolyzhnaya-maska-uvex-downhill-2100-we-glamour-ros-chr-sl-ro-gr\/\",\"url\":\"https:\/\/xstyle.md\/product\/gornolyzhnaya-maska-uvex-downhill-2100-we-glamour-ros-chr-sl-ro-gr\/\",\"name\":\"\u0413\u043e\u0440\u043d\u043e\u043b\u044b\u0436\u043d\u0430\u044f \u043c\u0430\u0441\u043a\u0430 Uvex Downhill 2100 WE Glamour ros.chr.SL\/ro-gr - \u041c\u0430\u0433\u0430\u0437\u0438\u043d Xstyle\",\"isPartOf\":{\"@id\":\"https:\/\/xstyle.md\/#website\"},\"primaryImageOfPage\":{\"@id\":\"https:\/\/xstyle.md\/product\/gornolyzhnaya-maska-uvex-downhill-2100-we-glamour-ros-chr-sl-ro-gr\/#primaryimage\"},\"image\":{\"@id\":\"https:\/\/xstyle.md\/product\/gornolyzhnaya-maska-uvex-downhill-2100-we-glamour-ros-chr-sl-ro-gr\/#primaryimage\"},\"thumbnailUrl\":\"https:\/\/xstyle.md\/wp-content\/uploads\/2021\/11\/uvex-downhill-2100-we-glamour-ros.chr_.sl-ro-gr-scaled.jpeg\",\"datePublished\":\"2021-11-10T08:29:37+00:00\",\"dateModified\":\"2026-03-19T13:46:30+00:00\",\"description\":\"\u0413\u043e\u0440\u043d\u043e\u043b\u044b\u0436\u043d\u0430\u044f \u043c\u0430\u0441\u043a\u0430 Uvex Downhill 2100 WE Glamour \u043e\u0431\u0435\u0441\u043f\u0435\u0447\u0438\u0432\u0430\u0435\u0442 \u043e\u0442\u043b\u0438\u0447\u043d\u043e\u0435 \u0437\u0440\u0435\u043d\u0438\u0435 \u0431\u0435\u0437 \u0438\u0441\u043a\u0430\u0436\u0435\u043d\u0438\u0439 \u0438 \u0437\u0430\u0449\u0438\u0442\u0443 \u043e\u0442 \u0423\u0424-\u0438\u0437\u043b\u0443\u0447\u0435\u043d\u0438\u044f. \u0421\u043e\u0432\u0440\u0435\u043c\u0435\u043d\u043d\u044b\u0439 \u044d\u043b\u0435\u0433\u0430\u043d\u0442\u043d\u044b\u0439 \u0434\u0438\u0437\u0430\u0439\u043d.\",\"breadcrumb\":{\"@id\":\"https:\/\/xstyle.md\/product\/gornolyzhnaya-maska-uvex-downhill-2100-we-glamour-ros-chr-sl-ro-gr\/#breadcrumb\"},\"inLanguage\":\"ro-RO\",\"potentialAction\":[{\"@type\":\"ReadAction\",\"target\":[\"https:\/\/xstyle.md\/product\/gornolyzhnaya-maska-uvex-downhill-2100-we-glamour-ros-chr-sl-ro-gr\/\"]}]},{\"@type\":\"ImageObject\",\"inLanguage\":\"ro-RO\",\"@id\":\"https:\/\/xstyle.md\/product\/gornolyzhnaya-maska-uvex-downhill-2100-we-glamour-ros-chr-sl-ro-gr\/#primaryimage\",\"url\":\"https:\/\/xstyle.md\/wp-content\/uploads\/2021\/11\/uvex-downhill-2100-we-glamour-ros.chr_.sl-ro-gr-scaled.jpeg\",\"contentUrl\":\"https:\/\/xstyle.md\/wp-content\/uploads\/2021\/11\/uvex-downhill-2100-we-glamour-ros.chr_.sl-ro-gr-scaled.jpeg\",\"width\":1920,\"height\":1362,\"caption\":\"\u0410\u043a\u0442\u0438\u0432\u043d\u0430\u044f \u043e\u0434\u0435\u0436\u0434\u0430 \u0438 \u043e\u0431\u0443\u0432\u044c \u0434\u043b\u044f \u0433\u043e\u0440\u043d\u044b\u0445 \u043f\u043e\u0445\u043e\u0434\u043e\u0432 \u0438 \u043f\u0443\u0442\u0435\u0448\u0435\u0441\u0442\u0432\u0438\u0439, \u0433\u043e\u0440\u043d\u043e\u043b\u044b\u0436\u043d\u0430\u044f \u043c\u0430\u0441\u043a\u0430 Uvex Downhill 2100 WE Glamour \u0434\u043b\u044f \u043b\u044b\u0436\u043d\u043e\u0433\u043e \u0441\u043f\u043e\u0440\u0442\u0430 \u0438 \u0437\u0438\u043c\u043d\u0438\u0445 \u0430\u043a\u0442\u0438\u0432\u043d\u043e\u0441\u0442\u0435\u0439 \u043d\u0430 \u043e\u043d\u043b\u0430\u0439\u043d \u043c\u0430\u0433\u0430\u0437\u0438\u043d\u0435\"},{\"@type\":\"BreadcrumbList\",\"@id\":\"https:\/\/xstyle.md\/product\/gornolyzhnaya-maska-uvex-downhill-2100-we-glamour-ros-chr-sl-ro-gr\/#breadcrumb\",\"itemListElement\":[{\"@type\":\"ListItem\",\"position\":1,\"name\":\"\u0413\u043b\u0430\u0432\u043d\u0430\u044f \u0441\u0442\u0440\u0430\u043d\u0438\u0446\u0430\",\"item\":\"https:\/\/xstyle.md\/\"},{\"@type\":\"ListItem\",\"position\":2,\"name\":\"\u041c\u0430\u0433\u0430\u0437\u0438\u043d\",\"item\":\"https:\/\/xstyle.md\/shop\/\"},{\"@type\":\"ListItem\",\"position\":3,\"name\":\"\u0413\u043e\u0440\u043d\u043e\u043b\u044b\u0436\u043d\u0430\u044f \u043c\u0430\u0441\u043a\u0430 Uvex Downhill 2100 WE Glamour ros.chr.SL\/ro-gr\"}]},{\"@type\":\"WebSite\",\"@id\":\"https:\/\/xstyle.md\/#website\",\"url\":\"https:\/\/xstyle.md\/\",\"name\":\"\u041c\u0430\u0433\u0430\u0437\u0438\u043d Xstyle\",\"description\":\"C\u043d\u0430\u0440\u044f\u0436\u0435\u043d\u0438\u0435 \u0434\u043b\u044f \u0442\u0443\u0440\u0438\u0437\u043c\u0430 \u0438 \u044d\u043a\u0441\u0442\u0440\u0435\u043c\u0430\u043b\u044c\u043d\u044b\u0445 \u0432\u0438\u0434\u043e\u0432 \u0441\u043f\u043e\u0440\u0442\u0430 \u0432 \u041c\u043e\u043b\u0434\u043e\u0432\u0435.. \u0426\u0435\u043d\u044b, \u0444\u043e\u0442\u043e, \u0445\u0430\u0440\u0430\u043a\u0442\u0435\u0440\u0438\u0441\u0442\u0438\u043a\u0438 \u0432 \u041c\u043e\u043b\u0434\u043e\u0432\u0435.\",\"publisher\":{\"@id\":\"https:\/\/xstyle.md\/#organization\"},\"alternateName\":\"X-Style\",\"potentialAction\":[{\"@type\":\"SearchAction\",\"target\":{\"@type\":\"EntryPoint\",\"urlTemplate\":\"https:\/\/xstyle.md\/?s={search_term_string}\"},\"query-input\":{\"@type\":\"PropertyValueSpecification\",\"valueRequired\":true,\"valueName\":\"search_term_string\"}}],\"inLanguage\":\"ro-RO\"},{\"@type\":\"Organization\",\"@id\":\"https:\/\/xstyle.md\/#organization\",\"name\":\"\u041c\u0430\u0433\u0430\u0437\u0438\u043d Xstyle\",\"alternateName\":\"x-style\",\"url\":\"https:\/\/xstyle.md\/\",\"logo\":{\"@type\":\"ImageObject\",\"inLanguage\":\"ro-RO\",\"@id\":\"https:\/\/xstyle.md\/#\/schema\/logo\/image\/\",\"url\":\"https:\/\/xstyle.md\/wp-content\/uploads\/2020\/06\/logoicon.svg\",\"contentUrl\":\"https:\/\/xstyle.md\/wp-content\/uploads\/2020\/06\/logoicon.svg\",\"caption\":\"\u041c\u0430\u0433\u0430\u0437\u0438\u043d Xstyle\"},\"image\":{\"@id\":\"https:\/\/xstyle.md\/#\/schema\/logo\/image\/\"},\"sameAs\":[\"https:\/\/www.facebook.com\/xstylemd\",\"https:\/\/www.instagram.com\/xstyle_md\/\",\"https:\/\/t.me\/xstyle_outdoor\"],\"hasMerchantReturnPolicy\":{\"@type\":\"MerchantReturnPolicy\",\"merchantReturnLink\":\"https:\/\/xstyle.md\/ro\/conditions\/\"}}]}<\/script>\n<meta property=\"product:price:amount\" content=\"3950.00\" \/>\n<meta property=\"product:price:currency\" content=\"MDL\" \/>\n<meta property=\"og:availability\" content=\"instock\" \/>\n<meta property=\"product:availability\" content=\"instock\" \/>\n<meta property=\"product:retailer_item_id\" content=\"4043197342214\" \/>\n<meta property=\"product:condition\" content=\"new\" \/>\n<!-- \/ Yoast SEO plugin. -->","yoast_head_json":{"title":"Ochelari schi Uvex Downhill 2100 WE Glamour ros.chr.SL\/ro-gr - Magazin Xstyle","description":"Masca de schi Uvex Downhill 2100 WE Glamour ofer\u0103 o vedere excelent\u0103 f\u0103r\u0103 distorsiuni \u0219i protec\u021bie \u00eempotriva radia\u021biilor UV. Design modern \u0219i elegant.","robots":{"index":"index","follow":"follow","max-snippet":"max-snippet:-1","max-image-preview":"max-image-preview:large","max-video-preview":"max-video-preview:-1"},"canonical":"https:\/\/xstyle.md\/ro\/produs\/gornolyzhnaya-maska-uvex-downhill-2100-we-glamour-ros-chr-sl-ro-gr\/","og_locale":"ro_RO","og_type":"article","og_title":"\u0413\u043e\u0440\u043d\u043e\u043b\u044b\u0436\u043d\u0430\u044f \u043c\u0430\u0441\u043a\u0430 Uvex Downhill 2100 WE Glamour ros.chr.SL\/ro-gr - \u041c\u0430\u0433\u0430\u0437\u0438\u043d Xstyle","og_description":"\u0413\u043e\u0440\u043d\u043e\u043b\u044b\u0436\u043d\u0430\u044f \u043c\u0430\u0441\u043a\u0430 Uvex Downhill 2100 WE Glamour \u043e\u0431\u0435\u0441\u043f\u0435\u0447\u0438\u0432\u0430\u0435\u0442 \u043e\u0442\u043b\u0438\u0447\u043d\u043e\u0435 \u0437\u0440\u0435\u043d\u0438\u0435 \u0431\u0435\u0437 \u0438\u0441\u043a\u0430\u0436\u0435\u043d\u0438\u0439 \u0438 \u0437\u0430\u0449\u0438\u0442\u0443 \u043e\u0442 \u0423\u0424-\u0438\u0437\u043b\u0443\u0447\u0435\u043d\u0438\u044f. \u0421\u043e\u0432\u0440\u0435\u043c\u0435\u043d\u043d\u044b\u0439 \u044d\u043b\u0435\u0433\u0430\u043d\u0442\u043d\u044b\u0439 \u0434\u0438\u0437\u0430\u0439\u043d.","og_url":"https:\/\/xstyle.md\/ro\/produs\/gornolyzhnaya-maska-uvex-downhill-2100-we-glamour-ros-chr-sl-ro-gr\/","og_site_name":"\u041c\u0430\u0433\u0430\u0437\u0438\u043d Xstyle","article_publisher":"https:\/\/www.facebook.com\/xstylemd","article_modified_time":"2026-03-19T13:46:30+00:00","og_image":[{"width":2560,"height":1816,"url":"https:\/\/xstyle.md\/wp-content\/uploads\/2021\/11\/uvex-downhill-2100-we-glamour-ros.chr_.sl-ro-gr-scaled.jpeg","type":"image\/jpeg"}],"twitter_card":"summary_large_image","twitter_misc":{"Pre\u021b":"3.950&nbsp;MDL","Disponibilitate":"\u00cen stoc"},"schema":{"@context":"https:\/\/schema.org","@graph":[{"@type":"WebPage","@id":"https:\/\/xstyle.md\/product\/gornolyzhnaya-maska-uvex-downhill-2100-we-glamour-ros-chr-sl-ro-gr\/","url":"https:\/\/xstyle.md\/product\/gornolyzhnaya-maska-uvex-downhill-2100-we-glamour-ros-chr-sl-ro-gr\/","name":"Ochelari schi Uvex Downhill 2100 WE Glamour ros.chr.SL\/ro-gr - Magazin Xstyle","isPartOf":{"@id":"https:\/\/xstyle.md\/#website"},"primaryImageOfPage":{"@id":"https:\/\/xstyle.md\/product\/gornolyzhnaya-maska-uvex-downhill-2100-we-glamour-ros-chr-sl-ro-gr\/#primaryimage"},"image":{"@id":"https:\/\/xstyle.md\/product\/gornolyzhnaya-maska-uvex-downhill-2100-we-glamour-ros-chr-sl-ro-gr\/#primaryimage"},"thumbnailUrl":"https:\/\/xstyle.md\/wp-content\/uploads\/2021\/11\/uvex-downhill-2100-we-glamour-ros.chr_.sl-ro-gr-scaled.jpeg","datePublished":"2021-11-10T08:29:37+00:00","dateModified":"2026-03-19T13:46:30+00:00","description":"Masca de schi Uvex Downhill 2100 WE Glamour ofer\u0103 o vedere excelent\u0103 f\u0103r\u0103 distorsiuni \u0219i protec\u021bie \u00eempotriva radia\u021biilor UV. Design modern \u0219i elegant.","breadcrumb":{"@id":"https:\/\/xstyle.md\/product\/gornolyzhnaya-maska-uvex-downhill-2100-we-glamour-ros-chr-sl-ro-gr\/#breadcrumb"},"inLanguage":"ro-RO","potentialAction":[{"@type":"ReadAction","target":["https:\/\/xstyle.md\/product\/gornolyzhnaya-maska-uvex-downhill-2100-we-glamour-ros-chr-sl-ro-gr\/"]}]},{"@type":"ImageObject","inLanguage":"ro-RO","@id":"https:\/\/xstyle.md\/product\/gornolyzhnaya-maska-uvex-downhill-2100-we-glamour-ros-chr-sl-ro-gr\/#primaryimage","url":"https:\/\/xstyle.md\/wp-content\/uploads\/2021\/11\/uvex-downhill-2100-we-glamour-ros.chr_.sl-ro-gr-scaled.jpeg","contentUrl":"https:\/\/xstyle.md\/wp-content\/uploads\/2021\/11\/uvex-downhill-2100-we-glamour-ros.chr_.sl-ro-gr-scaled.jpeg","width":1920,"height":1362,"caption":"\u0410\u043a\u0442\u0438\u0432\u043d\u0430\u044f \u043e\u0434\u0435\u0436\u0434\u0430 \u0438 \u043e\u0431\u0443\u0432\u044c \u0434\u043b\u044f \u0433\u043e\u0440\u043d\u044b\u0445 \u043f\u043e\u0445\u043e\u0434\u043e\u0432 \u0438 \u043f\u0443\u0442\u0435\u0448\u0435\u0441\u0442\u0432\u0438\u0439, \u0433\u043e\u0440\u043d\u043e\u043b\u044b\u0436\u043d\u0430\u044f \u043c\u0430\u0441\u043a\u0430 Uvex Downhill 2100 WE Glamour \u0434\u043b\u044f \u043b\u044b\u0436\u043d\u043e\u0433\u043e \u0441\u043f\u043e\u0440\u0442\u0430 \u0438 \u0437\u0438\u043c\u043d\u0438\u0445 \u0430\u043a\u0442\u0438\u0432\u043d\u043e\u0441\u0442\u0435\u0439 \u043d\u0430 \u043e\u043d\u043b\u0430\u0439\u043d \u043c\u0430\u0433\u0430\u0437\u0438\u043d\u0435"},{"@type":"BreadcrumbList","@id":"https:\/\/xstyle.md\/product\/gornolyzhnaya-maska-uvex-downhill-2100-we-glamour-ros-chr-sl-ro-gr\/#breadcrumb","itemListElement":[{"@type":"ListItem","position":1,"name":"\u0413\u043b\u0430\u0432\u043d\u0430\u044f \u0441\u0442\u0440\u0430\u043d\u0438\u0446\u0430","item":"https:\/\/xstyle.md\/"},{"@type":"ListItem","position":2,"name":"\u041c\u0430\u0433\u0430\u0437\u0438\u043d","item":"https:\/\/xstyle.md\/shop\/"},{"@type":"ListItem","position":3,"name":"\u0413\u043e\u0440\u043d\u043e\u043b\u044b\u0436\u043d\u0430\u044f \u043c\u0430\u0441\u043a\u0430 Uvex Downhill 2100 WE Glamour ros.chr.SL\/ro-gr"}]},{"@type":"WebSite","@id":"https:\/\/xstyle.md\/#website","url":"https:\/\/xstyle.md\/","name":"Magazinul X-Style","description":"Echipamente pentru turism \u0219i sporturi extreme \u00een Moldova. Pre\u021buri, fotografii, caracteristici \u00een Moldova.","publisher":{"@id":"https:\/\/xstyle.md\/#organization"},"alternateName":"X-Style","potentialAction":[{"@type":"SearchAction","target":{"@type":"EntryPoint","urlTemplate":"https:\/\/xstyle.md\/?s={search_term_string}"},"query-input":{"@type":"PropertyValueSpecification","valueRequired":true,"valueName":"search_term_string"}}],"inLanguage":"ro-RO"},{"@type":"Organization","@id":"https:\/\/xstyle.md\/#organization","name":"Magazinul X-Style","alternateName":"x-style","url":"https:\/\/xstyle.md\/","logo":{"@type":"ImageObject","inLanguage":"ro-RO","@id":"https:\/\/xstyle.md\/#\/schema\/logo\/image\/","url":"https:\/\/xstyle.md\/wp-content\/uploads\/2020\/06\/logoicon.svg","contentUrl":"https:\/\/xstyle.md\/wp-content\/uploads\/2020\/06\/logoicon.svg","caption":"\u041c\u0430\u0433\u0430\u0437\u0438\u043d Xstyle"},"image":{"@id":"https:\/\/xstyle.md\/#\/schema\/logo\/image\/"},"sameAs":["https:\/\/www.facebook.com\/xstylemd","https:\/\/www.instagram.com\/xstyle_md\/","https:\/\/t.me\/xstyle_outdoor"],"hasMerchantReturnPolicy":{"@type":"MerchantReturnPolicy","merchantReturnLink":"https:\/\/xstyle.md\/ro\/conditions\/"}}]},"product_price_amount":"3950.00","product_price_currency":"MDL","og_availability":"instock","product_availability":"instock","product_retailer_item_id":"4043197342214","product_condition":"new"},"post_mailing_queue_ids":[],"_links":{"self":[{"href":"https:\/\/xstyle.md\/ro\/wp-json\/wp\/v2\/product\/41373","targetHints":{"allow":["GET"]}}],"collection":[{"href":"https:\/\/xstyle.md\/ro\/wp-json\/wp\/v2\/product"}],"about":[{"href":"https:\/\/xstyle.md\/ro\/wp-json\/wp\/v2\/types\/product"}],"replies":[{"embeddable":true,"href":"https:\/\/xstyle.md\/ro\/wp-json\/wp\/v2\/comments?post=41373"}],"wp:featuredmedia":[{"embeddable":true,"href":"https:\/\/xstyle.md\/ro\/wp-json\/wp\/v2\/media\/58922"}],"wp:attachment":[{"href":"https:\/\/xstyle.md\/ro\/wp-json\/wp\/v2\/media?parent=41373"}],"wp:term":[{"taxonomy":"product_brand","embeddable":true,"href":"https:\/\/xstyle.md\/ro\/wp-json\/wp\/v2\/product_brand?post=41373"},{"taxonomy":"product_cat","embeddable":true,"href":"https:\/\/xstyle.md\/ro\/wp-json\/wp\/v2\/product_cat?post=41373"},{"taxonomy":"product_tag","embeddable":true,"href":"https:\/\/xstyle.md\/ro\/wp-json\/wp\/v2\/product_tag?post=41373"}],"curies":[{"name":"wp","href":"https:\/\/api.w.org\/{rel}","templated":true}]}}