{"id":41320,"date":"2021-11-10T11:29:20","date_gmt":"2021-11-10T08:29:20","guid":{"rendered":"https:\/\/xstyle.md\/?post_type=product&#038;p=41320"},"modified":"2026-03-19T16:46:22","modified_gmt":"2026-03-19T13:46:22","slug":"termoshtany-smartwool-nts-mid-250-boot-top-bottom-wmn-black","status":"publish","type":"product","link":"https:\/\/xstyle.md\/ro\/produs\/termoshtany-smartwool-nts-mid-250-boot-top-bottom-wmn-black\/","title":{"rendered":"Pantaloni termici Smartwool NTS Mid 250 Boot Top Bottom Wmn black"},"content":{"rendered":"<\/p>\n<p>Pantaloni termici <strong>Smartwool NTS Mid 250 Boot Top Bottom Wmn black\u00a0<\/strong>au o structur\u0103 de \u021bes\u0103tur\u0103 elastic\u0103 dens\u0103 \u0219i se potrivesc confortabil figurii.<\/p>\n<p>L\u00e2na fin\u0103 merino re\u021bine c\u0103ldura \u0219i dreneaz\u0103 excesul de umiditate de pe suprafa\u021ba pielii, cre\u00e2nd c\u0103ldur\u0103 \u0219i usc\u0103ciune pl\u0103cut\u0103 \u00een orice vreme rece. Materialul moale, elastic \u0219i respirabil protejeaz\u0103 nu numai de frig, ci \u0219i de supra\u00eenc\u0103lzire.<\/p>\n<p>Pantalonii sunt deosebit de moi, invizibili sub haine, complet neiritan\u021bi \u0219i potrivi\u021bi pentru persoanele cu alergii. Confortabili, cu talie elastic\u0103, ace\u0219ti pantaloni termici ofer\u0103 o senza\u021bie uimitoare de confort, c\u0103ldur\u0103 \u0219i usc\u0103ciune.<\/p>\n<p>Ace\u0219ti pantaloni practici pentru b\u0103rba\u021bi v\u0103 vor \u021bine de cald chiar \u0219i pe vreme foarte rece, dac\u0103 \u00eei purta\u021bi ca lenjerie de corp termic\u0103, \u0219i v\u0103 vor men\u021bine pielea pl\u0103cut de cald\u0103 \u0219i uscat\u0103 \u00een timpul antrenamentelor sportive intensive. Firul dens \u0219i cald din l\u00e2n\u0103 natural\u0103 Merino nu absoarbe umezeala \u0219i nu irit\u0103 pielea. Este perfect ventilat \u0219i nu absoarbe mirosul nepl\u0103cut.<\/p>\n<h3>Particularit\u0103\u021bi<\/h3>\n<ul>\n<li>V\u0103 men\u021bine r\u0103coros \u0219i proasp\u0103t (respirabil)<\/li>\n<li>Cus\u0103turi plate robuste, care nu provoac\u0103 irita\u021bii<\/li>\n<li>Conturare maxim\u0103 a corpului<\/li>\n<li>Poate fi purtat pe tot parcursul anului<\/li>\n<li>C\u0103ldur\u0103 \u0219i usc\u0103ciune confortabile<\/li>\n<li>Confortabil, pl\u0103cut la atingere<\/li>\n<li>Adaptare anatomic\u0103<\/li>\n<li>Band\u0103 elastic\u0103 \u00een talie<\/li>\n<li>Uscare rapid\u0103.<\/li>\n<\/ul>\n<h3>Caracteristici<\/h3>\n<ul>\n<li>Sezonul &#8212; toamn\u0103\/iarn\u0103<\/li>\n<li>Compozi\u021bie &#8212; 100% l\u00e2n\u0103 Merino<\/li>\n<li>Aplicare &#8212; activit\u0103\u021bi \u00een aer liber\/turism\/schi\/ schi\/ snowboarding\/z\u0103pad\u0103.<\/li>\n<\/ul>\n<h3>Tehnologie<\/h3>\n<ul>\n<li><strong>L\u00e2n\u0103 Merino<\/strong> - Acesta este un l\u00e2n\u0103 Merino australian\u0103, care are caracteristici unificate. Este un material natural, foarte moale, cu un centru de fibre care este foarte scopic. Acest material v\u0103 men\u021bine cald chiar \u0219i atunci c\u00e2nd este ud \u0219i izoleaz\u0103 umezeala de piele. Aceast\u0103 tehnologie v\u0103 va ajuta s\u0103 rezista\u021bi chiar \u0219i la temperaturi foarte sc\u0103zute. Datorit\u0103 dimensiunii pl\u0103m\u00e2nului de v\u00e2nzare mari (65-100 mm) \u0219i a diametrului micronului (max. 24 microni), firul este foarte eficient, iar materialul din miez este un excelent regulator de temperatur\u0103, care este capabil s\u0103 \u00eempiedice transportul, permi\u021b\u00e2nd pastilelor s\u0103 fie respirate.<\/li>\n<li><strong>Mid 250<\/strong> - o gam\u0103 de cea mai c\u0103lduroas\u0103 lenjerie de corp. Folosit\u0103 ca strat de baz\u0103 pe vreme r\u0103coroas\u0103 sau ca strat de baz\u0103 pe vreme receivable.<\/li>\n<\/ul>\n<p><\/p>\n<\/div>\n<h3>Marca<\/h3>\n<p>Smartwool - este un brand american care a devenit un etalon mondial \u00een produc\u021bia de \u00eembr\u0103c\u0103minte \u0219i accesorii din l\u00e2n\u0103 merino de \u00eenalt\u0103 calitate. Compania a revolu\u021bionat pia\u021ba demonstr\u00e2nd c\u0103 l\u00e2na poate fi incredibil de moale, nu provoac\u0103 m\u00e2nc\u0103rimi \u0219i este ideal\u0103 pentru sport: elimin\u0103 eficient umiditatea, regleaz\u0103 temperatura corpului \u0219i previne natural apari\u021bia mirosurilor nepl\u0103cute. \u0218osetele \u0219i lenjeria termic\u0103 Smartwool sunt apreciate de drume\u021bi \u0219i schiori din \u00eentreaga lume pentru confortul lor de neegalat \u0219i durabilitate.<\/p>","protected":false},"excerpt":{"rendered":"<p>\u0411\u0440\u0435\u043d\u0434 Smartwool \u2014 \u044d\u0442\u043e \u0430\u043c\u0435\u0440\u0438\u043a\u0430\u043d\u0441\u043a\u0438\u0439 \u0431\u0440\u0435\u043d\u0434, \u0441\u0442\u0430\u0432\u0448\u0438\u0439 \u043c\u0438\u0440\u043e\u0432\u044b\u043c \u044d\u0442\u0430\u043b\u043e\u043d\u043e\u043c \u0432 \u043f\u0440\u043e\u0438\u0437\u0432\u043e\u0434\u0441\u0442\u0432\u0435 \u043e\u0434\u0435\u0436\u0434\u044b \u0438 \u0430\u043a\u0441\u0435\u0441\u0441\u0443\u0430\u0440\u043e\u0432 \u0438\u0437 \u0432\u044b\u0441\u043e\u043a\u043e\u043a\u0430\u0447\u0435\u0441\u0442\u0432\u0435\u043d\u043d\u043e\u0439 \u0448\u0435\u0440\u0441\u0442\u0438 \u043c\u0435\u0440\u0438\u043d\u043e\u0441\u0430 (Merino wool). \u041a\u043e\u043c\u043f\u0430\u043d\u0438\u044f \u0441\u043e\u0432\u0435\u0440\u0448\u0438\u043b\u0430 \u0440\u0435\u0432\u043e\u043b\u044e\u0446\u0438\u044e, \u0434\u043e\u043a\u0430\u0437\u0430\u0432, \u0447\u0442\u043e \u0448\u0435\u0440\u0441\u0442\u044c \u043c\u043e\u0436\u0435\u0442 \u0431\u044b\u0442\u044c \u043d\u0435\u0432\u0435\u0440\u043e\u044f\u0442\u043d\u043e \u043c\u044f\u0433\u043a\u043e\u0439, \u043d\u0435 \u0432\u044b\u0437\u044b\u0432\u0430\u0442\u044c \u0437\u0443\u0434\u0430 \u0438 \u0438\u0434\u0435\u0430\u043b\u044c\u043d\u043e \u043f\u043e\u0434\u0445\u043e\u0434\u0438\u0442\u044c \u0434\u043b\u044f \u0441\u043f\u043e\u0440\u0442\u0430: \u043e\u043d\u0430 \u044d\u0444\u0444\u0435\u043a\u0442\u0438\u0432\u043d\u043e \u043e\u0442\u0432\u043e\u0434\u0438\u0442 \u0432\u043b\u0430\u0433\u0443, \u0440\u0435\u0433\u0443\u043b\u0438\u0440\u0443\u0435\u0442 \u0442\u0435\u043c\u043f\u0435\u0440\u0430\u0442\u0443\u0440\u0443 \u0442\u0435\u043b\u0430 \u0438 \u0435\u0441\u0442\u0435\u0441\u0442\u0432\u0435\u043d\u043d\u044b\u043c \u043e\u0431\u0440\u0430\u0437\u043e\u043c \u043f\u0440\u0435\u043f\u044f\u0442\u0441\u0442\u0432\u0443\u0435\u0442 \u043f\u043e\u044f\u0432\u043b\u0435\u043d\u0438\u044e \u043d\u0435\u043f\u0440\u0438\u044f\u0442\u043d\u044b\u0445 \u0437\u0430\u043f\u0430\u0445\u043e\u0432. \u041d\u043e\u0441\u043a\u0438 \u0438 \u0442\u0435\u0440\u043c\u043e\u0431\u0435\u043b\u044c\u0435 [&hellip;]<\/p>\n","protected":false},"featured_media":43498,"comment_status":"open","ping_status":"closed","template":"","meta":{"_acf_changed":false,"inline_featured_image":false},"product_brand":[1352],"product_cat":[274],"product_tag":[],"class_list":{"0":"post-41320","1":"product","2":"type-product","3":"status-publish","4":"has-post-thumbnail","6":"product_brand-smartwool","7":"product_cat-thermals-femei","9":"first","10":"instock","11":"shipping-taxable","12":"purchasable","13":"product-type-simple"},"acf":[],"yoast_head":"<!-- This site is optimized with the Yoast SEO plugin v27.2 - https:\/\/yoast.com\/product\/yoast-seo-wordpress\/ -->\n<title>\u0422\u0435\u0440\u043c\u043e\u0448\u0442\u0430\u043d\u044b Smartwool NTS Mid 250 Boot Top Bottom Wmn black - \u041c\u0430\u0433\u0430\u0437\u0438\u043d Xstyle<\/title>\n<meta name=\"description\" content=\"\u0422\u0435\u0440\u043c\u043e\u0448\u0442\u0430\u043d\u044b Smartwool NTS Mid 250 Boot Top Bottom Wmn black \u0438\u0437 \u043c\u0435\u0440\u0438\u043d\u043e\u0441\u043e\u0432\u043e\u0439 \u0448\u0435\u0440\u0441\u0442\u0438 \u043e\u0431\u0435\u0441\u043f\u0435\u0447\u0438\u0432\u0430\u044e\u0442 \u0442\u0435\u043f\u043b\u043e \u0438 \u0432\u043b\u0430\u0433\u043e\u0432\u044b\u0432\u043e\u0434\u044f\u0449\u0438\u0435 \u0441\u0432\u043e\u0439\u0441\u0442\u0432\u0430. \u0418\u0434\u0435\u0430\u043b\u044c\u043d\u044b\u0439 \u0432\u044b\u0431\u043e\u0440 \u0434\u043b\u044f \u0445\u043e\u043b\u043e\u0434\u043d\u043e\u0439 \u043f\u043e\u0433\u043e\u0434\u044b!\" \/>\n<meta name=\"robots\" content=\"index, follow, max-snippet:-1, max-image-preview:large, max-video-preview:-1\" \/>\n<link rel=\"canonical\" href=\"https:\/\/xstyle.md\/ro\/produs\/termoshtany-smartwool-nts-mid-250-boot-top-bottom-wmn-black\/\" \/>\n<meta property=\"og:locale\" content=\"ro_RO\" \/>\n<meta property=\"og:type\" content=\"article\" \/>\n<meta property=\"og:title\" content=\"\u0422\u0435\u0440\u043c\u043e\u0448\u0442\u0430\u043d\u044b Smartwool NTS Mid 250 Boot Top Bottom Wmn black - \u041c\u0430\u0433\u0430\u0437\u0438\u043d Xstyle\" \/>\n<meta property=\"og:description\" content=\"\u0422\u0435\u0440\u043c\u043e\u0448\u0442\u0430\u043d\u044b Smartwool NTS Mid 250 Boot Top Bottom Wmn black \u0438\u0437 \u043c\u0435\u0440\u0438\u043d\u043e\u0441\u043e\u0432\u043e\u0439 \u0448\u0435\u0440\u0441\u0442\u0438 \u043e\u0431\u0435\u0441\u043f\u0435\u0447\u0438\u0432\u0430\u044e\u0442 \u0442\u0435\u043f\u043b\u043e \u0438 \u0432\u043b\u0430\u0433\u043e\u0432\u044b\u0432\u043e\u0434\u044f\u0449\u0438\u0435 \u0441\u0432\u043e\u0439\u0441\u0442\u0432\u0430. \u0418\u0434\u0435\u0430\u043b\u044c\u043d\u044b\u0439 \u0432\u044b\u0431\u043e\u0440 \u0434\u043b\u044f \u0445\u043e\u043b\u043e\u0434\u043d\u043e\u0439 \u043f\u043e\u0433\u043e\u0434\u044b!\" \/>\n<meta property=\"og:url\" content=\"https:\/\/xstyle.md\/ro\/produs\/termoshtany-smartwool-nts-mid-250-boot-top-bottom-wmn-black\/\" \/>\n<meta property=\"og:site_name\" content=\"\u041c\u0430\u0433\u0430\u0437\u0438\u043d Xstyle\" \/>\n<meta property=\"article:publisher\" content=\"https:\/\/www.facebook.com\/xstylemd\" \/>\n<meta property=\"article:modified_time\" content=\"2026-03-19T13:46:22+00:00\" \/>\n<meta property=\"og:image\" content=\"https:\/\/xstyle.md\/wp-content\/uploads\/2021\/11\/smartwool-nts-mid-250-boot-top-bottom-wmn-black.jpg\" \/>\n\t<meta property=\"og:image:width\" content=\"700\" \/>\n\t<meta property=\"og:image:height\" content=\"480\" \/>\n\t<meta property=\"og:image:type\" content=\"image\/jpeg\" \/>\n<meta name=\"twitter:card\" content=\"summary_large_image\" \/>\n<meta name=\"twitter:label1\" content=\"Pre\u021b\" \/>\n\t<meta name=\"twitter:data1\" content=\"2.350&nbsp;MDL\" \/>\n\t<meta name=\"twitter:label2\" content=\"Disponibilitate\" \/>\n\t<meta name=\"twitter:data2\" content=\"\u00cen stoc\" \/>\n<script type=\"application\/ld+json\" class=\"yoast-schema-graph\">{\"@context\":\"https:\/\/schema.org\",\"@graph\":[{\"@type\":\"WebPage\",\"@id\":\"https:\/\/xstyle.md\/product\/termoshtany-smartwool-nts-mid-250-boot-top-bottom-wmn-black\/\",\"url\":\"https:\/\/xstyle.md\/product\/termoshtany-smartwool-nts-mid-250-boot-top-bottom-wmn-black\/\",\"name\":\"\u0422\u0435\u0440\u043c\u043e\u0448\u0442\u0430\u043d\u044b Smartwool NTS Mid 250 Boot Top Bottom Wmn black - \u041c\u0430\u0433\u0430\u0437\u0438\u043d Xstyle\",\"isPartOf\":{\"@id\":\"https:\/\/xstyle.md\/#website\"},\"primaryImageOfPage\":{\"@id\":\"https:\/\/xstyle.md\/product\/termoshtany-smartwool-nts-mid-250-boot-top-bottom-wmn-black\/#primaryimage\"},\"image\":{\"@id\":\"https:\/\/xstyle.md\/product\/termoshtany-smartwool-nts-mid-250-boot-top-bottom-wmn-black\/#primaryimage\"},\"thumbnailUrl\":\"https:\/\/xstyle.md\/wp-content\/uploads\/2021\/11\/smartwool-nts-mid-250-boot-top-bottom-wmn-black.jpg\",\"datePublished\":\"2021-11-10T08:29:20+00:00\",\"dateModified\":\"2026-03-19T13:46:22+00:00\",\"description\":\"\u0422\u0435\u0440\u043c\u043e\u0448\u0442\u0430\u043d\u044b Smartwool NTS Mid 250 Boot Top Bottom Wmn black \u0438\u0437 \u043c\u0435\u0440\u0438\u043d\u043e\u0441\u043e\u0432\u043e\u0439 \u0448\u0435\u0440\u0441\u0442\u0438 \u043e\u0431\u0435\u0441\u043f\u0435\u0447\u0438\u0432\u0430\u044e\u0442 \u0442\u0435\u043f\u043b\u043e \u0438 \u0432\u043b\u0430\u0433\u043e\u0432\u044b\u0432\u043e\u0434\u044f\u0449\u0438\u0435 \u0441\u0432\u043e\u0439\u0441\u0442\u0432\u0430. \u0418\u0434\u0435\u0430\u043b\u044c\u043d\u044b\u0439 \u0432\u044b\u0431\u043e\u0440 \u0434\u043b\u044f \u0445\u043e\u043b\u043e\u0434\u043d\u043e\u0439 \u043f\u043e\u0433\u043e\u0434\u044b!\",\"breadcrumb\":{\"@id\":\"https:\/\/xstyle.md\/product\/termoshtany-smartwool-nts-mid-250-boot-top-bottom-wmn-black\/#breadcrumb\"},\"inLanguage\":\"ro-RO\",\"potentialAction\":[{\"@type\":\"ReadAction\",\"target\":[\"https:\/\/xstyle.md\/product\/termoshtany-smartwool-nts-mid-250-boot-top-bottom-wmn-black\/\"]}]},{\"@type\":\"ImageObject\",\"inLanguage\":\"ro-RO\",\"@id\":\"https:\/\/xstyle.md\/product\/termoshtany-smartwool-nts-mid-250-boot-top-bottom-wmn-black\/#primaryimage\",\"url\":\"https:\/\/xstyle.md\/wp-content\/uploads\/2021\/11\/smartwool-nts-mid-250-boot-top-bottom-wmn-black.jpg\",\"contentUrl\":\"https:\/\/xstyle.md\/wp-content\/uploads\/2021\/11\/smartwool-nts-mid-250-boot-top-bottom-wmn-black.jpg\",\"width\":700,\"height\":480,\"caption\":\"\u0422\u0435\u0440\u043c\u043e\u0448\u0442\u0430\u043d\u044b Smartwool NTS Mid 250 \u0434\u043b\u044f \u0436\u0435\u043d\u0449\u0438\u043d \u0447\u0435\u0440\u043d\u044b\u0435 \u0434\u043b\u044f \u0430\u043a\u0442\u0438\u0432\u043d\u043e\u0433\u043e \u043e\u0442\u0434\u044b\u0445\u0430 \u043f\u043e\u0445\u043e\u0434\u043e\u0432 \u0430\u043b\u044c\u043f\u0438\u043d\u0438\u0437\u043c\u0430 \u043f\u0443\u0442\u0435\u0448\u0435\u0441\u0442\u0432\u0438\u0439 \u0438 \u0441\u043f\u043e\u0440\u0442\u0438\u0432\u043d\u043e\u0439 \u043e\u0434\u0435\u0436\u0434\u044b \u0432 \u0438\u043d\u0442\u0435\u0440\u043d\u0435\u0442-\u043c\u0430\u0433\u0430\u0437\u0438\u043d\u0435\"},{\"@type\":\"BreadcrumbList\",\"@id\":\"https:\/\/xstyle.md\/product\/termoshtany-smartwool-nts-mid-250-boot-top-bottom-wmn-black\/#breadcrumb\",\"itemListElement\":[{\"@type\":\"ListItem\",\"position\":1,\"name\":\"\u0413\u043b\u0430\u0432\u043d\u0430\u044f \u0441\u0442\u0440\u0430\u043d\u0438\u0446\u0430\",\"item\":\"https:\/\/xstyle.md\/\"},{\"@type\":\"ListItem\",\"position\":2,\"name\":\"\u041c\u0430\u0433\u0430\u0437\u0438\u043d\",\"item\":\"https:\/\/xstyle.md\/shop\/\"},{\"@type\":\"ListItem\",\"position\":3,\"name\":\"\u0422\u0435\u0440\u043c\u043e\u0448\u0442\u0430\u043d\u044b Smartwool NTS Mid 250 Boot Top Bottom Wmn black\"}]},{\"@type\":\"WebSite\",\"@id\":\"https:\/\/xstyle.md\/#website\",\"url\":\"https:\/\/xstyle.md\/\",\"name\":\"\u041c\u0430\u0433\u0430\u0437\u0438\u043d Xstyle\",\"description\":\"C\u043d\u0430\u0440\u044f\u0436\u0435\u043d\u0438\u0435 \u0434\u043b\u044f \u0442\u0443\u0440\u0438\u0437\u043c\u0430 \u0438 \u044d\u043a\u0441\u0442\u0440\u0435\u043c\u0430\u043b\u044c\u043d\u044b\u0445 \u0432\u0438\u0434\u043e\u0432 \u0441\u043f\u043e\u0440\u0442\u0430 \u0432 \u041c\u043e\u043b\u0434\u043e\u0432\u0435.. \u0426\u0435\u043d\u044b, \u0444\u043e\u0442\u043e, \u0445\u0430\u0440\u0430\u043a\u0442\u0435\u0440\u0438\u0441\u0442\u0438\u043a\u0438 \u0432 \u041c\u043e\u043b\u0434\u043e\u0432\u0435.\",\"publisher\":{\"@id\":\"https:\/\/xstyle.md\/#organization\"},\"alternateName\":\"X-Style\",\"potentialAction\":[{\"@type\":\"SearchAction\",\"target\":{\"@type\":\"EntryPoint\",\"urlTemplate\":\"https:\/\/xstyle.md\/?s={search_term_string}\"},\"query-input\":{\"@type\":\"PropertyValueSpecification\",\"valueRequired\":true,\"valueName\":\"search_term_string\"}}],\"inLanguage\":\"ro-RO\"},{\"@type\":\"Organization\",\"@id\":\"https:\/\/xstyle.md\/#organization\",\"name\":\"\u041c\u0430\u0433\u0430\u0437\u0438\u043d Xstyle\",\"alternateName\":\"x-style\",\"url\":\"https:\/\/xstyle.md\/\",\"logo\":{\"@type\":\"ImageObject\",\"inLanguage\":\"ro-RO\",\"@id\":\"https:\/\/xstyle.md\/#\/schema\/logo\/image\/\",\"url\":\"https:\/\/xstyle.md\/wp-content\/uploads\/2020\/06\/logoicon.svg\",\"contentUrl\":\"https:\/\/xstyle.md\/wp-content\/uploads\/2020\/06\/logoicon.svg\",\"caption\":\"\u041c\u0430\u0433\u0430\u0437\u0438\u043d Xstyle\"},\"image\":{\"@id\":\"https:\/\/xstyle.md\/#\/schema\/logo\/image\/\"},\"sameAs\":[\"https:\/\/www.facebook.com\/xstylemd\",\"https:\/\/www.instagram.com\/xstyle_md\/\",\"https:\/\/t.me\/xstyle_outdoor\"],\"hasMerchantReturnPolicy\":{\"@type\":\"MerchantReturnPolicy\",\"merchantReturnLink\":\"https:\/\/xstyle.md\/ro\/conditions\/\"}}]}<\/script>\n<meta property=\"product:price:amount\" content=\"2350.00\" \/>\n<meta property=\"product:price:currency\" content=\"MDL\" \/>\n<meta property=\"og:availability\" content=\"instock\" \/>\n<meta property=\"product:availability\" content=\"instock\" \/>\n<meta property=\"product:retailer_item_id\" content=\"605284976074\" \/>\n<meta property=\"product:condition\" content=\"new\" \/>\n<!-- \/ Yoast SEO plugin. -->","yoast_head_json":{"title":"Pantaloni termici Smartwool NTS Mid 250 Boot Top Bottom Wmn black - Magazin Xstyle","description":"Pantalonii termici Smartwool NTS Mid 250 Boot Top Bottom Wmn black din l\u00e2n\u0103 merinos asigur\u0103 c\u0103ldur\u0103 \u0219i propriet\u0103\u021bi de evacuare a umidit\u0103\u021bii. O alegere ideal\u0103 pentru vreme rece!","robots":{"index":"index","follow":"follow","max-snippet":"max-snippet:-1","max-image-preview":"max-image-preview:large","max-video-preview":"max-video-preview:-1"},"canonical":"https:\/\/xstyle.md\/ro\/produs\/termoshtany-smartwool-nts-mid-250-boot-top-bottom-wmn-black\/","og_locale":"ro_RO","og_type":"article","og_title":"\u0422\u0435\u0440\u043c\u043e\u0448\u0442\u0430\u043d\u044b Smartwool NTS Mid 250 Boot Top Bottom Wmn black - \u041c\u0430\u0433\u0430\u0437\u0438\u043d Xstyle","og_description":"\u0422\u0435\u0440\u043c\u043e\u0448\u0442\u0430\u043d\u044b Smartwool NTS Mid 250 Boot Top Bottom Wmn black \u0438\u0437 \u043c\u0435\u0440\u0438\u043d\u043e\u0441\u043e\u0432\u043e\u0439 \u0448\u0435\u0440\u0441\u0442\u0438 \u043e\u0431\u0435\u0441\u043f\u0435\u0447\u0438\u0432\u0430\u044e\u0442 \u0442\u0435\u043f\u043b\u043e \u0438 \u0432\u043b\u0430\u0433\u043e\u0432\u044b\u0432\u043e\u0434\u044f\u0449\u0438\u0435 \u0441\u0432\u043e\u0439\u0441\u0442\u0432\u0430. \u0418\u0434\u0435\u0430\u043b\u044c\u043d\u044b\u0439 \u0432\u044b\u0431\u043e\u0440 \u0434\u043b\u044f \u0445\u043e\u043b\u043e\u0434\u043d\u043e\u0439 \u043f\u043e\u0433\u043e\u0434\u044b!","og_url":"https:\/\/xstyle.md\/ro\/produs\/termoshtany-smartwool-nts-mid-250-boot-top-bottom-wmn-black\/","og_site_name":"\u041c\u0430\u0433\u0430\u0437\u0438\u043d Xstyle","article_publisher":"https:\/\/www.facebook.com\/xstylemd","article_modified_time":"2026-03-19T13:46:22+00:00","og_image":[{"width":700,"height":480,"url":"https:\/\/xstyle.md\/wp-content\/uploads\/2021\/11\/smartwool-nts-mid-250-boot-top-bottom-wmn-black.jpg","type":"image\/jpeg"}],"twitter_card":"summary_large_image","twitter_misc":{"Pre\u021b":"2.350&nbsp;MDL","Disponibilitate":"\u00cen stoc"},"schema":{"@context":"https:\/\/schema.org","@graph":[{"@type":"WebPage","@id":"https:\/\/xstyle.md\/product\/termoshtany-smartwool-nts-mid-250-boot-top-bottom-wmn-black\/","url":"https:\/\/xstyle.md\/product\/termoshtany-smartwool-nts-mid-250-boot-top-bottom-wmn-black\/","name":"Pantaloni termici Smartwool NTS Mid 250 Boot Top Bottom Wmn black - Magazin Xstyle","isPartOf":{"@id":"https:\/\/xstyle.md\/#website"},"primaryImageOfPage":{"@id":"https:\/\/xstyle.md\/product\/termoshtany-smartwool-nts-mid-250-boot-top-bottom-wmn-black\/#primaryimage"},"image":{"@id":"https:\/\/xstyle.md\/product\/termoshtany-smartwool-nts-mid-250-boot-top-bottom-wmn-black\/#primaryimage"},"thumbnailUrl":"https:\/\/xstyle.md\/wp-content\/uploads\/2021\/11\/smartwool-nts-mid-250-boot-top-bottom-wmn-black.jpg","datePublished":"2021-11-10T08:29:20+00:00","dateModified":"2026-03-19T13:46:22+00:00","description":"Pantalonii termici Smartwool NTS Mid 250 Boot Top Bottom Wmn black din l\u00e2n\u0103 merinos asigur\u0103 c\u0103ldur\u0103 \u0219i propriet\u0103\u021bi de evacuare a umidit\u0103\u021bii. O alegere ideal\u0103 pentru vreme rece!","breadcrumb":{"@id":"https:\/\/xstyle.md\/product\/termoshtany-smartwool-nts-mid-250-boot-top-bottom-wmn-black\/#breadcrumb"},"inLanguage":"ro-RO","potentialAction":[{"@type":"ReadAction","target":["https:\/\/xstyle.md\/product\/termoshtany-smartwool-nts-mid-250-boot-top-bottom-wmn-black\/"]}]},{"@type":"ImageObject","inLanguage":"ro-RO","@id":"https:\/\/xstyle.md\/product\/termoshtany-smartwool-nts-mid-250-boot-top-bottom-wmn-black\/#primaryimage","url":"https:\/\/xstyle.md\/wp-content\/uploads\/2021\/11\/smartwool-nts-mid-250-boot-top-bottom-wmn-black.jpg","contentUrl":"https:\/\/xstyle.md\/wp-content\/uploads\/2021\/11\/smartwool-nts-mid-250-boot-top-bottom-wmn-black.jpg","width":700,"height":480,"caption":"\u0422\u0435\u0440\u043c\u043e\u0448\u0442\u0430\u043d\u044b Smartwool NTS Mid 250 \u0434\u043b\u044f \u0436\u0435\u043d\u0449\u0438\u043d \u0447\u0435\u0440\u043d\u044b\u0435 \u0434\u043b\u044f \u0430\u043a\u0442\u0438\u0432\u043d\u043e\u0433\u043e \u043e\u0442\u0434\u044b\u0445\u0430 \u043f\u043e\u0445\u043e\u0434\u043e\u0432 \u0430\u043b\u044c\u043f\u0438\u043d\u0438\u0437\u043c\u0430 \u043f\u0443\u0442\u0435\u0448\u0435\u0441\u0442\u0432\u0438\u0439 \u0438 \u0441\u043f\u043e\u0440\u0442\u0438\u0432\u043d\u043e\u0439 \u043e\u0434\u0435\u0436\u0434\u044b \u0432 \u0438\u043d\u0442\u0435\u0440\u043d\u0435\u0442-\u043c\u0430\u0433\u0430\u0437\u0438\u043d\u0435"},{"@type":"BreadcrumbList","@id":"https:\/\/xstyle.md\/product\/termoshtany-smartwool-nts-mid-250-boot-top-bottom-wmn-black\/#breadcrumb","itemListElement":[{"@type":"ListItem","position":1,"name":"\u0413\u043b\u0430\u0432\u043d\u0430\u044f \u0441\u0442\u0440\u0430\u043d\u0438\u0446\u0430","item":"https:\/\/xstyle.md\/"},{"@type":"ListItem","position":2,"name":"\u041c\u0430\u0433\u0430\u0437\u0438\u043d","item":"https:\/\/xstyle.md\/shop\/"},{"@type":"ListItem","position":3,"name":"\u0422\u0435\u0440\u043c\u043e\u0448\u0442\u0430\u043d\u044b Smartwool NTS Mid 250 Boot Top Bottom Wmn black"}]},{"@type":"WebSite","@id":"https:\/\/xstyle.md\/#website","url":"https:\/\/xstyle.md\/","name":"Magazinul X-Style","description":"Echipamente pentru turism \u0219i sporturi extreme \u00een Moldova. Pre\u021buri, fotografii, caracteristici \u00een Moldova.","publisher":{"@id":"https:\/\/xstyle.md\/#organization"},"alternateName":"X-Style","potentialAction":[{"@type":"SearchAction","target":{"@type":"EntryPoint","urlTemplate":"https:\/\/xstyle.md\/?s={search_term_string}"},"query-input":{"@type":"PropertyValueSpecification","valueRequired":true,"valueName":"search_term_string"}}],"inLanguage":"ro-RO"},{"@type":"Organization","@id":"https:\/\/xstyle.md\/#organization","name":"Magazinul X-Style","alternateName":"x-style","url":"https:\/\/xstyle.md\/","logo":{"@type":"ImageObject","inLanguage":"ro-RO","@id":"https:\/\/xstyle.md\/#\/schema\/logo\/image\/","url":"https:\/\/xstyle.md\/wp-content\/uploads\/2020\/06\/logoicon.svg","contentUrl":"https:\/\/xstyle.md\/wp-content\/uploads\/2020\/06\/logoicon.svg","caption":"\u041c\u0430\u0433\u0430\u0437\u0438\u043d Xstyle"},"image":{"@id":"https:\/\/xstyle.md\/#\/schema\/logo\/image\/"},"sameAs":["https:\/\/www.facebook.com\/xstylemd","https:\/\/www.instagram.com\/xstyle_md\/","https:\/\/t.me\/xstyle_outdoor"],"hasMerchantReturnPolicy":{"@type":"MerchantReturnPolicy","merchantReturnLink":"https:\/\/xstyle.md\/ro\/conditions\/"}}]},"product_price_amount":"2350.00","product_price_currency":"MDL","og_availability":"instock","product_availability":"instock","product_retailer_item_id":"605284976074","product_condition":"new"},"post_mailing_queue_ids":[],"_links":{"self":[{"href":"https:\/\/xstyle.md\/ro\/wp-json\/wp\/v2\/product\/41320","targetHints":{"allow":["GET"]}}],"collection":[{"href":"https:\/\/xstyle.md\/ro\/wp-json\/wp\/v2\/product"}],"about":[{"href":"https:\/\/xstyle.md\/ro\/wp-json\/wp\/v2\/types\/product"}],"replies":[{"embeddable":true,"href":"https:\/\/xstyle.md\/ro\/wp-json\/wp\/v2\/comments?post=41320"}],"wp:featuredmedia":[{"embeddable":true,"href":"https:\/\/xstyle.md\/ro\/wp-json\/wp\/v2\/media\/43498"}],"wp:attachment":[{"href":"https:\/\/xstyle.md\/ro\/wp-json\/wp\/v2\/media?parent=41320"}],"wp:term":[{"taxonomy":"product_brand","embeddable":true,"href":"https:\/\/xstyle.md\/ro\/wp-json\/wp\/v2\/product_brand?post=41320"},{"taxonomy":"product_cat","embeddable":true,"href":"https:\/\/xstyle.md\/ro\/wp-json\/wp\/v2\/product_cat?post=41320"},{"taxonomy":"product_tag","embeddable":true,"href":"https:\/\/xstyle.md\/ro\/wp-json\/wp\/v2\/product_tag?post=41320"}],"curies":[{"name":"wp","href":"https:\/\/api.w.org\/{rel}","templated":true}]}}