{"id":41313,"date":"2021-11-10T11:29:18","date_gmt":"2021-11-10T08:29:18","guid":{"rendered":"https:\/\/xstyle.md\/?post_type=product&#038;p=41313"},"modified":"2024-10-21T09:42:10","modified_gmt":"2024-10-21T06:42:10","slug":"ruchka-dlya-kryshki-petromax-professional-lid-lifter","status":"publish","type":"product","link":"https:\/\/xstyle.md\/ro\/produs\/ruchka-dlya-kryshki-petromax-professional-lid-lifter\/","title":{"rendered":"M\u00e2ner pentru capac Petromax Professional Lid Lifter"},"content":{"rendered":"<\/p>\n<p><strong>Petromax Professional Lid Lifter<\/strong> &#8212; un instrument la \u00eendem\u00e2n\u0103 \u0219i versatil care poate fi folosit pentru a ridica \u0219i \u00eenchide cu u\u0219urin\u021b\u0103 capacele fierbin\u021bi ale cuptoarelor olandeze, ale formelor de copt \u0219i ale cazanelor de font\u0103.<\/p>\n<p>Datorit\u0103 celor dou\u0103 m\u00e2nere din lemn, dispozitivul de ridicare a capacului profesional se afl\u0103 confortabil \u00een m\u00e2n\u0103, astfel \u00eenc\u00e2t capacul din font\u0103 poate fi ridicat \u0219i \u00eenchis f\u0103r\u0103 probleme. Iar lungimea de 35,56 cm asigur\u0103 o distan\u021b\u0103 optim\u0103 \u00eentre capacul fierbinte \u0219i foc. \u00cen plus, acest accesoriu practic ofer\u0103 o prindere sigur\u0103 \u0219i confortabil\u0103 datorit\u0103 mecanismului inteligent de prindere.<\/p>\n<p>Picioarele robuste \u0219i stabile vor oferi protec\u021bie \u0219i sprijin suplimentar atunci c\u00e2nd ridica\u021bi capace grele din font\u0103.<\/p>\n<h3>Caracteristici<\/h3>\n<ul>\n<li>Material &#8212; o\u021bel, lemn.<\/li>\n<\/ul>\n<h3>Marca<\/h3>\n<p>Petromax &#8212; principalul produc\u0103tor german de echipamente de g\u0103tit \u0219i de locuit \u00een aer liber, iar gama sa de produse coordonate combin\u0103 tradi\u021bia \u0219i inova\u021bia \u00eentr-un mod unic. Toate produsele Petromax sunt de cea mai bun\u0103 calitate, durabile, bine g\u00e2ndite \u00een detaliu \u0219i concepute pentru to\u021bi cei care doresc s\u0103 compenseze rutina lor \u00een aer liber \u0219i, prin urmare, s\u0103 campeze \u00een aer liber. Lumea produselor Petromax se concentreaz\u0103 pe explorarea naturii nealterate folosind echipamente tradi\u021bionale, dar bine concepute.<\/p>\n<p><\/p>","protected":false},"excerpt":{"rendered":"","protected":false},"featured_media":42603,"comment_status":"open","ping_status":"closed","template":"","meta":{"_acf_changed":false,"inline_featured_image":false},"product_brand":[1420],"product_cat":[911],"product_tag":[],"class_list":{"0":"post-41313","1":"product","2":"type-product","3":"status-publish","4":"has-post-thumbnail","6":"product_brand-petromax","7":"product_cat-accesorii-dutch-oven","9":"first","10":"instock","11":"shipping-taxable","12":"purchasable","13":"product-type-simple"},"acf":[],"yoast_head":"<!-- This site is optimized with the Yoast SEO plugin v27.2 - https:\/\/yoast.com\/product\/yoast-seo-wordpress\/ -->\n<title>\u0420\u0443\u0447\u043a\u0430 \u0434\u043b\u044f \u043a\u0440\u044b\u0448\u043a\u0438 Petromax Professional Lid Lifter - \u041c\u0430\u0433\u0430\u0437\u0438\u043d Xstyle<\/title>\n<meta name=\"description\" content=\"\u0420\u0443\u0447\u043a\u0430 \u0434\u043b\u044f \u043a\u0440\u044b\u0448\u043a\u0438 Petromax Professional - \u0443\u0434\u043e\u0431\u043d\u044b\u0439 \u0438\u043d\u0441\u0442\u0440\u0443\u043c\u0435\u043d\u0442 \u0434\u043b\u044f \u0431\u0435\u0437\u043e\u043f\u0430\u0441\u043d\u043e\u0433\u043e \u043f\u043e\u0434\u044a\u0435\u043c\u0430 \u0433\u043e\u0440\u044f\u0447\u0438\u0445 \u043a\u0440\u044b\u0448\u0435\u043a \u0447\u0443\u0433\u0443\u043d\u043d\u044b\u0445 \u043a\u0430\u0441\u0442\u0440\u044e\u043b\u044c \u0438 \u0434\u0443\u0445\u043e\u0432\u043e\u043a. \u041a\u043e\u043c\u0444\u043e\u0440\u0442\u043d\u043e\u0435 \u0438\u0441\u043f\u043e\u043b\u044c\u0437\u043e\u0432\u0430\u043d\u0438\u0435 \u0433\u0430\u0440\u0430\u043d\u0442\u0438\u0440\u043e\u0432\u0430\u043d\u043e!\" \/>\n<meta name=\"robots\" content=\"index, follow, max-snippet:-1, max-image-preview:large, max-video-preview:-1\" \/>\n<link rel=\"canonical\" href=\"https:\/\/xstyle.md\/ro\/produs\/ruchka-dlya-kryshki-petromax-professional-lid-lifter\/\" \/>\n<meta property=\"og:locale\" content=\"ro_RO\" \/>\n<meta property=\"og:type\" content=\"article\" \/>\n<meta property=\"og:title\" content=\"\u0420\u0443\u0447\u043a\u0430 \u0434\u043b\u044f \u043a\u0440\u044b\u0448\u043a\u0438 Petromax Professional Lid Lifter - \u041c\u0430\u0433\u0430\u0437\u0438\u043d Xstyle\" \/>\n<meta property=\"og:description\" content=\"\u0420\u0443\u0447\u043a\u0430 \u0434\u043b\u044f \u043a\u0440\u044b\u0448\u043a\u0438 Petromax Professional - \u0443\u0434\u043e\u0431\u043d\u044b\u0439 \u0438\u043d\u0441\u0442\u0440\u0443\u043c\u0435\u043d\u0442 \u0434\u043b\u044f \u0431\u0435\u0437\u043e\u043f\u0430\u0441\u043d\u043e\u0433\u043e \u043f\u043e\u0434\u044a\u0435\u043c\u0430 \u0433\u043e\u0440\u044f\u0447\u0438\u0445 \u043a\u0440\u044b\u0448\u0435\u043a \u0447\u0443\u0433\u0443\u043d\u043d\u044b\u0445 \u043a\u0430\u0441\u0442\u0440\u044e\u043b\u044c \u0438 \u0434\u0443\u0445\u043e\u0432\u043e\u043a. \u041a\u043e\u043c\u0444\u043e\u0440\u0442\u043d\u043e\u0435 \u0438\u0441\u043f\u043e\u043b\u044c\u0437\u043e\u0432\u0430\u043d\u0438\u0435 \u0433\u0430\u0440\u0430\u043d\u0442\u0438\u0440\u043e\u0432\u0430\u043d\u043e!\" \/>\n<meta property=\"og:url\" content=\"https:\/\/xstyle.md\/ro\/produs\/ruchka-dlya-kryshki-petromax-professional-lid-lifter\/\" \/>\n<meta property=\"og:site_name\" content=\"\u041c\u0430\u0433\u0430\u0437\u0438\u043d Xstyle\" \/>\n<meta property=\"article:publisher\" content=\"https:\/\/www.facebook.com\/xstylemd\" \/>\n<meta property=\"article:modified_time\" content=\"2024-10-21T06:42:10+00:00\" \/>\n<meta property=\"og:image\" content=\"https:\/\/xstyle.md\/wp-content\/uploads\/2021\/11\/Petromax-Professional-Lid-Lifter.jpg\" \/>\n\t<meta property=\"og:image:width\" content=\"1280\" \/>\n\t<meta property=\"og:image:height\" content=\"1600\" \/>\n\t<meta property=\"og:image:type\" content=\"image\/jpeg\" \/>\n<meta name=\"twitter:card\" content=\"summary_large_image\" \/>\n<meta name=\"twitter:label1\" content=\"Pre\u021b\" \/>\n\t<meta name=\"twitter:data1\" content=\"660&nbsp;MDL\" \/>\n\t<meta name=\"twitter:label2\" content=\"Disponibilitate\" \/>\n\t<meta name=\"twitter:data2\" content=\"\u00cen stoc\" \/>\n<script type=\"application\/ld+json\" class=\"yoast-schema-graph\">{\"@context\":\"https:\/\/schema.org\",\"@graph\":[{\"@type\":\"WebPage\",\"@id\":\"https:\/\/xstyle.md\/product\/ruchka-dlya-kryshki-petromax-professional-lid-lifter\/\",\"url\":\"https:\/\/xstyle.md\/product\/ruchka-dlya-kryshki-petromax-professional-lid-lifter\/\",\"name\":\"\u0420\u0443\u0447\u043a\u0430 \u0434\u043b\u044f \u043a\u0440\u044b\u0448\u043a\u0438 Petromax Professional Lid Lifter - \u041c\u0430\u0433\u0430\u0437\u0438\u043d Xstyle\",\"isPartOf\":{\"@id\":\"https:\/\/xstyle.md\/#website\"},\"primaryImageOfPage\":{\"@id\":\"https:\/\/xstyle.md\/product\/ruchka-dlya-kryshki-petromax-professional-lid-lifter\/#primaryimage\"},\"image\":{\"@id\":\"https:\/\/xstyle.md\/product\/ruchka-dlya-kryshki-petromax-professional-lid-lifter\/#primaryimage\"},\"thumbnailUrl\":\"https:\/\/xstyle.md\/wp-content\/uploads\/2021\/11\/Petromax-Professional-Lid-Lifter.jpg\",\"datePublished\":\"2021-11-10T08:29:18+00:00\",\"dateModified\":\"2024-10-21T06:42:10+00:00\",\"description\":\"\u0420\u0443\u0447\u043a\u0430 \u0434\u043b\u044f \u043a\u0440\u044b\u0448\u043a\u0438 Petromax Professional - \u0443\u0434\u043e\u0431\u043d\u044b\u0439 \u0438\u043d\u0441\u0442\u0440\u0443\u043c\u0435\u043d\u0442 \u0434\u043b\u044f \u0431\u0435\u0437\u043e\u043f\u0430\u0441\u043d\u043e\u0433\u043e \u043f\u043e\u0434\u044a\u0435\u043c\u0430 \u0433\u043e\u0440\u044f\u0447\u0438\u0445 \u043a\u0440\u044b\u0448\u0435\u043a \u0447\u0443\u0433\u0443\u043d\u043d\u044b\u0445 \u043a\u0430\u0441\u0442\u0440\u044e\u043b\u044c \u0438 \u0434\u0443\u0445\u043e\u0432\u043e\u043a. \u041a\u043e\u043c\u0444\u043e\u0440\u0442\u043d\u043e\u0435 \u0438\u0441\u043f\u043e\u043b\u044c\u0437\u043e\u0432\u0430\u043d\u0438\u0435 \u0433\u0430\u0440\u0430\u043d\u0442\u0438\u0440\u043e\u0432\u0430\u043d\u043e!\",\"breadcrumb\":{\"@id\":\"https:\/\/xstyle.md\/product\/ruchka-dlya-kryshki-petromax-professional-lid-lifter\/#breadcrumb\"},\"inLanguage\":\"ro-RO\",\"potentialAction\":[{\"@type\":\"ReadAction\",\"target\":[\"https:\/\/xstyle.md\/product\/ruchka-dlya-kryshki-petromax-professional-lid-lifter\/\"]}]},{\"@type\":\"ImageObject\",\"inLanguage\":\"ro-RO\",\"@id\":\"https:\/\/xstyle.md\/product\/ruchka-dlya-kryshki-petromax-professional-lid-lifter\/#primaryimage\",\"url\":\"https:\/\/xstyle.md\/wp-content\/uploads\/2021\/11\/Petromax-Professional-Lid-Lifter.jpg\",\"contentUrl\":\"https:\/\/xstyle.md\/wp-content\/uploads\/2021\/11\/Petromax-Professional-Lid-Lifter.jpg\",\"width\":1280,\"height\":1600,\"caption\":\"\u0420\u0443\u0447\u043a\u0430 \u0434\u043b\u044f \u043a\u0440\u044b\u0448\u043a\u0438 Petromax Professional Lid Lifter \u0434\u043b\u044f \u0430\u043a\u0442\u0438\u0432\u043d\u043e\u0439 \u0436\u0438\u0437\u043d\u0438, \u043f\u043e\u0445\u043e\u0434\u043e\u0432, \u043f\u0435\u0448\u0435\u0433\u043e \u0442\u0443\u0440\u0438\u0437\u043c\u0430 \u0438 \u043f\u0443\u0442\u0435\u0448\u0435\u0441\u0442\u0432\u0438\u0439 \u0432 \u0438\u043d\u0442\u0435\u0440\u043d\u0435\u0442-\u043c\u0430\u0433\u0430\u0437\u0438\u043d\u0435 \u0441\u043f\u043e\u0440\u0442\u0438\u0432\u043d\u043e\u0439 \u043e\u0434\u0435\u0436\u0434\u044b \u0438 \u043e\u0431\u0443\u0432\u0438\"},{\"@type\":\"BreadcrumbList\",\"@id\":\"https:\/\/xstyle.md\/product\/ruchka-dlya-kryshki-petromax-professional-lid-lifter\/#breadcrumb\",\"itemListElement\":[{\"@type\":\"ListItem\",\"position\":1,\"name\":\"\u0413\u043b\u0430\u0432\u043d\u0430\u044f \u0441\u0442\u0440\u0430\u043d\u0438\u0446\u0430\",\"item\":\"https:\/\/xstyle.md\/\"},{\"@type\":\"ListItem\",\"position\":2,\"name\":\"\u041c\u0430\u0433\u0430\u0437\u0438\u043d\",\"item\":\"https:\/\/xstyle.md\/shop\/\"},{\"@type\":\"ListItem\",\"position\":3,\"name\":\"\u0420\u0443\u0447\u043a\u0430 \u0434\u043b\u044f \u043a\u0440\u044b\u0448\u043a\u0438 Petromax Professional Lid Lifter\"}]},{\"@type\":\"WebSite\",\"@id\":\"https:\/\/xstyle.md\/#website\",\"url\":\"https:\/\/xstyle.md\/\",\"name\":\"\u041c\u0430\u0433\u0430\u0437\u0438\u043d Xstyle\",\"description\":\"C\u043d\u0430\u0440\u044f\u0436\u0435\u043d\u0438\u0435 \u0434\u043b\u044f \u0442\u0443\u0440\u0438\u0437\u043c\u0430 \u0438 \u044d\u043a\u0441\u0442\u0440\u0435\u043c\u0430\u043b\u044c\u043d\u044b\u0445 \u0432\u0438\u0434\u043e\u0432 \u0441\u043f\u043e\u0440\u0442\u0430 \u0432 \u041c\u043e\u043b\u0434\u043e\u0432\u0435.. \u0426\u0435\u043d\u044b, \u0444\u043e\u0442\u043e, \u0445\u0430\u0440\u0430\u043a\u0442\u0435\u0440\u0438\u0441\u0442\u0438\u043a\u0438 \u0432 \u041c\u043e\u043b\u0434\u043e\u0432\u0435.\",\"publisher\":{\"@id\":\"https:\/\/xstyle.md\/#organization\"},\"alternateName\":\"X-Style\",\"potentialAction\":[{\"@type\":\"SearchAction\",\"target\":{\"@type\":\"EntryPoint\",\"urlTemplate\":\"https:\/\/xstyle.md\/?s={search_term_string}\"},\"query-input\":{\"@type\":\"PropertyValueSpecification\",\"valueRequired\":true,\"valueName\":\"search_term_string\"}}],\"inLanguage\":\"ro-RO\"},{\"@type\":\"Organization\",\"@id\":\"https:\/\/xstyle.md\/#organization\",\"name\":\"\u041c\u0430\u0433\u0430\u0437\u0438\u043d Xstyle\",\"alternateName\":\"x-style\",\"url\":\"https:\/\/xstyle.md\/\",\"logo\":{\"@type\":\"ImageObject\",\"inLanguage\":\"ro-RO\",\"@id\":\"https:\/\/xstyle.md\/#\/schema\/logo\/image\/\",\"url\":\"https:\/\/xstyle.md\/wp-content\/uploads\/2020\/06\/logoicon.svg\",\"contentUrl\":\"https:\/\/xstyle.md\/wp-content\/uploads\/2020\/06\/logoicon.svg\",\"caption\":\"\u041c\u0430\u0433\u0430\u0437\u0438\u043d Xstyle\"},\"image\":{\"@id\":\"https:\/\/xstyle.md\/#\/schema\/logo\/image\/\"},\"sameAs\":[\"https:\/\/www.facebook.com\/xstylemd\",\"https:\/\/www.instagram.com\/xstyle_md\/\",\"https:\/\/t.me\/xstyle_outdoor\"],\"hasMerchantReturnPolicy\":{\"@type\":\"MerchantReturnPolicy\",\"merchantReturnLink\":\"https:\/\/xstyle.md\/ro\/conditions\/\"}}]}<\/script>\n<meta property=\"product:price:amount\" content=\"660.00\" \/>\n<meta property=\"product:price:currency\" content=\"MDL\" \/>\n<meta property=\"og:availability\" content=\"instock\" \/>\n<meta property=\"product:availability\" content=\"instock\" \/>\n<meta property=\"product:retailer_item_id\" content=\"4250435730522\" \/>\n<meta property=\"product:condition\" content=\"new\" \/>\n<!-- \/ Yoast SEO plugin. -->","yoast_head_json":{"title":"M\u00e2ner pentru capac Petromax Professional Lid Lifter - Magazin Xstyle","description":"M\u00e2ner pentru capac Petromax Professional - un instrument convenabil pentru ridicarea \u00een siguran\u021b\u0103 a capacelor fierbin\u021bi de oale \u0219i cuptoare din font\u0103. Utilizarea confortabil\u0103 este garantat\u0103!","robots":{"index":"index","follow":"follow","max-snippet":"max-snippet:-1","max-image-preview":"max-image-preview:large","max-video-preview":"max-video-preview:-1"},"canonical":"https:\/\/xstyle.md\/ro\/produs\/ruchka-dlya-kryshki-petromax-professional-lid-lifter\/","og_locale":"ro_RO","og_type":"article","og_title":"\u0420\u0443\u0447\u043a\u0430 \u0434\u043b\u044f \u043a\u0440\u044b\u0448\u043a\u0438 Petromax Professional Lid Lifter - \u041c\u0430\u0433\u0430\u0437\u0438\u043d Xstyle","og_description":"\u0420\u0443\u0447\u043a\u0430 \u0434\u043b\u044f \u043a\u0440\u044b\u0448\u043a\u0438 Petromax Professional - \u0443\u0434\u043e\u0431\u043d\u044b\u0439 \u0438\u043d\u0441\u0442\u0440\u0443\u043c\u0435\u043d\u0442 \u0434\u043b\u044f \u0431\u0435\u0437\u043e\u043f\u0430\u0441\u043d\u043e\u0433\u043e \u043f\u043e\u0434\u044a\u0435\u043c\u0430 \u0433\u043e\u0440\u044f\u0447\u0438\u0445 \u043a\u0440\u044b\u0448\u0435\u043a \u0447\u0443\u0433\u0443\u043d\u043d\u044b\u0445 \u043a\u0430\u0441\u0442\u0440\u044e\u043b\u044c \u0438 \u0434\u0443\u0445\u043e\u0432\u043e\u043a. \u041a\u043e\u043c\u0444\u043e\u0440\u0442\u043d\u043e\u0435 \u0438\u0441\u043f\u043e\u043b\u044c\u0437\u043e\u0432\u0430\u043d\u0438\u0435 \u0433\u0430\u0440\u0430\u043d\u0442\u0438\u0440\u043e\u0432\u0430\u043d\u043e!","og_url":"https:\/\/xstyle.md\/ro\/produs\/ruchka-dlya-kryshki-petromax-professional-lid-lifter\/","og_site_name":"\u041c\u0430\u0433\u0430\u0437\u0438\u043d Xstyle","article_publisher":"https:\/\/www.facebook.com\/xstylemd","article_modified_time":"2024-10-21T06:42:10+00:00","og_image":[{"width":1280,"height":1600,"url":"https:\/\/xstyle.md\/wp-content\/uploads\/2021\/11\/Petromax-Professional-Lid-Lifter.jpg","type":"image\/jpeg"}],"twitter_card":"summary_large_image","twitter_misc":{"Pre\u021b":"660&nbsp;MDL","Disponibilitate":"\u00cen stoc"},"schema":{"@context":"https:\/\/schema.org","@graph":[{"@type":"WebPage","@id":"https:\/\/xstyle.md\/product\/ruchka-dlya-kryshki-petromax-professional-lid-lifter\/","url":"https:\/\/xstyle.md\/product\/ruchka-dlya-kryshki-petromax-professional-lid-lifter\/","name":"M\u00e2ner pentru capac Petromax Professional Lid Lifter - Magazin Xstyle","isPartOf":{"@id":"https:\/\/xstyle.md\/#website"},"primaryImageOfPage":{"@id":"https:\/\/xstyle.md\/product\/ruchka-dlya-kryshki-petromax-professional-lid-lifter\/#primaryimage"},"image":{"@id":"https:\/\/xstyle.md\/product\/ruchka-dlya-kryshki-petromax-professional-lid-lifter\/#primaryimage"},"thumbnailUrl":"https:\/\/xstyle.md\/wp-content\/uploads\/2021\/11\/Petromax-Professional-Lid-Lifter.jpg","datePublished":"2021-11-10T08:29:18+00:00","dateModified":"2024-10-21T06:42:10+00:00","description":"M\u00e2ner pentru capac Petromax Professional - un instrument convenabil pentru ridicarea \u00een siguran\u021b\u0103 a capacelor fierbin\u021bi de oale \u0219i cuptoare din font\u0103. Utilizarea confortabil\u0103 este garantat\u0103!","breadcrumb":{"@id":"https:\/\/xstyle.md\/product\/ruchka-dlya-kryshki-petromax-professional-lid-lifter\/#breadcrumb"},"inLanguage":"ro-RO","potentialAction":[{"@type":"ReadAction","target":["https:\/\/xstyle.md\/product\/ruchka-dlya-kryshki-petromax-professional-lid-lifter\/"]}]},{"@type":"ImageObject","inLanguage":"ro-RO","@id":"https:\/\/xstyle.md\/product\/ruchka-dlya-kryshki-petromax-professional-lid-lifter\/#primaryimage","url":"https:\/\/xstyle.md\/wp-content\/uploads\/2021\/11\/Petromax-Professional-Lid-Lifter.jpg","contentUrl":"https:\/\/xstyle.md\/wp-content\/uploads\/2021\/11\/Petromax-Professional-Lid-Lifter.jpg","width":1280,"height":1600,"caption":"\u0420\u0443\u0447\u043a\u0430 \u0434\u043b\u044f \u043a\u0440\u044b\u0448\u043a\u0438 Petromax Professional Lid Lifter \u0434\u043b\u044f \u0430\u043a\u0442\u0438\u0432\u043d\u043e\u0439 \u0436\u0438\u0437\u043d\u0438, \u043f\u043e\u0445\u043e\u0434\u043e\u0432, \u043f\u0435\u0448\u0435\u0433\u043e \u0442\u0443\u0440\u0438\u0437\u043c\u0430 \u0438 \u043f\u0443\u0442\u0435\u0448\u0435\u0441\u0442\u0432\u0438\u0439 \u0432 \u0438\u043d\u0442\u0435\u0440\u043d\u0435\u0442-\u043c\u0430\u0433\u0430\u0437\u0438\u043d\u0435 \u0441\u043f\u043e\u0440\u0442\u0438\u0432\u043d\u043e\u0439 \u043e\u0434\u0435\u0436\u0434\u044b \u0438 \u043e\u0431\u0443\u0432\u0438"},{"@type":"BreadcrumbList","@id":"https:\/\/xstyle.md\/product\/ruchka-dlya-kryshki-petromax-professional-lid-lifter\/#breadcrumb","itemListElement":[{"@type":"ListItem","position":1,"name":"\u0413\u043b\u0430\u0432\u043d\u0430\u044f \u0441\u0442\u0440\u0430\u043d\u0438\u0446\u0430","item":"https:\/\/xstyle.md\/"},{"@type":"ListItem","position":2,"name":"\u041c\u0430\u0433\u0430\u0437\u0438\u043d","item":"https:\/\/xstyle.md\/shop\/"},{"@type":"ListItem","position":3,"name":"\u0420\u0443\u0447\u043a\u0430 \u0434\u043b\u044f \u043a\u0440\u044b\u0448\u043a\u0438 Petromax Professional Lid Lifter"}]},{"@type":"WebSite","@id":"https:\/\/xstyle.md\/#website","url":"https:\/\/xstyle.md\/","name":"Magazinul X-Style","description":"Echipamente pentru turism \u0219i sporturi extreme \u00een Moldova. Pre\u021buri, fotografii, caracteristici \u00een Moldova.","publisher":{"@id":"https:\/\/xstyle.md\/#organization"},"alternateName":"X-Style","potentialAction":[{"@type":"SearchAction","target":{"@type":"EntryPoint","urlTemplate":"https:\/\/xstyle.md\/?s={search_term_string}"},"query-input":{"@type":"PropertyValueSpecification","valueRequired":true,"valueName":"search_term_string"}}],"inLanguage":"ro-RO"},{"@type":"Organization","@id":"https:\/\/xstyle.md\/#organization","name":"Magazinul X-Style","alternateName":"x-style","url":"https:\/\/xstyle.md\/","logo":{"@type":"ImageObject","inLanguage":"ro-RO","@id":"https:\/\/xstyle.md\/#\/schema\/logo\/image\/","url":"https:\/\/xstyle.md\/wp-content\/uploads\/2020\/06\/logoicon.svg","contentUrl":"https:\/\/xstyle.md\/wp-content\/uploads\/2020\/06\/logoicon.svg","caption":"\u041c\u0430\u0433\u0430\u0437\u0438\u043d Xstyle"},"image":{"@id":"https:\/\/xstyle.md\/#\/schema\/logo\/image\/"},"sameAs":["https:\/\/www.facebook.com\/xstylemd","https:\/\/www.instagram.com\/xstyle_md\/","https:\/\/t.me\/xstyle_outdoor"],"hasMerchantReturnPolicy":{"@type":"MerchantReturnPolicy","merchantReturnLink":"https:\/\/xstyle.md\/ro\/conditions\/"}}]},"product_price_amount":"660.00","product_price_currency":"MDL","og_availability":"instock","product_availability":"instock","product_retailer_item_id":"4250435730522","product_condition":"new"},"post_mailing_queue_ids":[],"_links":{"self":[{"href":"https:\/\/xstyle.md\/ro\/wp-json\/wp\/v2\/product\/41313","targetHints":{"allow":["GET"]}}],"collection":[{"href":"https:\/\/xstyle.md\/ro\/wp-json\/wp\/v2\/product"}],"about":[{"href":"https:\/\/xstyle.md\/ro\/wp-json\/wp\/v2\/types\/product"}],"replies":[{"embeddable":true,"href":"https:\/\/xstyle.md\/ro\/wp-json\/wp\/v2\/comments?post=41313"}],"wp:featuredmedia":[{"embeddable":true,"href":"https:\/\/xstyle.md\/ro\/wp-json\/wp\/v2\/media\/42603"}],"wp:attachment":[{"href":"https:\/\/xstyle.md\/ro\/wp-json\/wp\/v2\/media?parent=41313"}],"wp:term":[{"taxonomy":"product_brand","embeddable":true,"href":"https:\/\/xstyle.md\/ro\/wp-json\/wp\/v2\/product_brand?post=41313"},{"taxonomy":"product_cat","embeddable":true,"href":"https:\/\/xstyle.md\/ro\/wp-json\/wp\/v2\/product_cat?post=41313"},{"taxonomy":"product_tag","embeddable":true,"href":"https:\/\/xstyle.md\/ro\/wp-json\/wp\/v2\/product_tag?post=41313"}],"curies":[{"name":"wp","href":"https:\/\/api.w.org\/{rel}","templated":true}]}}