{"id":41312,"date":"2021-11-10T11:29:18","date_gmt":"2021-11-10T08:29:18","guid":{"rendered":"https:\/\/xstyle.md\/?post_type=product&#038;p=41312"},"modified":"2024-10-21T09:42:04","modified_gmt":"2024-10-21T06:42:04","slug":"pech-petromax-loki2-camping-stove-and-tent-oven","status":"publish","type":"product","link":"https:\/\/xstyle.md\/ro\/produs\/pech-petromax-loki2-camping-stove-and-tent-oven\/","title":{"rendered":"Cuptor Petromax Loki2 Camping Stove and Tent Oven"},"content":{"rendered":"<\/p>\n<p><strong>Petromax Loki2 Camping Stove and Tent Oven<\/strong> &#8212; cuptor pentru cort de camping este ideal pentru a g\u0103ti \u0219i \u00eenc\u0103lzi cortul \u00een timpul \u0219ederilor lungi.<\/p>\n<p>Datorit\u0103 designului s\u0103u inteligent, picioarele de sus\u021binere ale lui Loki2 pot fi pliate, iar piesele co\u0219ului de fum pot fi plasate compact \u00een interiorul carcasei. \u00cen acest fel, pute\u021bi transporta cu u\u0219urin\u021b\u0103 combina\u021bia de spa\u021biu de g\u0103tit \u0219i \u00eenc\u0103lzitor cu dvs. oriunde merge\u021bi.<\/p>\n<h3>Particularit\u0103\u021bi<\/h3>\n<ul>\n<li><strong>\u00cenc\u0103lzire corect\u0103<\/strong><br \/>\nDumneavoastr\u0103 decide\u021bi de c\u00e2t\u0103 c\u0103ldur\u0103 ave\u021bi nevoie datorit\u0103 reglajului continuu al cursorului de pe u\u0219\u0103, care v\u0103 ofer\u0103 control complet asupra focului. \u00cen plus, o fereastr\u0103 de sticl\u0103 v\u0103 permite s\u0103 privi\u021bi \u00een camera de ardere, astfel \u00eenc\u00e2t ve\u021bi observa imediat c\u00e2nd trebuie s\u0103 ad\u0103uga\u021bi combustibil. Tava pentru c\u0103rbuni protejeaz\u0103 podeaua cortului de c\u0103derea brazilor. Datorit\u0103 corpului s\u0103u semicircular, aragazul Petromax Loki2 radiaz\u0103 eficient c\u0103ldura arderii \u00een mediul \u00eenconjur\u0103tor. Astfel, v\u0103 ve\u021bi \u00eenc\u0103lzi rapid cortul.<\/li>\n<li><strong>Conceput pentru c\u0103l\u0103torii<\/strong><br \/>\nAragazul Petromax Loki2 impresioneaz\u0103 prin construc\u021bia sa inteligent\u0103: cu ajutorul unui sistem de conectori, picioarele de sus\u021binere articulate sunt fixate \u0219i promit o baz\u0103 stabil\u0103. Toate p\u0103r\u021bile aragazului se pliaz\u0103 compact \u00een camera de ardere: cele trei picioare de sus\u021binere sunt pliate, co\u0219ul de fum din cinci piese. \u00cen plus, tava de cenu\u0219\u0103 deta\u0219abil\u0103 faciliteaz\u0103 cur\u0103\u021barea \u00eenainte de stivuire \u0219i transport. Cu o greutate de aproximativ 12 kg, Petromax Loki2 este u\u0219or printre aragazurile pentru corturi \u0219i se potrive\u0219te cu u\u0219urin\u021b\u0103 \u00een geanta de transport op\u021bional\u0103 oferit\u0103 de Petromax.<\/li>\n<li><strong>Cuptor universal<\/strong><br \/>\nC\u00e2nd face\u021bi camping \u00een aer liber, ve\u021bi putea g\u0103ti o mas\u0103 delicioas\u0103 cu Petromax Loki2 la fel de u\u0219or ca acas\u0103: pur \u0219i simplu \u00eenc\u0103lzi\u021bi \u0219i a\u0219eza\u021bi o oal\u0103 sau o tigaie pe blatul de lucru de 40 x 25 cm. Dac\u0103 nu dori\u021bi s\u0103 pierde\u021bi senza\u021bia de foc de tab\u0103r\u0103 \u0219i v\u0103 place s\u0103 g\u0103ti\u021bi la foc deschis, pute\u021bi pur \u0219i simplu s\u0103 scoate\u021bi capacul rotund al plitei de pe plit\u0103.<\/li>\n<li><strong>Pentru tipisuri, corturi etc.<\/strong><br \/>\nAragazul pentru corturi Petromax Loki2 este potrivit pentru diferite tipuri de corturi, dac\u0103 a fost ad\u0103ugat setul de cort corespunz\u0103tor. \u00cen acest scop, Petromax ofer\u0103 accesoriile corespunz\u0103toare pentru corturi, copertine \u0219i tipisuri. V\u0103 recomand\u0103m s\u0103 folosi\u021bi \u00eentotdeauna Petromax Loki2 \u00eempreun\u0103 cu un ap\u0103r\u0103tor de sc\u00e2ntei pentru a proteja acoperi\u0219ul cortului, precum \u0219i mediul \u00eenconjur\u0103tor de sc\u00e2ntei.<\/li>\n<\/ul>\n<h3>Caracteristici<\/h3>\n<ul>\n<li>Diametrul co\u0219ului de fum: 6 cm<\/li>\n<li>Dimensiunea asamblat\u0103: 247 x 87 x 55 cm<\/li>\n<li>Dimensiunea ambalajului: 52 x 33 x 33 x 33 cm<\/li>\n<li>Material: o\u021bel acoperit, sticl\u0103<\/li>\n<li>\u00cen\u0103l\u021bime de lucru: 51 cm<\/li>\n<li>Greutate: 10,5 kg.<\/li>\n<\/ul>\n<h3>Setul include<\/h3>\n<ul>\n<li>1 x Petromax Loki2<\/li>\n<li>1 x co\u0219 de fum cu clapet\u0103<\/li>\n<li>4 x co\u0219 de fum 1 x tav\u0103 de ardere 1 x tav\u0103 de fum deta\u0219abil\u0103<\/li>\n<li>tav\u0103 de cenu\u0219\u0103<\/li>\n<li>1 x Manual de utilizare.<\/li>\n<\/ul>\n<h3>Marca<\/h3>\n<p>Petromax &#8212; unul dintre cei mai importan\u021bi produc\u0103tori germani de echipamente de g\u0103tit \u0219i echipamente pentru via\u021ba \u00een aer liber, iar gama sa de produse coordonate combin\u0103 \u00een mod unic tradi\u021bia \u0219i inova\u021bia. Toate produsele Petromax sunt de cea mai \u00eenalt\u0103 calitate, durabilitate, cu detalii bine g\u00e2ndite \u0219i sunt concepute pentru to\u021bi cei care caut\u0103 compensa\u021bii pentru rutina lor \u00een aer liber \u0219i, prin urmare, pentru campingul \u00een aer liber. Lumea produselor Petromax este centrat\u0103 pe explorarea naturii neatinse, folosind echipamente tradi\u021bionale, dar bine concepute.<\/p>\n<p><\/p>","protected":false},"excerpt":{"rendered":"","protected":false},"featured_media":62815,"comment_status":"open","ping_status":"closed","template":"","meta":{"_acf_changed":false,"inline_featured_image":false},"product_brand":[1420],"product_cat":[1167],"product_tag":[],"class_list":{"0":"post-41312","1":"product","2":"type-product","3":"status-publish","4":"has-post-thumbnail","6":"product_brand-petromax","7":"product_cat-cuptor","9":"first","10":"instock","11":"shipping-taxable","12":"purchasable","13":"product-type-simple"},"acf":[],"yoast_head":"<!-- This site is optimized with the Yoast SEO plugin v27.2 - https:\/\/yoast.com\/product\/yoast-seo-wordpress\/ -->\n<title>\u041f\u0435\u0447\u044c Petromax Loki2 Camping Stove and Tent Oven - \u041c\u0430\u0433\u0430\u0437\u0438\u043d Xstyle<\/title>\n<meta name=\"description\" content=\"\u0423\u0437\u043d\u0430\u0439\u0442\u0435 \u043e \u043f\u0435\u0447\u0438 Petromax Loki2 \u2014 \u0438\u0434\u0435\u0430\u043b\u044c\u043d\u043e\u043c \u0440\u0435\u0448\u0435\u043d\u0438\u0438 \u0434\u043b\u044f \u043f\u0440\u0438\u0433\u043e\u0442\u043e\u0432\u043b\u0435\u043d\u0438\u044f \u043f\u0438\u0449\u0438 \u0438 \u043e\u0431\u043e\u0433\u0440\u0435\u0432\u0430 \u043f\u0430\u043b\u0430\u0442\u043a\u0438 \u0432\u043e \u0432\u0440\u0435\u043c\u044f \u043a\u0435\u043c\u043f\u0438\u043d\u0433\u0430. \u041a\u043e\u043c\u043f\u0430\u043a\u0442\u043d\u044b\u0439, \u043c\u043e\u0449\u043d\u044b\u0439 \u0438 \u0443\u0434\u043e\u0431\u043d\u044b\u0439!\" \/>\n<meta name=\"robots\" content=\"index, follow, max-snippet:-1, max-image-preview:large, max-video-preview:-1\" \/>\n<link rel=\"canonical\" href=\"https:\/\/xstyle.md\/ro\/produs\/pech-petromax-loki2-camping-stove-and-tent-oven\/\" \/>\n<meta property=\"og:locale\" content=\"ro_RO\" \/>\n<meta property=\"og:type\" content=\"article\" \/>\n<meta property=\"og:title\" content=\"\u041f\u0435\u0447\u044c Petromax Loki2 Camping Stove and Tent Oven - \u041c\u0430\u0433\u0430\u0437\u0438\u043d Xstyle\" \/>\n<meta property=\"og:description\" content=\"\u0423\u0437\u043d\u0430\u0439\u0442\u0435 \u043e \u043f\u0435\u0447\u0438 Petromax Loki2 \u2014 \u0438\u0434\u0435\u0430\u043b\u044c\u043d\u043e\u043c \u0440\u0435\u0448\u0435\u043d\u0438\u0438 \u0434\u043b\u044f \u043f\u0440\u0438\u0433\u043e\u0442\u043e\u0432\u043b\u0435\u043d\u0438\u044f \u043f\u0438\u0449\u0438 \u0438 \u043e\u0431\u043e\u0433\u0440\u0435\u0432\u0430 \u043f\u0430\u043b\u0430\u0442\u043a\u0438 \u0432\u043e \u0432\u0440\u0435\u043c\u044f \u043a\u0435\u043c\u043f\u0438\u043d\u0433\u0430. \u041a\u043e\u043c\u043f\u0430\u043a\u0442\u043d\u044b\u0439, \u043c\u043e\u0449\u043d\u044b\u0439 \u0438 \u0443\u0434\u043e\u0431\u043d\u044b\u0439!\" \/>\n<meta property=\"og:url\" content=\"https:\/\/xstyle.md\/ro\/produs\/pech-petromax-loki2-camping-stove-and-tent-oven\/\" \/>\n<meta property=\"og:site_name\" content=\"\u041c\u0430\u0433\u0430\u0437\u0438\u043d Xstyle\" \/>\n<meta property=\"article:publisher\" content=\"https:\/\/www.facebook.com\/xstylemd\" \/>\n<meta property=\"article:modified_time\" content=\"2024-10-21T06:42:04+00:00\" \/>\n<meta property=\"og:image\" content=\"https:\/\/xstyle.md\/wp-content\/uploads\/2021\/11\/petromax-loki2-camping-stove-and-tent-oven.jpg\" \/>\n\t<meta property=\"og:image:width\" content=\"696\" \/>\n\t<meta property=\"og:image:height\" content=\"664\" \/>\n\t<meta property=\"og:image:type\" content=\"image\/jpeg\" \/>\n<meta name=\"twitter:card\" content=\"summary_large_image\" \/>\n<meta name=\"twitter:label1\" content=\"Pre\u021b\" \/>\n\t<meta name=\"twitter:data1\" content=\"6.490&nbsp;MDL\" \/>\n\t<meta name=\"twitter:label2\" content=\"Disponibilitate\" \/>\n\t<meta name=\"twitter:data2\" content=\"\u00cen stoc\" \/>\n<script type=\"application\/ld+json\" class=\"yoast-schema-graph\">{\"@context\":\"https:\/\/schema.org\",\"@graph\":[{\"@type\":\"WebPage\",\"@id\":\"https:\/\/xstyle.md\/product\/pech-petromax-loki2-camping-stove-and-tent-oven\/\",\"url\":\"https:\/\/xstyle.md\/product\/pech-petromax-loki2-camping-stove-and-tent-oven\/\",\"name\":\"\u041f\u0435\u0447\u044c Petromax Loki2 Camping Stove and Tent Oven - \u041c\u0430\u0433\u0430\u0437\u0438\u043d Xstyle\",\"isPartOf\":{\"@id\":\"https:\/\/xstyle.md\/#website\"},\"primaryImageOfPage\":{\"@id\":\"https:\/\/xstyle.md\/product\/pech-petromax-loki2-camping-stove-and-tent-oven\/#primaryimage\"},\"image\":{\"@id\":\"https:\/\/xstyle.md\/product\/pech-petromax-loki2-camping-stove-and-tent-oven\/#primaryimage\"},\"thumbnailUrl\":\"https:\/\/xstyle.md\/wp-content\/uploads\/2021\/11\/petromax-loki2-camping-stove-and-tent-oven.jpg\",\"datePublished\":\"2021-11-10T08:29:18+00:00\",\"dateModified\":\"2024-10-21T06:42:04+00:00\",\"description\":\"\u0423\u0437\u043d\u0430\u0439\u0442\u0435 \u043e \u043f\u0435\u0447\u0438 Petromax Loki2 \u2014 \u0438\u0434\u0435\u0430\u043b\u044c\u043d\u043e\u043c \u0440\u0435\u0448\u0435\u043d\u0438\u0438 \u0434\u043b\u044f \u043f\u0440\u0438\u0433\u043e\u0442\u043e\u0432\u043b\u0435\u043d\u0438\u044f \u043f\u0438\u0449\u0438 \u0438 \u043e\u0431\u043e\u0433\u0440\u0435\u0432\u0430 \u043f\u0430\u043b\u0430\u0442\u043a\u0438 \u0432\u043e \u0432\u0440\u0435\u043c\u044f \u043a\u0435\u043c\u043f\u0438\u043d\u0433\u0430. \u041a\u043e\u043c\u043f\u0430\u043a\u0442\u043d\u044b\u0439, \u043c\u043e\u0449\u043d\u044b\u0439 \u0438 \u0443\u0434\u043e\u0431\u043d\u044b\u0439!\",\"breadcrumb\":{\"@id\":\"https:\/\/xstyle.md\/product\/pech-petromax-loki2-camping-stove-and-tent-oven\/#breadcrumb\"},\"inLanguage\":\"ro-RO\",\"potentialAction\":[{\"@type\":\"ReadAction\",\"target\":[\"https:\/\/xstyle.md\/product\/pech-petromax-loki2-camping-stove-and-tent-oven\/\"]}]},{\"@type\":\"ImageObject\",\"inLanguage\":\"ro-RO\",\"@id\":\"https:\/\/xstyle.md\/product\/pech-petromax-loki2-camping-stove-and-tent-oven\/#primaryimage\",\"url\":\"https:\/\/xstyle.md\/wp-content\/uploads\/2021\/11\/petromax-loki2-camping-stove-and-tent-oven.jpg\",\"contentUrl\":\"https:\/\/xstyle.md\/wp-content\/uploads\/2021\/11\/petromax-loki2-camping-stove-and-tent-oven.jpg\",\"width\":696,\"height\":664,\"caption\":\"\u0422\u0443\u0448\u0438\u043b\u043a\u0430 \u0434\u043b\u044f \u043f\u0443\u0442\u0435\u0448\u0435\u0441\u0442\u0432\u0438\u0439 \u0438 \u043a\u0435\u043c\u043f\u0438\u043d\u0433\u0430 Petromax Loki2, \u043f\u043e\u0445\u043e\u0434\u043d\u0430\u044f \u043f\u0435\u0447\u044c \u0438 \u043f\u0435\u0447\u044c \u0434\u043b\u044f \u043f\u0430\u043b\u0430\u0442\u043a\u0438, \u043e\u0431\u043e\u0440\u0443\u0434\u043e\u0432\u0430\u043d\u0438\u0435 \u0434\u043b\u044f \u0430\u043a\u0442\u0438\u0432\u043d\u043e\u0433\u043e \u043e\u0442\u0434\u044b\u0445\u0430, \u043f\u043e\u0445\u043e\u0434\u043d\u043e\u0439 \u0436\u0438\u0437\u043d\u0438, \u0430\u043b\u044c\u043f\u0438\u043d\u0438\u0437\u043c\u0430 \u0438 \u0442\u0443\u0440\u0438\u0437\u043c\u0430\"},{\"@type\":\"BreadcrumbList\",\"@id\":\"https:\/\/xstyle.md\/product\/pech-petromax-loki2-camping-stove-and-tent-oven\/#breadcrumb\",\"itemListElement\":[{\"@type\":\"ListItem\",\"position\":1,\"name\":\"\u0413\u043b\u0430\u0432\u043d\u0430\u044f \u0441\u0442\u0440\u0430\u043d\u0438\u0446\u0430\",\"item\":\"https:\/\/xstyle.md\/\"},{\"@type\":\"ListItem\",\"position\":2,\"name\":\"\u041c\u0430\u0433\u0430\u0437\u0438\u043d\",\"item\":\"https:\/\/xstyle.md\/shop\/\"},{\"@type\":\"ListItem\",\"position\":3,\"name\":\"\u041f\u0435\u0447\u044c Petromax Loki2 Camping Stove and Tent Oven\"}]},{\"@type\":\"WebSite\",\"@id\":\"https:\/\/xstyle.md\/#website\",\"url\":\"https:\/\/xstyle.md\/\",\"name\":\"\u041c\u0430\u0433\u0430\u0437\u0438\u043d Xstyle\",\"description\":\"C\u043d\u0430\u0440\u044f\u0436\u0435\u043d\u0438\u0435 \u0434\u043b\u044f \u0442\u0443\u0440\u0438\u0437\u043c\u0430 \u0438 \u044d\u043a\u0441\u0442\u0440\u0435\u043c\u0430\u043b\u044c\u043d\u044b\u0445 \u0432\u0438\u0434\u043e\u0432 \u0441\u043f\u043e\u0440\u0442\u0430 \u0432 \u041c\u043e\u043b\u0434\u043e\u0432\u0435.. \u0426\u0435\u043d\u044b, \u0444\u043e\u0442\u043e, \u0445\u0430\u0440\u0430\u043a\u0442\u0435\u0440\u0438\u0441\u0442\u0438\u043a\u0438 \u0432 \u041c\u043e\u043b\u0434\u043e\u0432\u0435.\",\"publisher\":{\"@id\":\"https:\/\/xstyle.md\/#organization\"},\"alternateName\":\"X-Style\",\"potentialAction\":[{\"@type\":\"SearchAction\",\"target\":{\"@type\":\"EntryPoint\",\"urlTemplate\":\"https:\/\/xstyle.md\/?s={search_term_string}\"},\"query-input\":{\"@type\":\"PropertyValueSpecification\",\"valueRequired\":true,\"valueName\":\"search_term_string\"}}],\"inLanguage\":\"ro-RO\"},{\"@type\":\"Organization\",\"@id\":\"https:\/\/xstyle.md\/#organization\",\"name\":\"\u041c\u0430\u0433\u0430\u0437\u0438\u043d Xstyle\",\"alternateName\":\"x-style\",\"url\":\"https:\/\/xstyle.md\/\",\"logo\":{\"@type\":\"ImageObject\",\"inLanguage\":\"ro-RO\",\"@id\":\"https:\/\/xstyle.md\/#\/schema\/logo\/image\/\",\"url\":\"https:\/\/xstyle.md\/wp-content\/uploads\/2020\/06\/logoicon.svg\",\"contentUrl\":\"https:\/\/xstyle.md\/wp-content\/uploads\/2020\/06\/logoicon.svg\",\"caption\":\"\u041c\u0430\u0433\u0430\u0437\u0438\u043d Xstyle\"},\"image\":{\"@id\":\"https:\/\/xstyle.md\/#\/schema\/logo\/image\/\"},\"sameAs\":[\"https:\/\/www.facebook.com\/xstylemd\",\"https:\/\/www.instagram.com\/xstyle_md\/\",\"https:\/\/t.me\/xstyle_outdoor\"],\"hasMerchantReturnPolicy\":{\"@type\":\"MerchantReturnPolicy\",\"merchantReturnLink\":\"https:\/\/xstyle.md\/ro\/conditions\/\"}}]}<\/script>\n<meta property=\"product:price:amount\" content=\"6490.00\" \/>\n<meta property=\"product:price:currency\" content=\"MDL\" \/>\n<meta property=\"og:availability\" content=\"instock\" \/>\n<meta property=\"product:availability\" content=\"instock\" \/>\n<meta property=\"product:retailer_item_id\" content=\"4250435707159\" \/>\n<meta property=\"product:condition\" content=\"new\" \/>\n<!-- \/ Yoast SEO plugin. -->","yoast_head_json":{"title":"Cuptor Petromax Loki2 Camping Stove and Tent Oven - Magazin Xstyle","description":"Afla\u021bi despre soba Petromax Loki2 \u2014 solu\u021bia perfect\u0103 pentru g\u0103tit \u0219i \u00eenc\u0103lzirea cortului \u00een timpul campingului. Compact\u0103, puternic\u0103 \u0219i convenabil\u0103!","robots":{"index":"index","follow":"follow","max-snippet":"max-snippet:-1","max-image-preview":"max-image-preview:large","max-video-preview":"max-video-preview:-1"},"canonical":"https:\/\/xstyle.md\/ro\/produs\/pech-petromax-loki2-camping-stove-and-tent-oven\/","og_locale":"ro_RO","og_type":"article","og_title":"\u041f\u0435\u0447\u044c Petromax Loki2 Camping Stove and Tent Oven - \u041c\u0430\u0433\u0430\u0437\u0438\u043d Xstyle","og_description":"\u0423\u0437\u043d\u0430\u0439\u0442\u0435 \u043e \u043f\u0435\u0447\u0438 Petromax Loki2 \u2014 \u0438\u0434\u0435\u0430\u043b\u044c\u043d\u043e\u043c \u0440\u0435\u0448\u0435\u043d\u0438\u0438 \u0434\u043b\u044f \u043f\u0440\u0438\u0433\u043e\u0442\u043e\u0432\u043b\u0435\u043d\u0438\u044f \u043f\u0438\u0449\u0438 \u0438 \u043e\u0431\u043e\u0433\u0440\u0435\u0432\u0430 \u043f\u0430\u043b\u0430\u0442\u043a\u0438 \u0432\u043e \u0432\u0440\u0435\u043c\u044f \u043a\u0435\u043c\u043f\u0438\u043d\u0433\u0430. \u041a\u043e\u043c\u043f\u0430\u043a\u0442\u043d\u044b\u0439, \u043c\u043e\u0449\u043d\u044b\u0439 \u0438 \u0443\u0434\u043e\u0431\u043d\u044b\u0439!","og_url":"https:\/\/xstyle.md\/ro\/produs\/pech-petromax-loki2-camping-stove-and-tent-oven\/","og_site_name":"\u041c\u0430\u0433\u0430\u0437\u0438\u043d Xstyle","article_publisher":"https:\/\/www.facebook.com\/xstylemd","article_modified_time":"2024-10-21T06:42:04+00:00","og_image":[{"width":696,"height":664,"url":"https:\/\/xstyle.md\/wp-content\/uploads\/2021\/11\/petromax-loki2-camping-stove-and-tent-oven.jpg","type":"image\/jpeg"}],"twitter_card":"summary_large_image","twitter_misc":{"Pre\u021b":"6.490&nbsp;MDL","Disponibilitate":"\u00cen stoc"},"schema":{"@context":"https:\/\/schema.org","@graph":[{"@type":"WebPage","@id":"https:\/\/xstyle.md\/product\/pech-petromax-loki2-camping-stove-and-tent-oven\/","url":"https:\/\/xstyle.md\/product\/pech-petromax-loki2-camping-stove-and-tent-oven\/","name":"Cuptor Petromax Loki2 Camping Stove and Tent Oven - Magazin Xstyle","isPartOf":{"@id":"https:\/\/xstyle.md\/#website"},"primaryImageOfPage":{"@id":"https:\/\/xstyle.md\/product\/pech-petromax-loki2-camping-stove-and-tent-oven\/#primaryimage"},"image":{"@id":"https:\/\/xstyle.md\/product\/pech-petromax-loki2-camping-stove-and-tent-oven\/#primaryimage"},"thumbnailUrl":"https:\/\/xstyle.md\/wp-content\/uploads\/2021\/11\/petromax-loki2-camping-stove-and-tent-oven.jpg","datePublished":"2021-11-10T08:29:18+00:00","dateModified":"2024-10-21T06:42:04+00:00","description":"Afla\u021bi despre soba Petromax Loki2 \u2014 solu\u021bia perfect\u0103 pentru g\u0103tit \u0219i \u00eenc\u0103lzirea cortului \u00een timpul campingului. Compact\u0103, puternic\u0103 \u0219i convenabil\u0103!","breadcrumb":{"@id":"https:\/\/xstyle.md\/product\/pech-petromax-loki2-camping-stove-and-tent-oven\/#breadcrumb"},"inLanguage":"ro-RO","potentialAction":[{"@type":"ReadAction","target":["https:\/\/xstyle.md\/product\/pech-petromax-loki2-camping-stove-and-tent-oven\/"]}]},{"@type":"ImageObject","inLanguage":"ro-RO","@id":"https:\/\/xstyle.md\/product\/pech-petromax-loki2-camping-stove-and-tent-oven\/#primaryimage","url":"https:\/\/xstyle.md\/wp-content\/uploads\/2021\/11\/petromax-loki2-camping-stove-and-tent-oven.jpg","contentUrl":"https:\/\/xstyle.md\/wp-content\/uploads\/2021\/11\/petromax-loki2-camping-stove-and-tent-oven.jpg","width":696,"height":664,"caption":"\u0422\u0443\u0448\u0438\u043b\u043a\u0430 \u0434\u043b\u044f \u043f\u0443\u0442\u0435\u0448\u0435\u0441\u0442\u0432\u0438\u0439 \u0438 \u043a\u0435\u043c\u043f\u0438\u043d\u0433\u0430 Petromax Loki2, \u043f\u043e\u0445\u043e\u0434\u043d\u0430\u044f \u043f\u0435\u0447\u044c \u0438 \u043f\u0435\u0447\u044c \u0434\u043b\u044f \u043f\u0430\u043b\u0430\u0442\u043a\u0438, \u043e\u0431\u043e\u0440\u0443\u0434\u043e\u0432\u0430\u043d\u0438\u0435 \u0434\u043b\u044f \u0430\u043a\u0442\u0438\u0432\u043d\u043e\u0433\u043e \u043e\u0442\u0434\u044b\u0445\u0430, \u043f\u043e\u0445\u043e\u0434\u043d\u043e\u0439 \u0436\u0438\u0437\u043d\u0438, \u0430\u043b\u044c\u043f\u0438\u043d\u0438\u0437\u043c\u0430 \u0438 \u0442\u0443\u0440\u0438\u0437\u043c\u0430"},{"@type":"BreadcrumbList","@id":"https:\/\/xstyle.md\/product\/pech-petromax-loki2-camping-stove-and-tent-oven\/#breadcrumb","itemListElement":[{"@type":"ListItem","position":1,"name":"\u0413\u043b\u0430\u0432\u043d\u0430\u044f \u0441\u0442\u0440\u0430\u043d\u0438\u0446\u0430","item":"https:\/\/xstyle.md\/"},{"@type":"ListItem","position":2,"name":"\u041c\u0430\u0433\u0430\u0437\u0438\u043d","item":"https:\/\/xstyle.md\/shop\/"},{"@type":"ListItem","position":3,"name":"\u041f\u0435\u0447\u044c Petromax Loki2 Camping Stove and Tent Oven"}]},{"@type":"WebSite","@id":"https:\/\/xstyle.md\/#website","url":"https:\/\/xstyle.md\/","name":"Magazinul X-Style","description":"Echipamente pentru turism \u0219i sporturi extreme \u00een Moldova. Pre\u021buri, fotografii, caracteristici \u00een Moldova.","publisher":{"@id":"https:\/\/xstyle.md\/#organization"},"alternateName":"X-Style","potentialAction":[{"@type":"SearchAction","target":{"@type":"EntryPoint","urlTemplate":"https:\/\/xstyle.md\/?s={search_term_string}"},"query-input":{"@type":"PropertyValueSpecification","valueRequired":true,"valueName":"search_term_string"}}],"inLanguage":"ro-RO"},{"@type":"Organization","@id":"https:\/\/xstyle.md\/#organization","name":"Magazinul X-Style","alternateName":"x-style","url":"https:\/\/xstyle.md\/","logo":{"@type":"ImageObject","inLanguage":"ro-RO","@id":"https:\/\/xstyle.md\/#\/schema\/logo\/image\/","url":"https:\/\/xstyle.md\/wp-content\/uploads\/2020\/06\/logoicon.svg","contentUrl":"https:\/\/xstyle.md\/wp-content\/uploads\/2020\/06\/logoicon.svg","caption":"\u041c\u0430\u0433\u0430\u0437\u0438\u043d Xstyle"},"image":{"@id":"https:\/\/xstyle.md\/#\/schema\/logo\/image\/"},"sameAs":["https:\/\/www.facebook.com\/xstylemd","https:\/\/www.instagram.com\/xstyle_md\/","https:\/\/t.me\/xstyle_outdoor"],"hasMerchantReturnPolicy":{"@type":"MerchantReturnPolicy","merchantReturnLink":"https:\/\/xstyle.md\/ro\/conditions\/"}}]},"product_price_amount":"6490.00","product_price_currency":"MDL","og_availability":"instock","product_availability":"instock","product_retailer_item_id":"4250435707159","product_condition":"new"},"post_mailing_queue_ids":[],"_links":{"self":[{"href":"https:\/\/xstyle.md\/ro\/wp-json\/wp\/v2\/product\/41312","targetHints":{"allow":["GET"]}}],"collection":[{"href":"https:\/\/xstyle.md\/ro\/wp-json\/wp\/v2\/product"}],"about":[{"href":"https:\/\/xstyle.md\/ro\/wp-json\/wp\/v2\/types\/product"}],"replies":[{"embeddable":true,"href":"https:\/\/xstyle.md\/ro\/wp-json\/wp\/v2\/comments?post=41312"}],"wp:featuredmedia":[{"embeddable":true,"href":"https:\/\/xstyle.md\/ro\/wp-json\/wp\/v2\/media\/62815"}],"wp:attachment":[{"href":"https:\/\/xstyle.md\/ro\/wp-json\/wp\/v2\/media?parent=41312"}],"wp:term":[{"taxonomy":"product_brand","embeddable":true,"href":"https:\/\/xstyle.md\/ro\/wp-json\/wp\/v2\/product_brand?post=41312"},{"taxonomy":"product_cat","embeddable":true,"href":"https:\/\/xstyle.md\/ro\/wp-json\/wp\/v2\/product_cat?post=41312"},{"taxonomy":"product_tag","embeddable":true,"href":"https:\/\/xstyle.md\/ro\/wp-json\/wp\/v2\/product_tag?post=41312"}],"curies":[{"name":"wp","href":"https:\/\/api.w.org\/{rel}","templated":true}]}}