{"id":41309,"date":"2021-11-10T11:29:17","date_gmt":"2021-11-10T08:29:17","guid":{"rendered":"https:\/\/xstyle.md\/?post_type=product&#038;p=41309"},"modified":"2024-10-21T09:41:37","modified_gmt":"2024-10-21T06:41:37","slug":"iskrogasitel-petromax-spark-arrestor-for-loki","status":"publish","type":"product","link":"https:\/\/xstyle.md\/ro\/produs\/iskrogasitel-petromax-spark-arrestor-for-loki\/","title":{"rendered":"Desc\u0103rc\u0103tor de sc\u00e2ntei Petromax Spark Arrestor for Loki"},"content":{"rendered":"<\/p>\n<p><strong>Petromax Spark Arrestor for Loki<\/strong> &#8212; desc\u0103rc\u0103tor de sc\u00e2ntei care poate fi plasat la cap\u0103tul co\u0219ului de fum al aragazului pe lemne Petromax Loki sau Loki 2. Dispozitivul de protec\u021bie \u00eempotriva sc\u00e2nteilor v\u0103 protejeaz\u0103 cortul \u0219i v\u0103 asigur\u0103 siguran\u021ba. Particulele care se ridic\u0103 \u0219i sc\u00e2nteile sunt stinse pe plasa metalic\u0103. \u00cen plus, \u021beava va fi protejat\u0103 de umiditate \u0219i de c\u0103derea crengilor \u0219i frunzelor. Ap\u0103r\u0103torul de sc\u00e2ntei \u0219i \u021beava pot fi ata\u0219ate la cort sau la sol.<\/p>\n<h3>Caracteristici<\/h3>\n<ul>\n<li>Dimensiuni &#8212; 11 x 11 x 17,5 cm<\/li>\n<li>Dimensiuni \u00een ambalaj &#8212; 12 x 12 x 21 cm<\/li>\n<li>Greutate &#8212; 350 g<\/li>\n<li>Greutate \u00een pachet &#8212; 380 g.<\/li>\n<\/ul>\n<h3>Marca<\/h3>\n<p>Petromax &#8212; unul dintre cei mai importan\u021bi produc\u0103tori germani de echipamente de g\u0103tit \u0219i echipamente pentru via\u021ba \u00een aer liber, iar gama sa de produse coordonate combin\u0103 \u00een mod unic tradi\u021bia \u0219i inova\u021bia. Toate produsele Petromax sunt de cea mai \u00eenalt\u0103 calitate, durabilitate, cu detalii bine g\u00e2ndite \u0219i sunt concepute pentru to\u021bi cei care caut\u0103 compensa\u021bii pentru rutina lor \u00een aer liber \u0219i, prin urmare, pentru campingul \u00een aer liber. Lumea produselor Petromax este centrat\u0103 pe explorarea naturii neatinse, folosind echipamente tradi\u021bionale, dar bine concepute.<\/p>\n<p><\/p>","protected":false},"excerpt":{"rendered":"","protected":false},"featured_media":48417,"comment_status":"open","ping_status":"closed","template":"","meta":{"_acf_changed":false,"inline_featured_image":false},"product_brand":[1420],"product_cat":[86],"product_tag":[],"class_list":{"0":"post-41309","1":"product","2":"type-product","3":"status-publish","4":"has-post-thumbnail","6":"product_brand-petromax","7":"product_cat-gas-accessories","9":"first","10":"instock","11":"shipping-taxable","12":"purchasable","13":"product-type-simple"},"acf":[],"yoast_head":"<!-- This site is optimized with the Yoast SEO plugin v27.2 - https:\/\/yoast.com\/product\/yoast-seo-wordpress\/ -->\n<title>\u0418\u0441\u043a\u0440\u043e\u0433\u0430\u0441\u0438\u0442\u0435\u043b\u044c Petromax Spark Arrestor for Loki - \u041c\u0430\u0433\u0430\u0437\u0438\u043d Xstyle<\/title>\n<meta name=\"description\" content=\"\u0418\u0441\u043a\u0440\u043e\u0433\u0430\u0441\u0438\u0442\u0435\u043b\u044c Petromax \u0434\u043b\u044f Loki \u0438 Loki 2 \u0437\u0430\u0449\u0438\u0449\u0430\u0435\u0442 \u0432\u0430\u0448 \u043f\u0430\u043b\u0430\u0442\u043e\u0447\u043d\u044b\u0439 \u043b\u0430\u0433\u0435\u0440\u044c \u043e\u0442 \u0438\u0441\u043a\u0440, \u043e\u0431\u0435\u0441\u043f\u0435\u0447\u0438\u0432\u0430\u044f \u0431\u0435\u0437\u043e\u043f\u0430\u0441\u043d\u043e\u0441\u0442\u044c \u0438 \u043a\u043e\u043c\u0444\u043e\u0440\u0442 \u0432 \u043f\u043e\u0445\u043e\u0434\u0430\u0445.\" \/>\n<meta name=\"robots\" content=\"index, follow, max-snippet:-1, max-image-preview:large, max-video-preview:-1\" \/>\n<link rel=\"canonical\" href=\"https:\/\/xstyle.md\/ro\/produs\/iskrogasitel-petromax-spark-arrestor-for-loki\/\" \/>\n<meta property=\"og:locale\" content=\"ro_RO\" \/>\n<meta property=\"og:type\" content=\"article\" \/>\n<meta property=\"og:title\" content=\"\u0418\u0441\u043a\u0440\u043e\u0433\u0430\u0441\u0438\u0442\u0435\u043b\u044c Petromax Spark Arrestor for Loki - \u041c\u0430\u0433\u0430\u0437\u0438\u043d Xstyle\" \/>\n<meta property=\"og:description\" content=\"\u0418\u0441\u043a\u0440\u043e\u0433\u0430\u0441\u0438\u0442\u0435\u043b\u044c Petromax \u0434\u043b\u044f Loki \u0438 Loki 2 \u0437\u0430\u0449\u0438\u0449\u0430\u0435\u0442 \u0432\u0430\u0448 \u043f\u0430\u043b\u0430\u0442\u043e\u0447\u043d\u044b\u0439 \u043b\u0430\u0433\u0435\u0440\u044c \u043e\u0442 \u0438\u0441\u043a\u0440, \u043e\u0431\u0435\u0441\u043f\u0435\u0447\u0438\u0432\u0430\u044f \u0431\u0435\u0437\u043e\u043f\u0430\u0441\u043d\u043e\u0441\u0442\u044c \u0438 \u043a\u043e\u043c\u0444\u043e\u0440\u0442 \u0432 \u043f\u043e\u0445\u043e\u0434\u0430\u0445.\" \/>\n<meta property=\"og:url\" content=\"https:\/\/xstyle.md\/ro\/produs\/iskrogasitel-petromax-spark-arrestor-for-loki\/\" \/>\n<meta property=\"og:site_name\" content=\"\u041c\u0430\u0433\u0430\u0437\u0438\u043d Xstyle\" \/>\n<meta property=\"article:publisher\" content=\"https:\/\/www.facebook.com\/xstylemd\" \/>\n<meta property=\"article:modified_time\" content=\"2024-10-21T06:41:37+00:00\" \/>\n<meta property=\"og:image\" content=\"https:\/\/xstyle.md\/wp-content\/uploads\/2021\/11\/petromax-spark-arrestor-for-loki.jpg\" \/>\n\t<meta property=\"og:image:width\" content=\"363\" \/>\n\t<meta property=\"og:image:height\" content=\"363\" \/>\n\t<meta property=\"og:image:type\" content=\"image\/jpeg\" \/>\n<meta name=\"twitter:card\" content=\"summary_large_image\" \/>\n<meta name=\"twitter:label1\" content=\"Pre\u021b\" \/>\n\t<meta name=\"twitter:data1\" content=\"775&nbsp;MDL\" \/>\n\t<meta name=\"twitter:label2\" content=\"Disponibilitate\" \/>\n\t<meta name=\"twitter:data2\" content=\"\u00cen stoc\" \/>\n<script type=\"application\/ld+json\" class=\"yoast-schema-graph\">{\"@context\":\"https:\/\/schema.org\",\"@graph\":[{\"@type\":\"WebPage\",\"@id\":\"https:\/\/xstyle.md\/product\/iskrogasitel-petromax-spark-arrestor-for-loki\/\",\"url\":\"https:\/\/xstyle.md\/product\/iskrogasitel-petromax-spark-arrestor-for-loki\/\",\"name\":\"\u0418\u0441\u043a\u0440\u043e\u0433\u0430\u0441\u0438\u0442\u0435\u043b\u044c Petromax Spark Arrestor for Loki - \u041c\u0430\u0433\u0430\u0437\u0438\u043d Xstyle\",\"isPartOf\":{\"@id\":\"https:\/\/xstyle.md\/#website\"},\"primaryImageOfPage\":{\"@id\":\"https:\/\/xstyle.md\/product\/iskrogasitel-petromax-spark-arrestor-for-loki\/#primaryimage\"},\"image\":{\"@id\":\"https:\/\/xstyle.md\/product\/iskrogasitel-petromax-spark-arrestor-for-loki\/#primaryimage\"},\"thumbnailUrl\":\"https:\/\/xstyle.md\/wp-content\/uploads\/2021\/11\/petromax-spark-arrestor-for-loki.jpg\",\"datePublished\":\"2021-11-10T08:29:17+00:00\",\"dateModified\":\"2024-10-21T06:41:37+00:00\",\"description\":\"\u0418\u0441\u043a\u0440\u043e\u0433\u0430\u0441\u0438\u0442\u0435\u043b\u044c Petromax \u0434\u043b\u044f Loki \u0438 Loki 2 \u0437\u0430\u0449\u0438\u0449\u0430\u0435\u0442 \u0432\u0430\u0448 \u043f\u0430\u043b\u0430\u0442\u043e\u0447\u043d\u044b\u0439 \u043b\u0430\u0433\u0435\u0440\u044c \u043e\u0442 \u0438\u0441\u043a\u0440, \u043e\u0431\u0435\u0441\u043f\u0435\u0447\u0438\u0432\u0430\u044f \u0431\u0435\u0437\u043e\u043f\u0430\u0441\u043d\u043e\u0441\u0442\u044c \u0438 \u043a\u043e\u043c\u0444\u043e\u0440\u0442 \u0432 \u043f\u043e\u0445\u043e\u0434\u0430\u0445.\",\"breadcrumb\":{\"@id\":\"https:\/\/xstyle.md\/product\/iskrogasitel-petromax-spark-arrestor-for-loki\/#breadcrumb\"},\"inLanguage\":\"ro-RO\",\"potentialAction\":[{\"@type\":\"ReadAction\",\"target\":[\"https:\/\/xstyle.md\/product\/iskrogasitel-petromax-spark-arrestor-for-loki\/\"]}]},{\"@type\":\"ImageObject\",\"inLanguage\":\"ro-RO\",\"@id\":\"https:\/\/xstyle.md\/product\/iskrogasitel-petromax-spark-arrestor-for-loki\/#primaryimage\",\"url\":\"https:\/\/xstyle.md\/wp-content\/uploads\/2021\/11\/petromax-spark-arrestor-for-loki.jpg\",\"contentUrl\":\"https:\/\/xstyle.md\/wp-content\/uploads\/2021\/11\/petromax-spark-arrestor-for-loki.jpg\",\"width\":363,\"height\":363,\"caption\":\"\u0418\u0441\u043a\u0440\u043e\u0433\u0430\u0441\u0438\u0442\u0435\u043b\u044c Petromax \u0434\u043b\u044f Loki \u0434\u043b\u044f \u0430\u043a\u0442\u0438\u0432\u043d\u043e\u0433\u043e \u043e\u0442\u0434\u044b\u0445\u0430 \u043f\u043e\u0445\u043e\u0434\u043e\u0432 \u0430\u043b\u044c\u043f\u0438\u043d\u0438\u0437\u043c\u0430 \u0430\u0443\u0442\u0434\u043e\u0440 \u043e\u0434\u0435\u0436\u0434\u044b \u043e\u0431\u0443\u0432\u0438 \u043f\u0443\u0442\u0435\u0448\u0435\u0441\u0442\u0432\u0438\u0439 \u0438 \u0433\u043e\u0440\u043d\u044b\u0445 \u043c\u0430\u0440\u0448\u0440\u0443\u0442\u043e\u0432\"},{\"@type\":\"BreadcrumbList\",\"@id\":\"https:\/\/xstyle.md\/product\/iskrogasitel-petromax-spark-arrestor-for-loki\/#breadcrumb\",\"itemListElement\":[{\"@type\":\"ListItem\",\"position\":1,\"name\":\"\u0413\u043b\u0430\u0432\u043d\u0430\u044f \u0441\u0442\u0440\u0430\u043d\u0438\u0446\u0430\",\"item\":\"https:\/\/xstyle.md\/\"},{\"@type\":\"ListItem\",\"position\":2,\"name\":\"\u041c\u0430\u0433\u0430\u0437\u0438\u043d\",\"item\":\"https:\/\/xstyle.md\/shop\/\"},{\"@type\":\"ListItem\",\"position\":3,\"name\":\"\u0418\u0441\u043a\u0440\u043e\u0433\u0430\u0441\u0438\u0442\u0435\u043b\u044c Petromax Spark Arrestor for Loki\"}]},{\"@type\":\"WebSite\",\"@id\":\"https:\/\/xstyle.md\/#website\",\"url\":\"https:\/\/xstyle.md\/\",\"name\":\"\u041c\u0430\u0433\u0430\u0437\u0438\u043d Xstyle\",\"description\":\"C\u043d\u0430\u0440\u044f\u0436\u0435\u043d\u0438\u0435 \u0434\u043b\u044f \u0442\u0443\u0440\u0438\u0437\u043c\u0430 \u0438 \u044d\u043a\u0441\u0442\u0440\u0435\u043c\u0430\u043b\u044c\u043d\u044b\u0445 \u0432\u0438\u0434\u043e\u0432 \u0441\u043f\u043e\u0440\u0442\u0430 \u0432 \u041c\u043e\u043b\u0434\u043e\u0432\u0435.. \u0426\u0435\u043d\u044b, \u0444\u043e\u0442\u043e, \u0445\u0430\u0440\u0430\u043a\u0442\u0435\u0440\u0438\u0441\u0442\u0438\u043a\u0438 \u0432 \u041c\u043e\u043b\u0434\u043e\u0432\u0435.\",\"publisher\":{\"@id\":\"https:\/\/xstyle.md\/#organization\"},\"alternateName\":\"X-Style\",\"potentialAction\":[{\"@type\":\"SearchAction\",\"target\":{\"@type\":\"EntryPoint\",\"urlTemplate\":\"https:\/\/xstyle.md\/?s={search_term_string}\"},\"query-input\":{\"@type\":\"PropertyValueSpecification\",\"valueRequired\":true,\"valueName\":\"search_term_string\"}}],\"inLanguage\":\"ro-RO\"},{\"@type\":\"Organization\",\"@id\":\"https:\/\/xstyle.md\/#organization\",\"name\":\"\u041c\u0430\u0433\u0430\u0437\u0438\u043d Xstyle\",\"alternateName\":\"x-style\",\"url\":\"https:\/\/xstyle.md\/\",\"logo\":{\"@type\":\"ImageObject\",\"inLanguage\":\"ro-RO\",\"@id\":\"https:\/\/xstyle.md\/#\/schema\/logo\/image\/\",\"url\":\"https:\/\/xstyle.md\/wp-content\/uploads\/2020\/06\/logoicon.svg\",\"contentUrl\":\"https:\/\/xstyle.md\/wp-content\/uploads\/2020\/06\/logoicon.svg\",\"caption\":\"\u041c\u0430\u0433\u0430\u0437\u0438\u043d Xstyle\"},\"image\":{\"@id\":\"https:\/\/xstyle.md\/#\/schema\/logo\/image\/\"},\"sameAs\":[\"https:\/\/www.facebook.com\/xstylemd\",\"https:\/\/www.instagram.com\/xstyle_md\/\",\"https:\/\/t.me\/xstyle_outdoor\"],\"hasMerchantReturnPolicy\":{\"@type\":\"MerchantReturnPolicy\",\"merchantReturnLink\":\"https:\/\/xstyle.md\/ro\/conditions\/\"}}]}<\/script>\n<meta property=\"product:price:amount\" content=\"775.00\" \/>\n<meta property=\"product:price:currency\" content=\"MDL\" \/>\n<meta property=\"og:availability\" content=\"instock\" \/>\n<meta property=\"product:availability\" content=\"instock\" \/>\n<meta property=\"product:retailer_item_id\" content=\"4250435701928\" \/>\n<meta property=\"product:condition\" content=\"new\" \/>\n<!-- \/ Yoast SEO plugin. -->","yoast_head_json":{"title":"Desc\u0103rc\u0103tor de sc\u00e2ntei Petromax Spark Arrestor for Loki - Magazin Xstyle","description":"Dispozitivul de stingere a sc\u00e2nteilor Petromax pentru Loki \u0219i Loki 2 protejeaz\u0103 tab\u0103ra dumneavoastr\u0103 de cort de sc\u00e2ntei, asigur\u00e2nd securitate \u0219i confort \u00een timpul drume\u021biilor.","robots":{"index":"index","follow":"follow","max-snippet":"max-snippet:-1","max-image-preview":"max-image-preview:large","max-video-preview":"max-video-preview:-1"},"canonical":"https:\/\/xstyle.md\/ro\/produs\/iskrogasitel-petromax-spark-arrestor-for-loki\/","og_locale":"ro_RO","og_type":"article","og_title":"\u0418\u0441\u043a\u0440\u043e\u0433\u0430\u0441\u0438\u0442\u0435\u043b\u044c Petromax Spark Arrestor for Loki - \u041c\u0430\u0433\u0430\u0437\u0438\u043d Xstyle","og_description":"\u0418\u0441\u043a\u0440\u043e\u0433\u0430\u0441\u0438\u0442\u0435\u043b\u044c Petromax \u0434\u043b\u044f Loki \u0438 Loki 2 \u0437\u0430\u0449\u0438\u0449\u0430\u0435\u0442 \u0432\u0430\u0448 \u043f\u0430\u043b\u0430\u0442\u043e\u0447\u043d\u044b\u0439 \u043b\u0430\u0433\u0435\u0440\u044c \u043e\u0442 \u0438\u0441\u043a\u0440, \u043e\u0431\u0435\u0441\u043f\u0435\u0447\u0438\u0432\u0430\u044f \u0431\u0435\u0437\u043e\u043f\u0430\u0441\u043d\u043e\u0441\u0442\u044c \u0438 \u043a\u043e\u043c\u0444\u043e\u0440\u0442 \u0432 \u043f\u043e\u0445\u043e\u0434\u0430\u0445.","og_url":"https:\/\/xstyle.md\/ro\/produs\/iskrogasitel-petromax-spark-arrestor-for-loki\/","og_site_name":"\u041c\u0430\u0433\u0430\u0437\u0438\u043d Xstyle","article_publisher":"https:\/\/www.facebook.com\/xstylemd","article_modified_time":"2024-10-21T06:41:37+00:00","og_image":[{"width":363,"height":363,"url":"https:\/\/xstyle.md\/wp-content\/uploads\/2021\/11\/petromax-spark-arrestor-for-loki.jpg","type":"image\/jpeg"}],"twitter_card":"summary_large_image","twitter_misc":{"Pre\u021b":"775&nbsp;MDL","Disponibilitate":"\u00cen stoc"},"schema":{"@context":"https:\/\/schema.org","@graph":[{"@type":"WebPage","@id":"https:\/\/xstyle.md\/product\/iskrogasitel-petromax-spark-arrestor-for-loki\/","url":"https:\/\/xstyle.md\/product\/iskrogasitel-petromax-spark-arrestor-for-loki\/","name":"Desc\u0103rc\u0103tor de sc\u00e2ntei Petromax Spark Arrestor for Loki - Magazin Xstyle","isPartOf":{"@id":"https:\/\/xstyle.md\/#website"},"primaryImageOfPage":{"@id":"https:\/\/xstyle.md\/product\/iskrogasitel-petromax-spark-arrestor-for-loki\/#primaryimage"},"image":{"@id":"https:\/\/xstyle.md\/product\/iskrogasitel-petromax-spark-arrestor-for-loki\/#primaryimage"},"thumbnailUrl":"https:\/\/xstyle.md\/wp-content\/uploads\/2021\/11\/petromax-spark-arrestor-for-loki.jpg","datePublished":"2021-11-10T08:29:17+00:00","dateModified":"2024-10-21T06:41:37+00:00","description":"Dispozitivul de stingere a sc\u00e2nteilor Petromax pentru Loki \u0219i Loki 2 protejeaz\u0103 tab\u0103ra dumneavoastr\u0103 de cort de sc\u00e2ntei, asigur\u00e2nd securitate \u0219i confort \u00een timpul drume\u021biilor.","breadcrumb":{"@id":"https:\/\/xstyle.md\/product\/iskrogasitel-petromax-spark-arrestor-for-loki\/#breadcrumb"},"inLanguage":"ro-RO","potentialAction":[{"@type":"ReadAction","target":["https:\/\/xstyle.md\/product\/iskrogasitel-petromax-spark-arrestor-for-loki\/"]}]},{"@type":"ImageObject","inLanguage":"ro-RO","@id":"https:\/\/xstyle.md\/product\/iskrogasitel-petromax-spark-arrestor-for-loki\/#primaryimage","url":"https:\/\/xstyle.md\/wp-content\/uploads\/2021\/11\/petromax-spark-arrestor-for-loki.jpg","contentUrl":"https:\/\/xstyle.md\/wp-content\/uploads\/2021\/11\/petromax-spark-arrestor-for-loki.jpg","width":363,"height":363,"caption":"\u0418\u0441\u043a\u0440\u043e\u0433\u0430\u0441\u0438\u0442\u0435\u043b\u044c Petromax \u0434\u043b\u044f Loki \u0434\u043b\u044f \u0430\u043a\u0442\u0438\u0432\u043d\u043e\u0433\u043e \u043e\u0442\u0434\u044b\u0445\u0430 \u043f\u043e\u0445\u043e\u0434\u043e\u0432 \u0430\u043b\u044c\u043f\u0438\u043d\u0438\u0437\u043c\u0430 \u0430\u0443\u0442\u0434\u043e\u0440 \u043e\u0434\u0435\u0436\u0434\u044b \u043e\u0431\u0443\u0432\u0438 \u043f\u0443\u0442\u0435\u0448\u0435\u0441\u0442\u0432\u0438\u0439 \u0438 \u0433\u043e\u0440\u043d\u044b\u0445 \u043c\u0430\u0440\u0448\u0440\u0443\u0442\u043e\u0432"},{"@type":"BreadcrumbList","@id":"https:\/\/xstyle.md\/product\/iskrogasitel-petromax-spark-arrestor-for-loki\/#breadcrumb","itemListElement":[{"@type":"ListItem","position":1,"name":"\u0413\u043b\u0430\u0432\u043d\u0430\u044f \u0441\u0442\u0440\u0430\u043d\u0438\u0446\u0430","item":"https:\/\/xstyle.md\/"},{"@type":"ListItem","position":2,"name":"\u041c\u0430\u0433\u0430\u0437\u0438\u043d","item":"https:\/\/xstyle.md\/shop\/"},{"@type":"ListItem","position":3,"name":"\u0418\u0441\u043a\u0440\u043e\u0433\u0430\u0441\u0438\u0442\u0435\u043b\u044c Petromax Spark Arrestor for Loki"}]},{"@type":"WebSite","@id":"https:\/\/xstyle.md\/#website","url":"https:\/\/xstyle.md\/","name":"Magazinul X-Style","description":"Echipamente pentru turism \u0219i sporturi extreme \u00een Moldova. Pre\u021buri, fotografii, caracteristici \u00een Moldova.","publisher":{"@id":"https:\/\/xstyle.md\/#organization"},"alternateName":"X-Style","potentialAction":[{"@type":"SearchAction","target":{"@type":"EntryPoint","urlTemplate":"https:\/\/xstyle.md\/?s={search_term_string}"},"query-input":{"@type":"PropertyValueSpecification","valueRequired":true,"valueName":"search_term_string"}}],"inLanguage":"ro-RO"},{"@type":"Organization","@id":"https:\/\/xstyle.md\/#organization","name":"Magazinul X-Style","alternateName":"x-style","url":"https:\/\/xstyle.md\/","logo":{"@type":"ImageObject","inLanguage":"ro-RO","@id":"https:\/\/xstyle.md\/#\/schema\/logo\/image\/","url":"https:\/\/xstyle.md\/wp-content\/uploads\/2020\/06\/logoicon.svg","contentUrl":"https:\/\/xstyle.md\/wp-content\/uploads\/2020\/06\/logoicon.svg","caption":"\u041c\u0430\u0433\u0430\u0437\u0438\u043d Xstyle"},"image":{"@id":"https:\/\/xstyle.md\/#\/schema\/logo\/image\/"},"sameAs":["https:\/\/www.facebook.com\/xstylemd","https:\/\/www.instagram.com\/xstyle_md\/","https:\/\/t.me\/xstyle_outdoor"],"hasMerchantReturnPolicy":{"@type":"MerchantReturnPolicy","merchantReturnLink":"https:\/\/xstyle.md\/ro\/conditions\/"}}]},"product_price_amount":"775.00","product_price_currency":"MDL","og_availability":"instock","product_availability":"instock","product_retailer_item_id":"4250435701928","product_condition":"new"},"post_mailing_queue_ids":[],"_links":{"self":[{"href":"https:\/\/xstyle.md\/ro\/wp-json\/wp\/v2\/product\/41309","targetHints":{"allow":["GET"]}}],"collection":[{"href":"https:\/\/xstyle.md\/ro\/wp-json\/wp\/v2\/product"}],"about":[{"href":"https:\/\/xstyle.md\/ro\/wp-json\/wp\/v2\/types\/product"}],"replies":[{"embeddable":true,"href":"https:\/\/xstyle.md\/ro\/wp-json\/wp\/v2\/comments?post=41309"}],"wp:featuredmedia":[{"embeddable":true,"href":"https:\/\/xstyle.md\/ro\/wp-json\/wp\/v2\/media\/48417"}],"wp:attachment":[{"href":"https:\/\/xstyle.md\/ro\/wp-json\/wp\/v2\/media?parent=41309"}],"wp:term":[{"taxonomy":"product_brand","embeddable":true,"href":"https:\/\/xstyle.md\/ro\/wp-json\/wp\/v2\/product_brand?post=41309"},{"taxonomy":"product_cat","embeddable":true,"href":"https:\/\/xstyle.md\/ro\/wp-json\/wp\/v2\/product_cat?post=41309"},{"taxonomy":"product_tag","embeddable":true,"href":"https:\/\/xstyle.md\/ro\/wp-json\/wp\/v2\/product_tag?post=41309"}],"curies":[{"name":"wp","href":"https:\/\/api.w.org\/{rel}","templated":true}]}}