{"id":41299,"date":"2021-11-10T11:29:13","date_gmt":"2021-11-10T08:29:13","guid":{"rendered":"https:\/\/xstyle.md\/?post_type=product&#038;p=41299"},"modified":"2026-03-19T16:46:20","modified_gmt":"2026-03-19T13:46:20","slug":"kurtka-rab-deep-cover-parka-wmn-graphene","status":"publish","type":"product","link":"https:\/\/xstyle.md\/ro\/produs\/kurtka-rab-deep-cover-parka-wmn-graphene\/","title":{"rendered":"Geac\u0103 Rab Deep Cover Parka Wmn graphene"},"content":{"rendered":"<\/p>\n<p data-reader-unique-id=\"1\"><strong>Rab Deep Cover Down Parka<\/strong> &#8212; geac\u0103 pentru femei cu glug\u0103 deta\u0219abil\u0103 \u0219i blan\u0103 artificial\u0103. Puf de ra\u021b\u0103 650FP este folosit ca izolant termic. Potrivire confortabil\u0103, materialul exterior este rezistent la v\u00e2nt \u0219i precipita\u021bii. Gluga este lat\u0103 \u0219i confortabil\u0103, lungimea este chiar deasupra genunchiului. \u00cen p\u0103r\u021bi exist\u0103 buzunare convenabile cu fermoar \u0219i un buzunar intern suplimentar pentru un portofel, telefon sau alte accesorii.<\/p>\n<h3 class=\"clear\" data-reader-unique-id=\"3\">Particularit\u0103\u021bi<\/h3>\n<ul data-reader-unique-id=\"4\">\n<li data-reader-unique-id=\"5\">Potrivire confortabil\u0103, peste lungimea genunchilor;<\/li>\n<li data-reader-unique-id=\"5\">Material rezistent la uzur\u0103;<\/li>\n<li data-reader-unique-id=\"5\">C\u0103ptu\u0219it cu puf de ra\u021b\u0103 european de \u00eenalt\u0103 calitate;<\/li>\n<li data-reader-unique-id=\"5\">Buzunare cu fermoar;<\/li>\n<li data-reader-unique-id=\"5\">Glug\u0103 lat\u0103 cu blan\u0103;<\/li>\n<li data-reader-unique-id=\"5\">Potrivire montat\u0103.<\/li>\n<\/ul>\n<h3 class=\"clear\" data-reader-unique-id=\"15\">Caracteristici<\/h3>\n<ul data-reader-unique-id=\"16\">\n<li data-reader-unique-id=\"17\">Compozi\u021bie \u2014 100% Nylon Ripstop;<\/li>\n<li data-reader-unique-id=\"18\">Izolant termic &#8212; 650 Fill Power;<\/li>\n<li data-reader-unique-id=\"19\">Membran\u0103 &#8212; Pertex\u00ae Quantum;<\/li>\n<li data-reader-unique-id=\"21\">Model - pentru femei.<\/li>\n<\/ul>\n<h3 class=\"clear\" data-reader-unique-id=\"22\">Tehnologie<\/h3>\n<ul data-reader-unique-id=\"23\">\n<li data-reader-unique-id=\"19\"><strong data-reader-unique-id=\"20\">Pertex<\/strong>\u00ae<strong data-reader-unique-id=\"21\">Cuantum<\/strong>\u00a0&#8212; material cu membran\u0103, \u021besut din fire incredibil de sub\u021biri, care se caracterizeaz\u0103 printr-o rezisten\u021b\u0103 relativ\u0103 ridicat\u0103. Moliciunea excep\u021bional\u0103 a acestui material permite pufului sau izola\u021biei sintetice s\u0103 ocupe \u00eentregul volum alocat acestuia, iar \u021besutul dens \u00eempiedic\u0103 p\u0103trunderea fibrelor izolatoare prin p\u00e2nz\u0103.<\/li>\n<li data-reader-unique-id=\"26\"><strong data-reader-unique-id=\"27\">Fill Power<\/strong> &#8212; o caracteristic\u0103 care descrie capacitatea unei mase limitate de puf de a umple un anumit volum. Semnifica\u021bia fizic\u0103 Fill Power \u2013 este volumul \u00een inchi cubi ocupat de o uncie de puf. Cu c\u00e2t Fill Power este mai mare, cu at\u00e2t este considerat\u0103 o calitate mai bun\u0103 a pufului. Echipamentele Outdoor se folosesc cu valori de Fill Power de cel pu\u021bin 550 de unit\u0103\u021bi, valorile de Fill Power de 650 de unit\u0103\u021bi \u0219i mai sus sunt considerate bune. Puful cu valori ridicate Fill Power se distinge nu numai printr-un volum mare pe unitate de mas\u0103, ci \u0219i printr-un nivel mai sc\u0103zut de rezisten\u021b\u0103 termic\u0103 pe unitate de grosime \u00een compara\u021bie cu valorile standard.<\/li>\n<\/ul>\n<h3 class=\"clear\" data-reader-unique-id=\"28\">Marca<\/h3>\n<p data-reader-unique-id=\"29\">Rab - este un produc\u0103tor britanic de echipament sportiv \u0219i echipamente pentru alpinism, cu o punctualitate forte \u00eel reprezint\u0103 \u00eel reprezint\u0103 \u00eembr\u0103c\u0103mintea sport tehnic\u0103 sport tehnic\u0103 de \u00eenalt\u0103 calitate \u0219i tehnologic avansat\u0103, izola\u021bia din puf \u0219i p\u0103l\u0103riile. Balaclavele acestui produc\u0103tor, de exemplu, sunt unele dintre cele mai bune exemple de pe pia\u021b\u0103.<\/p>\n<p data-reader-unique-id=\"30\">Compania a fost fondat\u0103 \u00een 1981 de alpinistul Rab Carrington. Baz\u00e2ndu-se pe propria sa experien\u021b\u0103 \u00een expedi\u021bii numeroase, Carrington a conceput ideea unui program ambi\u021bios pentru a asigura confort, protec\u021bie, \u0219 i libertate \u00een muni\u021bie, tobe \u0219 i alpinism.<\/p>\n<p data-reader-unique-id=\"31\">Gecile, sacii de dormit \u0219i \u00eembr\u0103c\u0103mintea de expedi\u021bie Rab sunt fabricate din puf de g\u00e2sc\u0103 \u0219i ra\u021b\u0103 certificate de c\u0103tre Responsible Down. Un tratament hidrofug f\u0103r\u0103 fluorocarbon numit Nikwax este, de asemenea, folosit \u00een \u00eembr\u0103c\u0103minte \u0219i saci de dormit pentru a preveni \u00eengreunarea lor \u00een ap\u0103. \u00cen plus, pentru izola\u021bie se folosesc materiale sintetice de \u00eenalt\u0103 calitate. \u00cembr\u0103c\u0103mintea Rab a devenit \u201esinonim cu produsele de calitate superioar\u0103 fabricate din puf\u201d.<\/p>\n<p><\/p>","protected":false},"excerpt":{"rendered":"","protected":false},"featured_media":48413,"comment_status":"open","ping_status":"closed","template":"","meta":{"_acf_changed":false,"inline_featured_image":false},"product_brand":[1442],"product_cat":[495],"product_tag":[],"class_list":{"0":"post-41299","1":"product","2":"type-product","3":"status-publish","4":"has-post-thumbnail","6":"product_brand-rab","7":"product_cat-down-jackets-femei","9":"first","10":"instock","11":"shipping-taxable","12":"purchasable","13":"product-type-simple"},"acf":[],"yoast_head":"<!-- This site is optimized with the Yoast SEO plugin v27.4 - https:\/\/yoast.com\/product\/yoast-seo-wordpress\/ -->\n<title>\u041a\u0443\u0440\u0442\u043a\u0430 Rab Deep Cover Parka Wmn graphene - \u041c\u0430\u0433\u0430\u0437\u0438\u043d Xstyle<\/title>\n<meta name=\"description\" content=\"\u041a\u0443\u0440\u0442\u043a\u0430 Rab Deep Cover Parka Wmn \u0441 \u0433\u0440\u0430\u0444\u0435\u043d\u043e\u043c: \u0443\u0442\u0435\u043f\u043b\u0435\u043d\u0438\u0435 650FP, \u0437\u0430\u0449\u0438\u0449\u0430\u0435\u0442 \u043e\u0442 \u0432\u0435\u0442\u0440\u0430. \u0423\u0434\u043e\u0431\u043d\u0430\u044f \u043f\u043e\u0441\u0430\u0434\u043a\u0430 \u0438 \u0441\u0442\u0438\u043b\u044c\u043d\u044b\u0439 \u0434\u0438\u0437\u0430\u0439\u043d \u0434\u043b\u044f \u0430\u043a\u0442\u0438\u0432\u043d\u043e\u0433\u043e \u043e\u0442\u0434\u044b\u0445\u0430.\" \/>\n<meta name=\"robots\" content=\"index, follow, max-snippet:-1, max-image-preview:large, max-video-preview:-1\" \/>\n<link rel=\"canonical\" href=\"https:\/\/xstyle.md\/ro\/produs\/kurtka-rab-deep-cover-parka-wmn-graphene\/\" \/>\n<meta property=\"og:locale\" content=\"ro_RO\" \/>\n<meta property=\"og:type\" content=\"article\" \/>\n<meta property=\"og:title\" content=\"\u041a\u0443\u0440\u0442\u043a\u0430 Rab Deep Cover Parka Wmn graphene - \u041c\u0430\u0433\u0430\u0437\u0438\u043d Xstyle\" \/>\n<meta property=\"og:description\" content=\"\u041a\u0443\u0440\u0442\u043a\u0430 Rab Deep Cover Parka Wmn \u0441 \u0433\u0440\u0430\u0444\u0435\u043d\u043e\u043c: \u0443\u0442\u0435\u043f\u043b\u0435\u043d\u0438\u0435 650FP, \u0437\u0430\u0449\u0438\u0449\u0430\u0435\u0442 \u043e\u0442 \u0432\u0435\u0442\u0440\u0430. \u0423\u0434\u043e\u0431\u043d\u0430\u044f \u043f\u043e\u0441\u0430\u0434\u043a\u0430 \u0438 \u0441\u0442\u0438\u043b\u044c\u043d\u044b\u0439 \u0434\u0438\u0437\u0430\u0439\u043d \u0434\u043b\u044f \u0430\u043a\u0442\u0438\u0432\u043d\u043e\u0433\u043e \u043e\u0442\u0434\u044b\u0445\u0430.\" \/>\n<meta property=\"og:url\" content=\"https:\/\/xstyle.md\/ro\/produs\/kurtka-rab-deep-cover-parka-wmn-graphene\/\" \/>\n<meta property=\"og:site_name\" content=\"\u041c\u0430\u0433\u0430\u0437\u0438\u043d Xstyle\" \/>\n<meta property=\"article:publisher\" content=\"https:\/\/www.facebook.com\/xstylemd\" \/>\n<meta property=\"article:modified_time\" content=\"2026-03-19T13:46:20+00:00\" \/>\n<meta property=\"og:image\" content=\"https:\/\/xstyle.md\/wp-content\/uploads\/2021\/11\/rab-deep-cover-parka-wmn-graphene.jpg\" \/>\n\t<meta property=\"og:image:width\" content=\"1200\" \/>\n\t<meta property=\"og:image:height\" content=\"1200\" \/>\n\t<meta property=\"og:image:type\" content=\"image\/jpeg\" \/>\n<meta name=\"twitter:card\" content=\"summary_large_image\" \/>\n<meta name=\"twitter:label1\" content=\"Pre\u021b\" \/>\n\t<meta name=\"twitter:data1\" content=\"3.990&nbsp;MDL\" \/>\n\t<meta name=\"twitter:label2\" content=\"Disponibilitate\" \/>\n\t<meta name=\"twitter:data2\" content=\"\u00cen stoc\" \/>\n<script type=\"application\/ld+json\" class=\"yoast-schema-graph\">{\"@context\":\"https:\\\/\\\/schema.org\",\"@graph\":[{\"@type\":\"WebPage\",\"@id\":\"https:\\\/\\\/xstyle.md\\\/product\\\/kurtka-rab-deep-cover-parka-wmn-graphene\\\/\",\"url\":\"https:\\\/\\\/xstyle.md\\\/product\\\/kurtka-rab-deep-cover-parka-wmn-graphene\\\/\",\"name\":\"\u041a\u0443\u0440\u0442\u043a\u0430 Rab Deep Cover Parka Wmn graphene - \u041c\u0430\u0433\u0430\u0437\u0438\u043d Xstyle\",\"isPartOf\":{\"@id\":\"https:\\\/\\\/xstyle.md\\\/#website\"},\"primaryImageOfPage\":{\"@id\":\"https:\\\/\\\/xstyle.md\\\/product\\\/kurtka-rab-deep-cover-parka-wmn-graphene\\\/#primaryimage\"},\"image\":{\"@id\":\"https:\\\/\\\/xstyle.md\\\/product\\\/kurtka-rab-deep-cover-parka-wmn-graphene\\\/#primaryimage\"},\"thumbnailUrl\":\"https:\\\/\\\/xstyle.md\\\/wp-content\\\/uploads\\\/2021\\\/11\\\/rab-deep-cover-parka-wmn-graphene.jpg\",\"datePublished\":\"2021-11-10T08:29:13+00:00\",\"dateModified\":\"2026-03-19T13:46:20+00:00\",\"description\":\"\u041a\u0443\u0440\u0442\u043a\u0430 Rab Deep Cover Parka Wmn \u0441 \u0433\u0440\u0430\u0444\u0435\u043d\u043e\u043c: \u0443\u0442\u0435\u043f\u043b\u0435\u043d\u0438\u0435 650FP, \u0437\u0430\u0449\u0438\u0449\u0430\u0435\u0442 \u043e\u0442 \u0432\u0435\u0442\u0440\u0430. \u0423\u0434\u043e\u0431\u043d\u0430\u044f \u043f\u043e\u0441\u0430\u0434\u043a\u0430 \u0438 \u0441\u0442\u0438\u043b\u044c\u043d\u044b\u0439 \u0434\u0438\u0437\u0430\u0439\u043d \u0434\u043b\u044f \u0430\u043a\u0442\u0438\u0432\u043d\u043e\u0433\u043e \u043e\u0442\u0434\u044b\u0445\u0430.\",\"breadcrumb\":{\"@id\":\"https:\\\/\\\/xstyle.md\\\/product\\\/kurtka-rab-deep-cover-parka-wmn-graphene\\\/#breadcrumb\"},\"inLanguage\":\"ro-RO\",\"potentialAction\":[{\"@type\":\"ReadAction\",\"target\":[\"https:\\\/\\\/xstyle.md\\\/product\\\/kurtka-rab-deep-cover-parka-wmn-graphene\\\/\"]}]},{\"@type\":\"ImageObject\",\"inLanguage\":\"ro-RO\",\"@id\":\"https:\\\/\\\/xstyle.md\\\/product\\\/kurtka-rab-deep-cover-parka-wmn-graphene\\\/#primaryimage\",\"url\":\"https:\\\/\\\/xstyle.md\\\/wp-content\\\/uploads\\\/2021\\\/11\\\/rab-deep-cover-parka-wmn-graphene.jpg\",\"contentUrl\":\"https:\\\/\\\/xstyle.md\\\/wp-content\\\/uploads\\\/2021\\\/11\\\/rab-deep-cover-parka-wmn-graphene.jpg\",\"width\":1200,\"height\":1200,\"caption\":\"\u0416\u0435\u043d\u0441\u043a\u0430\u044f \u043a\u0443\u0440\u0442\u043a\u0430 Rab Deep Cover Parka Wmn \u0438\u0437 \u0433\u0440\u0430\u0444\u0435\u043d\u0430 \u0434\u043b\u044f \u0430\u043a\u0442\u0438\u0432\u043d\u043e\u0433\u043e \u043e\u0442\u0434\u044b\u0445\u0430, \u043f\u0443\u0442\u0435\u0448\u0435\u0441\u0442\u0432\u0438\u0439 \u0438 \u043f\u043e\u0445\u043e\u0434\u043e\u0432 \u0432 \u043c\u0430\u0433\u0430\u0437\u0438\u043d\u0435 \u0441\u043f\u043e\u0440\u0442\u0438\u0432\u043d\u043e\u0439 \u043e\u0434\u0435\u0436\u0434\u044b \u0438 \u043e\u0431\u0443\u0432\u0438\"},{\"@type\":\"BreadcrumbList\",\"@id\":\"https:\\\/\\\/xstyle.md\\\/product\\\/kurtka-rab-deep-cover-parka-wmn-graphene\\\/#breadcrumb\",\"itemListElement\":[{\"@type\":\"ListItem\",\"position\":1,\"name\":\"\u0413\u043b\u0430\u0432\u043d\u0430\u044f \u0441\u0442\u0440\u0430\u043d\u0438\u0446\u0430\",\"item\":\"https:\\\/\\\/xstyle.md\\\/\"},{\"@type\":\"ListItem\",\"position\":2,\"name\":\"\u041c\u0430\u0433\u0430\u0437\u0438\u043d\",\"item\":\"https:\\\/\\\/xstyle.md\\\/shop\\\/\"},{\"@type\":\"ListItem\",\"position\":3,\"name\":\"\u041a\u0443\u0440\u0442\u043a\u0430 Rab Deep Cover Parka Wmn graphene\"}]},{\"@type\":\"WebSite\",\"@id\":\"https:\\\/\\\/xstyle.md\\\/#website\",\"url\":\"https:\\\/\\\/xstyle.md\\\/\",\"name\":\"\u041c\u0430\u0433\u0430\u0437\u0438\u043d Xstyle\",\"description\":\"C\u043d\u0430\u0440\u044f\u0436\u0435\u043d\u0438\u0435 \u0434\u043b\u044f \u0442\u0443\u0440\u0438\u0437\u043c\u0430 \u0438 \u044d\u043a\u0441\u0442\u0440\u0435\u043c\u0430\u043b\u044c\u043d\u044b\u0445 \u0432\u0438\u0434\u043e\u0432 \u0441\u043f\u043e\u0440\u0442\u0430 \u0432 \u041c\u043e\u043b\u0434\u043e\u0432\u0435.. \u0426\u0435\u043d\u044b, \u0444\u043e\u0442\u043e, \u0445\u0430\u0440\u0430\u043a\u0442\u0435\u0440\u0438\u0441\u0442\u0438\u043a\u0438 \u0432 \u041c\u043e\u043b\u0434\u043e\u0432\u0435.\",\"publisher\":{\"@id\":\"https:\\\/\\\/xstyle.md\\\/#organization\"},\"alternateName\":\"X-Style\",\"potentialAction\":[{\"@type\":\"SearchAction\",\"target\":{\"@type\":\"EntryPoint\",\"urlTemplate\":\"https:\\\/\\\/xstyle.md\\\/?s={search_term_string}\"},\"query-input\":{\"@type\":\"PropertyValueSpecification\",\"valueRequired\":true,\"valueName\":\"search_term_string\"}}],\"inLanguage\":\"ro-RO\"},{\"@type\":\"Organization\",\"@id\":\"https:\\\/\\\/xstyle.md\\\/#organization\",\"name\":\"\u041c\u0430\u0433\u0430\u0437\u0438\u043d Xstyle\",\"alternateName\":\"x-style\",\"url\":\"https:\\\/\\\/xstyle.md\\\/\",\"logo\":{\"@type\":\"ImageObject\",\"inLanguage\":\"ro-RO\",\"@id\":\"https:\\\/\\\/xstyle.md\\\/#\\\/schema\\\/logo\\\/image\\\/\",\"url\":\"https:\\\/\\\/xstyle.md\\\/wp-content\\\/uploads\\\/2020\\\/06\\\/logoicon.svg\",\"contentUrl\":\"https:\\\/\\\/xstyle.md\\\/wp-content\\\/uploads\\\/2020\\\/06\\\/logoicon.svg\",\"caption\":\"\u041c\u0430\u0433\u0430\u0437\u0438\u043d Xstyle\"},\"image\":{\"@id\":\"https:\\\/\\\/xstyle.md\\\/#\\\/schema\\\/logo\\\/image\\\/\"},\"sameAs\":[\"https:\\\/\\\/www.facebook.com\\\/xstylemd\",\"https:\\\/\\\/www.instagram.com\\\/xstyle_md\\\/\",\"https:\\\/\\\/t.me\\\/xstyle_outdoor\"],\"hasMerchantReturnPolicy\":{\"@type\":\"MerchantReturnPolicy\",\"merchantReturnLink\":\"https:\\\/\\\/xstyle.md\\\/ro\\\/conditions\\\/\"}}]}<\/script>\n<meta property=\"product:price:amount\" content=\"3990.00\" \/>\n<meta property=\"product:price:currency\" content=\"MDL\" \/>\n<meta property=\"og:availability\" content=\"instock\" \/>\n<meta property=\"product:availability\" content=\"instock\" \/>\n<meta property=\"product:retailer_item_id\" content=\"821468985285\" \/>\n<meta property=\"product:condition\" content=\"new\" \/>\n<!-- \/ Yoast SEO plugin. -->","yoast_head_json":{"title":"Geac\u0103 Rab Deep Cover Parka Wmn graphene - Magazin Xstyle","description":"Jacheta Rab Deep Cover Parka Wmn cu grafen: izola\u021bie 650FP, protejeaz\u0103 de v\u00e2nt. Potrivire confortabil\u0103 \u0219i design elegant pentru activit\u0103\u021bi \u00een aer liber.","robots":{"index":"index","follow":"follow","max-snippet":"max-snippet:-1","max-image-preview":"max-image-preview:large","max-video-preview":"max-video-preview:-1"},"canonical":"https:\/\/xstyle.md\/ro\/produs\/kurtka-rab-deep-cover-parka-wmn-graphene\/","og_locale":"ro_RO","og_type":"article","og_title":"\u041a\u0443\u0440\u0442\u043a\u0430 Rab Deep Cover Parka Wmn graphene - \u041c\u0430\u0433\u0430\u0437\u0438\u043d Xstyle","og_description":"\u041a\u0443\u0440\u0442\u043a\u0430 Rab Deep Cover Parka Wmn \u0441 \u0433\u0440\u0430\u0444\u0435\u043d\u043e\u043c: \u0443\u0442\u0435\u043f\u043b\u0435\u043d\u0438\u0435 650FP, \u0437\u0430\u0449\u0438\u0449\u0430\u0435\u0442 \u043e\u0442 \u0432\u0435\u0442\u0440\u0430. \u0423\u0434\u043e\u0431\u043d\u0430\u044f \u043f\u043e\u0441\u0430\u0434\u043a\u0430 \u0438 \u0441\u0442\u0438\u043b\u044c\u043d\u044b\u0439 \u0434\u0438\u0437\u0430\u0439\u043d \u0434\u043b\u044f \u0430\u043a\u0442\u0438\u0432\u043d\u043e\u0433\u043e \u043e\u0442\u0434\u044b\u0445\u0430.","og_url":"https:\/\/xstyle.md\/ro\/produs\/kurtka-rab-deep-cover-parka-wmn-graphene\/","og_site_name":"\u041c\u0430\u0433\u0430\u0437\u0438\u043d Xstyle","article_publisher":"https:\/\/www.facebook.com\/xstylemd","article_modified_time":"2026-03-19T13:46:20+00:00","og_image":[{"width":1200,"height":1200,"url":"https:\/\/xstyle.md\/wp-content\/uploads\/2021\/11\/rab-deep-cover-parka-wmn-graphene.jpg","type":"image\/jpeg"}],"twitter_card":"summary_large_image","twitter_misc":{"Pre\u021b":"3.990&nbsp;MDL","Disponibilitate":"\u00cen stoc"},"schema":{"@context":"https:\/\/schema.org","@graph":[{"@type":"WebPage","@id":"https:\/\/xstyle.md\/product\/kurtka-rab-deep-cover-parka-wmn-graphene\/","url":"https:\/\/xstyle.md\/product\/kurtka-rab-deep-cover-parka-wmn-graphene\/","name":"Geac\u0103 Rab Deep Cover Parka Wmn graphene - Magazin Xstyle","isPartOf":{"@id":"https:\/\/xstyle.md\/#website"},"primaryImageOfPage":{"@id":"https:\/\/xstyle.md\/product\/kurtka-rab-deep-cover-parka-wmn-graphene\/#primaryimage"},"image":{"@id":"https:\/\/xstyle.md\/product\/kurtka-rab-deep-cover-parka-wmn-graphene\/#primaryimage"},"thumbnailUrl":"https:\/\/xstyle.md\/wp-content\/uploads\/2021\/11\/rab-deep-cover-parka-wmn-graphene.jpg","datePublished":"2021-11-10T08:29:13+00:00","dateModified":"2026-03-19T13:46:20+00:00","description":"Jacheta Rab Deep Cover Parka Wmn cu grafen: izola\u021bie 650FP, protejeaz\u0103 de v\u00e2nt. Potrivire confortabil\u0103 \u0219i design elegant pentru activit\u0103\u021bi \u00een aer liber.","breadcrumb":{"@id":"https:\/\/xstyle.md\/product\/kurtka-rab-deep-cover-parka-wmn-graphene\/#breadcrumb"},"inLanguage":"ro-RO","potentialAction":[{"@type":"ReadAction","target":["https:\/\/xstyle.md\/product\/kurtka-rab-deep-cover-parka-wmn-graphene\/"]}]},{"@type":"ImageObject","inLanguage":"ro-RO","@id":"https:\/\/xstyle.md\/product\/kurtka-rab-deep-cover-parka-wmn-graphene\/#primaryimage","url":"https:\/\/xstyle.md\/wp-content\/uploads\/2021\/11\/rab-deep-cover-parka-wmn-graphene.jpg","contentUrl":"https:\/\/xstyle.md\/wp-content\/uploads\/2021\/11\/rab-deep-cover-parka-wmn-graphene.jpg","width":1200,"height":1200,"caption":"\u0416\u0435\u043d\u0441\u043a\u0430\u044f \u043a\u0443\u0440\u0442\u043a\u0430 Rab Deep Cover Parka Wmn \u0438\u0437 \u0433\u0440\u0430\u0444\u0435\u043d\u0430 \u0434\u043b\u044f \u0430\u043a\u0442\u0438\u0432\u043d\u043e\u0433\u043e \u043e\u0442\u0434\u044b\u0445\u0430, \u043f\u0443\u0442\u0435\u0448\u0435\u0441\u0442\u0432\u0438\u0439 \u0438 \u043f\u043e\u0445\u043e\u0434\u043e\u0432 \u0432 \u043c\u0430\u0433\u0430\u0437\u0438\u043d\u0435 \u0441\u043f\u043e\u0440\u0442\u0438\u0432\u043d\u043e\u0439 \u043e\u0434\u0435\u0436\u0434\u044b \u0438 \u043e\u0431\u0443\u0432\u0438"},{"@type":"BreadcrumbList","@id":"https:\/\/xstyle.md\/product\/kurtka-rab-deep-cover-parka-wmn-graphene\/#breadcrumb","itemListElement":[{"@type":"ListItem","position":1,"name":"\u0413\u043b\u0430\u0432\u043d\u0430\u044f \u0441\u0442\u0440\u0430\u043d\u0438\u0446\u0430","item":"https:\/\/xstyle.md\/"},{"@type":"ListItem","position":2,"name":"\u041c\u0430\u0433\u0430\u0437\u0438\u043d","item":"https:\/\/xstyle.md\/shop\/"},{"@type":"ListItem","position":3,"name":"\u041a\u0443\u0440\u0442\u043a\u0430 Rab Deep Cover Parka Wmn graphene"}]},{"@type":"WebSite","@id":"https:\/\/xstyle.md\/#website","url":"https:\/\/xstyle.md\/","name":"Magazinul X-Style","description":"Echipamente pentru turism \u0219i sporturi extreme \u00een Moldova. Pre\u021buri, fotografii, caracteristici \u00een Moldova.","publisher":{"@id":"https:\/\/xstyle.md\/#organization"},"alternateName":"X-Style","potentialAction":[{"@type":"SearchAction","target":{"@type":"EntryPoint","urlTemplate":"https:\/\/xstyle.md\/?s={search_term_string}"},"query-input":{"@type":"PropertyValueSpecification","valueRequired":true,"valueName":"search_term_string"}}],"inLanguage":"ro-RO"},{"@type":"Organization","@id":"https:\/\/xstyle.md\/#organization","name":"Magazinul X-Style","alternateName":"x-style","url":"https:\/\/xstyle.md\/","logo":{"@type":"ImageObject","inLanguage":"ro-RO","@id":"https:\/\/xstyle.md\/#\/schema\/logo\/image\/","url":"https:\/\/xstyle.md\/wp-content\/uploads\/2020\/06\/logoicon.svg","contentUrl":"https:\/\/xstyle.md\/wp-content\/uploads\/2020\/06\/logoicon.svg","caption":"\u041c\u0430\u0433\u0430\u0437\u0438\u043d Xstyle"},"image":{"@id":"https:\/\/xstyle.md\/#\/schema\/logo\/image\/"},"sameAs":["https:\/\/www.facebook.com\/xstylemd","https:\/\/www.instagram.com\/xstyle_md\/","https:\/\/t.me\/xstyle_outdoor"],"hasMerchantReturnPolicy":{"@type":"MerchantReturnPolicy","merchantReturnLink":"https:\/\/xstyle.md\/ro\/conditions\/"}}]},"product_price_amount":"3990.00","product_price_currency":"MDL","og_availability":"instock","product_availability":"instock","product_retailer_item_id":"821468985285","product_condition":"new"},"_links":{"self":[{"href":"https:\/\/xstyle.md\/ro\/wp-json\/wp\/v2\/product\/41299","targetHints":{"allow":["GET"]}}],"collection":[{"href":"https:\/\/xstyle.md\/ro\/wp-json\/wp\/v2\/product"}],"about":[{"href":"https:\/\/xstyle.md\/ro\/wp-json\/wp\/v2\/types\/product"}],"replies":[{"embeddable":true,"href":"https:\/\/xstyle.md\/ro\/wp-json\/wp\/v2\/comments?post=41299"}],"wp:featuredmedia":[{"embeddable":true,"href":"https:\/\/xstyle.md\/ro\/wp-json\/wp\/v2\/media\/48413"}],"wp:attachment":[{"href":"https:\/\/xstyle.md\/ro\/wp-json\/wp\/v2\/media?parent=41299"}],"wp:term":[{"taxonomy":"product_brand","embeddable":true,"href":"https:\/\/xstyle.md\/ro\/wp-json\/wp\/v2\/product_brand?post=41299"},{"taxonomy":"product_cat","embeddable":true,"href":"https:\/\/xstyle.md\/ro\/wp-json\/wp\/v2\/product_cat?post=41299"},{"taxonomy":"product_tag","embeddable":true,"href":"https:\/\/xstyle.md\/ro\/wp-json\/wp\/v2\/product_tag?post=41299"}],"curies":[{"name":"wp","href":"https:\/\/api.w.org\/{rel}","templated":true}]}}