{"id":41286,"date":"2021-11-10T11:29:09","date_gmt":"2021-11-10T08:29:09","guid":{"rendered":"https:\/\/xstyle.md\/?post_type=product&#038;p=41286"},"modified":"2024-10-03T00:00:26","modified_gmt":"2024-10-02T21:00:26","slug":"bryuki-rab-power-stretch-pro-mns-black","status":"publish","type":"product","link":"https:\/\/xstyle.md\/ro\/produs\/bryuki-rab-power-stretch-pro-mns-black\/","title":{"rendered":"Pantaloni Rab Power Stretch Pro Mns black"},"content":{"rendered":"<\/p>\n<p><strong>Rab Power Stretch Pro Mns black<\/strong> &#8212; pantaloni u\u0219ori din fleece pentru utilizare ca strat de baz\u0103 sau intermediar. Confec\u021biona\u021bi din Polartec\u00ae Power Stretch Pro\u00ae, care este foarte rezistent la v\u00e2nt \u0219i abraziune, cu \u00eentindere \u00een 4 direc\u021bii pentru o libertate de mi\u0219care excelent\u0103. Caracteristicile includ cus\u0103turi plate cu volum redus \u0219i o talie elastic\u0103 care elimin\u0103 umezeala. \u021ainuta str\u00e2ns\u0103 permite o suprapunere confortabil\u0103.<\/p>\n<h3>Particularit\u0103\u021bi<\/h3>\n<ul>\n<li>Band\u0103 elastic\u0103 \u00een talie care elimin\u0103 umezeala<\/li>\n<li>Cus\u0103turile plate previn irita\u021biile<\/li>\n<li>Materialul cu uscare rapid\u0103 evacueaz\u0103 rapid umezeala, l\u0103s\u00e2ndu-v\u0103 o senza\u021bie pl\u0103cut\u0103 de prospe\u021bime<\/li>\n<li>Croial\u0103 confortabil\u0103.<\/li>\n<\/ul>\n<h3>Caracteristici<\/h3>\n<ul>\n<li>Material &#8212; 53% poliester, 38% poliamid\u0103, 9% elastan<\/li>\n<li>Sezonul &#8212; prim\u0103var\u0103\/toamn\u0103\/iarn\u0103<\/li>\n<li>Aplicare &#8212; activit\u0103\u021bi \u00een aer liber\/turism\/schi alpin<\/li>\n<li>Model - b\u0103rba\u021bi.<\/li>\n<\/ul>\n<h3>Tehnologie<\/h3>\n<ul>\n<li><strong>Polartec<\/strong>\u00ae <strong>Power Stretch<\/strong>\u00ae <strong>Pro<\/strong> \u2014 este un nou nivel al \u021bes\u0103turilor elastice Polartec\u00ae de baz\u0103. Partea exterioar\u0103 a \u021bes\u0103turii este \u00eent\u0103rit\u0103 cu fibre de nailon, ceea ce confer\u0103 o elasticitate \u0219i mai mare \u00een 4 direc\u021bii, pentru o sus\u021binere excelent\u0103 \u0219i durabilitate a materialului \u00een timpul activit\u0103\u021bii fizice. Structura unic\u0103 a crescut elasticitatea \u0219i rezisten\u021ba la abraziune a \u021bes\u0103turii, p\u0103str\u00e2nd-o \u00een acela\u0219i timp respirabil\u0103 \u0219i confortabil\u0103. Materialul v\u0103 men\u021bine cald f\u0103r\u0103 a v\u0103 limita libertatea de mi\u0219care \u00een timpul activit\u0103\u021bii fizice. Suprafa\u021ba exterioar\u0103 este f\u0103cut\u0103 mai neted\u0103 pentru a reduce frecarea \u0219i riscul de deteriorare atunci c\u00e2nd este purtat\u0103 cu alte straturi de \u00eembr\u0103c\u0103minte. Stratul interior, aflat \u00een contact direct cu pielea, r\u0103m\u00e2ne uscat \u0219i respirabil, elimin\u00e2nd continuu vaporii de umiditate pentru o evaporare rapid\u0103.<\/li>\n<\/ul>\n<h3>Marca<\/h3>\n<p>Rab este un produc\u0103tor britanic de \u00eembr\u0103c\u0103minte \u0219i echipament pentru alpinism \u0219i escalad\u0103, specializat \u00een \u00eembr\u0103c\u0103minte sport tehnic\u0103 de \u00eenalt\u0103 calitate \u0219i avansat\u0103 din punct de vedere tehnologic, izola\u021bie din puf \u0219i c\u0103\u0219ti. De exemplu, cagulele lor sunt printre cele mai bune exemple de pe pia\u021b\u0103, iar sacii lor de dormit se remarc\u0103, de asemenea, prin grija lor.<\/p>\n<p>Compania a fost fondat\u0103 \u00een 1981 de c\u0103tre renumitul alpinist sco\u021bian Rab Carrington. Baz\u00e2ndu-se pe propria experien\u021b\u0103 \u00een numeroase expedi\u021bii, Carrington a creat \u00eembr\u0103c\u0103minte pentru a oferi confort, protec\u021bie \u0219i libertate \u00een mun\u021bi, \u00een drume\u021bii, c\u0103\u021b\u0103rare sau alpinism.<\/p>\n<p>Jachetele din puf, sacii de dormit \u0219i hainele de expedi\u021bie Rab sunt fabricate din puf de g\u00e2sc\u0103 \u0219i ra\u021b\u0103 europene, certificate Responsible Down, ob\u021binute \u00een mod etic. De asemenea, pe puful folosit \u00een hainele \u0219i sacii de dormit se aplic\u0103 o impregnare hidrofug\u0103 f\u0103r\u0103 fluorocarbon, numit\u0103 Nikwax, pentru a preveni \u00eenc\u0103rcarea cu ap\u0103. \u00cen plus, pentru izola\u021bie se folosesc \u0219i materiale sintetice de \u00eenalt\u0103 calitate. \u00cembr\u0103c\u0103mintea Rab a devenit &#171;sinonim\u0103 cu produsele din puf de \u00eenalt\u0103 calitate&#187;.<\/p>\n<p><\/p>","protected":false},"excerpt":{"rendered":"","protected":false},"featured_media":43382,"comment_status":"open","ping_status":"closed","template":"","meta":{"_acf_changed":false,"inline_featured_image":false},"product_brand":[1442],"product_cat":[857],"product_tag":[],"class_list":{"0":"post-41286","1":"product","2":"type-product","3":"status-publish","4":"has-post-thumbnail","6":"product_brand-rab","7":"product_cat-winter-pants-men","9":"first","10":"instock","11":"shipping-taxable","12":"purchasable","13":"product-type-simple"},"acf":[],"yoast_head":"<!-- This site is optimized with the Yoast SEO plugin v27.2 - https:\/\/yoast.com\/product\/yoast-seo-wordpress\/ -->\n<title>\u0411\u0440\u044e\u043a\u0438 Rab Power Stretch Pro Mns black - \u041c\u0430\u0433\u0430\u0437\u0438\u043d Xstyle<\/title>\n<meta name=\"description\" content=\"\u041e\u0442\u043a\u0440\u043e\u0439\u0442\u0435 \u0434\u043b\u044f \u0441\u0435\u0431\u044f \u0431\u0440\u044e\u043a\u0438 Rab Power Stretch Pro Mns black \u0438\u0437 Polartec. \u041b\u0435\u0433\u043a\u0438\u0435, \u0432\u0435\u0442\u0440\u043e\u0437\u0430\u0449\u0438\u0442\u043d\u044b\u0435 \u0438 \u043f\u0440\u043e\u0447\u043d\u044b\u0435, \u0438\u0434\u0435\u0430\u043b\u044c\u043d\u044b \u0434\u043b\u044f \u0430\u043a\u0442\u0438\u0432\u043d\u043e\u0433\u043e \u043e\u0442\u0434\u044b\u0445\u0430 \u0438 \u0437\u0430\u0449\u0438\u0442\u044b.\" \/>\n<meta name=\"robots\" content=\"index, follow, max-snippet:-1, max-image-preview:large, max-video-preview:-1\" \/>\n<link rel=\"canonical\" href=\"https:\/\/xstyle.md\/ro\/produs\/bryuki-rab-power-stretch-pro-mns-black\/\" \/>\n<meta property=\"og:locale\" content=\"ro_RO\" \/>\n<meta property=\"og:type\" content=\"article\" \/>\n<meta property=\"og:title\" content=\"\u0411\u0440\u044e\u043a\u0438 Rab Power Stretch Pro Mns black - \u041c\u0430\u0433\u0430\u0437\u0438\u043d Xstyle\" \/>\n<meta property=\"og:description\" content=\"\u041e\u0442\u043a\u0440\u043e\u0439\u0442\u0435 \u0434\u043b\u044f \u0441\u0435\u0431\u044f \u0431\u0440\u044e\u043a\u0438 Rab Power Stretch Pro Mns black \u0438\u0437 Polartec. \u041b\u0435\u0433\u043a\u0438\u0435, \u0432\u0435\u0442\u0440\u043e\u0437\u0430\u0449\u0438\u0442\u043d\u044b\u0435 \u0438 \u043f\u0440\u043e\u0447\u043d\u044b\u0435, \u0438\u0434\u0435\u0430\u043b\u044c\u043d\u044b \u0434\u043b\u044f \u0430\u043a\u0442\u0438\u0432\u043d\u043e\u0433\u043e \u043e\u0442\u0434\u044b\u0445\u0430 \u0438 \u0437\u0430\u0449\u0438\u0442\u044b.\" \/>\n<meta property=\"og:url\" content=\"https:\/\/xstyle.md\/ro\/produs\/bryuki-rab-power-stretch-pro-mns-black\/\" \/>\n<meta property=\"og:site_name\" content=\"\u041c\u0430\u0433\u0430\u0437\u0438\u043d Xstyle\" \/>\n<meta property=\"article:publisher\" content=\"https:\/\/www.facebook.com\/xstylemd\" \/>\n<meta property=\"article:modified_time\" content=\"2024-10-02T21:00:26+00:00\" \/>\n<meta property=\"og:image\" content=\"https:\/\/xstyle.md\/wp-content\/uploads\/2021\/11\/rab-power-stretch-pro-mns-black.jpg\" \/>\n\t<meta property=\"og:image:width\" content=\"800\" \/>\n\t<meta property=\"og:image:height\" content=\"1200\" \/>\n\t<meta property=\"og:image:type\" content=\"image\/jpeg\" \/>\n<meta name=\"twitter:card\" content=\"summary_large_image\" \/>\n<meta name=\"twitter:label1\" content=\"Pre\u021b\" \/>\n\t<meta name=\"twitter:data1\" content=\"1.390&nbsp;MDL\" \/>\n\t<meta name=\"twitter:label2\" content=\"Disponibilitate\" \/>\n\t<meta name=\"twitter:data2\" content=\"\u00cen stoc\" \/>\n<script type=\"application\/ld+json\" class=\"yoast-schema-graph\">{\"@context\":\"https:\/\/schema.org\",\"@graph\":[{\"@type\":\"WebPage\",\"@id\":\"https:\/\/xstyle.md\/product\/bryuki-rab-power-stretch-pro-mns-black\/\",\"url\":\"https:\/\/xstyle.md\/product\/bryuki-rab-power-stretch-pro-mns-black\/\",\"name\":\"\u0411\u0440\u044e\u043a\u0438 Rab Power Stretch Pro Mns black - \u041c\u0430\u0433\u0430\u0437\u0438\u043d Xstyle\",\"isPartOf\":{\"@id\":\"https:\/\/xstyle.md\/#website\"},\"primaryImageOfPage\":{\"@id\":\"https:\/\/xstyle.md\/product\/bryuki-rab-power-stretch-pro-mns-black\/#primaryimage\"},\"image\":{\"@id\":\"https:\/\/xstyle.md\/product\/bryuki-rab-power-stretch-pro-mns-black\/#primaryimage\"},\"thumbnailUrl\":\"https:\/\/xstyle.md\/wp-content\/uploads\/2021\/11\/rab-power-stretch-pro-mns-black.jpg\",\"datePublished\":\"2021-11-10T08:29:09+00:00\",\"dateModified\":\"2024-10-02T21:00:26+00:00\",\"description\":\"\u041e\u0442\u043a\u0440\u043e\u0439\u0442\u0435 \u0434\u043b\u044f \u0441\u0435\u0431\u044f \u0431\u0440\u044e\u043a\u0438 Rab Power Stretch Pro Mns black \u0438\u0437 Polartec. \u041b\u0435\u0433\u043a\u0438\u0435, \u0432\u0435\u0442\u0440\u043e\u0437\u0430\u0449\u0438\u0442\u043d\u044b\u0435 \u0438 \u043f\u0440\u043e\u0447\u043d\u044b\u0435, \u0438\u0434\u0435\u0430\u043b\u044c\u043d\u044b \u0434\u043b\u044f \u0430\u043a\u0442\u0438\u0432\u043d\u043e\u0433\u043e \u043e\u0442\u0434\u044b\u0445\u0430 \u0438 \u0437\u0430\u0449\u0438\u0442\u044b.\",\"breadcrumb\":{\"@id\":\"https:\/\/xstyle.md\/product\/bryuki-rab-power-stretch-pro-mns-black\/#breadcrumb\"},\"inLanguage\":\"ro-RO\",\"potentialAction\":[{\"@type\":\"ReadAction\",\"target\":[\"https:\/\/xstyle.md\/product\/bryuki-rab-power-stretch-pro-mns-black\/\"]}]},{\"@type\":\"ImageObject\",\"inLanguage\":\"ro-RO\",\"@id\":\"https:\/\/xstyle.md\/product\/bryuki-rab-power-stretch-pro-mns-black\/#primaryimage\",\"url\":\"https:\/\/xstyle.md\/wp-content\/uploads\/2021\/11\/rab-power-stretch-pro-mns-black.jpg\",\"contentUrl\":\"https:\/\/xstyle.md\/wp-content\/uploads\/2021\/11\/rab-power-stretch-pro-mns-black.jpg\",\"width\":800,\"height\":1200,\"caption\":\"\u0422\u0440\u0435\u043d\u0438\u0440\u043e\u0432\u043e\u0447\u043d\u044b\u0435 \u0431\u0440\u044e\u043a\u0438 Rab Power Stretch Pro Mns \u0447\u0435\u0440\u043d\u044b\u0435 \u0434\u043b\u044f \u0430\u043a\u0442\u0438\u0432\u043d\u043e\u0433\u043e \u043e\u0442\u0434\u044b\u0445\u0430 \u043f\u043e\u0445\u043e\u0434\u043e\u0432 \u0438 \u043f\u0443\u0442\u0435\u0448\u0435\u0441\u0442\u0432\u0438\u0439 \u0432 \u0438\u043d\u0442\u0435\u0440\u043d\u0435\u0442 \u043c\u0430\u0433\u0430\u0437\u0438\u043d\u0435 \u0441\u043f\u043e\u0440\u0442\u0438\u0432\u043d\u043e\u0439 \u043e\u0434\u0435\u0436\u0434\u044b \u0438 \u043e\u0431\u0443\u0432\u0438\"},{\"@type\":\"BreadcrumbList\",\"@id\":\"https:\/\/xstyle.md\/product\/bryuki-rab-power-stretch-pro-mns-black\/#breadcrumb\",\"itemListElement\":[{\"@type\":\"ListItem\",\"position\":1,\"name\":\"\u0413\u043b\u0430\u0432\u043d\u0430\u044f \u0441\u0442\u0440\u0430\u043d\u0438\u0446\u0430\",\"item\":\"https:\/\/xstyle.md\/\"},{\"@type\":\"ListItem\",\"position\":2,\"name\":\"\u041c\u0430\u0433\u0430\u0437\u0438\u043d\",\"item\":\"https:\/\/xstyle.md\/shop\/\"},{\"@type\":\"ListItem\",\"position\":3,\"name\":\"\u0411\u0440\u044e\u043a\u0438 Rab Power Stretch Pro Mns black\"}]},{\"@type\":\"WebSite\",\"@id\":\"https:\/\/xstyle.md\/#website\",\"url\":\"https:\/\/xstyle.md\/\",\"name\":\"\u041c\u0430\u0433\u0430\u0437\u0438\u043d Xstyle\",\"description\":\"C\u043d\u0430\u0440\u044f\u0436\u0435\u043d\u0438\u0435 \u0434\u043b\u044f \u0442\u0443\u0440\u0438\u0437\u043c\u0430 \u0438 \u044d\u043a\u0441\u0442\u0440\u0435\u043c\u0430\u043b\u044c\u043d\u044b\u0445 \u0432\u0438\u0434\u043e\u0432 \u0441\u043f\u043e\u0440\u0442\u0430 \u0432 \u041c\u043e\u043b\u0434\u043e\u0432\u0435.. \u0426\u0435\u043d\u044b, \u0444\u043e\u0442\u043e, \u0445\u0430\u0440\u0430\u043a\u0442\u0435\u0440\u0438\u0441\u0442\u0438\u043a\u0438 \u0432 \u041c\u043e\u043b\u0434\u043e\u0432\u0435.\",\"publisher\":{\"@id\":\"https:\/\/xstyle.md\/#organization\"},\"alternateName\":\"X-Style\",\"potentialAction\":[{\"@type\":\"SearchAction\",\"target\":{\"@type\":\"EntryPoint\",\"urlTemplate\":\"https:\/\/xstyle.md\/?s={search_term_string}\"},\"query-input\":{\"@type\":\"PropertyValueSpecification\",\"valueRequired\":true,\"valueName\":\"search_term_string\"}}],\"inLanguage\":\"ro-RO\"},{\"@type\":\"Organization\",\"@id\":\"https:\/\/xstyle.md\/#organization\",\"name\":\"\u041c\u0430\u0433\u0430\u0437\u0438\u043d Xstyle\",\"alternateName\":\"x-style\",\"url\":\"https:\/\/xstyle.md\/\",\"logo\":{\"@type\":\"ImageObject\",\"inLanguage\":\"ro-RO\",\"@id\":\"https:\/\/xstyle.md\/#\/schema\/logo\/image\/\",\"url\":\"https:\/\/xstyle.md\/wp-content\/uploads\/2020\/06\/logoicon.svg\",\"contentUrl\":\"https:\/\/xstyle.md\/wp-content\/uploads\/2020\/06\/logoicon.svg\",\"caption\":\"\u041c\u0430\u0433\u0430\u0437\u0438\u043d Xstyle\"},\"image\":{\"@id\":\"https:\/\/xstyle.md\/#\/schema\/logo\/image\/\"},\"sameAs\":[\"https:\/\/www.facebook.com\/xstylemd\",\"https:\/\/www.instagram.com\/xstyle_md\/\",\"https:\/\/t.me\/xstyle_outdoor\"],\"hasMerchantReturnPolicy\":{\"@type\":\"MerchantReturnPolicy\",\"merchantReturnLink\":\"https:\/\/xstyle.md\/ro\/conditions\/\"}}]}<\/script>\n<meta property=\"product:price:amount\" content=\"1390.00\" \/>\n<meta property=\"product:price:currency\" content=\"MDL\" \/>\n<meta property=\"og:availability\" content=\"instock\" \/>\n<meta property=\"product:availability\" content=\"instock\" \/>\n<meta property=\"product:retailer_item_id\" content=\"821468605817\" \/>\n<meta property=\"product:condition\" content=\"new\" \/>\n<!-- \/ Yoast SEO plugin. -->","yoast_head_json":{"title":"Pantaloni Rab Power Stretch Pro Mns black - Magazin Xstyle","description":"Descoperi\u021bi pantalonii Rab Power Stretch Pro Mns black din Polartec. U\u0219ori, rezisten\u021bi la v\u00e2nt \u0219i durabili, ideali pentru activit\u0103\u021bi recreative \u0219i protec\u021bie.","robots":{"index":"index","follow":"follow","max-snippet":"max-snippet:-1","max-image-preview":"max-image-preview:large","max-video-preview":"max-video-preview:-1"},"canonical":"https:\/\/xstyle.md\/ro\/produs\/bryuki-rab-power-stretch-pro-mns-black\/","og_locale":"ro_RO","og_type":"article","og_title":"\u0411\u0440\u044e\u043a\u0438 Rab Power Stretch Pro Mns black - \u041c\u0430\u0433\u0430\u0437\u0438\u043d Xstyle","og_description":"\u041e\u0442\u043a\u0440\u043e\u0439\u0442\u0435 \u0434\u043b\u044f \u0441\u0435\u0431\u044f \u0431\u0440\u044e\u043a\u0438 Rab Power Stretch Pro Mns black \u0438\u0437 Polartec. \u041b\u0435\u0433\u043a\u0438\u0435, \u0432\u0435\u0442\u0440\u043e\u0437\u0430\u0449\u0438\u0442\u043d\u044b\u0435 \u0438 \u043f\u0440\u043e\u0447\u043d\u044b\u0435, \u0438\u0434\u0435\u0430\u043b\u044c\u043d\u044b \u0434\u043b\u044f \u0430\u043a\u0442\u0438\u0432\u043d\u043e\u0433\u043e \u043e\u0442\u0434\u044b\u0445\u0430 \u0438 \u0437\u0430\u0449\u0438\u0442\u044b.","og_url":"https:\/\/xstyle.md\/ro\/produs\/bryuki-rab-power-stretch-pro-mns-black\/","og_site_name":"\u041c\u0430\u0433\u0430\u0437\u0438\u043d Xstyle","article_publisher":"https:\/\/www.facebook.com\/xstylemd","article_modified_time":"2024-10-02T21:00:26+00:00","og_image":[{"width":800,"height":1200,"url":"https:\/\/xstyle.md\/wp-content\/uploads\/2021\/11\/rab-power-stretch-pro-mns-black.jpg","type":"image\/jpeg"}],"twitter_card":"summary_large_image","twitter_misc":{"Pre\u021b":"1.390&nbsp;MDL","Disponibilitate":"\u00cen stoc"},"schema":{"@context":"https:\/\/schema.org","@graph":[{"@type":"WebPage","@id":"https:\/\/xstyle.md\/product\/bryuki-rab-power-stretch-pro-mns-black\/","url":"https:\/\/xstyle.md\/product\/bryuki-rab-power-stretch-pro-mns-black\/","name":"Pantaloni Rab Power Stretch Pro Mns black - Magazin Xstyle","isPartOf":{"@id":"https:\/\/xstyle.md\/#website"},"primaryImageOfPage":{"@id":"https:\/\/xstyle.md\/product\/bryuki-rab-power-stretch-pro-mns-black\/#primaryimage"},"image":{"@id":"https:\/\/xstyle.md\/product\/bryuki-rab-power-stretch-pro-mns-black\/#primaryimage"},"thumbnailUrl":"https:\/\/xstyle.md\/wp-content\/uploads\/2021\/11\/rab-power-stretch-pro-mns-black.jpg","datePublished":"2021-11-10T08:29:09+00:00","dateModified":"2024-10-02T21:00:26+00:00","description":"Descoperi\u021bi pantalonii Rab Power Stretch Pro Mns black din Polartec. U\u0219ori, rezisten\u021bi la v\u00e2nt \u0219i durabili, ideali pentru activit\u0103\u021bi recreative \u0219i protec\u021bie.","breadcrumb":{"@id":"https:\/\/xstyle.md\/product\/bryuki-rab-power-stretch-pro-mns-black\/#breadcrumb"},"inLanguage":"ro-RO","potentialAction":[{"@type":"ReadAction","target":["https:\/\/xstyle.md\/product\/bryuki-rab-power-stretch-pro-mns-black\/"]}]},{"@type":"ImageObject","inLanguage":"ro-RO","@id":"https:\/\/xstyle.md\/product\/bryuki-rab-power-stretch-pro-mns-black\/#primaryimage","url":"https:\/\/xstyle.md\/wp-content\/uploads\/2021\/11\/rab-power-stretch-pro-mns-black.jpg","contentUrl":"https:\/\/xstyle.md\/wp-content\/uploads\/2021\/11\/rab-power-stretch-pro-mns-black.jpg","width":800,"height":1200,"caption":"\u0422\u0440\u0435\u043d\u0438\u0440\u043e\u0432\u043e\u0447\u043d\u044b\u0435 \u0431\u0440\u044e\u043a\u0438 Rab Power Stretch Pro Mns \u0447\u0435\u0440\u043d\u044b\u0435 \u0434\u043b\u044f \u0430\u043a\u0442\u0438\u0432\u043d\u043e\u0433\u043e \u043e\u0442\u0434\u044b\u0445\u0430 \u043f\u043e\u0445\u043e\u0434\u043e\u0432 \u0438 \u043f\u0443\u0442\u0435\u0448\u0435\u0441\u0442\u0432\u0438\u0439 \u0432 \u0438\u043d\u0442\u0435\u0440\u043d\u0435\u0442 \u043c\u0430\u0433\u0430\u0437\u0438\u043d\u0435 \u0441\u043f\u043e\u0440\u0442\u0438\u0432\u043d\u043e\u0439 \u043e\u0434\u0435\u0436\u0434\u044b \u0438 \u043e\u0431\u0443\u0432\u0438"},{"@type":"BreadcrumbList","@id":"https:\/\/xstyle.md\/product\/bryuki-rab-power-stretch-pro-mns-black\/#breadcrumb","itemListElement":[{"@type":"ListItem","position":1,"name":"\u0413\u043b\u0430\u0432\u043d\u0430\u044f \u0441\u0442\u0440\u0430\u043d\u0438\u0446\u0430","item":"https:\/\/xstyle.md\/"},{"@type":"ListItem","position":2,"name":"\u041c\u0430\u0433\u0430\u0437\u0438\u043d","item":"https:\/\/xstyle.md\/shop\/"},{"@type":"ListItem","position":3,"name":"\u0411\u0440\u044e\u043a\u0438 Rab Power Stretch Pro Mns black"}]},{"@type":"WebSite","@id":"https:\/\/xstyle.md\/#website","url":"https:\/\/xstyle.md\/","name":"Magazinul X-Style","description":"Echipamente pentru turism \u0219i sporturi extreme \u00een Moldova. Pre\u021buri, fotografii, caracteristici \u00een Moldova.","publisher":{"@id":"https:\/\/xstyle.md\/#organization"},"alternateName":"X-Style","potentialAction":[{"@type":"SearchAction","target":{"@type":"EntryPoint","urlTemplate":"https:\/\/xstyle.md\/?s={search_term_string}"},"query-input":{"@type":"PropertyValueSpecification","valueRequired":true,"valueName":"search_term_string"}}],"inLanguage":"ro-RO"},{"@type":"Organization","@id":"https:\/\/xstyle.md\/#organization","name":"Magazinul X-Style","alternateName":"x-style","url":"https:\/\/xstyle.md\/","logo":{"@type":"ImageObject","inLanguage":"ro-RO","@id":"https:\/\/xstyle.md\/#\/schema\/logo\/image\/","url":"https:\/\/xstyle.md\/wp-content\/uploads\/2020\/06\/logoicon.svg","contentUrl":"https:\/\/xstyle.md\/wp-content\/uploads\/2020\/06\/logoicon.svg","caption":"\u041c\u0430\u0433\u0430\u0437\u0438\u043d Xstyle"},"image":{"@id":"https:\/\/xstyle.md\/#\/schema\/logo\/image\/"},"sameAs":["https:\/\/www.facebook.com\/xstylemd","https:\/\/www.instagram.com\/xstyle_md\/","https:\/\/t.me\/xstyle_outdoor"],"hasMerchantReturnPolicy":{"@type":"MerchantReturnPolicy","merchantReturnLink":"https:\/\/xstyle.md\/ro\/conditions\/"}}]},"product_price_amount":"1390.00","product_price_currency":"MDL","og_availability":"instock","product_availability":"instock","product_retailer_item_id":"821468605817","product_condition":"new"},"post_mailing_queue_ids":[],"_links":{"self":[{"href":"https:\/\/xstyle.md\/ro\/wp-json\/wp\/v2\/product\/41286","targetHints":{"allow":["GET"]}}],"collection":[{"href":"https:\/\/xstyle.md\/ro\/wp-json\/wp\/v2\/product"}],"about":[{"href":"https:\/\/xstyle.md\/ro\/wp-json\/wp\/v2\/types\/product"}],"replies":[{"embeddable":true,"href":"https:\/\/xstyle.md\/ro\/wp-json\/wp\/v2\/comments?post=41286"}],"wp:featuredmedia":[{"embeddable":true,"href":"https:\/\/xstyle.md\/ro\/wp-json\/wp\/v2\/media\/43382"}],"wp:attachment":[{"href":"https:\/\/xstyle.md\/ro\/wp-json\/wp\/v2\/media?parent=41286"}],"wp:term":[{"taxonomy":"product_brand","embeddable":true,"href":"https:\/\/xstyle.md\/ro\/wp-json\/wp\/v2\/product_brand?post=41286"},{"taxonomy":"product_cat","embeddable":true,"href":"https:\/\/xstyle.md\/ro\/wp-json\/wp\/v2\/product_cat?post=41286"},{"taxonomy":"product_tag","embeddable":true,"href":"https:\/\/xstyle.md\/ro\/wp-json\/wp\/v2\/product_tag?post=41286"}],"curies":[{"name":"wp","href":"https:\/\/api.w.org\/{rel}","templated":true}]}}