{"id":41267,"date":"2021-11-10T11:29:01","date_gmt":"2021-11-10T08:29:01","guid":{"rendered":"https:\/\/xstyle.md\/?post_type=product&#038;p=41267"},"modified":"2026-03-19T16:46:16","modified_gmt":"2026-03-19T13:46:16","slug":"termofutbolka-accapi-x-country-ss-wmn-navy","status":"publish","type":"product","link":"https:\/\/xstyle.md\/ro\/produs\/termofutbolka-accapi-x-country-ss-wmn-navy\/","title":{"rendered":"Tricou termic Accapi X-Country SS Wmn navy"},"content":{"rendered":"<\/p>\n<p><strong>Accapi X-Country SS<\/strong>\u00a0&#8212; tricou termic sportiv universal din material elastic, datorit\u0103 c\u0103ruia se potrive\u0219te perfect corpului, f\u0103r\u0103 s\u0103 provoace disconfort \u0219i f\u0103r\u0103 s\u0103 limiteze mi\u0219c\u0103rile. Datorit\u0103 con\u021binutului ridicat de polipropilen\u0103, elimin\u0103 perfect umiditatea de pe suprafa\u021ba pielii, chiar \u0219i atunci c\u00e2nd transpiri mult. Potrivit\u0103 pentru utilizarea zilnic\u0103, pentru sport, pentru vacan\u021be active, pentru fiecare zi \u00een orice vreme.<\/p>\n<p>Gama de lenjerie de corp termic\u0103 X-Country este conceput\u0103 pentru disciplinele care implic\u0103 efort aerobic ciclic, cum ar fi schiul \u0219i drume\u021biile. Este o lenjerie de corp termic\u0103 f\u0103r\u0103 cus\u0103turi, foarte elastic\u0103, care nu limiteaz\u0103 mi\u0219carea \u00een toate situa\u021biile extreme din disciplinele sportive. Al doilea strat al lenjeriei de corp termice, care este \u00een contact cu pielea, transport\u0103 umiditatea din interior spre exterior. Polipropilena este u\u0219oar\u0103 \u0219i are o respirabilitate excelent\u0103. Nu absoarbe umezeala, se usuc\u0103 surprinz\u0103tor de repede \u0219i garanteaz\u0103 o senza\u021bie pl\u0103cut\u0103 de piele uscat\u0103. Propriet\u0103\u021bile bune de termoreglare men\u021bin constant\u0103 temperatura corpului \u00een cazul schimb\u0103rilor climatice extreme. Impregnarea antibacterian\u0103 previne formarea de mirosuri nepl\u0103cute.<\/p>\n<h3>Particularit\u0103\u021bi<\/h3>\n<ul>\n<li>Se potrive\u0219te str\u00e2ns<\/li>\n<li>\u021aes\u0103tur\u0103 cu strat dublu care elimin\u0103 umezeala, l\u0103s\u00e2nd pielea uscat\u0103<\/li>\n<li>Men\u021bine un microclimat optim, indiferent de condi\u021biile meteorologice &#8212; \u00een timpul \u0219i dup\u0103 activit\u0103\u021bile sportive.<\/li>\n<li>Extrem de elastic \u0219i moale, absolut nerestrictiv.<\/li>\n<li>Tehnologie de t\u0103iere circular\u0103 3D f\u0103r\u0103 cus\u0103turi<\/li>\n<li>Potrivit pentru condi\u021bii meteo reci \u0219i calde<\/li>\n<li>Interval de temperatur\u0103: +15 &#8230; -10 \u00b0C.<\/li>\n<\/ul>\n<h3>Caracteristici<\/h3>\n<ul>\n<li>Sezon &#8212; iarn\u0103\/demisezon<\/li>\n<li>Compozi\u021bie &#8212; 73% polipropilen\u0103, 21% nailon, 6% elastan<\/li>\n<li>Aplicare &#8212; activit\u0103\u021bi \u00een aer liber\/turism\/snowboarding\/schiuri<\/li>\n<li>Model &#8212; feminin.<\/li>\n<\/ul>\n<h3>Tehnologie<\/h3>\n<ul>\n<li><strong>Micro Stripes Zone<\/strong> \u2014 zon\u0103 cu rezisten\u021b\u0103 \u00eembun\u0103t\u0103\u021bit\u0103 la uzur\u0103.<\/li>\n<li><strong>Connecting Ribs<\/strong> \u2014 o\u00a0conexiune structural\u0103 pentru o mai bun\u0103 rezisten\u021b\u0103 care sus\u021bine mu\u0219chii de pe spate, abdomen, bra\u021be \u0219i picioare.<\/li>\n<li><strong>Armpit Ventilating Zone<\/strong> \u2014 zone cu o densitate mai mic\u0103 a \u021bes\u0103turii pentru o mai bun\u0103 circula\u021bie a aerului \u00een zona axilei \u0219i \u00een alte zone critice.<\/li>\n<\/ul>\n<h3>Marca<\/h3>\n<p>Compania italian\u0103 Accapi este un exemplu al modului \u00een care tradi\u021biile vechi \u0219i experien\u021ba trecutului tr\u0103iesc \u00een armonie perfect\u0103 cu cele mai avansate tehnologii \u0219i echipamente moderne. \u00cenfiin\u021bat\u0103 \u00een 1958 de familia Chiaruttini, care ini\u021bial producea \u0219osete obi\u0219nuite, \u0219i dup\u0103 ce a acumulat o experien\u021b\u0103 considerabil\u0103, \u00een 1994 compania a \u00eenceput s\u0103 produc\u0103 \u0219osete tehnologice pentru toate sporturile. De trei genera\u021bii, produc\u021bia de lenjerie de corp termic\u0103 este o afacere de familie, ceea ce garanteaz\u0103 constan\u021ba unei calit\u0103\u021bi ridicate, deoarece toate modelele sunt produse \u00een propria fabric\u0103 din Italia. Introducerea de noi tehnologii \u00een 2006 a permis extinderea liniei de produse \u0219i revizuirea calitativ\u0103 a modelelor existente. \u00cen acela\u0219i timp, pre\u021burile pentru Accapi au r\u0103mas la acela\u0219i nivel. Marca Accapi este sponsorul a diver\u0219i sportivi din ciclismul de \u0219osea, cursele de motociclete, atletism, schi alpin, inclusiv medalia\u021bi olimpici.<\/p>\n<p><\/p>","protected":false},"excerpt":{"rendered":"","protected":false},"featured_media":53909,"comment_status":"open","ping_status":"closed","template":"","meta":{"_acf_changed":false,"inline_featured_image":false},"product_brand":[1407],"product_cat":[274],"product_tag":[],"class_list":{"0":"post-41267","1":"product","2":"type-product","3":"status-publish","4":"has-post-thumbnail","6":"product_brand-accapi","7":"product_cat-thermals-femei","9":"first","10":"instock","11":"shipping-taxable","12":"purchasable","13":"product-type-simple"},"acf":[],"yoast_head":"<!-- This site is optimized with the Yoast SEO plugin v27.2 - https:\/\/yoast.com\/product\/yoast-seo-wordpress\/ -->\n<title>\u0422\u0435\u0440\u043c\u043e\u0444\u0443\u0442\u0431\u043e\u043b\u043a\u0430 Accapi X-Country SS Wmn navy - \u041c\u0430\u0433\u0430\u0437\u0438\u043d Xstyle<\/title>\n<meta name=\"description\" content=\"\u0422\u0435\u0440\u043c\u043e\u0444\u0443\u0442\u0431\u043e\u043b\u043a\u0430 Accapi X-Country SS Wmn navy \u2013 \u0438\u0434\u0435\u0430\u043b\u044c\u043d\u044b\u0439 \u0432\u044b\u0431\u043e\u0440 \u0434\u043b\u044f \u0430\u043a\u0442\u0438\u0432\u043d\u044b\u0445 \u0442\u0440\u0435\u043d\u0438\u0440\u043e\u0432\u043e\u043a. \u041b\u0435\u0433\u043a\u0430\u044f, \u044d\u043b\u0430\u0441\u0442\u0438\u0447\u043d\u0430\u044f \u0438 \u043e\u0442\u043b\u0438\u0447\u043d\u043e \u043e\u0442\u0432\u043e\u0434\u0438\u0442 \u0432\u043b\u0430\u0433\u0443. \u041e\u0431\u0435\u0441\u043f\u0435\u0447\u044c \u043a\u043e\u043c\u0444\u043e\u0440\u0442!\" \/>\n<meta name=\"robots\" content=\"index, follow, max-snippet:-1, max-image-preview:large, max-video-preview:-1\" \/>\n<link rel=\"canonical\" href=\"https:\/\/xstyle.md\/ro\/produs\/termofutbolka-accapi-x-country-ss-wmn-navy\/\" \/>\n<meta property=\"og:locale\" content=\"ro_RO\" \/>\n<meta property=\"og:type\" content=\"article\" \/>\n<meta property=\"og:title\" content=\"\u0422\u0435\u0440\u043c\u043e\u0444\u0443\u0442\u0431\u043e\u043b\u043a\u0430 Accapi X-Country SS Wmn navy - \u041c\u0430\u0433\u0430\u0437\u0438\u043d Xstyle\" \/>\n<meta property=\"og:description\" content=\"\u0422\u0435\u0440\u043c\u043e\u0444\u0443\u0442\u0431\u043e\u043b\u043a\u0430 Accapi X-Country SS Wmn navy \u2013 \u0438\u0434\u0435\u0430\u043b\u044c\u043d\u044b\u0439 \u0432\u044b\u0431\u043e\u0440 \u0434\u043b\u044f \u0430\u043a\u0442\u0438\u0432\u043d\u044b\u0445 \u0442\u0440\u0435\u043d\u0438\u0440\u043e\u0432\u043e\u043a. \u041b\u0435\u0433\u043a\u0430\u044f, \u044d\u043b\u0430\u0441\u0442\u0438\u0447\u043d\u0430\u044f \u0438 \u043e\u0442\u043b\u0438\u0447\u043d\u043e \u043e\u0442\u0432\u043e\u0434\u0438\u0442 \u0432\u043b\u0430\u0433\u0443. \u041e\u0431\u0435\u0441\u043f\u0435\u0447\u044c \u043a\u043e\u043c\u0444\u043e\u0440\u0442!\" \/>\n<meta property=\"og:url\" content=\"https:\/\/xstyle.md\/ro\/produs\/termofutbolka-accapi-x-country-ss-wmn-navy\/\" \/>\n<meta property=\"og:site_name\" content=\"\u041c\u0430\u0433\u0430\u0437\u0438\u043d Xstyle\" \/>\n<meta property=\"article:publisher\" content=\"https:\/\/www.facebook.com\/xstylemd\" \/>\n<meta property=\"article:modified_time\" content=\"2026-03-19T13:46:16+00:00\" \/>\n<meta property=\"og:image\" content=\"https:\/\/xstyle.md\/wp-content\/uploads\/2021\/11\/accapi-x-country-ss-wmn-navy-0.jpg\" \/>\n\t<meta property=\"og:image:width\" content=\"1345\" \/>\n\t<meta property=\"og:image:height\" content=\"1501\" \/>\n\t<meta property=\"og:image:type\" content=\"image\/jpeg\" \/>\n<meta name=\"twitter:card\" content=\"summary_large_image\" \/>\n<meta name=\"twitter:label1\" content=\"Pre\u021b\" \/>\n\t<meta name=\"twitter:data1\" content=\"1.120&nbsp;MDL\" \/>\n\t<meta name=\"twitter:label2\" content=\"Disponibilitate\" \/>\n\t<meta name=\"twitter:data2\" content=\"\u00cen stoc\" \/>\n<script type=\"application\/ld+json\" class=\"yoast-schema-graph\">{\"@context\":\"https:\/\/schema.org\",\"@graph\":[{\"@type\":\"WebPage\",\"@id\":\"https:\/\/xstyle.md\/product\/termofutbolka-accapi-x-country-ss-wmn-navy\/\",\"url\":\"https:\/\/xstyle.md\/product\/termofutbolka-accapi-x-country-ss-wmn-navy\/\",\"name\":\"\u0422\u0435\u0440\u043c\u043e\u0444\u0443\u0442\u0431\u043e\u043b\u043a\u0430 Accapi X-Country SS Wmn navy - \u041c\u0430\u0433\u0430\u0437\u0438\u043d Xstyle\",\"isPartOf\":{\"@id\":\"https:\/\/xstyle.md\/#website\"},\"primaryImageOfPage\":{\"@id\":\"https:\/\/xstyle.md\/product\/termofutbolka-accapi-x-country-ss-wmn-navy\/#primaryimage\"},\"image\":{\"@id\":\"https:\/\/xstyle.md\/product\/termofutbolka-accapi-x-country-ss-wmn-navy\/#primaryimage\"},\"thumbnailUrl\":\"https:\/\/xstyle.md\/wp-content\/uploads\/2021\/11\/accapi-x-country-ss-wmn-navy-0.jpg\",\"datePublished\":\"2021-11-10T08:29:01+00:00\",\"dateModified\":\"2026-03-19T13:46:16+00:00\",\"description\":\"\u0422\u0435\u0440\u043c\u043e\u0444\u0443\u0442\u0431\u043e\u043b\u043a\u0430 Accapi X-Country SS Wmn navy \u2013 \u0438\u0434\u0435\u0430\u043b\u044c\u043d\u044b\u0439 \u0432\u044b\u0431\u043e\u0440 \u0434\u043b\u044f \u0430\u043a\u0442\u0438\u0432\u043d\u044b\u0445 \u0442\u0440\u0435\u043d\u0438\u0440\u043e\u0432\u043e\u043a. \u041b\u0435\u0433\u043a\u0430\u044f, \u044d\u043b\u0430\u0441\u0442\u0438\u0447\u043d\u0430\u044f \u0438 \u043e\u0442\u043b\u0438\u0447\u043d\u043e \u043e\u0442\u0432\u043e\u0434\u0438\u0442 \u0432\u043b\u0430\u0433\u0443. \u041e\u0431\u0435\u0441\u043f\u0435\u0447\u044c \u043a\u043e\u043c\u0444\u043e\u0440\u0442!\",\"breadcrumb\":{\"@id\":\"https:\/\/xstyle.md\/product\/termofutbolka-accapi-x-country-ss-wmn-navy\/#breadcrumb\"},\"inLanguage\":\"ro-RO\",\"potentialAction\":[{\"@type\":\"ReadAction\",\"target\":[\"https:\/\/xstyle.md\/product\/termofutbolka-accapi-x-country-ss-wmn-navy\/\"]}]},{\"@type\":\"ImageObject\",\"inLanguage\":\"ro-RO\",\"@id\":\"https:\/\/xstyle.md\/product\/termofutbolka-accapi-x-country-ss-wmn-navy\/#primaryimage\",\"url\":\"https:\/\/xstyle.md\/wp-content\/uploads\/2021\/11\/accapi-x-country-ss-wmn-navy-0.jpg\",\"contentUrl\":\"https:\/\/xstyle.md\/wp-content\/uploads\/2021\/11\/accapi-x-country-ss-wmn-navy-0.jpg\",\"width\":1345,\"height\":1501,\"caption\":\"\u0422\u0435\u0440\u043c\u043e\u0444\u0443\u0442\u0431\u043e\u043b\u043a\u0430 Accapi X-Country SS Wmn navy \u0434\u043b\u044f \u0430\u043a\u0442\u0438\u0432\u043d\u043e\u0433\u043e \u043e\u0442\u0434\u044b\u0445\u0430 \u0438 \u0442\u0443\u0440\u0438\u0437\u043c\u0430, \u043e\u0434\u0435\u0436\u0434\u0430 \u0438 \u043e\u0431\u0443\u0432\u044c \u0434\u043b\u044f \u043f\u043e\u0445\u043e\u0434\u043e\u0432, \u0445\u0430\u0439\u043a\u0438\u043d\u0433\u0430 \u0438 \u0430\u043b\u044c\u043f\u0438\u043d\u0438\u0437\u043c\u0430 \u0432 \u0438\u043d\u0442\u0435\u0440\u043d\u0435\u0442-\u043c\u0430\u0433\u0430\u0437\u0438\u043d\u0435\"},{\"@type\":\"BreadcrumbList\",\"@id\":\"https:\/\/xstyle.md\/product\/termofutbolka-accapi-x-country-ss-wmn-navy\/#breadcrumb\",\"itemListElement\":[{\"@type\":\"ListItem\",\"position\":1,\"name\":\"\u0413\u043b\u0430\u0432\u043d\u0430\u044f \u0441\u0442\u0440\u0430\u043d\u0438\u0446\u0430\",\"item\":\"https:\/\/xstyle.md\/\"},{\"@type\":\"ListItem\",\"position\":2,\"name\":\"\u041c\u0430\u0433\u0430\u0437\u0438\u043d\",\"item\":\"https:\/\/xstyle.md\/shop\/\"},{\"@type\":\"ListItem\",\"position\":3,\"name\":\"\u0422\u0435\u0440\u043c\u043e\u0444\u0443\u0442\u0431\u043e\u043b\u043a\u0430 Accapi X-Country SS Wmn navy\"}]},{\"@type\":\"WebSite\",\"@id\":\"https:\/\/xstyle.md\/#website\",\"url\":\"https:\/\/xstyle.md\/\",\"name\":\"\u041c\u0430\u0433\u0430\u0437\u0438\u043d Xstyle\",\"description\":\"C\u043d\u0430\u0440\u044f\u0436\u0435\u043d\u0438\u0435 \u0434\u043b\u044f \u0442\u0443\u0440\u0438\u0437\u043c\u0430 \u0438 \u044d\u043a\u0441\u0442\u0440\u0435\u043c\u0430\u043b\u044c\u043d\u044b\u0445 \u0432\u0438\u0434\u043e\u0432 \u0441\u043f\u043e\u0440\u0442\u0430 \u0432 \u041c\u043e\u043b\u0434\u043e\u0432\u0435.. \u0426\u0435\u043d\u044b, \u0444\u043e\u0442\u043e, \u0445\u0430\u0440\u0430\u043a\u0442\u0435\u0440\u0438\u0441\u0442\u0438\u043a\u0438 \u0432 \u041c\u043e\u043b\u0434\u043e\u0432\u0435.\",\"publisher\":{\"@id\":\"https:\/\/xstyle.md\/#organization\"},\"alternateName\":\"X-Style\",\"potentialAction\":[{\"@type\":\"SearchAction\",\"target\":{\"@type\":\"EntryPoint\",\"urlTemplate\":\"https:\/\/xstyle.md\/?s={search_term_string}\"},\"query-input\":{\"@type\":\"PropertyValueSpecification\",\"valueRequired\":true,\"valueName\":\"search_term_string\"}}],\"inLanguage\":\"ro-RO\"},{\"@type\":\"Organization\",\"@id\":\"https:\/\/xstyle.md\/#organization\",\"name\":\"\u041c\u0430\u0433\u0430\u0437\u0438\u043d Xstyle\",\"alternateName\":\"x-style\",\"url\":\"https:\/\/xstyle.md\/\",\"logo\":{\"@type\":\"ImageObject\",\"inLanguage\":\"ro-RO\",\"@id\":\"https:\/\/xstyle.md\/#\/schema\/logo\/image\/\",\"url\":\"https:\/\/xstyle.md\/wp-content\/uploads\/2020\/06\/logoicon.svg\",\"contentUrl\":\"https:\/\/xstyle.md\/wp-content\/uploads\/2020\/06\/logoicon.svg\",\"caption\":\"\u041c\u0430\u0433\u0430\u0437\u0438\u043d Xstyle\"},\"image\":{\"@id\":\"https:\/\/xstyle.md\/#\/schema\/logo\/image\/\"},\"sameAs\":[\"https:\/\/www.facebook.com\/xstylemd\",\"https:\/\/www.instagram.com\/xstyle_md\/\",\"https:\/\/t.me\/xstyle_outdoor\"],\"hasMerchantReturnPolicy\":{\"@type\":\"MerchantReturnPolicy\",\"merchantReturnLink\":\"https:\/\/xstyle.md\/ro\/conditions\/\"}}]}<\/script>\n<meta property=\"product:price:amount\" content=\"1120.00\" \/>\n<meta property=\"product:price:currency\" content=\"MDL\" \/>\n<meta property=\"og:availability\" content=\"instock\" \/>\n<meta property=\"product:availability\" content=\"instock\" \/>\n<meta property=\"product:retailer_item_id\" content=\"8300416244039\" \/>\n<meta property=\"product:condition\" content=\"new\" \/>\n<!-- \/ Yoast SEO plugin. -->","yoast_head_json":{"title":"Tricou termic Accapi X-Country SS Wmn navy - Magazin Xstyle","description":"Tricou termic Accapi X-Country SS Wmn navy \u2013 alegerea perfect\u0103 pentru antrenamente active. U\u0219or, elastic \u0219i \u00eendep\u0103rteaz\u0103 excelent umiditatea. Asigur\u0103 confort!","robots":{"index":"index","follow":"follow","max-snippet":"max-snippet:-1","max-image-preview":"max-image-preview:large","max-video-preview":"max-video-preview:-1"},"canonical":"https:\/\/xstyle.md\/ro\/produs\/termofutbolka-accapi-x-country-ss-wmn-navy\/","og_locale":"ro_RO","og_type":"article","og_title":"\u0422\u0435\u0440\u043c\u043e\u0444\u0443\u0442\u0431\u043e\u043b\u043a\u0430 Accapi X-Country SS Wmn navy - \u041c\u0430\u0433\u0430\u0437\u0438\u043d Xstyle","og_description":"\u0422\u0435\u0440\u043c\u043e\u0444\u0443\u0442\u0431\u043e\u043b\u043a\u0430 Accapi X-Country SS Wmn navy \u2013 \u0438\u0434\u0435\u0430\u043b\u044c\u043d\u044b\u0439 \u0432\u044b\u0431\u043e\u0440 \u0434\u043b\u044f \u0430\u043a\u0442\u0438\u0432\u043d\u044b\u0445 \u0442\u0440\u0435\u043d\u0438\u0440\u043e\u0432\u043e\u043a. \u041b\u0435\u0433\u043a\u0430\u044f, \u044d\u043b\u0430\u0441\u0442\u0438\u0447\u043d\u0430\u044f \u0438 \u043e\u0442\u043b\u0438\u0447\u043d\u043e \u043e\u0442\u0432\u043e\u0434\u0438\u0442 \u0432\u043b\u0430\u0433\u0443. \u041e\u0431\u0435\u0441\u043f\u0435\u0447\u044c \u043a\u043e\u043c\u0444\u043e\u0440\u0442!","og_url":"https:\/\/xstyle.md\/ro\/produs\/termofutbolka-accapi-x-country-ss-wmn-navy\/","og_site_name":"\u041c\u0430\u0433\u0430\u0437\u0438\u043d Xstyle","article_publisher":"https:\/\/www.facebook.com\/xstylemd","article_modified_time":"2026-03-19T13:46:16+00:00","og_image":[{"width":1345,"height":1501,"url":"https:\/\/xstyle.md\/wp-content\/uploads\/2021\/11\/accapi-x-country-ss-wmn-navy-0.jpg","type":"image\/jpeg"}],"twitter_card":"summary_large_image","twitter_misc":{"Pre\u021b":"1.120&nbsp;MDL","Disponibilitate":"\u00cen stoc"},"schema":{"@context":"https:\/\/schema.org","@graph":[{"@type":"WebPage","@id":"https:\/\/xstyle.md\/product\/termofutbolka-accapi-x-country-ss-wmn-navy\/","url":"https:\/\/xstyle.md\/product\/termofutbolka-accapi-x-country-ss-wmn-navy\/","name":"Tricou termic Accapi X-Country SS Wmn navy - Magazin Xstyle","isPartOf":{"@id":"https:\/\/xstyle.md\/#website"},"primaryImageOfPage":{"@id":"https:\/\/xstyle.md\/product\/termofutbolka-accapi-x-country-ss-wmn-navy\/#primaryimage"},"image":{"@id":"https:\/\/xstyle.md\/product\/termofutbolka-accapi-x-country-ss-wmn-navy\/#primaryimage"},"thumbnailUrl":"https:\/\/xstyle.md\/wp-content\/uploads\/2021\/11\/accapi-x-country-ss-wmn-navy-0.jpg","datePublished":"2021-11-10T08:29:01+00:00","dateModified":"2026-03-19T13:46:16+00:00","description":"Tricou termic Accapi X-Country SS Wmn navy \u2013 alegerea perfect\u0103 pentru antrenamente active. U\u0219or, elastic \u0219i \u00eendep\u0103rteaz\u0103 excelent umiditatea. Asigur\u0103 confort!","breadcrumb":{"@id":"https:\/\/xstyle.md\/product\/termofutbolka-accapi-x-country-ss-wmn-navy\/#breadcrumb"},"inLanguage":"ro-RO","potentialAction":[{"@type":"ReadAction","target":["https:\/\/xstyle.md\/product\/termofutbolka-accapi-x-country-ss-wmn-navy\/"]}]},{"@type":"ImageObject","inLanguage":"ro-RO","@id":"https:\/\/xstyle.md\/product\/termofutbolka-accapi-x-country-ss-wmn-navy\/#primaryimage","url":"https:\/\/xstyle.md\/wp-content\/uploads\/2021\/11\/accapi-x-country-ss-wmn-navy-0.jpg","contentUrl":"https:\/\/xstyle.md\/wp-content\/uploads\/2021\/11\/accapi-x-country-ss-wmn-navy-0.jpg","width":1345,"height":1501,"caption":"\u0422\u0435\u0440\u043c\u043e\u0444\u0443\u0442\u0431\u043e\u043b\u043a\u0430 Accapi X-Country SS Wmn navy \u0434\u043b\u044f \u0430\u043a\u0442\u0438\u0432\u043d\u043e\u0433\u043e \u043e\u0442\u0434\u044b\u0445\u0430 \u0438 \u0442\u0443\u0440\u0438\u0437\u043c\u0430, \u043e\u0434\u0435\u0436\u0434\u0430 \u0438 \u043e\u0431\u0443\u0432\u044c \u0434\u043b\u044f \u043f\u043e\u0445\u043e\u0434\u043e\u0432, \u0445\u0430\u0439\u043a\u0438\u043d\u0433\u0430 \u0438 \u0430\u043b\u044c\u043f\u0438\u043d\u0438\u0437\u043c\u0430 \u0432 \u0438\u043d\u0442\u0435\u0440\u043d\u0435\u0442-\u043c\u0430\u0433\u0430\u0437\u0438\u043d\u0435"},{"@type":"BreadcrumbList","@id":"https:\/\/xstyle.md\/product\/termofutbolka-accapi-x-country-ss-wmn-navy\/#breadcrumb","itemListElement":[{"@type":"ListItem","position":1,"name":"\u0413\u043b\u0430\u0432\u043d\u0430\u044f \u0441\u0442\u0440\u0430\u043d\u0438\u0446\u0430","item":"https:\/\/xstyle.md\/"},{"@type":"ListItem","position":2,"name":"\u041c\u0430\u0433\u0430\u0437\u0438\u043d","item":"https:\/\/xstyle.md\/shop\/"},{"@type":"ListItem","position":3,"name":"\u0422\u0435\u0440\u043c\u043e\u0444\u0443\u0442\u0431\u043e\u043b\u043a\u0430 Accapi X-Country SS Wmn navy"}]},{"@type":"WebSite","@id":"https:\/\/xstyle.md\/#website","url":"https:\/\/xstyle.md\/","name":"Magazinul X-Style","description":"Echipamente pentru turism \u0219i sporturi extreme \u00een Moldova. Pre\u021buri, fotografii, caracteristici \u00een Moldova.","publisher":{"@id":"https:\/\/xstyle.md\/#organization"},"alternateName":"X-Style","potentialAction":[{"@type":"SearchAction","target":{"@type":"EntryPoint","urlTemplate":"https:\/\/xstyle.md\/?s={search_term_string}"},"query-input":{"@type":"PropertyValueSpecification","valueRequired":true,"valueName":"search_term_string"}}],"inLanguage":"ro-RO"},{"@type":"Organization","@id":"https:\/\/xstyle.md\/#organization","name":"Magazinul X-Style","alternateName":"x-style","url":"https:\/\/xstyle.md\/","logo":{"@type":"ImageObject","inLanguage":"ro-RO","@id":"https:\/\/xstyle.md\/#\/schema\/logo\/image\/","url":"https:\/\/xstyle.md\/wp-content\/uploads\/2020\/06\/logoicon.svg","contentUrl":"https:\/\/xstyle.md\/wp-content\/uploads\/2020\/06\/logoicon.svg","caption":"\u041c\u0430\u0433\u0430\u0437\u0438\u043d Xstyle"},"image":{"@id":"https:\/\/xstyle.md\/#\/schema\/logo\/image\/"},"sameAs":["https:\/\/www.facebook.com\/xstylemd","https:\/\/www.instagram.com\/xstyle_md\/","https:\/\/t.me\/xstyle_outdoor"],"hasMerchantReturnPolicy":{"@type":"MerchantReturnPolicy","merchantReturnLink":"https:\/\/xstyle.md\/ro\/conditions\/"}}]},"product_price_amount":"1120.00","product_price_currency":"MDL","og_availability":"instock","product_availability":"instock","product_retailer_item_id":"8300416244039","product_condition":"new"},"post_mailing_queue_ids":[],"_links":{"self":[{"href":"https:\/\/xstyle.md\/ro\/wp-json\/wp\/v2\/product\/41267","targetHints":{"allow":["GET"]}}],"collection":[{"href":"https:\/\/xstyle.md\/ro\/wp-json\/wp\/v2\/product"}],"about":[{"href":"https:\/\/xstyle.md\/ro\/wp-json\/wp\/v2\/types\/product"}],"replies":[{"embeddable":true,"href":"https:\/\/xstyle.md\/ro\/wp-json\/wp\/v2\/comments?post=41267"}],"wp:featuredmedia":[{"embeddable":true,"href":"https:\/\/xstyle.md\/ro\/wp-json\/wp\/v2\/media\/53909"}],"wp:attachment":[{"href":"https:\/\/xstyle.md\/ro\/wp-json\/wp\/v2\/media?parent=41267"}],"wp:term":[{"taxonomy":"product_brand","embeddable":true,"href":"https:\/\/xstyle.md\/ro\/wp-json\/wp\/v2\/product_brand?post=41267"},{"taxonomy":"product_cat","embeddable":true,"href":"https:\/\/xstyle.md\/ro\/wp-json\/wp\/v2\/product_cat?post=41267"},{"taxonomy":"product_tag","embeddable":true,"href":"https:\/\/xstyle.md\/ro\/wp-json\/wp\/v2\/product_tag?post=41267"}],"curies":[{"name":"wp","href":"https:\/\/api.w.org\/{rel}","templated":true}]}}