{"id":41260,"date":"2021-11-10T11:28:59","date_gmt":"2021-11-10T08:28:59","guid":{"rendered":"https:\/\/xstyle.md\/?post_type=product&#038;p=41260"},"modified":"2024-10-02T23:59:53","modified_gmt":"2024-10-02T20:59:53","slug":"noski-accapi-trekking-touch-black-anthracite","status":"publish","type":"product","link":"https:\/\/xstyle.md\/ro\/produs\/noski-accapi-trekking-touch-black-anthracite\/","title":{"rendered":"\u0218osete Accapi Trekking Touch black anthracite"},"content":{"rendered":"<\/p>\n<p><strong>Accapi Trekking Touch black anthracite<\/strong> &#8212; \u0219osete u\u0219oare \u0219i sub\u021biri, potrivite pentru drume\u021bii, turism \u0219i trekking \u00een sezonul cald. Piciorul din \u0219osete respir\u0103 bine \u0219i r\u0103m\u00e2ne uscat chiar \u0219i \u00een cazul unor sarcini de intensitate mare. Propriet\u0103\u021bile excep\u021bionale ale materialului de \u00eenalt\u0103 tehnologie asigur\u0103 eliminarea rapid\u0103 a umezelii \u0219i ofer\u0103 condi\u021bii confortabile pentru picior. Moliciunea produselor Accapi este sporit\u0103 de tratamentul Biotender-TR, care const\u0103 \u00eentr-o presp\u0103lare conceput\u0103 pentru a produce articole de \u00eembr\u0103c\u0103minte cu o structur\u0103 \u0219i o suprafa\u021b\u0103 moale. Articolele de \u00eembr\u0103c\u0103minte care au fost supuse acestui tratament au caracteristici antistatice excelente. \u00cen plus, Biotender-TR cre\u0219te rezisten\u021ba la \u00eencre\u021bire \u0219i elasticitatea.<\/p>\n<h3>Particularit\u0103\u021bi<\/h3>\n<ul>\n<li>Elastic Grip Skin &#8212; o \u021bes\u0103tur\u0103 special\u0103 a man\u0219etelor Elastic Grip Skin, datorit\u0103 c\u0103reia \u0219oseta este fixat\u0103 \u00een siguran\u021b\u0103 pe picior, f\u0103r\u0103 a \u00eempiedica circula\u021bia normal\u0103 a s\u00e2ngelui \u00een vasele de s\u00e2nge.<\/li>\n<li>Elastic Fitting Band este o inser\u021bie elastic\u0103 tricotat\u0103 pe glezn\u0103, care \u00eendepline\u0219te mai multe func\u021bii \u00een acela\u0219i timp: fixeaz\u0103 \u0219oseta pe picior, \u00eempiedic\u0103 r\u0103sucirea acesteia, \u00eembun\u0103t\u0103\u021be\u0219te drenarea umezelii de pe piele \u0219i protejeaz\u0103 glezna de irita\u021bii \u0219i irita\u021bii.<\/li>\n<li>Tehnologia Seamless Flat Junction asigur\u0103 cea mai confortabil\u0103 potrivire \u0219i libertate de mi\u0219care.<\/li>\n<li>V\u00e2rful \u0219i c\u0103lc\u00e2iul sunt prev\u0103zute cu inser\u021bii de protec\u021bie Reinforced Heel&amp;Toe pentru a proteja c\u0103lc\u00e2iul \u0219i degetele de la picioare de r\u0103ni \u0219i b\u0103\u0219ici.<\/li>\n<li>Tratament Biotender-TR anti-static\/antipilling (rezisten\u021b\u0103 la scame).<\/li>\n<\/ul>\n<h3>Caracteristici<\/h3>\n<ul>\n<li>Material &#8212; 62% nailon, 38% poliester<\/li>\n<li>Scop &#8212; drume\u021bie, drume\u021bie, multisport<\/li>\n<li>Sezonul - primavar\u0103\/var\u0103\/toamn\u0103<\/li>\n<li>Grosime &#8212; foarte sub\u021bire<\/li>\n<li>Model &#8212; unisex.<\/li>\n<\/ul>\n<h3>Tehnologie<\/h3>\n<ul>\n<li><strong>Coolmax<\/strong>\u00ae &#8212; fibra de poliester brevetat\u0103 de Invista, care nu are o sec\u021biune transversal\u0103 circular\u0103, ci este format\u0103 din patru canale care \u00eendep\u0103rteaz\u0103 \u00een mod eficient umezeala de piele. Coolmax este utilizat ca strat adiacent pielii pentru gestionarea ultra-eficient\u0103 a umidit\u0103\u021bii.<\/li>\n<li><strong>Biotender-TR<\/strong> &#8212; un tratament special care const\u0103 \u00eentr-un proces de pre-sp\u0103lare conceput pentru a crea articole de \u00eembr\u0103c\u0103minte cu o structur\u0103 \u0219i o suprafa\u021b\u0103 moale. Articolele de \u00eembr\u0103c\u0103minte care au fost supuse acestui tratament au propriet\u0103\u021bi antistatice excelente. \u00cen plus, Biotender-TR \u00eembun\u0103t\u0103\u021be\u0219te rezisten\u021ba la \u00eencre\u021bire \u0219i elasticitatea, precum \u0219i reducerea form\u0103rii de scame \u0219i a mat\u0103rii. Chiar \u0219i dup\u0103 numeroase sp\u0103l\u0103ri, acest tratament permite ca haina s\u0103 \u00ee\u0219i p\u0103streze caracteristicile.<\/li>\n<li><strong>TFT (Touch Feel Technology)<\/strong> &#8212; o tehnologie care face posibil\u0103 producerea de articole de \u00eembr\u0103c\u0103minte extrem de sub\u021biri cu sensibilitate maxim\u0103, datorit\u0103 miniaturiz\u0103rii \u0219i utiliz\u0103rii de fire speciale. Aceast\u0103 caracteristic\u0103 face ca aceste articole de \u00eembr\u0103c\u0103minte s\u0103 fie deosebit de potrivite pentru activit\u0103\u021bile sportive, \u00eembun\u0103t\u0103\u021bind performan\u021ba prin cre\u0219terea controlului \u00een timpul exerci\u021biilor fizice. \u00cen plus, atunci c\u00e2nd sunt utilizate \u00een via\u021ba de zi cu zi, garanteaz\u0103 un confort de neegalat.<\/li>\n<\/ul>\n<h3>Marca<\/h3>\n<p>Compania italian\u0103 Accapi este un exemplu al modului \u00een care tradi\u021biile vechi \u0219i experien\u021ba trecutului tr\u0103iesc \u00een armonie perfect\u0103 cu cele mai avansate tehnologii \u0219i echipamente moderne. \u00cenfiin\u021bat\u0103 \u00een 1958 de familia Chiaruttini, care ini\u021bial producea \u0219osete obi\u0219nuite, \u0219i dup\u0103 ce a acumulat o experien\u021b\u0103 considerabil\u0103, \u00een 1994 compania a \u00eenceput s\u0103 produc\u0103 \u0219osete tehnologice pentru toate sporturile. De trei genera\u021bii, produc\u021bia de lenjerie de corp termic\u0103 este o afacere de familie, ceea ce garanteaz\u0103 o calitate constant\u0103 \u0219i ridicat\u0103, deoarece toate modelele sunt produse \u00een propria fabric\u0103 din Italia. Introducerea de noi tehnologii \u00een 2006 a permis extinderea liniei de produse \u0219i revizuirea calitativ\u0103 a modelelor existente. \u00cen acela\u0219i timp, pre\u021burile pentru Accapi au r\u0103mas la acela\u0219i nivel. Marca Accapi este sponsorul a diver\u0219i sportivi din ciclismul de \u0219osea, cursele de motociclete, atletism, schi alpin, inclusiv medalia\u021bi olimpici.<\/p>\n<p><\/p>","protected":false},"excerpt":{"rendered":"","protected":false},"featured_media":48451,"comment_status":"open","ping_status":"closed","template":"","meta":{"_acf_changed":false,"inline_featured_image":false},"product_brand":[1407],"product_cat":[387,228],"product_tag":[],"class_list":{"0":"post-41260","1":"product","2":"type-product","3":"status-publish","4":"has-post-thumbnail","6":"product_brand-accapi","7":"product_cat-multisport","8":"product_cat-trekking-hiking-liners","10":"first","11":"instock","12":"shipping-taxable","13":"purchasable","14":"product-type-simple"},"acf":[],"yoast_head":"<!-- This site is optimized with the Yoast SEO plugin v27.4 - https:\/\/yoast.com\/product\/yoast-seo-wordpress\/ -->\n<title>\u041d\u043e\u0441\u043a\u0438 Accapi Trekking Touch black anthracite - \u041c\u0430\u0433\u0430\u0437\u0438\u043d Xstyle<\/title>\n<meta name=\"description\" content=\"\u041d\u043e\u0441\u043a\u0438 Accapi Trekking Touch black anthracite \u2014 \u043b\u0435\u0433\u043a\u0438\u0435 \u0438 \u0434\u044b\u0448\u0430\u0449\u0438\u0435. \u0418\u0434\u0435\u0430\u043b\u044c\u043d\u044b \u0434\u043b\u044f \u0442\u0443\u0440\u0438\u0437\u043c\u0430 \u0438 \u0442\u0440\u0435\u043a\u043a\u0438\u043d\u0433\u0430. \u0422\u0435\u0445\u043d\u043e\u043b\u043e\u0433\u0438\u044f Coolmax \u043e\u0431\u0435\u0441\u043f\u0435\u0447\u0438\u0432\u0430\u0435\u0442 \u043a\u043e\u043c\u0444\u043e\u0440\u0442.\" \/>\n<meta name=\"robots\" content=\"index, follow, max-snippet:-1, max-image-preview:large, max-video-preview:-1\" \/>\n<link rel=\"canonical\" href=\"https:\/\/xstyle.md\/ro\/produs\/noski-accapi-trekking-touch-black-anthracite\/\" \/>\n<meta property=\"og:locale\" content=\"ro_RO\" \/>\n<meta property=\"og:type\" content=\"article\" \/>\n<meta property=\"og:title\" content=\"\u041d\u043e\u0441\u043a\u0438 Accapi Trekking Touch black anthracite - \u041c\u0430\u0433\u0430\u0437\u0438\u043d Xstyle\" \/>\n<meta property=\"og:description\" content=\"\u041d\u043e\u0441\u043a\u0438 Accapi Trekking Touch black anthracite \u2014 \u043b\u0435\u0433\u043a\u0438\u0435 \u0438 \u0434\u044b\u0448\u0430\u0449\u0438\u0435. \u0418\u0434\u0435\u0430\u043b\u044c\u043d\u044b \u0434\u043b\u044f \u0442\u0443\u0440\u0438\u0437\u043c\u0430 \u0438 \u0442\u0440\u0435\u043a\u043a\u0438\u043d\u0433\u0430. \u0422\u0435\u0445\u043d\u043e\u043b\u043e\u0433\u0438\u044f Coolmax \u043e\u0431\u0435\u0441\u043f\u0435\u0447\u0438\u0432\u0430\u0435\u0442 \u043a\u043e\u043c\u0444\u043e\u0440\u0442.\" \/>\n<meta property=\"og:url\" content=\"https:\/\/xstyle.md\/ro\/produs\/noski-accapi-trekking-touch-black-anthracite\/\" \/>\n<meta property=\"og:site_name\" content=\"\u041c\u0430\u0433\u0430\u0437\u0438\u043d Xstyle\" \/>\n<meta property=\"article:publisher\" content=\"https:\/\/www.facebook.com\/xstylemd\" \/>\n<meta property=\"article:modified_time\" content=\"2024-10-02T20:59:53+00:00\" \/>\n<meta property=\"og:image\" content=\"https:\/\/xstyle.md\/wp-content\/uploads\/2021\/11\/accapi-trekking-touch-black-anthracite-scaled.jpg\" \/>\n\t<meta property=\"og:image:width\" content=\"2382\" \/>\n\t<meta property=\"og:image:height\" content=\"2560\" \/>\n\t<meta property=\"og:image:type\" content=\"image\/jpeg\" \/>\n<meta name=\"twitter:card\" content=\"summary_large_image\" \/>\n<meta name=\"twitter:label1\" content=\"Pre\u021b\" \/>\n\t<meta name=\"twitter:data1\" content=\"320&nbsp;MDL\" \/>\n\t<meta name=\"twitter:label2\" content=\"Disponibilitate\" \/>\n\t<meta name=\"twitter:data2\" content=\"\u00cen stoc\" \/>\n<script type=\"application\/ld+json\" class=\"yoast-schema-graph\">{\"@context\":\"https:\\\/\\\/schema.org\",\"@graph\":[{\"@type\":\"WebPage\",\"@id\":\"https:\\\/\\\/xstyle.md\\\/product\\\/noski-accapi-trekking-touch-black-anthracite\\\/\",\"url\":\"https:\\\/\\\/xstyle.md\\\/product\\\/noski-accapi-trekking-touch-black-anthracite\\\/\",\"name\":\"\u041d\u043e\u0441\u043a\u0438 Accapi Trekking Touch black anthracite - \u041c\u0430\u0433\u0430\u0437\u0438\u043d Xstyle\",\"isPartOf\":{\"@id\":\"https:\\\/\\\/xstyle.md\\\/#website\"},\"primaryImageOfPage\":{\"@id\":\"https:\\\/\\\/xstyle.md\\\/product\\\/noski-accapi-trekking-touch-black-anthracite\\\/#primaryimage\"},\"image\":{\"@id\":\"https:\\\/\\\/xstyle.md\\\/product\\\/noski-accapi-trekking-touch-black-anthracite\\\/#primaryimage\"},\"thumbnailUrl\":\"https:\\\/\\\/xstyle.md\\\/wp-content\\\/uploads\\\/2021\\\/11\\\/accapi-trekking-touch-black-anthracite-scaled.jpg\",\"datePublished\":\"2021-11-10T08:28:59+00:00\",\"dateModified\":\"2024-10-02T20:59:53+00:00\",\"description\":\"\u041d\u043e\u0441\u043a\u0438 Accapi Trekking Touch black anthracite \u2014 \u043b\u0435\u0433\u043a\u0438\u0435 \u0438 \u0434\u044b\u0448\u0430\u0449\u0438\u0435. \u0418\u0434\u0435\u0430\u043b\u044c\u043d\u044b \u0434\u043b\u044f \u0442\u0443\u0440\u0438\u0437\u043c\u0430 \u0438 \u0442\u0440\u0435\u043a\u043a\u0438\u043d\u0433\u0430. \u0422\u0435\u0445\u043d\u043e\u043b\u043e\u0433\u0438\u044f Coolmax \u043e\u0431\u0435\u0441\u043f\u0435\u0447\u0438\u0432\u0430\u0435\u0442 \u043a\u043e\u043c\u0444\u043e\u0440\u0442.\",\"breadcrumb\":{\"@id\":\"https:\\\/\\\/xstyle.md\\\/product\\\/noski-accapi-trekking-touch-black-anthracite\\\/#breadcrumb\"},\"inLanguage\":\"ro-RO\",\"potentialAction\":[{\"@type\":\"ReadAction\",\"target\":[\"https:\\\/\\\/xstyle.md\\\/product\\\/noski-accapi-trekking-touch-black-anthracite\\\/\"]}]},{\"@type\":\"ImageObject\",\"inLanguage\":\"ro-RO\",\"@id\":\"https:\\\/\\\/xstyle.md\\\/product\\\/noski-accapi-trekking-touch-black-anthracite\\\/#primaryimage\",\"url\":\"https:\\\/\\\/xstyle.md\\\/wp-content\\\/uploads\\\/2021\\\/11\\\/accapi-trekking-touch-black-anthracite-scaled.jpg\",\"contentUrl\":\"https:\\\/\\\/xstyle.md\\\/wp-content\\\/uploads\\\/2021\\\/11\\\/accapi-trekking-touch-black-anthracite-scaled.jpg\",\"width\":1787,\"height\":1920,\"caption\":\"\u041d\u043e\u0441\u043a\u0438 \u0434\u043b\u044f \u0430\u043a\u0442\u0438\u0432\u043d\u043e\u0433\u043e \u043e\u0442\u0434\u044b\u0445\u0430 \u0438 \u0442\u0440\u0435\u043a\u0438\u043d\u0433\u0430 Accapi Trekking Touch \u0447\u0435\u0440\u043d\u044b\u0435 \u0434\u043b\u044f \u043f\u043e\u0445\u043e\u0434\u043e\u0432 \u0438 \u0430\u043b\u044c\u043f\u0438\u043d\u0438\u0437\u043c\u0430, \u043e\u0434\u0435\u0436\u0434\u0430 \u0438 \u043e\u0431\u0443\u0432\u044c \u0434\u043b\u044f \u043f\u0443\u0442\u0435\u0448\u0435\u0441\u0442\u0432\u0438\u0439 \u0438 \u0430\u043a\u0442\u0438\u0432\u043d\u043e\u0433\u043e \u043e\u0431\u0440\u0430\u0437\u0430 \u0436\u0438\u0437\u043d\u0438\"},{\"@type\":\"BreadcrumbList\",\"@id\":\"https:\\\/\\\/xstyle.md\\\/product\\\/noski-accapi-trekking-touch-black-anthracite\\\/#breadcrumb\",\"itemListElement\":[{\"@type\":\"ListItem\",\"position\":1,\"name\":\"\u0413\u043b\u0430\u0432\u043d\u0430\u044f \u0441\u0442\u0440\u0430\u043d\u0438\u0446\u0430\",\"item\":\"https:\\\/\\\/xstyle.md\\\/\"},{\"@type\":\"ListItem\",\"position\":2,\"name\":\"\u041c\u0430\u0433\u0430\u0437\u0438\u043d\",\"item\":\"https:\\\/\\\/xstyle.md\\\/shop\\\/\"},{\"@type\":\"ListItem\",\"position\":3,\"name\":\"\u041d\u043e\u0441\u043a\u0438 Accapi Trekking Touch black anthracite\"}]},{\"@type\":\"WebSite\",\"@id\":\"https:\\\/\\\/xstyle.md\\\/#website\",\"url\":\"https:\\\/\\\/xstyle.md\\\/\",\"name\":\"\u041c\u0430\u0433\u0430\u0437\u0438\u043d Xstyle\",\"description\":\"C\u043d\u0430\u0440\u044f\u0436\u0435\u043d\u0438\u0435 \u0434\u043b\u044f \u0442\u0443\u0440\u0438\u0437\u043c\u0430 \u0438 \u044d\u043a\u0441\u0442\u0440\u0435\u043c\u0430\u043b\u044c\u043d\u044b\u0445 \u0432\u0438\u0434\u043e\u0432 \u0441\u043f\u043e\u0440\u0442\u0430 \u0432 \u041c\u043e\u043b\u0434\u043e\u0432\u0435.. \u0426\u0435\u043d\u044b, \u0444\u043e\u0442\u043e, \u0445\u0430\u0440\u0430\u043a\u0442\u0435\u0440\u0438\u0441\u0442\u0438\u043a\u0438 \u0432 \u041c\u043e\u043b\u0434\u043e\u0432\u0435.\",\"publisher\":{\"@id\":\"https:\\\/\\\/xstyle.md\\\/#organization\"},\"alternateName\":\"X-Style\",\"potentialAction\":[{\"@type\":\"SearchAction\",\"target\":{\"@type\":\"EntryPoint\",\"urlTemplate\":\"https:\\\/\\\/xstyle.md\\\/?s={search_term_string}\"},\"query-input\":{\"@type\":\"PropertyValueSpecification\",\"valueRequired\":true,\"valueName\":\"search_term_string\"}}],\"inLanguage\":\"ro-RO\"},{\"@type\":\"Organization\",\"@id\":\"https:\\\/\\\/xstyle.md\\\/#organization\",\"name\":\"\u041c\u0430\u0433\u0430\u0437\u0438\u043d Xstyle\",\"alternateName\":\"x-style\",\"url\":\"https:\\\/\\\/xstyle.md\\\/\",\"logo\":{\"@type\":\"ImageObject\",\"inLanguage\":\"ro-RO\",\"@id\":\"https:\\\/\\\/xstyle.md\\\/#\\\/schema\\\/logo\\\/image\\\/\",\"url\":\"https:\\\/\\\/xstyle.md\\\/wp-content\\\/uploads\\\/2020\\\/06\\\/logoicon.svg\",\"contentUrl\":\"https:\\\/\\\/xstyle.md\\\/wp-content\\\/uploads\\\/2020\\\/06\\\/logoicon.svg\",\"caption\":\"\u041c\u0430\u0433\u0430\u0437\u0438\u043d Xstyle\"},\"image\":{\"@id\":\"https:\\\/\\\/xstyle.md\\\/#\\\/schema\\\/logo\\\/image\\\/\"},\"sameAs\":[\"https:\\\/\\\/www.facebook.com\\\/xstylemd\",\"https:\\\/\\\/www.instagram.com\\\/xstyle_md\\\/\",\"https:\\\/\\\/t.me\\\/xstyle_outdoor\"],\"hasMerchantReturnPolicy\":{\"@type\":\"MerchantReturnPolicy\",\"merchantReturnLink\":\"https:\\\/\\\/xstyle.md\\\/ro\\\/conditions\\\/\"}}]}<\/script>\n<meta property=\"product:price:amount\" content=\"320.00\" \/>\n<meta property=\"product:price:currency\" content=\"MDL\" \/>\n<meta property=\"og:availability\" content=\"instock\" \/>\n<meta property=\"product:availability\" content=\"instock\" \/>\n<meta property=\"product:retailer_item_id\" content=\"8300416018289\" \/>\n<meta property=\"product:condition\" content=\"new\" \/>\n<!-- \/ Yoast SEO plugin. -->","yoast_head_json":{"title":"\u0218osete Accapi Trekking Touch black anthracite - Magazin Xstyle","description":"Sosetele Accapi Trekking Touch negru antracit \u2014 u\u0219oare \u0219i respirabile. Ideale pentru turism \u0219i trekking. Tehnologia Coolmax asigur\u0103 confortul.","robots":{"index":"index","follow":"follow","max-snippet":"max-snippet:-1","max-image-preview":"max-image-preview:large","max-video-preview":"max-video-preview:-1"},"canonical":"https:\/\/xstyle.md\/ro\/produs\/noski-accapi-trekking-touch-black-anthracite\/","og_locale":"ro_RO","og_type":"article","og_title":"\u041d\u043e\u0441\u043a\u0438 Accapi Trekking Touch black anthracite - \u041c\u0430\u0433\u0430\u0437\u0438\u043d Xstyle","og_description":"\u041d\u043e\u0441\u043a\u0438 Accapi Trekking Touch black anthracite \u2014 \u043b\u0435\u0433\u043a\u0438\u0435 \u0438 \u0434\u044b\u0448\u0430\u0449\u0438\u0435. \u0418\u0434\u0435\u0430\u043b\u044c\u043d\u044b \u0434\u043b\u044f \u0442\u0443\u0440\u0438\u0437\u043c\u0430 \u0438 \u0442\u0440\u0435\u043a\u043a\u0438\u043d\u0433\u0430. \u0422\u0435\u0445\u043d\u043e\u043b\u043e\u0433\u0438\u044f Coolmax \u043e\u0431\u0435\u0441\u043f\u0435\u0447\u0438\u0432\u0430\u0435\u0442 \u043a\u043e\u043c\u0444\u043e\u0440\u0442.","og_url":"https:\/\/xstyle.md\/ro\/produs\/noski-accapi-trekking-touch-black-anthracite\/","og_site_name":"\u041c\u0430\u0433\u0430\u0437\u0438\u043d Xstyle","article_publisher":"https:\/\/www.facebook.com\/xstylemd","article_modified_time":"2024-10-02T20:59:53+00:00","og_image":[{"width":2382,"height":2560,"url":"https:\/\/xstyle.md\/wp-content\/uploads\/2021\/11\/accapi-trekking-touch-black-anthracite-scaled.jpg","type":"image\/jpeg"}],"twitter_card":"summary_large_image","twitter_misc":{"Pre\u021b":"320&nbsp;MDL","Disponibilitate":"\u00cen stoc"},"schema":{"@context":"https:\/\/schema.org","@graph":[{"@type":"WebPage","@id":"https:\/\/xstyle.md\/product\/noski-accapi-trekking-touch-black-anthracite\/","url":"https:\/\/xstyle.md\/product\/noski-accapi-trekking-touch-black-anthracite\/","name":"\u0218osete Accapi Trekking Touch black anthracite - Magazin Xstyle","isPartOf":{"@id":"https:\/\/xstyle.md\/#website"},"primaryImageOfPage":{"@id":"https:\/\/xstyle.md\/product\/noski-accapi-trekking-touch-black-anthracite\/#primaryimage"},"image":{"@id":"https:\/\/xstyle.md\/product\/noski-accapi-trekking-touch-black-anthracite\/#primaryimage"},"thumbnailUrl":"https:\/\/xstyle.md\/wp-content\/uploads\/2021\/11\/accapi-trekking-touch-black-anthracite-scaled.jpg","datePublished":"2021-11-10T08:28:59+00:00","dateModified":"2024-10-02T20:59:53+00:00","description":"Sosetele Accapi Trekking Touch negru antracit \u2014 u\u0219oare \u0219i respirabile. Ideale pentru turism \u0219i trekking. Tehnologia Coolmax asigur\u0103 confortul.","breadcrumb":{"@id":"https:\/\/xstyle.md\/product\/noski-accapi-trekking-touch-black-anthracite\/#breadcrumb"},"inLanguage":"ro-RO","potentialAction":[{"@type":"ReadAction","target":["https:\/\/xstyle.md\/product\/noski-accapi-trekking-touch-black-anthracite\/"]}]},{"@type":"ImageObject","inLanguage":"ro-RO","@id":"https:\/\/xstyle.md\/product\/noski-accapi-trekking-touch-black-anthracite\/#primaryimage","url":"https:\/\/xstyle.md\/wp-content\/uploads\/2021\/11\/accapi-trekking-touch-black-anthracite-scaled.jpg","contentUrl":"https:\/\/xstyle.md\/wp-content\/uploads\/2021\/11\/accapi-trekking-touch-black-anthracite-scaled.jpg","width":1787,"height":1920,"caption":"\u041d\u043e\u0441\u043a\u0438 \u0434\u043b\u044f \u0430\u043a\u0442\u0438\u0432\u043d\u043e\u0433\u043e \u043e\u0442\u0434\u044b\u0445\u0430 \u0438 \u0442\u0440\u0435\u043a\u0438\u043d\u0433\u0430 Accapi Trekking Touch \u0447\u0435\u0440\u043d\u044b\u0435 \u0434\u043b\u044f \u043f\u043e\u0445\u043e\u0434\u043e\u0432 \u0438 \u0430\u043b\u044c\u043f\u0438\u043d\u0438\u0437\u043c\u0430, \u043e\u0434\u0435\u0436\u0434\u0430 \u0438 \u043e\u0431\u0443\u0432\u044c \u0434\u043b\u044f \u043f\u0443\u0442\u0435\u0448\u0435\u0441\u0442\u0432\u0438\u0439 \u0438 \u0430\u043a\u0442\u0438\u0432\u043d\u043e\u0433\u043e \u043e\u0431\u0440\u0430\u0437\u0430 \u0436\u0438\u0437\u043d\u0438"},{"@type":"BreadcrumbList","@id":"https:\/\/xstyle.md\/product\/noski-accapi-trekking-touch-black-anthracite\/#breadcrumb","itemListElement":[{"@type":"ListItem","position":1,"name":"\u0413\u043b\u0430\u0432\u043d\u0430\u044f \u0441\u0442\u0440\u0430\u043d\u0438\u0446\u0430","item":"https:\/\/xstyle.md\/"},{"@type":"ListItem","position":2,"name":"\u041c\u0430\u0433\u0430\u0437\u0438\u043d","item":"https:\/\/xstyle.md\/shop\/"},{"@type":"ListItem","position":3,"name":"\u041d\u043e\u0441\u043a\u0438 Accapi Trekking Touch black anthracite"}]},{"@type":"WebSite","@id":"https:\/\/xstyle.md\/#website","url":"https:\/\/xstyle.md\/","name":"Magazinul X-Style","description":"Echipamente pentru turism \u0219i sporturi extreme \u00een Moldova. Pre\u021buri, fotografii, caracteristici \u00een Moldova.","publisher":{"@id":"https:\/\/xstyle.md\/#organization"},"alternateName":"X-Style","potentialAction":[{"@type":"SearchAction","target":{"@type":"EntryPoint","urlTemplate":"https:\/\/xstyle.md\/?s={search_term_string}"},"query-input":{"@type":"PropertyValueSpecification","valueRequired":true,"valueName":"search_term_string"}}],"inLanguage":"ro-RO"},{"@type":"Organization","@id":"https:\/\/xstyle.md\/#organization","name":"Magazinul X-Style","alternateName":"x-style","url":"https:\/\/xstyle.md\/","logo":{"@type":"ImageObject","inLanguage":"ro-RO","@id":"https:\/\/xstyle.md\/#\/schema\/logo\/image\/","url":"https:\/\/xstyle.md\/wp-content\/uploads\/2020\/06\/logoicon.svg","contentUrl":"https:\/\/xstyle.md\/wp-content\/uploads\/2020\/06\/logoicon.svg","caption":"\u041c\u0430\u0433\u0430\u0437\u0438\u043d Xstyle"},"image":{"@id":"https:\/\/xstyle.md\/#\/schema\/logo\/image\/"},"sameAs":["https:\/\/www.facebook.com\/xstylemd","https:\/\/www.instagram.com\/xstyle_md\/","https:\/\/t.me\/xstyle_outdoor"],"hasMerchantReturnPolicy":{"@type":"MerchantReturnPolicy","merchantReturnLink":"https:\/\/xstyle.md\/ro\/conditions\/"}}]},"product_price_amount":"320.00","product_price_currency":"MDL","og_availability":"instock","product_availability":"instock","product_retailer_item_id":"8300416018289","product_condition":"new"},"_links":{"self":[{"href":"https:\/\/xstyle.md\/ro\/wp-json\/wp\/v2\/product\/41260","targetHints":{"allow":["GET"]}}],"collection":[{"href":"https:\/\/xstyle.md\/ro\/wp-json\/wp\/v2\/product"}],"about":[{"href":"https:\/\/xstyle.md\/ro\/wp-json\/wp\/v2\/types\/product"}],"replies":[{"embeddable":true,"href":"https:\/\/xstyle.md\/ro\/wp-json\/wp\/v2\/comments?post=41260"}],"wp:featuredmedia":[{"embeddable":true,"href":"https:\/\/xstyle.md\/ro\/wp-json\/wp\/v2\/media\/48451"}],"wp:attachment":[{"href":"https:\/\/xstyle.md\/ro\/wp-json\/wp\/v2\/media?parent=41260"}],"wp:term":[{"taxonomy":"product_brand","embeddable":true,"href":"https:\/\/xstyle.md\/ro\/wp-json\/wp\/v2\/product_brand?post=41260"},{"taxonomy":"product_cat","embeddable":true,"href":"https:\/\/xstyle.md\/ro\/wp-json\/wp\/v2\/product_cat?post=41260"},{"taxonomy":"product_tag","embeddable":true,"href":"https:\/\/xstyle.md\/ro\/wp-json\/wp\/v2\/product_tag?post=41260"}],"curies":[{"name":"wp","href":"https:\/\/api.w.org\/{rel}","templated":true}]}}