{"id":41259,"date":"2021-11-10T11:28:59","date_gmt":"2021-11-10T08:28:59","guid":{"rendered":"https:\/\/xstyle.md\/?post_type=product&#038;p=41259"},"modified":"2024-10-02T23:59:51","modified_gmt":"2024-10-02T20:59:51","slug":"noski-accapi-outdoor-merino-endurance-crew-black","status":"publish","type":"product","link":"https:\/\/xstyle.md\/ro\/produs\/noski-accapi-outdoor-merino-endurance-crew-black\/","title":{"rendered":"\u0218osete Accapi Outdoor Merino Endurance Crew black"},"content":{"rendered":"<\/p>\n<p><strong>Accapi Outdoor Merino Endurance Crew black<\/strong> &#8212; \u0219osete sport care con\u021bin l\u00e2n\u0103 natural\u0103 de oaie Merino pentru o izolare maxim\u0103, termoreglare \u0219i eliminare a umidit\u0103\u021bii. Fibr\u0103 Cordura cu rezisten\u021b\u0103 ridicat\u0103, deosebit de potrivit\u0103 pentru utilizarea \u00een puncte supuse la stres constant, abraziune \u0219i rupere.<\/p>\n<p>Moliciunea produselor Accapi este sporit\u0103 de tratamentul Biotender-TR, care const\u0103 \u00eentr-o presp\u0103lare conceput\u0103 pentru a produce articole de \u00eembr\u0103c\u0103minte cu o structur\u0103 \u0219i o suprafa\u021b\u0103 moale. Articolele de \u00eembr\u0103c\u0103minte care au fost supuse acestui tratament au caracteristici antistatice excelente. \u00cen plus, Biotender-TR cre\u0219te rezisten\u021ba la \u00eencre\u021bire \u0219i elasticitatea.<\/p>\n<h3>Particularit\u0103\u021bi<\/h3>\n<ul>\n<li>Datorit\u0103 fibrei Polyrex, durabilitatea este crescut\u0103, \u00een timp ce lejeritatea \u0219i elasticitatea r\u0103m\u00e2n acelea\u0219i.<\/li>\n<li>\u0218osetele sunt pl\u0103cute la atingere \u0219i confortabile la purtare.<\/li>\n<li>\u021aes\u0103tur\u0103 special\u0103 Elastic Grip Skin man\u0219ete, datorit\u0103 c\u0103reia \u0219oseta este bine fixat\u0103 pe picior \u0219i, \u00een acela\u0219i timp, nu creeaz\u0103 obstacole pentru circula\u021bia normal\u0103 a s\u00e2ngelui \u00een vase.<\/li>\n<li>Elastic Fitting Band este o inser\u021bie elastic\u0103 tricotat\u0103 pe glezn\u0103, care \u00eendepline\u0219te mai multe func\u021bii \u00een acela\u0219i timp: fixeaz\u0103 \u0219oseta pe picior, \u00eempiedic\u0103 r\u0103sucirea acesteia, \u00eembun\u0103t\u0103\u021be\u0219te drenarea umidit\u0103\u021bii de pe piele \u0219i protejeaz\u0103 glezna de irita\u021bii \u0219i irita\u021bii.<\/li>\n<li>Tehnologia Seamless Flat Junction asigur\u0103 cea mai confortabil\u0103 potrivire \u0219i libertate de mi\u0219care.<\/li>\n<li>Degetul de la picior \u0219i c\u0103lc\u00e2iul au inser\u021bii de protec\u021bie Reinforced Heel&amp;Toe pentru a proteja c\u0103lc\u00e2iul \u0219i degetele de la picioare de r\u0103ni \u0219i b\u0103\u0219ici.<\/li>\n<li>Tratament anti-static\/antipilling (rezisten\u021b\u0103 la scame) Biotender-TR.<\/li>\n<\/ul>\n<h3>Caracteristici<\/h3>\n<ul>\n<li>Material &#8212; 38% l\u00e2n\u0103 merinos, 38% acrilic, 20% nailon, 4% elastan<\/li>\n<li>Destina\u021bie &#8212; trekking, drume\u021bii, schi alpin<\/li>\n<li>Sezonul - iarn\u0103<\/li>\n<li>Grosime &#8212; foarte gros<\/li>\n<li>Model &#8212; unisex.<\/li>\n<\/ul>\n<h3>Tehnologie<\/h3>\n<ul>\n<li><strong>Cordura<\/strong>\u00ae &#8212; fibr\u0103 sintetic\u0103 cu un coeficient ridicat de rezisten\u021b\u0103, utilizat\u0103 \u00een zonele \u00een care produsul este expus \u00een mod special la uzur\u0103 continu\u0103.<\/li>\n<li><strong>Polyrex<\/strong> &#8212; este o fibr\u0103 sintetic\u0103 fabricat\u0103 din poliamid\u0103 cu r\u0103sucire dubl\u0103 sau tripl\u0103, ceea ce spore\u0219te rezisten\u021ba f\u0103r\u0103 s\u0103 afecteze u\u0219urin\u021ba \u0219i elasticitatea.<\/li>\n<li><strong>L\u00e2n\u0103 Merino<\/strong> - Acesta este un l\u00e2n\u0103 Merino australian\u0103, care are caracteristici unificate. Este un material natural, foarte moale, cu un centru de fibre care este foarte scopic. Acest material v\u0103 men\u021bine cald chiar \u0219i atunci c\u00e2nd este ud \u0219i izoleaz\u0103 umezeala de piele. Aceast\u0103 tehnologie v\u0103 va ajuta s\u0103 rezista\u021bi chiar \u0219i la temperaturi foarte sc\u0103zute. Datorit\u0103 dimensiunii pl\u0103m\u00e2nului de v\u00e2nzare mari (65-100 mm) \u0219i a diametrului micronului (max. 24 microni), firul este foarte eficient, iar materialul din miez este un excelent regulator de temperatur\u0103, care este capabil s\u0103 \u00eempiedice transportul, permi\u021b\u00e2nd pastilelor s\u0103 fie respirate.<\/li>\n<li><strong>SoftAcryl<\/strong> &#8212; material care con\u021bine cel pu\u021bin 85% acrilonit monomer, pl\u0103cut la atingere \u0219i confortabil de purtat.<\/li>\n<li><strong>Longlife<\/strong> &#8212; o tehnologie care men\u021bine \u0219osetele moi \u0219i confortabile, conferind structurii lor exterioare o durabilitate mai mare \u0219i m\u0103rind durata normal\u0103 de via\u021b\u0103 a \u0219osetelor de 2-3 ori. Datorit\u0103 unui proces special de fabricare a textilelor, \u00eentreaga suprafa\u021b\u0103 exterioar\u0103 a ciorapului este rezistent\u0103 la uzur\u0103 pentru a-l proteja de deterior\u0103rile cauzate de frecarea cu pantofii.<\/li>\n<li><strong>Biotender-TR<\/strong> &#8212; un tratament special care const\u0103 \u00eentr-un proces de pre-sp\u0103lare conceput pentru a crea articole de \u00eembr\u0103c\u0103minte cu o structur\u0103 \u0219i o suprafa\u021b\u0103 moale. Articolele de \u00eembr\u0103c\u0103minte care au fost supuse acestui tratament au propriet\u0103\u021bi antistatice excelente. \u00cen plus, Biotender-TR \u00eembun\u0103t\u0103\u021be\u0219te rezisten\u021ba la \u00eencre\u021bire \u0219i elasticitatea, precum \u0219i reducerea form\u0103rii de scame \u0219i a mat\u0103rii. Chiar \u0219i dup\u0103 numeroase sp\u0103l\u0103ri, acest tratament permite ca haina s\u0103 \u00ee\u0219i p\u0103streze caracteristicile.<\/li>\n<\/ul>\n<h3>Marca<\/h3>\n<p>Compania italian\u0103 Accapi este un exemplu al modului \u00een care tradi\u021biile vechi \u0219i experien\u021ba trecutului tr\u0103iesc \u00een armonie perfect\u0103 cu cele mai avansate tehnologii \u0219i echipamente moderne. \u00cenfiin\u021bat\u0103 \u00een 1958 de familia Chiaruttini, care ini\u021bial producea \u0219osete obi\u0219nuite, \u0219i dup\u0103 ce a acumulat o experien\u021b\u0103 considerabil\u0103, \u00een 1994 compania a \u00eenceput s\u0103 produc\u0103 \u0219osete tehnologice pentru toate sporturile. De trei genera\u021bii, produc\u021bia de lenjerie de corp termic\u0103 este o afacere de familie, ceea ce garanteaz\u0103 o calitate constant\u0103 \u0219i ridicat\u0103, deoarece toate modelele sunt produse \u00een propria fabric\u0103 din Italia. Introducerea de noi tehnologii \u00een 2006 a permis extinderea liniei de produse \u0219i revizuirea calitativ\u0103 a modelelor existente. \u00cen acela\u0219i timp, pre\u021burile pentru Accapi au r\u0103mas la acela\u0219i nivel. Marca Accapi este sponsorul a diver\u0219i sportivi din ciclismul de \u0219osea, cursele de motociclete, atletism, schi alpin, inclusiv medalia\u021bi olimpici.<\/p>\n<p><\/p>","protected":false},"excerpt":{"rendered":"","protected":false},"featured_media":46119,"comment_status":"open","ping_status":"closed","template":"","meta":{"_acf_changed":false,"inline_featured_image":false},"product_brand":[1407],"product_cat":[231,229,228],"product_tag":[],"class_list":{"0":"post-41259","1":"product","2":"type-product","3":"status-publish","4":"has-post-thumbnail","6":"product_brand-accapi","7":"product_cat-hunting-fishing","8":"product_cat-ski-snowboard","9":"product_cat-trekking-hiking-liners","11":"first","12":"instock","13":"shipping-taxable","14":"purchasable","15":"product-type-simple"},"acf":[],"yoast_head":"<!-- This site is optimized with the Yoast SEO plugin v27.2 - https:\/\/yoast.com\/product\/yoast-seo-wordpress\/ -->\n<title>\u041d\u043e\u0441\u043a\u0438 Accapi Outdoor Merino Endurance Crew black - \u041c\u0430\u0433\u0430\u0437\u0438\u043d Xstyle<\/title>\n<meta name=\"description\" content=\"\u041e\u0442\u043a\u0440\u043e\u0439\u0442\u0435 \u0434\u043b\u044f \u0441\u0435\u0431\u044f \u043d\u043e\u0441\u043a\u0438 Accapi Outdoor Merino Endurance Crew black \u2013 \u0438\u0434\u0435\u0430\u043b\u044c\u043d\u043e\u0435 \u0441\u043e\u0447\u0435\u0442\u0430\u043d\u0438\u0435 \u0441\u0442\u0438\u043b\u044f \u0438 \u043a\u043e\u043c\u0444\u043e\u0440\u0442\u0430 \u0434\u043b\u044f \u0430\u043a\u0442\u0438\u0432\u043d\u043e\u0433\u043e \u043e\u0442\u0434\u044b\u0445\u0430 \u0441 \u043d\u0430\u0442\u0443\u0440\u0430\u043b\u044c\u043d\u043e\u0439 \u0448\u0435\u0440\u0441\u0442\u044c\u044e \u043c\u0435\u0440\u0438\u043d\u043e\u0441\u0430.\" \/>\n<meta name=\"robots\" content=\"index, follow, max-snippet:-1, max-image-preview:large, max-video-preview:-1\" \/>\n<link rel=\"canonical\" href=\"https:\/\/xstyle.md\/ro\/produs\/noski-accapi-outdoor-merino-endurance-crew-black\/\" \/>\n<meta property=\"og:locale\" content=\"ro_RO\" \/>\n<meta property=\"og:type\" content=\"article\" \/>\n<meta property=\"og:title\" content=\"\u041d\u043e\u0441\u043a\u0438 Accapi Outdoor Merino Endurance Crew black - \u041c\u0430\u0433\u0430\u0437\u0438\u043d Xstyle\" \/>\n<meta property=\"og:description\" content=\"\u041e\u0442\u043a\u0440\u043e\u0439\u0442\u0435 \u0434\u043b\u044f \u0441\u0435\u0431\u044f \u043d\u043e\u0441\u043a\u0438 Accapi Outdoor Merino Endurance Crew black \u2013 \u0438\u0434\u0435\u0430\u043b\u044c\u043d\u043e\u0435 \u0441\u043e\u0447\u0435\u0442\u0430\u043d\u0438\u0435 \u0441\u0442\u0438\u043b\u044f \u0438 \u043a\u043e\u043c\u0444\u043e\u0440\u0442\u0430 \u0434\u043b\u044f \u0430\u043a\u0442\u0438\u0432\u043d\u043e\u0433\u043e \u043e\u0442\u0434\u044b\u0445\u0430 \u0441 \u043d\u0430\u0442\u0443\u0440\u0430\u043b\u044c\u043d\u043e\u0439 \u0448\u0435\u0440\u0441\u0442\u044c\u044e \u043c\u0435\u0440\u0438\u043d\u043e\u0441\u0430.\" \/>\n<meta property=\"og:url\" content=\"https:\/\/xstyle.md\/ro\/produs\/noski-accapi-outdoor-merino-endurance-crew-black\/\" \/>\n<meta property=\"og:site_name\" content=\"\u041c\u0430\u0433\u0430\u0437\u0438\u043d Xstyle\" \/>\n<meta property=\"article:publisher\" content=\"https:\/\/www.facebook.com\/xstylemd\" \/>\n<meta property=\"article:modified_time\" content=\"2024-10-02T20:59:51+00:00\" \/>\n<meta property=\"og:image\" content=\"https:\/\/xstyle.md\/wp-content\/uploads\/2021\/11\/accapi-outdoor-merino-endurance-crew-black.jpg\" \/>\n\t<meta property=\"og:image:width\" content=\"696\" \/>\n\t<meta property=\"og:image:height\" content=\"760\" \/>\n\t<meta property=\"og:image:type\" content=\"image\/jpeg\" \/>\n<meta name=\"twitter:card\" content=\"summary_large_image\" \/>\n<meta name=\"twitter:label1\" content=\"Pre\u021b\" \/>\n\t<meta name=\"twitter:data1\" content=\"395&nbsp;MDL\" \/>\n\t<meta name=\"twitter:label2\" content=\"Disponibilitate\" \/>\n\t<meta name=\"twitter:data2\" content=\"\u00cen stoc\" \/>\n<script type=\"application\/ld+json\" class=\"yoast-schema-graph\">{\"@context\":\"https:\/\/schema.org\",\"@graph\":[{\"@type\":\"WebPage\",\"@id\":\"https:\/\/xstyle.md\/product\/noski-accapi-outdoor-merino-endurance-crew-black\/\",\"url\":\"https:\/\/xstyle.md\/product\/noski-accapi-outdoor-merino-endurance-crew-black\/\",\"name\":\"\u041d\u043e\u0441\u043a\u0438 Accapi Outdoor Merino Endurance Crew black - \u041c\u0430\u0433\u0430\u0437\u0438\u043d Xstyle\",\"isPartOf\":{\"@id\":\"https:\/\/xstyle.md\/#website\"},\"primaryImageOfPage\":{\"@id\":\"https:\/\/xstyle.md\/product\/noski-accapi-outdoor-merino-endurance-crew-black\/#primaryimage\"},\"image\":{\"@id\":\"https:\/\/xstyle.md\/product\/noski-accapi-outdoor-merino-endurance-crew-black\/#primaryimage\"},\"thumbnailUrl\":\"https:\/\/xstyle.md\/wp-content\/uploads\/2021\/11\/accapi-outdoor-merino-endurance-crew-black.jpg\",\"datePublished\":\"2021-11-10T08:28:59+00:00\",\"dateModified\":\"2024-10-02T20:59:51+00:00\",\"description\":\"\u041e\u0442\u043a\u0440\u043e\u0439\u0442\u0435 \u0434\u043b\u044f \u0441\u0435\u0431\u044f \u043d\u043e\u0441\u043a\u0438 Accapi Outdoor Merino Endurance Crew black \u2013 \u0438\u0434\u0435\u0430\u043b\u044c\u043d\u043e\u0435 \u0441\u043e\u0447\u0435\u0442\u0430\u043d\u0438\u0435 \u0441\u0442\u0438\u043b\u044f \u0438 \u043a\u043e\u043c\u0444\u043e\u0440\u0442\u0430 \u0434\u043b\u044f \u0430\u043a\u0442\u0438\u0432\u043d\u043e\u0433\u043e \u043e\u0442\u0434\u044b\u0445\u0430 \u0441 \u043d\u0430\u0442\u0443\u0440\u0430\u043b\u044c\u043d\u043e\u0439 \u0448\u0435\u0440\u0441\u0442\u044c\u044e \u043c\u0435\u0440\u0438\u043d\u043e\u0441\u0430.\",\"breadcrumb\":{\"@id\":\"https:\/\/xstyle.md\/product\/noski-accapi-outdoor-merino-endurance-crew-black\/#breadcrumb\"},\"inLanguage\":\"ro-RO\",\"potentialAction\":[{\"@type\":\"ReadAction\",\"target\":[\"https:\/\/xstyle.md\/product\/noski-accapi-outdoor-merino-endurance-crew-black\/\"]}]},{\"@type\":\"ImageObject\",\"inLanguage\":\"ro-RO\",\"@id\":\"https:\/\/xstyle.md\/product\/noski-accapi-outdoor-merino-endurance-crew-black\/#primaryimage\",\"url\":\"https:\/\/xstyle.md\/wp-content\/uploads\/2021\/11\/accapi-outdoor-merino-endurance-crew-black.jpg\",\"contentUrl\":\"https:\/\/xstyle.md\/wp-content\/uploads\/2021\/11\/accapi-outdoor-merino-endurance-crew-black.jpg\",\"width\":696,\"height\":760,\"caption\":\"\u041d\u043e\u0441\u043a\u0438 \u0434\u043b\u044f \u0430\u043a\u0442\u0438\u0432\u043d\u043e\u0433\u043e \u043e\u0442\u0434\u044b\u0445\u0430 \u0438 \u0442\u0443\u0440\u0438\u0437\u043c\u0430 Accapi Outdoor Merino Endurance Crew \u0447\u0435\u0440\u043d\u044b\u0435 \u0434\u043b\u044f \u043f\u043e\u0445\u043e\u0434\u043e\u0432 \u0430\u043b\u044c\u043f\u0438\u043d\u0438\u0437\u043c\u0430 \u0438 \u043f\u0443\u0442\u0435\u0448\u0435\u0441\u0442\u0432\u0438\u0439 \u0432 \u0438\u043d\u0442\u0435\u0440\u043d\u0435\u0442-\u043c\u0430\u0433\u0430\u0437\u0438\u043d\u0435 \u0441\u043f\u043e\u0440\u0442\u0438\u0432\u043d\u043e\u0439 \u043e\u0434\u0435\u0436\u0434\u044b \u0438 \u043e\u0431\u0443\u0432\u0438\"},{\"@type\":\"BreadcrumbList\",\"@id\":\"https:\/\/xstyle.md\/product\/noski-accapi-outdoor-merino-endurance-crew-black\/#breadcrumb\",\"itemListElement\":[{\"@type\":\"ListItem\",\"position\":1,\"name\":\"\u0413\u043b\u0430\u0432\u043d\u0430\u044f \u0441\u0442\u0440\u0430\u043d\u0438\u0446\u0430\",\"item\":\"https:\/\/xstyle.md\/\"},{\"@type\":\"ListItem\",\"position\":2,\"name\":\"\u041c\u0430\u0433\u0430\u0437\u0438\u043d\",\"item\":\"https:\/\/xstyle.md\/shop\/\"},{\"@type\":\"ListItem\",\"position\":3,\"name\":\"\u041d\u043e\u0441\u043a\u0438 Accapi Outdoor Merino Endurance Crew black\"}]},{\"@type\":\"WebSite\",\"@id\":\"https:\/\/xstyle.md\/#website\",\"url\":\"https:\/\/xstyle.md\/\",\"name\":\"\u041c\u0430\u0433\u0430\u0437\u0438\u043d Xstyle\",\"description\":\"C\u043d\u0430\u0440\u044f\u0436\u0435\u043d\u0438\u0435 \u0434\u043b\u044f \u0442\u0443\u0440\u0438\u0437\u043c\u0430 \u0438 \u044d\u043a\u0441\u0442\u0440\u0435\u043c\u0430\u043b\u044c\u043d\u044b\u0445 \u0432\u0438\u0434\u043e\u0432 \u0441\u043f\u043e\u0440\u0442\u0430 \u0432 \u041c\u043e\u043b\u0434\u043e\u0432\u0435.. \u0426\u0435\u043d\u044b, \u0444\u043e\u0442\u043e, \u0445\u0430\u0440\u0430\u043a\u0442\u0435\u0440\u0438\u0441\u0442\u0438\u043a\u0438 \u0432 \u041c\u043e\u043b\u0434\u043e\u0432\u0435.\",\"publisher\":{\"@id\":\"https:\/\/xstyle.md\/#organization\"},\"alternateName\":\"X-Style\",\"potentialAction\":[{\"@type\":\"SearchAction\",\"target\":{\"@type\":\"EntryPoint\",\"urlTemplate\":\"https:\/\/xstyle.md\/?s={search_term_string}\"},\"query-input\":{\"@type\":\"PropertyValueSpecification\",\"valueRequired\":true,\"valueName\":\"search_term_string\"}}],\"inLanguage\":\"ro-RO\"},{\"@type\":\"Organization\",\"@id\":\"https:\/\/xstyle.md\/#organization\",\"name\":\"\u041c\u0430\u0433\u0430\u0437\u0438\u043d Xstyle\",\"alternateName\":\"x-style\",\"url\":\"https:\/\/xstyle.md\/\",\"logo\":{\"@type\":\"ImageObject\",\"inLanguage\":\"ro-RO\",\"@id\":\"https:\/\/xstyle.md\/#\/schema\/logo\/image\/\",\"url\":\"https:\/\/xstyle.md\/wp-content\/uploads\/2020\/06\/logoicon.svg\",\"contentUrl\":\"https:\/\/xstyle.md\/wp-content\/uploads\/2020\/06\/logoicon.svg\",\"caption\":\"\u041c\u0430\u0433\u0430\u0437\u0438\u043d Xstyle\"},\"image\":{\"@id\":\"https:\/\/xstyle.md\/#\/schema\/logo\/image\/\"},\"sameAs\":[\"https:\/\/www.facebook.com\/xstylemd\",\"https:\/\/www.instagram.com\/xstyle_md\/\",\"https:\/\/t.me\/xstyle_outdoor\"],\"hasMerchantReturnPolicy\":{\"@type\":\"MerchantReturnPolicy\",\"merchantReturnLink\":\"https:\/\/xstyle.md\/ro\/conditions\/\"}}]}<\/script>\n<meta property=\"product:price:amount\" content=\"395.00\" \/>\n<meta property=\"product:price:currency\" content=\"MDL\" \/>\n<meta property=\"og:availability\" content=\"instock\" \/>\n<meta property=\"product:availability\" content=\"instock\" \/>\n<meta property=\"product:retailer_item_id\" content=\"8053307525822\" \/>\n<meta property=\"product:condition\" content=\"new\" \/>\n<!-- \/ Yoast SEO plugin. -->","yoast_head_json":{"title":"\u0218osete Accapi Outdoor Merino Endurance Crew black - Magazin Xstyle","description":"Descoperi\u021bi \u0219osetele Accapi Outdoor Merino Endurance Crew black \u2013 combina\u021bia perfect\u0103 de stil \u0219i confort pentru activit\u0103\u021bi \u00een aer liber, realizate din l\u00e2n\u0103 natural\u0103 de merino.","robots":{"index":"index","follow":"follow","max-snippet":"max-snippet:-1","max-image-preview":"max-image-preview:large","max-video-preview":"max-video-preview:-1"},"canonical":"https:\/\/xstyle.md\/ro\/produs\/noski-accapi-outdoor-merino-endurance-crew-black\/","og_locale":"ro_RO","og_type":"article","og_title":"\u041d\u043e\u0441\u043a\u0438 Accapi Outdoor Merino Endurance Crew black - \u041c\u0430\u0433\u0430\u0437\u0438\u043d Xstyle","og_description":"\u041e\u0442\u043a\u0440\u043e\u0439\u0442\u0435 \u0434\u043b\u044f \u0441\u0435\u0431\u044f \u043d\u043e\u0441\u043a\u0438 Accapi Outdoor Merino Endurance Crew black \u2013 \u0438\u0434\u0435\u0430\u043b\u044c\u043d\u043e\u0435 \u0441\u043e\u0447\u0435\u0442\u0430\u043d\u0438\u0435 \u0441\u0442\u0438\u043b\u044f \u0438 \u043a\u043e\u043c\u0444\u043e\u0440\u0442\u0430 \u0434\u043b\u044f \u0430\u043a\u0442\u0438\u0432\u043d\u043e\u0433\u043e \u043e\u0442\u0434\u044b\u0445\u0430 \u0441 \u043d\u0430\u0442\u0443\u0440\u0430\u043b\u044c\u043d\u043e\u0439 \u0448\u0435\u0440\u0441\u0442\u044c\u044e \u043c\u0435\u0440\u0438\u043d\u043e\u0441\u0430.","og_url":"https:\/\/xstyle.md\/ro\/produs\/noski-accapi-outdoor-merino-endurance-crew-black\/","og_site_name":"\u041c\u0430\u0433\u0430\u0437\u0438\u043d Xstyle","article_publisher":"https:\/\/www.facebook.com\/xstylemd","article_modified_time":"2024-10-02T20:59:51+00:00","og_image":[{"width":696,"height":760,"url":"https:\/\/xstyle.md\/wp-content\/uploads\/2021\/11\/accapi-outdoor-merino-endurance-crew-black.jpg","type":"image\/jpeg"}],"twitter_card":"summary_large_image","twitter_misc":{"Pre\u021b":"395&nbsp;MDL","Disponibilitate":"\u00cen stoc"},"schema":{"@context":"https:\/\/schema.org","@graph":[{"@type":"WebPage","@id":"https:\/\/xstyle.md\/product\/noski-accapi-outdoor-merino-endurance-crew-black\/","url":"https:\/\/xstyle.md\/product\/noski-accapi-outdoor-merino-endurance-crew-black\/","name":"\u0218osete Accapi Outdoor Merino Endurance Crew black - Magazin Xstyle","isPartOf":{"@id":"https:\/\/xstyle.md\/#website"},"primaryImageOfPage":{"@id":"https:\/\/xstyle.md\/product\/noski-accapi-outdoor-merino-endurance-crew-black\/#primaryimage"},"image":{"@id":"https:\/\/xstyle.md\/product\/noski-accapi-outdoor-merino-endurance-crew-black\/#primaryimage"},"thumbnailUrl":"https:\/\/xstyle.md\/wp-content\/uploads\/2021\/11\/accapi-outdoor-merino-endurance-crew-black.jpg","datePublished":"2021-11-10T08:28:59+00:00","dateModified":"2024-10-02T20:59:51+00:00","description":"Descoperi\u021bi \u0219osetele Accapi Outdoor Merino Endurance Crew black \u2013 combina\u021bia perfect\u0103 de stil \u0219i confort pentru activit\u0103\u021bi \u00een aer liber, realizate din l\u00e2n\u0103 natural\u0103 de merino.","breadcrumb":{"@id":"https:\/\/xstyle.md\/product\/noski-accapi-outdoor-merino-endurance-crew-black\/#breadcrumb"},"inLanguage":"ro-RO","potentialAction":[{"@type":"ReadAction","target":["https:\/\/xstyle.md\/product\/noski-accapi-outdoor-merino-endurance-crew-black\/"]}]},{"@type":"ImageObject","inLanguage":"ro-RO","@id":"https:\/\/xstyle.md\/product\/noski-accapi-outdoor-merino-endurance-crew-black\/#primaryimage","url":"https:\/\/xstyle.md\/wp-content\/uploads\/2021\/11\/accapi-outdoor-merino-endurance-crew-black.jpg","contentUrl":"https:\/\/xstyle.md\/wp-content\/uploads\/2021\/11\/accapi-outdoor-merino-endurance-crew-black.jpg","width":696,"height":760,"caption":"\u041d\u043e\u0441\u043a\u0438 \u0434\u043b\u044f \u0430\u043a\u0442\u0438\u0432\u043d\u043e\u0433\u043e \u043e\u0442\u0434\u044b\u0445\u0430 \u0438 \u0442\u0443\u0440\u0438\u0437\u043c\u0430 Accapi Outdoor Merino Endurance Crew \u0447\u0435\u0440\u043d\u044b\u0435 \u0434\u043b\u044f \u043f\u043e\u0445\u043e\u0434\u043e\u0432 \u0430\u043b\u044c\u043f\u0438\u043d\u0438\u0437\u043c\u0430 \u0438 \u043f\u0443\u0442\u0435\u0448\u0435\u0441\u0442\u0432\u0438\u0439 \u0432 \u0438\u043d\u0442\u0435\u0440\u043d\u0435\u0442-\u043c\u0430\u0433\u0430\u0437\u0438\u043d\u0435 \u0441\u043f\u043e\u0440\u0442\u0438\u0432\u043d\u043e\u0439 \u043e\u0434\u0435\u0436\u0434\u044b \u0438 \u043e\u0431\u0443\u0432\u0438"},{"@type":"BreadcrumbList","@id":"https:\/\/xstyle.md\/product\/noski-accapi-outdoor-merino-endurance-crew-black\/#breadcrumb","itemListElement":[{"@type":"ListItem","position":1,"name":"\u0413\u043b\u0430\u0432\u043d\u0430\u044f \u0441\u0442\u0440\u0430\u043d\u0438\u0446\u0430","item":"https:\/\/xstyle.md\/"},{"@type":"ListItem","position":2,"name":"\u041c\u0430\u0433\u0430\u0437\u0438\u043d","item":"https:\/\/xstyle.md\/shop\/"},{"@type":"ListItem","position":3,"name":"\u041d\u043e\u0441\u043a\u0438 Accapi Outdoor Merino Endurance Crew black"}]},{"@type":"WebSite","@id":"https:\/\/xstyle.md\/#website","url":"https:\/\/xstyle.md\/","name":"Magazinul X-Style","description":"Echipamente pentru turism \u0219i sporturi extreme \u00een Moldova. Pre\u021buri, fotografii, caracteristici \u00een Moldova.","publisher":{"@id":"https:\/\/xstyle.md\/#organization"},"alternateName":"X-Style","potentialAction":[{"@type":"SearchAction","target":{"@type":"EntryPoint","urlTemplate":"https:\/\/xstyle.md\/?s={search_term_string}"},"query-input":{"@type":"PropertyValueSpecification","valueRequired":true,"valueName":"search_term_string"}}],"inLanguage":"ro-RO"},{"@type":"Organization","@id":"https:\/\/xstyle.md\/#organization","name":"Magazinul X-Style","alternateName":"x-style","url":"https:\/\/xstyle.md\/","logo":{"@type":"ImageObject","inLanguage":"ro-RO","@id":"https:\/\/xstyle.md\/#\/schema\/logo\/image\/","url":"https:\/\/xstyle.md\/wp-content\/uploads\/2020\/06\/logoicon.svg","contentUrl":"https:\/\/xstyle.md\/wp-content\/uploads\/2020\/06\/logoicon.svg","caption":"\u041c\u0430\u0433\u0430\u0437\u0438\u043d Xstyle"},"image":{"@id":"https:\/\/xstyle.md\/#\/schema\/logo\/image\/"},"sameAs":["https:\/\/www.facebook.com\/xstylemd","https:\/\/www.instagram.com\/xstyle_md\/","https:\/\/t.me\/xstyle_outdoor"],"hasMerchantReturnPolicy":{"@type":"MerchantReturnPolicy","merchantReturnLink":"https:\/\/xstyle.md\/ro\/conditions\/"}}]},"product_price_amount":"395.00","product_price_currency":"MDL","og_availability":"instock","product_availability":"instock","product_retailer_item_id":"8053307525822","product_condition":"new"},"post_mailing_queue_ids":[],"_links":{"self":[{"href":"https:\/\/xstyle.md\/ro\/wp-json\/wp\/v2\/product\/41259","targetHints":{"allow":["GET"]}}],"collection":[{"href":"https:\/\/xstyle.md\/ro\/wp-json\/wp\/v2\/product"}],"about":[{"href":"https:\/\/xstyle.md\/ro\/wp-json\/wp\/v2\/types\/product"}],"replies":[{"embeddable":true,"href":"https:\/\/xstyle.md\/ro\/wp-json\/wp\/v2\/comments?post=41259"}],"wp:featuredmedia":[{"embeddable":true,"href":"https:\/\/xstyle.md\/ro\/wp-json\/wp\/v2\/media\/46119"}],"wp:attachment":[{"href":"https:\/\/xstyle.md\/ro\/wp-json\/wp\/v2\/media?parent=41259"}],"wp:term":[{"taxonomy":"product_brand","embeddable":true,"href":"https:\/\/xstyle.md\/ro\/wp-json\/wp\/v2\/product_brand?post=41259"},{"taxonomy":"product_cat","embeddable":true,"href":"https:\/\/xstyle.md\/ro\/wp-json\/wp\/v2\/product_cat?post=41259"},{"taxonomy":"product_tag","embeddable":true,"href":"https:\/\/xstyle.md\/ro\/wp-json\/wp\/v2\/product_tag?post=41259"}],"curies":[{"name":"wp","href":"https:\/\/api.w.org\/{rel}","templated":true}]}}