{"id":41255,"date":"2021-11-10T11:28:58","date_gmt":"2021-11-10T08:28:58","guid":{"rendered":"https:\/\/xstyle.md\/?post_type=product&#038;p=41255"},"modified":"2026-03-19T16:46:13","modified_gmt":"2026-03-19T13:46:13","slug":"termoshtany-accapi-ergoracing-3-4-wmn-anthracite-black","status":"publish","type":"product","link":"https:\/\/xstyle.md\/ro\/produs\/termoshtany-accapi-ergoracing-3-4-wmn-anthracite-black\/","title":{"rendered":"Pantaloni termici Accapi Ergoracing 3\/4 Wmn anthracite\/black"},"content":{"rendered":"<\/p>\n<p><strong>Accapi Ergoracing 3\/4<\/strong>\u00a0&#8212; pantaloni termici sport pentru femei, concepu\u021bi special pentru activit\u0103\u021bi sportive extreme, cum ar fi competi\u021biile \u0219i antrenamentele active. Ideali pentru sporturile care necesit\u0103 o protec\u021bie fiabil\u0103 \u00eempotriva frigului, precum \u0219i un suport elastic puternic pentru mu\u0219chi \u0219i articula\u021bii: schi alpin \u0219i snowboarding, ciclism montan, motociclism, patinaj pe ghea\u021b\u0103. Datorit\u0103 lungimii lor, se potrivesc perfect sub o cizm\u0103 de schi \u00eenalt\u0103.<\/p>\n<p>Construc\u021bie f\u0103r\u0103 cus\u0103turi care urmeaz\u0103 \u00een totalitate forma corpului, zone de \u021bes\u0103turi speciale de-a lungul contururilor mu\u0219chilor pentru sus\u021binere \u0219i relief &#8212; lenjeria de corp Ergoracing folose\u0219te peste 10 arhitecturi textile cu diferite \u021bes\u0103turi de fibre. Fiecare dintre ele este conceput\u0103 pentru a r\u0103spunde unei provoc\u0103ri fiziologice \u0219i tehnice diferite. Adaptive Energy Compression &#8212; tehnologia de compresie variabil\u0103 adaptat\u0103 la diferite grupe musculare \u00eembun\u0103t\u0103\u021be\u0219te eficien\u021ba muscular\u0103. Presiunea distribuit\u0103 \u00eembun\u0103t\u0103\u021be\u0219te circula\u021bia s\u00e2ngelui, ceea ce asigur\u0103 un flux mai activ de oxigen \u0219i nutrien\u021bi c\u0103tre celule, precum \u0219i eliminarea rapid\u0103 a subproduselor metabolismului carbohidra\u021bilor.<\/p>\n<p>Gama Ergoracing este conceput\u0103 de speciali\u0219tii Accapi pentru a proteja mu\u0219chii \u0219i articula\u021biile \u0219i pentru a crea o carcas\u0103 de \u00eenalt\u0103 performan\u021b\u0103. Ideal\u0103 pentru sporturile care necesit\u0103 o protec\u021bie fiabil\u0103 \u00eempotriva frigului, precum \u0219i un sprijin elastic puternic pentru mu\u0219chi \u0219i articula\u021bii. Potrivite at\u00e2t pentru climatele aspre, c\u00e2t \u0219i \u00een afara sezonului. Indispensabil \u00een cazurile de transpira\u021bie ridicat\u0103. Construc\u021bie tridimensional\u0103 f\u0103r\u0103 cus\u0103turi, modelare complet\u0103 a corpului, inser\u021bii verticale de \u00eenalt\u0103 densitate pe spate, zone de \u021bes\u0103tur\u0103 special\u0103 \u00een jurul conturului mu\u0219chilor pentru sus\u021binere \u0219i u\u0219urare, sus\u021binere pentru mu\u0219chii pieptului, \u021bes\u0103tur\u0103 elastic\u0103.<\/p>\n<h3>Particularit\u0103\u021bi<\/h3>\n<ul>\n<li>Fabricat din materiale sintetice care favorizeaz\u0103 evaporarea rapid\u0103 a umidit\u0103\u021bii<\/li>\n<li>Respir\u0103 bine \u0219i elimin\u0103 umezeala, prevenind condi\u021biile favorabile pentru dezvoltarea bacteriilor<\/li>\n<li>Cus\u0103turi plate pentru protec\u021bie \u00eempotriva frec\u0103rii \u0219i pres\u0103rii<\/li>\n<li>Cus\u0103turi overlock discrete \u0219i fine pentru rezisten\u021b\u0103 \u0219i durabilitate ridicat\u0103.<\/li>\n<li>Tricotaj elastic pentru o potrivire confortabil\u0103 \u0219i o potrivire perfect\u0103 pe corp<\/li>\n<li>Zonarea special\u0103 \u00eembun\u0103t\u0103\u021be\u0219te circula\u021bia aerului<\/li>\n<\/ul>\n<h3>Caracteristici<\/h3>\n<ul>\n<li>Compozi\u021bie &#8212; 93% poliamid\u0103, 7% elastan<\/li>\n<li>Sezon &#8212; iarn\u0103\/demisezon<\/li>\n<li>Aplicare &#8212; activit\u0103\u021bi \u00een aer liber\/turism\/snowboarding\/schiat<\/li>\n<li>Model - pentru femei.<\/li>\n<\/ul>\n<h3>Tehnologie<\/h3>\n<ul>\n<li><strong>Bee Memo\u00ae<\/strong> \u2013 o structur\u0103 tridimensional\u0103 cu efect de memorie, capabil\u0103 s\u0103 se extind\u0103 sau s\u0103 se contracte \u00een func\u021bie de necesit\u0103\u021bi.<\/li>\n<li><strong>Accordion Fitting Band\u00ae<\/strong> \u2013 inser\u021biile elastice laterale \u0219i interioare elimin\u0103 eficient umezeala.<\/li>\n<li><strong>Connecting Ribs\u00ae<\/strong>\u00a0 Zonele musculare conturate pentru sprijin \u0219i ameliorarea stresului.<\/li>\n<li><strong>Adaptive Energy Compression<\/strong> \u2013 tehnologie de compresie variabil\u0103 adaptat\u0103 diferitelor grupe musculare; cre\u0219te eficien\u021ba mu\u0219chilor.<\/li>\n<\/ul>\n<h3>Marca<\/h3>\n<p>Compania italian\u0103 Accapi este un exemplu al modului \u00een care tradi\u021biile vechi \u0219i experien\u021ba trecutului tr\u0103iesc \u00een armonie perfect\u0103 cu cele mai avansate tehnologii \u0219i echipamente moderne. \u00cenfiin\u021bat\u0103 \u00een 1958 de familia Chiaruttini, care ini\u021bial producea \u0219osete obi\u0219nuite, \u0219i dup\u0103 ce a acumulat o experien\u021b\u0103 considerabil\u0103, \u00een 1994 compania a \u00eenceput s\u0103 produc\u0103 \u0219osete tehnologice pentru toate sporturile. De trei genera\u021bii, produc\u021bia de lenjerie de corp termic\u0103 este o afacere de familie, ceea ce garanteaz\u0103 constan\u021ba unei calit\u0103\u021bi ridicate, deoarece toate modelele sunt produse \u00een propria fabric\u0103 din Italia. Introducerea de noi tehnologii \u00een 2006 a permis extinderea liniei de produse \u0219i revizuirea calitativ\u0103 a modelelor existente. \u00cen acela\u0219i timp, pre\u021burile pentru Accapi au r\u0103mas la acela\u0219i nivel. Marca Accapi este sponsorul a diver\u0219i sportivi din ciclismul de \u0219osea, cursele de motociclete, atletism, schi alpin, inclusiv medalia\u021bi olimpici.<\/p>\n<p><\/p>","protected":false},"excerpt":{"rendered":"","protected":false},"featured_media":43489,"comment_status":"open","ping_status":"closed","template":"","meta":{"_acf_changed":false,"inline_featured_image":false},"product_brand":[1407],"product_cat":[274],"product_tag":[],"class_list":{"0":"post-41255","1":"product","2":"type-product","3":"status-publish","4":"has-post-thumbnail","6":"product_brand-accapi","7":"product_cat-thermals-femei","9":"first","10":"instock","11":"shipping-taxable","12":"purchasable","13":"product-type-simple"},"acf":[],"yoast_head":"<!-- This site is optimized with the Yoast SEO plugin v27.2 - https:\/\/yoast.com\/product\/yoast-seo-wordpress\/ -->\n<title>\u0422\u0435\u0440\u043c\u043e\u0448\u0442\u0430\u043d\u044b Accapi Ergoracing 3\/4 Wmn anthracite\/black - \u041c\u0430\u0433\u0430\u0437\u0438\u043d Xstyle<\/title>\n<meta name=\"description\" content=\"\u0422\u0435\u0440\u043c\u043e\u0448\u0442\u0430\u043d\u044b Accapi Ergoracing 3\/4 Wmn \u0430\u043d\u0442\u0440\u0430\u0446\u0438\u0442\/\u0447\u0435\u0440\u043d\u044b\u0439 \u043e\u0431\u0435\u0441\u043f\u0435\u0447\u0438\u0432\u0430\u044e\u0442 \u0430\u0434\u0430\u043f\u0442\u0438\u0432\u043d\u0443\u044e \u043a\u043e\u043c\u043f\u0440\u0435\u0441\u0441\u0438\u044e \u0438 \u0437\u0430\u0449\u0438\u0442\u0443 \u0434\u043b\u044f \u0430\u043a\u0442\u0438\u0432\u043d\u044b\u0445 \u0442\u0440\u0435\u043d\u0438\u0440\u043e\u0432\u043e\u043a \u0438 \u0441\u043e\u0440\u0435\u0432\u043d\u043e\u0432\u0430\u043d\u0438\u0439.\" \/>\n<meta name=\"robots\" content=\"index, follow, max-snippet:-1, max-image-preview:large, max-video-preview:-1\" \/>\n<link rel=\"canonical\" href=\"https:\/\/xstyle.md\/ro\/produs\/termoshtany-accapi-ergoracing-3-4-wmn-anthracite-black\/\" \/>\n<meta property=\"og:locale\" content=\"ro_RO\" \/>\n<meta property=\"og:type\" content=\"article\" \/>\n<meta property=\"og:title\" content=\"\u0422\u0435\u0440\u043c\u043e\u0448\u0442\u0430\u043d\u044b Accapi Ergoracing 3\/4 Wmn anthracite\/black - \u041c\u0430\u0433\u0430\u0437\u0438\u043d Xstyle\" \/>\n<meta property=\"og:description\" content=\"\u0422\u0435\u0440\u043c\u043e\u0448\u0442\u0430\u043d\u044b Accapi Ergoracing 3\/4 Wmn \u0430\u043d\u0442\u0440\u0430\u0446\u0438\u0442\/\u0447\u0435\u0440\u043d\u044b\u0439 \u043e\u0431\u0435\u0441\u043f\u0435\u0447\u0438\u0432\u0430\u044e\u0442 \u0430\u0434\u0430\u043f\u0442\u0438\u0432\u043d\u0443\u044e \u043a\u043e\u043c\u043f\u0440\u0435\u0441\u0441\u0438\u044e \u0438 \u0437\u0430\u0449\u0438\u0442\u0443 \u0434\u043b\u044f \u0430\u043a\u0442\u0438\u0432\u043d\u044b\u0445 \u0442\u0440\u0435\u043d\u0438\u0440\u043e\u0432\u043e\u043a \u0438 \u0441\u043e\u0440\u0435\u0432\u043d\u043e\u0432\u0430\u043d\u0438\u0439.\" \/>\n<meta property=\"og:url\" content=\"https:\/\/xstyle.md\/ro\/produs\/termoshtany-accapi-ergoracing-3-4-wmn-anthracite-black\/\" \/>\n<meta property=\"og:site_name\" content=\"\u041c\u0430\u0433\u0430\u0437\u0438\u043d Xstyle\" \/>\n<meta property=\"article:publisher\" content=\"https:\/\/www.facebook.com\/xstylemd\" \/>\n<meta property=\"article:modified_time\" content=\"2026-03-19T13:46:13+00:00\" \/>\n<meta property=\"og:image\" content=\"https:\/\/xstyle.md\/wp-content\/uploads\/2021\/11\/accapi-ergoracing-3-4-wmn-anthraciteblack.jpg\" \/>\n\t<meta property=\"og:image:width\" content=\"1000\" \/>\n\t<meta property=\"og:image:height\" content=\"1000\" \/>\n\t<meta property=\"og:image:type\" content=\"image\/jpeg\" \/>\n<meta name=\"twitter:card\" content=\"summary_large_image\" \/>\n<meta name=\"twitter:label1\" content=\"Pre\u021b\" \/>\n\t<meta name=\"twitter:data1\" content=\"1.190&nbsp;MDL\" \/>\n\t<meta name=\"twitter:label2\" content=\"Disponibilitate\" \/>\n\t<meta name=\"twitter:data2\" content=\"\u00cen stoc\" \/>\n<script type=\"application\/ld+json\" class=\"yoast-schema-graph\">{\"@context\":\"https:\/\/schema.org\",\"@graph\":[{\"@type\":\"WebPage\",\"@id\":\"https:\/\/xstyle.md\/product\/termoshtany-accapi-ergoracing-3-4-wmn-anthracite-black\/\",\"url\":\"https:\/\/xstyle.md\/product\/termoshtany-accapi-ergoracing-3-4-wmn-anthracite-black\/\",\"name\":\"\u0422\u0435\u0440\u043c\u043e\u0448\u0442\u0430\u043d\u044b Accapi Ergoracing 3\/4 Wmn anthracite\/black - \u041c\u0430\u0433\u0430\u0437\u0438\u043d Xstyle\",\"isPartOf\":{\"@id\":\"https:\/\/xstyle.md\/#website\"},\"primaryImageOfPage\":{\"@id\":\"https:\/\/xstyle.md\/product\/termoshtany-accapi-ergoracing-3-4-wmn-anthracite-black\/#primaryimage\"},\"image\":{\"@id\":\"https:\/\/xstyle.md\/product\/termoshtany-accapi-ergoracing-3-4-wmn-anthracite-black\/#primaryimage\"},\"thumbnailUrl\":\"https:\/\/xstyle.md\/wp-content\/uploads\/2021\/11\/accapi-ergoracing-3-4-wmn-anthraciteblack.jpg\",\"datePublished\":\"2021-11-10T08:28:58+00:00\",\"dateModified\":\"2026-03-19T13:46:13+00:00\",\"description\":\"\u0422\u0435\u0440\u043c\u043e\u0448\u0442\u0430\u043d\u044b Accapi Ergoracing 3\/4 Wmn \u0430\u043d\u0442\u0440\u0430\u0446\u0438\u0442\/\u0447\u0435\u0440\u043d\u044b\u0439 \u043e\u0431\u0435\u0441\u043f\u0435\u0447\u0438\u0432\u0430\u044e\u0442 \u0430\u0434\u0430\u043f\u0442\u0438\u0432\u043d\u0443\u044e \u043a\u043e\u043c\u043f\u0440\u0435\u0441\u0441\u0438\u044e \u0438 \u0437\u0430\u0449\u0438\u0442\u0443 \u0434\u043b\u044f \u0430\u043a\u0442\u0438\u0432\u043d\u044b\u0445 \u0442\u0440\u0435\u043d\u0438\u0440\u043e\u0432\u043e\u043a \u0438 \u0441\u043e\u0440\u0435\u0432\u043d\u043e\u0432\u0430\u043d\u0438\u0439.\",\"breadcrumb\":{\"@id\":\"https:\/\/xstyle.md\/product\/termoshtany-accapi-ergoracing-3-4-wmn-anthracite-black\/#breadcrumb\"},\"inLanguage\":\"ro-RO\",\"potentialAction\":[{\"@type\":\"ReadAction\",\"target\":[\"https:\/\/xstyle.md\/product\/termoshtany-accapi-ergoracing-3-4-wmn-anthracite-black\/\"]}]},{\"@type\":\"ImageObject\",\"inLanguage\":\"ro-RO\",\"@id\":\"https:\/\/xstyle.md\/product\/termoshtany-accapi-ergoracing-3-4-wmn-anthracite-black\/#primaryimage\",\"url\":\"https:\/\/xstyle.md\/wp-content\/uploads\/2021\/11\/accapi-ergoracing-3-4-wmn-anthraciteblack.jpg\",\"contentUrl\":\"https:\/\/xstyle.md\/wp-content\/uploads\/2021\/11\/accapi-ergoracing-3-4-wmn-anthraciteblack.jpg\",\"width\":1000,\"height\":1000,\"caption\":\"\u0422\u0435\u0440\u043c\u043e\u0448\u0442\u0430\u043d\u044b Accapi Ergoracing 3\/4 Wmn \u0434\u043b\u044f \u0430\u043a\u0442\u0438\u0432\u043d\u043e\u0433\u043e \u043e\u0442\u0434\u044b\u0445\u0430, \u043f\u043e\u0445\u043e\u0434\u043e\u0432 \u0438 \u043f\u0443\u0442\u0435\u0448\u0435\u0441\u0442\u0432\u0438\u0439, \u0441\u043f\u043e\u0440\u0442\u0438\u0432\u043d\u0430\u044f \u044d\u043a\u0438\u043f\u0438\u0440\u043e\u0432\u043a\u0430 \u0434\u043b\u044f \u0436\u0435\u043d\u0449\u0438\u043d \u043d\u0430 \u043e\u043d\u043b\u0430\u0439\u043d \u043c\u0430\u0433\u0430\u0437\u0438\u043d\u0435 \u0430\u043a\u0442\u0438\u0432\u043d\u043e\u0439 \u0436\u0438\u0437\u043d\u0438\"},{\"@type\":\"BreadcrumbList\",\"@id\":\"https:\/\/xstyle.md\/product\/termoshtany-accapi-ergoracing-3-4-wmn-anthracite-black\/#breadcrumb\",\"itemListElement\":[{\"@type\":\"ListItem\",\"position\":1,\"name\":\"\u0413\u043b\u0430\u0432\u043d\u0430\u044f \u0441\u0442\u0440\u0430\u043d\u0438\u0446\u0430\",\"item\":\"https:\/\/xstyle.md\/\"},{\"@type\":\"ListItem\",\"position\":2,\"name\":\"\u041c\u0430\u0433\u0430\u0437\u0438\u043d\",\"item\":\"https:\/\/xstyle.md\/shop\/\"},{\"@type\":\"ListItem\",\"position\":3,\"name\":\"\u0422\u0435\u0440\u043c\u043e\u0448\u0442\u0430\u043d\u044b Accapi Ergoracing 3\/4 Wmn anthracite\/black\"}]},{\"@type\":\"WebSite\",\"@id\":\"https:\/\/xstyle.md\/#website\",\"url\":\"https:\/\/xstyle.md\/\",\"name\":\"\u041c\u0430\u0433\u0430\u0437\u0438\u043d Xstyle\",\"description\":\"C\u043d\u0430\u0440\u044f\u0436\u0435\u043d\u0438\u0435 \u0434\u043b\u044f \u0442\u0443\u0440\u0438\u0437\u043c\u0430 \u0438 \u044d\u043a\u0441\u0442\u0440\u0435\u043c\u0430\u043b\u044c\u043d\u044b\u0445 \u0432\u0438\u0434\u043e\u0432 \u0441\u043f\u043e\u0440\u0442\u0430 \u0432 \u041c\u043e\u043b\u0434\u043e\u0432\u0435.. \u0426\u0435\u043d\u044b, \u0444\u043e\u0442\u043e, \u0445\u0430\u0440\u0430\u043a\u0442\u0435\u0440\u0438\u0441\u0442\u0438\u043a\u0438 \u0432 \u041c\u043e\u043b\u0434\u043e\u0432\u0435.\",\"publisher\":{\"@id\":\"https:\/\/xstyle.md\/#organization\"},\"alternateName\":\"X-Style\",\"potentialAction\":[{\"@type\":\"SearchAction\",\"target\":{\"@type\":\"EntryPoint\",\"urlTemplate\":\"https:\/\/xstyle.md\/?s={search_term_string}\"},\"query-input\":{\"@type\":\"PropertyValueSpecification\",\"valueRequired\":true,\"valueName\":\"search_term_string\"}}],\"inLanguage\":\"ro-RO\"},{\"@type\":\"Organization\",\"@id\":\"https:\/\/xstyle.md\/#organization\",\"name\":\"\u041c\u0430\u0433\u0430\u0437\u0438\u043d Xstyle\",\"alternateName\":\"x-style\",\"url\":\"https:\/\/xstyle.md\/\",\"logo\":{\"@type\":\"ImageObject\",\"inLanguage\":\"ro-RO\",\"@id\":\"https:\/\/xstyle.md\/#\/schema\/logo\/image\/\",\"url\":\"https:\/\/xstyle.md\/wp-content\/uploads\/2020\/06\/logoicon.svg\",\"contentUrl\":\"https:\/\/xstyle.md\/wp-content\/uploads\/2020\/06\/logoicon.svg\",\"caption\":\"\u041c\u0430\u0433\u0430\u0437\u0438\u043d Xstyle\"},\"image\":{\"@id\":\"https:\/\/xstyle.md\/#\/schema\/logo\/image\/\"},\"sameAs\":[\"https:\/\/www.facebook.com\/xstylemd\",\"https:\/\/www.instagram.com\/xstyle_md\/\",\"https:\/\/t.me\/xstyle_outdoor\"],\"hasMerchantReturnPolicy\":{\"@type\":\"MerchantReturnPolicy\",\"merchantReturnLink\":\"https:\/\/xstyle.md\/ro\/conditions\/\"}}]}<\/script>\n<meta property=\"product:price:amount\" content=\"1190.00\" \/>\n<meta property=\"product:price:currency\" content=\"MDL\" \/>\n<meta property=\"og:availability\" content=\"instock\" \/>\n<meta property=\"product:availability\" content=\"instock\" \/>\n<meta property=\"product:retailer_item_id\" content=\"8053307521244\" \/>\n<meta property=\"product:condition\" content=\"new\" \/>\n<!-- \/ Yoast SEO plugin. -->","yoast_head_json":{"title":"Pantaloni termici Accapi Ergoracing 3\/4 Wmn anthracite\/black - Magazin Xstyle","description":"Pantalonii termici Accapi Ergoracing 3\/4 Wmn antracit\/negru ofer\u0103 compresie adaptiv\u0103 \u0219i protec\u021bie pentru antrenamente active \u0219i competi\u021bii.","robots":{"index":"index","follow":"follow","max-snippet":"max-snippet:-1","max-image-preview":"max-image-preview:large","max-video-preview":"max-video-preview:-1"},"canonical":"https:\/\/xstyle.md\/ro\/produs\/termoshtany-accapi-ergoracing-3-4-wmn-anthracite-black\/","og_locale":"ro_RO","og_type":"article","og_title":"\u0422\u0435\u0440\u043c\u043e\u0448\u0442\u0430\u043d\u044b Accapi Ergoracing 3\/4 Wmn anthracite\/black - \u041c\u0430\u0433\u0430\u0437\u0438\u043d Xstyle","og_description":"\u0422\u0435\u0440\u043c\u043e\u0448\u0442\u0430\u043d\u044b Accapi Ergoracing 3\/4 Wmn \u0430\u043d\u0442\u0440\u0430\u0446\u0438\u0442\/\u0447\u0435\u0440\u043d\u044b\u0439 \u043e\u0431\u0435\u0441\u043f\u0435\u0447\u0438\u0432\u0430\u044e\u0442 \u0430\u0434\u0430\u043f\u0442\u0438\u0432\u043d\u0443\u044e \u043a\u043e\u043c\u043f\u0440\u0435\u0441\u0441\u0438\u044e \u0438 \u0437\u0430\u0449\u0438\u0442\u0443 \u0434\u043b\u044f \u0430\u043a\u0442\u0438\u0432\u043d\u044b\u0445 \u0442\u0440\u0435\u043d\u0438\u0440\u043e\u0432\u043e\u043a \u0438 \u0441\u043e\u0440\u0435\u0432\u043d\u043e\u0432\u0430\u043d\u0438\u0439.","og_url":"https:\/\/xstyle.md\/ro\/produs\/termoshtany-accapi-ergoracing-3-4-wmn-anthracite-black\/","og_site_name":"\u041c\u0430\u0433\u0430\u0437\u0438\u043d Xstyle","article_publisher":"https:\/\/www.facebook.com\/xstylemd","article_modified_time":"2026-03-19T13:46:13+00:00","og_image":[{"width":1000,"height":1000,"url":"https:\/\/xstyle.md\/wp-content\/uploads\/2021\/11\/accapi-ergoracing-3-4-wmn-anthraciteblack.jpg","type":"image\/jpeg"}],"twitter_card":"summary_large_image","twitter_misc":{"Pre\u021b":"1.190&nbsp;MDL","Disponibilitate":"\u00cen stoc"},"schema":{"@context":"https:\/\/schema.org","@graph":[{"@type":"WebPage","@id":"https:\/\/xstyle.md\/product\/termoshtany-accapi-ergoracing-3-4-wmn-anthracite-black\/","url":"https:\/\/xstyle.md\/product\/termoshtany-accapi-ergoracing-3-4-wmn-anthracite-black\/","name":"Pantaloni termici Accapi Ergoracing 3\/4 Wmn anthracite\/black - Magazin Xstyle","isPartOf":{"@id":"https:\/\/xstyle.md\/#website"},"primaryImageOfPage":{"@id":"https:\/\/xstyle.md\/product\/termoshtany-accapi-ergoracing-3-4-wmn-anthracite-black\/#primaryimage"},"image":{"@id":"https:\/\/xstyle.md\/product\/termoshtany-accapi-ergoracing-3-4-wmn-anthracite-black\/#primaryimage"},"thumbnailUrl":"https:\/\/xstyle.md\/wp-content\/uploads\/2021\/11\/accapi-ergoracing-3-4-wmn-anthraciteblack.jpg","datePublished":"2021-11-10T08:28:58+00:00","dateModified":"2026-03-19T13:46:13+00:00","description":"Pantalonii termici Accapi Ergoracing 3\/4 Wmn antracit\/negru ofer\u0103 compresie adaptiv\u0103 \u0219i protec\u021bie pentru antrenamente active \u0219i competi\u021bii.","breadcrumb":{"@id":"https:\/\/xstyle.md\/product\/termoshtany-accapi-ergoracing-3-4-wmn-anthracite-black\/#breadcrumb"},"inLanguage":"ro-RO","potentialAction":[{"@type":"ReadAction","target":["https:\/\/xstyle.md\/product\/termoshtany-accapi-ergoracing-3-4-wmn-anthracite-black\/"]}]},{"@type":"ImageObject","inLanguage":"ro-RO","@id":"https:\/\/xstyle.md\/product\/termoshtany-accapi-ergoracing-3-4-wmn-anthracite-black\/#primaryimage","url":"https:\/\/xstyle.md\/wp-content\/uploads\/2021\/11\/accapi-ergoracing-3-4-wmn-anthraciteblack.jpg","contentUrl":"https:\/\/xstyle.md\/wp-content\/uploads\/2021\/11\/accapi-ergoracing-3-4-wmn-anthraciteblack.jpg","width":1000,"height":1000,"caption":"\u0422\u0435\u0440\u043c\u043e\u0448\u0442\u0430\u043d\u044b Accapi Ergoracing 3\/4 Wmn \u0434\u043b\u044f \u0430\u043a\u0442\u0438\u0432\u043d\u043e\u0433\u043e \u043e\u0442\u0434\u044b\u0445\u0430, \u043f\u043e\u0445\u043e\u0434\u043e\u0432 \u0438 \u043f\u0443\u0442\u0435\u0448\u0435\u0441\u0442\u0432\u0438\u0439, \u0441\u043f\u043e\u0440\u0442\u0438\u0432\u043d\u0430\u044f \u044d\u043a\u0438\u043f\u0438\u0440\u043e\u0432\u043a\u0430 \u0434\u043b\u044f \u0436\u0435\u043d\u0449\u0438\u043d \u043d\u0430 \u043e\u043d\u043b\u0430\u0439\u043d \u043c\u0430\u0433\u0430\u0437\u0438\u043d\u0435 \u0430\u043a\u0442\u0438\u0432\u043d\u043e\u0439 \u0436\u0438\u0437\u043d\u0438"},{"@type":"BreadcrumbList","@id":"https:\/\/xstyle.md\/product\/termoshtany-accapi-ergoracing-3-4-wmn-anthracite-black\/#breadcrumb","itemListElement":[{"@type":"ListItem","position":1,"name":"\u0413\u043b\u0430\u0432\u043d\u0430\u044f \u0441\u0442\u0440\u0430\u043d\u0438\u0446\u0430","item":"https:\/\/xstyle.md\/"},{"@type":"ListItem","position":2,"name":"\u041c\u0430\u0433\u0430\u0437\u0438\u043d","item":"https:\/\/xstyle.md\/shop\/"},{"@type":"ListItem","position":3,"name":"\u0422\u0435\u0440\u043c\u043e\u0448\u0442\u0430\u043d\u044b Accapi Ergoracing 3\/4 Wmn anthracite\/black"}]},{"@type":"WebSite","@id":"https:\/\/xstyle.md\/#website","url":"https:\/\/xstyle.md\/","name":"Magazinul X-Style","description":"Echipamente pentru turism \u0219i sporturi extreme \u00een Moldova. Pre\u021buri, fotografii, caracteristici \u00een Moldova.","publisher":{"@id":"https:\/\/xstyle.md\/#organization"},"alternateName":"X-Style","potentialAction":[{"@type":"SearchAction","target":{"@type":"EntryPoint","urlTemplate":"https:\/\/xstyle.md\/?s={search_term_string}"},"query-input":{"@type":"PropertyValueSpecification","valueRequired":true,"valueName":"search_term_string"}}],"inLanguage":"ro-RO"},{"@type":"Organization","@id":"https:\/\/xstyle.md\/#organization","name":"Magazinul X-Style","alternateName":"x-style","url":"https:\/\/xstyle.md\/","logo":{"@type":"ImageObject","inLanguage":"ro-RO","@id":"https:\/\/xstyle.md\/#\/schema\/logo\/image\/","url":"https:\/\/xstyle.md\/wp-content\/uploads\/2020\/06\/logoicon.svg","contentUrl":"https:\/\/xstyle.md\/wp-content\/uploads\/2020\/06\/logoicon.svg","caption":"\u041c\u0430\u0433\u0430\u0437\u0438\u043d Xstyle"},"image":{"@id":"https:\/\/xstyle.md\/#\/schema\/logo\/image\/"},"sameAs":["https:\/\/www.facebook.com\/xstylemd","https:\/\/www.instagram.com\/xstyle_md\/","https:\/\/t.me\/xstyle_outdoor"],"hasMerchantReturnPolicy":{"@type":"MerchantReturnPolicy","merchantReturnLink":"https:\/\/xstyle.md\/ro\/conditions\/"}}]},"product_price_amount":"1190.00","product_price_currency":"MDL","og_availability":"instock","product_availability":"instock","product_retailer_item_id":"8053307521244","product_condition":"new"},"post_mailing_queue_ids":[],"_links":{"self":[{"href":"https:\/\/xstyle.md\/ro\/wp-json\/wp\/v2\/product\/41255","targetHints":{"allow":["GET"]}}],"collection":[{"href":"https:\/\/xstyle.md\/ro\/wp-json\/wp\/v2\/product"}],"about":[{"href":"https:\/\/xstyle.md\/ro\/wp-json\/wp\/v2\/types\/product"}],"replies":[{"embeddable":true,"href":"https:\/\/xstyle.md\/ro\/wp-json\/wp\/v2\/comments?post=41255"}],"wp:featuredmedia":[{"embeddable":true,"href":"https:\/\/xstyle.md\/ro\/wp-json\/wp\/v2\/media\/43489"}],"wp:attachment":[{"href":"https:\/\/xstyle.md\/ro\/wp-json\/wp\/v2\/media?parent=41255"}],"wp:term":[{"taxonomy":"product_brand","embeddable":true,"href":"https:\/\/xstyle.md\/ro\/wp-json\/wp\/v2\/product_brand?post=41255"},{"taxonomy":"product_cat","embeddable":true,"href":"https:\/\/xstyle.md\/ro\/wp-json\/wp\/v2\/product_cat?post=41255"},{"taxonomy":"product_tag","embeddable":true,"href":"https:\/\/xstyle.md\/ro\/wp-json\/wp\/v2\/product_tag?post=41255"}],"curies":[{"name":"wp","href":"https:\/\/api.w.org\/{rel}","templated":true}]}}