{"id":41018,"date":"2021-10-29T16:07:25","date_gmt":"2021-10-29T13:07:25","guid":{"rendered":"https:\/\/xstyle.md\/?post_type=product&#038;p=41018"},"modified":"2024-10-28T21:00:21","modified_gmt":"2024-10-28T18:00:21","slug":"shnurok-dlja-ochkov-julbo-h62a011","status":"publish","type":"product","link":"https:\/\/xstyle.md\/ro\/produs\/shnurok-dlja-ochkov-julbo-h62a011\/","title":{"rendered":"Cord pentru ochelari Julbo H62A011"},"content":{"rendered":"<\/p>\n<p><strong>Julbo H62A011<\/strong> &#8212; lan\u021b spiralat pentru ochelari fabricat din neopren. Nu se scufund\u0103 \u00een ap\u0103, men\u021bin\u00e2nd pe linia de plutire majoritatea modelelor de ochelari.<\/p>\n<h3>Caracteristici<\/h3>\n<ul>\n<li>Material &#8212; neopren<\/li>\n<li>Lungime &#8212; 30 cm<\/li>\n<li>Greutate &#8212; 5 g<\/li>\n<\/ul>\n<h3>Marca<\/h3>\n<p>Julbo este un brand francez de renume mondial care produce ochelari sport de \u00eenalt\u0103 calitate, ochelari pentru sporturi de ap\u0103, ochelari pentru alpinism la altitudine mare, m\u0103\u0219ti pentru sporturi de iarn\u0103, c\u0103\u0219ti de schi \u0219i multe altele. Aceast\u0103 companie are o istorie de peste 130 de ani, iar \u00een acest timp s-a dezvoltat de la o mic\u0103 firm\u0103 de familie la un juc\u0103tor important pe pia\u021ba global\u0103. Julbo a devenit un adev\u0103rat expert \u0219i un punct de referin\u021b\u0103 \u00een dezvoltarea de optic\u0103 pentru utilizare \u00een condi\u021bii extreme. Experien\u021ba acumulat\u0103 de-a lungul anilor, tehnologiile inovatoare \u0219i cooperarea cu sportivii au dus la o gam\u0103 larg\u0103 de produse care au c\u00e2\u0219tigat o mare popularitate \u00een \u00eentreaga lume.<\/p>\n<p><\/p>","protected":false},"excerpt":{"rendered":"","protected":false},"featured_media":41117,"comment_status":"open","ping_status":"closed","template":"","meta":{"_acf_changed":false,"inline_featured_image":false},"product_brand":[1294],"product_cat":[241],"product_tag":[],"class_list":{"0":"post-41018","1":"product","2":"type-product","3":"status-publish","4":"has-post-thumbnail","6":"product_brand-julbo","7":"product_cat-sunglasses-accessories","9":"first","10":"outofstock","11":"shipping-taxable","12":"product-type-simple"},"acf":[],"yoast_head":"<!-- This site is optimized with the Yoast SEO plugin v27.2 - https:\/\/yoast.com\/product\/yoast-seo-wordpress\/ -->\n<title>\u0428\u043d\u0443\u0440\u043e\u043a \u0434\u043b\u044f \u043e\u0447\u043a\u043e\u0432 Julbo H62A011 - \u041c\u0430\u0433\u0430\u0437\u0438\u043d Xstyle<\/title>\n<meta name=\"description\" content=\"\u0428\u043d\u0443\u0440\u043e\u043a \u0434\u043b\u044f \u043e\u0447\u043a\u043e\u0432 Julbo H62A011 \u0438\u0437 \u043d\u0435\u043e\u043f\u0440\u0435\u043d\u0430, \u0434\u043b\u0438\u043d\u0430 30 \u0441\u043c, \u0432\u0435\u0441 5 \u0433. \u041b\u0435\u0433\u043a\u0438\u0439 \u0438 \u043d\u0435 \u0442\u043e\u043d\u0435\u0442 \u0432 \u0432\u043e\u0434\u0435, \u043f\u043e\u0434\u0445\u043e\u0434\u044f\u0449\u0438\u0439 \u0434\u043b\u044f \u0431\u043e\u043b\u044c\u0448\u0438\u043d\u0441\u0442\u0432\u0430 \u043c\u043e\u0434\u0435\u043b\u0435\u0439 \u043e\u0447\u043a\u043e\u0432.\" \/>\n<meta name=\"robots\" content=\"index, follow, max-snippet:-1, max-image-preview:large, max-video-preview:-1\" \/>\n<link rel=\"canonical\" href=\"https:\/\/xstyle.md\/ro\/produs\/shnurok-dlja-ochkov-julbo-h62a011\/\" \/>\n<meta property=\"og:locale\" content=\"ro_RO\" \/>\n<meta property=\"og:type\" content=\"article\" \/>\n<meta property=\"og:title\" content=\"\u0428\u043d\u0443\u0440\u043e\u043a \u0434\u043b\u044f \u043e\u0447\u043a\u043e\u0432 Julbo H62A011 - \u041c\u0430\u0433\u0430\u0437\u0438\u043d Xstyle\" \/>\n<meta property=\"og:description\" content=\"\u0428\u043d\u0443\u0440\u043e\u043a \u0434\u043b\u044f \u043e\u0447\u043a\u043e\u0432 Julbo H62A011 \u0438\u0437 \u043d\u0435\u043e\u043f\u0440\u0435\u043d\u0430, \u0434\u043b\u0438\u043d\u0430 30 \u0441\u043c, \u0432\u0435\u0441 5 \u0433. \u041b\u0435\u0433\u043a\u0438\u0439 \u0438 \u043d\u0435 \u0442\u043e\u043d\u0435\u0442 \u0432 \u0432\u043e\u0434\u0435, \u043f\u043e\u0434\u0445\u043e\u0434\u044f\u0449\u0438\u0439 \u0434\u043b\u044f \u0431\u043e\u043b\u044c\u0448\u0438\u043d\u0441\u0442\u0432\u0430 \u043c\u043e\u0434\u0435\u043b\u0435\u0439 \u043e\u0447\u043a\u043e\u0432.\" \/>\n<meta property=\"og:url\" content=\"https:\/\/xstyle.md\/ro\/produs\/shnurok-dlja-ochkov-julbo-h62a011\/\" \/>\n<meta property=\"og:site_name\" content=\"\u041c\u0430\u0433\u0430\u0437\u0438\u043d Xstyle\" \/>\n<meta property=\"article:publisher\" content=\"https:\/\/www.facebook.com\/xstylemd\" \/>\n<meta property=\"article:modified_time\" content=\"2024-10-28T18:00:21+00:00\" \/>\n<meta property=\"og:image\" content=\"https:\/\/xstyle.md\/wp-content\/uploads\/2021\/10\/julbo-h62a011.jpg\" \/>\n\t<meta property=\"og:image:width\" content=\"600\" \/>\n\t<meta property=\"og:image:height\" content=\"600\" \/>\n\t<meta property=\"og:image:type\" content=\"image\/jpeg\" \/>\n<meta name=\"twitter:card\" content=\"summary_large_image\" \/>\n<meta name=\"twitter:label1\" content=\"Pre\u021b\" \/>\n\t<meta name=\"twitter:data1\" content=\"95&nbsp;MDL\" \/>\n\t<meta name=\"twitter:label2\" content=\"Disponibilitate\" \/>\n\t<meta name=\"twitter:data2\" content=\"Stoc epuizat\" \/>\n<script type=\"application\/ld+json\" class=\"yoast-schema-graph\">{\"@context\":\"https:\/\/schema.org\",\"@graph\":[{\"@type\":\"WebPage\",\"@id\":\"https:\/\/xstyle.md\/product\/shnurok-dlja-ochkov-julbo-h62a011\/\",\"url\":\"https:\/\/xstyle.md\/product\/shnurok-dlja-ochkov-julbo-h62a011\/\",\"name\":\"\u0428\u043d\u0443\u0440\u043e\u043a \u0434\u043b\u044f \u043e\u0447\u043a\u043e\u0432 Julbo H62A011 - \u041c\u0430\u0433\u0430\u0437\u0438\u043d Xstyle\",\"isPartOf\":{\"@id\":\"https:\/\/xstyle.md\/#website\"},\"primaryImageOfPage\":{\"@id\":\"https:\/\/xstyle.md\/product\/shnurok-dlja-ochkov-julbo-h62a011\/#primaryimage\"},\"image\":{\"@id\":\"https:\/\/xstyle.md\/product\/shnurok-dlja-ochkov-julbo-h62a011\/#primaryimage\"},\"thumbnailUrl\":\"https:\/\/xstyle.md\/wp-content\/uploads\/2021\/10\/julbo-h62a011.jpg\",\"datePublished\":\"2021-10-29T13:07:25+00:00\",\"dateModified\":\"2024-10-28T18:00:21+00:00\",\"description\":\"\u0428\u043d\u0443\u0440\u043e\u043a \u0434\u043b\u044f \u043e\u0447\u043a\u043e\u0432 Julbo H62A011 \u0438\u0437 \u043d\u0435\u043e\u043f\u0440\u0435\u043d\u0430, \u0434\u043b\u0438\u043d\u0430 30 \u0441\u043c, \u0432\u0435\u0441 5 \u0433. \u041b\u0435\u0433\u043a\u0438\u0439 \u0438 \u043d\u0435 \u0442\u043e\u043d\u0435\u0442 \u0432 \u0432\u043e\u0434\u0435, \u043f\u043e\u0434\u0445\u043e\u0434\u044f\u0449\u0438\u0439 \u0434\u043b\u044f \u0431\u043e\u043b\u044c\u0448\u0438\u043d\u0441\u0442\u0432\u0430 \u043c\u043e\u0434\u0435\u043b\u0435\u0439 \u043e\u0447\u043a\u043e\u0432.\",\"breadcrumb\":{\"@id\":\"https:\/\/xstyle.md\/product\/shnurok-dlja-ochkov-julbo-h62a011\/#breadcrumb\"},\"inLanguage\":\"ro-RO\",\"potentialAction\":[{\"@type\":\"ReadAction\",\"target\":[\"https:\/\/xstyle.md\/product\/shnurok-dlja-ochkov-julbo-h62a011\/\"]}]},{\"@type\":\"ImageObject\",\"inLanguage\":\"ro-RO\",\"@id\":\"https:\/\/xstyle.md\/product\/shnurok-dlja-ochkov-julbo-h62a011\/#primaryimage\",\"url\":\"https:\/\/xstyle.md\/wp-content\/uploads\/2021\/10\/julbo-h62a011.jpg\",\"contentUrl\":\"https:\/\/xstyle.md\/wp-content\/uploads\/2021\/10\/julbo-h62a011.jpg\",\"width\":600,\"height\":600,\"caption\":\"\u0428\u043d\u0443\u0440\u043e\u043a \u0434\u043b\u044f \u043e\u0447\u043a\u043e\u0432 Julbo H62A011 \u043d\u0430 \u0441\u0442\u0440\u0430\u043d\u0438\u0446\u0435 \u043e \u0442\u043e\u0432\u0430\u0440\u0430\u0445 \u0434\u043b\u044f \u0430\u043a\u0442\u0438\u0432\u043d\u043e\u0433\u043e \u043e\u0442\u0434\u044b\u0445\u0430, \u043f\u043e\u0445\u043e\u0434\u043e\u0432 \u0438 \u043f\u0443\u0442\u0435\u0448\u0435\u0441\u0442\u0432\u0438\u0439 \u0434\u043b\u044f \u043e\u043d\u043b\u0430\u0439\u043d \u043c\u0430\u0433\u0430\u0437\u0438\u043d\u0430 \u0441\u043f\u043e\u0440\u0442\u0438\u0432\u043d\u043e\u0439 \u043e\u0434\u0435\u0436\u0434\u044b \u043e\u0431\u0443\u0432\u0438 \u0434\u043b\u044f \u0430\u043b\u044c\u043f\u0438\u043d\u0438\u0437\u043c\u0430 \u0438 \u0442\u0443\u0440\u0438\u0437\u043c\u0430\"},{\"@type\":\"BreadcrumbList\",\"@id\":\"https:\/\/xstyle.md\/product\/shnurok-dlja-ochkov-julbo-h62a011\/#breadcrumb\",\"itemListElement\":[{\"@type\":\"ListItem\",\"position\":1,\"name\":\"\u0413\u043b\u0430\u0432\u043d\u0430\u044f \u0441\u0442\u0440\u0430\u043d\u0438\u0446\u0430\",\"item\":\"https:\/\/xstyle.md\/\"},{\"@type\":\"ListItem\",\"position\":2,\"name\":\"\u041c\u0430\u0433\u0430\u0437\u0438\u043d\",\"item\":\"https:\/\/xstyle.md\/shop\/\"},{\"@type\":\"ListItem\",\"position\":3,\"name\":\"\u0428\u043d\u0443\u0440\u043e\u043a \u0434\u043b\u044f \u043e\u0447\u043a\u043e\u0432 Julbo H62A011\"}]},{\"@type\":\"WebSite\",\"@id\":\"https:\/\/xstyle.md\/#website\",\"url\":\"https:\/\/xstyle.md\/\",\"name\":\"\u041c\u0430\u0433\u0430\u0437\u0438\u043d Xstyle\",\"description\":\"C\u043d\u0430\u0440\u044f\u0436\u0435\u043d\u0438\u0435 \u0434\u043b\u044f \u0442\u0443\u0440\u0438\u0437\u043c\u0430 \u0438 \u044d\u043a\u0441\u0442\u0440\u0435\u043c\u0430\u043b\u044c\u043d\u044b\u0445 \u0432\u0438\u0434\u043e\u0432 \u0441\u043f\u043e\u0440\u0442\u0430 \u0432 \u041c\u043e\u043b\u0434\u043e\u0432\u0435.. \u0426\u0435\u043d\u044b, \u0444\u043e\u0442\u043e, \u0445\u0430\u0440\u0430\u043a\u0442\u0435\u0440\u0438\u0441\u0442\u0438\u043a\u0438 \u0432 \u041c\u043e\u043b\u0434\u043e\u0432\u0435.\",\"publisher\":{\"@id\":\"https:\/\/xstyle.md\/#organization\"},\"alternateName\":\"X-Style\",\"potentialAction\":[{\"@type\":\"SearchAction\",\"target\":{\"@type\":\"EntryPoint\",\"urlTemplate\":\"https:\/\/xstyle.md\/?s={search_term_string}\"},\"query-input\":{\"@type\":\"PropertyValueSpecification\",\"valueRequired\":true,\"valueName\":\"search_term_string\"}}],\"inLanguage\":\"ro-RO\"},{\"@type\":\"Organization\",\"@id\":\"https:\/\/xstyle.md\/#organization\",\"name\":\"\u041c\u0430\u0433\u0430\u0437\u0438\u043d Xstyle\",\"alternateName\":\"x-style\",\"url\":\"https:\/\/xstyle.md\/\",\"logo\":{\"@type\":\"ImageObject\",\"inLanguage\":\"ro-RO\",\"@id\":\"https:\/\/xstyle.md\/#\/schema\/logo\/image\/\",\"url\":\"https:\/\/xstyle.md\/wp-content\/uploads\/2020\/06\/logoicon.svg\",\"contentUrl\":\"https:\/\/xstyle.md\/wp-content\/uploads\/2020\/06\/logoicon.svg\",\"caption\":\"\u041c\u0430\u0433\u0430\u0437\u0438\u043d Xstyle\"},\"image\":{\"@id\":\"https:\/\/xstyle.md\/#\/schema\/logo\/image\/\"},\"sameAs\":[\"https:\/\/www.facebook.com\/xstylemd\",\"https:\/\/www.instagram.com\/xstyle_md\/\",\"https:\/\/t.me\/xstyle_outdoor\"],\"hasMerchantReturnPolicy\":{\"@type\":\"MerchantReturnPolicy\",\"merchantReturnLink\":\"https:\/\/xstyle.md\/ro\/conditions\/\"}}]}<\/script>\n<meta property=\"product:price:amount\" content=\"95.00\" \/>\n<meta property=\"product:price:currency\" content=\"MDL\" \/>\n<meta property=\"og:availability\" content=\"out of stock\" \/>\n<meta property=\"product:availability\" content=\"out of stock\" \/>\n<meta property=\"product:retailer_item_id\" content=\"3660576184343\" \/>\n<meta property=\"product:condition\" content=\"new\" \/>\n<!-- \/ Yoast SEO plugin. -->","yoast_head_json":{"title":"Lan\u021b ochelari Julbo H62A011 - Magazin Xstyle","description":"\u0218nur pentru ochelari Julbo H62A011 din neopren, lungime 30 cm, greutate 5 g. U\u0219or \u0219i nu se scufund\u0103 \u00een ap\u0103, potrivit pentru majoritatea modelelor de ochelari.","robots":{"index":"index","follow":"follow","max-snippet":"max-snippet:-1","max-image-preview":"max-image-preview:large","max-video-preview":"max-video-preview:-1"},"canonical":"https:\/\/xstyle.md\/ro\/produs\/shnurok-dlja-ochkov-julbo-h62a011\/","og_locale":"ro_RO","og_type":"article","og_title":"\u0428\u043d\u0443\u0440\u043e\u043a \u0434\u043b\u044f \u043e\u0447\u043a\u043e\u0432 Julbo H62A011 - \u041c\u0430\u0433\u0430\u0437\u0438\u043d Xstyle","og_description":"\u0428\u043d\u0443\u0440\u043e\u043a \u0434\u043b\u044f \u043e\u0447\u043a\u043e\u0432 Julbo H62A011 \u0438\u0437 \u043d\u0435\u043e\u043f\u0440\u0435\u043d\u0430, \u0434\u043b\u0438\u043d\u0430 30 \u0441\u043c, \u0432\u0435\u0441 5 \u0433. \u041b\u0435\u0433\u043a\u0438\u0439 \u0438 \u043d\u0435 \u0442\u043e\u043d\u0435\u0442 \u0432 \u0432\u043e\u0434\u0435, \u043f\u043e\u0434\u0445\u043e\u0434\u044f\u0449\u0438\u0439 \u0434\u043b\u044f \u0431\u043e\u043b\u044c\u0448\u0438\u043d\u0441\u0442\u0432\u0430 \u043c\u043e\u0434\u0435\u043b\u0435\u0439 \u043e\u0447\u043a\u043e\u0432.","og_url":"https:\/\/xstyle.md\/ro\/produs\/shnurok-dlja-ochkov-julbo-h62a011\/","og_site_name":"\u041c\u0430\u0433\u0430\u0437\u0438\u043d Xstyle","article_publisher":"https:\/\/www.facebook.com\/xstylemd","article_modified_time":"2024-10-28T18:00:21+00:00","og_image":[{"width":600,"height":600,"url":"https:\/\/xstyle.md\/wp-content\/uploads\/2021\/10\/julbo-h62a011.jpg","type":"image\/jpeg"}],"twitter_card":"summary_large_image","twitter_misc":{"Pre\u021b":"95&nbsp;MDL","Disponibilitate":"Stoc epuizat"},"schema":{"@context":"https:\/\/schema.org","@graph":[{"@type":"WebPage","@id":"https:\/\/xstyle.md\/product\/shnurok-dlja-ochkov-julbo-h62a011\/","url":"https:\/\/xstyle.md\/product\/shnurok-dlja-ochkov-julbo-h62a011\/","name":"Lan\u021b ochelari Julbo H62A011 - Magazin Xstyle","isPartOf":{"@id":"https:\/\/xstyle.md\/#website"},"primaryImageOfPage":{"@id":"https:\/\/xstyle.md\/product\/shnurok-dlja-ochkov-julbo-h62a011\/#primaryimage"},"image":{"@id":"https:\/\/xstyle.md\/product\/shnurok-dlja-ochkov-julbo-h62a011\/#primaryimage"},"thumbnailUrl":"https:\/\/xstyle.md\/wp-content\/uploads\/2021\/10\/julbo-h62a011.jpg","datePublished":"2021-10-29T13:07:25+00:00","dateModified":"2024-10-28T18:00:21+00:00","description":"\u0218nur pentru ochelari Julbo H62A011 din neopren, lungime 30 cm, greutate 5 g. U\u0219or \u0219i nu se scufund\u0103 \u00een ap\u0103, potrivit pentru majoritatea modelelor de ochelari.","breadcrumb":{"@id":"https:\/\/xstyle.md\/product\/shnurok-dlja-ochkov-julbo-h62a011\/#breadcrumb"},"inLanguage":"ro-RO","potentialAction":[{"@type":"ReadAction","target":["https:\/\/xstyle.md\/product\/shnurok-dlja-ochkov-julbo-h62a011\/"]}]},{"@type":"ImageObject","inLanguage":"ro-RO","@id":"https:\/\/xstyle.md\/product\/shnurok-dlja-ochkov-julbo-h62a011\/#primaryimage","url":"https:\/\/xstyle.md\/wp-content\/uploads\/2021\/10\/julbo-h62a011.jpg","contentUrl":"https:\/\/xstyle.md\/wp-content\/uploads\/2021\/10\/julbo-h62a011.jpg","width":600,"height":600,"caption":"\u0428\u043d\u0443\u0440\u043e\u043a \u0434\u043b\u044f \u043e\u0447\u043a\u043e\u0432 Julbo H62A011 \u043d\u0430 \u0441\u0442\u0440\u0430\u043d\u0438\u0446\u0435 \u043e \u0442\u043e\u0432\u0430\u0440\u0430\u0445 \u0434\u043b\u044f \u0430\u043a\u0442\u0438\u0432\u043d\u043e\u0433\u043e \u043e\u0442\u0434\u044b\u0445\u0430, \u043f\u043e\u0445\u043e\u0434\u043e\u0432 \u0438 \u043f\u0443\u0442\u0435\u0448\u0435\u0441\u0442\u0432\u0438\u0439 \u0434\u043b\u044f \u043e\u043d\u043b\u0430\u0439\u043d \u043c\u0430\u0433\u0430\u0437\u0438\u043d\u0430 \u0441\u043f\u043e\u0440\u0442\u0438\u0432\u043d\u043e\u0439 \u043e\u0434\u0435\u0436\u0434\u044b \u043e\u0431\u0443\u0432\u0438 \u0434\u043b\u044f \u0430\u043b\u044c\u043f\u0438\u043d\u0438\u0437\u043c\u0430 \u0438 \u0442\u0443\u0440\u0438\u0437\u043c\u0430"},{"@type":"BreadcrumbList","@id":"https:\/\/xstyle.md\/product\/shnurok-dlja-ochkov-julbo-h62a011\/#breadcrumb","itemListElement":[{"@type":"ListItem","position":1,"name":"\u0413\u043b\u0430\u0432\u043d\u0430\u044f \u0441\u0442\u0440\u0430\u043d\u0438\u0446\u0430","item":"https:\/\/xstyle.md\/"},{"@type":"ListItem","position":2,"name":"\u041c\u0430\u0433\u0430\u0437\u0438\u043d","item":"https:\/\/xstyle.md\/shop\/"},{"@type":"ListItem","position":3,"name":"\u0428\u043d\u0443\u0440\u043e\u043a \u0434\u043b\u044f \u043e\u0447\u043a\u043e\u0432 Julbo H62A011"}]},{"@type":"WebSite","@id":"https:\/\/xstyle.md\/#website","url":"https:\/\/xstyle.md\/","name":"Magazinul X-Style","description":"Echipamente pentru turism \u0219i sporturi extreme \u00een Moldova. Pre\u021buri, fotografii, caracteristici \u00een Moldova.","publisher":{"@id":"https:\/\/xstyle.md\/#organization"},"alternateName":"X-Style","potentialAction":[{"@type":"SearchAction","target":{"@type":"EntryPoint","urlTemplate":"https:\/\/xstyle.md\/?s={search_term_string}"},"query-input":{"@type":"PropertyValueSpecification","valueRequired":true,"valueName":"search_term_string"}}],"inLanguage":"ro-RO"},{"@type":"Organization","@id":"https:\/\/xstyle.md\/#organization","name":"Magazinul X-Style","alternateName":"x-style","url":"https:\/\/xstyle.md\/","logo":{"@type":"ImageObject","inLanguage":"ro-RO","@id":"https:\/\/xstyle.md\/#\/schema\/logo\/image\/","url":"https:\/\/xstyle.md\/wp-content\/uploads\/2020\/06\/logoicon.svg","contentUrl":"https:\/\/xstyle.md\/wp-content\/uploads\/2020\/06\/logoicon.svg","caption":"\u041c\u0430\u0433\u0430\u0437\u0438\u043d Xstyle"},"image":{"@id":"https:\/\/xstyle.md\/#\/schema\/logo\/image\/"},"sameAs":["https:\/\/www.facebook.com\/xstylemd","https:\/\/www.instagram.com\/xstyle_md\/","https:\/\/t.me\/xstyle_outdoor"],"hasMerchantReturnPolicy":{"@type":"MerchantReturnPolicy","merchantReturnLink":"https:\/\/xstyle.md\/ro\/conditions\/"}}]},"product_price_amount":"95.00","product_price_currency":"MDL","og_availability":"out of stock","product_availability":"out of stock","product_retailer_item_id":"3660576184343","product_condition":"new"},"post_mailing_queue_ids":[],"_links":{"self":[{"href":"https:\/\/xstyle.md\/ro\/wp-json\/wp\/v2\/product\/41018","targetHints":{"allow":["GET"]}}],"collection":[{"href":"https:\/\/xstyle.md\/ro\/wp-json\/wp\/v2\/product"}],"about":[{"href":"https:\/\/xstyle.md\/ro\/wp-json\/wp\/v2\/types\/product"}],"replies":[{"embeddable":true,"href":"https:\/\/xstyle.md\/ro\/wp-json\/wp\/v2\/comments?post=41018"}],"wp:featuredmedia":[{"embeddable":true,"href":"https:\/\/xstyle.md\/ro\/wp-json\/wp\/v2\/media\/41117"}],"wp:attachment":[{"href":"https:\/\/xstyle.md\/ro\/wp-json\/wp\/v2\/media?parent=41018"}],"wp:term":[{"taxonomy":"product_brand","embeddable":true,"href":"https:\/\/xstyle.md\/ro\/wp-json\/wp\/v2\/product_brand?post=41018"},{"taxonomy":"product_cat","embeddable":true,"href":"https:\/\/xstyle.md\/ro\/wp-json\/wp\/v2\/product_cat?post=41018"},{"taxonomy":"product_tag","embeddable":true,"href":"https:\/\/xstyle.md\/ro\/wp-json\/wp\/v2\/product_tag?post=41018"}],"curies":[{"name":"wp","href":"https:\/\/api.w.org\/{rel}","templated":true}]}}