{"id":40914,"date":"2021-10-20T18:29:43","date_gmt":"2021-10-20T15:29:43","guid":{"rendered":"https:\/\/xstyle.md\/?post_type=product&#038;p=40914"},"modified":"2025-10-24T12:20:55","modified_gmt":"2025-10-24T09:20:55","slug":"komplekt-aqualung-urchin-jr","status":"publish","type":"product","link":"https:\/\/xstyle.md\/ro\/produs\/komplekt-aqualung-urchin-jr\/","title":{"rendered":"Set Aqualung Urchin JR"},"content":{"rendered":"<\/p>\n<p><strong>Aqualung Urchin JR<\/strong> &#8212; setul este conceput pentru copii, este u\u0219or de utilizat \u0219i de montat \u0219i asigur\u0103 o fixare str\u00e2ns\u0103.<\/p>\n<p>Datorit\u0103 fustei din silicon moale, masca se potrive\u0219te perfect pe fa\u021b\u0103, f\u0103r\u0103 a l\u0103sa apa s\u0103 intre. Cataramele convenabile cu sistem de reglare rapid\u0103 faciliteaz\u0103 schimbarea tensiunii curelei f\u0103r\u0103 a \u00eendep\u0103rta masca de pe cap.<\/p>\n<p>Tubul este echipat cu o supap\u0103 de golire \u0219i o supap\u0103 uscat\u0103. Supapa superioar\u0103 &#171;uscat\u0103&#187; \u00eempiedic\u0103 complet p\u0103trunderea apei \u00een tub \u00een timpul unei scufund\u0103ri. Supapa de scurgere inferioar\u0103 permite ca apa prins\u0103 \u00een tub s\u0103 fie drenat\u0103 f\u0103r\u0103 niciun efort din partea \u00eenot\u0103torului.<\/p>\n<p>Buzunarul confortabil din silicon cu form\u0103 anatomic\u0103 permite \u00eenot\u0103ri lungi cu efort minim asupra maxilarului. Inser\u021bia ondulat\u0103 \u0219i curbura structural\u0103 a tubului reduc rezisten\u021ba \u00een ap\u0103 \u0219i ofer\u0103 o senza\u021bie de confort, chiar \u0219i atunci c\u00e2nd este complet scufundat.<\/p>\n<p>Aripioarele se caracterizeaz\u0103 prin designul \u0219i ergonomia lor confortabil\u0103 \u0219i r\u0103m\u00e2n bine pe picioare datorit\u0103 cataramei reglabile. Aripioara cu dou\u0103 componente \u0219i nervurile cu caneluri speciale adaug\u0103 putere, vitez\u0103 \u0219i u\u0219urarea oboselii \u00eenot\u0103torului.<\/p>\n<h3>Particularit\u0103\u021bi<\/h3>\n<ul>\n<li>Lentilele din policarbonat stabile \u0219i sigure pentru piscin\u0103, cu acoperire anti-cea\u021b\u0103, asigur\u0103 o vedere clar\u0103<\/li>\n<li>Protec\u021bia \u00eempotriva stropilor previne p\u0103trunderea apei stropite \u00een tub<\/li>\n<li>Supap\u0103 de purjare \u00eentr-un singur sens pentru o cur\u0103\u021bare u\u0219oar\u0103<\/li>\n<li>Cataram\u0103 cu trei c\u0103i u\u0219or de reglat<\/li>\n<li>Buzunarul anatomic reduce tensiunea maxilarului<\/li>\n<li>Buzunar TPR moale \u0219i confortabil<\/li>\n<li>Aripioara din dou\u0103 piese adaug\u0103 putere \u0219i vitez\u0103<\/li>\n<li>Nervurile canelate u\u0219ureaz\u0103 deplasarea aripioarei \u0219i previn oboseala<\/li>\n<li>Geant\u0103 de transport.<\/li>\n<\/ul>\n<h3>Caracteristici<\/h3>\n<ul>\n<li>Scop &#8212; \u00eenot\/snorkelling\/ scufund\u0103ri<\/li>\n<li>Material ochelari de protec\u021bie &#8212; silicon, policarbonat, sticl\u0103 c\u0103lit\u0103<\/li>\n<li>Rigiditatea aripioarelor &#8212; medie<\/li>\n<li>Tipul tocului &#8212; deschis<\/li>\n<li>Model &#8212; pentru copii.<\/li>\n<\/ul>\n<h3>Marca<\/h3>\n<p>AquaLung \u2013 o marc\u0103 legendar\u0103 \u00een lumea scufund\u0103rilor, av\u00e2ndu-i ca fondatori pe Jacques-Yves Cousteau \u0219i Emile Gagnan. De mai bine de 80 de ani de existen\u021b\u0103, compania a devenit cel mai mare produc\u0103tor de echipamente de scufund\u0103ri, cu cea mai larg\u0103 gam\u0103 de modele din industrie. Varietatea de produse moderne ale companiei v\u0103 permite s\u0103 g\u0103si\u021bi ceea ce ave\u021bi nevoie at\u00e2t pentru \u00eencep\u0103torii amatori, c\u00e2t \u0219i pentru profesioni\u0219ti. Gama larg\u0103 include: m\u0103\u0219ti, aripioare, tuburi de snorkeling, costume de neopren umede \u0219i uscate, regulatoare \u0219i caracati\u021be, diverse dispozitive de \u00eenalt\u0103 tehnologie, \u00eembr\u0103c\u0103minte \u0219i \u00eenc\u0103l\u021b\u0103minte, gen\u021bi \u0219i multe alte accesorii. Datorit\u0103 unei re\u021bele puternice de distribu\u021bie, produsele AquaLung pot fi achizi\u021bionate \u00een peste 90 de \u021b\u0103ri de pe toate continentele.<\/p>\n<p><\/p>","protected":false},"excerpt":{"rendered":"","protected":false},"featured_media":53880,"comment_status":"open","ping_status":"closed","template":"","meta":{"_acf_changed":false,"inline_featured_image":false},"product_brand":[1284],"product_cat":[409],"product_tag":[],"class_list":{"0":"post-40914","1":"product","2":"type-product","3":"status-publish","4":"has-post-thumbnail","6":"product_brand-aqualung","7":"product_cat-mask-snorkel-flippers","9":"first","10":"instock","11":"shipping-taxable","12":"purchasable","13":"product-type-simple"},"acf":[],"yoast_head":"<!-- This site is optimized with the Yoast SEO plugin v27.4 - https:\/\/yoast.com\/product\/yoast-seo-wordpress\/ -->\n<title>\u041a\u043e\u043c\u043f\u043b\u0435\u043a\u0442 Aqualung Urchin JR - \u041c\u0430\u0433\u0430\u0437\u0438\u043d Xstyle<\/title>\n<meta name=\"description\" content=\"\u041a\u043e\u043c\u043f\u043b\u0435\u043a\u0442 Aqualung Urchin JR - \u0438\u0434\u0435\u0430\u043b\u044c\u043d\u044b\u0439 \u0432\u044b\u0431\u043e\u0440 \u0434\u043b\u044f \u0434\u0435\u0442\u0435\u0439! \u041b\u0435\u0433\u043a\u0438\u0439 \u0432 \u0438\u0441\u043f\u043e\u043b\u044c\u0437\u043e\u0432\u0430\u043d\u0438\u0438, \u043e\u0431\u0435\u0441\u043f\u0435\u0447\u0438\u0432\u0430\u0435\u0442 \u043d\u0430\u0434\u0435\u0436\u043d\u0443\u044e \u0444\u0438\u043a\u0441\u0430\u0446\u0438\u044e \u0438 \u043a\u043e\u043c\u0444\u043e\u0440\u0442 \u0431\u043b\u0430\u0433\u043e\u0434\u0430\u0440\u044f \u043c\u044f\u0433\u043a\u043e\u043c\u0443 \u0441\u0438\u043b\u0438\u043a\u043e\u043d\u043e\u0432\u043e\u043c\u0443 \u043c\u0430\u0442\u0435\u0440\u0438\u0430\u043b\u0443.\" \/>\n<meta name=\"robots\" content=\"index, follow, max-snippet:-1, max-image-preview:large, max-video-preview:-1\" \/>\n<link rel=\"canonical\" href=\"https:\/\/xstyle.md\/ro\/produs\/komplekt-aqualung-urchin-jr\/\" \/>\n<meta property=\"og:locale\" content=\"ro_RO\" \/>\n<meta property=\"og:type\" content=\"article\" \/>\n<meta property=\"og:title\" content=\"\u041a\u043e\u043c\u043f\u043b\u0435\u043a\u0442 Aqualung Urchin JR - \u041c\u0430\u0433\u0430\u0437\u0438\u043d Xstyle\" \/>\n<meta property=\"og:description\" content=\"\u041a\u043e\u043c\u043f\u043b\u0435\u043a\u0442 Aqualung Urchin JR - \u0438\u0434\u0435\u0430\u043b\u044c\u043d\u044b\u0439 \u0432\u044b\u0431\u043e\u0440 \u0434\u043b\u044f \u0434\u0435\u0442\u0435\u0439! \u041b\u0435\u0433\u043a\u0438\u0439 \u0432 \u0438\u0441\u043f\u043e\u043b\u044c\u0437\u043e\u0432\u0430\u043d\u0438\u0438, \u043e\u0431\u0435\u0441\u043f\u0435\u0447\u0438\u0432\u0430\u0435\u0442 \u043d\u0430\u0434\u0435\u0436\u043d\u0443\u044e \u0444\u0438\u043a\u0441\u0430\u0446\u0438\u044e \u0438 \u043a\u043e\u043c\u0444\u043e\u0440\u0442 \u0431\u043b\u0430\u0433\u043e\u0434\u0430\u0440\u044f \u043c\u044f\u0433\u043a\u043e\u043c\u0443 \u0441\u0438\u043b\u0438\u043a\u043e\u043d\u043e\u0432\u043e\u043c\u0443 \u043c\u0430\u0442\u0435\u0440\u0438\u0430\u043b\u0443.\" \/>\n<meta property=\"og:url\" content=\"https:\/\/xstyle.md\/ro\/produs\/komplekt-aqualung-urchin-jr\/\" \/>\n<meta property=\"og:site_name\" content=\"\u041c\u0430\u0433\u0430\u0437\u0438\u043d Xstyle\" \/>\n<meta property=\"article:publisher\" content=\"https:\/\/www.facebook.com\/xstylemd\" \/>\n<meta property=\"article:modified_time\" content=\"2025-10-24T09:20:55+00:00\" \/>\n<meta property=\"og:image\" content=\"https:\/\/xstyle.md\/wp-content\/uploads\/2021\/10\/aqualung-urchin-jr-500x500-1.jpg\" \/>\n\t<meta property=\"og:image:width\" content=\"500\" \/>\n\t<meta property=\"og:image:height\" content=\"500\" \/>\n\t<meta property=\"og:image:type\" content=\"image\/jpeg\" \/>\n<meta name=\"twitter:card\" content=\"summary_large_image\" \/>\n<meta name=\"twitter:label1\" content=\"Pre\u021b\" \/>\n\t<meta name=\"twitter:data1\" content=\"1.190&nbsp;MDL\" \/>\n\t<meta name=\"twitter:label2\" content=\"Disponibilitate\" \/>\n\t<meta name=\"twitter:data2\" content=\"\u00cen stoc\" \/>\n<script type=\"application\/ld+json\" class=\"yoast-schema-graph\">{\"@context\":\"https:\\\/\\\/schema.org\",\"@graph\":[{\"@type\":\"WebPage\",\"@id\":\"https:\\\/\\\/xstyle.md\\\/product\\\/komplekt-aqualung-urchin-jr\\\/\",\"url\":\"https:\\\/\\\/xstyle.md\\\/product\\\/komplekt-aqualung-urchin-jr\\\/\",\"name\":\"\u041a\u043e\u043c\u043f\u043b\u0435\u043a\u0442 Aqualung Urchin JR - \u041c\u0430\u0433\u0430\u0437\u0438\u043d Xstyle\",\"isPartOf\":{\"@id\":\"https:\\\/\\\/xstyle.md\\\/#website\"},\"primaryImageOfPage\":{\"@id\":\"https:\\\/\\\/xstyle.md\\\/product\\\/komplekt-aqualung-urchin-jr\\\/#primaryimage\"},\"image\":{\"@id\":\"https:\\\/\\\/xstyle.md\\\/product\\\/komplekt-aqualung-urchin-jr\\\/#primaryimage\"},\"thumbnailUrl\":\"https:\\\/\\\/xstyle.md\\\/wp-content\\\/uploads\\\/2021\\\/10\\\/aqualung-urchin-jr-500x500-1.jpg\",\"datePublished\":\"2021-10-20T15:29:43+00:00\",\"dateModified\":\"2025-10-24T09:20:55+00:00\",\"description\":\"\u041a\u043e\u043c\u043f\u043b\u0435\u043a\u0442 Aqualung Urchin JR - \u0438\u0434\u0435\u0430\u043b\u044c\u043d\u044b\u0439 \u0432\u044b\u0431\u043e\u0440 \u0434\u043b\u044f \u0434\u0435\u0442\u0435\u0439! \u041b\u0435\u0433\u043a\u0438\u0439 \u0432 \u0438\u0441\u043f\u043e\u043b\u044c\u0437\u043e\u0432\u0430\u043d\u0438\u0438, \u043e\u0431\u0435\u0441\u043f\u0435\u0447\u0438\u0432\u0430\u0435\u0442 \u043d\u0430\u0434\u0435\u0436\u043d\u0443\u044e \u0444\u0438\u043a\u0441\u0430\u0446\u0438\u044e \u0438 \u043a\u043e\u043c\u0444\u043e\u0440\u0442 \u0431\u043b\u0430\u0433\u043e\u0434\u0430\u0440\u044f \u043c\u044f\u0433\u043a\u043e\u043c\u0443 \u0441\u0438\u043b\u0438\u043a\u043e\u043d\u043e\u0432\u043e\u043c\u0443 \u043c\u0430\u0442\u0435\u0440\u0438\u0430\u043b\u0443.\",\"breadcrumb\":{\"@id\":\"https:\\\/\\\/xstyle.md\\\/product\\\/komplekt-aqualung-urchin-jr\\\/#breadcrumb\"},\"inLanguage\":\"ro-RO\",\"potentialAction\":[{\"@type\":\"ReadAction\",\"target\":[\"https:\\\/\\\/xstyle.md\\\/product\\\/komplekt-aqualung-urchin-jr\\\/\"]}]},{\"@type\":\"ImageObject\",\"inLanguage\":\"ro-RO\",\"@id\":\"https:\\\/\\\/xstyle.md\\\/product\\\/komplekt-aqualung-urchin-jr\\\/#primaryimage\",\"url\":\"https:\\\/\\\/xstyle.md\\\/wp-content\\\/uploads\\\/2021\\\/10\\\/aqualung-urchin-jr-500x500-1.jpg\",\"contentUrl\":\"https:\\\/\\\/xstyle.md\\\/wp-content\\\/uploads\\\/2021\\\/10\\\/aqualung-urchin-jr-500x500-1.jpg\",\"width\":500,\"height\":500,\"caption\":\"\u0414\u0435\u0442\u0441\u043a\u0430\u044f \u0433\u0438\u0434\u0440\u043e\u043a\u043e\u0441\u0442\u044e\u043c \u0438 \u0441\u043d\u0430\u0440\u044f\u0436\u0435\u043d\u0438\u0435 \u0434\u043b\u044f \u0430\u043a\u0442\u0438\u0432\u043d\u043e\u0433\u043e \u043e\u0442\u0434\u044b\u0445\u0430, \u0442\u0443\u0440\u0438\u0437\u043c\u0430 \u0438 \u0430\u043b\u044c\u043f\u0438\u043d\u0438\u0437\u043c\u0430 \u043d\u0430 \u0441\u0430\u0439\u0442\u0435 \u043c\u0430\u0433\u0430\u0437\u0438\u043d\u0430 \u0430\u043a\u0442\u0438\u0432\u043d\u043e\u0439 \u0436\u0438\u0437\u043d\u0438, \u043e\u0431\u043e\u0440\u0443\u0434\u043e\u0432\u0430\u043d\u0438\u0435 \u0434\u043b\u044f \u043f\u0443\u0442\u0435\u0448\u0435\u0441\u0442\u0432\u0438\u0439 \u0438 \u043f\u043e\u0445\u043e\u0434\u043e\u0432\"},{\"@type\":\"BreadcrumbList\",\"@id\":\"https:\\\/\\\/xstyle.md\\\/product\\\/komplekt-aqualung-urchin-jr\\\/#breadcrumb\",\"itemListElement\":[{\"@type\":\"ListItem\",\"position\":1,\"name\":\"\u0413\u043b\u0430\u0432\u043d\u0430\u044f \u0441\u0442\u0440\u0430\u043d\u0438\u0446\u0430\",\"item\":\"https:\\\/\\\/xstyle.md\\\/\"},{\"@type\":\"ListItem\",\"position\":2,\"name\":\"\u041c\u0430\u0433\u0430\u0437\u0438\u043d\",\"item\":\"https:\\\/\\\/xstyle.md\\\/shop\\\/\"},{\"@type\":\"ListItem\",\"position\":3,\"name\":\"\u041a\u043e\u043c\u043f\u043b\u0435\u043a\u0442 Aqualung Urchin JR\"}]},{\"@type\":\"WebSite\",\"@id\":\"https:\\\/\\\/xstyle.md\\\/#website\",\"url\":\"https:\\\/\\\/xstyle.md\\\/\",\"name\":\"\u041c\u0430\u0433\u0430\u0437\u0438\u043d Xstyle\",\"description\":\"C\u043d\u0430\u0440\u044f\u0436\u0435\u043d\u0438\u0435 \u0434\u043b\u044f \u0442\u0443\u0440\u0438\u0437\u043c\u0430 \u0438 \u044d\u043a\u0441\u0442\u0440\u0435\u043c\u0430\u043b\u044c\u043d\u044b\u0445 \u0432\u0438\u0434\u043e\u0432 \u0441\u043f\u043e\u0440\u0442\u0430 \u0432 \u041c\u043e\u043b\u0434\u043e\u0432\u0435.. \u0426\u0435\u043d\u044b, \u0444\u043e\u0442\u043e, \u0445\u0430\u0440\u0430\u043a\u0442\u0435\u0440\u0438\u0441\u0442\u0438\u043a\u0438 \u0432 \u041c\u043e\u043b\u0434\u043e\u0432\u0435.\",\"publisher\":{\"@id\":\"https:\\\/\\\/xstyle.md\\\/#organization\"},\"alternateName\":\"X-Style\",\"potentialAction\":[{\"@type\":\"SearchAction\",\"target\":{\"@type\":\"EntryPoint\",\"urlTemplate\":\"https:\\\/\\\/xstyle.md\\\/?s={search_term_string}\"},\"query-input\":{\"@type\":\"PropertyValueSpecification\",\"valueRequired\":true,\"valueName\":\"search_term_string\"}}],\"inLanguage\":\"ro-RO\"},{\"@type\":\"Organization\",\"@id\":\"https:\\\/\\\/xstyle.md\\\/#organization\",\"name\":\"\u041c\u0430\u0433\u0430\u0437\u0438\u043d Xstyle\",\"alternateName\":\"x-style\",\"url\":\"https:\\\/\\\/xstyle.md\\\/\",\"logo\":{\"@type\":\"ImageObject\",\"inLanguage\":\"ro-RO\",\"@id\":\"https:\\\/\\\/xstyle.md\\\/#\\\/schema\\\/logo\\\/image\\\/\",\"url\":\"https:\\\/\\\/xstyle.md\\\/wp-content\\\/uploads\\\/2020\\\/06\\\/logoicon.svg\",\"contentUrl\":\"https:\\\/\\\/xstyle.md\\\/wp-content\\\/uploads\\\/2020\\\/06\\\/logoicon.svg\",\"caption\":\"\u041c\u0430\u0433\u0430\u0437\u0438\u043d Xstyle\"},\"image\":{\"@id\":\"https:\\\/\\\/xstyle.md\\\/#\\\/schema\\\/logo\\\/image\\\/\"},\"sameAs\":[\"https:\\\/\\\/www.facebook.com\\\/xstylemd\",\"https:\\\/\\\/www.instagram.com\\\/xstyle_md\\\/\",\"https:\\\/\\\/t.me\\\/xstyle_outdoor\"],\"hasMerchantReturnPolicy\":{\"@type\":\"MerchantReturnPolicy\",\"merchantReturnLink\":\"https:\\\/\\\/xstyle.md\\\/ro\\\/conditions\\\/\"}}]}<\/script>\n<meta property=\"product:price:amount\" content=\"1190.00\" \/>\n<meta property=\"product:price:currency\" content=\"MDL\" \/>\n<meta property=\"og:availability\" content=\"instock\" \/>\n<meta property=\"product:availability\" content=\"instock\" \/>\n<meta property=\"product:retailer_item_id\" content=\"3664372115969\" \/>\n<meta property=\"product:condition\" content=\"new\" \/>\n<!-- \/ Yoast SEO plugin. -->","yoast_head_json":{"title":"Set Aqualung Urchin JR - Magazin Xstyle","description":"Setul Aqualung Urchin JR - alegerea perfect\u0103 pentru copii! U\u0219or de utilizat, asigur\u0103 o fixare sigur\u0103 \u0219i confort datorit\u0103 materialului moale din silicon.","robots":{"index":"index","follow":"follow","max-snippet":"max-snippet:-1","max-image-preview":"max-image-preview:large","max-video-preview":"max-video-preview:-1"},"canonical":"https:\/\/xstyle.md\/ro\/produs\/komplekt-aqualung-urchin-jr\/","og_locale":"ro_RO","og_type":"article","og_title":"\u041a\u043e\u043c\u043f\u043b\u0435\u043a\u0442 Aqualung Urchin JR - \u041c\u0430\u0433\u0430\u0437\u0438\u043d Xstyle","og_description":"\u041a\u043e\u043c\u043f\u043b\u0435\u043a\u0442 Aqualung Urchin JR - \u0438\u0434\u0435\u0430\u043b\u044c\u043d\u044b\u0439 \u0432\u044b\u0431\u043e\u0440 \u0434\u043b\u044f \u0434\u0435\u0442\u0435\u0439! \u041b\u0435\u0433\u043a\u0438\u0439 \u0432 \u0438\u0441\u043f\u043e\u043b\u044c\u0437\u043e\u0432\u0430\u043d\u0438\u0438, \u043e\u0431\u0435\u0441\u043f\u0435\u0447\u0438\u0432\u0430\u0435\u0442 \u043d\u0430\u0434\u0435\u0436\u043d\u0443\u044e \u0444\u0438\u043a\u0441\u0430\u0446\u0438\u044e \u0438 \u043a\u043e\u043c\u0444\u043e\u0440\u0442 \u0431\u043b\u0430\u0433\u043e\u0434\u0430\u0440\u044f \u043c\u044f\u0433\u043a\u043e\u043c\u0443 \u0441\u0438\u043b\u0438\u043a\u043e\u043d\u043e\u0432\u043e\u043c\u0443 \u043c\u0430\u0442\u0435\u0440\u0438\u0430\u043b\u0443.","og_url":"https:\/\/xstyle.md\/ro\/produs\/komplekt-aqualung-urchin-jr\/","og_site_name":"\u041c\u0430\u0433\u0430\u0437\u0438\u043d Xstyle","article_publisher":"https:\/\/www.facebook.com\/xstylemd","article_modified_time":"2025-10-24T09:20:55+00:00","og_image":[{"width":500,"height":500,"url":"https:\/\/xstyle.md\/wp-content\/uploads\/2021\/10\/aqualung-urchin-jr-500x500-1.jpg","type":"image\/jpeg"}],"twitter_card":"summary_large_image","twitter_misc":{"Pre\u021b":"1.190&nbsp;MDL","Disponibilitate":"\u00cen stoc"},"schema":{"@context":"https:\/\/schema.org","@graph":[{"@type":"WebPage","@id":"https:\/\/xstyle.md\/product\/komplekt-aqualung-urchin-jr\/","url":"https:\/\/xstyle.md\/product\/komplekt-aqualung-urchin-jr\/","name":"Set Aqualung Urchin JR - Magazin Xstyle","isPartOf":{"@id":"https:\/\/xstyle.md\/#website"},"primaryImageOfPage":{"@id":"https:\/\/xstyle.md\/product\/komplekt-aqualung-urchin-jr\/#primaryimage"},"image":{"@id":"https:\/\/xstyle.md\/product\/komplekt-aqualung-urchin-jr\/#primaryimage"},"thumbnailUrl":"https:\/\/xstyle.md\/wp-content\/uploads\/2021\/10\/aqualung-urchin-jr-500x500-1.jpg","datePublished":"2021-10-20T15:29:43+00:00","dateModified":"2025-10-24T09:20:55+00:00","description":"Setul Aqualung Urchin JR - alegerea perfect\u0103 pentru copii! U\u0219or de utilizat, asigur\u0103 o fixare sigur\u0103 \u0219i confort datorit\u0103 materialului moale din silicon.","breadcrumb":{"@id":"https:\/\/xstyle.md\/product\/komplekt-aqualung-urchin-jr\/#breadcrumb"},"inLanguage":"ro-RO","potentialAction":[{"@type":"ReadAction","target":["https:\/\/xstyle.md\/product\/komplekt-aqualung-urchin-jr\/"]}]},{"@type":"ImageObject","inLanguage":"ro-RO","@id":"https:\/\/xstyle.md\/product\/komplekt-aqualung-urchin-jr\/#primaryimage","url":"https:\/\/xstyle.md\/wp-content\/uploads\/2021\/10\/aqualung-urchin-jr-500x500-1.jpg","contentUrl":"https:\/\/xstyle.md\/wp-content\/uploads\/2021\/10\/aqualung-urchin-jr-500x500-1.jpg","width":500,"height":500,"caption":"\u0414\u0435\u0442\u0441\u043a\u0430\u044f \u0433\u0438\u0434\u0440\u043e\u043a\u043e\u0441\u0442\u044e\u043c \u0438 \u0441\u043d\u0430\u0440\u044f\u0436\u0435\u043d\u0438\u0435 \u0434\u043b\u044f \u0430\u043a\u0442\u0438\u0432\u043d\u043e\u0433\u043e \u043e\u0442\u0434\u044b\u0445\u0430, \u0442\u0443\u0440\u0438\u0437\u043c\u0430 \u0438 \u0430\u043b\u044c\u043f\u0438\u043d\u0438\u0437\u043c\u0430 \u043d\u0430 \u0441\u0430\u0439\u0442\u0435 \u043c\u0430\u0433\u0430\u0437\u0438\u043d\u0430 \u0430\u043a\u0442\u0438\u0432\u043d\u043e\u0439 \u0436\u0438\u0437\u043d\u0438, \u043e\u0431\u043e\u0440\u0443\u0434\u043e\u0432\u0430\u043d\u0438\u0435 \u0434\u043b\u044f \u043f\u0443\u0442\u0435\u0448\u0435\u0441\u0442\u0432\u0438\u0439 \u0438 \u043f\u043e\u0445\u043e\u0434\u043e\u0432"},{"@type":"BreadcrumbList","@id":"https:\/\/xstyle.md\/product\/komplekt-aqualung-urchin-jr\/#breadcrumb","itemListElement":[{"@type":"ListItem","position":1,"name":"\u0413\u043b\u0430\u0432\u043d\u0430\u044f \u0441\u0442\u0440\u0430\u043d\u0438\u0446\u0430","item":"https:\/\/xstyle.md\/"},{"@type":"ListItem","position":2,"name":"\u041c\u0430\u0433\u0430\u0437\u0438\u043d","item":"https:\/\/xstyle.md\/shop\/"},{"@type":"ListItem","position":3,"name":"\u041a\u043e\u043c\u043f\u043b\u0435\u043a\u0442 Aqualung Urchin JR"}]},{"@type":"WebSite","@id":"https:\/\/xstyle.md\/#website","url":"https:\/\/xstyle.md\/","name":"Magazinul X-Style","description":"Echipamente pentru turism \u0219i sporturi extreme \u00een Moldova. Pre\u021buri, fotografii, caracteristici \u00een Moldova.","publisher":{"@id":"https:\/\/xstyle.md\/#organization"},"alternateName":"X-Style","potentialAction":[{"@type":"SearchAction","target":{"@type":"EntryPoint","urlTemplate":"https:\/\/xstyle.md\/?s={search_term_string}"},"query-input":{"@type":"PropertyValueSpecification","valueRequired":true,"valueName":"search_term_string"}}],"inLanguage":"ro-RO"},{"@type":"Organization","@id":"https:\/\/xstyle.md\/#organization","name":"Magazinul X-Style","alternateName":"x-style","url":"https:\/\/xstyle.md\/","logo":{"@type":"ImageObject","inLanguage":"ro-RO","@id":"https:\/\/xstyle.md\/#\/schema\/logo\/image\/","url":"https:\/\/xstyle.md\/wp-content\/uploads\/2020\/06\/logoicon.svg","contentUrl":"https:\/\/xstyle.md\/wp-content\/uploads\/2020\/06\/logoicon.svg","caption":"\u041c\u0430\u0433\u0430\u0437\u0438\u043d Xstyle"},"image":{"@id":"https:\/\/xstyle.md\/#\/schema\/logo\/image\/"},"sameAs":["https:\/\/www.facebook.com\/xstylemd","https:\/\/www.instagram.com\/xstyle_md\/","https:\/\/t.me\/xstyle_outdoor"],"hasMerchantReturnPolicy":{"@type":"MerchantReturnPolicy","merchantReturnLink":"https:\/\/xstyle.md\/ro\/conditions\/"}}]},"product_price_amount":"1190.00","product_price_currency":"MDL","og_availability":"instock","product_availability":"instock","product_retailer_item_id":"3664372115969","product_condition":"new"},"post_mailing_queue_ids":[],"_links":{"self":[{"href":"https:\/\/xstyle.md\/ro\/wp-json\/wp\/v2\/product\/40914","targetHints":{"allow":["GET"]}}],"collection":[{"href":"https:\/\/xstyle.md\/ro\/wp-json\/wp\/v2\/product"}],"about":[{"href":"https:\/\/xstyle.md\/ro\/wp-json\/wp\/v2\/types\/product"}],"replies":[{"embeddable":true,"href":"https:\/\/xstyle.md\/ro\/wp-json\/wp\/v2\/comments?post=40914"}],"wp:featuredmedia":[{"embeddable":true,"href":"https:\/\/xstyle.md\/ro\/wp-json\/wp\/v2\/media\/53880"}],"wp:attachment":[{"href":"https:\/\/xstyle.md\/ro\/wp-json\/wp\/v2\/media?parent=40914"}],"wp:term":[{"taxonomy":"product_brand","embeddable":true,"href":"https:\/\/xstyle.md\/ro\/wp-json\/wp\/v2\/product_brand?post=40914"},{"taxonomy":"product_cat","embeddable":true,"href":"https:\/\/xstyle.md\/ro\/wp-json\/wp\/v2\/product_cat?post=40914"},{"taxonomy":"product_tag","embeddable":true,"href":"https:\/\/xstyle.md\/ro\/wp-json\/wp\/v2\/product_tag?post=40914"}],"curies":[{"name":"wp","href":"https:\/\/api.w.org\/{rel}","templated":true}]}}