{"id":40878,"date":"2021-10-20T18:29:32","date_gmt":"2021-10-20T15:29:32","guid":{"rendered":"https:\/\/xstyle.md\/?post_type=product&#038;p=40878"},"modified":"2025-10-24T12:36:56","modified_gmt":"2025-10-24T09:36:56","slug":"monopod-shtativ-gopro-3-way","status":"publish","type":"product","link":"https:\/\/xstyle.md\/ro\/produs\/monopod-shtativ-gopro-3-way\/","title":{"rendered":"Stabilizator GoPro 3-Way 2.0 (AFAEM-002)"},"content":{"rendered":"<p><strong>Monopod-trepied GoPro 3-Way<\/strong> potrivit pentru cei care filmeaz\u0103 cu camera de ac\u021biune GoPro. U\u0219or \u0219i confortabil, accesoriul u\u0219ureaz\u0103 munca operatorului, care uneori trebuie s\u0103 se aplece cu tot corpul pentru a prinde un unghi bun de filmare.<\/p>\n<p>Monopodul-trepied pliabil GoPro 3-Way este realizat din plastic ABS rezistent la impact, iar m\u00e2nerul este acoperit cu un strat de cauciuc. Accesoriul nu va aluneca din m\u00e2n\u0103 nici m\u0103car sub ap\u0103. \u0218i dac\u0103 se \u00eent\u00e2mpl\u0103 acest lucru, atunci trusa are un cordon pe \u00eencheietura m\u00e2inii.<\/p>\n<p>Platforma rotativ\u0103 cu scoatere rapid\u0103 este echipat\u0103 cu un cap articulat. Datorit\u0103 acestui fapt, setarea unghiului dorit a devenit \u0219i mai u\u0219oar\u0103. Captura\u021bi trecerile din orice unghi, muta\u021bi camera pe alte suporturi \u00een doar c\u00e2teva secunde f\u0103r\u0103 a fi nevoie s\u0103 de\u0219uruba\u021bi suportul, a\u0219a cum a fost cazul monopodului 3-Way Mount.<\/p>\n<p>Monopodul GoPro 3-Way se pliaz\u0103 mult mai u\u0219or dec\u00e2t modelul precedent. Acum, sec\u021biunea se potrive\u0219te pur \u0219i simplu \u00een canalul de pe m\u00e2ner \u0219i nu este nevoie s\u0103 ap\u0103sa\u021bi butonul de blocare. Asambla\u021bi accesoriul \u00een doar c\u00e2teva secunde \u0219i trece\u021bi la alt punct de filmare.<\/p>\n<p>M\u00e2nerul trepiedului monopod GoPro 3-Way se desface acum \u0219i se transform\u0103 \u00eentr-un trepied confortabil cu suporturi cauciucate. Designul a devenit mai rezistent, chiar \u0219i \u00een condi\u021bii de v\u00e2nt puternic. Filma\u021bi la viteze mici de expunere \u0219i nu v\u0103 fie team\u0103 c\u0103 camera va c\u0103dea.<\/p>\n<h3>Caracteristici<\/h3>\n<ul>\n<li>Materiale - plastic ABS, cauciuc<\/li>\n<li>Dimensiune pliat\u0103 - 20,32 cm<\/li>\n<li>Dimensiune desf\u0103cut\u0103 - 49,53 cm<\/li>\n<\/ul>","protected":false},"excerpt":{"rendered":"<p>\u041c\u043e\u043d\u043e\u043f\u043e\u0434-\u0448\u0442\u0430\u0442\u0438\u0432 GoPro 3-Way \u043f\u043e\u0434\u0445\u043e\u0434\u0438\u0442 \u0442\u0435\u043c, \u043a\u0442\u043e \u0441\u043d\u0438\u043c\u0430\u0435\u0442 \u043d\u0430 \u044d\u043a\u0448\u043d-\u043a\u0430\u043c\u0435\u0440\u044b GoPro. \u041b\u0435\u0433\u043a\u0438\u0439 \u0438 \u0443\u0434\u043e\u0431\u043d\u044b\u0439 \u0430\u043a\u0441\u0435\u0441\u0441\u0443\u0430\u0440 \u043e\u0431\u043b\u0435\u0433\u0447\u0430\u0435\u0442 \u0440\u0430\u0431\u043e\u0442\u0443 \u043e\u043f\u0435\u0440\u0430\u0442\u043e\u0440\u0430, \u043a\u043e\u0442\u043e\u0440\u043e\u043c\u0443 \u043f\u043e\u0440\u043e\u0439 \u043f\u0440\u0438\u0445\u043e\u0434\u0438\u0442\u0441\u044f \u0432\u044b\u0433\u0438\u0431\u0430\u0442\u044c\u0441\u044f \u0432\u0441\u0435\u043c \u0442\u0435\u043b\u043e\u043c, \u0447\u0442\u043e\u0431\u044b \u043f\u043e\u0439\u043c\u0430\u0442\u044c \u0443\u0434\u0430\u0447\u043d\u044b\u0439 \u0443\u0433\u043e\u043b \u0441\u044a\u0435\u043c\u043a\u0438. \u0421\u043a\u043b\u0430\u0434\u043d\u0430\u044f \u043a\u043e\u043d\u0441\u0442\u0440\u0443\u043a\u0446\u0438\u044f \u043c\u043e\u043d\u043e\u043f\u043e\u0434\u0430-\u0448\u0442\u0430\u0442\u0438\u0432\u0430 GoPro 3-Way \u0438\u0437\u0433\u043e\u0442\u043e\u0432\u043b\u0435\u043d\u0430 \u0438\u0437 \u0443\u0434\u0430\u0440\u043e\u043f\u0440\u043e\u0447\u043d\u043e\u0433\u043e \u0410\u0411\u0421-\u043f\u043b\u0430\u0441\u0442\u0438\u043a\u0430, \u0430 \u0440\u0443\u043a\u043e\u044f\u0442\u043a\u0430 \u043e\u0431\u0442\u044f\u043d\u0443\u0442\u0430 \u0440\u0435\u0437\u0438\u043d\u043e\u0432\u044b\u043c \u043f\u043e\u043a\u0440\u044b\u0442\u0438\u0435\u043c. \u0410\u043a\u0441\u0435\u0441\u0441\u0443\u0430\u0440 \u043d\u0435 \u0432\u044b\u0441\u043a\u043e\u043b\u044c\u0437\u043d\u0435\u0442 \u0438\u0437 \u0440\u0443\u043a\u0438 \u0434\u0430\u0436\u0435 \u043f\u043e\u0434 \u0432\u043e\u0434\u043e\u0439. \u0410 \u0435\u0441\u043b\u0438 \u044d\u0442\u043e \u0441\u043b\u0443\u0447\u0438\u0442\u0441\u044f, \u0442\u043e [&hellip;]<\/p>\n","protected":false},"featured_media":61471,"comment_status":"open","ping_status":"closed","template":"","meta":{"_acf_changed":false,"inline_featured_image":false},"product_brand":[1307],"product_cat":[909],"product_tag":[],"class_list":{"0":"post-40878","1":"product","2":"type-product","3":"status-publish","4":"has-post-thumbnail","6":"product_brand-gopro","7":"product_cat-monopiede","9":"first","10":"instock","11":"shipping-taxable","12":"purchasable","13":"product-type-simple"},"acf":[],"yoast_head":"<!-- This site is optimized with the Yoast SEO plugin v27.2 - https:\/\/yoast.com\/product\/yoast-seo-wordpress\/ -->\n<title>\u041c\u043e\u043d\u043e\u043f\u043e\u0434 \u0434\u043b\u044f \u0441\u0435\u043b\u0444\u0438 GoPro 3-Way 2.0 (AFAEM-002) - \u041c\u0430\u0433\u0430\u0437\u0438\u043d Xstyle<\/title>\n<meta name=\"description\" content=\"\u041a\u0443\u043f\u0438\u0442\u0435 \u043c\u043e\u043d\u043e\u043f\u043e\u0434-\u0448\u0442\u0430\u0442\u0438\u0432 GoPro 3-Way \u0434\u043b\u044f \u0443\u0434\u043e\u0431\u043d\u043e\u0439 \u0441\u044a\u0435\u043c\u043a\u0438. \u0418\u0434\u0435\u0430\u043b\u0435\u043d \u0434\u043b\u044f \u043f\u0443\u0442\u0435\u0448\u0435\u0441\u0442\u0432\u0438\u0439, \u0441\u043e\u0432\u043c\u0435\u0441\u0442\u0438\u043c \u0441 GoPro. \u0423\u0434\u043e\u0431\u0441\u0442\u0432\u043e \u0438 \u043a\u0430\u0447\u0435\u0441\u0442\u0432\u043e \u0432 \u043a\u0430\u0436\u0434\u043e\u043c \u043a\u0430\u0434\u0440\u0435!\" \/>\n<meta name=\"robots\" content=\"index, follow, max-snippet:-1, max-image-preview:large, max-video-preview:-1\" \/>\n<link rel=\"canonical\" href=\"https:\/\/xstyle.md\/ro\/produs\/monopod-shtativ-gopro-3-way\/\" \/>\n<meta property=\"og:locale\" content=\"ro_RO\" \/>\n<meta property=\"og:type\" content=\"article\" \/>\n<meta property=\"og:title\" content=\"\u041c\u043e\u043d\u043e\u043f\u043e\u0434 \u0434\u043b\u044f \u0441\u0435\u043b\u0444\u0438 GoPro 3-Way 2.0 (AFAEM-002) - \u041c\u0430\u0433\u0430\u0437\u0438\u043d Xstyle\" \/>\n<meta property=\"og:description\" content=\"\u041a\u0443\u043f\u0438\u0442\u0435 \u043c\u043e\u043d\u043e\u043f\u043e\u0434-\u0448\u0442\u0430\u0442\u0438\u0432 GoPro 3-Way \u0434\u043b\u044f \u0443\u0434\u043e\u0431\u043d\u043e\u0439 \u0441\u044a\u0435\u043c\u043a\u0438. \u0418\u0434\u0435\u0430\u043b\u0435\u043d \u0434\u043b\u044f \u043f\u0443\u0442\u0435\u0448\u0435\u0441\u0442\u0432\u0438\u0439, \u0441\u043e\u0432\u043c\u0435\u0441\u0442\u0438\u043c \u0441 GoPro. \u0423\u0434\u043e\u0431\u0441\u0442\u0432\u043e \u0438 \u043a\u0430\u0447\u0435\u0441\u0442\u0432\u043e \u0432 \u043a\u0430\u0436\u0434\u043e\u043c \u043a\u0430\u0434\u0440\u0435!\" \/>\n<meta property=\"og:url\" content=\"https:\/\/xstyle.md\/ro\/produs\/monopod-shtativ-gopro-3-way\/\" \/>\n<meta property=\"og:site_name\" content=\"\u041c\u0430\u0433\u0430\u0437\u0438\u043d Xstyle\" \/>\n<meta property=\"article:publisher\" content=\"https:\/\/www.facebook.com\/xstylemd\" \/>\n<meta property=\"article:modified_time\" content=\"2025-10-24T09:36:56+00:00\" \/>\n<meta property=\"og:image\" content=\"https:\/\/xstyle.md\/wp-content\/uploads\/2021\/10\/gopro-3-way-3-1.jpg\" \/>\n\t<meta property=\"og:image:width\" content=\"874\" \/>\n\t<meta property=\"og:image:height\" content=\"810\" \/>\n\t<meta property=\"og:image:type\" content=\"image\/jpeg\" \/>\n<meta name=\"twitter:card\" content=\"summary_large_image\" \/>\n<meta name=\"twitter:label1\" content=\"Pre\u021b\" \/>\n\t<meta name=\"twitter:data1\" content=\"2.290&nbsp;MDL\" \/>\n\t<meta name=\"twitter:label2\" content=\"Disponibilitate\" \/>\n\t<meta name=\"twitter:data2\" content=\"\u00cen stoc\" \/>\n<script type=\"application\/ld+json\" class=\"yoast-schema-graph\">{\"@context\":\"https:\/\/schema.org\",\"@graph\":[{\"@type\":\"WebPage\",\"@id\":\"https:\/\/xstyle.md\/product\/monopod-shtativ-gopro-3-way\/\",\"url\":\"https:\/\/xstyle.md\/product\/monopod-shtativ-gopro-3-way\/\",\"name\":\"\u041c\u043e\u043d\u043e\u043f\u043e\u0434 \u0434\u043b\u044f \u0441\u0435\u043b\u0444\u0438 GoPro 3-Way 2.0 (AFAEM-002) - \u041c\u0430\u0433\u0430\u0437\u0438\u043d Xstyle\",\"isPartOf\":{\"@id\":\"https:\/\/xstyle.md\/#website\"},\"primaryImageOfPage\":{\"@id\":\"https:\/\/xstyle.md\/product\/monopod-shtativ-gopro-3-way\/#primaryimage\"},\"image\":{\"@id\":\"https:\/\/xstyle.md\/product\/monopod-shtativ-gopro-3-way\/#primaryimage\"},\"thumbnailUrl\":\"https:\/\/xstyle.md\/wp-content\/uploads\/2021\/10\/gopro-3-way-3-1.jpg\",\"datePublished\":\"2021-10-20T15:29:32+00:00\",\"dateModified\":\"2025-10-24T09:36:56+00:00\",\"description\":\"\u041a\u0443\u043f\u0438\u0442\u0435 \u043c\u043e\u043d\u043e\u043f\u043e\u0434-\u0448\u0442\u0430\u0442\u0438\u0432 GoPro 3-Way \u0434\u043b\u044f \u0443\u0434\u043e\u0431\u043d\u043e\u0439 \u0441\u044a\u0435\u043c\u043a\u0438. \u0418\u0434\u0435\u0430\u043b\u0435\u043d \u0434\u043b\u044f \u043f\u0443\u0442\u0435\u0448\u0435\u0441\u0442\u0432\u0438\u0439, \u0441\u043e\u0432\u043c\u0435\u0441\u0442\u0438\u043c \u0441 GoPro. \u0423\u0434\u043e\u0431\u0441\u0442\u0432\u043e \u0438 \u043a\u0430\u0447\u0435\u0441\u0442\u0432\u043e \u0432 \u043a\u0430\u0436\u0434\u043e\u043c \u043a\u0430\u0434\u0440\u0435!\",\"breadcrumb\":{\"@id\":\"https:\/\/xstyle.md\/product\/monopod-shtativ-gopro-3-way\/#breadcrumb\"},\"inLanguage\":\"ro-RO\",\"potentialAction\":[{\"@type\":\"ReadAction\",\"target\":[\"https:\/\/xstyle.md\/product\/monopod-shtativ-gopro-3-way\/\"]}]},{\"@type\":\"ImageObject\",\"inLanguage\":\"ro-RO\",\"@id\":\"https:\/\/xstyle.md\/product\/monopod-shtativ-gopro-3-way\/#primaryimage\",\"url\":\"https:\/\/xstyle.md\/wp-content\/uploads\/2021\/10\/gopro-3-way-3-1.jpg\",\"contentUrl\":\"https:\/\/xstyle.md\/wp-content\/uploads\/2021\/10\/gopro-3-way-3-1.jpg\",\"width\":874,\"height\":810,\"caption\":\"\u041c\u043e\u043d\u043e\u043f\u043e\u0434 \u0434\u043b\u044f \u0441\u0435\u043b\u0444\u0438 GoPro 3-Way 2.0 \u0434\u043b\u044f \u0430\u043a\u0442\u0438\u0432\u043d\u043e\u0433\u043e \u043e\u0442\u0434\u044b\u0445\u0430 \u043a\u0435\u043c\u043f\u0438\u043d\u0433\u0430 \u043f\u0443\u0442\u0435\u0448\u0435\u0441\u0442\u0432\u0438\u0439 \u0438 \u0430\u043b\u044c\u043f\u0438\u043d\u0438\u0437\u043c\u0430, \u043f\u043e\u0434\u0445\u043e\u0434\u044f\u0449\u0438\u0439 \u0434\u043b\u044f \u0437\u0430\u043d\u044f\u0442\u0438\u0439 \u0441\u043f\u043e\u0440\u0442\u0441\u043c\u0435\u043d\u0430\u043c\u0438 \u0438 \u043b\u044e\u0431\u0438\u0442\u0435\u043b\u044f\u043c\u0438 \u0442\u0443\u0440\u0438\u0437\u043c\u0430, \u043e\u0441\u043d\u0430\u0449\u0451\u043d\u043d\u044b\u0439 \u0434\u043b\u044f \u0444\u043e\u0442\u043e\u0433\u0440\u0430\u0444\u0438\u0439 \u043d\u0430 \u043f\u0440\u0438\u0440\u043e\u0434\u0435 \u0438 \u0432 \u0433\u043e\u0440\u0430\u0445\"},{\"@type\":\"BreadcrumbList\",\"@id\":\"https:\/\/xstyle.md\/product\/monopod-shtativ-gopro-3-way\/#breadcrumb\",\"itemListElement\":[{\"@type\":\"ListItem\",\"position\":1,\"name\":\"\u0413\u043b\u0430\u0432\u043d\u0430\u044f \u0441\u0442\u0440\u0430\u043d\u0438\u0446\u0430\",\"item\":\"https:\/\/xstyle.md\/\"},{\"@type\":\"ListItem\",\"position\":2,\"name\":\"\u041c\u0430\u0433\u0430\u0437\u0438\u043d\",\"item\":\"https:\/\/xstyle.md\/shop\/\"},{\"@type\":\"ListItem\",\"position\":3,\"name\":\"\u041c\u043e\u043d\u043e\u043f\u043e\u0434 \u0434\u043b\u044f \u0441\u0435\u043b\u0444\u0438 GoPro 3-Way 2.0 (AFAEM-002)\"}]},{\"@type\":\"WebSite\",\"@id\":\"https:\/\/xstyle.md\/#website\",\"url\":\"https:\/\/xstyle.md\/\",\"name\":\"\u041c\u0430\u0433\u0430\u0437\u0438\u043d Xstyle\",\"description\":\"C\u043d\u0430\u0440\u044f\u0436\u0435\u043d\u0438\u0435 \u0434\u043b\u044f \u0442\u0443\u0440\u0438\u0437\u043c\u0430 \u0438 \u044d\u043a\u0441\u0442\u0440\u0435\u043c\u0430\u043b\u044c\u043d\u044b\u0445 \u0432\u0438\u0434\u043e\u0432 \u0441\u043f\u043e\u0440\u0442\u0430 \u0432 \u041c\u043e\u043b\u0434\u043e\u0432\u0435.. \u0426\u0435\u043d\u044b, \u0444\u043e\u0442\u043e, \u0445\u0430\u0440\u0430\u043a\u0442\u0435\u0440\u0438\u0441\u0442\u0438\u043a\u0438 \u0432 \u041c\u043e\u043b\u0434\u043e\u0432\u0435.\",\"publisher\":{\"@id\":\"https:\/\/xstyle.md\/#organization\"},\"alternateName\":\"X-Style\",\"potentialAction\":[{\"@type\":\"SearchAction\",\"target\":{\"@type\":\"EntryPoint\",\"urlTemplate\":\"https:\/\/xstyle.md\/?s={search_term_string}\"},\"query-input\":{\"@type\":\"PropertyValueSpecification\",\"valueRequired\":true,\"valueName\":\"search_term_string\"}}],\"inLanguage\":\"ro-RO\"},{\"@type\":\"Organization\",\"@id\":\"https:\/\/xstyle.md\/#organization\",\"name\":\"\u041c\u0430\u0433\u0430\u0437\u0438\u043d Xstyle\",\"alternateName\":\"x-style\",\"url\":\"https:\/\/xstyle.md\/\",\"logo\":{\"@type\":\"ImageObject\",\"inLanguage\":\"ro-RO\",\"@id\":\"https:\/\/xstyle.md\/#\/schema\/logo\/image\/\",\"url\":\"https:\/\/xstyle.md\/wp-content\/uploads\/2020\/06\/logoicon.svg\",\"contentUrl\":\"https:\/\/xstyle.md\/wp-content\/uploads\/2020\/06\/logoicon.svg\",\"caption\":\"\u041c\u0430\u0433\u0430\u0437\u0438\u043d Xstyle\"},\"image\":{\"@id\":\"https:\/\/xstyle.md\/#\/schema\/logo\/image\/\"},\"sameAs\":[\"https:\/\/www.facebook.com\/xstylemd\",\"https:\/\/www.instagram.com\/xstyle_md\/\",\"https:\/\/t.me\/xstyle_outdoor\"],\"hasMerchantReturnPolicy\":{\"@type\":\"MerchantReturnPolicy\",\"merchantReturnLink\":\"https:\/\/xstyle.md\/ro\/conditions\/\"}}]}<\/script>\n<meta property=\"product:price:amount\" content=\"2290.00\" \/>\n<meta property=\"product:price:currency\" content=\"MDL\" \/>\n<meta property=\"og:availability\" content=\"instock\" \/>\n<meta property=\"product:availability\" content=\"instock\" \/>\n<meta property=\"product:retailer_item_id\" content=\"AFAEM-002\" \/>\n<meta property=\"product:condition\" content=\"new\" \/>\n<!-- \/ Yoast SEO plugin. -->","yoast_head_json":{"title":"\u041c\u043e\u043d\u043e\u043f\u043e\u0434 \u0434\u043b\u044f \u0441\u0435\u043b\u0444\u0438 GoPro 3-Way 2.0 (AFAEM-002) - \u041c\u0430\u0433\u0430\u0437\u0438\u043d Xstyle","description":"Cump\u0103ra\u021bi un suport-tripod GoPro 3-Way pentru film\u0103ri convenabile. Ideal pentru c\u0103l\u0103torii, compatibil cu GoPro. Confort \u0219i calitate \u00een fiecare cadru!","robots":{"index":"index","follow":"follow","max-snippet":"max-snippet:-1","max-image-preview":"max-image-preview:large","max-video-preview":"max-video-preview:-1"},"canonical":"https:\/\/xstyle.md\/ro\/produs\/monopod-shtativ-gopro-3-way\/","og_locale":"ro_RO","og_type":"article","og_title":"\u041c\u043e\u043d\u043e\u043f\u043e\u0434 \u0434\u043b\u044f \u0441\u0435\u043b\u0444\u0438 GoPro 3-Way 2.0 (AFAEM-002) - \u041c\u0430\u0433\u0430\u0437\u0438\u043d Xstyle","og_description":"\u041a\u0443\u043f\u0438\u0442\u0435 \u043c\u043e\u043d\u043e\u043f\u043e\u0434-\u0448\u0442\u0430\u0442\u0438\u0432 GoPro 3-Way \u0434\u043b\u044f \u0443\u0434\u043e\u0431\u043d\u043e\u0439 \u0441\u044a\u0435\u043c\u043a\u0438. \u0418\u0434\u0435\u0430\u043b\u0435\u043d \u0434\u043b\u044f \u043f\u0443\u0442\u0435\u0448\u0435\u0441\u0442\u0432\u0438\u0439, \u0441\u043e\u0432\u043c\u0435\u0441\u0442\u0438\u043c \u0441 GoPro. \u0423\u0434\u043e\u0431\u0441\u0442\u0432\u043e \u0438 \u043a\u0430\u0447\u0435\u0441\u0442\u0432\u043e \u0432 \u043a\u0430\u0436\u0434\u043e\u043c \u043a\u0430\u0434\u0440\u0435!","og_url":"https:\/\/xstyle.md\/ro\/produs\/monopod-shtativ-gopro-3-way\/","og_site_name":"\u041c\u0430\u0433\u0430\u0437\u0438\u043d Xstyle","article_publisher":"https:\/\/www.facebook.com\/xstylemd","article_modified_time":"2025-10-24T09:36:56+00:00","og_image":[{"width":874,"height":810,"url":"https:\/\/xstyle.md\/wp-content\/uploads\/2021\/10\/gopro-3-way-3-1.jpg","type":"image\/jpeg"}],"twitter_card":"summary_large_image","twitter_misc":{"Pre\u021b":"2.290&nbsp;MDL","Disponibilitate":"\u00cen stoc"},"schema":{"@context":"https:\/\/schema.org","@graph":[{"@type":"WebPage","@id":"https:\/\/xstyle.md\/product\/monopod-shtativ-gopro-3-way\/","url":"https:\/\/xstyle.md\/product\/monopod-shtativ-gopro-3-way\/","name":"\u041c\u043e\u043d\u043e\u043f\u043e\u0434 \u0434\u043b\u044f \u0441\u0435\u043b\u0444\u0438 GoPro 3-Way 2.0 (AFAEM-002) - \u041c\u0430\u0433\u0430\u0437\u0438\u043d Xstyle","isPartOf":{"@id":"https:\/\/xstyle.md\/#website"},"primaryImageOfPage":{"@id":"https:\/\/xstyle.md\/product\/monopod-shtativ-gopro-3-way\/#primaryimage"},"image":{"@id":"https:\/\/xstyle.md\/product\/monopod-shtativ-gopro-3-way\/#primaryimage"},"thumbnailUrl":"https:\/\/xstyle.md\/wp-content\/uploads\/2021\/10\/gopro-3-way-3-1.jpg","datePublished":"2021-10-20T15:29:32+00:00","dateModified":"2025-10-24T09:36:56+00:00","description":"Cump\u0103ra\u021bi un suport-tripod GoPro 3-Way pentru film\u0103ri convenabile. Ideal pentru c\u0103l\u0103torii, compatibil cu GoPro. Confort \u0219i calitate \u00een fiecare cadru!","breadcrumb":{"@id":"https:\/\/xstyle.md\/product\/monopod-shtativ-gopro-3-way\/#breadcrumb"},"inLanguage":"ro-RO","potentialAction":[{"@type":"ReadAction","target":["https:\/\/xstyle.md\/product\/monopod-shtativ-gopro-3-way\/"]}]},{"@type":"ImageObject","inLanguage":"ro-RO","@id":"https:\/\/xstyle.md\/product\/monopod-shtativ-gopro-3-way\/#primaryimage","url":"https:\/\/xstyle.md\/wp-content\/uploads\/2021\/10\/gopro-3-way-3-1.jpg","contentUrl":"https:\/\/xstyle.md\/wp-content\/uploads\/2021\/10\/gopro-3-way-3-1.jpg","width":874,"height":810,"caption":"\u041c\u043e\u043d\u043e\u043f\u043e\u0434 \u0434\u043b\u044f \u0441\u0435\u043b\u0444\u0438 GoPro 3-Way 2.0 \u0434\u043b\u044f \u0430\u043a\u0442\u0438\u0432\u043d\u043e\u0433\u043e \u043e\u0442\u0434\u044b\u0445\u0430 \u043a\u0435\u043c\u043f\u0438\u043d\u0433\u0430 \u043f\u0443\u0442\u0435\u0448\u0435\u0441\u0442\u0432\u0438\u0439 \u0438 \u0430\u043b\u044c\u043f\u0438\u043d\u0438\u0437\u043c\u0430, \u043f\u043e\u0434\u0445\u043e\u0434\u044f\u0449\u0438\u0439 \u0434\u043b\u044f \u0437\u0430\u043d\u044f\u0442\u0438\u0439 \u0441\u043f\u043e\u0440\u0442\u0441\u043c\u0435\u043d\u0430\u043c\u0438 \u0438 \u043b\u044e\u0431\u0438\u0442\u0435\u043b\u044f\u043c\u0438 \u0442\u0443\u0440\u0438\u0437\u043c\u0430, \u043e\u0441\u043d\u0430\u0449\u0451\u043d\u043d\u044b\u0439 \u0434\u043b\u044f \u0444\u043e\u0442\u043e\u0433\u0440\u0430\u0444\u0438\u0439 \u043d\u0430 \u043f\u0440\u0438\u0440\u043e\u0434\u0435 \u0438 \u0432 \u0433\u043e\u0440\u0430\u0445"},{"@type":"BreadcrumbList","@id":"https:\/\/xstyle.md\/product\/monopod-shtativ-gopro-3-way\/#breadcrumb","itemListElement":[{"@type":"ListItem","position":1,"name":"\u0413\u043b\u0430\u0432\u043d\u0430\u044f \u0441\u0442\u0440\u0430\u043d\u0438\u0446\u0430","item":"https:\/\/xstyle.md\/"},{"@type":"ListItem","position":2,"name":"\u041c\u0430\u0433\u0430\u0437\u0438\u043d","item":"https:\/\/xstyle.md\/shop\/"},{"@type":"ListItem","position":3,"name":"\u041c\u043e\u043d\u043e\u043f\u043e\u0434 \u0434\u043b\u044f \u0441\u0435\u043b\u0444\u0438 GoPro 3-Way 2.0 (AFAEM-002)"}]},{"@type":"WebSite","@id":"https:\/\/xstyle.md\/#website","url":"https:\/\/xstyle.md\/","name":"Magazinul X-Style","description":"Echipamente pentru turism \u0219i sporturi extreme \u00een Moldova. Pre\u021buri, fotografii, caracteristici \u00een Moldova.","publisher":{"@id":"https:\/\/xstyle.md\/#organization"},"alternateName":"X-Style","potentialAction":[{"@type":"SearchAction","target":{"@type":"EntryPoint","urlTemplate":"https:\/\/xstyle.md\/?s={search_term_string}"},"query-input":{"@type":"PropertyValueSpecification","valueRequired":true,"valueName":"search_term_string"}}],"inLanguage":"ro-RO"},{"@type":"Organization","@id":"https:\/\/xstyle.md\/#organization","name":"Magazinul X-Style","alternateName":"x-style","url":"https:\/\/xstyle.md\/","logo":{"@type":"ImageObject","inLanguage":"ro-RO","@id":"https:\/\/xstyle.md\/#\/schema\/logo\/image\/","url":"https:\/\/xstyle.md\/wp-content\/uploads\/2020\/06\/logoicon.svg","contentUrl":"https:\/\/xstyle.md\/wp-content\/uploads\/2020\/06\/logoicon.svg","caption":"\u041c\u0430\u0433\u0430\u0437\u0438\u043d Xstyle"},"image":{"@id":"https:\/\/xstyle.md\/#\/schema\/logo\/image\/"},"sameAs":["https:\/\/www.facebook.com\/xstylemd","https:\/\/www.instagram.com\/xstyle_md\/","https:\/\/t.me\/xstyle_outdoor"],"hasMerchantReturnPolicy":{"@type":"MerchantReturnPolicy","merchantReturnLink":"https:\/\/xstyle.md\/ro\/conditions\/"}}]},"product_price_amount":"2290.00","product_price_currency":"MDL","og_availability":"instock","product_availability":"instock","product_retailer_item_id":"AFAEM-002","product_condition":"new"},"post_mailing_queue_ids":[],"_links":{"self":[{"href":"https:\/\/xstyle.md\/ro\/wp-json\/wp\/v2\/product\/40878","targetHints":{"allow":["GET"]}}],"collection":[{"href":"https:\/\/xstyle.md\/ro\/wp-json\/wp\/v2\/product"}],"about":[{"href":"https:\/\/xstyle.md\/ro\/wp-json\/wp\/v2\/types\/product"}],"replies":[{"embeddable":true,"href":"https:\/\/xstyle.md\/ro\/wp-json\/wp\/v2\/comments?post=40878"}],"wp:featuredmedia":[{"embeddable":true,"href":"https:\/\/xstyle.md\/ro\/wp-json\/wp\/v2\/media\/61471"}],"wp:attachment":[{"href":"https:\/\/xstyle.md\/ro\/wp-json\/wp\/v2\/media?parent=40878"}],"wp:term":[{"taxonomy":"product_brand","embeddable":true,"href":"https:\/\/xstyle.md\/ro\/wp-json\/wp\/v2\/product_brand?post=40878"},{"taxonomy":"product_cat","embeddable":true,"href":"https:\/\/xstyle.md\/ro\/wp-json\/wp\/v2\/product_cat?post=40878"},{"taxonomy":"product_tag","embeddable":true,"href":"https:\/\/xstyle.md\/ro\/wp-json\/wp\/v2\/product_tag?post=40878"}],"curies":[{"name":"wp","href":"https:\/\/api.w.org\/{rel}","templated":true}]}}