{"id":40877,"date":"2021-10-20T18:29:32","date_gmt":"2021-10-20T15:29:32","guid":{"rendered":"https:\/\/xstyle.md\/?post_type=product&#038;p=40877"},"modified":"2026-01-09T12:59:44","modified_gmt":"2026-01-09T09:59:44","slug":"nabor-gopro-clip-magneticmini-trepiedcase","status":"publish","type":"product","link":"https:\/\/xstyle.md\/ro\/produs\/nabor-gopro-clip-magneticmini-trepiedcase\/","title":{"rendered":"Set GoProGoPro Travel Kit (AKTTR-002)"},"content":{"rendered":"<p>\u041d\u0430\u0431\u043e\u0440 <strong>GoPro Travel Kit<\/strong> const\u0103 dintr-un mini-trepied Shorty, un suport magnetic cu clem\u0103, cu o plac\u0103 pivotant\u0103 Clip Mount \u0219i o hus\u0103 moale Compact Case. Aceste accesorii sunt suficiente pentru a fotografia confortabil recenzii pentru un blog de c\u0103l\u0103torie \u0219i pentru a ad\u0103uga videoclipuri \u0219i fotografii pentru o arhiv\u0103 de familie.<\/p>\n<p>Lungimea monopodului-trepied Shorty c\u00e2nd este desf\u0103cut, este de aproape 23 de centimetri. Suficient pentru a face un selfie cu prietenii pe fundalul m\u0103rii sau al atrac\u021biilor turistice. Cu o mi\u0219care u\u0219oar\u0103, m\u00e2nerul cauciucat se deschide \u0219i se face \u00eentr-un trepied. Folosi\u021bi aceast\u0103 func\u021bie pentru fotografierea cu expunere lung\u0103.<\/p>\n<p>C\u00e2nd m\u00e2inile obosesc s\u0103 purta\u021bi camera de ac\u021biune, muta\u021bi-o pe Clip Mount. Ata\u0219a\u021bi accesoriul la haine sau la o curea de rucsac \u0219i filma\u021bi videoclipul din persoana \u00eent\u00e2i, \u00een timp ce m\u00e2inile sunt ocupate cu o \u00eenghe\u021bat\u0103 delicioas\u0103 sau o can\u0103 de cafea revigorant\u0103.<\/p>\n<p>Compact Case c\u00e2nt\u0103re\u0219te doar treizeci de grame, lungimea \u0219i l\u0103\u021bimea sunt pu\u021bin mai mari dec\u00e2t palma unui b\u0103rbat adult. Dimensiunile modeste ale setului sunt \u00eens\u0103 \u00een\u0219el\u0103toare. \u00cen el \u00eencape un Shorty, Clip Mount, HERO8 \u00eentr-o carcas\u0103 impermeabil\u0103 \u0219i \u00eenc\u0103 c\u00e2teva accesorii \u0219i baterii de rezerv\u0103 pentru camer\u0103.<\/p>\n<h3>Complecta\u021bia<\/h3>\n<ul>\n<li>Hus\u0103 Compact Case<\/li>\n<li>Mini-trepied Shorty<\/li>\n<li>Clem\u0103 Clip Mount cu scoaterea rapid\u0103 a fix\u0103rii<\/li>\n<\/ul>","protected":false},"excerpt":{"rendered":"<p>\u041d\u0430\u0431\u043e\u0440 GoPro Travel Kit \u0441\u043e\u0441\u0442\u043e\u0438\u0442 \u0438\u0437 \u043c\u0438\u043d\u0438-\u0448\u0442\u0430\u0442\u0438\u0432\u0430 Shorty, \u043c\u0430\u0433\u043d\u0438\u0442\u043d\u043e\u0439 \u043f\u0440\u0438\u0449\u0435\u043f\u043a\u0438 \u0441 \u043f\u043e\u0432\u043e\u0440\u043e\u0442\u043d\u043e\u0439 \u043f\u043b\u043e\u0449\u0430\u0434\u043a\u043e\u0439 Clip Mount \u0438 \u043c\u044f\u0433\u043a\u043e\u0433\u043e \u043a\u0435\u0439\u0441\u0430 Compact Case. \u042d\u0442\u0438\u0445 \u0430\u043a\u0441\u0435\u0441\u0441\u0443\u0430\u0440\u043e\u0432 \u0434\u043e\u0441\u0442\u0430\u0442\u043e\u0447\u043d\u043e, \u0447\u0442\u043e\u0431\u044b \u0441 \u043a\u043e\u043c\u0444\u043e\u0440\u0442\u043e\u043c \u0441\u043d\u0438\u043c\u0430\u0442\u044c \u043e\u0431\u0437\u043e\u0440\u044b \u0434\u043b\u044f \u0442\u0440\u0435\u0432\u0435\u043b-\u0431\u043b\u043e\u0433\u0430 \u0438 \u0434\u043e\u0431\u0430\u0432\u043b\u044f\u0442\u044c \u0432\u0438\u0434\u0435\u043e \u0438 \u0444\u043e\u0442\u043e \u0434\u043b\u044f \u0441\u0435\u043c\u0435\u0439\u043d\u043e\u0433\u043e \u0430\u0440\u0445\u0438\u0432\u0430. \u0414\u043b\u0438\u043d\u0430 \u043c\u043e\u043d\u043e\u043f\u043e\u0434\u0430-\u0448\u0442\u0430\u0442\u0438\u0432\u0430 Shorty \u0432 \u0440\u0430\u0437\u043b\u043e\u0436\u0435\u043d\u043d\u043e\u043c \u0432\u0438\u0434\u0435 \u043f\u043e\u0447\u0442\u0438 23 \u0441\u0430\u043d\u0442\u0438\u043c\u0435\u0442\u0440\u0430. \u0412\u043f\u043e\u043b\u043d\u0435 \u0434\u043e\u0441\u0442\u0430\u0442\u043e\u0447\u043d\u043e, \u0447\u0442\u043e\u0431\u044b \u0441\u0434\u0435\u043b\u0430\u0442\u044c \u0441\u0435\u043b\u0444\u0438 \u0441 \u0434\u0440\u0443\u0437\u044c\u044f\u043c\u0438 \u043d\u0430 [&hellip;]<\/p>\n","protected":false},"featured_media":61541,"comment_status":"open","ping_status":"closed","template":"","meta":{"_acf_changed":false,"inline_featured_image":false},"product_brand":[1307],"product_cat":[879],"product_tag":[],"class_list":{"0":"post-40877","1":"product","2":"type-product","3":"status-publish","4":"has-post-thumbnail","6":"product_brand-gopro","7":"product_cat-accessories-camera","9":"first","10":"outofstock","11":"shipping-taxable","12":"product-type-simple"},"acf":[],"yoast_head":"<!-- This site is optimized with the Yoast SEO plugin v27.4 - https:\/\/yoast.com\/product\/yoast-seo-wordpress\/ -->\n<title>\u041d\u0430\u0431\u043e\u0440 \u043a\u0440\u0435\u043f\u043b\u0435\u043d\u0438\u0439 GoPro Travel Kit (AKTTR-002) - \u041c\u0430\u0433\u0430\u0437\u0438\u043d Xstyle<\/title>\n<meta name=\"description\" content=\"&quot;\u041d\u0430\u0431\u043e\u0440 \u0430\u043a\u0441\u0435\u0441\u0441\u0443\u0430\u0440\u043e\u0432 GoPro Travel Kit: \u043a\u043e\u043c\u043f\u0430\u043a\u0442\u043d\u044b\u0439 \u0447\u0435\u0445\u043e\u043b \u0438 \u043a\u0440\u0435\u043f\u043b\u0435\u043d\u0438\u0435 Shorty Clip Mount. \u0418\u0434\u0435\u0430\u043b\u044c\u043d\u043e \u043f\u043e\u0434\u0445\u043e\u0434\u0438\u0442 \u0434\u043b\u044f HERO8. \u0423\u0434\u043e\u0431\u0441\u0442\u0432\u043e \u0432 \u043a\u0430\u0436\u0434\u043e\u043c \u043f\u0443\u0442\u0435\u0448\u0435\u0441\u0442\u0432\u0438\u0438!&quot;\" \/>\n<meta name=\"robots\" content=\"index, follow, max-snippet:-1, max-image-preview:large, max-video-preview:-1\" \/>\n<link rel=\"canonical\" href=\"https:\/\/xstyle.md\/ro\/produs\/nabor-gopro-clip-magneticmini-trepiedcase\/\" \/>\n<meta property=\"og:locale\" content=\"ro_RO\" \/>\n<meta property=\"og:type\" content=\"article\" \/>\n<meta property=\"og:title\" content=\"\u041d\u0430\u0431\u043e\u0440 \u043a\u0440\u0435\u043f\u043b\u0435\u043d\u0438\u0439 GoPro Travel Kit (AKTTR-002) - \u041c\u0430\u0433\u0430\u0437\u0438\u043d Xstyle\" \/>\n<meta property=\"og:description\" content=\"&quot;\u041d\u0430\u0431\u043e\u0440 \u0430\u043a\u0441\u0435\u0441\u0441\u0443\u0430\u0440\u043e\u0432 GoPro Travel Kit: \u043a\u043e\u043c\u043f\u0430\u043a\u0442\u043d\u044b\u0439 \u0447\u0435\u0445\u043e\u043b \u0438 \u043a\u0440\u0435\u043f\u043b\u0435\u043d\u0438\u0435 Shorty Clip Mount. \u0418\u0434\u0435\u0430\u043b\u044c\u043d\u043e \u043f\u043e\u0434\u0445\u043e\u0434\u0438\u0442 \u0434\u043b\u044f HERO8. \u0423\u0434\u043e\u0431\u0441\u0442\u0432\u043e \u0432 \u043a\u0430\u0436\u0434\u043e\u043c \u043f\u0443\u0442\u0435\u0448\u0435\u0441\u0442\u0432\u0438\u0438!&quot;\" \/>\n<meta property=\"og:url\" content=\"https:\/\/xstyle.md\/ro\/produs\/nabor-gopro-clip-magneticmini-trepiedcase\/\" \/>\n<meta property=\"og:site_name\" content=\"\u041c\u0430\u0433\u0430\u0437\u0438\u043d Xstyle\" \/>\n<meta property=\"article:publisher\" content=\"https:\/\/www.facebook.com\/xstylemd\" \/>\n<meta property=\"article:modified_time\" content=\"2026-01-09T09:59:44+00:00\" \/>\n<meta property=\"og:image\" content=\"https:\/\/xstyle.md\/wp-content\/uploads\/2021\/10\/gopro-travel-kit-4.jpg\" \/>\n\t<meta property=\"og:image:width\" content=\"650\" \/>\n\t<meta property=\"og:image:height\" content=\"454\" \/>\n\t<meta property=\"og:image:type\" content=\"image\/jpeg\" \/>\n<meta name=\"twitter:card\" content=\"summary_large_image\" \/>\n<meta name=\"twitter:label1\" content=\"Pre\u021b\" \/>\n\t<meta name=\"twitter:data1\" content=\"1.790&nbsp;MDL\" \/>\n\t<meta name=\"twitter:label2\" content=\"Disponibilitate\" \/>\n\t<meta name=\"twitter:data2\" content=\"Stoc epuizat\" \/>\n<script type=\"application\/ld+json\" class=\"yoast-schema-graph\">{\"@context\":\"https:\\\/\\\/schema.org\",\"@graph\":[{\"@type\":\"WebPage\",\"@id\":\"https:\\\/\\\/xstyle.md\\\/product\\\/nabor-gopro-clip-magneticmini-trepiedcase\\\/\",\"url\":\"https:\\\/\\\/xstyle.md\\\/product\\\/nabor-gopro-clip-magneticmini-trepiedcase\\\/\",\"name\":\"\u041d\u0430\u0431\u043e\u0440 \u043a\u0440\u0435\u043f\u043b\u0435\u043d\u0438\u0439 GoPro Travel Kit (AKTTR-002) - \u041c\u0430\u0433\u0430\u0437\u0438\u043d Xstyle\",\"isPartOf\":{\"@id\":\"https:\\\/\\\/xstyle.md\\\/#website\"},\"primaryImageOfPage\":{\"@id\":\"https:\\\/\\\/xstyle.md\\\/product\\\/nabor-gopro-clip-magneticmini-trepiedcase\\\/#primaryimage\"},\"image\":{\"@id\":\"https:\\\/\\\/xstyle.md\\\/product\\\/nabor-gopro-clip-magneticmini-trepiedcase\\\/#primaryimage\"},\"thumbnailUrl\":\"https:\\\/\\\/xstyle.md\\\/wp-content\\\/uploads\\\/2021\\\/10\\\/gopro-travel-kit-4.jpg\",\"datePublished\":\"2021-10-20T15:29:32+00:00\",\"dateModified\":\"2026-01-09T09:59:44+00:00\",\"description\":\"\\\"\u041d\u0430\u0431\u043e\u0440 \u0430\u043a\u0441\u0435\u0441\u0441\u0443\u0430\u0440\u043e\u0432 GoPro Travel Kit: \u043a\u043e\u043c\u043f\u0430\u043a\u0442\u043d\u044b\u0439 \u0447\u0435\u0445\u043e\u043b \u0438 \u043a\u0440\u0435\u043f\u043b\u0435\u043d\u0438\u0435 Shorty Clip Mount. \u0418\u0434\u0435\u0430\u043b\u044c\u043d\u043e \u043f\u043e\u0434\u0445\u043e\u0434\u0438\u0442 \u0434\u043b\u044f HERO8. \u0423\u0434\u043e\u0431\u0441\u0442\u0432\u043e \u0432 \u043a\u0430\u0436\u0434\u043e\u043c \u043f\u0443\u0442\u0435\u0448\u0435\u0441\u0442\u0432\u0438\u0438!\\\"\",\"breadcrumb\":{\"@id\":\"https:\\\/\\\/xstyle.md\\\/product\\\/nabor-gopro-clip-magneticmini-trepiedcase\\\/#breadcrumb\"},\"inLanguage\":\"ro-RO\",\"potentialAction\":[{\"@type\":\"ReadAction\",\"target\":[\"https:\\\/\\\/xstyle.md\\\/product\\\/nabor-gopro-clip-magneticmini-trepiedcase\\\/\"]}]},{\"@type\":\"ImageObject\",\"inLanguage\":\"ro-RO\",\"@id\":\"https:\\\/\\\/xstyle.md\\\/product\\\/nabor-gopro-clip-magneticmini-trepiedcase\\\/#primaryimage\",\"url\":\"https:\\\/\\\/xstyle.md\\\/wp-content\\\/uploads\\\/2021\\\/10\\\/gopro-travel-kit-4.jpg\",\"contentUrl\":\"https:\\\/\\\/xstyle.md\\\/wp-content\\\/uploads\\\/2021\\\/10\\\/gopro-travel-kit-4.jpg\",\"width\":650,\"height\":454,\"caption\":\"\u041a\u043e\u043c\u043f\u043b\u0435\u043a\u0442 \u043a\u0440\u0435\u043f\u043b\u0435\u043d\u0438\u0439 \u0434\u043b\u044f GoPro \u0434\u043b\u044f \u0430\u043a\u0442\u0438\u0432\u043d\u043e\u0433\u043e \u043e\u0442\u0434\u044b\u0445\u0430 \u043f\u0443\u0442\u0435\u0448\u0435\u0441\u0442\u0432\u0438\u0439 \u0438 \u0430\u043b\u044c\u043f\u0438\u043d\u0438\u0437\u043c\u0430, \u0430\u043a\u0441\u0435\u0441\u0441\u0443\u0430\u0440\u044b \u0434\u043b\u044f \u0441\u044a\u0435\u043c\u043a\u0438 \u043d\u0430 \u043f\u0440\u0438\u0440\u043e\u0434\u0435, \u0442\u0443\u0440\u0438\u0441\u0442\u0438\u0447\u0435\u0441\u043a\u0430\u044f \u044d\u043a\u0438\u043f\u0438\u0440\u043e\u0432\u043a\u0430 \u0434\u043b\u044f \u043f\u043e\u0445\u043e\u0434\u043e\u0432 \u0438 \u0432\u043e\u0441\u0445\u043e\u0436\u0434\u0435\u043d\u0438\u0439\"},{\"@type\":\"BreadcrumbList\",\"@id\":\"https:\\\/\\\/xstyle.md\\\/product\\\/nabor-gopro-clip-magneticmini-trepiedcase\\\/#breadcrumb\",\"itemListElement\":[{\"@type\":\"ListItem\",\"position\":1,\"name\":\"\u0413\u043b\u0430\u0432\u043d\u0430\u044f \u0441\u0442\u0440\u0430\u043d\u0438\u0446\u0430\",\"item\":\"https:\\\/\\\/xstyle.md\\\/\"},{\"@type\":\"ListItem\",\"position\":2,\"name\":\"\u041c\u0430\u0433\u0430\u0437\u0438\u043d\",\"item\":\"https:\\\/\\\/xstyle.md\\\/shop\\\/\"},{\"@type\":\"ListItem\",\"position\":3,\"name\":\"\u041d\u0430\u0431\u043e\u0440 \u043a\u0440\u0435\u043f\u043b\u0435\u043d\u0438\u0439 GoPro Travel Kit (AKTTR-002)\"}]},{\"@type\":\"WebSite\",\"@id\":\"https:\\\/\\\/xstyle.md\\\/#website\",\"url\":\"https:\\\/\\\/xstyle.md\\\/\",\"name\":\"\u041c\u0430\u0433\u0430\u0437\u0438\u043d Xstyle\",\"description\":\"C\u043d\u0430\u0440\u044f\u0436\u0435\u043d\u0438\u0435 \u0434\u043b\u044f \u0442\u0443\u0440\u0438\u0437\u043c\u0430 \u0438 \u044d\u043a\u0441\u0442\u0440\u0435\u043c\u0430\u043b\u044c\u043d\u044b\u0445 \u0432\u0438\u0434\u043e\u0432 \u0441\u043f\u043e\u0440\u0442\u0430 \u0432 \u041c\u043e\u043b\u0434\u043e\u0432\u0435.. \u0426\u0435\u043d\u044b, \u0444\u043e\u0442\u043e, \u0445\u0430\u0440\u0430\u043a\u0442\u0435\u0440\u0438\u0441\u0442\u0438\u043a\u0438 \u0432 \u041c\u043e\u043b\u0434\u043e\u0432\u0435.\",\"publisher\":{\"@id\":\"https:\\\/\\\/xstyle.md\\\/#organization\"},\"alternateName\":\"X-Style\",\"potentialAction\":[{\"@type\":\"SearchAction\",\"target\":{\"@type\":\"EntryPoint\",\"urlTemplate\":\"https:\\\/\\\/xstyle.md\\\/?s={search_term_string}\"},\"query-input\":{\"@type\":\"PropertyValueSpecification\",\"valueRequired\":true,\"valueName\":\"search_term_string\"}}],\"inLanguage\":\"ro-RO\"},{\"@type\":\"Organization\",\"@id\":\"https:\\\/\\\/xstyle.md\\\/#organization\",\"name\":\"\u041c\u0430\u0433\u0430\u0437\u0438\u043d Xstyle\",\"alternateName\":\"x-style\",\"url\":\"https:\\\/\\\/xstyle.md\\\/\",\"logo\":{\"@type\":\"ImageObject\",\"inLanguage\":\"ro-RO\",\"@id\":\"https:\\\/\\\/xstyle.md\\\/#\\\/schema\\\/logo\\\/image\\\/\",\"url\":\"https:\\\/\\\/xstyle.md\\\/wp-content\\\/uploads\\\/2020\\\/06\\\/logoicon.svg\",\"contentUrl\":\"https:\\\/\\\/xstyle.md\\\/wp-content\\\/uploads\\\/2020\\\/06\\\/logoicon.svg\",\"caption\":\"\u041c\u0430\u0433\u0430\u0437\u0438\u043d Xstyle\"},\"image\":{\"@id\":\"https:\\\/\\\/xstyle.md\\\/#\\\/schema\\\/logo\\\/image\\\/\"},\"sameAs\":[\"https:\\\/\\\/www.facebook.com\\\/xstylemd\",\"https:\\\/\\\/www.instagram.com\\\/xstyle_md\\\/\",\"https:\\\/\\\/t.me\\\/xstyle_outdoor\"],\"hasMerchantReturnPolicy\":{\"@type\":\"MerchantReturnPolicy\",\"merchantReturnLink\":\"https:\\\/\\\/xstyle.md\\\/ro\\\/conditions\\\/\"}}]}<\/script>\n<meta property=\"product:price:amount\" content=\"1790.00\" \/>\n<meta property=\"product:price:currency\" content=\"MDL\" \/>\n<meta property=\"og:availability\" content=\"out of stock\" \/>\n<meta property=\"product:availability\" content=\"out of stock\" \/>\n<meta property=\"product:retailer_item_id\" content=\"AKTTR-002\" \/>\n<meta property=\"product:condition\" content=\"new\" \/>\n<!-- \/ Yoast SEO plugin. -->","yoast_head_json":{"title":"\u041d\u0430\u0431\u043e\u0440 \u043a\u0440\u0435\u043f\u043b\u0435\u043d\u0438\u0439 GoPro Travel Kit (AKTTR-002) - \u041c\u0430\u0433\u0430\u0437\u0438\u043d Xstyle","description":"\"\\u041d\\u0430\\u0431\\u043e\\u0440 \\u0430\\u043a\\u0441\\u0435\\u0441\\u0441\\u0443\\u0430\\u0440\\u043e\\u0432 GoPro Travel Kit: \\u043a\\u043e\\u043c\\u043f\\u0430\\u043a\\u0442\\u043d\\u044b\\u0439 \\u0447\\u0435\\u0445\\u043e\\u043b \\u0438 \\u043a\\u0440\\u0435\\u043f\\u043b\\u0435\\u043d\\u0438\\u0435 Shorty Clip Mount. \\u0418\\u0434\\u0435\\u0430\\u043b\\u044c\\u043d\\u043e \\u043f\\u043e\\u0434\\u0445\\u043e\\u0434\\u0438\\u0442 \\u0434\\u043b\\u044f HERO8. \\u0423\\u0434\\u043e\\u0431\\u0441\\u0442\\u0432\\u043e \\u0432 \\u043a\\u0430\\u0436\\u0434\\u043e\\u043c \\u043f\\u0443\\u0442\\u0435\\u0448\\u0435\\u0441\\u0442\\u0432\\u0438\\u0438!\"","robots":{"index":"index","follow":"follow","max-snippet":"max-snippet:-1","max-image-preview":"max-image-preview:large","max-video-preview":"max-video-preview:-1"},"canonical":"https:\/\/xstyle.md\/ro\/produs\/nabor-gopro-clip-magneticmini-trepiedcase\/","og_locale":"ro_RO","og_type":"article","og_title":"\u041d\u0430\u0431\u043e\u0440 \u043a\u0440\u0435\u043f\u043b\u0435\u043d\u0438\u0439 GoPro Travel Kit (AKTTR-002) - \u041c\u0430\u0433\u0430\u0437\u0438\u043d Xstyle","og_description":"\"\u041d\u0430\u0431\u043e\u0440 \u0430\u043a\u0441\u0435\u0441\u0441\u0443\u0430\u0440\u043e\u0432 GoPro Travel Kit: \u043a\u043e\u043c\u043f\u0430\u043a\u0442\u043d\u044b\u0439 \u0447\u0435\u0445\u043e\u043b \u0438 \u043a\u0440\u0435\u043f\u043b\u0435\u043d\u0438\u0435 Shorty Clip Mount. \u0418\u0434\u0435\u0430\u043b\u044c\u043d\u043e \u043f\u043e\u0434\u0445\u043e\u0434\u0438\u0442 \u0434\u043b\u044f HERO8. \u0423\u0434\u043e\u0431\u0441\u0442\u0432\u043e \u0432 \u043a\u0430\u0436\u0434\u043e\u043c \u043f\u0443\u0442\u0435\u0448\u0435\u0441\u0442\u0432\u0438\u0438!\"","og_url":"https:\/\/xstyle.md\/ro\/produs\/nabor-gopro-clip-magneticmini-trepiedcase\/","og_site_name":"\u041c\u0430\u0433\u0430\u0437\u0438\u043d Xstyle","article_publisher":"https:\/\/www.facebook.com\/xstylemd","article_modified_time":"2026-01-09T09:59:44+00:00","og_image":[{"width":650,"height":454,"url":"https:\/\/xstyle.md\/wp-content\/uploads\/2021\/10\/gopro-travel-kit-4.jpg","type":"image\/jpeg"}],"twitter_card":"summary_large_image","twitter_misc":{"Pre\u021b":"1.790&nbsp;MDL","Disponibilitate":"Stoc epuizat"},"schema":{"@context":"https:\/\/schema.org","@graph":[{"@type":"WebPage","@id":"https:\/\/xstyle.md\/product\/nabor-gopro-clip-magneticmini-trepiedcase\/","url":"https:\/\/xstyle.md\/product\/nabor-gopro-clip-magneticmini-trepiedcase\/","name":"\u041d\u0430\u0431\u043e\u0440 \u043a\u0440\u0435\u043f\u043b\u0435\u043d\u0438\u0439 GoPro Travel Kit (AKTTR-002) - \u041c\u0430\u0433\u0430\u0437\u0438\u043d Xstyle","isPartOf":{"@id":"https:\/\/xstyle.md\/#website"},"primaryImageOfPage":{"@id":"https:\/\/xstyle.md\/product\/nabor-gopro-clip-magneticmini-trepiedcase\/#primaryimage"},"image":{"@id":"https:\/\/xstyle.md\/product\/nabor-gopro-clip-magneticmini-trepiedcase\/#primaryimage"},"thumbnailUrl":"https:\/\/xstyle.md\/wp-content\/uploads\/2021\/10\/gopro-travel-kit-4.jpg","datePublished":"2021-10-20T15:29:32+00:00","dateModified":"2026-01-09T09:59:44+00:00","description":"\"\\u041d\\u0430\\u0431\\u043e\\u0440 \\u0430\\u043a\\u0441\\u0435\\u0441\\u0441\\u0443\\u0430\\u0440\\u043e\\u0432 GoPro Travel Kit: \\u043a\\u043e\\u043c\\u043f\\u0430\\u043a\\u0442\\u043d\\u044b\\u0439 \\u0447\\u0435\\u0445\\u043e\\u043b \\u0438 \\u043a\\u0440\\u0435\\u043f\\u043b\\u0435\\u043d\\u0438\\u0435 Shorty Clip Mount. \\u0418\\u0434\\u0435\\u0430\\u043b\\u044c\\u043d\\u043e \\u043f\\u043e\\u0434\\u0445\\u043e\\u0434\\u0438\\u0442 \\u0434\\u043b\\u044f HERO8. \\u0423\\u0434\\u043e\\u0431\\u0441\\u0442\\u0432\\u043e \\u0432 \\u043a\\u0430\\u0436\\u0434\\u043e\\u043c \\u043f\\u0443\\u0442\\u0435\\u0448\\u0435\\u0441\\u0442\\u0432\\u0438\\u0438!\"","breadcrumb":{"@id":"https:\/\/xstyle.md\/product\/nabor-gopro-clip-magneticmini-trepiedcase\/#breadcrumb"},"inLanguage":"ro-RO","potentialAction":[{"@type":"ReadAction","target":["https:\/\/xstyle.md\/product\/nabor-gopro-clip-magneticmini-trepiedcase\/"]}]},{"@type":"ImageObject","inLanguage":"ro-RO","@id":"https:\/\/xstyle.md\/product\/nabor-gopro-clip-magneticmini-trepiedcase\/#primaryimage","url":"https:\/\/xstyle.md\/wp-content\/uploads\/2021\/10\/gopro-travel-kit-4.jpg","contentUrl":"https:\/\/xstyle.md\/wp-content\/uploads\/2021\/10\/gopro-travel-kit-4.jpg","width":650,"height":454,"caption":"\u041a\u043e\u043c\u043f\u043b\u0435\u043a\u0442 \u043a\u0440\u0435\u043f\u043b\u0435\u043d\u0438\u0439 \u0434\u043b\u044f GoPro \u0434\u043b\u044f \u0430\u043a\u0442\u0438\u0432\u043d\u043e\u0433\u043e \u043e\u0442\u0434\u044b\u0445\u0430 \u043f\u0443\u0442\u0435\u0448\u0435\u0441\u0442\u0432\u0438\u0439 \u0438 \u0430\u043b\u044c\u043f\u0438\u043d\u0438\u0437\u043c\u0430, \u0430\u043a\u0441\u0435\u0441\u0441\u0443\u0430\u0440\u044b \u0434\u043b\u044f \u0441\u044a\u0435\u043c\u043a\u0438 \u043d\u0430 \u043f\u0440\u0438\u0440\u043e\u0434\u0435, \u0442\u0443\u0440\u0438\u0441\u0442\u0438\u0447\u0435\u0441\u043a\u0430\u044f \u044d\u043a\u0438\u043f\u0438\u0440\u043e\u0432\u043a\u0430 \u0434\u043b\u044f \u043f\u043e\u0445\u043e\u0434\u043e\u0432 \u0438 \u0432\u043e\u0441\u0445\u043e\u0436\u0434\u0435\u043d\u0438\u0439"},{"@type":"BreadcrumbList","@id":"https:\/\/xstyle.md\/product\/nabor-gopro-clip-magneticmini-trepiedcase\/#breadcrumb","itemListElement":[{"@type":"ListItem","position":1,"name":"\u0413\u043b\u0430\u0432\u043d\u0430\u044f \u0441\u0442\u0440\u0430\u043d\u0438\u0446\u0430","item":"https:\/\/xstyle.md\/"},{"@type":"ListItem","position":2,"name":"\u041c\u0430\u0433\u0430\u0437\u0438\u043d","item":"https:\/\/xstyle.md\/shop\/"},{"@type":"ListItem","position":3,"name":"\u041d\u0430\u0431\u043e\u0440 \u043a\u0440\u0435\u043f\u043b\u0435\u043d\u0438\u0439 GoPro Travel Kit (AKTTR-002)"}]},{"@type":"WebSite","@id":"https:\/\/xstyle.md\/#website","url":"https:\/\/xstyle.md\/","name":"Magazinul X-Style","description":"Echipamente pentru turism \u0219i sporturi extreme \u00een Moldova. Pre\u021buri, fotografii, caracteristici \u00een Moldova.","publisher":{"@id":"https:\/\/xstyle.md\/#organization"},"alternateName":"X-Style","potentialAction":[{"@type":"SearchAction","target":{"@type":"EntryPoint","urlTemplate":"https:\/\/xstyle.md\/?s={search_term_string}"},"query-input":{"@type":"PropertyValueSpecification","valueRequired":true,"valueName":"search_term_string"}}],"inLanguage":"ro-RO"},{"@type":"Organization","@id":"https:\/\/xstyle.md\/#organization","name":"Magazinul X-Style","alternateName":"x-style","url":"https:\/\/xstyle.md\/","logo":{"@type":"ImageObject","inLanguage":"ro-RO","@id":"https:\/\/xstyle.md\/#\/schema\/logo\/image\/","url":"https:\/\/xstyle.md\/wp-content\/uploads\/2020\/06\/logoicon.svg","contentUrl":"https:\/\/xstyle.md\/wp-content\/uploads\/2020\/06\/logoicon.svg","caption":"\u041c\u0430\u0433\u0430\u0437\u0438\u043d Xstyle"},"image":{"@id":"https:\/\/xstyle.md\/#\/schema\/logo\/image\/"},"sameAs":["https:\/\/www.facebook.com\/xstylemd","https:\/\/www.instagram.com\/xstyle_md\/","https:\/\/t.me\/xstyle_outdoor"],"hasMerchantReturnPolicy":{"@type":"MerchantReturnPolicy","merchantReturnLink":"https:\/\/xstyle.md\/ro\/conditions\/"}}]},"product_price_amount":"1790.00","product_price_currency":"MDL","og_availability":"out of stock","product_availability":"out of stock","product_retailer_item_id":"AKTTR-002","product_condition":"new"},"_links":{"self":[{"href":"https:\/\/xstyle.md\/ro\/wp-json\/wp\/v2\/product\/40877","targetHints":{"allow":["GET"]}}],"collection":[{"href":"https:\/\/xstyle.md\/ro\/wp-json\/wp\/v2\/product"}],"about":[{"href":"https:\/\/xstyle.md\/ro\/wp-json\/wp\/v2\/types\/product"}],"replies":[{"embeddable":true,"href":"https:\/\/xstyle.md\/ro\/wp-json\/wp\/v2\/comments?post=40877"}],"wp:featuredmedia":[{"embeddable":true,"href":"https:\/\/xstyle.md\/ro\/wp-json\/wp\/v2\/media\/61541"}],"wp:attachment":[{"href":"https:\/\/xstyle.md\/ro\/wp-json\/wp\/v2\/media?parent=40877"}],"wp:term":[{"taxonomy":"product_brand","embeddable":true,"href":"https:\/\/xstyle.md\/ro\/wp-json\/wp\/v2\/product_brand?post=40877"},{"taxonomy":"product_cat","embeddable":true,"href":"https:\/\/xstyle.md\/ro\/wp-json\/wp\/v2\/product_cat?post=40877"},{"taxonomy":"product_tag","embeddable":true,"href":"https:\/\/xstyle.md\/ro\/wp-json\/wp\/v2\/product_tag?post=40877"}],"curies":[{"name":"wp","href":"https:\/\/api.w.org\/{rel}","templated":true}]}}