{"id":40876,"date":"2021-10-20T18:29:31","date_gmt":"2021-10-20T15:29:31","guid":{"rendered":"https:\/\/xstyle.md\/?post_type=product&#038;p=40876"},"modified":"2026-02-12T19:57:57","modified_gmt":"2026-02-12T16:57:57","slug":"pult-distancionnogo-upravlenija-dlja-gopro-hero9-black","status":"publish","type":"product","link":"https:\/\/xstyle.md\/ro\/produs\/pult-distancionnogo-upravlenija-dlja-gopro-hero9-black\/","title":{"rendered":"Accesoriu camer\u0103 GoPro The Remote 3.0 for Hero 9 (ARMTE-003)"},"content":{"rendered":"<p><strong>Telecomand\u0103 pentru GoPro HERO9 Black<\/strong> - telecomand\u0103 durabil\u0103, rezistent\u0103 la ap\u0103 pentru camerele de ac\u021biune GoPro Hero 10, Hero 9, Hero 8, Max. Utilizeaz\u0103 tehnologia Bluetooth\u00ae Low Energy pentru o durat\u0103 de via\u021b\u0103 maxim\u0103 a bateriei \u0219i o conexiune u\u0219oar\u0103 la camer\u0103.<\/p>\n<p>Butoanele de control confortabile, cu r\u0103spuns rapid, func\u021bioneaz\u0103 eficient chiar \u0219i pe vreme rece, a\u0219a c\u0103 este u\u0219or s\u0103 ap\u0103sa\u021bi butoanele c\u00e2nd purta\u021bi m\u0103nu\u0219i. Acestea v\u0103 permit s\u0103 controla\u021bi \u00eenregistrarea, func\u021biile camerei \u0219i s\u0103 modifica\u021bi set\u0103rile.<\/p>\n<p>Display mare, de \u00eenalt\u0103 rezolu\u021bie, afi\u0219eaz\u0103 informa\u021bii cum ar fi modul de func\u021bionare curent sau starea bateriei.<\/p>\n<p>Telecomanda este \u00eenc\u0103rcat\u0103 cu ajutorul cablului USB inclus \u00een set. Setul include, de asemenea, o curea de montare pentru ata\u0219area telecomenzii la \u00eencheietura m\u00e2inii, a accesoriilor sau a echipamentului de fotografiere.<\/p>\n<h3>Particularit\u0103\u021bi<\/h3>\n<ul>\n<li>Raza de func\u021bionare 10 m<\/li>\n<li>Propriet\u0103\u021bi rezistente la ap\u0103<\/li>\n<li>Ecranul telecomenzii afi\u0219eaz\u0103 ecranul camerei frontale<\/li>\n<li>Acumulator \u00eencorporat<\/li>\n<li>Configurare \u0219i control u\u0219or (2 butoane)<\/li>\n<li>Cablu de \u00eenc\u0103rcare \u0219i curea de m\u00e2n\u0103 Velcro incluse<\/li>\n<\/ul>\n<h3>Caracteristici<\/h3>\n<ul>\n<li>Compatibilitate cu modelele - GoPro Hero 10, GoPro Hero 9, GoPro Hero 8, GoPro MAX<\/li>\n<li>Con\u021binutul setului \u2013 telecomand\u0103, curea, cablu USB-C<\/li>\n<\/ul>","protected":false},"excerpt":{"rendered":"<p>\u041f\u0443\u043b\u044c\u0442 \u0434\u0438\u0441\u0442\u0430\u043d\u0446\u0438\u043e\u043d\u043d\u043e\u0433\u043e \u0443\u043f\u0440\u0430\u0432\u043b\u0435\u043d\u0438\u044f \u0434\u043b\u044f GoPro HERO9 Black &#8212; \u043f\u0440\u043e\u0447\u043d\u044b\u0439, \u0432\u043e\u0434\u043e\u043d\u0435\u043f\u0440\u043e\u043d\u0438\u0446\u0430\u0435\u043c\u044b\u0439 \u043f\u0443\u043b\u044c\u0442 \u0434\u043b\u044f \u044d\u043a\u0448\u043d-\u043a\u0430\u043c\u0435\u0440 GoPro Hero 10, Hero 9, Hero 8, Max. \u0418\u0441\u043f\u043e\u043b\u044c\u0437\u0443\u0435\u0442 \u0442\u0435\u0445\u043d\u043e\u043b\u043e\u0433\u0438\u044e Bluetooth\u00ae Low Energy, \u043a\u043e\u0442\u043e\u0440\u0430\u044f \u043e\u0431\u0435\u0441\u043f\u0435\u0447\u0438\u0432\u0430\u0435\u0442 \u043c\u0430\u043a\u0441\u0438\u043c\u0430\u043b\u044c\u043d\u043e\u0435 \u0432\u0440\u0435\u043c\u044f \u0430\u0432\u0442\u043e\u043d\u043e\u043c\u043d\u043e\u0439 \u0440\u0430\u0431\u043e\u0442\u044b \u0438 \u043f\u0440\u043e\u0441\u0442\u043e\u0435 \u0441\u043e\u0435\u0434\u0438\u043d\u0435\u043d\u0438\u0435 \u0441 \u043a\u0430\u043c\u0435\u0440\u043e\u0439. \u041a\u043e\u043c\u0444\u043e\u0440\u0442\u043d\u044b\u0435 \u043a\u043d\u043e\u043f\u043a\u0438 \u0443\u043f\u0440\u0430\u0432\u043b\u0435\u043d\u0438\u044f \u0441 \u0432\u044b\u0441\u043e\u043a\u043e\u0439 \u0441\u043a\u043e\u0440\u043e\u0441\u0442\u044c\u044e \u043e\u0442\u043a\u043b\u0438\u043a\u0430 \u044d\u0444\u0444\u0435\u043a\u0442\u0438\u0432\u043d\u043e \u0440\u0430\u0431\u043e\u0442\u0430\u044e\u0442 \u0434\u0430\u0436\u0435 \u0432 \u0445\u043e\u043b\u043e\u0434\u043d\u0443\u044e \u043f\u043e\u0433\u043e\u0434\u0443, \u043f\u043e\u044d\u0442\u043e\u043c\u0443 \u0431\u0443\u0434\u0443\u0447\u0438 \u0432 \u043f\u0435\u0440\u0447\u0430\u0442\u043a\u0430\u0445, \u043b\u0435\u0433\u043a\u043e [&hellip;]<\/p>\n","protected":false},"featured_media":63992,"comment_status":"open","ping_status":"closed","template":"","meta":{"_acf_changed":false,"inline_featured_image":false},"product_brand":[1307],"product_cat":[879],"product_tag":[],"class_list":{"0":"post-40876","1":"product","2":"type-product","3":"status-publish","4":"has-post-thumbnail","6":"product_brand-gopro","7":"product_cat-accessories-camera","9":"first","10":"instock","11":"shipping-taxable","12":"purchasable","13":"product-type-simple"},"acf":[],"yoast_head":"<!-- This site is optimized with the Yoast SEO plugin v27.4 - https:\/\/yoast.com\/product\/yoast-seo-wordpress\/ -->\n<title>\u041f\u0443\u043b\u044c\u0442 \u0434\u0438\u0441\u0442\u0430\u043d\u0446\u0438\u043e\u043d\u043d\u043e\u0433\u043e \u0443\u043f\u0440\u0430\u0432\u043b\u0435\u043d\u0438\u044f \u0434\u043b\u044f GoPro The Remote 3.0 for Hero 9 (ARMTE-003) - \u041c\u0430\u0433\u0430\u0437\u0438\u043d Xstyle<\/title>\n<meta name=\"description\" content=\"\u041f\u0443\u043b\u044c\u0442 \u0434\u0438\u0441\u0442\u0430\u043d\u0446\u0438\u043e\u043d\u043d\u043e\u0433\u043e \u0443\u043f\u0440\u0430\u0432\u043b\u0435\u043d\u0438\u044f \u0434\u043b\u044f GoPro HERO9 Black: \u0443\u043f\u0440\u0430\u0432\u043b\u044f\u0439\u0442\u0435 \u0432\u0430\u0448\u0435\u0439 \u043a\u0430\u043c\u0435\u0440\u043e\u0439 HERO9, HERO8, HERO10 \u0438 MAX \u0441 \u043f\u043e\u043c\u043e\u0449\u044c\u044e Bluetooth Low Energy \u0438 USB-C.\" \/>\n<meta name=\"robots\" content=\"index, follow, max-snippet:-1, max-image-preview:large, max-video-preview:-1\" \/>\n<link rel=\"canonical\" href=\"https:\/\/xstyle.md\/ro\/produs\/pult-distancionnogo-upravlenija-dlja-gopro-hero9-black\/\" \/>\n<meta property=\"og:locale\" content=\"ro_RO\" \/>\n<meta property=\"og:type\" content=\"article\" \/>\n<meta property=\"og:title\" content=\"\u041f\u0443\u043b\u044c\u0442 \u0434\u0438\u0441\u0442\u0430\u043d\u0446\u0438\u043e\u043d\u043d\u043e\u0433\u043e \u0443\u043f\u0440\u0430\u0432\u043b\u0435\u043d\u0438\u044f \u0434\u043b\u044f GoPro The Remote 3.0 for Hero 9 (ARMTE-003) - \u041c\u0430\u0433\u0430\u0437\u0438\u043d Xstyle\" \/>\n<meta property=\"og:description\" content=\"\u041f\u0443\u043b\u044c\u0442 \u0434\u0438\u0441\u0442\u0430\u043d\u0446\u0438\u043e\u043d\u043d\u043e\u0433\u043e \u0443\u043f\u0440\u0430\u0432\u043b\u0435\u043d\u0438\u044f \u0434\u043b\u044f GoPro HERO9 Black: \u0443\u043f\u0440\u0430\u0432\u043b\u044f\u0439\u0442\u0435 \u0432\u0430\u0448\u0435\u0439 \u043a\u0430\u043c\u0435\u0440\u043e\u0439 HERO9, HERO8, HERO10 \u0438 MAX \u0441 \u043f\u043e\u043c\u043e\u0449\u044c\u044e Bluetooth Low Energy \u0438 USB-C.\" \/>\n<meta property=\"og:url\" content=\"https:\/\/xstyle.md\/ro\/produs\/pult-distancionnogo-upravlenija-dlja-gopro-hero9-black\/\" \/>\n<meta property=\"og:site_name\" content=\"\u041c\u0430\u0433\u0430\u0437\u0438\u043d Xstyle\" \/>\n<meta property=\"article:publisher\" content=\"https:\/\/www.facebook.com\/xstylemd\" \/>\n<meta property=\"article:modified_time\" content=\"2026-02-12T16:57:57+00:00\" \/>\n<meta property=\"og:image\" content=\"https:\/\/xstyle.md\/wp-content\/uploads\/2021\/10\/pult-gopro-hero-9.png\" \/>\n\t<meta property=\"og:image:width\" content=\"500\" \/>\n\t<meta property=\"og:image:height\" content=\"502\" \/>\n\t<meta property=\"og:image:type\" content=\"image\/png\" \/>\n<meta name=\"twitter:card\" content=\"summary_large_image\" \/>\n<meta name=\"twitter:label1\" content=\"Pre\u021b\" \/>\n\t<meta name=\"twitter:data1\" content=\"2.590&nbsp;MDL\" \/>\n\t<meta name=\"twitter:label2\" content=\"Disponibilitate\" \/>\n\t<meta name=\"twitter:data2\" content=\"\u00cen stoc\" \/>\n<script type=\"application\/ld+json\" class=\"yoast-schema-graph\">{\"@context\":\"https:\\\/\\\/schema.org\",\"@graph\":[{\"@type\":\"WebPage\",\"@id\":\"https:\\\/\\\/xstyle.md\\\/product\\\/pult-distancionnogo-upravlenija-dlja-gopro-hero9-black\\\/\",\"url\":\"https:\\\/\\\/xstyle.md\\\/product\\\/pult-distancionnogo-upravlenija-dlja-gopro-hero9-black\\\/\",\"name\":\"\u041f\u0443\u043b\u044c\u0442 \u0434\u0438\u0441\u0442\u0430\u043d\u0446\u0438\u043e\u043d\u043d\u043e\u0433\u043e \u0443\u043f\u0440\u0430\u0432\u043b\u0435\u043d\u0438\u044f \u0434\u043b\u044f GoPro The Remote 3.0 for Hero 9 (ARMTE-003) - \u041c\u0430\u0433\u0430\u0437\u0438\u043d Xstyle\",\"isPartOf\":{\"@id\":\"https:\\\/\\\/xstyle.md\\\/#website\"},\"primaryImageOfPage\":{\"@id\":\"https:\\\/\\\/xstyle.md\\\/product\\\/pult-distancionnogo-upravlenija-dlja-gopro-hero9-black\\\/#primaryimage\"},\"image\":{\"@id\":\"https:\\\/\\\/xstyle.md\\\/product\\\/pult-distancionnogo-upravlenija-dlja-gopro-hero9-black\\\/#primaryimage\"},\"thumbnailUrl\":\"https:\\\/\\\/xstyle.md\\\/wp-content\\\/uploads\\\/2021\\\/10\\\/pult-gopro-hero-9.png\",\"datePublished\":\"2021-10-20T15:29:31+00:00\",\"dateModified\":\"2026-02-12T16:57:57+00:00\",\"description\":\"\u041f\u0443\u043b\u044c\u0442 \u0434\u0438\u0441\u0442\u0430\u043d\u0446\u0438\u043e\u043d\u043d\u043e\u0433\u043e \u0443\u043f\u0440\u0430\u0432\u043b\u0435\u043d\u0438\u044f \u0434\u043b\u044f GoPro HERO9 Black: \u0443\u043f\u0440\u0430\u0432\u043b\u044f\u0439\u0442\u0435 \u0432\u0430\u0448\u0435\u0439 \u043a\u0430\u043c\u0435\u0440\u043e\u0439 HERO9, HERO8, HERO10 \u0438 MAX \u0441 \u043f\u043e\u043c\u043e\u0449\u044c\u044e Bluetooth Low Energy \u0438 USB-C.\",\"breadcrumb\":{\"@id\":\"https:\\\/\\\/xstyle.md\\\/product\\\/pult-distancionnogo-upravlenija-dlja-gopro-hero9-black\\\/#breadcrumb\"},\"inLanguage\":\"ro-RO\",\"potentialAction\":[{\"@type\":\"ReadAction\",\"target\":[\"https:\\\/\\\/xstyle.md\\\/product\\\/pult-distancionnogo-upravlenija-dlja-gopro-hero9-black\\\/\"]}]},{\"@type\":\"ImageObject\",\"inLanguage\":\"ro-RO\",\"@id\":\"https:\\\/\\\/xstyle.md\\\/product\\\/pult-distancionnogo-upravlenija-dlja-gopro-hero9-black\\\/#primaryimage\",\"url\":\"https:\\\/\\\/xstyle.md\\\/wp-content\\\/uploads\\\/2021\\\/10\\\/pult-gopro-hero-9.png\",\"contentUrl\":\"https:\\\/\\\/xstyle.md\\\/wp-content\\\/uploads\\\/2021\\\/10\\\/pult-gopro-hero-9.png\",\"width\":500,\"height\":502,\"caption\":\"\u041f\u0443\u043b\u044c\u0442 \u0434\u0438\u0441\u0442\u0430\u043d\u0446\u0438\u043e\u043d\u043d\u043e\u0433\u043e \u0443\u043f\u0440\u0430\u0432\u043b\u0435\u043d\u0438\u044f \u0434\u043b\u044f GoPro Hero 9 \u2014 \u0430\u043a\u0441\u0435\u0441\u0441\u0443\u0430\u0440 \u0434\u043b\u044f \u0430\u043a\u0442\u0438\u0432\u043d\u043e\u0433\u043e \u043e\u0442\u0434\u044b\u0445\u0430, \u0442\u0443\u0440\u0438\u0437\u043c\u0430, \u043f\u043e\u0445\u043e\u0434\u043e\u0432 \u0438 \u043f\u0443\u0442\u0435\u0448\u0435\u0441\u0442\u0432\u0438\u0439, \u043f\u043e\u0434\u0445\u043e\u0434\u044f\u0449\u0438\u0439 \u0434\u043b\u044f \u0430\u043a\u0442\u0438\u0432\u043d\u043e\u0439 \u0436\u0438\u0437\u043d\u0438, \u0441\u043f\u043e\u0440\u0442\u0438\u0432\u043d\u043e\u0439 \u043e\u0434\u0435\u0436\u0434\u044b \u0438 \u043e\u0431\u0443\u0432\u0438\"},{\"@type\":\"BreadcrumbList\",\"@id\":\"https:\\\/\\\/xstyle.md\\\/product\\\/pult-distancionnogo-upravlenija-dlja-gopro-hero9-black\\\/#breadcrumb\",\"itemListElement\":[{\"@type\":\"ListItem\",\"position\":1,\"name\":\"\u0413\u043b\u0430\u0432\u043d\u0430\u044f \u0441\u0442\u0440\u0430\u043d\u0438\u0446\u0430\",\"item\":\"https:\\\/\\\/xstyle.md\\\/\"},{\"@type\":\"ListItem\",\"position\":2,\"name\":\"\u041c\u0430\u0433\u0430\u0437\u0438\u043d\",\"item\":\"https:\\\/\\\/xstyle.md\\\/shop\\\/\"},{\"@type\":\"ListItem\",\"position\":3,\"name\":\"\u041f\u0443\u043b\u044c\u0442 \u0434\u0438\u0441\u0442\u0430\u043d\u0446\u0438\u043e\u043d\u043d\u043e\u0433\u043e \u0443\u043f\u0440\u0430\u0432\u043b\u0435\u043d\u0438\u044f \u0434\u043b\u044f GoPro The Remote 3.0 for Hero 9 (ARMTE-003)\"}]},{\"@type\":\"WebSite\",\"@id\":\"https:\\\/\\\/xstyle.md\\\/#website\",\"url\":\"https:\\\/\\\/xstyle.md\\\/\",\"name\":\"\u041c\u0430\u0433\u0430\u0437\u0438\u043d Xstyle\",\"description\":\"C\u043d\u0430\u0440\u044f\u0436\u0435\u043d\u0438\u0435 \u0434\u043b\u044f \u0442\u0443\u0440\u0438\u0437\u043c\u0430 \u0438 \u044d\u043a\u0441\u0442\u0440\u0435\u043c\u0430\u043b\u044c\u043d\u044b\u0445 \u0432\u0438\u0434\u043e\u0432 \u0441\u043f\u043e\u0440\u0442\u0430 \u0432 \u041c\u043e\u043b\u0434\u043e\u0432\u0435.. \u0426\u0435\u043d\u044b, \u0444\u043e\u0442\u043e, \u0445\u0430\u0440\u0430\u043a\u0442\u0435\u0440\u0438\u0441\u0442\u0438\u043a\u0438 \u0432 \u041c\u043e\u043b\u0434\u043e\u0432\u0435.\",\"publisher\":{\"@id\":\"https:\\\/\\\/xstyle.md\\\/#organization\"},\"alternateName\":\"X-Style\",\"potentialAction\":[{\"@type\":\"SearchAction\",\"target\":{\"@type\":\"EntryPoint\",\"urlTemplate\":\"https:\\\/\\\/xstyle.md\\\/?s={search_term_string}\"},\"query-input\":{\"@type\":\"PropertyValueSpecification\",\"valueRequired\":true,\"valueName\":\"search_term_string\"}}],\"inLanguage\":\"ro-RO\"},{\"@type\":\"Organization\",\"@id\":\"https:\\\/\\\/xstyle.md\\\/#organization\",\"name\":\"\u041c\u0430\u0433\u0430\u0437\u0438\u043d Xstyle\",\"alternateName\":\"x-style\",\"url\":\"https:\\\/\\\/xstyle.md\\\/\",\"logo\":{\"@type\":\"ImageObject\",\"inLanguage\":\"ro-RO\",\"@id\":\"https:\\\/\\\/xstyle.md\\\/#\\\/schema\\\/logo\\\/image\\\/\",\"url\":\"https:\\\/\\\/xstyle.md\\\/wp-content\\\/uploads\\\/2020\\\/06\\\/logoicon.svg\",\"contentUrl\":\"https:\\\/\\\/xstyle.md\\\/wp-content\\\/uploads\\\/2020\\\/06\\\/logoicon.svg\",\"caption\":\"\u041c\u0430\u0433\u0430\u0437\u0438\u043d Xstyle\"},\"image\":{\"@id\":\"https:\\\/\\\/xstyle.md\\\/#\\\/schema\\\/logo\\\/image\\\/\"},\"sameAs\":[\"https:\\\/\\\/www.facebook.com\\\/xstylemd\",\"https:\\\/\\\/www.instagram.com\\\/xstyle_md\\\/\",\"https:\\\/\\\/t.me\\\/xstyle_outdoor\"],\"hasMerchantReturnPolicy\":{\"@type\":\"MerchantReturnPolicy\",\"merchantReturnLink\":\"https:\\\/\\\/xstyle.md\\\/ro\\\/conditions\\\/\"}}]}<\/script>\n<meta property=\"product:price:amount\" content=\"2590.00\" \/>\n<meta property=\"product:price:currency\" content=\"MDL\" \/>\n<meta property=\"og:availability\" content=\"instock\" \/>\n<meta property=\"product:availability\" content=\"instock\" \/>\n<meta property=\"product:retailer_item_id\" content=\"ARMTE-003\" \/>\n<meta property=\"product:condition\" content=\"new\" \/>\n<!-- \/ Yoast SEO plugin. -->","yoast_head_json":{"title":"\u041f\u0443\u043b\u044c\u0442 \u0434\u0438\u0441\u0442\u0430\u043d\u0446\u0438\u043e\u043d\u043d\u043e\u0433\u043e \u0443\u043f\u0440\u0430\u0432\u043b\u0435\u043d\u0438\u044f \u0434\u043b\u044f GoPro The Remote 3.0 for Hero 9 (ARMTE-003) - \u041c\u0430\u0433\u0430\u0437\u0438\u043d Xstyle","description":"Controlerul de la distan\u021b\u0103 pentru GoPro HERO9 Black: controla\u021bi camera dvs. HERO9, HERO8, HERO10 \u0219i MAX cu ajutorul Bluetooth Low Energy \u0219i USB-C.","robots":{"index":"index","follow":"follow","max-snippet":"max-snippet:-1","max-image-preview":"max-image-preview:large","max-video-preview":"max-video-preview:-1"},"canonical":"https:\/\/xstyle.md\/ro\/produs\/pult-distancionnogo-upravlenija-dlja-gopro-hero9-black\/","og_locale":"ro_RO","og_type":"article","og_title":"\u041f\u0443\u043b\u044c\u0442 \u0434\u0438\u0441\u0442\u0430\u043d\u0446\u0438\u043e\u043d\u043d\u043e\u0433\u043e \u0443\u043f\u0440\u0430\u0432\u043b\u0435\u043d\u0438\u044f \u0434\u043b\u044f GoPro The Remote 3.0 for Hero 9 (ARMTE-003) - \u041c\u0430\u0433\u0430\u0437\u0438\u043d Xstyle","og_description":"\u041f\u0443\u043b\u044c\u0442 \u0434\u0438\u0441\u0442\u0430\u043d\u0446\u0438\u043e\u043d\u043d\u043e\u0433\u043e \u0443\u043f\u0440\u0430\u0432\u043b\u0435\u043d\u0438\u044f \u0434\u043b\u044f GoPro HERO9 Black: \u0443\u043f\u0440\u0430\u0432\u043b\u044f\u0439\u0442\u0435 \u0432\u0430\u0448\u0435\u0439 \u043a\u0430\u043c\u0435\u0440\u043e\u0439 HERO9, HERO8, HERO10 \u0438 MAX \u0441 \u043f\u043e\u043c\u043e\u0449\u044c\u044e Bluetooth Low Energy \u0438 USB-C.","og_url":"https:\/\/xstyle.md\/ro\/produs\/pult-distancionnogo-upravlenija-dlja-gopro-hero9-black\/","og_site_name":"\u041c\u0430\u0433\u0430\u0437\u0438\u043d Xstyle","article_publisher":"https:\/\/www.facebook.com\/xstylemd","article_modified_time":"2026-02-12T16:57:57+00:00","og_image":[{"width":500,"height":502,"url":"https:\/\/xstyle.md\/wp-content\/uploads\/2021\/10\/pult-gopro-hero-9.png","type":"image\/png"}],"twitter_card":"summary_large_image","twitter_misc":{"Pre\u021b":"2.590&nbsp;MDL","Disponibilitate":"\u00cen stoc"},"schema":{"@context":"https:\/\/schema.org","@graph":[{"@type":"WebPage","@id":"https:\/\/xstyle.md\/product\/pult-distancionnogo-upravlenija-dlja-gopro-hero9-black\/","url":"https:\/\/xstyle.md\/product\/pult-distancionnogo-upravlenija-dlja-gopro-hero9-black\/","name":"\u041f\u0443\u043b\u044c\u0442 \u0434\u0438\u0441\u0442\u0430\u043d\u0446\u0438\u043e\u043d\u043d\u043e\u0433\u043e \u0443\u043f\u0440\u0430\u0432\u043b\u0435\u043d\u0438\u044f \u0434\u043b\u044f GoPro The Remote 3.0 for Hero 9 (ARMTE-003) - \u041c\u0430\u0433\u0430\u0437\u0438\u043d Xstyle","isPartOf":{"@id":"https:\/\/xstyle.md\/#website"},"primaryImageOfPage":{"@id":"https:\/\/xstyle.md\/product\/pult-distancionnogo-upravlenija-dlja-gopro-hero9-black\/#primaryimage"},"image":{"@id":"https:\/\/xstyle.md\/product\/pult-distancionnogo-upravlenija-dlja-gopro-hero9-black\/#primaryimage"},"thumbnailUrl":"https:\/\/xstyle.md\/wp-content\/uploads\/2021\/10\/pult-gopro-hero-9.png","datePublished":"2021-10-20T15:29:31+00:00","dateModified":"2026-02-12T16:57:57+00:00","description":"Controlerul de la distan\u021b\u0103 pentru GoPro HERO9 Black: controla\u021bi camera dvs. HERO9, HERO8, HERO10 \u0219i MAX cu ajutorul Bluetooth Low Energy \u0219i USB-C.","breadcrumb":{"@id":"https:\/\/xstyle.md\/product\/pult-distancionnogo-upravlenija-dlja-gopro-hero9-black\/#breadcrumb"},"inLanguage":"ro-RO","potentialAction":[{"@type":"ReadAction","target":["https:\/\/xstyle.md\/product\/pult-distancionnogo-upravlenija-dlja-gopro-hero9-black\/"]}]},{"@type":"ImageObject","inLanguage":"ro-RO","@id":"https:\/\/xstyle.md\/product\/pult-distancionnogo-upravlenija-dlja-gopro-hero9-black\/#primaryimage","url":"https:\/\/xstyle.md\/wp-content\/uploads\/2021\/10\/pult-gopro-hero-9.png","contentUrl":"https:\/\/xstyle.md\/wp-content\/uploads\/2021\/10\/pult-gopro-hero-9.png","width":500,"height":502,"caption":"\u041f\u0443\u043b\u044c\u0442 \u0434\u0438\u0441\u0442\u0430\u043d\u0446\u0438\u043e\u043d\u043d\u043e\u0433\u043e \u0443\u043f\u0440\u0430\u0432\u043b\u0435\u043d\u0438\u044f \u0434\u043b\u044f GoPro Hero 9 \u2014 \u0430\u043a\u0441\u0435\u0441\u0441\u0443\u0430\u0440 \u0434\u043b\u044f \u0430\u043a\u0442\u0438\u0432\u043d\u043e\u0433\u043e \u043e\u0442\u0434\u044b\u0445\u0430, \u0442\u0443\u0440\u0438\u0437\u043c\u0430, \u043f\u043e\u0445\u043e\u0434\u043e\u0432 \u0438 \u043f\u0443\u0442\u0435\u0448\u0435\u0441\u0442\u0432\u0438\u0439, \u043f\u043e\u0434\u0445\u043e\u0434\u044f\u0449\u0438\u0439 \u0434\u043b\u044f \u0430\u043a\u0442\u0438\u0432\u043d\u043e\u0439 \u0436\u0438\u0437\u043d\u0438, \u0441\u043f\u043e\u0440\u0442\u0438\u0432\u043d\u043e\u0439 \u043e\u0434\u0435\u0436\u0434\u044b \u0438 \u043e\u0431\u0443\u0432\u0438"},{"@type":"BreadcrumbList","@id":"https:\/\/xstyle.md\/product\/pult-distancionnogo-upravlenija-dlja-gopro-hero9-black\/#breadcrumb","itemListElement":[{"@type":"ListItem","position":1,"name":"\u0413\u043b\u0430\u0432\u043d\u0430\u044f \u0441\u0442\u0440\u0430\u043d\u0438\u0446\u0430","item":"https:\/\/xstyle.md\/"},{"@type":"ListItem","position":2,"name":"\u041c\u0430\u0433\u0430\u0437\u0438\u043d","item":"https:\/\/xstyle.md\/shop\/"},{"@type":"ListItem","position":3,"name":"\u041f\u0443\u043b\u044c\u0442 \u0434\u0438\u0441\u0442\u0430\u043d\u0446\u0438\u043e\u043d\u043d\u043e\u0433\u043e \u0443\u043f\u0440\u0430\u0432\u043b\u0435\u043d\u0438\u044f \u0434\u043b\u044f GoPro The Remote 3.0 for Hero 9 (ARMTE-003)"}]},{"@type":"WebSite","@id":"https:\/\/xstyle.md\/#website","url":"https:\/\/xstyle.md\/","name":"Magazinul X-Style","description":"Echipamente pentru turism \u0219i sporturi extreme \u00een Moldova. Pre\u021buri, fotografii, caracteristici \u00een Moldova.","publisher":{"@id":"https:\/\/xstyle.md\/#organization"},"alternateName":"X-Style","potentialAction":[{"@type":"SearchAction","target":{"@type":"EntryPoint","urlTemplate":"https:\/\/xstyle.md\/?s={search_term_string}"},"query-input":{"@type":"PropertyValueSpecification","valueRequired":true,"valueName":"search_term_string"}}],"inLanguage":"ro-RO"},{"@type":"Organization","@id":"https:\/\/xstyle.md\/#organization","name":"Magazinul X-Style","alternateName":"x-style","url":"https:\/\/xstyle.md\/","logo":{"@type":"ImageObject","inLanguage":"ro-RO","@id":"https:\/\/xstyle.md\/#\/schema\/logo\/image\/","url":"https:\/\/xstyle.md\/wp-content\/uploads\/2020\/06\/logoicon.svg","contentUrl":"https:\/\/xstyle.md\/wp-content\/uploads\/2020\/06\/logoicon.svg","caption":"\u041c\u0430\u0433\u0430\u0437\u0438\u043d Xstyle"},"image":{"@id":"https:\/\/xstyle.md\/#\/schema\/logo\/image\/"},"sameAs":["https:\/\/www.facebook.com\/xstylemd","https:\/\/www.instagram.com\/xstyle_md\/","https:\/\/t.me\/xstyle_outdoor"],"hasMerchantReturnPolicy":{"@type":"MerchantReturnPolicy","merchantReturnLink":"https:\/\/xstyle.md\/ro\/conditions\/"}}]},"product_price_amount":"2590.00","product_price_currency":"MDL","og_availability":"instock","product_availability":"instock","product_retailer_item_id":"ARMTE-003","product_condition":"new"},"_links":{"self":[{"href":"https:\/\/xstyle.md\/ro\/wp-json\/wp\/v2\/product\/40876","targetHints":{"allow":["GET"]}}],"collection":[{"href":"https:\/\/xstyle.md\/ro\/wp-json\/wp\/v2\/product"}],"about":[{"href":"https:\/\/xstyle.md\/ro\/wp-json\/wp\/v2\/types\/product"}],"replies":[{"embeddable":true,"href":"https:\/\/xstyle.md\/ro\/wp-json\/wp\/v2\/comments?post=40876"}],"wp:featuredmedia":[{"embeddable":true,"href":"https:\/\/xstyle.md\/ro\/wp-json\/wp\/v2\/media\/63992"}],"wp:attachment":[{"href":"https:\/\/xstyle.md\/ro\/wp-json\/wp\/v2\/media?parent=40876"}],"wp:term":[{"taxonomy":"product_brand","embeddable":true,"href":"https:\/\/xstyle.md\/ro\/wp-json\/wp\/v2\/product_brand?post=40876"},{"taxonomy":"product_cat","embeddable":true,"href":"https:\/\/xstyle.md\/ro\/wp-json\/wp\/v2\/product_cat?post=40876"},{"taxonomy":"product_tag","embeddable":true,"href":"https:\/\/xstyle.md\/ro\/wp-json\/wp\/v2\/product_tag?post=40876"}],"curies":[{"name":"wp","href":"https:\/\/api.w.org\/{rel}","templated":true}]}}