{"id":40658,"date":"2021-10-11T16:33:06","date_gmt":"2021-10-11T13:33:06","guid":{"rendered":"https:\/\/xstyle.md\/?post_type=product&#038;p=40658"},"modified":"2025-12-18T17:30:33","modified_gmt":"2025-12-18T14:30:33","slug":"ochki-julbo-ultimate-noir-orange-f-rv-p0-3","status":"publish","type":"product","link":"https:\/\/xstyle.md\/ro\/produs\/ochki-julbo-ultimate-noir-orange-f-rv-p0-3\/","title":{"rendered":"Ochelari Julbo Ultimate Noir\/Orange F RV P0-3"},"content":{"rendered":"<\/p>\n<p><strong>Julbo Ultimate Noir\/Orange F RV P0-3<\/strong> &#8212; ochelari de sport care v\u0103 ofer\u0103 libertate maxim\u0103 \u00een sportul dumneavoastr\u0103 preferat. Datorit\u0103 t\u00e2mplelor reglabile CustomFIT \u0219i a inser\u021biilor Grip Tech moi \u0219i antiderapante, ace\u0219tia sunt extrem de confortabili. Nasul adaptabil 3D Nose permite ochelarilor de protec\u021bie s\u0103 se potriveasc\u0103 perfect, indiferent dac\u0103 merge\u021bi cu sau f\u0103r\u0103 casc\u0103 de biciclet\u0103. Lentila elegant\u0103 dintr-o singur\u0103 bucat\u0103 ofer\u0103 protec\u021bie eficient\u0103 \u0219i confort pentru ochi.<\/p>\n<p>Lentilele fotocromatice Reactiv Performance 0-3 se \u00eentunec\u0103 sau se lumineaz\u0103 pentru a se potrivi condi\u021biilor de lumin\u0103 schimb\u0103toare. Acoperire intern\u0103 anti-cea\u021b\u0103 \u0219i acoperire exterioar\u0103 antiulei (previne urmele de degete, cur\u0103\u021barea u\u0219oar\u0103 \u0219i scurgerea pic\u0103turilor de ploaie). Culoare de baz\u0103 transparent\u0103 cu o nuan\u021b\u0103 fumurie atunci c\u00e2nd sunt activate. Ideal pentru activit\u0103\u021bi sportive de lung\u0103 durat\u0103, inclusiv maratoane, \u0219i turism.<\/p>\n<h3>Particularit\u0103\u021bi<\/h3>\n<ul>\n<li>Unghi de vizualizare larg<\/li>\n<li>Form\u0103 aerodinamic\u0103<\/li>\n<li>Fixare bun\u0103 datorit\u0103 pun\u021bii nasului de form\u0103 anatomic\u0103 \u0219i a t\u00e2mplelor \u00eenf\u0103\u0219urate<\/li>\n<li>Inser\u021bii moi pe partea interioar\u0103 a podului nasului \u0219i a t\u00e2mplelor<\/li>\n<li>Stratul de acoperire anti-cea\u021b\u0103 previne aburirea lentilelor<\/li>\n<li>Nerecomandat \u0219oferilor pe timp de noapte sau \u00een condi\u021bii de iluminare slab\u0103.<\/li>\n<\/ul>\n<h3>Caracteristici<\/h3>\n<ul>\n<li>Obiectiv &#8212; Reactiv Performance<\/li>\n<li>Categoria de protec\u021bie UV: 0-3 (12 &#8212; 87% transmisie a luminii)<\/li>\n<li>L\u0103\u021bimea lentilelor &#8212; 133 mm<\/li>\n<li>Lungimea obturatorului &#8212; 130 mm<\/li>\n<li>Suport &#8212; 14 mm<\/li>\n<li>Scop &#8212; drume\u021bii \/ maraton \/ ciclism<\/li>\n<li>Model &#8212; unisex<\/li>\n<\/ul>\n<h3>Tehnologie<\/h3>\n<ul>\n<li><strong>Reactiv Performance<\/strong> \u2013 este o tehnologie prin care lentilele se adapteaz\u0103 la toate condi\u021biile de iluminare \u00een func\u021bie de intensitatea radia\u021biilor UV, devenind mai \u00eenchise sau mai deschise la culoare. Acoperirea special\u0103 anti-cea\u021b\u0103 previne aburirea, amprentele, faciliteaz\u0103 cur\u0103\u021barea petelor, asigur\u0103 scurgerea pic\u0103turilor de ap\u0103 \u0219i garanteaz\u0103 durabilitatea maxim\u0103.<\/li>\n<li><b>3DFit Nose<\/b>\u00a0&#8212; datorit\u0103 aripilor, care pot fi ajustate la orice unghi, ochelarii se adapteaz\u0103 la orice tip de nas, asigur\u00e2nd o potrivire perfect\u0103 \u00een orice situa\u021bie.<\/li>\n<li><b>Grip Tech<\/b> \u2013 material moale exclusiv pe t\u00e2mple, care nu se lipe\u0219te de p\u0103r, oferind suport \u0219i confort absolut.<\/li>\n<li><b>Full Venting<\/b>\u00a0&#8212; structura foarte bine ventilat\u0103 a ochelarilor de soare asigur\u0103 o circula\u021bie complet\u0103 a aerului \u0219i previne formarea ce\u021bii.<\/li>\n<li><strong>Panoramic<\/strong> \u2013 vederea panoramic\u0103 mare v\u0103 permite s\u0103 vede\u021bi lumea f\u0103r\u0103 obstacole.<\/li>\n<\/ul>\n<h3>Marca<\/h3>\n<p>Julbo este un brand francez de renume mondial care produce ochelari de sport de \u00eenalt\u0103 calitate, ochelari pentru sporturi nautice, ochelari pentru alpinism la mare altitudine, m\u0103\u0219ti pentru sporturi de iarn\u0103, c\u0103\u0219ti de schi \u0219i multe altele. Aceast\u0103 companie are o istorie de peste 130 de ani, iar \u00een acest timp s-a dezvoltat de la o mic\u0103 firm\u0103 de familie la un juc\u0103tor important pe pia\u021ba global\u0103. Julbo a devenit un veritabil expert \u0219i un punct de referin\u021b\u0103 \u00een dezvoltarea opticii pentru utilizarea \u00een condi\u021bii extreme. Experien\u021ba acumulat\u0103 de-a lungul anilor, tehnologiile inovatoare \u0219i cooperarea cu sportivii au dus la o gam\u0103 larg\u0103 de produse care au c\u00e2\u0219tigat o mare popularitate \u00een \u00eentreaga lume.<\/p>\n<p><\/p>","protected":false},"excerpt":{"rendered":"","protected":false},"featured_media":40688,"comment_status":"open","ping_status":"closed","template":"","meta":{"_acf_changed":false,"inline_featured_image":false},"product_brand":[1294],"product_cat":[238,553],"product_tag":[],"class_list":{"0":"post-40658","1":"product","2":"type-product","3":"status-publish","4":"has-post-thumbnail","6":"product_brand-julbo","7":"product_cat-sunglasses-julbo","8":"product_cat-bycicle-glasses","10":"first","11":"instock","12":"sale","13":"shipping-taxable","14":"purchasable","15":"product-type-simple"},"acf":[],"yoast_head":"<!-- This site is optimized with the Yoast SEO plugin v27.2 - https:\/\/yoast.com\/product\/yoast-seo-wordpress\/ -->\n<title>\u041e\u0447\u043a\u0438 Julbo Ultimate Noir\/Orange F RV P0-3 - \u041c\u0430\u0433\u0430\u0437\u0438\u043d Xstyle<\/title>\n<meta name=\"description\" content=\"\u041e\u0447\u043a\u0438 Julbo Ultimate Noir\/Orange F RV P0-3 \u2013 \u0438\u0434\u0435\u0430\u043b\u044c\u043d\u044b\u0435 \u0434\u043b\u044f \u0441\u043f\u043e\u0440\u0442\u0430! \u0423\u043d\u0438\u043a\u0430\u043b\u044c\u043d\u044b\u0435 \u0442\u0435\u0445\u043d\u043e\u043b\u043e\u0433\u0438\u0438, 3D \u043d\u043e\u0441\u043e\u0432\u0430\u044f \u0432\u0441\u0442\u0430\u0432\u043a\u0430 \u0438 \u0437\u0430\u0449\u0438\u0442\u0430 \u043e\u0442 \u0423\u0424-\u043b\u0443\u0447\u0435\u0439 \u043e\u0431\u0435\u0441\u043f\u0435\u0447\u0438\u0432\u0430\u044e\u0442 \u043a\u043e\u043c\u0444\u043e\u0440\u0442 \u0438 \u0432\u0438\u0434\u0438\u043c\u043e\u0441\u0442\u044c.\" \/>\n<meta name=\"robots\" content=\"index, follow, max-snippet:-1, max-image-preview:large, max-video-preview:-1\" \/>\n<link rel=\"canonical\" href=\"https:\/\/xstyle.md\/ro\/produs\/ochki-julbo-ultimate-noir-orange-f-rv-p0-3\/\" \/>\n<meta property=\"og:locale\" content=\"ro_RO\" \/>\n<meta property=\"og:type\" content=\"article\" \/>\n<meta property=\"og:title\" content=\"\u041e\u0447\u043a\u0438 Julbo Ultimate Noir\/Orange F RV P0-3 - \u041c\u0430\u0433\u0430\u0437\u0438\u043d Xstyle\" \/>\n<meta property=\"og:description\" content=\"\u041e\u0447\u043a\u0438 Julbo Ultimate Noir\/Orange F RV P0-3 \u2013 \u0438\u0434\u0435\u0430\u043b\u044c\u043d\u044b\u0435 \u0434\u043b\u044f \u0441\u043f\u043e\u0440\u0442\u0430! \u0423\u043d\u0438\u043a\u0430\u043b\u044c\u043d\u044b\u0435 \u0442\u0435\u0445\u043d\u043e\u043b\u043e\u0433\u0438\u0438, 3D \u043d\u043e\u0441\u043e\u0432\u0430\u044f \u0432\u0441\u0442\u0430\u0432\u043a\u0430 \u0438 \u0437\u0430\u0449\u0438\u0442\u0430 \u043e\u0442 \u0423\u0424-\u043b\u0443\u0447\u0435\u0439 \u043e\u0431\u0435\u0441\u043f\u0435\u0447\u0438\u0432\u0430\u044e\u0442 \u043a\u043e\u043c\u0444\u043e\u0440\u0442 \u0438 \u0432\u0438\u0434\u0438\u043c\u043e\u0441\u0442\u044c.\" \/>\n<meta property=\"og:url\" content=\"https:\/\/xstyle.md\/ro\/produs\/ochki-julbo-ultimate-noir-orange-f-rv-p0-3\/\" \/>\n<meta property=\"og:site_name\" content=\"\u041c\u0430\u0433\u0430\u0437\u0438\u043d Xstyle\" \/>\n<meta property=\"article:publisher\" content=\"https:\/\/www.facebook.com\/xstylemd\" \/>\n<meta property=\"article:modified_time\" content=\"2025-12-18T14:30:33+00:00\" \/>\n<meta property=\"og:image\" content=\"https:\/\/xstyle.md\/wp-content\/uploads\/2021\/10\/julbo-ultimate-noirorange-f-rv-p0-3.jpg\" \/>\n\t<meta property=\"og:image:width\" content=\"600\" \/>\n\t<meta property=\"og:image:height\" content=\"600\" \/>\n\t<meta property=\"og:image:type\" content=\"image\/jpeg\" \/>\n<meta name=\"twitter:card\" content=\"summary_large_image\" \/>\n<meta name=\"twitter:label1\" content=\"Pre\u021b\" \/>\n\t<meta name=\"twitter:data1\" content=\"2.765&nbsp;MDL\" \/>\n\t<meta name=\"twitter:label2\" content=\"Disponibilitate\" \/>\n\t<meta name=\"twitter:data2\" content=\"\u00cen stoc\" \/>\n<script type=\"application\/ld+json\" class=\"yoast-schema-graph\">{\"@context\":\"https:\/\/schema.org\",\"@graph\":[{\"@type\":\"WebPage\",\"@id\":\"https:\/\/xstyle.md\/product\/ochki-julbo-ultimate-noir-orange-f-rv-p0-3\/\",\"url\":\"https:\/\/xstyle.md\/product\/ochki-julbo-ultimate-noir-orange-f-rv-p0-3\/\",\"name\":\"\u041e\u0447\u043a\u0438 Julbo Ultimate Noir\/Orange F RV P0-3 - \u041c\u0430\u0433\u0430\u0437\u0438\u043d Xstyle\",\"isPartOf\":{\"@id\":\"https:\/\/xstyle.md\/#website\"},\"primaryImageOfPage\":{\"@id\":\"https:\/\/xstyle.md\/product\/ochki-julbo-ultimate-noir-orange-f-rv-p0-3\/#primaryimage\"},\"image\":{\"@id\":\"https:\/\/xstyle.md\/product\/ochki-julbo-ultimate-noir-orange-f-rv-p0-3\/#primaryimage\"},\"thumbnailUrl\":\"https:\/\/xstyle.md\/wp-content\/uploads\/2021\/10\/julbo-ultimate-noirorange-f-rv-p0-3.jpg\",\"datePublished\":\"2021-10-11T13:33:06+00:00\",\"dateModified\":\"2025-12-18T14:30:33+00:00\",\"description\":\"\u041e\u0447\u043a\u0438 Julbo Ultimate Noir\/Orange F RV P0-3 \u2013 \u0438\u0434\u0435\u0430\u043b\u044c\u043d\u044b\u0435 \u0434\u043b\u044f \u0441\u043f\u043e\u0440\u0442\u0430! \u0423\u043d\u0438\u043a\u0430\u043b\u044c\u043d\u044b\u0435 \u0442\u0435\u0445\u043d\u043e\u043b\u043e\u0433\u0438\u0438, 3D \u043d\u043e\u0441\u043e\u0432\u0430\u044f \u0432\u0441\u0442\u0430\u0432\u043a\u0430 \u0438 \u0437\u0430\u0449\u0438\u0442\u0430 \u043e\u0442 \u0423\u0424-\u043b\u0443\u0447\u0435\u0439 \u043e\u0431\u0435\u0441\u043f\u0435\u0447\u0438\u0432\u0430\u044e\u0442 \u043a\u043e\u043c\u0444\u043e\u0440\u0442 \u0438 \u0432\u0438\u0434\u0438\u043c\u043e\u0441\u0442\u044c.\",\"breadcrumb\":{\"@id\":\"https:\/\/xstyle.md\/product\/ochki-julbo-ultimate-noir-orange-f-rv-p0-3\/#breadcrumb\"},\"inLanguage\":\"ro-RO\",\"potentialAction\":[{\"@type\":\"ReadAction\",\"target\":[\"https:\/\/xstyle.md\/product\/ochki-julbo-ultimate-noir-orange-f-rv-p0-3\/\"]}]},{\"@type\":\"ImageObject\",\"inLanguage\":\"ro-RO\",\"@id\":\"https:\/\/xstyle.md\/product\/ochki-julbo-ultimate-noir-orange-f-rv-p0-3\/#primaryimage\",\"url\":\"https:\/\/xstyle.md\/wp-content\/uploads\/2021\/10\/julbo-ultimate-noirorange-f-rv-p0-3.jpg\",\"contentUrl\":\"https:\/\/xstyle.md\/wp-content\/uploads\/2021\/10\/julbo-ultimate-noirorange-f-rv-p0-3.jpg\",\"width\":600,\"height\":600,\"caption\":\"\u041e\u0447\u043a\u0438 Julbo Ultimate Noir Orange \u0434\u043b\u044f \u0430\u043a\u0442\u0438\u0432\u043d\u043e\u0433\u043e \u043e\u0442\u0434\u044b\u0445\u0430, \u0442\u0443\u0440\u0438\u0437\u043c\u0430 \u0438 \u0430\u043b\u044c\u043f\u0438\u043d\u0438\u0437\u043c\u0430 \u0432 \u0438\u043d\u0442\u0435\u0440\u043d\u0435\u0442 \u043c\u0430\u0433\u0430\u0437\u0438\u043d\u0435 \u0441\u043f\u043e\u0440\u0442\u0438\u0432\u043d\u043e\u0439 \u043e\u0434\u0435\u0436\u0434\u044b \u0438 \u043e\u0431\u0443\u0432\u0438\"},{\"@type\":\"BreadcrumbList\",\"@id\":\"https:\/\/xstyle.md\/product\/ochki-julbo-ultimate-noir-orange-f-rv-p0-3\/#breadcrumb\",\"itemListElement\":[{\"@type\":\"ListItem\",\"position\":1,\"name\":\"\u0413\u043b\u0430\u0432\u043d\u0430\u044f \u0441\u0442\u0440\u0430\u043d\u0438\u0446\u0430\",\"item\":\"https:\/\/xstyle.md\/\"},{\"@type\":\"ListItem\",\"position\":2,\"name\":\"\u041c\u0430\u0433\u0430\u0437\u0438\u043d\",\"item\":\"https:\/\/xstyle.md\/shop\/\"},{\"@type\":\"ListItem\",\"position\":3,\"name\":\"\u041e\u0447\u043a\u0438 Julbo Ultimate Noir\/Orange F RV P0-3\"}]},{\"@type\":\"WebSite\",\"@id\":\"https:\/\/xstyle.md\/#website\",\"url\":\"https:\/\/xstyle.md\/\",\"name\":\"\u041c\u0430\u0433\u0430\u0437\u0438\u043d Xstyle\",\"description\":\"C\u043d\u0430\u0440\u044f\u0436\u0435\u043d\u0438\u0435 \u0434\u043b\u044f \u0442\u0443\u0440\u0438\u0437\u043c\u0430 \u0438 \u044d\u043a\u0441\u0442\u0440\u0435\u043c\u0430\u043b\u044c\u043d\u044b\u0445 \u0432\u0438\u0434\u043e\u0432 \u0441\u043f\u043e\u0440\u0442\u0430 \u0432 \u041c\u043e\u043b\u0434\u043e\u0432\u0435.. \u0426\u0435\u043d\u044b, \u0444\u043e\u0442\u043e, \u0445\u0430\u0440\u0430\u043a\u0442\u0435\u0440\u0438\u0441\u0442\u0438\u043a\u0438 \u0432 \u041c\u043e\u043b\u0434\u043e\u0432\u0435.\",\"publisher\":{\"@id\":\"https:\/\/xstyle.md\/#organization\"},\"alternateName\":\"X-Style\",\"potentialAction\":[{\"@type\":\"SearchAction\",\"target\":{\"@type\":\"EntryPoint\",\"urlTemplate\":\"https:\/\/xstyle.md\/?s={search_term_string}\"},\"query-input\":{\"@type\":\"PropertyValueSpecification\",\"valueRequired\":true,\"valueName\":\"search_term_string\"}}],\"inLanguage\":\"ro-RO\"},{\"@type\":\"Organization\",\"@id\":\"https:\/\/xstyle.md\/#organization\",\"name\":\"\u041c\u0430\u0433\u0430\u0437\u0438\u043d Xstyle\",\"alternateName\":\"x-style\",\"url\":\"https:\/\/xstyle.md\/\",\"logo\":{\"@type\":\"ImageObject\",\"inLanguage\":\"ro-RO\",\"@id\":\"https:\/\/xstyle.md\/#\/schema\/logo\/image\/\",\"url\":\"https:\/\/xstyle.md\/wp-content\/uploads\/2020\/06\/logoicon.svg\",\"contentUrl\":\"https:\/\/xstyle.md\/wp-content\/uploads\/2020\/06\/logoicon.svg\",\"caption\":\"\u041c\u0430\u0433\u0430\u0437\u0438\u043d Xstyle\"},\"image\":{\"@id\":\"https:\/\/xstyle.md\/#\/schema\/logo\/image\/\"},\"sameAs\":[\"https:\/\/www.facebook.com\/xstylemd\",\"https:\/\/www.instagram.com\/xstyle_md\/\",\"https:\/\/t.me\/xstyle_outdoor\"],\"hasMerchantReturnPolicy\":{\"@type\":\"MerchantReturnPolicy\",\"merchantReturnLink\":\"https:\/\/xstyle.md\/ro\/conditions\/\"}}]}<\/script>\n<meta property=\"product:price:amount\" content=\"2765.00\" \/>\n<meta property=\"product:price:currency\" content=\"MDL\" \/>\n<meta property=\"og:availability\" content=\"instock\" \/>\n<meta property=\"product:availability\" content=\"instock\" \/>\n<meta property=\"product:retailer_item_id\" content=\"3660576051430\" \/>\n<meta property=\"product:condition\" content=\"new\" \/>\n<!-- \/ Yoast SEO plugin. -->","yoast_head_json":{"title":"Ochelari Julbo Ultimate Noir\/Orange F RV P0-3 - Magazin Xstyle","description":"Okularele Julbo Ultimate Noir\/Orange F RV P0-3 \u2013 perfecte pentru sport! Tehnologiile unice, inser\u021bia nasului 3D \u0219i protec\u021bia \u00eempotriva razelor UV asigur\u0103 confort \u0219i vizibilitate.","robots":{"index":"index","follow":"follow","max-snippet":"max-snippet:-1","max-image-preview":"max-image-preview:large","max-video-preview":"max-video-preview:-1"},"canonical":"https:\/\/xstyle.md\/ro\/produs\/ochki-julbo-ultimate-noir-orange-f-rv-p0-3\/","og_locale":"ro_RO","og_type":"article","og_title":"\u041e\u0447\u043a\u0438 Julbo Ultimate Noir\/Orange F RV P0-3 - \u041c\u0430\u0433\u0430\u0437\u0438\u043d Xstyle","og_description":"\u041e\u0447\u043a\u0438 Julbo Ultimate Noir\/Orange F RV P0-3 \u2013 \u0438\u0434\u0435\u0430\u043b\u044c\u043d\u044b\u0435 \u0434\u043b\u044f \u0441\u043f\u043e\u0440\u0442\u0430! \u0423\u043d\u0438\u043a\u0430\u043b\u044c\u043d\u044b\u0435 \u0442\u0435\u0445\u043d\u043e\u043b\u043e\u0433\u0438\u0438, 3D \u043d\u043e\u0441\u043e\u0432\u0430\u044f \u0432\u0441\u0442\u0430\u0432\u043a\u0430 \u0438 \u0437\u0430\u0449\u0438\u0442\u0430 \u043e\u0442 \u0423\u0424-\u043b\u0443\u0447\u0435\u0439 \u043e\u0431\u0435\u0441\u043f\u0435\u0447\u0438\u0432\u0430\u044e\u0442 \u043a\u043e\u043c\u0444\u043e\u0440\u0442 \u0438 \u0432\u0438\u0434\u0438\u043c\u043e\u0441\u0442\u044c.","og_url":"https:\/\/xstyle.md\/ro\/produs\/ochki-julbo-ultimate-noir-orange-f-rv-p0-3\/","og_site_name":"\u041c\u0430\u0433\u0430\u0437\u0438\u043d Xstyle","article_publisher":"https:\/\/www.facebook.com\/xstylemd","article_modified_time":"2025-12-18T14:30:33+00:00","og_image":[{"width":600,"height":600,"url":"https:\/\/xstyle.md\/wp-content\/uploads\/2021\/10\/julbo-ultimate-noirorange-f-rv-p0-3.jpg","type":"image\/jpeg"}],"twitter_card":"summary_large_image","twitter_misc":{"Pre\u021b":"2.765&nbsp;MDL","Disponibilitate":"\u00cen stoc"},"schema":{"@context":"https:\/\/schema.org","@graph":[{"@type":"WebPage","@id":"https:\/\/xstyle.md\/product\/ochki-julbo-ultimate-noir-orange-f-rv-p0-3\/","url":"https:\/\/xstyle.md\/product\/ochki-julbo-ultimate-noir-orange-f-rv-p0-3\/","name":"Ochelari Julbo Ultimate Noir\/Orange F RV P0-3 - Magazin Xstyle","isPartOf":{"@id":"https:\/\/xstyle.md\/#website"},"primaryImageOfPage":{"@id":"https:\/\/xstyle.md\/product\/ochki-julbo-ultimate-noir-orange-f-rv-p0-3\/#primaryimage"},"image":{"@id":"https:\/\/xstyle.md\/product\/ochki-julbo-ultimate-noir-orange-f-rv-p0-3\/#primaryimage"},"thumbnailUrl":"https:\/\/xstyle.md\/wp-content\/uploads\/2021\/10\/julbo-ultimate-noirorange-f-rv-p0-3.jpg","datePublished":"2021-10-11T13:33:06+00:00","dateModified":"2025-12-18T14:30:33+00:00","description":"Okularele Julbo Ultimate Noir\/Orange F RV P0-3 \u2013 perfecte pentru sport! Tehnologiile unice, inser\u021bia nasului 3D \u0219i protec\u021bia \u00eempotriva razelor UV asigur\u0103 confort \u0219i vizibilitate.","breadcrumb":{"@id":"https:\/\/xstyle.md\/product\/ochki-julbo-ultimate-noir-orange-f-rv-p0-3\/#breadcrumb"},"inLanguage":"ro-RO","potentialAction":[{"@type":"ReadAction","target":["https:\/\/xstyle.md\/product\/ochki-julbo-ultimate-noir-orange-f-rv-p0-3\/"]}]},{"@type":"ImageObject","inLanguage":"ro-RO","@id":"https:\/\/xstyle.md\/product\/ochki-julbo-ultimate-noir-orange-f-rv-p0-3\/#primaryimage","url":"https:\/\/xstyle.md\/wp-content\/uploads\/2021\/10\/julbo-ultimate-noirorange-f-rv-p0-3.jpg","contentUrl":"https:\/\/xstyle.md\/wp-content\/uploads\/2021\/10\/julbo-ultimate-noirorange-f-rv-p0-3.jpg","width":600,"height":600,"caption":"\u041e\u0447\u043a\u0438 Julbo Ultimate Noir Orange \u0434\u043b\u044f \u0430\u043a\u0442\u0438\u0432\u043d\u043e\u0433\u043e \u043e\u0442\u0434\u044b\u0445\u0430, \u0442\u0443\u0440\u0438\u0437\u043c\u0430 \u0438 \u0430\u043b\u044c\u043f\u0438\u043d\u0438\u0437\u043c\u0430 \u0432 \u0438\u043d\u0442\u0435\u0440\u043d\u0435\u0442 \u043c\u0430\u0433\u0430\u0437\u0438\u043d\u0435 \u0441\u043f\u043e\u0440\u0442\u0438\u0432\u043d\u043e\u0439 \u043e\u0434\u0435\u0436\u0434\u044b \u0438 \u043e\u0431\u0443\u0432\u0438"},{"@type":"BreadcrumbList","@id":"https:\/\/xstyle.md\/product\/ochki-julbo-ultimate-noir-orange-f-rv-p0-3\/#breadcrumb","itemListElement":[{"@type":"ListItem","position":1,"name":"\u0413\u043b\u0430\u0432\u043d\u0430\u044f \u0441\u0442\u0440\u0430\u043d\u0438\u0446\u0430","item":"https:\/\/xstyle.md\/"},{"@type":"ListItem","position":2,"name":"\u041c\u0430\u0433\u0430\u0437\u0438\u043d","item":"https:\/\/xstyle.md\/shop\/"},{"@type":"ListItem","position":3,"name":"\u041e\u0447\u043a\u0438 Julbo Ultimate Noir\/Orange F RV P0-3"}]},{"@type":"WebSite","@id":"https:\/\/xstyle.md\/#website","url":"https:\/\/xstyle.md\/","name":"Magazinul X-Style","description":"Echipamente pentru turism \u0219i sporturi extreme \u00een Moldova. Pre\u021buri, fotografii, caracteristici \u00een Moldova.","publisher":{"@id":"https:\/\/xstyle.md\/#organization"},"alternateName":"X-Style","potentialAction":[{"@type":"SearchAction","target":{"@type":"EntryPoint","urlTemplate":"https:\/\/xstyle.md\/?s={search_term_string}"},"query-input":{"@type":"PropertyValueSpecification","valueRequired":true,"valueName":"search_term_string"}}],"inLanguage":"ro-RO"},{"@type":"Organization","@id":"https:\/\/xstyle.md\/#organization","name":"Magazinul X-Style","alternateName":"x-style","url":"https:\/\/xstyle.md\/","logo":{"@type":"ImageObject","inLanguage":"ro-RO","@id":"https:\/\/xstyle.md\/#\/schema\/logo\/image\/","url":"https:\/\/xstyle.md\/wp-content\/uploads\/2020\/06\/logoicon.svg","contentUrl":"https:\/\/xstyle.md\/wp-content\/uploads\/2020\/06\/logoicon.svg","caption":"\u041c\u0430\u0433\u0430\u0437\u0438\u043d Xstyle"},"image":{"@id":"https:\/\/xstyle.md\/#\/schema\/logo\/image\/"},"sameAs":["https:\/\/www.facebook.com\/xstylemd","https:\/\/www.instagram.com\/xstyle_md\/","https:\/\/t.me\/xstyle_outdoor"],"hasMerchantReturnPolicy":{"@type":"MerchantReturnPolicy","merchantReturnLink":"https:\/\/xstyle.md\/ro\/conditions\/"}}]},"product_price_amount":"2765.00","product_price_currency":"MDL","og_availability":"instock","product_availability":"instock","product_retailer_item_id":"3660576051430","product_condition":"new"},"post_mailing_queue_ids":[],"_links":{"self":[{"href":"https:\/\/xstyle.md\/ro\/wp-json\/wp\/v2\/product\/40658","targetHints":{"allow":["GET"]}}],"collection":[{"href":"https:\/\/xstyle.md\/ro\/wp-json\/wp\/v2\/product"}],"about":[{"href":"https:\/\/xstyle.md\/ro\/wp-json\/wp\/v2\/types\/product"}],"replies":[{"embeddable":true,"href":"https:\/\/xstyle.md\/ro\/wp-json\/wp\/v2\/comments?post=40658"}],"wp:featuredmedia":[{"embeddable":true,"href":"https:\/\/xstyle.md\/ro\/wp-json\/wp\/v2\/media\/40688"}],"wp:attachment":[{"href":"https:\/\/xstyle.md\/ro\/wp-json\/wp\/v2\/media?parent=40658"}],"wp:term":[{"taxonomy":"product_brand","embeddable":true,"href":"https:\/\/xstyle.md\/ro\/wp-json\/wp\/v2\/product_brand?post=40658"},{"taxonomy":"product_cat","embeddable":true,"href":"https:\/\/xstyle.md\/ro\/wp-json\/wp\/v2\/product_cat?post=40658"},{"taxonomy":"product_tag","embeddable":true,"href":"https:\/\/xstyle.md\/ro\/wp-json\/wp\/v2\/product_tag?post=40658"}],"curies":[{"name":"wp","href":"https:\/\/api.w.org\/{rel}","templated":true}]}}