{"id":40654,"date":"2021-10-11T16:33:05","date_gmt":"2021-10-11T13:33:05","guid":{"rendered":"https:\/\/xstyle.md\/?post_type=product&#038;p=40654"},"modified":"2024-12-23T17:42:45","modified_gmt":"2024-12-23T14:42:45","slug":"ochki-julbo-aerolite-black-red-rv-p1-3laf","status":"publish","type":"product","link":"https:\/\/xstyle.md\/ro\/produs\/ochki-julbo-aerolite-black-red-rv-p1-3laf\/","title":{"rendered":"Ochelari Julbo Aerolite Black\/Red RV P1-3LAF"},"content":{"rendered":"<\/p>\n<p><strong>Julbo Aerolite Black\/Red RV P1-3LAF<\/strong> &#8212; ochelari de soare potrivi\u021bi pentru cei care iubesc activit\u0103\u021bile \u00een aer liber. Ochelarii sunt echipa\u021bi cu lentile Reactiv Performance 1-3 cu categoria de protec\u021bie 2-4. Lentilele se \u00eentunec\u0103 sau se deschid \u00een func\u021bie de condi\u021biile de iluminare, care variaz\u0103. Modelul Aerolite se bazeaz\u0103 pe Aero, care este considerat un adev\u0103rat punct de referin\u021b\u0103 pentru cei care schiaz\u0103. Aerolite ofer\u0103 acela\u0219i nivel de aderen\u021b\u0103 \u0219i ventila\u021bie. Lentilele f\u0103r\u0103 ram\u0103 ofer\u0103 o u\u0219urin\u021b\u0103 mai mare \u0219i un sentiment de libertate de neegalat.<br \/>\nPl\u0103cu\u021bele de nas 3D Nose Fit pot fi ajustate \u00een direc\u021bii diferite, astfel \u00eenc\u00e2t ochelarii se vor potrivi confortabil oric\u0103rui purt\u0103tor: asigur\u00e2nd o potrivire \u0219i o fixare perfect\u0103 \u00een toate condi\u021biile. Materialul exclusiv Grip Tech din zona t\u00e2mplelor permite ochelarilor s\u0103 stea confortabil \u0219i sigur \u0219i s\u0103 nu se lipeasc\u0103 de p\u0103r. Ace\u0219tia sunt ochelari multifunc\u021bionali care sunt potrivi\u021bi pentru orice activitate \u00een aer liber, cum ar fi rapelul.<\/p>\n<h3>Particularit\u0103\u021bi<\/h3>\n<ul>\n<li>Lentilele se \u00eentunec\u0103 sau se deschid \u00een func\u021bie de schimbarea condi\u021biilor de lumin\u0103<\/li>\n<li>Efect antireflex datorat acoperirii cu oglind\u0103<\/li>\n<li>Potrivire perfect\u0103<\/li>\n<li>Sistemul de t\u00e2mple u\u0219ureaz\u0103 ochelarii \u0219i \u00eei face \u0219i mai confortabili<\/li>\n<li>Ventila\u021bie complet\u0103: aerul circul\u0103 liber, ceea ce protejeaz\u0103 ochelarii de aburire<\/li>\n<li>Vedere panoramic\u0103 datorit\u0103 suprafe\u021bei largi a ochelarilor: ve\u021bi putea acoperi c\u00e2mpul vizual maxim<\/li>\n<li>Lentilele au un strat colorat \u00een oglind\u0103 \u0219i sunt u\u0219oare \u0219i rezistente la spargere.<\/li>\n<li>Material moale pe t\u00e2mple pentru a preveni lipirea ochelarilor de p\u0103r, men\u021bin\u00e2ndu-i \u00een acela\u0219i timp bine fixa\u021bi.<\/li>\n<\/ul>\n<h3>Caracteristici<\/h3>\n<ul>\n<li>Lentile &#8212; Reactiv Performance<\/li>\n<li>Categoria de protec\u021bie UV: 1-3 (25 &#8212; 83% transmisie a luminii)<\/li>\n<li>L\u0103\u021bimea lentilei &#8212; 126 mm<\/li>\n<li>Lungimea obturatorului &#8212; 131 mm<\/li>\n<li>Suport &#8212; 14 mm<\/li>\n<li>Scop &#8212; ciclism \/ alergare \/ schi \/ alte sporturi de vitez\u0103<\/li>\n<li>Model &#8212; unisex<\/li>\n<\/ul>\n<h3>Tehnologie<\/h3>\n<ul>\n<li><strong>Reactiv Performance<\/strong> &#8212; este o tehnologie prin care lentilele se adapteaz\u0103 la toate condi\u021biile de iluminare \u00een func\u021bie de intensitatea radia\u021biilor UV, devenind mai \u00eentunecate sau mai deschise. Stratul special anticearc\u0103n previne aburirea, amprentele, faciliteaz\u0103 cur\u0103\u021barea petelor, asigur\u0103 scurgerea pic\u0103turilor de ap\u0103 \u0219i garanteaz\u0103 durabilitate maxim\u0103.<\/li>\n<li><strong>3DFit Nose<\/strong> &#8212; datorit\u0103 aripilor, care pot fi ajustate la orice unghi, ochelarii se adapteaz\u0103 la orice tip de nas, asigur\u00e2nd o potrivire perfect\u0103 \u00een toate circumstan\u021bele.<\/li>\n<li><strong>Grip Tech<\/strong> &#8212; material exclusiv moale pe t\u00e2mple, care nu se lipe\u0219te de p\u0103r, oferind suport \u0219i confort absolut.<\/li>\n<li><strong>Full Venting<\/strong> &#8212; structura foarte aerisit\u0103 a ochelarilor de soare asigur\u0103 circula\u021bia complet\u0103 a aerului \u0219i previne aburirea.<\/li>\n<li><strong>Panoramic<\/strong> &#8212; suprafa\u021b\u0103 mare a lentilei pentru vizibilitate maxim\u0103.<\/li>\n<li><strong>Air Link Temple System<\/strong> &#8212; aceast\u0103 inser\u021bie de elastomer care absoarbe \u0219ocurile la cap\u0103tul c\u0103tu\u0219ei ofer\u0103 un confort \u0219i o u\u0219urin\u021b\u0103 sporite.<\/li>\n<\/ul>\n<h3>Marca<\/h3>\n<p>Julbo este un brand francez de renume mondial care produce ochelari de sport de \u00eenalt\u0103 calitate, ochelari pentru sporturi nautice, ochelari pentru alpinism la mare altitudine, m\u0103\u0219ti pentru sporturi de iarn\u0103, c\u0103\u0219ti de schi \u0219i multe altele. Aceast\u0103 companie are o istorie de peste 130 de ani, iar \u00een acest timp s-a dezvoltat de la o mic\u0103 firm\u0103 de familie la un juc\u0103tor important pe pia\u021ba global\u0103. Julbo a devenit un veritabil expert \u0219i un punct de referin\u021b\u0103 \u00een dezvoltarea opticii pentru utilizarea \u00een condi\u021bii extreme. Experien\u021ba acumulat\u0103 de-a lungul anilor, tehnologiile inovatoare \u0219i cooperarea cu sportivii au dus la o gam\u0103 larg\u0103 de produse care au c\u00e2\u0219tigat o mare popularitate \u00een \u00eentreaga lume.<\/p>\n<p><\/p>\n<\/div>","protected":false},"excerpt":{"rendered":"","protected":false},"featured_media":40766,"comment_status":"open","ping_status":"closed","template":"","meta":{"_acf_changed":false,"inline_featured_image":false},"product_brand":[1294],"product_cat":[238],"product_tag":[],"class_list":{"0":"post-40654","1":"product","2":"type-product","3":"status-publish","4":"has-post-thumbnail","6":"product_brand-julbo","7":"product_cat-sunglasses-julbo","9":"first","10":"instock","11":"sale","12":"shipping-taxable","13":"purchasable","14":"product-type-simple"},"acf":[],"yoast_head":"<!-- This site is optimized with the Yoast SEO plugin v27.2 - https:\/\/yoast.com\/product\/yoast-seo-wordpress\/ -->\n<title>\u041e\u0447\u043a\u0438 Julbo Aerolite Black\/Red RV P1-3LAF - \u041c\u0430\u0433\u0430\u0437\u0438\u043d Xstyle<\/title>\n<meta name=\"description\" content=\"\u041e\u0447\u043a\u0438 Julbo Aerolite Black\/Red RV P1-3LAF \u0438\u0434\u0435\u0430\u043b\u044c\u043d\u043e \u043f\u043e\u0434\u0445\u043e\u0434\u044f\u0442 \u0434\u043b\u044f \u0430\u043a\u0442\u0438\u0432\u043d\u043e\u0433\u043e \u043e\u0442\u0434\u044b\u0445\u0430: \u0437\u0430\u0449\u0438\u0442\u0430 \u043e\u0442 UV, \u0441\u0438\u0441\u0442\u0435\u043c\u0430 \u0432\u0435\u043d\u0442\u0438\u043b\u044f\u0446\u0438\u0438 \u0438 \u0432\u043f\u0435\u0447\u0430\u0442\u043b\u044f\u044e\u0449\u0438\u0439 \u043f\u0430\u043d\u043e\u0440\u0430\u043c\u043d\u044b\u0439 \u043e\u0431\u0437\u043e\u0440.\" \/>\n<meta name=\"robots\" content=\"index, follow, max-snippet:-1, max-image-preview:large, max-video-preview:-1\" \/>\n<link rel=\"canonical\" href=\"https:\/\/xstyle.md\/ro\/produs\/ochki-julbo-aerolite-black-red-rv-p1-3laf\/\" \/>\n<meta property=\"og:locale\" content=\"ro_RO\" \/>\n<meta property=\"og:type\" content=\"article\" \/>\n<meta property=\"og:title\" content=\"\u041e\u0447\u043a\u0438 Julbo Aerolite Black\/Red RV P1-3LAF - \u041c\u0430\u0433\u0430\u0437\u0438\u043d Xstyle\" \/>\n<meta property=\"og:description\" content=\"\u041e\u0447\u043a\u0438 Julbo Aerolite Black\/Red RV P1-3LAF \u0438\u0434\u0435\u0430\u043b\u044c\u043d\u043e \u043f\u043e\u0434\u0445\u043e\u0434\u044f\u0442 \u0434\u043b\u044f \u0430\u043a\u0442\u0438\u0432\u043d\u043e\u0433\u043e \u043e\u0442\u0434\u044b\u0445\u0430: \u0437\u0430\u0449\u0438\u0442\u0430 \u043e\u0442 UV, \u0441\u0438\u0441\u0442\u0435\u043c\u0430 \u0432\u0435\u043d\u0442\u0438\u043b\u044f\u0446\u0438\u0438 \u0438 \u0432\u043f\u0435\u0447\u0430\u0442\u043b\u044f\u044e\u0449\u0438\u0439 \u043f\u0430\u043d\u043e\u0440\u0430\u043c\u043d\u044b\u0439 \u043e\u0431\u0437\u043e\u0440.\" \/>\n<meta property=\"og:url\" content=\"https:\/\/xstyle.md\/ro\/produs\/ochki-julbo-aerolite-black-red-rv-p1-3laf\/\" \/>\n<meta property=\"og:site_name\" content=\"\u041c\u0430\u0433\u0430\u0437\u0438\u043d Xstyle\" \/>\n<meta property=\"article:publisher\" content=\"https:\/\/www.facebook.com\/xstylemd\" \/>\n<meta property=\"article:modified_time\" content=\"2024-12-23T14:42:45+00:00\" \/>\n<meta property=\"og:image\" content=\"https:\/\/xstyle.md\/wp-content\/uploads\/2021\/10\/julbo-aerolite-blackred-rv-p1-3laf.jpg\" \/>\n\t<meta property=\"og:image:width\" content=\"1250\" \/>\n\t<meta property=\"og:image:height\" content=\"1250\" \/>\n\t<meta property=\"og:image:type\" content=\"image\/jpeg\" \/>\n<meta name=\"twitter:card\" content=\"summary_large_image\" \/>\n<meta name=\"twitter:label1\" content=\"Pre\u021b\" \/>\n\t<meta name=\"twitter:data1\" content=\"2.792&nbsp;MDL\" \/>\n\t<meta name=\"twitter:label2\" content=\"Disponibilitate\" \/>\n\t<meta name=\"twitter:data2\" content=\"\u00cen stoc\" \/>\n<script type=\"application\/ld+json\" class=\"yoast-schema-graph\">{\"@context\":\"https:\/\/schema.org\",\"@graph\":[{\"@type\":\"WebPage\",\"@id\":\"https:\/\/xstyle.md\/product\/ochki-julbo-aerolite-black-red-rv-p1-3laf\/\",\"url\":\"https:\/\/xstyle.md\/product\/ochki-julbo-aerolite-black-red-rv-p1-3laf\/\",\"name\":\"\u041e\u0447\u043a\u0438 Julbo Aerolite Black\/Red RV P1-3LAF - \u041c\u0430\u0433\u0430\u0437\u0438\u043d Xstyle\",\"isPartOf\":{\"@id\":\"https:\/\/xstyle.md\/#website\"},\"primaryImageOfPage\":{\"@id\":\"https:\/\/xstyle.md\/product\/ochki-julbo-aerolite-black-red-rv-p1-3laf\/#primaryimage\"},\"image\":{\"@id\":\"https:\/\/xstyle.md\/product\/ochki-julbo-aerolite-black-red-rv-p1-3laf\/#primaryimage\"},\"thumbnailUrl\":\"https:\/\/xstyle.md\/wp-content\/uploads\/2021\/10\/julbo-aerolite-blackred-rv-p1-3laf.jpg\",\"datePublished\":\"2021-10-11T13:33:05+00:00\",\"dateModified\":\"2024-12-23T14:42:45+00:00\",\"description\":\"\u041e\u0447\u043a\u0438 Julbo Aerolite Black\/Red RV P1-3LAF \u0438\u0434\u0435\u0430\u043b\u044c\u043d\u043e \u043f\u043e\u0434\u0445\u043e\u0434\u044f\u0442 \u0434\u043b\u044f \u0430\u043a\u0442\u0438\u0432\u043d\u043e\u0433\u043e \u043e\u0442\u0434\u044b\u0445\u0430: \u0437\u0430\u0449\u0438\u0442\u0430 \u043e\u0442 UV, \u0441\u0438\u0441\u0442\u0435\u043c\u0430 \u0432\u0435\u043d\u0442\u0438\u043b\u044f\u0446\u0438\u0438 \u0438 \u0432\u043f\u0435\u0447\u0430\u0442\u043b\u044f\u044e\u0449\u0438\u0439 \u043f\u0430\u043d\u043e\u0440\u0430\u043c\u043d\u044b\u0439 \u043e\u0431\u0437\u043e\u0440.\",\"breadcrumb\":{\"@id\":\"https:\/\/xstyle.md\/product\/ochki-julbo-aerolite-black-red-rv-p1-3laf\/#breadcrumb\"},\"inLanguage\":\"ro-RO\",\"potentialAction\":[{\"@type\":\"ReadAction\",\"target\":[\"https:\/\/xstyle.md\/product\/ochki-julbo-aerolite-black-red-rv-p1-3laf\/\"]}]},{\"@type\":\"ImageObject\",\"inLanguage\":\"ro-RO\",\"@id\":\"https:\/\/xstyle.md\/product\/ochki-julbo-aerolite-black-red-rv-p1-3laf\/#primaryimage\",\"url\":\"https:\/\/xstyle.md\/wp-content\/uploads\/2021\/10\/julbo-aerolite-blackred-rv-p1-3laf.jpg\",\"contentUrl\":\"https:\/\/xstyle.md\/wp-content\/uploads\/2021\/10\/julbo-aerolite-blackred-rv-p1-3laf.jpg\",\"width\":1250,\"height\":1250,\"caption\":\"\u0422\u0430\u043c\u043f\u043b\u0438\u043a\u0438 \u0434\u043b\u044f \u0430\u043a\u0442\u0438\u0432\u043d\u043e\u0433\u043e \u043e\u0442\u0434\u044b\u0445\u0430 \u0438 \u043f\u0443\u0442\u0435\u0448\u0435\u0441\u0442\u0432\u0438\u0439 \u043e\u0447\u043a\u0438 Julbo Aerolite \u0447\u0435\u0440\u043d\u043e-\u043a\u0440\u0430\u0441\u043d\u044b\u0435 \u0434\u043b\u044f \u043f\u043e\u0445\u043e\u0434\u043e\u0432 \u0430\u043b\u044c\u043f\u0438\u043d\u0438\u0437\u043c\u0430 \u0438 \u0441\u043f\u043e\u0440\u0442\u0442\u0443\u0440\u0438\u0437\u043c\u0430 \u0432 \u043c\u0430\u0433\u0430\u0437\u0438\u043d\u0435 \u0441 \u044d\u043a\u0438\u043f\u0438\u0440\u043e\u0432\u043a\u043e\u0439 \u0434\u043b\u044f \u0430\u043a\u0442\u0438\u0432\u043d\u043e\u0439 \u0436\u0438\u0437\u043d\u0438\"},{\"@type\":\"BreadcrumbList\",\"@id\":\"https:\/\/xstyle.md\/product\/ochki-julbo-aerolite-black-red-rv-p1-3laf\/#breadcrumb\",\"itemListElement\":[{\"@type\":\"ListItem\",\"position\":1,\"name\":\"\u0413\u043b\u0430\u0432\u043d\u0430\u044f \u0441\u0442\u0440\u0430\u043d\u0438\u0446\u0430\",\"item\":\"https:\/\/xstyle.md\/\"},{\"@type\":\"ListItem\",\"position\":2,\"name\":\"\u041c\u0430\u0433\u0430\u0437\u0438\u043d\",\"item\":\"https:\/\/xstyle.md\/shop\/\"},{\"@type\":\"ListItem\",\"position\":3,\"name\":\"\u041e\u0447\u043a\u0438 Julbo Aerolite Black\/Red RV P1-3LAF\"}]},{\"@type\":\"WebSite\",\"@id\":\"https:\/\/xstyle.md\/#website\",\"url\":\"https:\/\/xstyle.md\/\",\"name\":\"\u041c\u0430\u0433\u0430\u0437\u0438\u043d Xstyle\",\"description\":\"C\u043d\u0430\u0440\u044f\u0436\u0435\u043d\u0438\u0435 \u0434\u043b\u044f \u0442\u0443\u0440\u0438\u0437\u043c\u0430 \u0438 \u044d\u043a\u0441\u0442\u0440\u0435\u043c\u0430\u043b\u044c\u043d\u044b\u0445 \u0432\u0438\u0434\u043e\u0432 \u0441\u043f\u043e\u0440\u0442\u0430 \u0432 \u041c\u043e\u043b\u0434\u043e\u0432\u0435.. \u0426\u0435\u043d\u044b, \u0444\u043e\u0442\u043e, \u0445\u0430\u0440\u0430\u043a\u0442\u0435\u0440\u0438\u0441\u0442\u0438\u043a\u0438 \u0432 \u041c\u043e\u043b\u0434\u043e\u0432\u0435.\",\"publisher\":{\"@id\":\"https:\/\/xstyle.md\/#organization\"},\"alternateName\":\"X-Style\",\"potentialAction\":[{\"@type\":\"SearchAction\",\"target\":{\"@type\":\"EntryPoint\",\"urlTemplate\":\"https:\/\/xstyle.md\/?s={search_term_string}\"},\"query-input\":{\"@type\":\"PropertyValueSpecification\",\"valueRequired\":true,\"valueName\":\"search_term_string\"}}],\"inLanguage\":\"ro-RO\"},{\"@type\":\"Organization\",\"@id\":\"https:\/\/xstyle.md\/#organization\",\"name\":\"\u041c\u0430\u0433\u0430\u0437\u0438\u043d Xstyle\",\"alternateName\":\"x-style\",\"url\":\"https:\/\/xstyle.md\/\",\"logo\":{\"@type\":\"ImageObject\",\"inLanguage\":\"ro-RO\",\"@id\":\"https:\/\/xstyle.md\/#\/schema\/logo\/image\/\",\"url\":\"https:\/\/xstyle.md\/wp-content\/uploads\/2020\/06\/logoicon.svg\",\"contentUrl\":\"https:\/\/xstyle.md\/wp-content\/uploads\/2020\/06\/logoicon.svg\",\"caption\":\"\u041c\u0430\u0433\u0430\u0437\u0438\u043d Xstyle\"},\"image\":{\"@id\":\"https:\/\/xstyle.md\/#\/schema\/logo\/image\/\"},\"sameAs\":[\"https:\/\/www.facebook.com\/xstylemd\",\"https:\/\/www.instagram.com\/xstyle_md\/\",\"https:\/\/t.me\/xstyle_outdoor\"],\"hasMerchantReturnPolicy\":{\"@type\":\"MerchantReturnPolicy\",\"merchantReturnLink\":\"https:\/\/xstyle.md\/ro\/conditions\/\"}}]}<\/script>\n<meta property=\"product:price:amount\" content=\"2792.00\" \/>\n<meta property=\"product:price:currency\" content=\"MDL\" \/>\n<meta property=\"og:availability\" content=\"instock\" \/>\n<meta property=\"product:availability\" content=\"instock\" \/>\n<meta property=\"product:retailer_item_id\" content=\"3660576299917\" \/>\n<meta property=\"product:condition\" content=\"new\" \/>\n<!-- \/ Yoast SEO plugin. -->","yoast_head_json":{"title":"Ochelari Julbo Aerolite Black\/Red RV P1-3LAF - Magazin Xstyle","description":"Ochelarii Julbo Aerolite Black\/Red RV P1-3LAF sunt perfecti pentru activit\u0103\u021bi \u00een aer liber: protec\u021bie UV, sistem de ventila\u021bie \u0219i o panoram\u0103 impresionant\u0103.","robots":{"index":"index","follow":"follow","max-snippet":"max-snippet:-1","max-image-preview":"max-image-preview:large","max-video-preview":"max-video-preview:-1"},"canonical":"https:\/\/xstyle.md\/ro\/produs\/ochki-julbo-aerolite-black-red-rv-p1-3laf\/","og_locale":"ro_RO","og_type":"article","og_title":"\u041e\u0447\u043a\u0438 Julbo Aerolite Black\/Red RV P1-3LAF - \u041c\u0430\u0433\u0430\u0437\u0438\u043d Xstyle","og_description":"\u041e\u0447\u043a\u0438 Julbo Aerolite Black\/Red RV P1-3LAF \u0438\u0434\u0435\u0430\u043b\u044c\u043d\u043e \u043f\u043e\u0434\u0445\u043e\u0434\u044f\u0442 \u0434\u043b\u044f \u0430\u043a\u0442\u0438\u0432\u043d\u043e\u0433\u043e \u043e\u0442\u0434\u044b\u0445\u0430: \u0437\u0430\u0449\u0438\u0442\u0430 \u043e\u0442 UV, \u0441\u0438\u0441\u0442\u0435\u043c\u0430 \u0432\u0435\u043d\u0442\u0438\u043b\u044f\u0446\u0438\u0438 \u0438 \u0432\u043f\u0435\u0447\u0430\u0442\u043b\u044f\u044e\u0449\u0438\u0439 \u043f\u0430\u043d\u043e\u0440\u0430\u043c\u043d\u044b\u0439 \u043e\u0431\u0437\u043e\u0440.","og_url":"https:\/\/xstyle.md\/ro\/produs\/ochki-julbo-aerolite-black-red-rv-p1-3laf\/","og_site_name":"\u041c\u0430\u0433\u0430\u0437\u0438\u043d Xstyle","article_publisher":"https:\/\/www.facebook.com\/xstylemd","article_modified_time":"2024-12-23T14:42:45+00:00","og_image":[{"width":1250,"height":1250,"url":"https:\/\/xstyle.md\/wp-content\/uploads\/2021\/10\/julbo-aerolite-blackred-rv-p1-3laf.jpg","type":"image\/jpeg"}],"twitter_card":"summary_large_image","twitter_misc":{"Pre\u021b":"2.792&nbsp;MDL","Disponibilitate":"\u00cen stoc"},"schema":{"@context":"https:\/\/schema.org","@graph":[{"@type":"WebPage","@id":"https:\/\/xstyle.md\/product\/ochki-julbo-aerolite-black-red-rv-p1-3laf\/","url":"https:\/\/xstyle.md\/product\/ochki-julbo-aerolite-black-red-rv-p1-3laf\/","name":"Ochelari Julbo Aerolite Black\/Red RV P1-3LAF - Magazin Xstyle","isPartOf":{"@id":"https:\/\/xstyle.md\/#website"},"primaryImageOfPage":{"@id":"https:\/\/xstyle.md\/product\/ochki-julbo-aerolite-black-red-rv-p1-3laf\/#primaryimage"},"image":{"@id":"https:\/\/xstyle.md\/product\/ochki-julbo-aerolite-black-red-rv-p1-3laf\/#primaryimage"},"thumbnailUrl":"https:\/\/xstyle.md\/wp-content\/uploads\/2021\/10\/julbo-aerolite-blackred-rv-p1-3laf.jpg","datePublished":"2021-10-11T13:33:05+00:00","dateModified":"2024-12-23T14:42:45+00:00","description":"Ochelarii Julbo Aerolite Black\/Red RV P1-3LAF sunt perfecti pentru activit\u0103\u021bi \u00een aer liber: protec\u021bie UV, sistem de ventila\u021bie \u0219i o panoram\u0103 impresionant\u0103.","breadcrumb":{"@id":"https:\/\/xstyle.md\/product\/ochki-julbo-aerolite-black-red-rv-p1-3laf\/#breadcrumb"},"inLanguage":"ro-RO","potentialAction":[{"@type":"ReadAction","target":["https:\/\/xstyle.md\/product\/ochki-julbo-aerolite-black-red-rv-p1-3laf\/"]}]},{"@type":"ImageObject","inLanguage":"ro-RO","@id":"https:\/\/xstyle.md\/product\/ochki-julbo-aerolite-black-red-rv-p1-3laf\/#primaryimage","url":"https:\/\/xstyle.md\/wp-content\/uploads\/2021\/10\/julbo-aerolite-blackred-rv-p1-3laf.jpg","contentUrl":"https:\/\/xstyle.md\/wp-content\/uploads\/2021\/10\/julbo-aerolite-blackred-rv-p1-3laf.jpg","width":1250,"height":1250,"caption":"\u0422\u0430\u043c\u043f\u043b\u0438\u043a\u0438 \u0434\u043b\u044f \u0430\u043a\u0442\u0438\u0432\u043d\u043e\u0433\u043e \u043e\u0442\u0434\u044b\u0445\u0430 \u0438 \u043f\u0443\u0442\u0435\u0448\u0435\u0441\u0442\u0432\u0438\u0439 \u043e\u0447\u043a\u0438 Julbo Aerolite \u0447\u0435\u0440\u043d\u043e-\u043a\u0440\u0430\u0441\u043d\u044b\u0435 \u0434\u043b\u044f \u043f\u043e\u0445\u043e\u0434\u043e\u0432 \u0430\u043b\u044c\u043f\u0438\u043d\u0438\u0437\u043c\u0430 \u0438 \u0441\u043f\u043e\u0440\u0442\u0442\u0443\u0440\u0438\u0437\u043c\u0430 \u0432 \u043c\u0430\u0433\u0430\u0437\u0438\u043d\u0435 \u0441 \u044d\u043a\u0438\u043f\u0438\u0440\u043e\u0432\u043a\u043e\u0439 \u0434\u043b\u044f \u0430\u043a\u0442\u0438\u0432\u043d\u043e\u0439 \u0436\u0438\u0437\u043d\u0438"},{"@type":"BreadcrumbList","@id":"https:\/\/xstyle.md\/product\/ochki-julbo-aerolite-black-red-rv-p1-3laf\/#breadcrumb","itemListElement":[{"@type":"ListItem","position":1,"name":"\u0413\u043b\u0430\u0432\u043d\u0430\u044f \u0441\u0442\u0440\u0430\u043d\u0438\u0446\u0430","item":"https:\/\/xstyle.md\/"},{"@type":"ListItem","position":2,"name":"\u041c\u0430\u0433\u0430\u0437\u0438\u043d","item":"https:\/\/xstyle.md\/shop\/"},{"@type":"ListItem","position":3,"name":"\u041e\u0447\u043a\u0438 Julbo Aerolite Black\/Red RV P1-3LAF"}]},{"@type":"WebSite","@id":"https:\/\/xstyle.md\/#website","url":"https:\/\/xstyle.md\/","name":"Magazinul X-Style","description":"Echipamente pentru turism \u0219i sporturi extreme \u00een Moldova. Pre\u021buri, fotografii, caracteristici \u00een Moldova.","publisher":{"@id":"https:\/\/xstyle.md\/#organization"},"alternateName":"X-Style","potentialAction":[{"@type":"SearchAction","target":{"@type":"EntryPoint","urlTemplate":"https:\/\/xstyle.md\/?s={search_term_string}"},"query-input":{"@type":"PropertyValueSpecification","valueRequired":true,"valueName":"search_term_string"}}],"inLanguage":"ro-RO"},{"@type":"Organization","@id":"https:\/\/xstyle.md\/#organization","name":"Magazinul X-Style","alternateName":"x-style","url":"https:\/\/xstyle.md\/","logo":{"@type":"ImageObject","inLanguage":"ro-RO","@id":"https:\/\/xstyle.md\/#\/schema\/logo\/image\/","url":"https:\/\/xstyle.md\/wp-content\/uploads\/2020\/06\/logoicon.svg","contentUrl":"https:\/\/xstyle.md\/wp-content\/uploads\/2020\/06\/logoicon.svg","caption":"\u041c\u0430\u0433\u0430\u0437\u0438\u043d Xstyle"},"image":{"@id":"https:\/\/xstyle.md\/#\/schema\/logo\/image\/"},"sameAs":["https:\/\/www.facebook.com\/xstylemd","https:\/\/www.instagram.com\/xstyle_md\/","https:\/\/t.me\/xstyle_outdoor"],"hasMerchantReturnPolicy":{"@type":"MerchantReturnPolicy","merchantReturnLink":"https:\/\/xstyle.md\/ro\/conditions\/"}}]},"product_price_amount":"2792.00","product_price_currency":"MDL","og_availability":"instock","product_availability":"instock","product_retailer_item_id":"3660576299917","product_condition":"new"},"post_mailing_queue_ids":[],"_links":{"self":[{"href":"https:\/\/xstyle.md\/ro\/wp-json\/wp\/v2\/product\/40654","targetHints":{"allow":["GET"]}}],"collection":[{"href":"https:\/\/xstyle.md\/ro\/wp-json\/wp\/v2\/product"}],"about":[{"href":"https:\/\/xstyle.md\/ro\/wp-json\/wp\/v2\/types\/product"}],"replies":[{"embeddable":true,"href":"https:\/\/xstyle.md\/ro\/wp-json\/wp\/v2\/comments?post=40654"}],"wp:featuredmedia":[{"embeddable":true,"href":"https:\/\/xstyle.md\/ro\/wp-json\/wp\/v2\/media\/40766"}],"wp:attachment":[{"href":"https:\/\/xstyle.md\/ro\/wp-json\/wp\/v2\/media?parent=40654"}],"wp:term":[{"taxonomy":"product_brand","embeddable":true,"href":"https:\/\/xstyle.md\/ro\/wp-json\/wp\/v2\/product_brand?post=40654"},{"taxonomy":"product_cat","embeddable":true,"href":"https:\/\/xstyle.md\/ro\/wp-json\/wp\/v2\/product_cat?post=40654"},{"taxonomy":"product_tag","embeddable":true,"href":"https:\/\/xstyle.md\/ro\/wp-json\/wp\/v2\/product_tag?post=40654"}],"curies":[{"name":"wp","href":"https:\/\/api.w.org\/{rel}","templated":true}]}}