{"id":40482,"date":"2021-10-02T17:19:02","date_gmt":"2021-10-02T14:19:02","guid":{"rendered":"https:\/\/xstyle.md\/?post_type=product&#038;p=40482"},"modified":"2026-02-16T17:13:52","modified_gmt":"2026-02-16T14:13:52","slug":"skandinavskie-palki-masters-physique-0-5","status":"publish","type":"product","link":"https:\/\/xstyle.md\/ro\/produs\/skandinavskie-palki-masters-physique-0-5\/","title":{"rendered":"Be\u021be de Nordic Walking Masters Physique 0,5"},"content":{"rendered":"<\/p>\n<p><strong>Be\u021be pentru mersul nordic Masters Physique 0,5<\/strong> &#8212;\u00a0 \u00a0cu 0% fibr\u0103 de carbon, sunt ideale pentru cei activi \u0219i puternici, pentru mersul nordic de calitate, precum \u0219i pentru sportivii profesioni\u0219ti pentru antrenamente regulate.<\/p>\n<p>U\u0219ori \u0219i durabili datorit\u0103 utiliz\u0103rii celei mai recente tehnologii din fibr\u0103 de carbon, v\u0103 ve\u021bi sim\u021bi \u00eencrez\u0103tor \u00een orice mediu de antrenament.<\/p>\n<p>Vopseaua este laminat\u0103 pentru a-\u0219i p\u0103stra aspectul \u00een cazul \u00een care bastoanele sunt sc\u0103pate din gre\u0219eal\u0103, sunt supuse unor condi\u021bii care pot cauza zg\u00e2rieturi sau dac\u0103 v\u0103 antrena\u021bi din greu pe teren accidentat.<\/p>\n<p>M\u00e2nerul din spum\u0103 EVA Essenza Click Grip este fabricat dintr-un material moale, ergonomic \u0219i prietenos cu pielea. Proiectat pe baza experien\u021bei Asocia\u021biei italiene de mers nordic ANI. M\u00e2nerele sunt concepute special pentru a exercita m\u00e2na \u0219i \u00eencheietura m\u00e2inii \u00een timpul mersului nordic (f\u0103r\u0103 proeminen\u021be \u0219i opriri, ca la be\u021bele de trekking, care interfereaz\u0103 cu practica complet\u0103 a mersului nordic). Cureaua pentru \u00eencheietura m\u00e2inii este respirabil\u0103 \u0219i reglabil\u0103, astfel \u00eenc\u00e2t s\u0103 o pute\u021bi pune confortabil pe m\u00e2n\u0103. Se ata\u0219eaz\u0103 cu un singur clic la m\u00e2nerul bastoanelor.<\/p>\n<p>Detaliile reflectorizante de pe fiecare baston fac mai sigur\u0103 practicarea mersului nordic pe timp de sear\u0103. Fiecare baston este etichetat L (st\u00e2nga) \u0219i R (dreapta), ceea ce faciliteaz\u0103 identificarea bastoanelor din st\u00e2nga \u0219i din dreapta.<\/p>\n<p>Be\u021bele au un v\u00e2rf de carbur\u0103 special conceput, cu rezisten\u021b\u0103 sporit\u0103 la abraziune, pentru un nivel ridicat de aderen\u021b\u0103 pe toate tipurile de teren \u00een teren accidentat.<\/p>\n<h3>Particularit\u0103\u021bi<\/h3>\n<ul>\n<li>V\u00e2rful \u00een form\u0103 de ghear\u0103, pozi\u021bionat la un unghi de 45 de grade fa\u021b\u0103 de direc\u021bia de deplasare, asigur\u0103 o trac\u021biune maxim\u0103 pe toate tipurile de teren, chiar \u0219i cu o mi\u0219care minim\u0103 a m\u00e2inii cu bastonul \u00een fa\u021b\u0103.<\/li>\n<li>V\u00e2rful este potrivit pentru mersul pe suprafe\u021be moi, cum ar fi solul, iarba sau nisipul.<\/li>\n<li>Fabricat din 10% fibr\u0103 de carbon cu structur\u0103 HM (High Modulus) \u0219i un diametru de 16 mm.<\/li>\n<li>Furnizat cu suport NW cu v\u00e2rf din o\u021bel.<\/li>\n<li>Greutate redus\u0103 pentru o manevrare u\u0219oar\u0103.<\/li>\n<li>Distribu\u021bie optim\u0103 a greut\u0103\u021bii \u00een timpul mersului.<\/li>\n<\/ul>\n<h3>Caracteristici<\/h3>\n<ul>\n<li>Greutatea perechii &#8212; 300 g<\/li>\n<li>Diametru: 16mm<\/li>\n<li>Material &#8212; 50% fibr\u0103 de carbon<\/li>\n<li>M\u00e2ner &#8212; plastic<\/li>\n<li>Curea &#8212; deta\u0219abil\u0103<\/li>\n<li>V\u00e2rf &#8212; carbur\u0103.<\/li>\n<\/ul>\n<h3>Setul include<\/h3>\n<ul>\n<li>Be\u021be nordice &#8212; pereche<\/li>\n<li>V\u00e2rf din aliaj dur &#8212; pereche<\/li>\n<li>Thumper &#8212; pereche.<\/li>\n<\/ul>\n<h3>Marca<\/h3>\n<p>\u00cenfiin\u021bat\u0103 \u00een 1977 \u00een nordul Italiei, Masters este acum unul dintre cei mai importan\u021bi produc\u0103tori mondiali de bastoane de trekking, bastoane de mers nordic \u0219i accesorii. Construc\u021bia de \u00eenalt\u0103 tehnologie a betelor Masters se bazeaz\u0103 pe materiale moderne \u0219i pe o serie de solu\u021bii tehnice patentate, folosind doar cele mai bune componente de la produc\u0103torii mondiali. Toate acestea, la care se adaug\u0103 o experien\u021b\u0103 bogat\u0103, \u00eenseamn\u0103 c\u0103 Masters este capabil s\u0103 produc\u0103 un produs u\u0219or, fiabil \u0219i u\u0219or de utilizat, cu o gam\u0103 larg\u0103 de modele pentru a se potrivi tuturor.<\/p>\n<p><\/p>","protected":false},"excerpt":{"rendered":"","protected":false},"featured_media":40483,"comment_status":"open","ping_status":"closed","template":"","meta":{"_acf_changed":false,"inline_featured_image":false},"product_brand":[1326],"product_cat":[461],"product_tag":[],"class_list":{"0":"post-40482","1":"product","2":"type-product","3":"status-publish","4":"has-post-thumbnail","6":"product_brand-masters","7":"product_cat-nordic-stalpi","9":"first","10":"instock","11":"shipping-taxable","12":"purchasable","13":"product-type-simple"},"acf":[],"yoast_head":"<!-- This site is optimized with the Yoast SEO plugin v27.4 - https:\/\/yoast.com\/product\/yoast-seo-wordpress\/ -->\n<title>\u0421\u043a\u0430\u043d\u0434\u0438\u043d\u0430\u0432\u0441\u043a\u0438\u0435 \u043f\u0430\u043b\u043a\u0438 Masters Physique 0,5 - \u041c\u0430\u0433\u0430\u0437\u0438\u043d Xstyle<\/title>\n<meta name=\"description\" content=\"\u0421\u043a\u0430\u043d\u0434\u0438\u043d\u0430\u0432\u0441\u043a\u0438\u0435 \u043f\u0430\u043b\u043a\u0438 Masters Physique 0.5 \u0441 EVA Grip \u0438\u0434\u0435\u0430\u043b\u044c\u043d\u043e \u043f\u043e\u0434\u0445\u043e\u0434\u044f\u0442 \u0434\u043b\u044f \u0430\u043a\u0442\u0438\u0432\u043d\u044b\u0445 \u043b\u044e\u0434\u0435\u0439 \u0438 \u043f\u0440\u043e\u0444\u0435\u0441\u0441\u0438\u043e\u043d\u0430\u043b\u043e\u0432, \u043e\u0431\u0435\u0441\u043f\u0435\u0447\u0438\u0432\u0430\u044f \u043a\u043e\u043c\u0444\u043e\u0440\u0442 \u0438 \u043a\u0430\u0447\u0435\u0441\u0442\u0432\u043e \u0432\u043e \u0432\u0440\u0435\u043c\u044f \u0442\u0440\u0435\u043d\u0438\u0440\u043e\u0432\u043e\u043a.\" \/>\n<meta name=\"robots\" content=\"index, follow, max-snippet:-1, max-image-preview:large, max-video-preview:-1\" \/>\n<link rel=\"canonical\" href=\"https:\/\/xstyle.md\/ro\/produs\/skandinavskie-palki-masters-physique-0-5\/\" \/>\n<meta property=\"og:locale\" content=\"ro_RO\" \/>\n<meta property=\"og:type\" content=\"article\" \/>\n<meta property=\"og:title\" content=\"\u0421\u043a\u0430\u043d\u0434\u0438\u043d\u0430\u0432\u0441\u043a\u0438\u0435 \u043f\u0430\u043b\u043a\u0438 Masters Physique 0,5 - \u041c\u0430\u0433\u0430\u0437\u0438\u043d Xstyle\" \/>\n<meta property=\"og:description\" content=\"\u0421\u043a\u0430\u043d\u0434\u0438\u043d\u0430\u0432\u0441\u043a\u0438\u0435 \u043f\u0430\u043b\u043a\u0438 Masters Physique 0.5 \u0441 EVA Grip \u0438\u0434\u0435\u0430\u043b\u044c\u043d\u043e \u043f\u043e\u0434\u0445\u043e\u0434\u044f\u0442 \u0434\u043b\u044f \u0430\u043a\u0442\u0438\u0432\u043d\u044b\u0445 \u043b\u044e\u0434\u0435\u0439 \u0438 \u043f\u0440\u043e\u0444\u0435\u0441\u0441\u0438\u043e\u043d\u0430\u043b\u043e\u0432, \u043e\u0431\u0435\u0441\u043f\u0435\u0447\u0438\u0432\u0430\u044f \u043a\u043e\u043c\u0444\u043e\u0440\u0442 \u0438 \u043a\u0430\u0447\u0435\u0441\u0442\u0432\u043e \u0432\u043e \u0432\u0440\u0435\u043c\u044f \u0442\u0440\u0435\u043d\u0438\u0440\u043e\u0432\u043e\u043a.\" \/>\n<meta property=\"og:url\" content=\"https:\/\/xstyle.md\/ro\/produs\/skandinavskie-palki-masters-physique-0-5\/\" \/>\n<meta property=\"og:site_name\" content=\"\u041c\u0430\u0433\u0430\u0437\u0438\u043d Xstyle\" \/>\n<meta property=\"article:publisher\" content=\"https:\/\/www.facebook.com\/xstylemd\" \/>\n<meta property=\"article:modified_time\" content=\"2026-02-16T14:13:52+00:00\" \/>\n<meta property=\"og:image\" content=\"https:\/\/xstyle.md\/wp-content\/uploads\/2021\/10\/masters-physique-05.jpg\" \/>\n\t<meta property=\"og:image:width\" content=\"745\" \/>\n\t<meta property=\"og:image:height\" content=\"938\" \/>\n\t<meta property=\"og:image:type\" content=\"image\/jpeg\" \/>\n<meta name=\"twitter:card\" content=\"summary_large_image\" \/>\n<meta name=\"twitter:label1\" content=\"Pre\u021b\" \/>\n\t<meta name=\"twitter:data1\" content=\"1.120&nbsp;MDL\" \/>\n\t<meta name=\"twitter:label2\" content=\"Disponibilitate\" \/>\n\t<meta name=\"twitter:data2\" content=\"\u00cen stoc\" \/>\n<script type=\"application\/ld+json\" class=\"yoast-schema-graph\">{\"@context\":\"https:\\\/\\\/schema.org\",\"@graph\":[{\"@type\":\"WebPage\",\"@id\":\"https:\\\/\\\/xstyle.md\\\/product\\\/skandinavskie-palki-masters-physique-0-5\\\/\",\"url\":\"https:\\\/\\\/xstyle.md\\\/product\\\/skandinavskie-palki-masters-physique-0-5\\\/\",\"name\":\"\u0421\u043a\u0430\u043d\u0434\u0438\u043d\u0430\u0432\u0441\u043a\u0438\u0435 \u043f\u0430\u043b\u043a\u0438 Masters Physique 0,5 - \u041c\u0430\u0433\u0430\u0437\u0438\u043d Xstyle\",\"isPartOf\":{\"@id\":\"https:\\\/\\\/xstyle.md\\\/#website\"},\"primaryImageOfPage\":{\"@id\":\"https:\\\/\\\/xstyle.md\\\/product\\\/skandinavskie-palki-masters-physique-0-5\\\/#primaryimage\"},\"image\":{\"@id\":\"https:\\\/\\\/xstyle.md\\\/product\\\/skandinavskie-palki-masters-physique-0-5\\\/#primaryimage\"},\"thumbnailUrl\":\"https:\\\/\\\/xstyle.md\\\/wp-content\\\/uploads\\\/2021\\\/10\\\/masters-physique-05.jpg\",\"datePublished\":\"2021-10-02T14:19:02+00:00\",\"dateModified\":\"2026-02-16T14:13:52+00:00\",\"description\":\"\u0421\u043a\u0430\u043d\u0434\u0438\u043d\u0430\u0432\u0441\u043a\u0438\u0435 \u043f\u0430\u043b\u043a\u0438 Masters Physique 0.5 \u0441 EVA Grip \u0438\u0434\u0435\u0430\u043b\u044c\u043d\u043e \u043f\u043e\u0434\u0445\u043e\u0434\u044f\u0442 \u0434\u043b\u044f \u0430\u043a\u0442\u0438\u0432\u043d\u044b\u0445 \u043b\u044e\u0434\u0435\u0439 \u0438 \u043f\u0440\u043e\u0444\u0435\u0441\u0441\u0438\u043e\u043d\u0430\u043b\u043e\u0432, \u043e\u0431\u0435\u0441\u043f\u0435\u0447\u0438\u0432\u0430\u044f \u043a\u043e\u043c\u0444\u043e\u0440\u0442 \u0438 \u043a\u0430\u0447\u0435\u0441\u0442\u0432\u043e \u0432\u043e \u0432\u0440\u0435\u043c\u044f \u0442\u0440\u0435\u043d\u0438\u0440\u043e\u0432\u043e\u043a.\",\"breadcrumb\":{\"@id\":\"https:\\\/\\\/xstyle.md\\\/product\\\/skandinavskie-palki-masters-physique-0-5\\\/#breadcrumb\"},\"inLanguage\":\"ro-RO\",\"potentialAction\":[{\"@type\":\"ReadAction\",\"target\":[\"https:\\\/\\\/xstyle.md\\\/product\\\/skandinavskie-palki-masters-physique-0-5\\\/\"]}]},{\"@type\":\"ImageObject\",\"inLanguage\":\"ro-RO\",\"@id\":\"https:\\\/\\\/xstyle.md\\\/product\\\/skandinavskie-palki-masters-physique-0-5\\\/#primaryimage\",\"url\":\"https:\\\/\\\/xstyle.md\\\/wp-content\\\/uploads\\\/2021\\\/10\\\/masters-physique-05.jpg\",\"contentUrl\":\"https:\\\/\\\/xstyle.md\\\/wp-content\\\/uploads\\\/2021\\\/10\\\/masters-physique-05.jpg\",\"width\":745,\"height\":938,\"caption\":\"\u0410\u043a\u0442\u0438\u0432\u043d\u044b\u0435 \u0442\u043e\u0432\u0430\u0440\u044b \u0434\u043b\u044f \u043e\u043d\u043b\u0430\u0439\u043d-\u043c\u0430\u0433\u0430\u0437\u0438\u043d\u0430 \u0441\u043f\u043e\u0440\u0442\u0438\u0432\u043d\u043e\u0439 \u043e\u0434\u0435\u0436\u0434\u044b \u0438 \u043e\u0431\u0443\u0432\u0438 \u0434\u043b\u044f \u043f\u043e\u0445\u043e\u0434\u043e\u0432 \u0438 \u0442\u0443\u0440\u0438\u0437\u043c\u0430, \u0441\u043a\u0430\u043d\u0434\u0438\u043d\u0430\u0432\u0441\u043a\u0438\u0435 \u043f\u0430\u043b\u043a\u0438 Masters Physique \u0434\u043b\u044f \u0430\u043a\u0442\u0438\u0432\u043d\u043e\u0433\u043e \u043e\u0442\u0434\u044b\u0445\u0430 \u0438 \u043f\u0443\u0442\u0435\u0448\u0435\u0441\u0442\u0432\u0438\u0439\"},{\"@type\":\"BreadcrumbList\",\"@id\":\"https:\\\/\\\/xstyle.md\\\/product\\\/skandinavskie-palki-masters-physique-0-5\\\/#breadcrumb\",\"itemListElement\":[{\"@type\":\"ListItem\",\"position\":1,\"name\":\"\u0413\u043b\u0430\u0432\u043d\u0430\u044f \u0441\u0442\u0440\u0430\u043d\u0438\u0446\u0430\",\"item\":\"https:\\\/\\\/xstyle.md\\\/\"},{\"@type\":\"ListItem\",\"position\":2,\"name\":\"\u041c\u0430\u0433\u0430\u0437\u0438\u043d\",\"item\":\"https:\\\/\\\/xstyle.md\\\/shop\\\/\"},{\"@type\":\"ListItem\",\"position\":3,\"name\":\"\u0421\u043a\u0430\u043d\u0434\u0438\u043d\u0430\u0432\u0441\u043a\u0438\u0435 \u043f\u0430\u043b\u043a\u0438 Masters Physique 0,5\"}]},{\"@type\":\"WebSite\",\"@id\":\"https:\\\/\\\/xstyle.md\\\/#website\",\"url\":\"https:\\\/\\\/xstyle.md\\\/\",\"name\":\"\u041c\u0430\u0433\u0430\u0437\u0438\u043d Xstyle\",\"description\":\"C\u043d\u0430\u0440\u044f\u0436\u0435\u043d\u0438\u0435 \u0434\u043b\u044f \u0442\u0443\u0440\u0438\u0437\u043c\u0430 \u0438 \u044d\u043a\u0441\u0442\u0440\u0435\u043c\u0430\u043b\u044c\u043d\u044b\u0445 \u0432\u0438\u0434\u043e\u0432 \u0441\u043f\u043e\u0440\u0442\u0430 \u0432 \u041c\u043e\u043b\u0434\u043e\u0432\u0435.. \u0426\u0435\u043d\u044b, \u0444\u043e\u0442\u043e, \u0445\u0430\u0440\u0430\u043a\u0442\u0435\u0440\u0438\u0441\u0442\u0438\u043a\u0438 \u0432 \u041c\u043e\u043b\u0434\u043e\u0432\u0435.\",\"publisher\":{\"@id\":\"https:\\\/\\\/xstyle.md\\\/#organization\"},\"alternateName\":\"X-Style\",\"potentialAction\":[{\"@type\":\"SearchAction\",\"target\":{\"@type\":\"EntryPoint\",\"urlTemplate\":\"https:\\\/\\\/xstyle.md\\\/?s={search_term_string}\"},\"query-input\":{\"@type\":\"PropertyValueSpecification\",\"valueRequired\":true,\"valueName\":\"search_term_string\"}}],\"inLanguage\":\"ro-RO\"},{\"@type\":\"Organization\",\"@id\":\"https:\\\/\\\/xstyle.md\\\/#organization\",\"name\":\"\u041c\u0430\u0433\u0430\u0437\u0438\u043d Xstyle\",\"alternateName\":\"x-style\",\"url\":\"https:\\\/\\\/xstyle.md\\\/\",\"logo\":{\"@type\":\"ImageObject\",\"inLanguage\":\"ro-RO\",\"@id\":\"https:\\\/\\\/xstyle.md\\\/#\\\/schema\\\/logo\\\/image\\\/\",\"url\":\"https:\\\/\\\/xstyle.md\\\/wp-content\\\/uploads\\\/2020\\\/06\\\/logoicon.svg\",\"contentUrl\":\"https:\\\/\\\/xstyle.md\\\/wp-content\\\/uploads\\\/2020\\\/06\\\/logoicon.svg\",\"caption\":\"\u041c\u0430\u0433\u0430\u0437\u0438\u043d Xstyle\"},\"image\":{\"@id\":\"https:\\\/\\\/xstyle.md\\\/#\\\/schema\\\/logo\\\/image\\\/\"},\"sameAs\":[\"https:\\\/\\\/www.facebook.com\\\/xstylemd\",\"https:\\\/\\\/www.instagram.com\\\/xstyle_md\\\/\",\"https:\\\/\\\/t.me\\\/xstyle_outdoor\"],\"hasMerchantReturnPolicy\":{\"@type\":\"MerchantReturnPolicy\",\"merchantReturnLink\":\"https:\\\/\\\/xstyle.md\\\/ro\\\/conditions\\\/\"}}]}<\/script>\n<meta property=\"product:price:amount\" content=\"1120.00\" \/>\n<meta property=\"product:price:currency\" content=\"MDL\" \/>\n<meta property=\"og:availability\" content=\"instock\" \/>\n<meta property=\"product:availability\" content=\"instock\" \/>\n<meta property=\"product:retailer_item_id\" content=\"8023349003992\" \/>\n<meta property=\"product:condition\" content=\"new\" \/>\n<!-- \/ Yoast SEO plugin. -->","yoast_head_json":{"title":"Bastoane scandinave Masters Physique 0,5 - Magazin Xstyle","description":"Bastonele scandinave Masters Physique 0.5 cu grip din EVA sunt ideale pentru persoanele active \u0219i profesioni\u0219ti, oferind confort \u0219i calitate \u00een timpul antrenamentelor.","robots":{"index":"index","follow":"follow","max-snippet":"max-snippet:-1","max-image-preview":"max-image-preview:large","max-video-preview":"max-video-preview:-1"},"canonical":"https:\/\/xstyle.md\/ro\/produs\/skandinavskie-palki-masters-physique-0-5\/","og_locale":"ro_RO","og_type":"article","og_title":"\u0421\u043a\u0430\u043d\u0434\u0438\u043d\u0430\u0432\u0441\u043a\u0438\u0435 \u043f\u0430\u043b\u043a\u0438 Masters Physique 0,5 - \u041c\u0430\u0433\u0430\u0437\u0438\u043d Xstyle","og_description":"\u0421\u043a\u0430\u043d\u0434\u0438\u043d\u0430\u0432\u0441\u043a\u0438\u0435 \u043f\u0430\u043b\u043a\u0438 Masters Physique 0.5 \u0441 EVA Grip \u0438\u0434\u0435\u0430\u043b\u044c\u043d\u043e \u043f\u043e\u0434\u0445\u043e\u0434\u044f\u0442 \u0434\u043b\u044f \u0430\u043a\u0442\u0438\u0432\u043d\u044b\u0445 \u043b\u044e\u0434\u0435\u0439 \u0438 \u043f\u0440\u043e\u0444\u0435\u0441\u0441\u0438\u043e\u043d\u0430\u043b\u043e\u0432, \u043e\u0431\u0435\u0441\u043f\u0435\u0447\u0438\u0432\u0430\u044f \u043a\u043e\u043c\u0444\u043e\u0440\u0442 \u0438 \u043a\u0430\u0447\u0435\u0441\u0442\u0432\u043e \u0432\u043e \u0432\u0440\u0435\u043c\u044f \u0442\u0440\u0435\u043d\u0438\u0440\u043e\u0432\u043e\u043a.","og_url":"https:\/\/xstyle.md\/ro\/produs\/skandinavskie-palki-masters-physique-0-5\/","og_site_name":"\u041c\u0430\u0433\u0430\u0437\u0438\u043d Xstyle","article_publisher":"https:\/\/www.facebook.com\/xstylemd","article_modified_time":"2026-02-16T14:13:52+00:00","og_image":[{"width":745,"height":938,"url":"https:\/\/xstyle.md\/wp-content\/uploads\/2021\/10\/masters-physique-05.jpg","type":"image\/jpeg"}],"twitter_card":"summary_large_image","twitter_misc":{"Pre\u021b":"1.120&nbsp;MDL","Disponibilitate":"\u00cen stoc"},"schema":{"@context":"https:\/\/schema.org","@graph":[{"@type":"WebPage","@id":"https:\/\/xstyle.md\/product\/skandinavskie-palki-masters-physique-0-5\/","url":"https:\/\/xstyle.md\/product\/skandinavskie-palki-masters-physique-0-5\/","name":"Bastoane scandinave Masters Physique 0,5 - Magazin Xstyle","isPartOf":{"@id":"https:\/\/xstyle.md\/#website"},"primaryImageOfPage":{"@id":"https:\/\/xstyle.md\/product\/skandinavskie-palki-masters-physique-0-5\/#primaryimage"},"image":{"@id":"https:\/\/xstyle.md\/product\/skandinavskie-palki-masters-physique-0-5\/#primaryimage"},"thumbnailUrl":"https:\/\/xstyle.md\/wp-content\/uploads\/2021\/10\/masters-physique-05.jpg","datePublished":"2021-10-02T14:19:02+00:00","dateModified":"2026-02-16T14:13:52+00:00","description":"Bastonele scandinave Masters Physique 0.5 cu grip din EVA sunt ideale pentru persoanele active \u0219i profesioni\u0219ti, oferind confort \u0219i calitate \u00een timpul antrenamentelor.","breadcrumb":{"@id":"https:\/\/xstyle.md\/product\/skandinavskie-palki-masters-physique-0-5\/#breadcrumb"},"inLanguage":"ro-RO","potentialAction":[{"@type":"ReadAction","target":["https:\/\/xstyle.md\/product\/skandinavskie-palki-masters-physique-0-5\/"]}]},{"@type":"ImageObject","inLanguage":"ro-RO","@id":"https:\/\/xstyle.md\/product\/skandinavskie-palki-masters-physique-0-5\/#primaryimage","url":"https:\/\/xstyle.md\/wp-content\/uploads\/2021\/10\/masters-physique-05.jpg","contentUrl":"https:\/\/xstyle.md\/wp-content\/uploads\/2021\/10\/masters-physique-05.jpg","width":745,"height":938,"caption":"\u0410\u043a\u0442\u0438\u0432\u043d\u044b\u0435 \u0442\u043e\u0432\u0430\u0440\u044b \u0434\u043b\u044f \u043e\u043d\u043b\u0430\u0439\u043d-\u043c\u0430\u0433\u0430\u0437\u0438\u043d\u0430 \u0441\u043f\u043e\u0440\u0442\u0438\u0432\u043d\u043e\u0439 \u043e\u0434\u0435\u0436\u0434\u044b \u0438 \u043e\u0431\u0443\u0432\u0438 \u0434\u043b\u044f \u043f\u043e\u0445\u043e\u0434\u043e\u0432 \u0438 \u0442\u0443\u0440\u0438\u0437\u043c\u0430, \u0441\u043a\u0430\u043d\u0434\u0438\u043d\u0430\u0432\u0441\u043a\u0438\u0435 \u043f\u0430\u043b\u043a\u0438 Masters Physique \u0434\u043b\u044f \u0430\u043a\u0442\u0438\u0432\u043d\u043e\u0433\u043e \u043e\u0442\u0434\u044b\u0445\u0430 \u0438 \u043f\u0443\u0442\u0435\u0448\u0435\u0441\u0442\u0432\u0438\u0439"},{"@type":"BreadcrumbList","@id":"https:\/\/xstyle.md\/product\/skandinavskie-palki-masters-physique-0-5\/#breadcrumb","itemListElement":[{"@type":"ListItem","position":1,"name":"\u0413\u043b\u0430\u0432\u043d\u0430\u044f \u0441\u0442\u0440\u0430\u043d\u0438\u0446\u0430","item":"https:\/\/xstyle.md\/"},{"@type":"ListItem","position":2,"name":"\u041c\u0430\u0433\u0430\u0437\u0438\u043d","item":"https:\/\/xstyle.md\/shop\/"},{"@type":"ListItem","position":3,"name":"\u0421\u043a\u0430\u043d\u0434\u0438\u043d\u0430\u0432\u0441\u043a\u0438\u0435 \u043f\u0430\u043b\u043a\u0438 Masters Physique 0,5"}]},{"@type":"WebSite","@id":"https:\/\/xstyle.md\/#website","url":"https:\/\/xstyle.md\/","name":"Magazinul X-Style","description":"Echipamente pentru turism \u0219i sporturi extreme \u00een Moldova. Pre\u021buri, fotografii, caracteristici \u00een Moldova.","publisher":{"@id":"https:\/\/xstyle.md\/#organization"},"alternateName":"X-Style","potentialAction":[{"@type":"SearchAction","target":{"@type":"EntryPoint","urlTemplate":"https:\/\/xstyle.md\/?s={search_term_string}"},"query-input":{"@type":"PropertyValueSpecification","valueRequired":true,"valueName":"search_term_string"}}],"inLanguage":"ro-RO"},{"@type":"Organization","@id":"https:\/\/xstyle.md\/#organization","name":"Magazinul X-Style","alternateName":"x-style","url":"https:\/\/xstyle.md\/","logo":{"@type":"ImageObject","inLanguage":"ro-RO","@id":"https:\/\/xstyle.md\/#\/schema\/logo\/image\/","url":"https:\/\/xstyle.md\/wp-content\/uploads\/2020\/06\/logoicon.svg","contentUrl":"https:\/\/xstyle.md\/wp-content\/uploads\/2020\/06\/logoicon.svg","caption":"\u041c\u0430\u0433\u0430\u0437\u0438\u043d Xstyle"},"image":{"@id":"https:\/\/xstyle.md\/#\/schema\/logo\/image\/"},"sameAs":["https:\/\/www.facebook.com\/xstylemd","https:\/\/www.instagram.com\/xstyle_md\/","https:\/\/t.me\/xstyle_outdoor"],"hasMerchantReturnPolicy":{"@type":"MerchantReturnPolicy","merchantReturnLink":"https:\/\/xstyle.md\/ro\/conditions\/"}}]},"product_price_amount":"1120.00","product_price_currency":"MDL","og_availability":"instock","product_availability":"instock","product_retailer_item_id":"8023349003992","product_condition":"new"},"_links":{"self":[{"href":"https:\/\/xstyle.md\/ro\/wp-json\/wp\/v2\/product\/40482","targetHints":{"allow":["GET"]}}],"collection":[{"href":"https:\/\/xstyle.md\/ro\/wp-json\/wp\/v2\/product"}],"about":[{"href":"https:\/\/xstyle.md\/ro\/wp-json\/wp\/v2\/types\/product"}],"replies":[{"embeddable":true,"href":"https:\/\/xstyle.md\/ro\/wp-json\/wp\/v2\/comments?post=40482"}],"wp:featuredmedia":[{"embeddable":true,"href":"https:\/\/xstyle.md\/ro\/wp-json\/wp\/v2\/media\/40483"}],"wp:attachment":[{"href":"https:\/\/xstyle.md\/ro\/wp-json\/wp\/v2\/media?parent=40482"}],"wp:term":[{"taxonomy":"product_brand","embeddable":true,"href":"https:\/\/xstyle.md\/ro\/wp-json\/wp\/v2\/product_brand?post=40482"},{"taxonomy":"product_cat","embeddable":true,"href":"https:\/\/xstyle.md\/ro\/wp-json\/wp\/v2\/product_cat?post=40482"},{"taxonomy":"product_tag","embeddable":true,"href":"https:\/\/xstyle.md\/ro\/wp-json\/wp\/v2\/product_tag?post=40482"}],"curies":[{"name":"wp","href":"https:\/\/api.w.org\/{rel}","templated":true}]}}