{"id":40455,"date":"2021-10-01T16:38:58","date_gmt":"2021-10-01T13:38:58","guid":{"rendered":"https:\/\/xstyle.md\/?post_type=product&#038;p=40455"},"modified":"2025-07-03T18:18:35","modified_gmt":"2025-07-03T15:18:35","slug":"nakonechniki-dlja-palok-leki-power-grip-pad","status":"publish","type":"product","link":"https:\/\/xstyle.md\/ro\/produs\/nakonechniki-dlja-palok-leki-power-grip-pad\/","title":{"rendered":"Accesoriu bete trekking Leki Power grip pad"},"content":{"rendered":"<\/p>\n<p><strong>Leki Power grip pad<\/strong> &#8212; v\u00e2rfuri de schimb pentru be\u021be nordice. Un model universal care se potrive\u0219te at\u00e2t la be\u021bele telescopice Leki, c\u00e2t \u0219i la be\u021bele fixe. V\u00e2rfurile sunt fabricate din cauciuc \u0219i au o mic\u0103 band\u0103 de rulare, care \u00eembun\u0103t\u0103\u021be\u0219te aderen\u021ba pe asfalt \u00een timpul mersului \u0219i cre\u0219te durata de via\u021b\u0103 a v\u00e2rfurilor.<\/p>\n<h3>Caracteristici<\/h3>\n<ul>\n<li>Diametru &#8212; 11 mm.<\/li>\n<\/ul>\n<h3>Marca<\/h3>\n<p>Leki \u2013 un produc\u0103tor german care produce bete trekking, de schi \u0219i pentru mersul nordic de \u00eenalt\u0103 calitate.<\/p>\n<p>Primele bete de schi cu acronimul Leki a fost lansat \u00een 1970, urmat, trei ani mai t\u00e2rziu, de primul baston de schi fond. \u00cen produc\u021bie, accentul a fost pus \u00eentotdeauna pe inova\u021bie \u0219i calitate &#8212; cine ar fi crezut altfel despre germani! Din ziua \u00een care a fost fondat\u0103 \u0219i p\u00e2n\u0103 \u00een prezent, Leki \u0219i-a perfec\u021bionat tehnologia, f\u0103c\u00e2nd ca produsele sale s\u0103 fie c\u00e2t mai confortabile, sigure \u0219i avansate din punct de vedere tehnologic.<\/p>\n<p>Sportivii din multe echipe na\u021bionale folosesc exclusiv produsele m\u0103rcii. Nu doar echipele de schi alpin, ci \u0219i cele de schi fond \u0219i biatlon. Tricolorul Leki este \u00eentotdeauna vizibil pe podiumul celor mai importante competi\u021bii din lume, de la Cupa Mondial\u0103 la Jocurile Olimpice.<\/p>\n<p>Acest lucru arat\u0103 c\u0103 marca Leki este o alegere a c\u00e2\u0219tig\u0103torului!<\/p>\n<p><\/p>","protected":false},"excerpt":{"rendered":"","protected":false},"featured_media":40580,"comment_status":"open","ping_status":"closed","template":"","meta":{"_acf_changed":false,"inline_featured_image":false},"product_brand":[1383],"product_cat":[460],"product_tag":[],"class_list":{"0":"post-40455","1":"product","2":"type-product","3":"status-publish","4":"has-post-thumbnail","6":"product_brand-leki","7":"product_cat-accesorii-pentru-stalpi","9":"first","10":"instock","11":"shipping-taxable","12":"purchasable","13":"product-type-simple"},"acf":[],"yoast_head":"<!-- This site is optimized with the Yoast SEO plugin v27.2 - https:\/\/yoast.com\/product\/yoast-seo-wordpress\/ -->\n<title>\u041d\u0430\u043a\u043e\u043d\u0435\u0447\u043d\u0438\u043a\u0438 \u0434\u043b\u044f \u043f\u0430\u043b\u043e\u043a Leki Power grip pad - \u041c\u0430\u0433\u0430\u0437\u0438\u043d Xstyle<\/title>\n<meta name=\"description\" content=\"\u041d\u0430\u043a\u043e\u043d\u0435\u0447\u043d\u0438\u043a\u0438 \u0434\u043b\u044f \u043f\u0430\u043b\u043e\u043a Leki Power Grip Pad - \u0443\u043d\u0438\u0432\u0435\u0440\u0441\u0430\u043b\u044c\u043d\u044b\u0435 \u0438 \u043f\u0440\u043e\u0447\u043d\u044b\u0435. \u041f\u043e\u0434\u0445\u043e\u0434\u044f\u0442 \u0434\u043b\u044f \u0432\u0441\u0435\u0445 \u043c\u043e\u0434\u0435\u043b\u0435\u0439 Leki. \u0423\u043b\u0443\u0447\u0448\u0435\u043d\u043d\u0430\u044f \u0430\u0434\u0433\u0435\u0437\u0438\u044f \u0438 \u0434\u043e\u043b\u0433\u043e\u0432\u0435\u0447\u043d\u043e\u0441\u0442\u044c \u043d\u0430 \u0430\u0441\u0444\u0430\u043b\u044c\u0442\u0435!\" \/>\n<meta name=\"robots\" content=\"index, follow, max-snippet:-1, max-image-preview:large, max-video-preview:-1\" \/>\n<link rel=\"canonical\" href=\"https:\/\/xstyle.md\/ro\/produs\/nakonechniki-dlja-palok-leki-power-grip-pad\/\" \/>\n<meta property=\"og:locale\" content=\"ro_RO\" \/>\n<meta property=\"og:type\" content=\"article\" \/>\n<meta property=\"og:title\" content=\"\u041d\u0430\u043a\u043e\u043d\u0435\u0447\u043d\u0438\u043a\u0438 \u0434\u043b\u044f \u043f\u0430\u043b\u043e\u043a Leki Power grip pad - \u041c\u0430\u0433\u0430\u0437\u0438\u043d Xstyle\" \/>\n<meta property=\"og:description\" content=\"\u041d\u0430\u043a\u043e\u043d\u0435\u0447\u043d\u0438\u043a\u0438 \u0434\u043b\u044f \u043f\u0430\u043b\u043e\u043a Leki Power Grip Pad - \u0443\u043d\u0438\u0432\u0435\u0440\u0441\u0430\u043b\u044c\u043d\u044b\u0435 \u0438 \u043f\u0440\u043e\u0447\u043d\u044b\u0435. \u041f\u043e\u0434\u0445\u043e\u0434\u044f\u0442 \u0434\u043b\u044f \u0432\u0441\u0435\u0445 \u043c\u043e\u0434\u0435\u043b\u0435\u0439 Leki. \u0423\u043b\u0443\u0447\u0448\u0435\u043d\u043d\u0430\u044f \u0430\u0434\u0433\u0435\u0437\u0438\u044f \u0438 \u0434\u043e\u043b\u0433\u043e\u0432\u0435\u0447\u043d\u043e\u0441\u0442\u044c \u043d\u0430 \u0430\u0441\u0444\u0430\u043b\u044c\u0442\u0435!\" \/>\n<meta property=\"og:url\" content=\"https:\/\/xstyle.md\/ro\/produs\/nakonechniki-dlja-palok-leki-power-grip-pad\/\" \/>\n<meta property=\"og:site_name\" content=\"\u041c\u0430\u0433\u0430\u0437\u0438\u043d Xstyle\" \/>\n<meta property=\"article:publisher\" content=\"https:\/\/www.facebook.com\/xstylemd\" \/>\n<meta property=\"article:modified_time\" content=\"2025-07-03T15:18:35+00:00\" \/>\n<meta property=\"og:image\" content=\"https:\/\/xstyle.md\/wp-content\/uploads\/2021\/10\/leki-power-grip-pad.jpg\" \/>\n\t<meta property=\"og:image:width\" content=\"900\" \/>\n\t<meta property=\"og:image:height\" content=\"600\" \/>\n\t<meta property=\"og:image:type\" content=\"image\/jpeg\" \/>\n<meta name=\"twitter:card\" content=\"summary_large_image\" \/>\n<meta name=\"twitter:label1\" content=\"Pre\u021b\" \/>\n\t<meta name=\"twitter:data1\" content=\"230&nbsp;MDL\" \/>\n\t<meta name=\"twitter:label2\" content=\"Disponibilitate\" \/>\n\t<meta name=\"twitter:data2\" content=\"\u00cen stoc\" \/>\n<script type=\"application\/ld+json\" class=\"yoast-schema-graph\">{\"@context\":\"https:\/\/schema.org\",\"@graph\":[{\"@type\":\"WebPage\",\"@id\":\"https:\/\/xstyle.md\/product\/nakonechniki-dlja-palok-leki-power-grip-pad\/\",\"url\":\"https:\/\/xstyle.md\/product\/nakonechniki-dlja-palok-leki-power-grip-pad\/\",\"name\":\"\u041d\u0430\u043a\u043e\u043d\u0435\u0447\u043d\u0438\u043a\u0438 \u0434\u043b\u044f \u043f\u0430\u043b\u043e\u043a Leki Power grip pad - \u041c\u0430\u0433\u0430\u0437\u0438\u043d Xstyle\",\"isPartOf\":{\"@id\":\"https:\/\/xstyle.md\/#website\"},\"primaryImageOfPage\":{\"@id\":\"https:\/\/xstyle.md\/product\/nakonechniki-dlja-palok-leki-power-grip-pad\/#primaryimage\"},\"image\":{\"@id\":\"https:\/\/xstyle.md\/product\/nakonechniki-dlja-palok-leki-power-grip-pad\/#primaryimage\"},\"thumbnailUrl\":\"https:\/\/xstyle.md\/wp-content\/uploads\/2021\/10\/leki-power-grip-pad.jpg\",\"datePublished\":\"2021-10-01T13:38:58+00:00\",\"dateModified\":\"2025-07-03T15:18:35+00:00\",\"description\":\"\u041d\u0430\u043a\u043e\u043d\u0435\u0447\u043d\u0438\u043a\u0438 \u0434\u043b\u044f \u043f\u0430\u043b\u043e\u043a Leki Power Grip Pad - \u0443\u043d\u0438\u0432\u0435\u0440\u0441\u0430\u043b\u044c\u043d\u044b\u0435 \u0438 \u043f\u0440\u043e\u0447\u043d\u044b\u0435. \u041f\u043e\u0434\u0445\u043e\u0434\u044f\u0442 \u0434\u043b\u044f \u0432\u0441\u0435\u0445 \u043c\u043e\u0434\u0435\u043b\u0435\u0439 Leki. \u0423\u043b\u0443\u0447\u0448\u0435\u043d\u043d\u0430\u044f \u0430\u0434\u0433\u0435\u0437\u0438\u044f \u0438 \u0434\u043e\u043b\u0433\u043e\u0432\u0435\u0447\u043d\u043e\u0441\u0442\u044c \u043d\u0430 \u0430\u0441\u0444\u0430\u043b\u044c\u0442\u0435!\",\"breadcrumb\":{\"@id\":\"https:\/\/xstyle.md\/product\/nakonechniki-dlja-palok-leki-power-grip-pad\/#breadcrumb\"},\"inLanguage\":\"ro-RO\",\"potentialAction\":[{\"@type\":\"ReadAction\",\"target\":[\"https:\/\/xstyle.md\/product\/nakonechniki-dlja-palok-leki-power-grip-pad\/\"]}]},{\"@type\":\"ImageObject\",\"inLanguage\":\"ro-RO\",\"@id\":\"https:\/\/xstyle.md\/product\/nakonechniki-dlja-palok-leki-power-grip-pad\/#primaryimage\",\"url\":\"https:\/\/xstyle.md\/wp-content\/uploads\/2021\/10\/leki-power-grip-pad.jpg\",\"contentUrl\":\"https:\/\/xstyle.md\/wp-content\/uploads\/2021\/10\/leki-power-grip-pad.jpg\",\"width\":900,\"height\":600,\"caption\":\"\u041d\u0430\u043a\u043e\u043d\u0435\u0447\u043d\u0438\u043a\u0438 \u0434\u043b\u044f \u043f\u0430\u043b\u043e\u043a Leki Power Grip Pad \u0434\u043b\u044f \u0430\u043a\u0442\u0438\u0432\u043d\u043e\u0433\u043e \u043e\u0442\u0434\u044b\u0445\u0430, \u043f\u043e\u0445\u043e\u0434\u043e\u0432, \u0442\u0443\u0440\u0438\u0437\u043c\u0430 \u0438 \u0430\u043b\u044c\u043f\u0438\u043d\u0438\u0437\u043c\u0430 \u0432 \u043c\u0430\u0433\u0430\u0437\u0438\u043d\u0435 \u0441\u043f\u043e\u0440\u0442\u0438\u0432\u043d\u043e\u0439 \u044d\u043a\u0438\u043f\u0438\u0440\u043e\u0432\u043a\u0438\"},{\"@type\":\"BreadcrumbList\",\"@id\":\"https:\/\/xstyle.md\/product\/nakonechniki-dlja-palok-leki-power-grip-pad\/#breadcrumb\",\"itemListElement\":[{\"@type\":\"ListItem\",\"position\":1,\"name\":\"\u0413\u043b\u0430\u0432\u043d\u0430\u044f \u0441\u0442\u0440\u0430\u043d\u0438\u0446\u0430\",\"item\":\"https:\/\/xstyle.md\/\"},{\"@type\":\"ListItem\",\"position\":2,\"name\":\"\u041c\u0430\u0433\u0430\u0437\u0438\u043d\",\"item\":\"https:\/\/xstyle.md\/shop\/\"},{\"@type\":\"ListItem\",\"position\":3,\"name\":\"\u041d\u0430\u043a\u043e\u043d\u0435\u0447\u043d\u0438\u043a\u0438 \u0434\u043b\u044f \u043f\u0430\u043b\u043e\u043a Leki Power grip pad\"}]},{\"@type\":\"WebSite\",\"@id\":\"https:\/\/xstyle.md\/#website\",\"url\":\"https:\/\/xstyle.md\/\",\"name\":\"\u041c\u0430\u0433\u0430\u0437\u0438\u043d Xstyle\",\"description\":\"C\u043d\u0430\u0440\u044f\u0436\u0435\u043d\u0438\u0435 \u0434\u043b\u044f \u0442\u0443\u0440\u0438\u0437\u043c\u0430 \u0438 \u044d\u043a\u0441\u0442\u0440\u0435\u043c\u0430\u043b\u044c\u043d\u044b\u0445 \u0432\u0438\u0434\u043e\u0432 \u0441\u043f\u043e\u0440\u0442\u0430 \u0432 \u041c\u043e\u043b\u0434\u043e\u0432\u0435.. \u0426\u0435\u043d\u044b, \u0444\u043e\u0442\u043e, \u0445\u0430\u0440\u0430\u043a\u0442\u0435\u0440\u0438\u0441\u0442\u0438\u043a\u0438 \u0432 \u041c\u043e\u043b\u0434\u043e\u0432\u0435.\",\"publisher\":{\"@id\":\"https:\/\/xstyle.md\/#organization\"},\"alternateName\":\"X-Style\",\"potentialAction\":[{\"@type\":\"SearchAction\",\"target\":{\"@type\":\"EntryPoint\",\"urlTemplate\":\"https:\/\/xstyle.md\/?s={search_term_string}\"},\"query-input\":{\"@type\":\"PropertyValueSpecification\",\"valueRequired\":true,\"valueName\":\"search_term_string\"}}],\"inLanguage\":\"ro-RO\"},{\"@type\":\"Organization\",\"@id\":\"https:\/\/xstyle.md\/#organization\",\"name\":\"\u041c\u0430\u0433\u0430\u0437\u0438\u043d Xstyle\",\"alternateName\":\"x-style\",\"url\":\"https:\/\/xstyle.md\/\",\"logo\":{\"@type\":\"ImageObject\",\"inLanguage\":\"ro-RO\",\"@id\":\"https:\/\/xstyle.md\/#\/schema\/logo\/image\/\",\"url\":\"https:\/\/xstyle.md\/wp-content\/uploads\/2020\/06\/logoicon.svg\",\"contentUrl\":\"https:\/\/xstyle.md\/wp-content\/uploads\/2020\/06\/logoicon.svg\",\"caption\":\"\u041c\u0430\u0433\u0430\u0437\u0438\u043d Xstyle\"},\"image\":{\"@id\":\"https:\/\/xstyle.md\/#\/schema\/logo\/image\/\"},\"sameAs\":[\"https:\/\/www.facebook.com\/xstylemd\",\"https:\/\/www.instagram.com\/xstyle_md\/\",\"https:\/\/t.me\/xstyle_outdoor\"],\"hasMerchantReturnPolicy\":{\"@type\":\"MerchantReturnPolicy\",\"merchantReturnLink\":\"https:\/\/xstyle.md\/ro\/conditions\/\"}}]}<\/script>\n<meta property=\"product:price:amount\" content=\"230.00\" \/>\n<meta property=\"product:price:currency\" content=\"MDL\" \/>\n<meta property=\"og:availability\" content=\"instock\" \/>\n<meta property=\"product:availability\" content=\"instock\" \/>\n<meta property=\"product:retailer_item_id\" content=\"4028173174065\" \/>\n<meta property=\"product:condition\" content=\"new\" \/>\n<!-- \/ Yoast SEO plugin. -->","yoast_head_json":{"title":"Accesoriu bete trekking Leki Power grip pad - Magazin Xstyle","description":"V\u00e2rfuri pentru be\u021bele Leki Power Grip Pad - universale \u0219i rezistente. Se potrivesc pentru toate modelele Leki. Adhziune \u00eembun\u0103t\u0103\u021bit\u0103 \u0219i durabilitate pe asfalt!","robots":{"index":"index","follow":"follow","max-snippet":"max-snippet:-1","max-image-preview":"max-image-preview:large","max-video-preview":"max-video-preview:-1"},"canonical":"https:\/\/xstyle.md\/ro\/produs\/nakonechniki-dlja-palok-leki-power-grip-pad\/","og_locale":"ro_RO","og_type":"article","og_title":"\u041d\u0430\u043a\u043e\u043d\u0435\u0447\u043d\u0438\u043a\u0438 \u0434\u043b\u044f \u043f\u0430\u043b\u043e\u043a Leki Power grip pad - \u041c\u0430\u0433\u0430\u0437\u0438\u043d Xstyle","og_description":"\u041d\u0430\u043a\u043e\u043d\u0435\u0447\u043d\u0438\u043a\u0438 \u0434\u043b\u044f \u043f\u0430\u043b\u043e\u043a Leki Power Grip Pad - \u0443\u043d\u0438\u0432\u0435\u0440\u0441\u0430\u043b\u044c\u043d\u044b\u0435 \u0438 \u043f\u0440\u043e\u0447\u043d\u044b\u0435. \u041f\u043e\u0434\u0445\u043e\u0434\u044f\u0442 \u0434\u043b\u044f \u0432\u0441\u0435\u0445 \u043c\u043e\u0434\u0435\u043b\u0435\u0439 Leki. \u0423\u043b\u0443\u0447\u0448\u0435\u043d\u043d\u0430\u044f \u0430\u0434\u0433\u0435\u0437\u0438\u044f \u0438 \u0434\u043e\u043b\u0433\u043e\u0432\u0435\u0447\u043d\u043e\u0441\u0442\u044c \u043d\u0430 \u0430\u0441\u0444\u0430\u043b\u044c\u0442\u0435!","og_url":"https:\/\/xstyle.md\/ro\/produs\/nakonechniki-dlja-palok-leki-power-grip-pad\/","og_site_name":"\u041c\u0430\u0433\u0430\u0437\u0438\u043d Xstyle","article_publisher":"https:\/\/www.facebook.com\/xstylemd","article_modified_time":"2025-07-03T15:18:35+00:00","og_image":[{"width":900,"height":600,"url":"https:\/\/xstyle.md\/wp-content\/uploads\/2021\/10\/leki-power-grip-pad.jpg","type":"image\/jpeg"}],"twitter_card":"summary_large_image","twitter_misc":{"Pre\u021b":"230&nbsp;MDL","Disponibilitate":"\u00cen stoc"},"schema":{"@context":"https:\/\/schema.org","@graph":[{"@type":"WebPage","@id":"https:\/\/xstyle.md\/product\/nakonechniki-dlja-palok-leki-power-grip-pad\/","url":"https:\/\/xstyle.md\/product\/nakonechniki-dlja-palok-leki-power-grip-pad\/","name":"Accesoriu bete trekking Leki Power grip pad - Magazin Xstyle","isPartOf":{"@id":"https:\/\/xstyle.md\/#website"},"primaryImageOfPage":{"@id":"https:\/\/xstyle.md\/product\/nakonechniki-dlja-palok-leki-power-grip-pad\/#primaryimage"},"image":{"@id":"https:\/\/xstyle.md\/product\/nakonechniki-dlja-palok-leki-power-grip-pad\/#primaryimage"},"thumbnailUrl":"https:\/\/xstyle.md\/wp-content\/uploads\/2021\/10\/leki-power-grip-pad.jpg","datePublished":"2021-10-01T13:38:58+00:00","dateModified":"2025-07-03T15:18:35+00:00","description":"V\u00e2rfuri pentru be\u021bele Leki Power Grip Pad - universale \u0219i rezistente. Se potrivesc pentru toate modelele Leki. Adhziune \u00eembun\u0103t\u0103\u021bit\u0103 \u0219i durabilitate pe asfalt!","breadcrumb":{"@id":"https:\/\/xstyle.md\/product\/nakonechniki-dlja-palok-leki-power-grip-pad\/#breadcrumb"},"inLanguage":"ro-RO","potentialAction":[{"@type":"ReadAction","target":["https:\/\/xstyle.md\/product\/nakonechniki-dlja-palok-leki-power-grip-pad\/"]}]},{"@type":"ImageObject","inLanguage":"ro-RO","@id":"https:\/\/xstyle.md\/product\/nakonechniki-dlja-palok-leki-power-grip-pad\/#primaryimage","url":"https:\/\/xstyle.md\/wp-content\/uploads\/2021\/10\/leki-power-grip-pad.jpg","contentUrl":"https:\/\/xstyle.md\/wp-content\/uploads\/2021\/10\/leki-power-grip-pad.jpg","width":900,"height":600,"caption":"\u041d\u0430\u043a\u043e\u043d\u0435\u0447\u043d\u0438\u043a\u0438 \u0434\u043b\u044f \u043f\u0430\u043b\u043e\u043a Leki Power Grip Pad \u0434\u043b\u044f \u0430\u043a\u0442\u0438\u0432\u043d\u043e\u0433\u043e \u043e\u0442\u0434\u044b\u0445\u0430, \u043f\u043e\u0445\u043e\u0434\u043e\u0432, \u0442\u0443\u0440\u0438\u0437\u043c\u0430 \u0438 \u0430\u043b\u044c\u043f\u0438\u043d\u0438\u0437\u043c\u0430 \u0432 \u043c\u0430\u0433\u0430\u0437\u0438\u043d\u0435 \u0441\u043f\u043e\u0440\u0442\u0438\u0432\u043d\u043e\u0439 \u044d\u043a\u0438\u043f\u0438\u0440\u043e\u0432\u043a\u0438"},{"@type":"BreadcrumbList","@id":"https:\/\/xstyle.md\/product\/nakonechniki-dlja-palok-leki-power-grip-pad\/#breadcrumb","itemListElement":[{"@type":"ListItem","position":1,"name":"\u0413\u043b\u0430\u0432\u043d\u0430\u044f \u0441\u0442\u0440\u0430\u043d\u0438\u0446\u0430","item":"https:\/\/xstyle.md\/"},{"@type":"ListItem","position":2,"name":"\u041c\u0430\u0433\u0430\u0437\u0438\u043d","item":"https:\/\/xstyle.md\/shop\/"},{"@type":"ListItem","position":3,"name":"\u041d\u0430\u043a\u043e\u043d\u0435\u0447\u043d\u0438\u043a\u0438 \u0434\u043b\u044f \u043f\u0430\u043b\u043e\u043a Leki Power grip pad"}]},{"@type":"WebSite","@id":"https:\/\/xstyle.md\/#website","url":"https:\/\/xstyle.md\/","name":"Magazinul X-Style","description":"Echipamente pentru turism \u0219i sporturi extreme \u00een Moldova. Pre\u021buri, fotografii, caracteristici \u00een Moldova.","publisher":{"@id":"https:\/\/xstyle.md\/#organization"},"alternateName":"X-Style","potentialAction":[{"@type":"SearchAction","target":{"@type":"EntryPoint","urlTemplate":"https:\/\/xstyle.md\/?s={search_term_string}"},"query-input":{"@type":"PropertyValueSpecification","valueRequired":true,"valueName":"search_term_string"}}],"inLanguage":"ro-RO"},{"@type":"Organization","@id":"https:\/\/xstyle.md\/#organization","name":"Magazinul X-Style","alternateName":"x-style","url":"https:\/\/xstyle.md\/","logo":{"@type":"ImageObject","inLanguage":"ro-RO","@id":"https:\/\/xstyle.md\/#\/schema\/logo\/image\/","url":"https:\/\/xstyle.md\/wp-content\/uploads\/2020\/06\/logoicon.svg","contentUrl":"https:\/\/xstyle.md\/wp-content\/uploads\/2020\/06\/logoicon.svg","caption":"\u041c\u0430\u0433\u0430\u0437\u0438\u043d Xstyle"},"image":{"@id":"https:\/\/xstyle.md\/#\/schema\/logo\/image\/"},"sameAs":["https:\/\/www.facebook.com\/xstylemd","https:\/\/www.instagram.com\/xstyle_md\/","https:\/\/t.me\/xstyle_outdoor"],"hasMerchantReturnPolicy":{"@type":"MerchantReturnPolicy","merchantReturnLink":"https:\/\/xstyle.md\/ro\/conditions\/"}}]},"product_price_amount":"230.00","product_price_currency":"MDL","og_availability":"instock","product_availability":"instock","product_retailer_item_id":"4028173174065","product_condition":"new"},"post_mailing_queue_ids":[],"_links":{"self":[{"href":"https:\/\/xstyle.md\/ro\/wp-json\/wp\/v2\/product\/40455","targetHints":{"allow":["GET"]}}],"collection":[{"href":"https:\/\/xstyle.md\/ro\/wp-json\/wp\/v2\/product"}],"about":[{"href":"https:\/\/xstyle.md\/ro\/wp-json\/wp\/v2\/types\/product"}],"replies":[{"embeddable":true,"href":"https:\/\/xstyle.md\/ro\/wp-json\/wp\/v2\/comments?post=40455"}],"wp:featuredmedia":[{"embeddable":true,"href":"https:\/\/xstyle.md\/ro\/wp-json\/wp\/v2\/media\/40580"}],"wp:attachment":[{"href":"https:\/\/xstyle.md\/ro\/wp-json\/wp\/v2\/media?parent=40455"}],"wp:term":[{"taxonomy":"product_brand","embeddable":true,"href":"https:\/\/xstyle.md\/ro\/wp-json\/wp\/v2\/product_brand?post=40455"},{"taxonomy":"product_cat","embeddable":true,"href":"https:\/\/xstyle.md\/ro\/wp-json\/wp\/v2\/product_cat?post=40455"},{"taxonomy":"product_tag","embeddable":true,"href":"https:\/\/xstyle.md\/ro\/wp-json\/wp\/v2\/product_tag?post=40455"}],"curies":[{"name":"wp","href":"https:\/\/api.w.org\/{rel}","templated":true}]}}