{"id":4014,"date":"2020-07-16T19:27:35","date_gmt":"2020-07-16T16:27:35","guid":{"rendered":"https:\/\/xstyle.md\/product\/sandalii-zhenskie-keen-clearwater-cnx"},"modified":"2026-03-19T16:33:00","modified_gmt":"2026-03-19T13:33:00","slug":"sandalii-keen-clearwater-cnx-wmn-gargoyle-norse-blue","status":"publish","type":"product","link":"https:\/\/xstyle.md\/ro\/produs\/sandalii-keen-clearwater-cnx-wmn-gargoyle-norse-blue\/","title":{"rendered":"Sandale Keen Clearwater CNX Wmn gargoyle\/norse blue"},"content":{"rendered":"<\/p>\n<p><strong>Sandale pentru femei Keen Clearwater CNX <\/strong>&#8212;\u00a0modelul pentru femei rezistent combin\u0103 propriet\u0103\u021bile unei sandale u\u0219oare cu propriet\u0103\u021bile unei \u00eenc\u0103l\u021b\u0103minte de drume\u021bie durabile. O talp\u0103 plat\u0103 cu benzi de rulare multidirec\u021bionale care accentueaz\u0103 flexibilitatea natural\u0103 a piciorului \u0219i optimizeaz\u0103 trac\u021biunea pe sol. T\u0103ieturile mici speciale pe talpa exterioar\u0103 asigur\u0103 stabilitate pe suprafe\u021bele netede. Inser\u021bie anatomic\u0103 pentru sus\u021binerea arcului piciorului. Excelen\u021bi pentru activit\u0103\u021bi \u00een aer liber, via\u021ba de ora\u0219. Totodat\u0103, \u00eenc\u0103l\u021b\u0103mintea are protec\u021bie practic\u0103 pentru degete.<\/p>\n<h3>Particularit\u0103\u021bi<\/h3>\n<ul>\n<li>Partea superioar\u0103: material din poliester lavabil, ofer\u0103 o cur\u0103\u021bare u\u0219oar\u0103 de murd\u0103rie;<\/li>\n<li>Materialele hidrofobe asigur\u0103 cea mai rapid\u0103 uscare a sandalelor;<\/li>\n<li>C\u0103ptu\u0219it cu plas\u0103 hidrofob\u0103 tratat\u0103 cu scut microbian AEGIS;<\/li>\n<li>Amortizarea picioarelor, sus\u021binerea arcului piciorului, c\u0103lc\u00e2iul fixat \u0219i talpa interioar\u0103 anatomic\u0103 deta\u0219abil\u0103 &#8212; sunt o garan\u021bie a confortului \u0219i calit\u0103\u021bii;<\/li>\n<li>Talpa asigur\u0103 o trac\u021biune superioar\u0103;<\/li>\n<li>Protec\u021bia patentat\u0103 a zonei protejeaz\u0103 degetele de lovituri \u0219i r\u0103ni;<\/li>\n<li>Talp\u0103 anatomic\u0103 deta\u0219abil\u0103 asigur\u0103 un confort excep\u021bional;<\/li>\n<li>Tehnologia S3 pentru protec\u021bie suplimentar\u0103, sus\u021binere \u0219i amortizare \u00een c\u0103lc\u00e2i;<\/li>\n<li>Suportul ESS pentru stabilitatea torsiunii &#8212; elimin\u0103 r\u0103sucirea sandalelor;<\/li>\n<li>Datorit\u0103 \u021bes\u0103turii superioare impermeabile \u0219i a c\u0103ptu\u0219elii din plas\u0103 hidrofug\u0103, pute\u021bi traversa cu u\u0219urin\u021b\u0103 apa \u00een excursii.<\/li>\n<\/ul>\n<h3>Caracteristici<\/h3>\n<ul>\n<li>Partea superioar\u0103 &#8212; sintetic\u0103;<\/li>\n<li>C\u0103ptu\u0219eal\u0103 &#8212; nylon \u0219i plas\u0103 hidrofob\u0103;<\/li>\n<li>C\u0103ptu\u0219eal\u0103 mulat\u0103 &#8212; EVA cu pern\u0103 pentru picioare, asigur\u0103 confort \u00een mers;<\/li>\n<li>Talp\u0103 exterioar\u0103 &#8212; cauciuc;<\/li>\n<li>Destina\u021bie &#8212; ora\u0219\/trekking;<\/li>\n<li>Greutate &#8212; 214g.<\/li>\n<\/ul>\n<h3>Tehnologie<\/h3>\n<ul>\n<li><strong>Aegis\u00a0MICROBE SHIELD &#8212;\u00a0<\/strong>controleaz\u0103 bacteriile \u0219i ciupercile care provoac\u0103 mirosuri, petele \u0219i deteriorarea produsului. Tehnologia Aegis nu con\u021bine substan\u021be d\u0103un\u0103toare mediului.<\/li>\n<li><strong>Keen.Protect &#8212;\u00a0<\/strong>\u00eent\u0103rire \u00een zona degetelor de la picioare \u0219i \u00een alte locuri care va asigura protec\u021bie \u00eempotriva loviturilor nea\u0219teptate. Tehnologie patentat\u0103.<\/li>\n<\/ul>\n<p><img decoding=\"async\" class=\"alignnone\" style=\"width: 100%;\" src=\"https:\/\/xstyle.md\/wp-content\/uploads\/2021\/01\/razmer_keen.jpg\" alt=\"\" \/><\/p>\n<h3>Marca<\/h3>\n<p>KEEN &#8212; compania outdoor cu cea mai rapid\u0103 cre\u0219tere din lume. Keen s-a n\u0103scut relativ recent, \u00een martie 2003. Fondatorii s\u0103i, Martin Keane \u0219i Rory Fuest, \u0219i-au propus s\u0103 creeze sandale care s\u0103 ofere protec\u021bie degetelor de la picioare. Primii pantofi KEEN au fost concepu\u021bi pentru sporturi nautice. O tr\u0103s\u0103tur\u0103 distinctiv\u0103 a modelelor este pernu\u021ba \u00eent\u0103rit\u0103 care protejeaz\u0103 degetele, de asemenea protejeaz\u0103 de uzur\u0103 \u0219i deteriorare. \u00cen prezent, KEEN ofer\u0103 at\u00e2t \u00eenc\u0103l\u021b\u0103minte conceput\u0103 pentru activit\u0103\u021bi \u00een aer liber \u0219i sport, c\u00e2t \u0219i \u00eenc\u0103l\u021b\u0103minte la mod\u0103 pentru ora\u0219. Compania este \u00een cre\u0219tere \u0219i se dezvolt\u0103 rapid, odat\u0103 cu cre\u0219terea, se schimb\u0103 constant: \u00ee\u0219i extinde gama, ad\u0103ug\u0103 noi stiluri \u0219i culori.<\/p>\n<p><\/p>","protected":false},"excerpt":{"rendered":"<p>\u0421\u0430\u043d\u0434\u0430\u043b\u0438\u0438 \u0436\u0435\u043d\u0441\u043a\u0438\u0435 Keen Clearwater CNX Gargoyle\/ norse blue<\/p>","protected":false},"featured_media":4006,"comment_status":"open","ping_status":"closed","template":"","meta":{"_acf_changed":false,"inline_featured_image":false},"product_brand":[1335],"product_cat":[134],"product_tag":[],"class_list":{"0":"post-4014","1":"product","2":"type-product","3":"status-publish","4":"has-post-thumbnail","6":"product_brand-keen","7":"product_cat-summer-shoes","9":"first","10":"instock","11":"shipping-taxable","12":"purchasable","13":"product-type-simple"},"acf":[],"yoast_head":"<!-- This site is optimized with the Yoast SEO plugin v27.2 - https:\/\/yoast.com\/product\/yoast-seo-wordpress\/ -->\n<title>\u0421\u0430\u043d\u0434\u0430\u043b\u0438\u0438 Keen Clearwater CNX Wmn gargoyle\/norse blue - \u041c\u0430\u0433\u0430\u0437\u0438\u043d Xstyle<\/title>\n<meta name=\"description\" content=\"\u0421\u0430\u043d\u0434\u0430\u043b\u0438\u0438 Keen Clearwater CNX Wmn \u0438\u0434\u0435\u0430\u043b\u044c\u043d\u043e \u0441\u043e\u0447\u0435\u0442\u0430\u044e\u0442 \u043b\u0435\u0433\u043a\u043e\u0441\u0442\u044c \u0438 \u043f\u0440\u043e\u0447\u043d\u043e\u0441\u0442\u044c, \u043e\u0431\u0435\u0441\u043f\u0435\u0447\u0438\u0432\u0430\u044f \u043a\u043e\u043c\u0444\u043e\u0440\u0442 \u0438 \u0437\u0430\u0449\u0438\u0442\u0443 \u043d\u0430 \u043f\u0440\u043e\u0433\u0443\u043b\u043a\u0430\u0445 \u0438 \u043f\u043e\u0445\u043e\u0434\u0430\u0445. \u041f\u043e\u043a\u0443\u043f\u0430\u0439\u0442\u0435 \u0441\u0435\u0439\u0447\u0430\u0441!\" \/>\n<meta name=\"robots\" content=\"index, follow, max-snippet:-1, max-image-preview:large, max-video-preview:-1\" \/>\n<link rel=\"canonical\" href=\"https:\/\/xstyle.md\/ro\/produs\/sandalii-keen-clearwater-cnx-wmn-gargoyle-norse-blue\/\" \/>\n<meta property=\"og:locale\" content=\"ro_RO\" \/>\n<meta property=\"og:type\" content=\"article\" \/>\n<meta property=\"og:title\" content=\"\u0421\u0430\u043d\u0434\u0430\u043b\u0438\u0438 Keen Clearwater CNX Wmn gargoyle\/norse blue - \u041c\u0430\u0433\u0430\u0437\u0438\u043d Xstyle\" \/>\n<meta property=\"og:description\" content=\"\u0421\u0430\u043d\u0434\u0430\u043b\u0438\u0438 Keen Clearwater CNX Wmn \u0438\u0434\u0435\u0430\u043b\u044c\u043d\u043e \u0441\u043e\u0447\u0435\u0442\u0430\u044e\u0442 \u043b\u0435\u0433\u043a\u043e\u0441\u0442\u044c \u0438 \u043f\u0440\u043e\u0447\u043d\u043e\u0441\u0442\u044c, \u043e\u0431\u0435\u0441\u043f\u0435\u0447\u0438\u0432\u0430\u044f \u043a\u043e\u043c\u0444\u043e\u0440\u0442 \u0438 \u0437\u0430\u0449\u0438\u0442\u0443 \u043d\u0430 \u043f\u0440\u043e\u0433\u0443\u043b\u043a\u0430\u0445 \u0438 \u043f\u043e\u0445\u043e\u0434\u0430\u0445. \u041f\u043e\u043a\u0443\u043f\u0430\u0439\u0442\u0435 \u0441\u0435\u0439\u0447\u0430\u0441!\" \/>\n<meta property=\"og:url\" content=\"https:\/\/xstyle.md\/ro\/produs\/sandalii-keen-clearwater-cnx-wmn-gargoyle-norse-blue\/\" \/>\n<meta property=\"og:site_name\" content=\"\u041c\u0430\u0433\u0430\u0437\u0438\u043d Xstyle\" \/>\n<meta property=\"article:publisher\" content=\"https:\/\/www.facebook.com\/xstylemd\" \/>\n<meta property=\"article:modified_time\" content=\"2026-03-19T13:33:00+00:00\" \/>\n<meta property=\"og:image\" content=\"https:\/\/xstyle.md\/wp-content\/uploads\/2020\/07\/file_5_25_2.jpg\" \/>\n\t<meta property=\"og:image:width\" content=\"427\" \/>\n\t<meta property=\"og:image:height\" content=\"287\" \/>\n\t<meta property=\"og:image:type\" content=\"image\/jpeg\" \/>\n<meta name=\"twitter:card\" content=\"summary_large_image\" \/>\n<meta name=\"twitter:label1\" content=\"Pre\u021b\" \/>\n\t<meta name=\"twitter:data1\" content=\"2.100&nbsp;MDL\" \/>\n\t<meta name=\"twitter:label2\" content=\"Disponibilitate\" \/>\n\t<meta name=\"twitter:data2\" content=\"\u00cen stoc\" \/>\n<script type=\"application\/ld+json\" class=\"yoast-schema-graph\">{\"@context\":\"https:\/\/schema.org\",\"@graph\":[{\"@type\":\"WebPage\",\"@id\":\"https:\/\/xstyle.md\/product\/sandalii-keen-clearwater-cnx-wmn-gargoyle-norse-blue\/\",\"url\":\"https:\/\/xstyle.md\/product\/sandalii-keen-clearwater-cnx-wmn-gargoyle-norse-blue\/\",\"name\":\"\u0421\u0430\u043d\u0434\u0430\u043b\u0438\u0438 Keen Clearwater CNX Wmn gargoyle\/norse blue - \u041c\u0430\u0433\u0430\u0437\u0438\u043d Xstyle\",\"isPartOf\":{\"@id\":\"https:\/\/xstyle.md\/#website\"},\"primaryImageOfPage\":{\"@id\":\"https:\/\/xstyle.md\/product\/sandalii-keen-clearwater-cnx-wmn-gargoyle-norse-blue\/#primaryimage\"},\"image\":{\"@id\":\"https:\/\/xstyle.md\/product\/sandalii-keen-clearwater-cnx-wmn-gargoyle-norse-blue\/#primaryimage\"},\"thumbnailUrl\":\"https:\/\/xstyle.md\/wp-content\/uploads\/2020\/07\/file_5_25_2.jpg\",\"datePublished\":\"2020-07-16T16:27:35+00:00\",\"dateModified\":\"2026-03-19T13:33:00+00:00\",\"description\":\"\u0421\u0430\u043d\u0434\u0430\u043b\u0438\u0438 Keen Clearwater CNX Wmn \u0438\u0434\u0435\u0430\u043b\u044c\u043d\u043e \u0441\u043e\u0447\u0435\u0442\u0430\u044e\u0442 \u043b\u0435\u0433\u043a\u043e\u0441\u0442\u044c \u0438 \u043f\u0440\u043e\u0447\u043d\u043e\u0441\u0442\u044c, \u043e\u0431\u0435\u0441\u043f\u0435\u0447\u0438\u0432\u0430\u044f \u043a\u043e\u043c\u0444\u043e\u0440\u0442 \u0438 \u0437\u0430\u0449\u0438\u0442\u0443 \u043d\u0430 \u043f\u0440\u043e\u0433\u0443\u043b\u043a\u0430\u0445 \u0438 \u043f\u043e\u0445\u043e\u0434\u0430\u0445. \u041f\u043e\u043a\u0443\u043f\u0430\u0439\u0442\u0435 \u0441\u0435\u0439\u0447\u0430\u0441!\",\"breadcrumb\":{\"@id\":\"https:\/\/xstyle.md\/product\/sandalii-keen-clearwater-cnx-wmn-gargoyle-norse-blue\/#breadcrumb\"},\"inLanguage\":\"ro-RO\",\"potentialAction\":[{\"@type\":\"ReadAction\",\"target\":[\"https:\/\/xstyle.md\/product\/sandalii-keen-clearwater-cnx-wmn-gargoyle-norse-blue\/\"]}]},{\"@type\":\"ImageObject\",\"inLanguage\":\"ro-RO\",\"@id\":\"https:\/\/xstyle.md\/product\/sandalii-keen-clearwater-cnx-wmn-gargoyle-norse-blue\/#primaryimage\",\"url\":\"https:\/\/xstyle.md\/wp-content\/uploads\/2020\/07\/file_5_25_2.jpg\",\"contentUrl\":\"https:\/\/xstyle.md\/wp-content\/uploads\/2020\/07\/file_5_25_2.jpg\",\"width\":427,\"height\":287},{\"@type\":\"BreadcrumbList\",\"@id\":\"https:\/\/xstyle.md\/product\/sandalii-keen-clearwater-cnx-wmn-gargoyle-norse-blue\/#breadcrumb\",\"itemListElement\":[{\"@type\":\"ListItem\",\"position\":1,\"name\":\"\u0413\u043b\u0430\u0432\u043d\u0430\u044f \u0441\u0442\u0440\u0430\u043d\u0438\u0446\u0430\",\"item\":\"https:\/\/xstyle.md\/\"},{\"@type\":\"ListItem\",\"position\":2,\"name\":\"\u041c\u0430\u0433\u0430\u0437\u0438\u043d\",\"item\":\"https:\/\/xstyle.md\/shop\/\"},{\"@type\":\"ListItem\",\"position\":3,\"name\":\"\u0421\u0430\u043d\u0434\u0430\u043b\u0438\u0438 Keen Clearwater CNX Wmn gargoyle\/norse blue\"}]},{\"@type\":\"WebSite\",\"@id\":\"https:\/\/xstyle.md\/#website\",\"url\":\"https:\/\/xstyle.md\/\",\"name\":\"\u041c\u0430\u0433\u0430\u0437\u0438\u043d Xstyle\",\"description\":\"C\u043d\u0430\u0440\u044f\u0436\u0435\u043d\u0438\u0435 \u0434\u043b\u044f \u0442\u0443\u0440\u0438\u0437\u043c\u0430 \u0438 \u044d\u043a\u0441\u0442\u0440\u0435\u043c\u0430\u043b\u044c\u043d\u044b\u0445 \u0432\u0438\u0434\u043e\u0432 \u0441\u043f\u043e\u0440\u0442\u0430 \u0432 \u041c\u043e\u043b\u0434\u043e\u0432\u0435.. \u0426\u0435\u043d\u044b, \u0444\u043e\u0442\u043e, \u0445\u0430\u0440\u0430\u043a\u0442\u0435\u0440\u0438\u0441\u0442\u0438\u043a\u0438 \u0432 \u041c\u043e\u043b\u0434\u043e\u0432\u0435.\",\"publisher\":{\"@id\":\"https:\/\/xstyle.md\/#organization\"},\"alternateName\":\"X-Style\",\"potentialAction\":[{\"@type\":\"SearchAction\",\"target\":{\"@type\":\"EntryPoint\",\"urlTemplate\":\"https:\/\/xstyle.md\/?s={search_term_string}\"},\"query-input\":{\"@type\":\"PropertyValueSpecification\",\"valueRequired\":true,\"valueName\":\"search_term_string\"}}],\"inLanguage\":\"ro-RO\"},{\"@type\":\"Organization\",\"@id\":\"https:\/\/xstyle.md\/#organization\",\"name\":\"\u041c\u0430\u0433\u0430\u0437\u0438\u043d Xstyle\",\"alternateName\":\"x-style\",\"url\":\"https:\/\/xstyle.md\/\",\"logo\":{\"@type\":\"ImageObject\",\"inLanguage\":\"ro-RO\",\"@id\":\"https:\/\/xstyle.md\/#\/schema\/logo\/image\/\",\"url\":\"https:\/\/xstyle.md\/wp-content\/uploads\/2020\/06\/logoicon.svg\",\"contentUrl\":\"https:\/\/xstyle.md\/wp-content\/uploads\/2020\/06\/logoicon.svg\",\"caption\":\"\u041c\u0430\u0433\u0430\u0437\u0438\u043d Xstyle\"},\"image\":{\"@id\":\"https:\/\/xstyle.md\/#\/schema\/logo\/image\/\"},\"sameAs\":[\"https:\/\/www.facebook.com\/xstylemd\",\"https:\/\/www.instagram.com\/xstyle_md\/\",\"https:\/\/t.me\/xstyle_outdoor\"],\"hasMerchantReturnPolicy\":{\"@type\":\"MerchantReturnPolicy\",\"merchantReturnLink\":\"https:\/\/xstyle.md\/ro\/conditions\/\"}}]}<\/script>\n<meta property=\"product:price:amount\" content=\"2100.00\" \/>\n<meta property=\"product:price:currency\" content=\"MDL\" \/>\n<meta property=\"og:availability\" content=\"instock\" \/>\n<meta property=\"product:availability\" content=\"instock\" \/>\n<meta property=\"product:retailer_item_id\" content=\"887194048878\" \/>\n<meta property=\"product:condition\" content=\"new\" \/>\n<!-- \/ Yoast SEO plugin. -->","yoast_head_json":{"title":"Sandale pentru femei Keen Clearwater CNX Wmn gargoyle\/norse blue - Magazin Xstyle","description":"Sandalii Keen Clearwater CNX Wmn combin\u0103 perfect u\u0219urin\u021ba \u0219i durabilitatea, oferind confort \u0219i protec\u021bie \u00een timpul plimb\u0103rilor \u0219i excursiilor. Cump\u0103ra\u021bi acum!","robots":{"index":"index","follow":"follow","max-snippet":"max-snippet:-1","max-image-preview":"max-image-preview:large","max-video-preview":"max-video-preview:-1"},"canonical":"https:\/\/xstyle.md\/ro\/produs\/sandalii-keen-clearwater-cnx-wmn-gargoyle-norse-blue\/","og_locale":"ro_RO","og_type":"article","og_title":"\u0421\u0430\u043d\u0434\u0430\u043b\u0438\u0438 Keen Clearwater CNX Wmn gargoyle\/norse blue - \u041c\u0430\u0433\u0430\u0437\u0438\u043d Xstyle","og_description":"\u0421\u0430\u043d\u0434\u0430\u043b\u0438\u0438 Keen Clearwater CNX Wmn \u0438\u0434\u0435\u0430\u043b\u044c\u043d\u043e \u0441\u043e\u0447\u0435\u0442\u0430\u044e\u0442 \u043b\u0435\u0433\u043a\u043e\u0441\u0442\u044c \u0438 \u043f\u0440\u043e\u0447\u043d\u043e\u0441\u0442\u044c, \u043e\u0431\u0435\u0441\u043f\u0435\u0447\u0438\u0432\u0430\u044f \u043a\u043e\u043c\u0444\u043e\u0440\u0442 \u0438 \u0437\u0430\u0449\u0438\u0442\u0443 \u043d\u0430 \u043f\u0440\u043e\u0433\u0443\u043b\u043a\u0430\u0445 \u0438 \u043f\u043e\u0445\u043e\u0434\u0430\u0445. \u041f\u043e\u043a\u0443\u043f\u0430\u0439\u0442\u0435 \u0441\u0435\u0439\u0447\u0430\u0441!","og_url":"https:\/\/xstyle.md\/ro\/produs\/sandalii-keen-clearwater-cnx-wmn-gargoyle-norse-blue\/","og_site_name":"\u041c\u0430\u0433\u0430\u0437\u0438\u043d Xstyle","article_publisher":"https:\/\/www.facebook.com\/xstylemd","article_modified_time":"2026-03-19T13:33:00+00:00","og_image":[{"width":427,"height":287,"url":"https:\/\/xstyle.md\/wp-content\/uploads\/2020\/07\/file_5_25_2.jpg","type":"image\/jpeg"}],"twitter_card":"summary_large_image","twitter_misc":{"Pre\u021b":"2.100&nbsp;MDL","Disponibilitate":"\u00cen stoc"},"schema":{"@context":"https:\/\/schema.org","@graph":[{"@type":"WebPage","@id":"https:\/\/xstyle.md\/product\/sandalii-keen-clearwater-cnx-wmn-gargoyle-norse-blue\/","url":"https:\/\/xstyle.md\/product\/sandalii-keen-clearwater-cnx-wmn-gargoyle-norse-blue\/","name":"Sandale pentru femei Keen Clearwater CNX Wmn gargoyle\/norse blue - Magazin Xstyle","isPartOf":{"@id":"https:\/\/xstyle.md\/#website"},"primaryImageOfPage":{"@id":"https:\/\/xstyle.md\/product\/sandalii-keen-clearwater-cnx-wmn-gargoyle-norse-blue\/#primaryimage"},"image":{"@id":"https:\/\/xstyle.md\/product\/sandalii-keen-clearwater-cnx-wmn-gargoyle-norse-blue\/#primaryimage"},"thumbnailUrl":"https:\/\/xstyle.md\/wp-content\/uploads\/2020\/07\/file_5_25_2.jpg","datePublished":"2020-07-16T16:27:35+00:00","dateModified":"2026-03-19T13:33:00+00:00","description":"Sandalii Keen Clearwater CNX Wmn combin\u0103 perfect u\u0219urin\u021ba \u0219i durabilitatea, oferind confort \u0219i protec\u021bie \u00een timpul plimb\u0103rilor \u0219i excursiilor. Cump\u0103ra\u021bi acum!","breadcrumb":{"@id":"https:\/\/xstyle.md\/product\/sandalii-keen-clearwater-cnx-wmn-gargoyle-norse-blue\/#breadcrumb"},"inLanguage":"ro-RO","potentialAction":[{"@type":"ReadAction","target":["https:\/\/xstyle.md\/product\/sandalii-keen-clearwater-cnx-wmn-gargoyle-norse-blue\/"]}]},{"@type":"ImageObject","inLanguage":"ro-RO","@id":"https:\/\/xstyle.md\/product\/sandalii-keen-clearwater-cnx-wmn-gargoyle-norse-blue\/#primaryimage","url":"https:\/\/xstyle.md\/wp-content\/uploads\/2020\/07\/file_5_25_2.jpg","contentUrl":"https:\/\/xstyle.md\/wp-content\/uploads\/2020\/07\/file_5_25_2.jpg","width":427,"height":287},{"@type":"BreadcrumbList","@id":"https:\/\/xstyle.md\/product\/sandalii-keen-clearwater-cnx-wmn-gargoyle-norse-blue\/#breadcrumb","itemListElement":[{"@type":"ListItem","position":1,"name":"\u0413\u043b\u0430\u0432\u043d\u0430\u044f \u0441\u0442\u0440\u0430\u043d\u0438\u0446\u0430","item":"https:\/\/xstyle.md\/"},{"@type":"ListItem","position":2,"name":"\u041c\u0430\u0433\u0430\u0437\u0438\u043d","item":"https:\/\/xstyle.md\/shop\/"},{"@type":"ListItem","position":3,"name":"\u0421\u0430\u043d\u0434\u0430\u043b\u0438\u0438 Keen Clearwater CNX Wmn gargoyle\/norse blue"}]},{"@type":"WebSite","@id":"https:\/\/xstyle.md\/#website","url":"https:\/\/xstyle.md\/","name":"Magazinul X-Style","description":"Echipamente pentru turism \u0219i sporturi extreme \u00een Moldova. Pre\u021buri, fotografii, caracteristici \u00een Moldova.","publisher":{"@id":"https:\/\/xstyle.md\/#organization"},"alternateName":"X-Style","potentialAction":[{"@type":"SearchAction","target":{"@type":"EntryPoint","urlTemplate":"https:\/\/xstyle.md\/?s={search_term_string}"},"query-input":{"@type":"PropertyValueSpecification","valueRequired":true,"valueName":"search_term_string"}}],"inLanguage":"ro-RO"},{"@type":"Organization","@id":"https:\/\/xstyle.md\/#organization","name":"Magazinul X-Style","alternateName":"x-style","url":"https:\/\/xstyle.md\/","logo":{"@type":"ImageObject","inLanguage":"ro-RO","@id":"https:\/\/xstyle.md\/#\/schema\/logo\/image\/","url":"https:\/\/xstyle.md\/wp-content\/uploads\/2020\/06\/logoicon.svg","contentUrl":"https:\/\/xstyle.md\/wp-content\/uploads\/2020\/06\/logoicon.svg","caption":"\u041c\u0430\u0433\u0430\u0437\u0438\u043d Xstyle"},"image":{"@id":"https:\/\/xstyle.md\/#\/schema\/logo\/image\/"},"sameAs":["https:\/\/www.facebook.com\/xstylemd","https:\/\/www.instagram.com\/xstyle_md\/","https:\/\/t.me\/xstyle_outdoor"],"hasMerchantReturnPolicy":{"@type":"MerchantReturnPolicy","merchantReturnLink":"https:\/\/xstyle.md\/ro\/conditions\/"}}]},"product_price_amount":"2100.00","product_price_currency":"MDL","og_availability":"instock","product_availability":"instock","product_retailer_item_id":"887194048878","product_condition":"new"},"post_mailing_queue_ids":[],"_links":{"self":[{"href":"https:\/\/xstyle.md\/ro\/wp-json\/wp\/v2\/product\/4014","targetHints":{"allow":["GET"]}}],"collection":[{"href":"https:\/\/xstyle.md\/ro\/wp-json\/wp\/v2\/product"}],"about":[{"href":"https:\/\/xstyle.md\/ro\/wp-json\/wp\/v2\/types\/product"}],"replies":[{"embeddable":true,"href":"https:\/\/xstyle.md\/ro\/wp-json\/wp\/v2\/comments?post=4014"}],"wp:featuredmedia":[{"embeddable":true,"href":"https:\/\/xstyle.md\/ro\/wp-json\/wp\/v2\/media\/4006"}],"wp:attachment":[{"href":"https:\/\/xstyle.md\/ro\/wp-json\/wp\/v2\/media?parent=4014"}],"wp:term":[{"taxonomy":"product_brand","embeddable":true,"href":"https:\/\/xstyle.md\/ro\/wp-json\/wp\/v2\/product_brand?post=4014"},{"taxonomy":"product_cat","embeddable":true,"href":"https:\/\/xstyle.md\/ro\/wp-json\/wp\/v2\/product_cat?post=4014"},{"taxonomy":"product_tag","embeddable":true,"href":"https:\/\/xstyle.md\/ro\/wp-json\/wp\/v2\/product_tag?post=4014"}],"curies":[{"name":"wp","href":"https:\/\/api.w.org\/{rel}","templated":true}]}}