{"id":39902,"date":"2021-09-08T18:19:59","date_gmt":"2021-09-08T15:19:59","guid":{"rendered":"https:\/\/xstyle.md\/?post_type=product&#038;p=39902"},"modified":"2026-04-07T15:23:47","modified_gmt":"2026-04-07T12:23:47","slug":"dugi-plastikovye-pinguin","status":"publish","type":"product","link":"https:\/\/xstyle.md\/ro\/produs\/dugi-plastikovye-pinguin\/","title":{"rendered":"Arcuri din plastic Pinguin"},"content":{"rendered":"<\/p>\n<p><strong>Arcuri de plastic Pinguin\u00a0<\/strong><\/p>\n<p>Arcurile reprezint\u0103 cadrul \u0219i cel mai important element al structurii cortului, care \u00eei confer\u0103 stabilitate. Dar, ca orice pies\u0103 de construc\u021bie consumabil\u0103, arcurile au tendin\u021ba de a se rupe sau de a se deteriora la contactul cu apa, lumina ultraviolet\u0103 \u0219i \u00eenghe\u021bul. De asemenea, nimeni nu este protejat de la deform\u0103ri mecanice.<\/p>\n<p>Pentru a repara sau \u00eenlocui un singur segment de arc sau \u00eentregul set, trebuie s\u0103 \u0219ti\u021bi din ce material este f\u0103cut, dimensiunea \u0219i diametrul acestuia. Exist\u0103 arcuri metalice, din plastic \u0219i compozite care difer\u0103 \u00een ceea ce prive\u0219te calitatea, durabilitatea \u0219i scopul utiliz\u0103rii.<\/p>\n<p>Fiecare set de repara\u021bii const\u0103 din sec\u021biunile arcului \u00een sine, de diferite dimensiuni, \u0219i un cordon elastic pentru asamblarea arcurilor. O gam\u0103 larg\u0103 de accesorii va permite \u00eenlocuirea unei sec\u021biuni pierdute sau rupte, facilit\u00e2nd astfel repararea \u00eentregii structuri.<\/p>\n<p><\/p>","protected":false},"excerpt":{"rendered":"","protected":false},"featured_media":40027,"comment_status":"open","ping_status":"closed","template":"","meta":{"_acf_changed":false,"inline_featured_image":false},"product_brand":[1263],"product_cat":[312],"product_tag":[],"class_list":{"0":"post-39902","1":"product","2":"type-product","3":"status-publish","4":"has-post-thumbnail","6":"product_brand-pinguin","7":"product_cat-accessories-for-tents","9":"first","10":"instock","11":"shipping-taxable","12":"purchasable","13":"product-type-simple"},"acf":[],"yoast_head":"<!-- This site is optimized with the Yoast SEO plugin v27.4 - https:\/\/yoast.com\/product\/yoast-seo-wordpress\/ -->\n<title>\u0414\u0443\u0433\u0438 \u043f\u043b\u0430\u0441\u0442\u0438\u043a\u043e\u0432\u044b\u0435 Pinguin - \u041c\u0430\u0433\u0430\u0437\u0438\u043d Xstyle<\/title>\n<meta name=\"description\" content=\"\u0414\u0443\u0433\u0438 \u043f\u043b\u0430\u0441\u0442\u0438\u043a\u043e\u0432\u044b\u0435 Pinguin \u2013 \u0438\u0434\u0435\u0430\u043b\u044c\u043d\u044b\u0439 \u0432\u044b\u0431\u043e\u0440 \u0434\u043b\u044f \u0432\u0430\u0448\u0435\u0433\u043e \u043f\u0430\u043b\u0430\u0442\u043a\u0438. \u041e\u0431\u0435\u0441\u043f\u0435\u0447\u0438\u0432\u0430\u044e\u0442 \u0441\u0442\u0430\u0431\u0438\u043b\u044c\u043d\u043e\u0441\u0442\u044c, \u0443\u0441\u0442\u043e\u0439\u0447\u0438\u0432\u044b \u043a \u043f\u043e\u0433\u043e\u0434\u043d\u044b\u043c \u0443\u0441\u043b\u043e\u0432\u0438\u044f\u043c \u0438 \u043c\u0435\u0445\u0430\u043d\u0438\u0447\u0435\u0441\u043a\u0438\u043c \u043f\u043e\u0432\u0440\u0435\u0436\u0434\u0435\u043d\u0438\u044f\u043c.\" \/>\n<meta name=\"robots\" content=\"index, follow, max-snippet:-1, max-image-preview:large, max-video-preview:-1\" \/>\n<link rel=\"canonical\" href=\"https:\/\/xstyle.md\/ro\/produs\/dugi-plastikovye-pinguin\/\" \/>\n<meta property=\"og:locale\" content=\"ro_RO\" \/>\n<meta property=\"og:type\" content=\"article\" \/>\n<meta property=\"og:title\" content=\"\u0414\u0443\u0433\u0438 \u043f\u043b\u0430\u0441\u0442\u0438\u043a\u043e\u0432\u044b\u0435 Pinguin - \u041c\u0430\u0433\u0430\u0437\u0438\u043d Xstyle\" \/>\n<meta property=\"og:description\" content=\"\u0414\u0443\u0433\u0438 \u043f\u043b\u0430\u0441\u0442\u0438\u043a\u043e\u0432\u044b\u0435 Pinguin \u2013 \u0438\u0434\u0435\u0430\u043b\u044c\u043d\u044b\u0439 \u0432\u044b\u0431\u043e\u0440 \u0434\u043b\u044f \u0432\u0430\u0448\u0435\u0433\u043e \u043f\u0430\u043b\u0430\u0442\u043a\u0438. \u041e\u0431\u0435\u0441\u043f\u0435\u0447\u0438\u0432\u0430\u044e\u0442 \u0441\u0442\u0430\u0431\u0438\u043b\u044c\u043d\u043e\u0441\u0442\u044c, \u0443\u0441\u0442\u043e\u0439\u0447\u0438\u0432\u044b \u043a \u043f\u043e\u0433\u043e\u0434\u043d\u044b\u043c \u0443\u0441\u043b\u043e\u0432\u0438\u044f\u043c \u0438 \u043c\u0435\u0445\u0430\u043d\u0438\u0447\u0435\u0441\u043a\u0438\u043c \u043f\u043e\u0432\u0440\u0435\u0436\u0434\u0435\u043d\u0438\u044f\u043c.\" \/>\n<meta property=\"og:url\" content=\"https:\/\/xstyle.md\/ro\/produs\/dugi-plastikovye-pinguin\/\" \/>\n<meta property=\"og:site_name\" content=\"\u041c\u0430\u0433\u0430\u0437\u0438\u043d Xstyle\" \/>\n<meta property=\"article:publisher\" content=\"https:\/\/www.facebook.com\/xstylemd\" \/>\n<meta property=\"article:modified_time\" content=\"2026-04-07T12:23:47+00:00\" \/>\n<meta property=\"og:image\" content=\"https:\/\/xstyle.md\/wp-content\/uploads\/2021\/09\/dugi-plastik.jpg\" \/>\n\t<meta property=\"og:image:width\" content=\"1280\" \/>\n\t<meta property=\"og:image:height\" content=\"791\" \/>\n\t<meta property=\"og:image:type\" content=\"image\/jpeg\" \/>\n<meta name=\"twitter:card\" content=\"summary_large_image\" \/>\n<meta name=\"twitter:label1\" content=\"Pre\u021b\" \/>\n\t<meta name=\"twitter:data1\" content=\"30&nbsp;MDL\" \/>\n\t<meta name=\"twitter:label2\" content=\"Disponibilitate\" \/>\n\t<meta name=\"twitter:data2\" content=\"\u00cen stoc\" \/>\n<script type=\"application\/ld+json\" class=\"yoast-schema-graph\">{\"@context\":\"https:\\\/\\\/schema.org\",\"@graph\":[{\"@type\":\"WebPage\",\"@id\":\"https:\\\/\\\/xstyle.md\\\/product\\\/dugi-plastikovye-pinguin\\\/\",\"url\":\"https:\\\/\\\/xstyle.md\\\/product\\\/dugi-plastikovye-pinguin\\\/\",\"name\":\"\u0414\u0443\u0433\u0438 \u043f\u043b\u0430\u0441\u0442\u0438\u043a\u043e\u0432\u044b\u0435 Pinguin - \u041c\u0430\u0433\u0430\u0437\u0438\u043d Xstyle\",\"isPartOf\":{\"@id\":\"https:\\\/\\\/xstyle.md\\\/#website\"},\"primaryImageOfPage\":{\"@id\":\"https:\\\/\\\/xstyle.md\\\/product\\\/dugi-plastikovye-pinguin\\\/#primaryimage\"},\"image\":{\"@id\":\"https:\\\/\\\/xstyle.md\\\/product\\\/dugi-plastikovye-pinguin\\\/#primaryimage\"},\"thumbnailUrl\":\"https:\\\/\\\/xstyle.md\\\/wp-content\\\/uploads\\\/2021\\\/09\\\/dugi-plastik.jpg\",\"datePublished\":\"2021-09-08T15:19:59+00:00\",\"dateModified\":\"2026-04-07T12:23:47+00:00\",\"description\":\"\u0414\u0443\u0433\u0438 \u043f\u043b\u0430\u0441\u0442\u0438\u043a\u043e\u0432\u044b\u0435 Pinguin \u2013 \u0438\u0434\u0435\u0430\u043b\u044c\u043d\u044b\u0439 \u0432\u044b\u0431\u043e\u0440 \u0434\u043b\u044f \u0432\u0430\u0448\u0435\u0433\u043e \u043f\u0430\u043b\u0430\u0442\u043a\u0438. \u041e\u0431\u0435\u0441\u043f\u0435\u0447\u0438\u0432\u0430\u044e\u0442 \u0441\u0442\u0430\u0431\u0438\u043b\u044c\u043d\u043e\u0441\u0442\u044c, \u0443\u0441\u0442\u043e\u0439\u0447\u0438\u0432\u044b \u043a \u043f\u043e\u0433\u043e\u0434\u043d\u044b\u043c \u0443\u0441\u043b\u043e\u0432\u0438\u044f\u043c \u0438 \u043c\u0435\u0445\u0430\u043d\u0438\u0447\u0435\u0441\u043a\u0438\u043c \u043f\u043e\u0432\u0440\u0435\u0436\u0434\u0435\u043d\u0438\u044f\u043c.\",\"breadcrumb\":{\"@id\":\"https:\\\/\\\/xstyle.md\\\/product\\\/dugi-plastikovye-pinguin\\\/#breadcrumb\"},\"inLanguage\":\"ro-RO\",\"potentialAction\":[{\"@type\":\"ReadAction\",\"target\":[\"https:\\\/\\\/xstyle.md\\\/product\\\/dugi-plastikovye-pinguin\\\/\"]}]},{\"@type\":\"ImageObject\",\"inLanguage\":\"ro-RO\",\"@id\":\"https:\\\/\\\/xstyle.md\\\/product\\\/dugi-plastikovye-pinguin\\\/#primaryimage\",\"url\":\"https:\\\/\\\/xstyle.md\\\/wp-content\\\/uploads\\\/2021\\\/09\\\/dugi-plastik.jpg\",\"contentUrl\":\"https:\\\/\\\/xstyle.md\\\/wp-content\\\/uploads\\\/2021\\\/09\\\/dugi-plastik.jpg\",\"width\":1280,\"height\":791,\"caption\":\"\u041f\u043b\u0430\u0441\u0442\u0438\u043a\u043e\u0432\u044b\u0435 \u0434\u0443\u0433\u0438 \u0434\u043b\u044f \u0430\u043a\u0442\u0438\u0432\u043d\u043e\u0439 \u0436\u0438\u0437\u043d\u0438, \u0441\u043f\u043e\u0440\u0442\u0438\u0432\u043d\u043e\u0439 \u043e\u0434\u0435\u0436\u0434\u044b \u0438 \u043e\u0431\u0443\u0432\u0438 \u0434\u043b\u044f \u043f\u043e\u0445\u043e\u0434\u043e\u0432 \u0438 \u043f\u0443\u0442\u0435\u0448\u0435\u0441\u0442\u0432\u0438\u0439 \u043d\u0430 \u0441\u0430\u0439\u0442\u0435 \u0414\u0443\u0433\u0438 \u043f\u043b\u0430\u0441\u0442\u0438\u043a\u043e\u0432\u044b\u0435 Pinguin\"},{\"@type\":\"BreadcrumbList\",\"@id\":\"https:\\\/\\\/xstyle.md\\\/product\\\/dugi-plastikovye-pinguin\\\/#breadcrumb\",\"itemListElement\":[{\"@type\":\"ListItem\",\"position\":1,\"name\":\"\u0413\u043b\u0430\u0432\u043d\u0430\u044f \u0441\u0442\u0440\u0430\u043d\u0438\u0446\u0430\",\"item\":\"https:\\\/\\\/xstyle.md\\\/\"},{\"@type\":\"ListItem\",\"position\":2,\"name\":\"\u041c\u0430\u0433\u0430\u0437\u0438\u043d\",\"item\":\"https:\\\/\\\/xstyle.md\\\/shop\\\/\"},{\"@type\":\"ListItem\",\"position\":3,\"name\":\"\u0414\u0443\u0433\u0438 \u043f\u043b\u0430\u0441\u0442\u0438\u043a\u043e\u0432\u044b\u0435 Pinguin\"}]},{\"@type\":\"WebSite\",\"@id\":\"https:\\\/\\\/xstyle.md\\\/#website\",\"url\":\"https:\\\/\\\/xstyle.md\\\/\",\"name\":\"\u041c\u0430\u0433\u0430\u0437\u0438\u043d Xstyle\",\"description\":\"C\u043d\u0430\u0440\u044f\u0436\u0435\u043d\u0438\u0435 \u0434\u043b\u044f \u0442\u0443\u0440\u0438\u0437\u043c\u0430 \u0438 \u044d\u043a\u0441\u0442\u0440\u0435\u043c\u0430\u043b\u044c\u043d\u044b\u0445 \u0432\u0438\u0434\u043e\u0432 \u0441\u043f\u043e\u0440\u0442\u0430 \u0432 \u041c\u043e\u043b\u0434\u043e\u0432\u0435.. \u0426\u0435\u043d\u044b, \u0444\u043e\u0442\u043e, \u0445\u0430\u0440\u0430\u043a\u0442\u0435\u0440\u0438\u0441\u0442\u0438\u043a\u0438 \u0432 \u041c\u043e\u043b\u0434\u043e\u0432\u0435.\",\"publisher\":{\"@id\":\"https:\\\/\\\/xstyle.md\\\/#organization\"},\"alternateName\":\"X-Style\",\"potentialAction\":[{\"@type\":\"SearchAction\",\"target\":{\"@type\":\"EntryPoint\",\"urlTemplate\":\"https:\\\/\\\/xstyle.md\\\/?s={search_term_string}\"},\"query-input\":{\"@type\":\"PropertyValueSpecification\",\"valueRequired\":true,\"valueName\":\"search_term_string\"}}],\"inLanguage\":\"ro-RO\"},{\"@type\":\"Organization\",\"@id\":\"https:\\\/\\\/xstyle.md\\\/#organization\",\"name\":\"\u041c\u0430\u0433\u0430\u0437\u0438\u043d Xstyle\",\"alternateName\":\"x-style\",\"url\":\"https:\\\/\\\/xstyle.md\\\/\",\"logo\":{\"@type\":\"ImageObject\",\"inLanguage\":\"ro-RO\",\"@id\":\"https:\\\/\\\/xstyle.md\\\/#\\\/schema\\\/logo\\\/image\\\/\",\"url\":\"https:\\\/\\\/xstyle.md\\\/wp-content\\\/uploads\\\/2020\\\/06\\\/logoicon.svg\",\"contentUrl\":\"https:\\\/\\\/xstyle.md\\\/wp-content\\\/uploads\\\/2020\\\/06\\\/logoicon.svg\",\"caption\":\"\u041c\u0430\u0433\u0430\u0437\u0438\u043d Xstyle\"},\"image\":{\"@id\":\"https:\\\/\\\/xstyle.md\\\/#\\\/schema\\\/logo\\\/image\\\/\"},\"sameAs\":[\"https:\\\/\\\/www.facebook.com\\\/xstylemd\",\"https:\\\/\\\/www.instagram.com\\\/xstyle_md\\\/\",\"https:\\\/\\\/t.me\\\/xstyle_outdoor\"],\"hasMerchantReturnPolicy\":{\"@type\":\"MerchantReturnPolicy\",\"merchantReturnLink\":\"https:\\\/\\\/xstyle.md\\\/ro\\\/conditions\\\/\"}}]}<\/script>\n<meta property=\"product:price:amount\" content=\"30.00\" \/>\n<meta property=\"product:price:currency\" content=\"MDL\" \/>\n<meta property=\"og:availability\" content=\"instock\" \/>\n<meta property=\"product:availability\" content=\"instock\" \/>\n<meta property=\"product:retailer_item_id\" content=\"2003333221799\" \/>\n<meta property=\"product:condition\" content=\"new\" \/>\n<!-- \/ Yoast SEO plugin. -->","yoast_head_json":{"title":"Arcuri din plastic Pinguin - Magazin Xstyle","description":"Barele din plastic Pinguin sunt alegerea ideal\u0103 pentru cortul dumneavoastr\u0103. Asigur\u0103 stabilitate, sunt rezistente la condi\u021biile meteorologice \u0219i la daune mecanice.","robots":{"index":"index","follow":"follow","max-snippet":"max-snippet:-1","max-image-preview":"max-image-preview:large","max-video-preview":"max-video-preview:-1"},"canonical":"https:\/\/xstyle.md\/ro\/produs\/dugi-plastikovye-pinguin\/","og_locale":"ro_RO","og_type":"article","og_title":"\u0414\u0443\u0433\u0438 \u043f\u043b\u0430\u0441\u0442\u0438\u043a\u043e\u0432\u044b\u0435 Pinguin - \u041c\u0430\u0433\u0430\u0437\u0438\u043d Xstyle","og_description":"\u0414\u0443\u0433\u0438 \u043f\u043b\u0430\u0441\u0442\u0438\u043a\u043e\u0432\u044b\u0435 Pinguin \u2013 \u0438\u0434\u0435\u0430\u043b\u044c\u043d\u044b\u0439 \u0432\u044b\u0431\u043e\u0440 \u0434\u043b\u044f \u0432\u0430\u0448\u0435\u0433\u043e \u043f\u0430\u043b\u0430\u0442\u043a\u0438. \u041e\u0431\u0435\u0441\u043f\u0435\u0447\u0438\u0432\u0430\u044e\u0442 \u0441\u0442\u0430\u0431\u0438\u043b\u044c\u043d\u043e\u0441\u0442\u044c, \u0443\u0441\u0442\u043e\u0439\u0447\u0438\u0432\u044b \u043a \u043f\u043e\u0433\u043e\u0434\u043d\u044b\u043c \u0443\u0441\u043b\u043e\u0432\u0438\u044f\u043c \u0438 \u043c\u0435\u0445\u0430\u043d\u0438\u0447\u0435\u0441\u043a\u0438\u043c \u043f\u043e\u0432\u0440\u0435\u0436\u0434\u0435\u043d\u0438\u044f\u043c.","og_url":"https:\/\/xstyle.md\/ro\/produs\/dugi-plastikovye-pinguin\/","og_site_name":"\u041c\u0430\u0433\u0430\u0437\u0438\u043d Xstyle","article_publisher":"https:\/\/www.facebook.com\/xstylemd","article_modified_time":"2026-04-07T12:23:47+00:00","og_image":[{"width":1280,"height":791,"url":"https:\/\/xstyle.md\/wp-content\/uploads\/2021\/09\/dugi-plastik.jpg","type":"image\/jpeg"}],"twitter_card":"summary_large_image","twitter_misc":{"Pre\u021b":"30&nbsp;MDL","Disponibilitate":"\u00cen stoc"},"schema":{"@context":"https:\/\/schema.org","@graph":[{"@type":"WebPage","@id":"https:\/\/xstyle.md\/product\/dugi-plastikovye-pinguin\/","url":"https:\/\/xstyle.md\/product\/dugi-plastikovye-pinguin\/","name":"Arcuri din plastic Pinguin - Magazin Xstyle","isPartOf":{"@id":"https:\/\/xstyle.md\/#website"},"primaryImageOfPage":{"@id":"https:\/\/xstyle.md\/product\/dugi-plastikovye-pinguin\/#primaryimage"},"image":{"@id":"https:\/\/xstyle.md\/product\/dugi-plastikovye-pinguin\/#primaryimage"},"thumbnailUrl":"https:\/\/xstyle.md\/wp-content\/uploads\/2021\/09\/dugi-plastik.jpg","datePublished":"2021-09-08T15:19:59+00:00","dateModified":"2026-04-07T12:23:47+00:00","description":"Barele din plastic Pinguin sunt alegerea ideal\u0103 pentru cortul dumneavoastr\u0103. Asigur\u0103 stabilitate, sunt rezistente la condi\u021biile meteorologice \u0219i la daune mecanice.","breadcrumb":{"@id":"https:\/\/xstyle.md\/product\/dugi-plastikovye-pinguin\/#breadcrumb"},"inLanguage":"ro-RO","potentialAction":[{"@type":"ReadAction","target":["https:\/\/xstyle.md\/product\/dugi-plastikovye-pinguin\/"]}]},{"@type":"ImageObject","inLanguage":"ro-RO","@id":"https:\/\/xstyle.md\/product\/dugi-plastikovye-pinguin\/#primaryimage","url":"https:\/\/xstyle.md\/wp-content\/uploads\/2021\/09\/dugi-plastik.jpg","contentUrl":"https:\/\/xstyle.md\/wp-content\/uploads\/2021\/09\/dugi-plastik.jpg","width":1280,"height":791,"caption":"\u041f\u043b\u0430\u0441\u0442\u0438\u043a\u043e\u0432\u044b\u0435 \u0434\u0443\u0433\u0438 \u0434\u043b\u044f \u0430\u043a\u0442\u0438\u0432\u043d\u043e\u0439 \u0436\u0438\u0437\u043d\u0438, \u0441\u043f\u043e\u0440\u0442\u0438\u0432\u043d\u043e\u0439 \u043e\u0434\u0435\u0436\u0434\u044b \u0438 \u043e\u0431\u0443\u0432\u0438 \u0434\u043b\u044f \u043f\u043e\u0445\u043e\u0434\u043e\u0432 \u0438 \u043f\u0443\u0442\u0435\u0448\u0435\u0441\u0442\u0432\u0438\u0439 \u043d\u0430 \u0441\u0430\u0439\u0442\u0435 \u0414\u0443\u0433\u0438 \u043f\u043b\u0430\u0441\u0442\u0438\u043a\u043e\u0432\u044b\u0435 Pinguin"},{"@type":"BreadcrumbList","@id":"https:\/\/xstyle.md\/product\/dugi-plastikovye-pinguin\/#breadcrumb","itemListElement":[{"@type":"ListItem","position":1,"name":"\u0413\u043b\u0430\u0432\u043d\u0430\u044f \u0441\u0442\u0440\u0430\u043d\u0438\u0446\u0430","item":"https:\/\/xstyle.md\/"},{"@type":"ListItem","position":2,"name":"\u041c\u0430\u0433\u0430\u0437\u0438\u043d","item":"https:\/\/xstyle.md\/shop\/"},{"@type":"ListItem","position":3,"name":"\u0414\u0443\u0433\u0438 \u043f\u043b\u0430\u0441\u0442\u0438\u043a\u043e\u0432\u044b\u0435 Pinguin"}]},{"@type":"WebSite","@id":"https:\/\/xstyle.md\/#website","url":"https:\/\/xstyle.md\/","name":"Magazinul X-Style","description":"Echipamente pentru turism \u0219i sporturi extreme \u00een Moldova. Pre\u021buri, fotografii, caracteristici \u00een Moldova.","publisher":{"@id":"https:\/\/xstyle.md\/#organization"},"alternateName":"X-Style","potentialAction":[{"@type":"SearchAction","target":{"@type":"EntryPoint","urlTemplate":"https:\/\/xstyle.md\/?s={search_term_string}"},"query-input":{"@type":"PropertyValueSpecification","valueRequired":true,"valueName":"search_term_string"}}],"inLanguage":"ro-RO"},{"@type":"Organization","@id":"https:\/\/xstyle.md\/#organization","name":"Magazinul X-Style","alternateName":"x-style","url":"https:\/\/xstyle.md\/","logo":{"@type":"ImageObject","inLanguage":"ro-RO","@id":"https:\/\/xstyle.md\/#\/schema\/logo\/image\/","url":"https:\/\/xstyle.md\/wp-content\/uploads\/2020\/06\/logoicon.svg","contentUrl":"https:\/\/xstyle.md\/wp-content\/uploads\/2020\/06\/logoicon.svg","caption":"\u041c\u0430\u0433\u0430\u0437\u0438\u043d Xstyle"},"image":{"@id":"https:\/\/xstyle.md\/#\/schema\/logo\/image\/"},"sameAs":["https:\/\/www.facebook.com\/xstylemd","https:\/\/www.instagram.com\/xstyle_md\/","https:\/\/t.me\/xstyle_outdoor"],"hasMerchantReturnPolicy":{"@type":"MerchantReturnPolicy","merchantReturnLink":"https:\/\/xstyle.md\/ro\/conditions\/"}}]},"product_price_amount":"30.00","product_price_currency":"MDL","og_availability":"instock","product_availability":"instock","product_retailer_item_id":"2003333221799","product_condition":"new"},"_links":{"self":[{"href":"https:\/\/xstyle.md\/ro\/wp-json\/wp\/v2\/product\/39902","targetHints":{"allow":["GET"]}}],"collection":[{"href":"https:\/\/xstyle.md\/ro\/wp-json\/wp\/v2\/product"}],"about":[{"href":"https:\/\/xstyle.md\/ro\/wp-json\/wp\/v2\/types\/product"}],"replies":[{"embeddable":true,"href":"https:\/\/xstyle.md\/ro\/wp-json\/wp\/v2\/comments?post=39902"}],"wp:featuredmedia":[{"embeddable":true,"href":"https:\/\/xstyle.md\/ro\/wp-json\/wp\/v2\/media\/40027"}],"wp:attachment":[{"href":"https:\/\/xstyle.md\/ro\/wp-json\/wp\/v2\/media?parent=39902"}],"wp:term":[{"taxonomy":"product_brand","embeddable":true,"href":"https:\/\/xstyle.md\/ro\/wp-json\/wp\/v2\/product_brand?post=39902"},{"taxonomy":"product_cat","embeddable":true,"href":"https:\/\/xstyle.md\/ro\/wp-json\/wp\/v2\/product_cat?post=39902"},{"taxonomy":"product_tag","embeddable":true,"href":"https:\/\/xstyle.md\/ro\/wp-json\/wp\/v2\/product_tag?post=39902"}],"curies":[{"name":"wp","href":"https:\/\/api.w.org\/{rel}","templated":true}]}}