{"id":39898,"date":"2021-09-08T18:19:58","date_gmt":"2021-09-08T15:19:58","guid":{"rendered":"https:\/\/xstyle.md\/?post_type=product&#038;p=39898"},"modified":"2026-02-09T11:26:58","modified_gmt":"2026-02-09T08:26:58","slug":"termobutylka-laken-joy-thermo-bottle-0-5-l","status":"publish","type":"product","link":"https:\/\/xstyle.md\/ro\/produs\/termobutylka-laken-joy-thermo-bottle-0-5-l\/","title":{"rendered":"Termo sticl\u0103 Laken Joy Thermo Bottle 0,5 L"},"content":{"rendered":"<p><\/p>\n<p><strong>Laken Joy Thermo Bottle 0,5 L<\/strong> \u2013 o sticl\u0103 termic\u0103 cu o form\u0103 elegant\u0103, fabricat\u0103 din o\u021bel inoxidabil de calitate alimentar\u0103. Izola\u021bia prin vid cu pere\u021bi dubli men\u021bine temperatura b\u0103uturilor calde sau reci pentru o perioad\u0103 lung\u0103 de timp, chiar \u0219i \u00een condi\u021bii de temperatur\u0103 exterioar\u0103 foarte sc\u0103zut\u0103 sau ridicat\u0103. Dopul practic, prin \u00een\u0219urubare ermetic\u0103, previne scurgerea con\u021binutului.<\/p>\n<h3>Particularit\u0103\u021bi<\/h3>\n<ul>\n<li>Greutate redus\u0103 &#8212; u\u0219or de transportat \u00een orice rucsac sau geant\u0103.<\/li>\n<li>Form\u0103 ergonomic\u0103 &#8212; ofer\u0103 o prindere confortabil\u0103 \u0219i sigur\u0103.<\/li>\n<li>Neutralitate &#8212; nu modific\u0103 gustul sau mirosul b\u0103uturii.<\/li>\n<li>Igien\u0103 &#8212; este u\u0219or de cur\u0103\u021bat.<\/li>\n<li>Siguran\u021b\u0103 &#8212; nu con\u021bine Bisfenol-A (BPA) sau alte substan\u021be nocive.<\/li>\n<\/ul>\n<h3>Caracteristici<\/h3>\n<ul>\n<li>Material \u2013 O\u021bel inoxidabil 18\/8<\/li>\n<li>Volum \u2013 500 ml<\/li>\n<li>Dimensiuni \u2013 \u220570 x 265 mm<\/li>\n<li>Greutate \u2013 300 g<\/li>\n<\/ul>\n<h3>Performan\u021b\u0103 termic\u0103<\/h3>\n<ul>\n<li>Men\u021bine b\u0103utura cald\u0103 \u2013 p\u00e2n\u0103 la 12 ore<\/li>\n<li>Men\u021bine b\u0103utura rece \u2013 p\u00e2n\u0103 la 24 de ore<\/li>\n<\/ul>\n<h3>Tehnologii<\/h3>\n<p><strong>BPA<\/strong> (bisfenol A)\u00a0 &#8212; este un compus chimic organic utilizat \u00een fabricarea maselor plastice, a policarbonatului \u0219i a r\u0103\u0219inilor epoxidice. Aceast\u0103 substan\u021b\u0103 este ad\u0103ugat\u0103, de asemenea, \u00een produsele din plastic \u0219i \u00een conserve. Principalele propriet\u0103\u021bi ale bisfenolului A sunt cele de \u00eent\u0103rire \u0219i antioxidare. BPA poate p\u0103trunde \u00een organismul uman nu doar prin alimente \u0219i ap\u0103, ci \u0219i prin piele sau pl\u0103m\u00e2ni. Contactul prelungit al lichidelor \u0219i al alimentelor umede cu plasticul care con\u021bine bisfenol A favorizeaz\u0103 eliberarea acestei substan\u021be \u00een alimente. \u00cenc\u0103lzirea acestor recipiente accelereaz\u0103 semnificativ procesul de eliberare a bisfenolului A.<br \/>\n<\/p>","protected":false},"excerpt":{"rendered":"","protected":false},"featured_media":40291,"comment_status":"open","ping_status":"closed","template":"","meta":{"_acf_changed":false,"inline_featured_image":false},"product_brand":[1348],"product_cat":[855],"product_tag":[],"class_list":{"0":"post-39898","1":"product","2":"type-product","3":"status-publish","4":"has-post-thumbnail","6":"product_brand-laken","7":"product_cat-thermos","9":"first","10":"instock","11":"shipping-taxable","12":"purchasable","13":"product-type-simple"},"acf":[],"yoast_head":"<!-- This site is optimized with the Yoast SEO plugin v27.4 - https:\/\/yoast.com\/product\/yoast-seo-wordpress\/ -->\n<title>\u0422\u0435\u0440\u043c\u043e\u0431\u0443\u0442\u044b\u043b\u043a\u0430 Laken Joy Thermo Bottle 0,5 L - \u041c\u0430\u0433\u0430\u0437\u0438\u043d Xstyle<\/title>\n<meta name=\"description\" content=\"\u041e\u0442\u043a\u0440\u043e\u0439\u0442\u0435 \u0434\u043b\u044f \u0441\u0435\u0431\u044f \u0442\u0435\u0440\u043c\u043e\u0431\u0443\u0442\u044b\u043b\u043a\u0443 Laken Joy \u043e\u0431\u044a\u0435\u043c\u043e\u043c 0,5 \u043b: \u0438\u0434\u0435\u0430\u043b\u044c\u043d\u044b\u0439 \u0432\u044b\u0431\u043e\u0440 \u0434\u043b\u044f \u0433\u043e\u0440\u044f\u0447\u0438\u0445 \u0438 \u0445\u043e\u043b\u043e\u0434\u043d\u044b\u0445 \u043d\u0430\u043f\u0438\u0442\u043a\u043e\u0432. \u0411\u0435\u0437 BPA, \u043f\u0440\u043e\u0447\u043d\u0430\u044f \u0438 \u0441\u0442\u0438\u043b\u044c\u043d\u0430\u044f!\" \/>\n<meta name=\"robots\" content=\"index, follow, max-snippet:-1, max-image-preview:large, max-video-preview:-1\" \/>\n<link rel=\"canonical\" href=\"https:\/\/xstyle.md\/ro\/produs\/termobutylka-laken-joy-thermo-bottle-0-5-l\/\" \/>\n<meta property=\"og:locale\" content=\"ro_RO\" \/>\n<meta property=\"og:type\" content=\"article\" \/>\n<meta property=\"og:title\" content=\"\u0422\u0435\u0440\u043c\u043e\u0431\u0443\u0442\u044b\u043b\u043a\u0430 Laken Joy Thermo Bottle 0,5 L - \u041c\u0430\u0433\u0430\u0437\u0438\u043d Xstyle\" \/>\n<meta property=\"og:description\" content=\"\u041e\u0442\u043a\u0440\u043e\u0439\u0442\u0435 \u0434\u043b\u044f \u0441\u0435\u0431\u044f \u0442\u0435\u0440\u043c\u043e\u0431\u0443\u0442\u044b\u043b\u043a\u0443 Laken Joy \u043e\u0431\u044a\u0435\u043c\u043e\u043c 0,5 \u043b: \u0438\u0434\u0435\u0430\u043b\u044c\u043d\u044b\u0439 \u0432\u044b\u0431\u043e\u0440 \u0434\u043b\u044f \u0433\u043e\u0440\u044f\u0447\u0438\u0445 \u0438 \u0445\u043e\u043b\u043e\u0434\u043d\u044b\u0445 \u043d\u0430\u043f\u0438\u0442\u043a\u043e\u0432. \u0411\u0435\u0437 BPA, \u043f\u0440\u043e\u0447\u043d\u0430\u044f \u0438 \u0441\u0442\u0438\u043b\u044c\u043d\u0430\u044f!\" \/>\n<meta property=\"og:url\" content=\"https:\/\/xstyle.md\/ro\/produs\/termobutylka-laken-joy-thermo-bottle-0-5-l\/\" \/>\n<meta property=\"og:site_name\" content=\"\u041c\u0430\u0433\u0430\u0437\u0438\u043d Xstyle\" \/>\n<meta property=\"article:publisher\" content=\"https:\/\/www.facebook.com\/xstylemd\" \/>\n<meta property=\"article:modified_time\" content=\"2026-02-09T08:26:58+00:00\" \/>\n<meta property=\"og:image\" content=\"https:\/\/xstyle.md\/wp-content\/uploads\/2021\/09\/laken-joy-thermo-bottle-05-l.jpg\" \/>\n\t<meta property=\"og:image:width\" content=\"1000\" \/>\n\t<meta property=\"og:image:height\" content=\"1000\" \/>\n\t<meta property=\"og:image:type\" content=\"image\/jpeg\" \/>\n<meta name=\"twitter:card\" content=\"summary_large_image\" \/>\n<meta name=\"twitter:label1\" content=\"Pre\u021b\" \/>\n\t<meta name=\"twitter:data1\" content=\"550&nbsp;MDL\" \/>\n\t<meta name=\"twitter:label2\" content=\"Disponibilitate\" \/>\n\t<meta name=\"twitter:data2\" content=\"\u00cen stoc\" \/>\n<script type=\"application\/ld+json\" class=\"yoast-schema-graph\">{\"@context\":\"https:\\\/\\\/schema.org\",\"@graph\":[{\"@type\":\"WebPage\",\"@id\":\"https:\\\/\\\/xstyle.md\\\/product\\\/termobutylka-laken-joy-thermo-bottle-0-5-l\\\/\",\"url\":\"https:\\\/\\\/xstyle.md\\\/product\\\/termobutylka-laken-joy-thermo-bottle-0-5-l\\\/\",\"name\":\"\u0422\u0435\u0440\u043c\u043e\u0431\u0443\u0442\u044b\u043b\u043a\u0430 Laken Joy Thermo Bottle 0,5 L - \u041c\u0430\u0433\u0430\u0437\u0438\u043d Xstyle\",\"isPartOf\":{\"@id\":\"https:\\\/\\\/xstyle.md\\\/#website\"},\"primaryImageOfPage\":{\"@id\":\"https:\\\/\\\/xstyle.md\\\/product\\\/termobutylka-laken-joy-thermo-bottle-0-5-l\\\/#primaryimage\"},\"image\":{\"@id\":\"https:\\\/\\\/xstyle.md\\\/product\\\/termobutylka-laken-joy-thermo-bottle-0-5-l\\\/#primaryimage\"},\"thumbnailUrl\":\"https:\\\/\\\/xstyle.md\\\/wp-content\\\/uploads\\\/2021\\\/09\\\/laken-joy-thermo-bottle-05-l.jpg\",\"datePublished\":\"2021-09-08T15:19:58+00:00\",\"dateModified\":\"2026-02-09T08:26:58+00:00\",\"description\":\"\u041e\u0442\u043a\u0440\u043e\u0439\u0442\u0435 \u0434\u043b\u044f \u0441\u0435\u0431\u044f \u0442\u0435\u0440\u043c\u043e\u0431\u0443\u0442\u044b\u043b\u043a\u0443 Laken Joy \u043e\u0431\u044a\u0435\u043c\u043e\u043c 0,5 \u043b: \u0438\u0434\u0435\u0430\u043b\u044c\u043d\u044b\u0439 \u0432\u044b\u0431\u043e\u0440 \u0434\u043b\u044f \u0433\u043e\u0440\u044f\u0447\u0438\u0445 \u0438 \u0445\u043e\u043b\u043e\u0434\u043d\u044b\u0445 \u043d\u0430\u043f\u0438\u0442\u043a\u043e\u0432. \u0411\u0435\u0437 BPA, \u043f\u0440\u043e\u0447\u043d\u0430\u044f \u0438 \u0441\u0442\u0438\u043b\u044c\u043d\u0430\u044f!\",\"breadcrumb\":{\"@id\":\"https:\\\/\\\/xstyle.md\\\/product\\\/termobutylka-laken-joy-thermo-bottle-0-5-l\\\/#breadcrumb\"},\"inLanguage\":\"ro-RO\",\"potentialAction\":[{\"@type\":\"ReadAction\",\"target\":[\"https:\\\/\\\/xstyle.md\\\/product\\\/termobutylka-laken-joy-thermo-bottle-0-5-l\\\/\"]}]},{\"@type\":\"ImageObject\",\"inLanguage\":\"ro-RO\",\"@id\":\"https:\\\/\\\/xstyle.md\\\/product\\\/termobutylka-laken-joy-thermo-bottle-0-5-l\\\/#primaryimage\",\"url\":\"https:\\\/\\\/xstyle.md\\\/wp-content\\\/uploads\\\/2021\\\/09\\\/laken-joy-thermo-bottle-05-l.jpg\",\"contentUrl\":\"https:\\\/\\\/xstyle.md\\\/wp-content\\\/uploads\\\/2021\\\/09\\\/laken-joy-thermo-bottle-05-l.jpg\",\"width\":1000,\"height\":1000,\"caption\":\"\u0422\u0435\u0440\u043c\u043e\u0431\u0443\u0442\u044b\u043b\u043a\u0430 Laken Joy \u0434\u043b\u044f \u0430\u043a\u0442\u0438\u0432\u043d\u043e\u0433\u043e \u043e\u0442\u0434\u044b\u0445\u0430 \u043f\u043e\u0445\u043e\u0434\u043e\u0432 \u0438 \u043f\u0443\u0442\u0435\u0448\u0435\u0441\u0442\u0432\u0438\u0439, \u043e\u0434\u0435\u0436\u0434\u0430 \u0438 \u043e\u0431\u0443\u0432\u044c \u0434\u043b\u044f \u0443\u043b\u0438\u0447\u043d\u044b\u0445 \u0430\u043a\u0442\u0438\u0432\u043d\u043e\u0441\u0442\u0435\u0439, \u0442\u043e\u0432\u0430\u0440\u044b \u0434\u043b\u044f \u0442\u0443\u0440\u0438\u0437\u043c\u0430 \u0438 \u0430\u043b\u044c\u043f\u0438\u043d\u0438\u0437\u043c\u0430\"},{\"@type\":\"BreadcrumbList\",\"@id\":\"https:\\\/\\\/xstyle.md\\\/product\\\/termobutylka-laken-joy-thermo-bottle-0-5-l\\\/#breadcrumb\",\"itemListElement\":[{\"@type\":\"ListItem\",\"position\":1,\"name\":\"\u0413\u043b\u0430\u0432\u043d\u0430\u044f \u0441\u0442\u0440\u0430\u043d\u0438\u0446\u0430\",\"item\":\"https:\\\/\\\/xstyle.md\\\/\"},{\"@type\":\"ListItem\",\"position\":2,\"name\":\"\u041c\u0430\u0433\u0430\u0437\u0438\u043d\",\"item\":\"https:\\\/\\\/xstyle.md\\\/shop\\\/\"},{\"@type\":\"ListItem\",\"position\":3,\"name\":\"\u0422\u0435\u0440\u043c\u043e\u0431\u0443\u0442\u044b\u043b\u043a\u0430 Laken Joy Thermo Bottle 0,5 L\"}]},{\"@type\":\"WebSite\",\"@id\":\"https:\\\/\\\/xstyle.md\\\/#website\",\"url\":\"https:\\\/\\\/xstyle.md\\\/\",\"name\":\"\u041c\u0430\u0433\u0430\u0437\u0438\u043d Xstyle\",\"description\":\"C\u043d\u0430\u0440\u044f\u0436\u0435\u043d\u0438\u0435 \u0434\u043b\u044f \u0442\u0443\u0440\u0438\u0437\u043c\u0430 \u0438 \u044d\u043a\u0441\u0442\u0440\u0435\u043c\u0430\u043b\u044c\u043d\u044b\u0445 \u0432\u0438\u0434\u043e\u0432 \u0441\u043f\u043e\u0440\u0442\u0430 \u0432 \u041c\u043e\u043b\u0434\u043e\u0432\u0435.. \u0426\u0435\u043d\u044b, \u0444\u043e\u0442\u043e, \u0445\u0430\u0440\u0430\u043a\u0442\u0435\u0440\u0438\u0441\u0442\u0438\u043a\u0438 \u0432 \u041c\u043e\u043b\u0434\u043e\u0432\u0435.\",\"publisher\":{\"@id\":\"https:\\\/\\\/xstyle.md\\\/#organization\"},\"alternateName\":\"X-Style\",\"potentialAction\":[{\"@type\":\"SearchAction\",\"target\":{\"@type\":\"EntryPoint\",\"urlTemplate\":\"https:\\\/\\\/xstyle.md\\\/?s={search_term_string}\"},\"query-input\":{\"@type\":\"PropertyValueSpecification\",\"valueRequired\":true,\"valueName\":\"search_term_string\"}}],\"inLanguage\":\"ro-RO\"},{\"@type\":\"Organization\",\"@id\":\"https:\\\/\\\/xstyle.md\\\/#organization\",\"name\":\"\u041c\u0430\u0433\u0430\u0437\u0438\u043d Xstyle\",\"alternateName\":\"x-style\",\"url\":\"https:\\\/\\\/xstyle.md\\\/\",\"logo\":{\"@type\":\"ImageObject\",\"inLanguage\":\"ro-RO\",\"@id\":\"https:\\\/\\\/xstyle.md\\\/#\\\/schema\\\/logo\\\/image\\\/\",\"url\":\"https:\\\/\\\/xstyle.md\\\/wp-content\\\/uploads\\\/2020\\\/06\\\/logoicon.svg\",\"contentUrl\":\"https:\\\/\\\/xstyle.md\\\/wp-content\\\/uploads\\\/2020\\\/06\\\/logoicon.svg\",\"caption\":\"\u041c\u0430\u0433\u0430\u0437\u0438\u043d Xstyle\"},\"image\":{\"@id\":\"https:\\\/\\\/xstyle.md\\\/#\\\/schema\\\/logo\\\/image\\\/\"},\"sameAs\":[\"https:\\\/\\\/www.facebook.com\\\/xstylemd\",\"https:\\\/\\\/www.instagram.com\\\/xstyle_md\\\/\",\"https:\\\/\\\/t.me\\\/xstyle_outdoor\"],\"hasMerchantReturnPolicy\":{\"@type\":\"MerchantReturnPolicy\",\"merchantReturnLink\":\"https:\\\/\\\/xstyle.md\\\/ro\\\/conditions\\\/\"}}]}<\/script>\n<meta property=\"product:price:amount\" content=\"550.00\" \/>\n<meta property=\"product:price:currency\" content=\"MDL\" \/>\n<meta property=\"og:availability\" content=\"instock\" \/>\n<meta property=\"product:availability\" content=\"instock\" \/>\n<meta property=\"product:retailer_item_id\" content=\"8412544048783\" \/>\n<meta property=\"product:condition\" content=\"new\" \/>\n<!-- \/ Yoast SEO plugin. -->","yoast_head_json":{"title":"\u0422\u0435\u0440\u043c\u043e\u0431\u0443\u0442\u044b\u043b\u043a\u0430 Laken Joy Thermo Bottle 0,5 L - \u041c\u0430\u0433\u0430\u0437\u0438\u043d Xstyle","description":"Descoperi\u021bi sticla termic\u0103 Laken Joy cu o capacitate de 0,5 l: alegerea perfect\u0103 pentru b\u0103uturi calde \u0219i reci. F\u0103r\u0103 BPA, rezistent\u0103 \u0219i elegant\u0103!","robots":{"index":"index","follow":"follow","max-snippet":"max-snippet:-1","max-image-preview":"max-image-preview:large","max-video-preview":"max-video-preview:-1"},"canonical":"https:\/\/xstyle.md\/ro\/produs\/termobutylka-laken-joy-thermo-bottle-0-5-l\/","og_locale":"ro_RO","og_type":"article","og_title":"\u0422\u0435\u0440\u043c\u043e\u0431\u0443\u0442\u044b\u043b\u043a\u0430 Laken Joy Thermo Bottle 0,5 L - \u041c\u0430\u0433\u0430\u0437\u0438\u043d Xstyle","og_description":"\u041e\u0442\u043a\u0440\u043e\u0439\u0442\u0435 \u0434\u043b\u044f \u0441\u0435\u0431\u044f \u0442\u0435\u0440\u043c\u043e\u0431\u0443\u0442\u044b\u043b\u043a\u0443 Laken Joy \u043e\u0431\u044a\u0435\u043c\u043e\u043c 0,5 \u043b: \u0438\u0434\u0435\u0430\u043b\u044c\u043d\u044b\u0439 \u0432\u044b\u0431\u043e\u0440 \u0434\u043b\u044f \u0433\u043e\u0440\u044f\u0447\u0438\u0445 \u0438 \u0445\u043e\u043b\u043e\u0434\u043d\u044b\u0445 \u043d\u0430\u043f\u0438\u0442\u043a\u043e\u0432. \u0411\u0435\u0437 BPA, \u043f\u0440\u043e\u0447\u043d\u0430\u044f \u0438 \u0441\u0442\u0438\u043b\u044c\u043d\u0430\u044f!","og_url":"https:\/\/xstyle.md\/ro\/produs\/termobutylka-laken-joy-thermo-bottle-0-5-l\/","og_site_name":"\u041c\u0430\u0433\u0430\u0437\u0438\u043d Xstyle","article_publisher":"https:\/\/www.facebook.com\/xstylemd","article_modified_time":"2026-02-09T08:26:58+00:00","og_image":[{"width":1000,"height":1000,"url":"https:\/\/xstyle.md\/wp-content\/uploads\/2021\/09\/laken-joy-thermo-bottle-05-l.jpg","type":"image\/jpeg"}],"twitter_card":"summary_large_image","twitter_misc":{"Pre\u021b":"550&nbsp;MDL","Disponibilitate":"\u00cen stoc"},"schema":{"@context":"https:\/\/schema.org","@graph":[{"@type":"WebPage","@id":"https:\/\/xstyle.md\/product\/termobutylka-laken-joy-thermo-bottle-0-5-l\/","url":"https:\/\/xstyle.md\/product\/termobutylka-laken-joy-thermo-bottle-0-5-l\/","name":"\u0422\u0435\u0440\u043c\u043e\u0431\u0443\u0442\u044b\u043b\u043a\u0430 Laken Joy Thermo Bottle 0,5 L - \u041c\u0430\u0433\u0430\u0437\u0438\u043d Xstyle","isPartOf":{"@id":"https:\/\/xstyle.md\/#website"},"primaryImageOfPage":{"@id":"https:\/\/xstyle.md\/product\/termobutylka-laken-joy-thermo-bottle-0-5-l\/#primaryimage"},"image":{"@id":"https:\/\/xstyle.md\/product\/termobutylka-laken-joy-thermo-bottle-0-5-l\/#primaryimage"},"thumbnailUrl":"https:\/\/xstyle.md\/wp-content\/uploads\/2021\/09\/laken-joy-thermo-bottle-05-l.jpg","datePublished":"2021-09-08T15:19:58+00:00","dateModified":"2026-02-09T08:26:58+00:00","description":"Descoperi\u021bi sticla termic\u0103 Laken Joy cu o capacitate de 0,5 l: alegerea perfect\u0103 pentru b\u0103uturi calde \u0219i reci. F\u0103r\u0103 BPA, rezistent\u0103 \u0219i elegant\u0103!","breadcrumb":{"@id":"https:\/\/xstyle.md\/product\/termobutylka-laken-joy-thermo-bottle-0-5-l\/#breadcrumb"},"inLanguage":"ro-RO","potentialAction":[{"@type":"ReadAction","target":["https:\/\/xstyle.md\/product\/termobutylka-laken-joy-thermo-bottle-0-5-l\/"]}]},{"@type":"ImageObject","inLanguage":"ro-RO","@id":"https:\/\/xstyle.md\/product\/termobutylka-laken-joy-thermo-bottle-0-5-l\/#primaryimage","url":"https:\/\/xstyle.md\/wp-content\/uploads\/2021\/09\/laken-joy-thermo-bottle-05-l.jpg","contentUrl":"https:\/\/xstyle.md\/wp-content\/uploads\/2021\/09\/laken-joy-thermo-bottle-05-l.jpg","width":1000,"height":1000,"caption":"\u0422\u0435\u0440\u043c\u043e\u0431\u0443\u0442\u044b\u043b\u043a\u0430 Laken Joy \u0434\u043b\u044f \u0430\u043a\u0442\u0438\u0432\u043d\u043e\u0433\u043e \u043e\u0442\u0434\u044b\u0445\u0430 \u043f\u043e\u0445\u043e\u0434\u043e\u0432 \u0438 \u043f\u0443\u0442\u0435\u0448\u0435\u0441\u0442\u0432\u0438\u0439, \u043e\u0434\u0435\u0436\u0434\u0430 \u0438 \u043e\u0431\u0443\u0432\u044c \u0434\u043b\u044f \u0443\u043b\u0438\u0447\u043d\u044b\u0445 \u0430\u043a\u0442\u0438\u0432\u043d\u043e\u0441\u0442\u0435\u0439, \u0442\u043e\u0432\u0430\u0440\u044b \u0434\u043b\u044f \u0442\u0443\u0440\u0438\u0437\u043c\u0430 \u0438 \u0430\u043b\u044c\u043f\u0438\u043d\u0438\u0437\u043c\u0430"},{"@type":"BreadcrumbList","@id":"https:\/\/xstyle.md\/product\/termobutylka-laken-joy-thermo-bottle-0-5-l\/#breadcrumb","itemListElement":[{"@type":"ListItem","position":1,"name":"\u0413\u043b\u0430\u0432\u043d\u0430\u044f \u0441\u0442\u0440\u0430\u043d\u0438\u0446\u0430","item":"https:\/\/xstyle.md\/"},{"@type":"ListItem","position":2,"name":"\u041c\u0430\u0433\u0430\u0437\u0438\u043d","item":"https:\/\/xstyle.md\/shop\/"},{"@type":"ListItem","position":3,"name":"\u0422\u0435\u0440\u043c\u043e\u0431\u0443\u0442\u044b\u043b\u043a\u0430 Laken Joy Thermo Bottle 0,5 L"}]},{"@type":"WebSite","@id":"https:\/\/xstyle.md\/#website","url":"https:\/\/xstyle.md\/","name":"Magazinul X-Style","description":"Echipamente pentru turism \u0219i sporturi extreme \u00een Moldova. Pre\u021buri, fotografii, caracteristici \u00een Moldova.","publisher":{"@id":"https:\/\/xstyle.md\/#organization"},"alternateName":"X-Style","potentialAction":[{"@type":"SearchAction","target":{"@type":"EntryPoint","urlTemplate":"https:\/\/xstyle.md\/?s={search_term_string}"},"query-input":{"@type":"PropertyValueSpecification","valueRequired":true,"valueName":"search_term_string"}}],"inLanguage":"ro-RO"},{"@type":"Organization","@id":"https:\/\/xstyle.md\/#organization","name":"Magazinul X-Style","alternateName":"x-style","url":"https:\/\/xstyle.md\/","logo":{"@type":"ImageObject","inLanguage":"ro-RO","@id":"https:\/\/xstyle.md\/#\/schema\/logo\/image\/","url":"https:\/\/xstyle.md\/wp-content\/uploads\/2020\/06\/logoicon.svg","contentUrl":"https:\/\/xstyle.md\/wp-content\/uploads\/2020\/06\/logoicon.svg","caption":"\u041c\u0430\u0433\u0430\u0437\u0438\u043d Xstyle"},"image":{"@id":"https:\/\/xstyle.md\/#\/schema\/logo\/image\/"},"sameAs":["https:\/\/www.facebook.com\/xstylemd","https:\/\/www.instagram.com\/xstyle_md\/","https:\/\/t.me\/xstyle_outdoor"],"hasMerchantReturnPolicy":{"@type":"MerchantReturnPolicy","merchantReturnLink":"https:\/\/xstyle.md\/ro\/conditions\/"}}]},"product_price_amount":"550.00","product_price_currency":"MDL","og_availability":"instock","product_availability":"instock","product_retailer_item_id":"8412544048783","product_condition":"new"},"post_mailing_queue_ids":[],"_links":{"self":[{"href":"https:\/\/xstyle.md\/ro\/wp-json\/wp\/v2\/product\/39898","targetHints":{"allow":["GET"]}}],"collection":[{"href":"https:\/\/xstyle.md\/ro\/wp-json\/wp\/v2\/product"}],"about":[{"href":"https:\/\/xstyle.md\/ro\/wp-json\/wp\/v2\/types\/product"}],"replies":[{"embeddable":true,"href":"https:\/\/xstyle.md\/ro\/wp-json\/wp\/v2\/comments?post=39898"}],"wp:featuredmedia":[{"embeddable":true,"href":"https:\/\/xstyle.md\/ro\/wp-json\/wp\/v2\/media\/40291"}],"wp:attachment":[{"href":"https:\/\/xstyle.md\/ro\/wp-json\/wp\/v2\/media?parent=39898"}],"wp:term":[{"taxonomy":"product_brand","embeddable":true,"href":"https:\/\/xstyle.md\/ro\/wp-json\/wp\/v2\/product_brand?post=39898"},{"taxonomy":"product_cat","embeddable":true,"href":"https:\/\/xstyle.md\/ro\/wp-json\/wp\/v2\/product_cat?post=39898"},{"taxonomy":"product_tag","embeddable":true,"href":"https:\/\/xstyle.md\/ro\/wp-json\/wp\/v2\/product_tag?post=39898"}],"curies":[{"name":"wp","href":"https:\/\/api.w.org\/{rel}","templated":true}]}}