{"id":38955,"date":"2021-08-30T14:43:18","date_gmt":"2021-08-30T11:43:18","guid":{"rendered":"https:\/\/xstyle.md\/?post_type=product&#038;p=38955"},"modified":"2024-10-21T09:10:55","modified_gmt":"2024-10-21T06:10:55","slug":"rjukzak-deuter-trail-30l","status":"publish","type":"product","link":"https:\/\/xstyle.md\/ro\/produs\/rjukzak-deuter-trail-30l\/","title":{"rendered":"Rucsac Deuter Trail 30L"},"content":{"rendered":"<\/p>\n<p><strong>Deuter Trail 30L<\/strong> &#8212; rucsac extrem de robust, rezistent \u0219i func\u021bional pentru excursii sportive de o zi, c\u0103\u021b\u0103r\u0103ri pe Via Ferrata, alpinism \u0219i alpinism. Sistemul Aircontact Trail System cu cel mai u\u0219or cadru Delrin\u00ae \u00een form\u0103 de U asigur\u0103 o potrivire ergonomic\u0103 \u0219i confortabil\u0103 pe spate, rucsacul se potrive\u0219te foarte bine \u0219i nu creeaz\u0103 niciun dezechilibru, ceea ce este foarte important atunci c\u00e2nd se abordeaz\u0103 terenuri dificile.<\/p>\n<h3>Particularit\u0103\u021bi<\/h3>\n<ul>\n<li>Sistemul Aircontact Trail System asigur\u0103 o fixare stabil\u0103 \u0219i sigur\u0103 pe spatele rucsacului<br \/>\ndistribu\u021bie uniform\u0103 \u0219i optimizat\u0103 a \u00eenc\u0103rc\u0103turii datorit\u0103 cadrului flexibil din plastic Delrin\u00ae \u00een form\u0103 de U.<\/li>\n<li>Ventila\u021bie excelent\u0103 datorit\u0103 efectului de pomp\u0103 din pernele de spate cu pori mari \u0219i a canalului de ventila\u021bie dintre acestea.<\/li>\n<li>Curelele de um\u0103r ergonomice, 3D AirMesh, care nu freac\u0103 \u0219i care au curele de um\u0103r pentru a regla sarcina pe umeri.<\/li>\n<li>Centura de \u0219old din plas\u0103 poate fi \u00eendep\u0103rtat\u0103 \u0219i pliat\u0103 \u00eentr-un buzunar<\/li>\n<li>Acces rapid la compartimentul inferior al rucsacului prin intermediul unui fermoar mare cu dou\u0103 direc\u021bii<\/li>\n<li>Numeroase spa\u021bii de depozitare diferite: buzunar cu clapet\u0103, buzunar intern pentru obiecte de valoare, buzunar lateral cu fermoar \u0219i buzunar lateral din plas\u0103 elastic\u0103<\/li>\n<li>Compartiment frontal cu fermoar pentru carduri, etc.<\/li>\n<li>Bucle pentru fixarea pioletului \u0219i a be\u021belor telescopice<\/li>\n<li>Bucle pentru plasa pentru casc\u0103 (accesoriu op\u021bional, nu este inclus)<\/li>\n<li>Hus\u0103 de ploaie deta\u0219abil\u0103<\/li>\n<li>Compatibilitate cu sistemul de b\u0103utur\u0103<\/li>\n<li>Compartiment pentru haine umede<\/li>\n<li>Curea pentru piept<\/li>\n<li>Etichet\u0103 SOS<\/li>\n<\/ul>\n<h3>Caracteristici<\/h3>\n<ul>\n<li>Greutate &#8212; 1180 g<\/li>\n<li>Volum &#8212; 30 litri<\/li>\n<li>Dimensiuni &#8212; 62 x 29 x 21 (H x L x P) cm<\/li>\n<li>Material &#8212; 600D PES Ripstop, 420D PA<\/li>\n<li>Nu este potrivit pentru bagajele de m\u00e2n\u0103<\/li>\n<li>Hus\u0103 de ploaie &#8212; da<\/li>\n<li>Ventila\u021bie &#8212; da<\/li>\n<li>Destina\u021bie &#8212; trekking, drume\u021bii<\/li>\n<li>Model &#8212; unisex<\/li>\n<\/ul>\n<h3>Tehnologie<\/h3>\n<ul>\n<li><strong>Aircontact System<\/strong> &#8212; este un sistem de suspensie care faciliteaz\u0103 modul \u00een care sunt transportate \u00eenc\u0103rc\u0103turile grele. Pernele sistemului Aircontact sunt alc\u0103tuite din spum\u0103 special\u0103 cu porozitate mare, care asigur\u0103 o ventila\u021bie fantastic\u0103 printr-un efect de pompare \u00een timpul mi\u0219c\u0103rii. Datorit\u0103 contactului str\u00e2ns cu rucsacul, centrul de greutate este pozi\u021bionat mai aproape de corp &#8212; greutatea \u00eenc\u0103rc\u0103turii este distribuit\u0103 \u00een mod optim.<\/li>\n<li><strong>3D-Air-Mesh<\/strong> &#8212; ochiuri de plas\u0103 din poliester cu o grosime de 3 mm sau mai mare, adic\u0103 spa\u021bial (3D). Datorit\u0103 respirabilit\u0103\u021bii sale optime \u0219i a efectului s\u0103u de absorb\u021bie a \u0219ocurilor, este materialul ideal pentru stratul exterior al spatelui, curelelor de um\u0103r \u0219i centurilor de \u0219old. Este foarte rezistent \u0219i ofer\u0103 confort.<\/li>\n<li><strong>600D PES RIPSTOP<\/strong> &#8212; \u021bes\u0103tur\u0103 pe baz\u0103 de poliester foarte puternic\u0103 \u0219i rezistent\u0103 la uzur\u0103. Poate fi utilizat\u0103 \u00een dou\u0103 versiuni &#8212; Super Polytex, mai rezistent\u0103, \u0219i Ripstop Polytex 225D, mai u\u0219oar\u0103. La fel ca toate rucsacurile, acesta este prev\u0103zut cu zim\u021bi de poliuretan (PU) pentru o protec\u021bie suplimentar\u0103 \u00eempotriva umezelii. Dar trebuie re\u021binut c\u0103 nu garanteaz\u0103 o protec\u021bie de 100% atunci c\u00e2nd este expus la umezeal\u0103 pentru o perioad\u0103 lung\u0103 de timp, deoarece cus\u0103turile \u0219i fermoarele rucsacului nu sunt sigilate, a\u0219a c\u0103 ar trebui s\u0103 folosi\u021bi neap\u0103rat o hus\u0103 de ploaie, care, de altfel, vine cu toate rucsacurile pentru biciclete Deuter.<\/li>\n<li><strong>420D PA<\/strong> &#8212; \u021bes\u0103tur\u0103 din poliamid\u0103, mai u\u0219oar\u0103, cu o \u021bes\u0103tur\u0103 foarte dens\u0103 \u0219i neted\u0103. Rezistent\u0103 la abraziune \u0219i cu propriet\u0103\u021bi excelente de respingere a murd\u0103riei. Se folose\u0219te \u0219i un tratament PU.<\/li>\n<\/ul>\n<h3>Marca<\/h3>\n<p>Deuter este o marc\u0103 german\u0103 de gen\u021bi de sport \u0219i gen\u021bi pentru drume\u021bii, trekking, sporturi de iarn\u0103 \u0219i alte scopuri. Istoria companiei dateaz\u0103 de mai bine de 100 de ani: fondat\u0103 de Hans Deuter \u00een 1898, la \u00eenceputul secolului XX Deuter furniza deja saci po\u0219tali pentru Po\u0219ta Regal\u0103 Bavarez\u0103, iar \u00een anii 1910 &#8212; rucsacuri, gen\u021bi, curele \u0219i corturi pentru armat\u0103.<\/p>\n<p>Fiind unul dintre cei mai importan\u021bi produc\u0103tori de rucsacuri, Deuter a cooperat \u00eentotdeauna cu alpini\u0219ti experimenta\u021bi, care \u00eemp\u0103rt\u0103\u0219esc din experien\u021ba \u0219i cuno\u0219tin\u021bele lor bogate. Deuter nu se opre\u0219te la rezultatele ob\u021binute, lucr\u00e2nd \u00een mod constant la calitate \u0219i la \u00eembun\u0103t\u0103\u021birea produselor sale. Speciali\u0219tii companiei sunt mereu \u00een c\u0103utare de noi solu\u021bii tehnice care s\u0103 v\u0103 asigure confortul \u0219i siguran\u021ba.<\/p>\n<p><\/p>","protected":false},"excerpt":{"rendered":"","protected":false},"featured_media":80795,"comment_status":"open","ping_status":"closed","template":"","meta":{"_acf_changed":false,"inline_featured_image":false},"product_brand":[1261],"product_cat":[20],"product_tag":[],"class_list":{"0":"post-38955","1":"product","2":"type-product","3":"status-publish","4":"has-post-thumbnail","6":"product_brand-deuter","7":"product_cat-travel-up-to-50-bag","9":"first","10":"instock","11":"shipping-taxable","12":"purchasable","13":"product-type-simple"},"acf":[],"yoast_head":"<!-- This site is optimized with the Yoast SEO plugin v27.2 - https:\/\/yoast.com\/product\/yoast-seo-wordpress\/ -->\n<title>\u0420\u044e\u043a\u0437\u0430\u043a Deuter Trail 30L - \u041c\u0430\u0433\u0430\u0437\u0438\u043d Xstyle<\/title>\n<meta name=\"description\" content=\"\u0420\u044e\u043a\u0437\u0430\u043a Deuter Trail 30L: \u0438\u0434\u0435\u0430\u043b\u044c\u043d\u044b\u0439 \u0432\u044b\u0431\u043e\u0440 \u0434\u043b\u044f \u0430\u043a\u0442\u0438\u0432\u043d\u043e\u0433\u043e \u043e\u0442\u0434\u044b\u0445\u0430. \u041f\u0440\u043e\u0447\u043d\u044b\u0439, \u043b\u0435\u0433\u043a\u0438\u0439 \u0438 \u0432\u0435\u043d\u0442\u0438\u043b\u0438\u0440\u0443\u0435\u043c\u044b\u0439 \u2014 \u0432\u0430\u0448 \u043d\u0430\u0434\u0435\u0436\u043d\u044b\u0439 \u0441\u043f\u0443\u0442\u043d\u0438\u043a \u0432 \u043f\u0440\u0438\u043a\u043b\u044e\u0447\u0435\u043d\u0438\u044f\u0445!\" \/>\n<meta name=\"robots\" content=\"index, follow, max-snippet:-1, max-image-preview:large, max-video-preview:-1\" \/>\n<link rel=\"canonical\" href=\"https:\/\/xstyle.md\/ro\/produs\/rjukzak-deuter-trail-30l\/\" \/>\n<meta property=\"og:locale\" content=\"ro_RO\" \/>\n<meta property=\"og:type\" content=\"article\" \/>\n<meta property=\"og:title\" content=\"\u0420\u044e\u043a\u0437\u0430\u043a Deuter Trail 30L - \u041c\u0430\u0433\u0430\u0437\u0438\u043d Xstyle\" \/>\n<meta property=\"og:description\" content=\"\u0420\u044e\u043a\u0437\u0430\u043a Deuter Trail 30L: \u0438\u0434\u0435\u0430\u043b\u044c\u043d\u044b\u0439 \u0432\u044b\u0431\u043e\u0440 \u0434\u043b\u044f \u0430\u043a\u0442\u0438\u0432\u043d\u043e\u0433\u043e \u043e\u0442\u0434\u044b\u0445\u0430. \u041f\u0440\u043e\u0447\u043d\u044b\u0439, \u043b\u0435\u0433\u043a\u0438\u0439 \u0438 \u0432\u0435\u043d\u0442\u0438\u043b\u0438\u0440\u0443\u0435\u043c\u044b\u0439 \u2014 \u0432\u0430\u0448 \u043d\u0430\u0434\u0435\u0436\u043d\u044b\u0439 \u0441\u043f\u0443\u0442\u043d\u0438\u043a \u0432 \u043f\u0440\u0438\u043a\u043b\u044e\u0447\u0435\u043d\u0438\u044f\u0445!\" \/>\n<meta property=\"og:url\" content=\"https:\/\/xstyle.md\/ro\/produs\/rjukzak-deuter-trail-30l\/\" \/>\n<meta property=\"og:site_name\" content=\"\u041c\u0430\u0433\u0430\u0437\u0438\u043d Xstyle\" \/>\n<meta property=\"article:publisher\" content=\"https:\/\/www.facebook.com\/xstylemd\" \/>\n<meta property=\"article:modified_time\" content=\"2024-10-21T06:10:55+00:00\" \/>\n<meta property=\"og:image\" content=\"https:\/\/xstyle.md\/wp-content\/uploads\/2021\/08\/deuter-trail-30l-wave-ivy.jpg\" \/>\n\t<meta property=\"og:image:width\" content=\"2160\" \/>\n\t<meta property=\"og:image:height\" content=\"2191\" \/>\n\t<meta property=\"og:image:type\" content=\"image\/jpeg\" \/>\n<meta name=\"twitter:card\" content=\"summary_large_image\" \/>\n<meta name=\"twitter:label1\" content=\"Pre\u021b\" \/>\n\t<meta name=\"twitter:data1\" content=\"2.890&nbsp;MDL\" \/>\n\t<meta name=\"twitter:label2\" content=\"Disponibilitate\" \/>\n\t<meta name=\"twitter:data2\" content=\"\u00cen stoc\" \/>\n<script type=\"application\/ld+json\" class=\"yoast-schema-graph\">{\"@context\":\"https:\/\/schema.org\",\"@graph\":[{\"@type\":\"WebPage\",\"@id\":\"https:\/\/xstyle.md\/product\/rjukzak-deuter-trail-30l\/\",\"url\":\"https:\/\/xstyle.md\/product\/rjukzak-deuter-trail-30l\/\",\"name\":\"\u0420\u044e\u043a\u0437\u0430\u043a Deuter Trail 30L - \u041c\u0430\u0433\u0430\u0437\u0438\u043d Xstyle\",\"isPartOf\":{\"@id\":\"https:\/\/xstyle.md\/#website\"},\"primaryImageOfPage\":{\"@id\":\"https:\/\/xstyle.md\/product\/rjukzak-deuter-trail-30l\/#primaryimage\"},\"image\":{\"@id\":\"https:\/\/xstyle.md\/product\/rjukzak-deuter-trail-30l\/#primaryimage\"},\"thumbnailUrl\":\"https:\/\/xstyle.md\/wp-content\/uploads\/2021\/08\/deuter-trail-30l-wave-ivy.jpg\",\"datePublished\":\"2021-08-30T11:43:18+00:00\",\"dateModified\":\"2024-10-21T06:10:55+00:00\",\"description\":\"\u0420\u044e\u043a\u0437\u0430\u043a Deuter Trail 30L: \u0438\u0434\u0435\u0430\u043b\u044c\u043d\u044b\u0439 \u0432\u044b\u0431\u043e\u0440 \u0434\u043b\u044f \u0430\u043a\u0442\u0438\u0432\u043d\u043e\u0433\u043e \u043e\u0442\u0434\u044b\u0445\u0430. \u041f\u0440\u043e\u0447\u043d\u044b\u0439, \u043b\u0435\u0433\u043a\u0438\u0439 \u0438 \u0432\u0435\u043d\u0442\u0438\u043b\u0438\u0440\u0443\u0435\u043c\u044b\u0439 \u2014 \u0432\u0430\u0448 \u043d\u0430\u0434\u0435\u0436\u043d\u044b\u0439 \u0441\u043f\u0443\u0442\u043d\u0438\u043a \u0432 \u043f\u0440\u0438\u043a\u043b\u044e\u0447\u0435\u043d\u0438\u044f\u0445!\",\"breadcrumb\":{\"@id\":\"https:\/\/xstyle.md\/product\/rjukzak-deuter-trail-30l\/#breadcrumb\"},\"inLanguage\":\"ro-RO\",\"potentialAction\":[{\"@type\":\"ReadAction\",\"target\":[\"https:\/\/xstyle.md\/product\/rjukzak-deuter-trail-30l\/\"]}]},{\"@type\":\"ImageObject\",\"inLanguage\":\"ro-RO\",\"@id\":\"https:\/\/xstyle.md\/product\/rjukzak-deuter-trail-30l\/#primaryimage\",\"url\":\"https:\/\/xstyle.md\/wp-content\/uploads\/2021\/08\/deuter-trail-30l-wave-ivy.jpg\",\"contentUrl\":\"https:\/\/xstyle.md\/wp-content\/uploads\/2021\/08\/deuter-trail-30l-wave-ivy.jpg\",\"width\":1893,\"height\":1920,\"caption\":\"\u0420\u044e\u043a\u0437\u0430\u043a Deuter Trail 30L \u0434\u043b\u044f \u0430\u043a\u0442\u0438\u0432\u043d\u043e\u0433\u043e \u043e\u0442\u0434\u044b\u0445\u0430, \u043f\u043e\u0445\u043e\u0434\u043e\u0432, \u043f\u0443\u0442\u0435\u0448\u0435\u0441\u0442\u0432\u0438\u0439, \u0441\u043f\u043e\u0440\u0442\u0430, \u0433\u043e\u0440\u043d\u044b\u0445 \u043f\u043e\u0445\u043e\u0434\u043e\u0432 \u0438 \u0442\u0443\u0440\u0438\u0437\u043c\u0430 \u0432 \u0441\u0442\u0438\u043b\u0435 \u043f\u0443\u0442\u0435\u0448\u0435\u0441\u0442\u0432\u0438\u044f \u0438 \u0430\u043a\u0442\u0438\u0432\u043d\u043e\u0439 \u0436\u0438\u0437\u043d\u0438\"},{\"@type\":\"BreadcrumbList\",\"@id\":\"https:\/\/xstyle.md\/product\/rjukzak-deuter-trail-30l\/#breadcrumb\",\"itemListElement\":[{\"@type\":\"ListItem\",\"position\":1,\"name\":\"\u0413\u043b\u0430\u0432\u043d\u0430\u044f \u0441\u0442\u0440\u0430\u043d\u0438\u0446\u0430\",\"item\":\"https:\/\/xstyle.md\/\"},{\"@type\":\"ListItem\",\"position\":2,\"name\":\"\u041c\u0430\u0433\u0430\u0437\u0438\u043d\",\"item\":\"https:\/\/xstyle.md\/shop\/\"},{\"@type\":\"ListItem\",\"position\":3,\"name\":\"\u0420\u044e\u043a\u0437\u0430\u043a Deuter Trail 30L\"}]},{\"@type\":\"WebSite\",\"@id\":\"https:\/\/xstyle.md\/#website\",\"url\":\"https:\/\/xstyle.md\/\",\"name\":\"\u041c\u0430\u0433\u0430\u0437\u0438\u043d Xstyle\",\"description\":\"C\u043d\u0430\u0440\u044f\u0436\u0435\u043d\u0438\u0435 \u0434\u043b\u044f \u0442\u0443\u0440\u0438\u0437\u043c\u0430 \u0438 \u044d\u043a\u0441\u0442\u0440\u0435\u043c\u0430\u043b\u044c\u043d\u044b\u0445 \u0432\u0438\u0434\u043e\u0432 \u0441\u043f\u043e\u0440\u0442\u0430 \u0432 \u041c\u043e\u043b\u0434\u043e\u0432\u0435.. \u0426\u0435\u043d\u044b, \u0444\u043e\u0442\u043e, \u0445\u0430\u0440\u0430\u043a\u0442\u0435\u0440\u0438\u0441\u0442\u0438\u043a\u0438 \u0432 \u041c\u043e\u043b\u0434\u043e\u0432\u0435.\",\"publisher\":{\"@id\":\"https:\/\/xstyle.md\/#organization\"},\"alternateName\":\"X-Style\",\"potentialAction\":[{\"@type\":\"SearchAction\",\"target\":{\"@type\":\"EntryPoint\",\"urlTemplate\":\"https:\/\/xstyle.md\/?s={search_term_string}\"},\"query-input\":{\"@type\":\"PropertyValueSpecification\",\"valueRequired\":true,\"valueName\":\"search_term_string\"}}],\"inLanguage\":\"ro-RO\"},{\"@type\":\"Organization\",\"@id\":\"https:\/\/xstyle.md\/#organization\",\"name\":\"\u041c\u0430\u0433\u0430\u0437\u0438\u043d Xstyle\",\"alternateName\":\"x-style\",\"url\":\"https:\/\/xstyle.md\/\",\"logo\":{\"@type\":\"ImageObject\",\"inLanguage\":\"ro-RO\",\"@id\":\"https:\/\/xstyle.md\/#\/schema\/logo\/image\/\",\"url\":\"https:\/\/xstyle.md\/wp-content\/uploads\/2020\/06\/logoicon.svg\",\"contentUrl\":\"https:\/\/xstyle.md\/wp-content\/uploads\/2020\/06\/logoicon.svg\",\"caption\":\"\u041c\u0430\u0433\u0430\u0437\u0438\u043d Xstyle\"},\"image\":{\"@id\":\"https:\/\/xstyle.md\/#\/schema\/logo\/image\/\"},\"sameAs\":[\"https:\/\/www.facebook.com\/xstylemd\",\"https:\/\/www.instagram.com\/xstyle_md\/\",\"https:\/\/t.me\/xstyle_outdoor\"],\"hasMerchantReturnPolicy\":{\"@type\":\"MerchantReturnPolicy\",\"merchantReturnLink\":\"https:\/\/xstyle.md\/ro\/conditions\/\"}}]}<\/script>\n<meta property=\"product:price:amount\" content=\"2890.00\" \/>\n<meta property=\"product:price:currency\" content=\"MDL\" \/>\n<meta property=\"og:availability\" content=\"instock\" \/>\n<meta property=\"product:availability\" content=\"instock\" \/>\n<meta property=\"product:retailer_item_id\" content=\"4046051113159\" \/>\n<meta property=\"product:condition\" content=\"new\" \/>\n<!-- \/ Yoast SEO plugin. -->","yoast_head_json":{"title":"Rucsac Deuter Trail 30L - Magazin Xstyle","description":"Rucsac Deuter Trail 30L: alegerea perfect\u0103 pentru activit\u0103\u021bi recreative. Rezistent, u\u0219or \u0219i ventilat \u2014 tovar\u0103\u0219ul t\u0103u de \u00eencredere \u00een aventuri!","robots":{"index":"index","follow":"follow","max-snippet":"max-snippet:-1","max-image-preview":"max-image-preview:large","max-video-preview":"max-video-preview:-1"},"canonical":"https:\/\/xstyle.md\/ro\/produs\/rjukzak-deuter-trail-30l\/","og_locale":"ro_RO","og_type":"article","og_title":"\u0420\u044e\u043a\u0437\u0430\u043a Deuter Trail 30L - \u041c\u0430\u0433\u0430\u0437\u0438\u043d Xstyle","og_description":"\u0420\u044e\u043a\u0437\u0430\u043a Deuter Trail 30L: \u0438\u0434\u0435\u0430\u043b\u044c\u043d\u044b\u0439 \u0432\u044b\u0431\u043e\u0440 \u0434\u043b\u044f \u0430\u043a\u0442\u0438\u0432\u043d\u043e\u0433\u043e \u043e\u0442\u0434\u044b\u0445\u0430. \u041f\u0440\u043e\u0447\u043d\u044b\u0439, \u043b\u0435\u0433\u043a\u0438\u0439 \u0438 \u0432\u0435\u043d\u0442\u0438\u043b\u0438\u0440\u0443\u0435\u043c\u044b\u0439 \u2014 \u0432\u0430\u0448 \u043d\u0430\u0434\u0435\u0436\u043d\u044b\u0439 \u0441\u043f\u0443\u0442\u043d\u0438\u043a \u0432 \u043f\u0440\u0438\u043a\u043b\u044e\u0447\u0435\u043d\u0438\u044f\u0445!","og_url":"https:\/\/xstyle.md\/ro\/produs\/rjukzak-deuter-trail-30l\/","og_site_name":"\u041c\u0430\u0433\u0430\u0437\u0438\u043d Xstyle","article_publisher":"https:\/\/www.facebook.com\/xstylemd","article_modified_time":"2024-10-21T06:10:55+00:00","og_image":[{"width":2160,"height":2191,"url":"https:\/\/xstyle.md\/wp-content\/uploads\/2021\/08\/deuter-trail-30l-wave-ivy.jpg","type":"image\/jpeg"}],"twitter_card":"summary_large_image","twitter_misc":{"Pre\u021b":"2.890&nbsp;MDL","Disponibilitate":"\u00cen stoc"},"schema":{"@context":"https:\/\/schema.org","@graph":[{"@type":"WebPage","@id":"https:\/\/xstyle.md\/product\/rjukzak-deuter-trail-30l\/","url":"https:\/\/xstyle.md\/product\/rjukzak-deuter-trail-30l\/","name":"Rucsac Deuter Trail 30L - Magazin Xstyle","isPartOf":{"@id":"https:\/\/xstyle.md\/#website"},"primaryImageOfPage":{"@id":"https:\/\/xstyle.md\/product\/rjukzak-deuter-trail-30l\/#primaryimage"},"image":{"@id":"https:\/\/xstyle.md\/product\/rjukzak-deuter-trail-30l\/#primaryimage"},"thumbnailUrl":"https:\/\/xstyle.md\/wp-content\/uploads\/2021\/08\/deuter-trail-30l-wave-ivy.jpg","datePublished":"2021-08-30T11:43:18+00:00","dateModified":"2024-10-21T06:10:55+00:00","description":"Rucsac Deuter Trail 30L: alegerea perfect\u0103 pentru activit\u0103\u021bi recreative. Rezistent, u\u0219or \u0219i ventilat \u2014 tovar\u0103\u0219ul t\u0103u de \u00eencredere \u00een aventuri!","breadcrumb":{"@id":"https:\/\/xstyle.md\/product\/rjukzak-deuter-trail-30l\/#breadcrumb"},"inLanguage":"ro-RO","potentialAction":[{"@type":"ReadAction","target":["https:\/\/xstyle.md\/product\/rjukzak-deuter-trail-30l\/"]}]},{"@type":"ImageObject","inLanguage":"ro-RO","@id":"https:\/\/xstyle.md\/product\/rjukzak-deuter-trail-30l\/#primaryimage","url":"https:\/\/xstyle.md\/wp-content\/uploads\/2021\/08\/deuter-trail-30l-wave-ivy.jpg","contentUrl":"https:\/\/xstyle.md\/wp-content\/uploads\/2021\/08\/deuter-trail-30l-wave-ivy.jpg","width":1893,"height":1920,"caption":"\u0420\u044e\u043a\u0437\u0430\u043a Deuter Trail 30L \u0434\u043b\u044f \u0430\u043a\u0442\u0438\u0432\u043d\u043e\u0433\u043e \u043e\u0442\u0434\u044b\u0445\u0430, \u043f\u043e\u0445\u043e\u0434\u043e\u0432, \u043f\u0443\u0442\u0435\u0448\u0435\u0441\u0442\u0432\u0438\u0439, \u0441\u043f\u043e\u0440\u0442\u0430, \u0433\u043e\u0440\u043d\u044b\u0445 \u043f\u043e\u0445\u043e\u0434\u043e\u0432 \u0438 \u0442\u0443\u0440\u0438\u0437\u043c\u0430 \u0432 \u0441\u0442\u0438\u043b\u0435 \u043f\u0443\u0442\u0435\u0448\u0435\u0441\u0442\u0432\u0438\u044f \u0438 \u0430\u043a\u0442\u0438\u0432\u043d\u043e\u0439 \u0436\u0438\u0437\u043d\u0438"},{"@type":"BreadcrumbList","@id":"https:\/\/xstyle.md\/product\/rjukzak-deuter-trail-30l\/#breadcrumb","itemListElement":[{"@type":"ListItem","position":1,"name":"\u0413\u043b\u0430\u0432\u043d\u0430\u044f \u0441\u0442\u0440\u0430\u043d\u0438\u0446\u0430","item":"https:\/\/xstyle.md\/"},{"@type":"ListItem","position":2,"name":"\u041c\u0430\u0433\u0430\u0437\u0438\u043d","item":"https:\/\/xstyle.md\/shop\/"},{"@type":"ListItem","position":3,"name":"\u0420\u044e\u043a\u0437\u0430\u043a Deuter Trail 30L"}]},{"@type":"WebSite","@id":"https:\/\/xstyle.md\/#website","url":"https:\/\/xstyle.md\/","name":"Magazinul X-Style","description":"Echipamente pentru turism \u0219i sporturi extreme \u00een Moldova. Pre\u021buri, fotografii, caracteristici \u00een Moldova.","publisher":{"@id":"https:\/\/xstyle.md\/#organization"},"alternateName":"X-Style","potentialAction":[{"@type":"SearchAction","target":{"@type":"EntryPoint","urlTemplate":"https:\/\/xstyle.md\/?s={search_term_string}"},"query-input":{"@type":"PropertyValueSpecification","valueRequired":true,"valueName":"search_term_string"}}],"inLanguage":"ro-RO"},{"@type":"Organization","@id":"https:\/\/xstyle.md\/#organization","name":"Magazinul X-Style","alternateName":"x-style","url":"https:\/\/xstyle.md\/","logo":{"@type":"ImageObject","inLanguage":"ro-RO","@id":"https:\/\/xstyle.md\/#\/schema\/logo\/image\/","url":"https:\/\/xstyle.md\/wp-content\/uploads\/2020\/06\/logoicon.svg","contentUrl":"https:\/\/xstyle.md\/wp-content\/uploads\/2020\/06\/logoicon.svg","caption":"\u041c\u0430\u0433\u0430\u0437\u0438\u043d Xstyle"},"image":{"@id":"https:\/\/xstyle.md\/#\/schema\/logo\/image\/"},"sameAs":["https:\/\/www.facebook.com\/xstylemd","https:\/\/www.instagram.com\/xstyle_md\/","https:\/\/t.me\/xstyle_outdoor"],"hasMerchantReturnPolicy":{"@type":"MerchantReturnPolicy","merchantReturnLink":"https:\/\/xstyle.md\/ro\/conditions\/"}}]},"product_price_amount":"2890.00","product_price_currency":"MDL","og_availability":"instock","product_availability":"instock","product_retailer_item_id":"4046051113159","product_condition":"new"},"post_mailing_queue_ids":[],"_links":{"self":[{"href":"https:\/\/xstyle.md\/ro\/wp-json\/wp\/v2\/product\/38955","targetHints":{"allow":["GET"]}}],"collection":[{"href":"https:\/\/xstyle.md\/ro\/wp-json\/wp\/v2\/product"}],"about":[{"href":"https:\/\/xstyle.md\/ro\/wp-json\/wp\/v2\/types\/product"}],"replies":[{"embeddable":true,"href":"https:\/\/xstyle.md\/ro\/wp-json\/wp\/v2\/comments?post=38955"}],"wp:featuredmedia":[{"embeddable":true,"href":"https:\/\/xstyle.md\/ro\/wp-json\/wp\/v2\/media\/80795"}],"wp:attachment":[{"href":"https:\/\/xstyle.md\/ro\/wp-json\/wp\/v2\/media?parent=38955"}],"wp:term":[{"taxonomy":"product_brand","embeddable":true,"href":"https:\/\/xstyle.md\/ro\/wp-json\/wp\/v2\/product_brand?post=38955"},{"taxonomy":"product_cat","embeddable":true,"href":"https:\/\/xstyle.md\/ro\/wp-json\/wp\/v2\/product_cat?post=38955"},{"taxonomy":"product_tag","embeddable":true,"href":"https:\/\/xstyle.md\/ro\/wp-json\/wp\/v2\/product_tag?post=38955"}],"curies":[{"name":"wp","href":"https:\/\/api.w.org\/{rel}","templated":true}]}}