{"id":38938,"date":"2021-08-30T14:43:14","date_gmt":"2021-08-30T11:43:14","guid":{"rendered":"https:\/\/xstyle.md\/?post_type=product&#038;p=38938"},"modified":"2025-09-03T19:58:49","modified_gmt":"2025-09-03T16:58:49","slug":"rjukzak-deuter-aircontact-lite-35-10-sl-2","status":"publish","type":"product","link":"https:\/\/xstyle.md\/ro\/produs\/rjukzak-deuter-aircontact-lite-35-10-sl-2\/","title":{"rendered":"Rucsac Deuter Aircontact Lite 35+10 SL"},"content":{"rendered":"<\/p>\n<p><strong>Deuter Aircontact Lite 35+10 SL<\/strong> &#8212; seria de rucsacuri u\u0219oare se bazeaz\u0103 pe acela\u0219i cadru ca \u0219i versiunea obi\u0219nuit\u0103 Aircontact, dar cu materiale mai u\u0219oare \u0219i mai durabile. Pentru cei care apreciaz\u0103 nu numai fiabilitatea \u0219i confortul, ci \u0219i echipamentul u\u0219or. Versiunea pentru femei este potrivit\u0103 pentru drume\u021bii scurte sau drume\u021bii lungi cu \u00eennopt\u0103ri \u00een cabane \u0219i ad\u0103posturi echipate, c\u00e2nd nu este nevoie s\u0103 transporta\u021bi un set mare de echipament de bivuac. Fabricat din \u021bes\u0103turi durabile \u0219i u\u0219oare din nailon \u0219i poliester 600D Pes \u0219i 100D PA High Tenacity, cu un strat special de poliuretan pentru o mai bun\u0103 protec\u021bie \u00eempotriva umezelii.<\/p>\n<h3>Particularit\u0103\u021bi<\/h3>\n<ul>\n<li>Transferul ideal al sarcinii c\u0103tre aripile centurii datorit\u0103 cadrului \u00een form\u0103 de X<\/li>\n<li>Str\u00e2ngerea u\u0219oar\u0103 a centurii este asigurat\u0103 de sistemul Pull Forward chiar \u0219i sub sarcin\u0103<\/li>\n<li>Distribu\u021bie uniform\u0103 a \u00eenc\u0103rc\u0103turii datorit\u0103 aripilor compacte ale centurii de \u0219old<\/li>\n<li>Sistem de suspensie Vari-Quick<\/li>\n<li>Curele de stabilizare<\/li>\n<li>\u0218nur de piept reglabil la infinit<\/li>\n<li>Clapet\u0103 reglabil\u0103 pe \u00een\u0103l\u021bime<\/li>\n<li>Bucle pentru casc\u0103 (accesoriu)<\/li>\n<li>Etichet\u0103 SOS<\/li>\n<li>Compartiment separat \u00een partea de jos<\/li>\n<li>Bucle pentru fixarea pioletului \u0219i a be\u021belor de ghea\u021b\u0103<\/li>\n<li>Buzunar \u00een clapet\u0103<\/li>\n<li>Compatibil cu sistemul de b\u0103utur\u0103<\/li>\n<li>Buzunar intern pentru obiecte de valoare<\/li>\n<li>Compartiment pentru haine umede<\/li>\n<li>Pung\u0103 \u00eenc\u0103p\u0103toare cu fermoar pentru obiecte de valoare sau compartiment<\/li>\n<li>Buzunare laterale elastice mari<\/li>\n<li>Bretele de compresie laterale pentru reglarea volumului; bretelele inferioare pentru compresie mare pot fi plasate \u0219i sub buzunarul lateral<\/li>\n<li>Fund \u00eent\u0103rit<\/li>\n<\/ul>\n<h3>Caracteristici<\/h3>\n<ul>\n<li>Greutate &#8212; 1580 g<\/li>\n<li>Volum &#8212; 35 + 10 litri<\/li>\n<li>Dimensiuni &#8212; 72 x 26 x 20 cm (H x L x P) cm<\/li>\n<li>Material &#8212; 100D PA de \u00eenalt\u0103 tenacitate \/ 600D<\/li>\n<li>Nu este potrivit pentru bagajele de m\u00e2n\u0103<\/li>\n<li>Hus\u0103 de ploaie &#8212; nu<\/li>\n<li>Ventila\u021bie &#8212; da<\/li>\n<li>Destina\u021bie &#8212; trekking, drume\u021bii<\/li>\n<li>Model &#8212; feminin.<\/li>\n<\/ul>\n<h3>Tehnologie<\/h3>\n<ul>\n<li><strong>Aircontact System<\/strong> &#8212; este un sistem de suspensie care faciliteaz\u0103 modul \u00een care sunt transportate \u00eenc\u0103rc\u0103turile grele. Pernele sistemului Aircontact sunt alc\u0103tuite din spum\u0103 special\u0103 cu porozitate mare, care asigur\u0103 o ventila\u021bie fantastic\u0103 printr-un efect de pompare \u00een timpul mi\u0219c\u0103rii. Datorit\u0103 contactului str\u00e2ns cu rucsacul, centrul de greutate este pozi\u021bionat mai aproape de corp &#8212; greutatea \u00eenc\u0103rc\u0103turii este distribuit\u0103 \u00een mod optim.<\/li>\n<li><strong>100 D PA High tenacity<\/strong> &#8212; tes\u0103tura din nailon, mai u\u0219oar\u0103, dar destul de puternic\u0103 \u0219i rezistent\u0103 la uzur\u0103, are \u0219i un tratament hidrofug.<\/li>\n<\/ul>\n<h3>Marca<\/h3>\n<p>Deuter este o marc\u0103 german\u0103 de gen\u021bi de sport \u0219i gen\u021bi pentru drume\u021bii, trekking, sporturi de iarn\u0103 \u0219i alte scopuri. Istoria companiei dateaz\u0103 de mai bine de 100 de ani: fondat\u0103 de Hans Deuter \u00een 1898, la \u00eenceputul secolului XX Deuter furniza deja saci po\u0219tali pentru Po\u0219ta Regal\u0103 Bavarez\u0103, iar \u00een anii 1910 &#8212; rucsacuri, gen\u021bi, curele \u0219i corturi pentru armat\u0103.<\/p>\n<p>Fiind unul dintre cei mai importan\u021bi produc\u0103tori de rucsacuri, Deuter a cooperat \u00eentotdeauna cu alpini\u0219ti experimenta\u021bi care \u00eemp\u0103rt\u0103\u0219esc din experien\u021ba \u0219i cuno\u0219tin\u021bele lor bogate. Deuter nu se opre\u0219te la rezultatele ob\u021binute, lucr\u00e2nd \u00een mod constant la calitate \u0219i la \u00eembun\u0103t\u0103\u021birea produselor sale. Speciali\u0219tii companiei sunt mereu \u00een c\u0103utarea de noi solu\u021bii tehnice care s\u0103 v\u0103 asigure confortul \u0219i siguran\u021ba.<\/p>\n<p><\/p>","protected":false},"excerpt":{"rendered":"","protected":false},"featured_media":73409,"comment_status":"open","ping_status":"closed","template":"","meta":{"_acf_changed":false,"inline_featured_image":false},"product_brand":[1261],"product_cat":[20],"product_tag":[],"class_list":{"0":"post-38938","1":"product","2":"type-product","3":"status-publish","4":"has-post-thumbnail","6":"product_brand-deuter","7":"product_cat-travel-up-to-50-bag","9":"first","10":"instock","11":"shipping-taxable","12":"purchasable","13":"product-type-simple"},"acf":[],"yoast_head":"<!-- This site is optimized with the Yoast SEO plugin v27.2 - https:\/\/yoast.com\/product\/yoast-seo-wordpress\/ -->\n<title>\u0420\u044e\u043a\u0437\u0430\u043a Deuter Aircontact Lite 35+10 SL - \u041c\u0430\u0433\u0430\u0437\u0438\u043d Xstyle<\/title>\n<meta name=\"description\" content=\"\u0420\u044e\u043a\u0437\u0430\u043a Deuter Aircontact Lite 35+10 SL - \u043b\u0435\u0433\u043a\u0438\u0439 \u0438 \u043f\u0440\u043e\u0447\u043d\u044b\u0439, \u0438\u0434\u0435\u0430\u043b\u0435\u043d \u0434\u043b\u044f \u043f\u0443\u0442\u0435\u0448\u0435\u0441\u0442\u0432\u0438\u0439. \u0412\u044b\u0441\u043e\u043a\u043e\u043a\u0430\u0447\u0435\u0441\u0442\u0432\u0435\u043d\u043d\u044b\u0435 \u043c\u0430\u0442\u0435\u0440\u0438\u0430\u043b\u044b, \u0441\u0438\u0441\u0442\u0435\u043c\u0430 Aircontact, \u0443\u0434\u043e\u0431\u0441\u0442\u0432\u043e \u0438 \u043d\u0430\u0434\u0435\u0436\u043d\u043e\u0441\u0442\u044c.\" \/>\n<meta name=\"robots\" content=\"index, follow, max-snippet:-1, max-image-preview:large, max-video-preview:-1\" \/>\n<link rel=\"canonical\" href=\"https:\/\/xstyle.md\/ro\/produs\/rjukzak-deuter-aircontact-lite-35-10-sl-2\/\" \/>\n<meta property=\"og:locale\" content=\"ro_RO\" \/>\n<meta property=\"og:type\" content=\"article\" \/>\n<meta property=\"og:title\" content=\"\u0420\u044e\u043a\u0437\u0430\u043a Deuter Aircontact Lite 35+10 SL - \u041c\u0430\u0433\u0430\u0437\u0438\u043d Xstyle\" \/>\n<meta property=\"og:description\" content=\"\u0420\u044e\u043a\u0437\u0430\u043a Deuter Aircontact Lite 35+10 SL - \u043b\u0435\u0433\u043a\u0438\u0439 \u0438 \u043f\u0440\u043e\u0447\u043d\u044b\u0439, \u0438\u0434\u0435\u0430\u043b\u0435\u043d \u0434\u043b\u044f \u043f\u0443\u0442\u0435\u0448\u0435\u0441\u0442\u0432\u0438\u0439. \u0412\u044b\u0441\u043e\u043a\u043e\u043a\u0430\u0447\u0435\u0441\u0442\u0432\u0435\u043d\u043d\u044b\u0435 \u043c\u0430\u0442\u0435\u0440\u0438\u0430\u043b\u044b, \u0441\u0438\u0441\u0442\u0435\u043c\u0430 Aircontact, \u0443\u0434\u043e\u0431\u0441\u0442\u0432\u043e \u0438 \u043d\u0430\u0434\u0435\u0436\u043d\u043e\u0441\u0442\u044c.\" \/>\n<meta property=\"og:url\" content=\"https:\/\/xstyle.md\/ro\/produs\/rjukzak-deuter-aircontact-lite-35-10-sl-2\/\" \/>\n<meta property=\"og:site_name\" content=\"\u041c\u0430\u0433\u0430\u0437\u0438\u043d Xstyle\" \/>\n<meta property=\"article:publisher\" content=\"https:\/\/www.facebook.com\/xstylemd\" \/>\n<meta property=\"article:modified_time\" content=\"2025-09-03T16:58:49+00:00\" \/>\n<meta property=\"og:image\" content=\"https:\/\/xstyle.md\/wp-content\/uploads\/2021\/08\/deuter-aircontact-lite-3510-sl-caspia-ivy.jpg\" \/>\n\t<meta property=\"og:image:width\" content=\"2196\" \/>\n\t<meta property=\"og:image:height\" content=\"2076\" \/>\n\t<meta property=\"og:image:type\" content=\"image\/jpeg\" \/>\n<meta name=\"twitter:card\" content=\"summary_large_image\" \/>\n<meta name=\"twitter:label1\" content=\"Pre\u021b\" \/>\n\t<meta name=\"twitter:data1\" content=\"4.190&nbsp;MDL\" \/>\n\t<meta name=\"twitter:label2\" content=\"Disponibilitate\" \/>\n\t<meta name=\"twitter:data2\" content=\"\u00cen stoc\" \/>\n<script type=\"application\/ld+json\" class=\"yoast-schema-graph\">{\"@context\":\"https:\/\/schema.org\",\"@graph\":[{\"@type\":\"WebPage\",\"@id\":\"https:\/\/xstyle.md\/product\/rjukzak-deuter-aircontact-lite-35-10-sl-2\/\",\"url\":\"https:\/\/xstyle.md\/product\/rjukzak-deuter-aircontact-lite-35-10-sl-2\/\",\"name\":\"\u0420\u044e\u043a\u0437\u0430\u043a Deuter Aircontact Lite 35+10 SL - \u041c\u0430\u0433\u0430\u0437\u0438\u043d Xstyle\",\"isPartOf\":{\"@id\":\"https:\/\/xstyle.md\/#website\"},\"primaryImageOfPage\":{\"@id\":\"https:\/\/xstyle.md\/product\/rjukzak-deuter-aircontact-lite-35-10-sl-2\/#primaryimage\"},\"image\":{\"@id\":\"https:\/\/xstyle.md\/product\/rjukzak-deuter-aircontact-lite-35-10-sl-2\/#primaryimage\"},\"thumbnailUrl\":\"https:\/\/xstyle.md\/wp-content\/uploads\/2021\/08\/deuter-aircontact-lite-3510-sl-caspia-ivy.jpg\",\"datePublished\":\"2021-08-30T11:43:14+00:00\",\"dateModified\":\"2025-09-03T16:58:49+00:00\",\"description\":\"\u0420\u044e\u043a\u0437\u0430\u043a Deuter Aircontact Lite 35+10 SL - \u043b\u0435\u0433\u043a\u0438\u0439 \u0438 \u043f\u0440\u043e\u0447\u043d\u044b\u0439, \u0438\u0434\u0435\u0430\u043b\u0435\u043d \u0434\u043b\u044f \u043f\u0443\u0442\u0435\u0448\u0435\u0441\u0442\u0432\u0438\u0439. \u0412\u044b\u0441\u043e\u043a\u043e\u043a\u0430\u0447\u0435\u0441\u0442\u0432\u0435\u043d\u043d\u044b\u0435 \u043c\u0430\u0442\u0435\u0440\u0438\u0430\u043b\u044b, \u0441\u0438\u0441\u0442\u0435\u043c\u0430 Aircontact, \u0443\u0434\u043e\u0431\u0441\u0442\u0432\u043e \u0438 \u043d\u0430\u0434\u0435\u0436\u043d\u043e\u0441\u0442\u044c.\",\"breadcrumb\":{\"@id\":\"https:\/\/xstyle.md\/product\/rjukzak-deuter-aircontact-lite-35-10-sl-2\/#breadcrumb\"},\"inLanguage\":\"ro-RO\",\"potentialAction\":[{\"@type\":\"ReadAction\",\"target\":[\"https:\/\/xstyle.md\/product\/rjukzak-deuter-aircontact-lite-35-10-sl-2\/\"]}]},{\"@type\":\"ImageObject\",\"inLanguage\":\"ro-RO\",\"@id\":\"https:\/\/xstyle.md\/product\/rjukzak-deuter-aircontact-lite-35-10-sl-2\/#primaryimage\",\"url\":\"https:\/\/xstyle.md\/wp-content\/uploads\/2021\/08\/deuter-aircontact-lite-3510-sl-caspia-ivy.jpg\",\"contentUrl\":\"https:\/\/xstyle.md\/wp-content\/uploads\/2021\/08\/deuter-aircontact-lite-3510-sl-caspia-ivy.jpg\",\"width\":1920,\"height\":1815,\"caption\":\"\u0420\u044e\u043a\u0437\u0430\u043a Deuter Aircontact Lite 35+10 SL \u0434\u043b\u044f \u0430\u043a\u0442\u0438\u0432\u043d\u043e\u0433\u043e \u043e\u0442\u0434\u044b\u0445\u0430 \u043f\u043e\u0445\u043e\u0434\u043e\u0432 \u043f\u0443\u0442\u0435\u0448\u0435\u0441\u0442\u0432\u0438\u0439 \u043e\u0431\u0443\u0432\u044c \u0438 \u043e\u0434\u0435\u0436\u0434\u0430 \u0434\u043b\u044f \u0445\u0430\u0439\u043a\u0438\u043d\u0433\u0430 \u0430\u043b\u044c\u043f\u0438\u043d\u0438\u0437\u043c\u0430 \u043d\u0430 \u043e\u043d\u043b\u0430\u0439\u043d-\u043c\u0430\u0433\u0430\u0437\u0438\u043d\u0435 \u0441\u043f\u043e\u0440\u0442\u0438\u0432\u043d\u044b\u0445 \u0442\u043e\u0432\u0430\u0440\u043e\u0432\"},{\"@type\":\"BreadcrumbList\",\"@id\":\"https:\/\/xstyle.md\/product\/rjukzak-deuter-aircontact-lite-35-10-sl-2\/#breadcrumb\",\"itemListElement\":[{\"@type\":\"ListItem\",\"position\":1,\"name\":\"\u0413\u043b\u0430\u0432\u043d\u0430\u044f \u0441\u0442\u0440\u0430\u043d\u0438\u0446\u0430\",\"item\":\"https:\/\/xstyle.md\/\"},{\"@type\":\"ListItem\",\"position\":2,\"name\":\"\u041c\u0430\u0433\u0430\u0437\u0438\u043d\",\"item\":\"https:\/\/xstyle.md\/shop\/\"},{\"@type\":\"ListItem\",\"position\":3,\"name\":\"\u0420\u044e\u043a\u0437\u0430\u043a Deuter Aircontact Lite 35+10 SL\"}]},{\"@type\":\"WebSite\",\"@id\":\"https:\/\/xstyle.md\/#website\",\"url\":\"https:\/\/xstyle.md\/\",\"name\":\"\u041c\u0430\u0433\u0430\u0437\u0438\u043d Xstyle\",\"description\":\"C\u043d\u0430\u0440\u044f\u0436\u0435\u043d\u0438\u0435 \u0434\u043b\u044f \u0442\u0443\u0440\u0438\u0437\u043c\u0430 \u0438 \u044d\u043a\u0441\u0442\u0440\u0435\u043c\u0430\u043b\u044c\u043d\u044b\u0445 \u0432\u0438\u0434\u043e\u0432 \u0441\u043f\u043e\u0440\u0442\u0430 \u0432 \u041c\u043e\u043b\u0434\u043e\u0432\u0435.. \u0426\u0435\u043d\u044b, \u0444\u043e\u0442\u043e, \u0445\u0430\u0440\u0430\u043a\u0442\u0435\u0440\u0438\u0441\u0442\u0438\u043a\u0438 \u0432 \u041c\u043e\u043b\u0434\u043e\u0432\u0435.\",\"publisher\":{\"@id\":\"https:\/\/xstyle.md\/#organization\"},\"alternateName\":\"X-Style\",\"potentialAction\":[{\"@type\":\"SearchAction\",\"target\":{\"@type\":\"EntryPoint\",\"urlTemplate\":\"https:\/\/xstyle.md\/?s={search_term_string}\"},\"query-input\":{\"@type\":\"PropertyValueSpecification\",\"valueRequired\":true,\"valueName\":\"search_term_string\"}}],\"inLanguage\":\"ro-RO\"},{\"@type\":\"Organization\",\"@id\":\"https:\/\/xstyle.md\/#organization\",\"name\":\"\u041c\u0430\u0433\u0430\u0437\u0438\u043d Xstyle\",\"alternateName\":\"x-style\",\"url\":\"https:\/\/xstyle.md\/\",\"logo\":{\"@type\":\"ImageObject\",\"inLanguage\":\"ro-RO\",\"@id\":\"https:\/\/xstyle.md\/#\/schema\/logo\/image\/\",\"url\":\"https:\/\/xstyle.md\/wp-content\/uploads\/2020\/06\/logoicon.svg\",\"contentUrl\":\"https:\/\/xstyle.md\/wp-content\/uploads\/2020\/06\/logoicon.svg\",\"caption\":\"\u041c\u0430\u0433\u0430\u0437\u0438\u043d Xstyle\"},\"image\":{\"@id\":\"https:\/\/xstyle.md\/#\/schema\/logo\/image\/\"},\"sameAs\":[\"https:\/\/www.facebook.com\/xstylemd\",\"https:\/\/www.instagram.com\/xstyle_md\/\",\"https:\/\/t.me\/xstyle_outdoor\"],\"hasMerchantReturnPolicy\":{\"@type\":\"MerchantReturnPolicy\",\"merchantReturnLink\":\"https:\/\/xstyle.md\/ro\/conditions\/\"}}]}<\/script>\n<meta property=\"product:price:amount\" content=\"4190.00\" \/>\n<meta property=\"product:price:currency\" content=\"MDL\" \/>\n<meta property=\"og:availability\" content=\"instock\" \/>\n<meta property=\"product:availability\" content=\"instock\" \/>\n<meta property=\"product:retailer_item_id\" content=\"4046051113586\" \/>\n<meta property=\"product:condition\" content=\"new\" \/>\n<!-- \/ Yoast SEO plugin. -->","yoast_head_json":{"title":"Rucsac Deuter Aircontact Lite 35+10 SL - Magazin Xstyle","description":"Rucsacul Deuter Aircontact Lite 35+10 SL - u\u0219or \u0219i rezistent, ideal pentru c\u0103l\u0103torii. Materiale de \u00eenalt\u0103 calitate, sistemul Aircontact, confort \u0219i fiabilitate.","robots":{"index":"index","follow":"follow","max-snippet":"max-snippet:-1","max-image-preview":"max-image-preview:large","max-video-preview":"max-video-preview:-1"},"canonical":"https:\/\/xstyle.md\/ro\/produs\/rjukzak-deuter-aircontact-lite-35-10-sl-2\/","og_locale":"ro_RO","og_type":"article","og_title":"\u0420\u044e\u043a\u0437\u0430\u043a Deuter Aircontact Lite 35+10 SL - \u041c\u0430\u0433\u0430\u0437\u0438\u043d Xstyle","og_description":"\u0420\u044e\u043a\u0437\u0430\u043a Deuter Aircontact Lite 35+10 SL - \u043b\u0435\u0433\u043a\u0438\u0439 \u0438 \u043f\u0440\u043e\u0447\u043d\u044b\u0439, \u0438\u0434\u0435\u0430\u043b\u0435\u043d \u0434\u043b\u044f \u043f\u0443\u0442\u0435\u0448\u0435\u0441\u0442\u0432\u0438\u0439. \u0412\u044b\u0441\u043e\u043a\u043e\u043a\u0430\u0447\u0435\u0441\u0442\u0432\u0435\u043d\u043d\u044b\u0435 \u043c\u0430\u0442\u0435\u0440\u0438\u0430\u043b\u044b, \u0441\u0438\u0441\u0442\u0435\u043c\u0430 Aircontact, \u0443\u0434\u043e\u0431\u0441\u0442\u0432\u043e \u0438 \u043d\u0430\u0434\u0435\u0436\u043d\u043e\u0441\u0442\u044c.","og_url":"https:\/\/xstyle.md\/ro\/produs\/rjukzak-deuter-aircontact-lite-35-10-sl-2\/","og_site_name":"\u041c\u0430\u0433\u0430\u0437\u0438\u043d Xstyle","article_publisher":"https:\/\/www.facebook.com\/xstylemd","article_modified_time":"2025-09-03T16:58:49+00:00","og_image":[{"width":2196,"height":2076,"url":"https:\/\/xstyle.md\/wp-content\/uploads\/2021\/08\/deuter-aircontact-lite-3510-sl-caspia-ivy.jpg","type":"image\/jpeg"}],"twitter_card":"summary_large_image","twitter_misc":{"Pre\u021b":"4.190&nbsp;MDL","Disponibilitate":"\u00cen stoc"},"schema":{"@context":"https:\/\/schema.org","@graph":[{"@type":"WebPage","@id":"https:\/\/xstyle.md\/product\/rjukzak-deuter-aircontact-lite-35-10-sl-2\/","url":"https:\/\/xstyle.md\/product\/rjukzak-deuter-aircontact-lite-35-10-sl-2\/","name":"Rucsac Deuter Aircontact Lite 35+10 SL - Magazin Xstyle","isPartOf":{"@id":"https:\/\/xstyle.md\/#website"},"primaryImageOfPage":{"@id":"https:\/\/xstyle.md\/product\/rjukzak-deuter-aircontact-lite-35-10-sl-2\/#primaryimage"},"image":{"@id":"https:\/\/xstyle.md\/product\/rjukzak-deuter-aircontact-lite-35-10-sl-2\/#primaryimage"},"thumbnailUrl":"https:\/\/xstyle.md\/wp-content\/uploads\/2021\/08\/deuter-aircontact-lite-3510-sl-caspia-ivy.jpg","datePublished":"2021-08-30T11:43:14+00:00","dateModified":"2025-09-03T16:58:49+00:00","description":"Rucsacul Deuter Aircontact Lite 35+10 SL - u\u0219or \u0219i rezistent, ideal pentru c\u0103l\u0103torii. Materiale de \u00eenalt\u0103 calitate, sistemul Aircontact, confort \u0219i fiabilitate.","breadcrumb":{"@id":"https:\/\/xstyle.md\/product\/rjukzak-deuter-aircontact-lite-35-10-sl-2\/#breadcrumb"},"inLanguage":"ro-RO","potentialAction":[{"@type":"ReadAction","target":["https:\/\/xstyle.md\/product\/rjukzak-deuter-aircontact-lite-35-10-sl-2\/"]}]},{"@type":"ImageObject","inLanguage":"ro-RO","@id":"https:\/\/xstyle.md\/product\/rjukzak-deuter-aircontact-lite-35-10-sl-2\/#primaryimage","url":"https:\/\/xstyle.md\/wp-content\/uploads\/2021\/08\/deuter-aircontact-lite-3510-sl-caspia-ivy.jpg","contentUrl":"https:\/\/xstyle.md\/wp-content\/uploads\/2021\/08\/deuter-aircontact-lite-3510-sl-caspia-ivy.jpg","width":1920,"height":1815,"caption":"\u0420\u044e\u043a\u0437\u0430\u043a Deuter Aircontact Lite 35+10 SL \u0434\u043b\u044f \u0430\u043a\u0442\u0438\u0432\u043d\u043e\u0433\u043e \u043e\u0442\u0434\u044b\u0445\u0430 \u043f\u043e\u0445\u043e\u0434\u043e\u0432 \u043f\u0443\u0442\u0435\u0448\u0435\u0441\u0442\u0432\u0438\u0439 \u043e\u0431\u0443\u0432\u044c \u0438 \u043e\u0434\u0435\u0436\u0434\u0430 \u0434\u043b\u044f \u0445\u0430\u0439\u043a\u0438\u043d\u0433\u0430 \u0430\u043b\u044c\u043f\u0438\u043d\u0438\u0437\u043c\u0430 \u043d\u0430 \u043e\u043d\u043b\u0430\u0439\u043d-\u043c\u0430\u0433\u0430\u0437\u0438\u043d\u0435 \u0441\u043f\u043e\u0440\u0442\u0438\u0432\u043d\u044b\u0445 \u0442\u043e\u0432\u0430\u0440\u043e\u0432"},{"@type":"BreadcrumbList","@id":"https:\/\/xstyle.md\/product\/rjukzak-deuter-aircontact-lite-35-10-sl-2\/#breadcrumb","itemListElement":[{"@type":"ListItem","position":1,"name":"\u0413\u043b\u0430\u0432\u043d\u0430\u044f \u0441\u0442\u0440\u0430\u043d\u0438\u0446\u0430","item":"https:\/\/xstyle.md\/"},{"@type":"ListItem","position":2,"name":"\u041c\u0430\u0433\u0430\u0437\u0438\u043d","item":"https:\/\/xstyle.md\/shop\/"},{"@type":"ListItem","position":3,"name":"\u0420\u044e\u043a\u0437\u0430\u043a Deuter Aircontact Lite 35+10 SL"}]},{"@type":"WebSite","@id":"https:\/\/xstyle.md\/#website","url":"https:\/\/xstyle.md\/","name":"Magazinul X-Style","description":"Echipamente pentru turism \u0219i sporturi extreme \u00een Moldova. Pre\u021buri, fotografii, caracteristici \u00een Moldova.","publisher":{"@id":"https:\/\/xstyle.md\/#organization"},"alternateName":"X-Style","potentialAction":[{"@type":"SearchAction","target":{"@type":"EntryPoint","urlTemplate":"https:\/\/xstyle.md\/?s={search_term_string}"},"query-input":{"@type":"PropertyValueSpecification","valueRequired":true,"valueName":"search_term_string"}}],"inLanguage":"ro-RO"},{"@type":"Organization","@id":"https:\/\/xstyle.md\/#organization","name":"Magazinul X-Style","alternateName":"x-style","url":"https:\/\/xstyle.md\/","logo":{"@type":"ImageObject","inLanguage":"ro-RO","@id":"https:\/\/xstyle.md\/#\/schema\/logo\/image\/","url":"https:\/\/xstyle.md\/wp-content\/uploads\/2020\/06\/logoicon.svg","contentUrl":"https:\/\/xstyle.md\/wp-content\/uploads\/2020\/06\/logoicon.svg","caption":"\u041c\u0430\u0433\u0430\u0437\u0438\u043d Xstyle"},"image":{"@id":"https:\/\/xstyle.md\/#\/schema\/logo\/image\/"},"sameAs":["https:\/\/www.facebook.com\/xstylemd","https:\/\/www.instagram.com\/xstyle_md\/","https:\/\/t.me\/xstyle_outdoor"],"hasMerchantReturnPolicy":{"@type":"MerchantReturnPolicy","merchantReturnLink":"https:\/\/xstyle.md\/ro\/conditions\/"}}]},"product_price_amount":"4190.00","product_price_currency":"MDL","og_availability":"instock","product_availability":"instock","product_retailer_item_id":"4046051113586","product_condition":"new"},"post_mailing_queue_ids":[],"_links":{"self":[{"href":"https:\/\/xstyle.md\/ro\/wp-json\/wp\/v2\/product\/38938","targetHints":{"allow":["GET"]}}],"collection":[{"href":"https:\/\/xstyle.md\/ro\/wp-json\/wp\/v2\/product"}],"about":[{"href":"https:\/\/xstyle.md\/ro\/wp-json\/wp\/v2\/types\/product"}],"replies":[{"embeddable":true,"href":"https:\/\/xstyle.md\/ro\/wp-json\/wp\/v2\/comments?post=38938"}],"wp:featuredmedia":[{"embeddable":true,"href":"https:\/\/xstyle.md\/ro\/wp-json\/wp\/v2\/media\/73409"}],"wp:attachment":[{"href":"https:\/\/xstyle.md\/ro\/wp-json\/wp\/v2\/media?parent=38938"}],"wp:term":[{"taxonomy":"product_brand","embeddable":true,"href":"https:\/\/xstyle.md\/ro\/wp-json\/wp\/v2\/product_brand?post=38938"},{"taxonomy":"product_cat","embeddable":true,"href":"https:\/\/xstyle.md\/ro\/wp-json\/wp\/v2\/product_cat?post=38938"},{"taxonomy":"product_tag","embeddable":true,"href":"https:\/\/xstyle.md\/ro\/wp-json\/wp\/v2\/product_tag?post=38938"}],"curies":[{"name":"wp","href":"https:\/\/api.w.org\/{rel}","templated":true}]}}