{"id":3882,"date":"2020-07-16T19:20:03","date_gmt":"2020-07-16T16:20:03","guid":{"rendered":"https:\/\/xstyle.md\/product\/rjukzak-pinguin-explorer-75-black-grey"},"modified":"2026-03-19T16:32:54","modified_gmt":"2026-03-19T13:32:54","slug":"rjukzak-pinguin-explorer-75-black-grey","status":"publish","type":"product","link":"https:\/\/xstyle.md\/ro\/produs\/rjukzak-pinguin-explorer-75-black-grey\/","title":{"rendered":"Rucsac Pinguin Explorer 75"},"content":{"rendered":"<\/p>\n<p><strong>Rucsac Pinguin Explorer 75<\/strong> are un sistem de sus\u021binere a \u00eenc\u0103rc\u0103turii bine ventilat, cu posibilit\u0103\u021bi bune de reglare, cu o centur\u0103 de \u0219old care poate fi deta\u0219at\u0103 \u0219i curele de um\u0103r reglabile pe vertical\u0103. Dou\u0103 buzunare laterale (compartimentul principal se deschide, de asemenea, cu un fermoar sub curelele de compresie din partea inferioar\u0103 a rucsacului), dou\u0103 posturi durale, dou\u0103 buzunare externe \u0219i unul intern \u00een clapeta superioar\u0103 deta\u0219abil\u0103.<\/p>\n<p>Buzunarele laterale sunt integrate \u00een rucsac, astfel \u00eenc\u00e2t, atunci c\u00e2nd sunt goale, se contopesc complet cu partea principal\u0103 a rucsacului. Greutatea este distribuit\u0103 cu ajutorul unor curele de compresie.<\/p>\n<h3>Particularit\u0103\u021bi<\/h3>\n<ul>\n<li>Amplitudine mare de ajustare a sistemului spinal ABS<\/li>\n<li>Dou\u0103 camere pentru separarea echipamentului transportat \u00een func\u021bie de frecven\u021ba de utilizare, posibilitatea de a conecta ambele camere \u00eentr-una singur\u0103 prin deschiderea unui perete desp\u0103r\u021bitor<\/li>\n<li>Buzunar cu fermoar cu plas\u0103 \u00een interiorul capacului pentru obiecte de valoare, cu carabin\u0103 pentru chei<\/li>\n<li>Curea de compresie central\u0103 sub capac<\/li>\n<li>Accesibilitate maxim\u0103 \u0219i rapid\u0103 a echipamentului care urmeaz\u0103 s\u0103 fie transportat<\/li>\n<li>Capac de rucsac spa\u021bios, u\u0219or de \u00eendep\u0103rtat, poate fi folosit ca o pung\u0103 sau o geant\u0103 de um\u0103r<\/li>\n<li>Fermoarul camerei inferioare este fixat de o pereche de curele cu posibilitatea de a ata\u0219a material suplimentar (de exemplu, cort)<\/li>\n<li>Buzunarul extern cu fermoar de pe capac este potrivit pentru depozitarea echipamentelor u\u0219or accesibile (de exemplu, farmacie sau alimente)<\/li>\n<li>Posibilitatea de a crea o geant\u0103 de talie din clapeta \u0219i cureaua de talie<\/li>\n<\/ul>\n<h3>Caracteristici<\/h3>\n<ul>\n<li>Greutate &#8212; 2350 g<\/li>\n<li>Volum &#8212; 75 litri<\/li>\n<li>Dimensiuni &#8212; 87 x 32 x 31 (H x L x P) cm<\/li>\n<li>Material &#8212; Nylon 6.6, Duraflex, Nexus\u00ae.<\/li>\n<li>Nu este potrivit pentru bagajele de m\u00e2n\u0103<\/li>\n<li>Hus\u0103 de ploaie &#8212; da<\/li>\n<li>Ventila\u021bie &#8212; da<\/li>\n<li>Destina\u021bie &#8212; trekking, drume\u021bii<\/li>\n<li>Model &#8212; unisex<\/li>\n<\/ul>\n<h3>Tehnologie<\/h3>\n<ul>\n<li><strong>ABS<\/strong> &#8212; este un sistem de suspensie care v\u0103 permite s\u0103 regla\u021bi \u00een\u0103l\u021bimea suspensiei \u0219i distan\u021ba dintre curelele de um\u0103r, ceea ce poate modifica unghiul de \u00eenclinare \u00een raport cu punctul de fixare. Toate acestea reduc semnificativ sarcina asupra coloanei vertebrale \u0219i distribuie greutatea \u00een mod egal. De asemenea, v\u0103 permite s\u0103 ajusta\u021bi mai precis rucsacul la tr\u0103s\u0103turile oric\u0103rei siluete. Baza este o plac\u0103 metalic\u0103 vertical\u0103 rigid\u0103 fixat\u0103 \u00een sp\u0103tar.<\/li>\n<li><strong>3D-Air-Mesh<\/strong> &#8212; ochiuri de plas\u0103 din poliester cu o grosime de 3 mm sau mai mare, adic\u0103 spa\u021bial (3D). Datorit\u0103 respirabilit\u0103\u021bii sale optime \u0219i a efectului s\u0103u de absorb\u021bie a \u0219ocurilor, este materialul ideal pentru stratul exterior al protec\u021biilor pentru spate, al bretelelor de um\u0103r \u0219i al centurilor de \u0219old. Este foarte rezistent \u0219i ofer\u0103 confort.<\/li>\n<li><strong>Nexus\u00ae<\/strong> &#8212; fitinguri din plastic de \u00eenalt\u0103 calitate fabricate de o companie suedez\u0103. Fitingurile s-au dovedit f\u0103r\u0103 cusur \u00een func\u021bionare la toate temperaturile \u0219i la sarcini ridicate.<\/li>\n<li><strong>Duraflex\u00ae<\/strong> &#8212; este o marc\u0103 de renume interna\u021bional de fitinguri din plastic. Produsele DURAFLEX \u00eentr-o gam\u0103 larg\u0103 de temperaturi \u00ee\u0219i p\u0103streaz\u0103 rezisten\u021ba ridicat\u0103 \u0219i elasticitatea necesar\u0103. Se utilizeaz\u0103 \u00een rucsaci, corturi \u0219i saci de dormit.<\/li>\n<li><strong>YKK\u00ae<\/strong> &#8212; fermoare de \u00eenalt\u0103 calitate fabricate de compania japonez\u0103 YKK Group, certificate pentru conformitatea cu standardele interna\u021bionale. Rezistente la sarcini de for\u021b\u0103 mare \u0219i la coroziune. Sunt utilizate \u00een produse cu cel mai \u00eenalt grad de fiabilitate.<\/li>\n<\/ul>\n<h3>Marca<\/h3>\n<p>Pinguin este cea mai experimentat\u0103 companie ceh\u0103 produc\u0103toare de echipamente pentru activit\u0103\u021bi \u00een aer liber, deoarece primele produse au fost lansate pe pia\u021b\u0103 \u00een 1989. Echipamentul Pinguin a fost folosit de multe ori de alpini\u0219ti \u0219i c\u0103l\u0103tori celebri \u00een cucerirea celor mai \u00eenalte v\u00e2rfuri muntoase din lume.<\/p>\n<p>Compania a fost denumit\u0103 dup\u0103 o pas\u0103re care tr\u0103ie\u0219te \u00een gerul aspru din Antarctica, fiind specializat\u0103 \u00een echipamente de c\u0103l\u0103torie care vor oferi tuturor iubitorilor de activit\u0103\u021bi \u00een aer liber confort \u0219i c\u0103ldur\u0103 \u00een frigul iernii sau pe calotele de ghea\u021b\u0103 ale v\u00e2rfurilor muntoase.<\/p>\n<p><\/p>\n<\/div>","protected":false},"excerpt":{"rendered":"<p>Rucsac Pinguin Explorer 75<\/p>","protected":false},"featured_media":27630,"comment_status":"open","ping_status":"closed","template":"","meta":{"_acf_changed":false,"inline_featured_image":false},"product_brand":[1263],"product_cat":[42],"product_tag":[],"class_list":{"0":"post-3882","1":"product","2":"type-product","3":"status-publish","4":"has-post-thumbnail","6":"product_brand-pinguin","7":"product_cat-travel-up-to-100-bag","9":"first","10":"instock","11":"shipping-taxable","12":"purchasable","13":"product-type-simple"},"acf":[],"yoast_head":"<!-- This site is optimized with the Yoast SEO plugin v27.4 - https:\/\/yoast.com\/product\/yoast-seo-wordpress\/ -->\n<title>\u0420\u044e\u043a\u0437\u0430\u043a Pinguin Explorer 75 - \u041c\u0430\u0433\u0430\u0437\u0438\u043d Xstyle<\/title>\n<meta name=\"description\" content=\"\u0420\u044e\u043a\u0437\u0430\u043a Pinguin Explorer 75 \u2014 \u0438\u0434\u0435\u0430\u043b\u044c\u043d\u044b\u0439 \u043a\u043e\u043c\u043f\u0430\u043d\u044c\u043e\u043d \u0434\u043b\u044f \u043f\u0443\u0442\u0435\u0448\u0435\u0441\u0442\u0432\u0438\u0439! \u041b\u0435\u0433\u043a\u0438\u0439, \u043f\u0440\u043e\u0447\u043d\u044b\u0439, \u0441 \u0445\u043e\u0440\u043e\u0448\u0435\u0439 \u0432\u0435\u043d\u0442\u0438\u043b\u044f\u0446\u0438\u0435\u0439 \u0438 \u043c\u043d\u043e\u0436\u0435\u0441\u0442\u0432\u043e\u043c \u0443\u0434\u043e\u0431\u043d\u044b\u0445 \u043a\u0430\u0440\u043c\u0430\u043d\u043e\u0432.\" \/>\n<meta name=\"robots\" content=\"index, follow, max-snippet:-1, max-image-preview:large, max-video-preview:-1\" \/>\n<link rel=\"canonical\" href=\"https:\/\/xstyle.md\/ro\/produs\/rjukzak-pinguin-explorer-75-black-grey\/\" \/>\n<meta property=\"og:locale\" content=\"ro_RO\" \/>\n<meta property=\"og:type\" content=\"article\" \/>\n<meta property=\"og:title\" content=\"\u0420\u044e\u043a\u0437\u0430\u043a Pinguin Explorer 75 - \u041c\u0430\u0433\u0430\u0437\u0438\u043d Xstyle\" \/>\n<meta property=\"og:description\" content=\"\u0420\u044e\u043a\u0437\u0430\u043a Pinguin Explorer 75 \u2014 \u0438\u0434\u0435\u0430\u043b\u044c\u043d\u044b\u0439 \u043a\u043e\u043c\u043f\u0430\u043d\u044c\u043e\u043d \u0434\u043b\u044f \u043f\u0443\u0442\u0435\u0448\u0435\u0441\u0442\u0432\u0438\u0439! \u041b\u0435\u0433\u043a\u0438\u0439, \u043f\u0440\u043e\u0447\u043d\u044b\u0439, \u0441 \u0445\u043e\u0440\u043e\u0448\u0435\u0439 \u0432\u0435\u043d\u0442\u0438\u043b\u044f\u0446\u0438\u0435\u0439 \u0438 \u043c\u043d\u043e\u0436\u0435\u0441\u0442\u0432\u043e\u043c \u0443\u0434\u043e\u0431\u043d\u044b\u0445 \u043a\u0430\u0440\u043c\u0430\u043d\u043e\u0432.\" \/>\n<meta property=\"og:url\" content=\"https:\/\/xstyle.md\/ro\/produs\/rjukzak-pinguin-explorer-75-black-grey\/\" \/>\n<meta property=\"og:site_name\" content=\"\u041c\u0430\u0433\u0430\u0437\u0438\u043d Xstyle\" \/>\n<meta property=\"article:publisher\" content=\"https:\/\/www.facebook.com\/xstylemd\" \/>\n<meta property=\"article:modified_time\" content=\"2026-03-19T13:32:54+00:00\" \/>\n<meta property=\"og:image\" content=\"https:\/\/xstyle.md\/wp-content\/uploads\/2021\/04\/pinguin_explorer_75-6.jpg\" \/>\n\t<meta property=\"og:image:width\" content=\"500\" \/>\n\t<meta property=\"og:image:height\" content=\"690\" \/>\n\t<meta property=\"og:image:type\" content=\"image\/jpeg\" \/>\n<meta name=\"twitter:card\" content=\"summary_large_image\" \/>\n<meta name=\"twitter:label1\" content=\"Pre\u021b\" \/>\n\t<meta name=\"twitter:data1\" content=\"3.590&nbsp;MDL\" \/>\n\t<meta name=\"twitter:label2\" content=\"Disponibilitate\" \/>\n\t<meta name=\"twitter:data2\" content=\"\u00cen stoc\" \/>\n<script type=\"application\/ld+json\" class=\"yoast-schema-graph\">{\"@context\":\"https:\\\/\\\/schema.org\",\"@graph\":[{\"@type\":\"WebPage\",\"@id\":\"https:\\\/\\\/xstyle.md\\\/product\\\/rjukzak-pinguin-explorer-75-black-grey\\\/\",\"url\":\"https:\\\/\\\/xstyle.md\\\/product\\\/rjukzak-pinguin-explorer-75-black-grey\\\/\",\"name\":\"\u0420\u044e\u043a\u0437\u0430\u043a Pinguin Explorer 75 - \u041c\u0430\u0433\u0430\u0437\u0438\u043d Xstyle\",\"isPartOf\":{\"@id\":\"https:\\\/\\\/xstyle.md\\\/#website\"},\"primaryImageOfPage\":{\"@id\":\"https:\\\/\\\/xstyle.md\\\/product\\\/rjukzak-pinguin-explorer-75-black-grey\\\/#primaryimage\"},\"image\":{\"@id\":\"https:\\\/\\\/xstyle.md\\\/product\\\/rjukzak-pinguin-explorer-75-black-grey\\\/#primaryimage\"},\"thumbnailUrl\":\"https:\\\/\\\/xstyle.md\\\/wp-content\\\/uploads\\\/2021\\\/04\\\/pinguin_explorer_75-6.jpg\",\"datePublished\":\"2020-07-16T16:20:03+00:00\",\"dateModified\":\"2026-03-19T13:32:54+00:00\",\"description\":\"\u0420\u044e\u043a\u0437\u0430\u043a Pinguin Explorer 75 \u2014 \u0438\u0434\u0435\u0430\u043b\u044c\u043d\u044b\u0439 \u043a\u043e\u043c\u043f\u0430\u043d\u044c\u043e\u043d \u0434\u043b\u044f \u043f\u0443\u0442\u0435\u0448\u0435\u0441\u0442\u0432\u0438\u0439! \u041b\u0435\u0433\u043a\u0438\u0439, \u043f\u0440\u043e\u0447\u043d\u044b\u0439, \u0441 \u0445\u043e\u0440\u043e\u0448\u0435\u0439 \u0432\u0435\u043d\u0442\u0438\u043b\u044f\u0446\u0438\u0435\u0439 \u0438 \u043c\u043d\u043e\u0436\u0435\u0441\u0442\u0432\u043e\u043c \u0443\u0434\u043e\u0431\u043d\u044b\u0445 \u043a\u0430\u0440\u043c\u0430\u043d\u043e\u0432.\",\"breadcrumb\":{\"@id\":\"https:\\\/\\\/xstyle.md\\\/product\\\/rjukzak-pinguin-explorer-75-black-grey\\\/#breadcrumb\"},\"inLanguage\":\"ro-RO\",\"potentialAction\":[{\"@type\":\"ReadAction\",\"target\":[\"https:\\\/\\\/xstyle.md\\\/product\\\/rjukzak-pinguin-explorer-75-black-grey\\\/\"]}]},{\"@type\":\"ImageObject\",\"inLanguage\":\"ro-RO\",\"@id\":\"https:\\\/\\\/xstyle.md\\\/product\\\/rjukzak-pinguin-explorer-75-black-grey\\\/#primaryimage\",\"url\":\"https:\\\/\\\/xstyle.md\\\/wp-content\\\/uploads\\\/2021\\\/04\\\/pinguin_explorer_75-6.jpg\",\"contentUrl\":\"https:\\\/\\\/xstyle.md\\\/wp-content\\\/uploads\\\/2021\\\/04\\\/pinguin_explorer_75-6.jpg\",\"width\":500,\"height\":690},{\"@type\":\"BreadcrumbList\",\"@id\":\"https:\\\/\\\/xstyle.md\\\/product\\\/rjukzak-pinguin-explorer-75-black-grey\\\/#breadcrumb\",\"itemListElement\":[{\"@type\":\"ListItem\",\"position\":1,\"name\":\"\u0413\u043b\u0430\u0432\u043d\u0430\u044f \u0441\u0442\u0440\u0430\u043d\u0438\u0446\u0430\",\"item\":\"https:\\\/\\\/xstyle.md\\\/\"},{\"@type\":\"ListItem\",\"position\":2,\"name\":\"\u041c\u0430\u0433\u0430\u0437\u0438\u043d\",\"item\":\"https:\\\/\\\/xstyle.md\\\/shop\\\/\"},{\"@type\":\"ListItem\",\"position\":3,\"name\":\"\u0420\u044e\u043a\u0437\u0430\u043a Pinguin Explorer 75\"}]},{\"@type\":\"WebSite\",\"@id\":\"https:\\\/\\\/xstyle.md\\\/#website\",\"url\":\"https:\\\/\\\/xstyle.md\\\/\",\"name\":\"\u041c\u0430\u0433\u0430\u0437\u0438\u043d Xstyle\",\"description\":\"C\u043d\u0430\u0440\u044f\u0436\u0435\u043d\u0438\u0435 \u0434\u043b\u044f \u0442\u0443\u0440\u0438\u0437\u043c\u0430 \u0438 \u044d\u043a\u0441\u0442\u0440\u0435\u043c\u0430\u043b\u044c\u043d\u044b\u0445 \u0432\u0438\u0434\u043e\u0432 \u0441\u043f\u043e\u0440\u0442\u0430 \u0432 \u041c\u043e\u043b\u0434\u043e\u0432\u0435.. \u0426\u0435\u043d\u044b, \u0444\u043e\u0442\u043e, \u0445\u0430\u0440\u0430\u043a\u0442\u0435\u0440\u0438\u0441\u0442\u0438\u043a\u0438 \u0432 \u041c\u043e\u043b\u0434\u043e\u0432\u0435.\",\"publisher\":{\"@id\":\"https:\\\/\\\/xstyle.md\\\/#organization\"},\"alternateName\":\"X-Style\",\"potentialAction\":[{\"@type\":\"SearchAction\",\"target\":{\"@type\":\"EntryPoint\",\"urlTemplate\":\"https:\\\/\\\/xstyle.md\\\/?s={search_term_string}\"},\"query-input\":{\"@type\":\"PropertyValueSpecification\",\"valueRequired\":true,\"valueName\":\"search_term_string\"}}],\"inLanguage\":\"ro-RO\"},{\"@type\":\"Organization\",\"@id\":\"https:\\\/\\\/xstyle.md\\\/#organization\",\"name\":\"\u041c\u0430\u0433\u0430\u0437\u0438\u043d Xstyle\",\"alternateName\":\"x-style\",\"url\":\"https:\\\/\\\/xstyle.md\\\/\",\"logo\":{\"@type\":\"ImageObject\",\"inLanguage\":\"ro-RO\",\"@id\":\"https:\\\/\\\/xstyle.md\\\/#\\\/schema\\\/logo\\\/image\\\/\",\"url\":\"https:\\\/\\\/xstyle.md\\\/wp-content\\\/uploads\\\/2020\\\/06\\\/logoicon.svg\",\"contentUrl\":\"https:\\\/\\\/xstyle.md\\\/wp-content\\\/uploads\\\/2020\\\/06\\\/logoicon.svg\",\"caption\":\"\u041c\u0430\u0433\u0430\u0437\u0438\u043d Xstyle\"},\"image\":{\"@id\":\"https:\\\/\\\/xstyle.md\\\/#\\\/schema\\\/logo\\\/image\\\/\"},\"sameAs\":[\"https:\\\/\\\/www.facebook.com\\\/xstylemd\",\"https:\\\/\\\/www.instagram.com\\\/xstyle_md\\\/\",\"https:\\\/\\\/t.me\\\/xstyle_outdoor\"],\"hasMerchantReturnPolicy\":{\"@type\":\"MerchantReturnPolicy\",\"merchantReturnLink\":\"https:\\\/\\\/xstyle.md\\\/ro\\\/conditions\\\/\"}}]}<\/script>\n<meta property=\"product:price:amount\" content=\"3590.00\" \/>\n<meta property=\"product:price:currency\" content=\"MDL\" \/>\n<meta property=\"og:availability\" content=\"instock\" \/>\n<meta property=\"product:availability\" content=\"instock\" \/>\n<meta property=\"product:retailer_item_id\" content=\"8592638301090\" \/>\n<meta property=\"product:condition\" content=\"new\" \/>\n<!-- \/ Yoast SEO plugin. -->","yoast_head_json":{"title":"Rucsac Pinguin Explorer 75 - Magazin Xstyle","description":"Rucsacul Pinguin Explorer 75 este tovar\u0103\u0219ul ideal pentru c\u0103l\u0103torii! U\u0219or, durabil, cu o bun\u0103 ventila\u021bie \u0219i multe buzunare convenabile.","robots":{"index":"index","follow":"follow","max-snippet":"max-snippet:-1","max-image-preview":"max-image-preview:large","max-video-preview":"max-video-preview:-1"},"canonical":"https:\/\/xstyle.md\/ro\/produs\/rjukzak-pinguin-explorer-75-black-grey\/","og_locale":"ro_RO","og_type":"article","og_title":"\u0420\u044e\u043a\u0437\u0430\u043a Pinguin Explorer 75 - \u041c\u0430\u0433\u0430\u0437\u0438\u043d Xstyle","og_description":"\u0420\u044e\u043a\u0437\u0430\u043a Pinguin Explorer 75 \u2014 \u0438\u0434\u0435\u0430\u043b\u044c\u043d\u044b\u0439 \u043a\u043e\u043c\u043f\u0430\u043d\u044c\u043e\u043d \u0434\u043b\u044f \u043f\u0443\u0442\u0435\u0448\u0435\u0441\u0442\u0432\u0438\u0439! \u041b\u0435\u0433\u043a\u0438\u0439, \u043f\u0440\u043e\u0447\u043d\u044b\u0439, \u0441 \u0445\u043e\u0440\u043e\u0448\u0435\u0439 \u0432\u0435\u043d\u0442\u0438\u043b\u044f\u0446\u0438\u0435\u0439 \u0438 \u043c\u043d\u043e\u0436\u0435\u0441\u0442\u0432\u043e\u043c \u0443\u0434\u043e\u0431\u043d\u044b\u0445 \u043a\u0430\u0440\u043c\u0430\u043d\u043e\u0432.","og_url":"https:\/\/xstyle.md\/ro\/produs\/rjukzak-pinguin-explorer-75-black-grey\/","og_site_name":"\u041c\u0430\u0433\u0430\u0437\u0438\u043d Xstyle","article_publisher":"https:\/\/www.facebook.com\/xstylemd","article_modified_time":"2026-03-19T13:32:54+00:00","og_image":[{"width":500,"height":690,"url":"https:\/\/xstyle.md\/wp-content\/uploads\/2021\/04\/pinguin_explorer_75-6.jpg","type":"image\/jpeg"}],"twitter_card":"summary_large_image","twitter_misc":{"Pre\u021b":"3.590&nbsp;MDL","Disponibilitate":"\u00cen stoc"},"schema":{"@context":"https:\/\/schema.org","@graph":[{"@type":"WebPage","@id":"https:\/\/xstyle.md\/product\/rjukzak-pinguin-explorer-75-black-grey\/","url":"https:\/\/xstyle.md\/product\/rjukzak-pinguin-explorer-75-black-grey\/","name":"Rucsac Pinguin Explorer 75 - Magazin Xstyle","isPartOf":{"@id":"https:\/\/xstyle.md\/#website"},"primaryImageOfPage":{"@id":"https:\/\/xstyle.md\/product\/rjukzak-pinguin-explorer-75-black-grey\/#primaryimage"},"image":{"@id":"https:\/\/xstyle.md\/product\/rjukzak-pinguin-explorer-75-black-grey\/#primaryimage"},"thumbnailUrl":"https:\/\/xstyle.md\/wp-content\/uploads\/2021\/04\/pinguin_explorer_75-6.jpg","datePublished":"2020-07-16T16:20:03+00:00","dateModified":"2026-03-19T13:32:54+00:00","description":"Rucsacul Pinguin Explorer 75 este tovar\u0103\u0219ul ideal pentru c\u0103l\u0103torii! U\u0219or, durabil, cu o bun\u0103 ventila\u021bie \u0219i multe buzunare convenabile.","breadcrumb":{"@id":"https:\/\/xstyle.md\/product\/rjukzak-pinguin-explorer-75-black-grey\/#breadcrumb"},"inLanguage":"ro-RO","potentialAction":[{"@type":"ReadAction","target":["https:\/\/xstyle.md\/product\/rjukzak-pinguin-explorer-75-black-grey\/"]}]},{"@type":"ImageObject","inLanguage":"ro-RO","@id":"https:\/\/xstyle.md\/product\/rjukzak-pinguin-explorer-75-black-grey\/#primaryimage","url":"https:\/\/xstyle.md\/wp-content\/uploads\/2021\/04\/pinguin_explorer_75-6.jpg","contentUrl":"https:\/\/xstyle.md\/wp-content\/uploads\/2021\/04\/pinguin_explorer_75-6.jpg","width":500,"height":690},{"@type":"BreadcrumbList","@id":"https:\/\/xstyle.md\/product\/rjukzak-pinguin-explorer-75-black-grey\/#breadcrumb","itemListElement":[{"@type":"ListItem","position":1,"name":"\u0413\u043b\u0430\u0432\u043d\u0430\u044f \u0441\u0442\u0440\u0430\u043d\u0438\u0446\u0430","item":"https:\/\/xstyle.md\/"},{"@type":"ListItem","position":2,"name":"\u041c\u0430\u0433\u0430\u0437\u0438\u043d","item":"https:\/\/xstyle.md\/shop\/"},{"@type":"ListItem","position":3,"name":"\u0420\u044e\u043a\u0437\u0430\u043a Pinguin Explorer 75"}]},{"@type":"WebSite","@id":"https:\/\/xstyle.md\/#website","url":"https:\/\/xstyle.md\/","name":"Magazinul X-Style","description":"Echipamente pentru turism \u0219i sporturi extreme \u00een Moldova. Pre\u021buri, fotografii, caracteristici \u00een Moldova.","publisher":{"@id":"https:\/\/xstyle.md\/#organization"},"alternateName":"X-Style","potentialAction":[{"@type":"SearchAction","target":{"@type":"EntryPoint","urlTemplate":"https:\/\/xstyle.md\/?s={search_term_string}"},"query-input":{"@type":"PropertyValueSpecification","valueRequired":true,"valueName":"search_term_string"}}],"inLanguage":"ro-RO"},{"@type":"Organization","@id":"https:\/\/xstyle.md\/#organization","name":"Magazinul X-Style","alternateName":"x-style","url":"https:\/\/xstyle.md\/","logo":{"@type":"ImageObject","inLanguage":"ro-RO","@id":"https:\/\/xstyle.md\/#\/schema\/logo\/image\/","url":"https:\/\/xstyle.md\/wp-content\/uploads\/2020\/06\/logoicon.svg","contentUrl":"https:\/\/xstyle.md\/wp-content\/uploads\/2020\/06\/logoicon.svg","caption":"\u041c\u0430\u0433\u0430\u0437\u0438\u043d Xstyle"},"image":{"@id":"https:\/\/xstyle.md\/#\/schema\/logo\/image\/"},"sameAs":["https:\/\/www.facebook.com\/xstylemd","https:\/\/www.instagram.com\/xstyle_md\/","https:\/\/t.me\/xstyle_outdoor"],"hasMerchantReturnPolicy":{"@type":"MerchantReturnPolicy","merchantReturnLink":"https:\/\/xstyle.md\/ro\/conditions\/"}}]},"product_price_amount":"3590.00","product_price_currency":"MDL","og_availability":"instock","product_availability":"instock","product_retailer_item_id":"8592638301090","product_condition":"new"},"_links":{"self":[{"href":"https:\/\/xstyle.md\/ro\/wp-json\/wp\/v2\/product\/3882","targetHints":{"allow":["GET"]}}],"collection":[{"href":"https:\/\/xstyle.md\/ro\/wp-json\/wp\/v2\/product"}],"about":[{"href":"https:\/\/xstyle.md\/ro\/wp-json\/wp\/v2\/types\/product"}],"replies":[{"embeddable":true,"href":"https:\/\/xstyle.md\/ro\/wp-json\/wp\/v2\/comments?post=3882"}],"wp:featuredmedia":[{"embeddable":true,"href":"https:\/\/xstyle.md\/ro\/wp-json\/wp\/v2\/media\/27630"}],"wp:attachment":[{"href":"https:\/\/xstyle.md\/ro\/wp-json\/wp\/v2\/media?parent=3882"}],"wp:term":[{"taxonomy":"product_brand","embeddable":true,"href":"https:\/\/xstyle.md\/ro\/wp-json\/wp\/v2\/product_brand?post=3882"},{"taxonomy":"product_cat","embeddable":true,"href":"https:\/\/xstyle.md\/ro\/wp-json\/wp\/v2\/product_cat?post=3882"},{"taxonomy":"product_tag","embeddable":true,"href":"https:\/\/xstyle.md\/ro\/wp-json\/wp\/v2\/product_tag?post=3882"}],"curies":[{"name":"wp","href":"https:\/\/api.w.org\/{rel}","templated":true}]}}