{"id":38795,"date":"2021-08-27T14:33:25","date_gmt":"2021-08-27T11:33:25","guid":{"rendered":"https:\/\/xstyle.md\/?post_type=product&#038;p=38795"},"modified":"2025-03-29T21:33:21","modified_gmt":"2025-03-29T18:33:21","slug":"obvjazka-petzl-astro-bod-fast-2","status":"publish","type":"product","link":"https:\/\/xstyle.md\/ro\/produs\/obvjazka-petzl-astro-bod-fast-2\/","title":{"rendered":"Ham Petzl Astro Bod Fast 2"},"content":{"rendered":"<\/p>\n<p>Ham <strong>Petzl Astro Bod Fast 2<\/strong> dispune de cinci elemente de fixare a EPI-urilor. Conceput pentru a maximiza confortul angaja\u021bilor atunci c\u00e2nd lucreaz\u0103 \u00eentr-o pozi\u021bie nesus\u021binut\u0103. Punctul frontal deta\u0219abil este format din mai multe componente care pot fi u\u0219or demontate \u0219i reasamblate. Acest lucru permite ca hamurile s\u0103 fie ata\u0219ate la ham f\u0103r\u0103 a fi nevoie de carabiniere sau conectori. \u00cen plus, acest design &#171;descarc\u0103&#187; inelul central prin separarea punctelor de conectare a dispozitivului de eliberare \u0219i a hamurilor (must\u0103\u021bi). O centur\u0103 larg\u0103, semi-rigid\u0103, ventilat\u0103 \u0219i centurile pentru picioare asigur\u0103 confortul lucr\u0103torului atunci c\u00e2nd lucreaz\u0103 \u00een spa\u021bii f\u0103r\u0103 suport. Cataramele autoblocante DoubleBack de pe pra\u0219tie, \u00eentre centur\u0103 \u0219i jambiere, permit reglarea distan\u021bei fa\u021b\u0103 de jambiere. Prin ajustarea distan\u021bei dintre jambiere \u0219i centur\u0103, pute\u021bi ob\u021bine un confort sporit at\u00e2t la mers, c\u00e2t \u0219i la lucrul la \u00een\u0103l\u021bime. Aceast\u0103 ajustare este deosebit de util\u0103 atunci c\u00e2nd se utilizeaz\u0103 elementul de coloan\u0103 A pentru fixarea unui ham de siguran\u021b\u0103.<\/p>\n<p>Designul hamului v\u0103 permite s\u0103 fixa\u021bi \u00een mod convenabil materialele \u0219i instrumentele necesare pe centur\u0103. \u00cen acest scop, pe centur\u0103 exist\u0103 mai multe bucle pentru echipamente, fante speciale pentru fixarea carabinierului Caritool \u0219i bucle pentru ata\u0219area ToolBag. Dou\u0103 elemente textile pentru fixarea sistemului de pozi\u021bionare sunt echipate cu \u00eent\u0103rituri din plastic. Aceast\u0103 construc\u021bie este mai u\u0219oar\u0103 dec\u00e2t inelele metalice. \u00cen acela\u0219i timp, elementul r\u0103m\u00e2ne suficient de rigid \u0219i nu interfereaz\u0103 cu carabinierele de prindere.<\/p>\n<p>Cataramele DoubleBack PLUS de pe bretelele de um\u0103r \u0219i de pe centura de talie permit o ajustare rapid\u0103 la dimensiunea hamului. Cataramele deta\u0219abile FAST LT de pe m\u00e2nerele pentru degete nu necesit\u0103 ajust\u0103ri suplimentare \u0219i faciliteaz\u0103 punerea hamului cu pantofi solizi, de lucru.<\/p>\n<h3>Particularit\u0103\u021bi<\/h3>\n<p><strong>Punctul frontal deta\u0219abil este format din mai multe componente care pot fi dezasamblate \u0219i reasamblate cu u\u0219urin\u021b\u0103. Acest lucru permite:<\/strong><\/p>\n<ul>\n<li>ata\u0219a\u021bi slingul PROGRESS direct la punctul din fa\u021b\u0103, f\u0103r\u0103 a utiliza un carabinier (rapizi).<\/li>\n<li>pozi\u021biona\u021bi clema CROLL c\u00e2t mai jos posibil pentru o c\u0103\u021b\u0103rare eficient\u0103 pe coard\u0103.<\/li>\n<li>integra\u021bi scaunul de lucru \u00een ham f\u0103r\u0103 a utiliza carabiniere suplimentare<\/li>\n<\/ul>\n<p><strong>Confort maxim:<\/strong><\/p>\n<ul>\n<li>centura larg\u0103, semi-rigid\u0103, cu g\u0103uri de ventila\u021bie, asigur\u0103 un bun sprijin pentru lucr\u0103tor<\/li>\n<li>bretelele de um\u0103r sunt c\u0103ptu\u0219ite cu spum\u0103. Curelele sunt late \u0219i nu freac\u0103 g\u00e2tul. Ele asigur\u0103 o distribu\u021bie uniform\u0103 a sarcinii pe talia \u0219i umerii lucr\u0103torului.<\/li>\n<li>elementele textile pentru fixarea sistemului de pozi\u021bionare pe p\u0103r\u021bile laterale ale centurii sunt echipate cu benzi de rulare din plastic.<\/li>\n<\/ul>\n<p><strong>Reglare convenabil\u0103:\u00a0<\/strong><\/p>\n<ul>\n<li>cataramele DoubleBack PLUS de pe curelele de um\u0103r \u0219i de pe centur\u0103 permit o ajustare rapid\u0103 la dimensiunea leg\u0103turii<\/li>\n<li>cataramele deta\u0219abile FAST LT de pe \u00eentinderile pentru picioare nu necesit\u0103 ajust\u0103ri suplimentare \u0219i faciliteaz\u0103 punerea hamului.<\/li>\n<li>cataramele autoblocante DoubleBack de pe hamul dintre centur\u0103 \u0219i benzile de picior v\u0103 permit s\u0103 regla\u021bi distan\u021ba. Atunci c\u00e2nd hamul este ata\u0219at \u00een spatele elementului de spate, sarcina<\/li>\n<li>este distribuit\u0103 pe hamul de picioare \u00een cazul unei c\u0103deri, ceea ce face mai u\u0219or s\u0103 a\u0219tepta\u021bi ajutorul \u00een timp ce nu sunte\u021bi sus\u021binut.<\/li>\n<\/ul>\n<p><strong>Designul leg\u0103turii v\u0103 permite s\u0103 fixa\u021bi \u00een mod convenabil materialele \u0219i uneltele necesare:\u00a0<\/strong><\/p>\n<ul>\n<li>\u0219ase rafturi rigide pentru unelte \u00eentr-o carcas\u0103 de protec\u021bie<\/li>\n<li>dou\u0103 carabiniere CARITOOL pentru \u00eenchiderea carabinierelor<\/li>\n<li>dou\u0103 bucle pentru fixarea sacului de scule TOOLBAG<\/li>\n<\/ul>\n<h3>Caracteristici<\/h3>\n<ul>\n<li>Materiale &#8212; nailon, poliester, aluminiu, o\u021bel<\/li>\n<li>Circumferin\u021ba taliei &#8212; 83-120 cm<\/li>\n<li>Circumferin\u021ba taliei &#8212; 50-65 cm<\/li>\n<li>\u00cen\u0103l\u021bime &#8212; 175-200 cm<\/li>\n<li>Greutate &#8212; 1980 g<\/li>\n<li>Certificare &#8212; CE EN 361, CE EN 358, CE EN 813, CE EN 12841 tip B, EAC<\/li>\n<\/ul>\n<h3>Marca<\/h3>\n<p>PETZL este un brand de renume mondial care produce echipamente specializate pentru alpinism, speologie, escalad\u0103 \u0219i alpinism industrial. Compania a fost fondat\u0103 de Fernand Petzel, un om pasionat de speologie de o via\u021b\u0103 \u00eentreag\u0103. La mijlocul anilor 1970, pasiunea sa \u0219i afacerea de familie au crescut \u00een ceva mai mult. Fernand a \u00eenceput s\u0103 modifice dispozitivele existente folosite \u00een speologie \u0219i apoi s\u0103 inventeze unele complet noi.<\/p>\n<p>Gama de produse a companiei s-a extins pentru a include iluminatul, deoarece \u00een \u00eentunericul pe\u0219terilor acesta este unul dintre cele mai importante echipamente necesare. Dup\u0103 speologie, PETZL a creat echipamente pentru alpini\u0219ti \u0219i alpini\u0219ti, iar mai t\u00e2rziu pentru lucrul la \u00een\u0103l\u021bime.<\/p>\n<p>Misiunea PETZL este de a crea instrumente inovatoare care s\u0103 le permit\u0103 b\u0103rba\u021bilor \u0219i femeilor s\u0103 ating\u0103 noi \u00een\u0103l\u021bimi pe vertical\u0103 \u0219i s\u0103 lumineze drumul \u00een \u00eentuneric. Compania se afl\u0103 \u00eentr-o c\u0103utare continu\u0103 a celei mai bune solu\u021bii \u00een toate domeniile de activitate. Performan\u021ba, ergonomia, confortul \u0219i, cel mai important, siguran\u021ba sunt cele mai importante criterii \u00een aceast\u0103 c\u0103utare. Accesul la ceea ce este inaccesibil sau &#171;atingerea a ceea ce este de neatins&#187; este motto-ul s\u0103u de lung\u0103 durat\u0103.<\/p>\n<p><\/p>","protected":false},"excerpt":{"rendered":"","protected":false},"featured_media":38884,"comment_status":"open","ping_status":"closed","template":"","meta":{"_acf_changed":false,"inline_featured_image":false},"product_brand":[1270],"product_cat":[135],"product_tag":[],"class_list":{"0":"post-38795","1":"product","2":"type-product","3":"status-publish","4":"has-post-thumbnail","6":"product_brand-petzl","7":"product_cat-harnesses","9":"first","10":"outofstock","11":"shipping-taxable","12":"product-type-simple"},"acf":[],"yoast_head":"<!-- This site is optimized with the Yoast SEO plugin v27.2 - https:\/\/yoast.com\/product\/yoast-seo-wordpress\/ -->\n<title>\u0421\u0442\u0440\u0430\u0445\u043e\u0432\u043e\u0447\u043d\u0430\u044f \u0441\u0438\u0441\u0442\u0435\u043c\u0430 Petzl Astro Bod Fast 2 - \u041c\u0430\u0433\u0430\u0437\u0438\u043d Xstyle<\/title>\n<meta name=\"description\" content=\"\u0421\u0442\u0440\u0430\u0445\u043e\u0432\u043e\u0447\u043d\u0430\u044f \u0441\u0438\u0441\u0442\u0435\u043c\u0430 Petzl Astro Bod Fast 2: \u043d\u0430\u0434\u0435\u0436\u043d\u043e\u0441\u0442\u044c \u0438 \u043a\u043e\u043c\u0444\u043e\u0440\u0442 \u0434\u043b\u044f \u043f\u0440\u043e\u0444\u0435\u0441\u0441\u0438\u043e\u043d\u0430\u043b\u043e\u0432. \u0418\u0434\u0435\u0430\u043b\u044c\u043d\u0430 \u0434\u043b\u044f \u043b\u044e\u0431\u044b\u0445 \u0432\u044b\u0441\u043e\u0442\u043d\u044b\u0445 \u0440\u0430\u0431\u043e\u0442. \u0423\u0431\u0435\u0434\u0438\u0442\u0435\u0441\u044c \u0432 \u0431\u0435\u0437\u043e\u043f\u0430\u0441\u043d\u043e\u0441\u0442\u0438!\" \/>\n<meta name=\"robots\" content=\"index, follow, max-snippet:-1, max-image-preview:large, max-video-preview:-1\" \/>\n<link rel=\"canonical\" href=\"https:\/\/xstyle.md\/ro\/produs\/obvjazka-petzl-astro-bod-fast-2\/\" \/>\n<meta property=\"og:locale\" content=\"ro_RO\" \/>\n<meta property=\"og:type\" content=\"article\" \/>\n<meta property=\"og:title\" content=\"\u0421\u0442\u0440\u0430\u0445\u043e\u0432\u043e\u0447\u043d\u0430\u044f \u0441\u0438\u0441\u0442\u0435\u043c\u0430 Petzl Astro Bod Fast 2 - \u041c\u0430\u0433\u0430\u0437\u0438\u043d Xstyle\" \/>\n<meta property=\"og:description\" content=\"\u0421\u0442\u0440\u0430\u0445\u043e\u0432\u043e\u0447\u043d\u0430\u044f \u0441\u0438\u0441\u0442\u0435\u043c\u0430 Petzl Astro Bod Fast 2: \u043d\u0430\u0434\u0435\u0436\u043d\u043e\u0441\u0442\u044c \u0438 \u043a\u043e\u043c\u0444\u043e\u0440\u0442 \u0434\u043b\u044f \u043f\u0440\u043e\u0444\u0435\u0441\u0441\u0438\u043e\u043d\u0430\u043b\u043e\u0432. \u0418\u0434\u0435\u0430\u043b\u044c\u043d\u0430 \u0434\u043b\u044f \u043b\u044e\u0431\u044b\u0445 \u0432\u044b\u0441\u043e\u0442\u043d\u044b\u0445 \u0440\u0430\u0431\u043e\u0442. \u0423\u0431\u0435\u0434\u0438\u0442\u0435\u0441\u044c \u0432 \u0431\u0435\u0437\u043e\u043f\u0430\u0441\u043d\u043e\u0441\u0442\u0438!\" \/>\n<meta property=\"og:url\" content=\"https:\/\/xstyle.md\/ro\/produs\/obvjazka-petzl-astro-bod-fast-2\/\" \/>\n<meta property=\"og:site_name\" content=\"\u041c\u0430\u0433\u0430\u0437\u0438\u043d Xstyle\" \/>\n<meta property=\"article:publisher\" content=\"https:\/\/www.facebook.com\/xstylemd\" \/>\n<meta property=\"article:modified_time\" content=\"2025-03-29T18:33:21+00:00\" \/>\n<meta property=\"og:image\" content=\"https:\/\/xstyle.md\/wp-content\/uploads\/2021\/08\/petzl-astro-bod-fast-2.jpg\" \/>\n\t<meta property=\"og:image:width\" content=\"1000\" \/>\n\t<meta property=\"og:image:height\" content=\"1000\" \/>\n\t<meta property=\"og:image:type\" content=\"image\/jpeg\" \/>\n<meta name=\"twitter:card\" content=\"summary_large_image\" \/>\n<meta name=\"twitter:label1\" content=\"Pre\u021b\" \/>\n\t<meta name=\"twitter:data1\" content=\"8.870&nbsp;MDL\" \/>\n\t<meta name=\"twitter:label2\" content=\"Disponibilitate\" \/>\n\t<meta name=\"twitter:data2\" content=\"Stoc epuizat\" \/>\n<script type=\"application\/ld+json\" class=\"yoast-schema-graph\">{\"@context\":\"https:\/\/schema.org\",\"@graph\":[{\"@type\":\"WebPage\",\"@id\":\"https:\/\/xstyle.md\/product\/obvjazka-petzl-astro-bod-fast-2\/\",\"url\":\"https:\/\/xstyle.md\/product\/obvjazka-petzl-astro-bod-fast-2\/\",\"name\":\"\u0421\u0442\u0440\u0430\u0445\u043e\u0432\u043e\u0447\u043d\u0430\u044f \u0441\u0438\u0441\u0442\u0435\u043c\u0430 Petzl Astro Bod Fast 2 - \u041c\u0430\u0433\u0430\u0437\u0438\u043d Xstyle\",\"isPartOf\":{\"@id\":\"https:\/\/xstyle.md\/#website\"},\"primaryImageOfPage\":{\"@id\":\"https:\/\/xstyle.md\/product\/obvjazka-petzl-astro-bod-fast-2\/#primaryimage\"},\"image\":{\"@id\":\"https:\/\/xstyle.md\/product\/obvjazka-petzl-astro-bod-fast-2\/#primaryimage\"},\"thumbnailUrl\":\"https:\/\/xstyle.md\/wp-content\/uploads\/2021\/08\/petzl-astro-bod-fast-2.jpg\",\"datePublished\":\"2021-08-27T11:33:25+00:00\",\"dateModified\":\"2025-03-29T18:33:21+00:00\",\"description\":\"\u0421\u0442\u0440\u0430\u0445\u043e\u0432\u043e\u0447\u043d\u0430\u044f \u0441\u0438\u0441\u0442\u0435\u043c\u0430 Petzl Astro Bod Fast 2: \u043d\u0430\u0434\u0435\u0436\u043d\u043e\u0441\u0442\u044c \u0438 \u043a\u043e\u043c\u0444\u043e\u0440\u0442 \u0434\u043b\u044f \u043f\u0440\u043e\u0444\u0435\u0441\u0441\u0438\u043e\u043d\u0430\u043b\u043e\u0432. \u0418\u0434\u0435\u0430\u043b\u044c\u043d\u0430 \u0434\u043b\u044f \u043b\u044e\u0431\u044b\u0445 \u0432\u044b\u0441\u043e\u0442\u043d\u044b\u0445 \u0440\u0430\u0431\u043e\u0442. \u0423\u0431\u0435\u0434\u0438\u0442\u0435\u0441\u044c \u0432 \u0431\u0435\u0437\u043e\u043f\u0430\u0441\u043d\u043e\u0441\u0442\u0438!\",\"breadcrumb\":{\"@id\":\"https:\/\/xstyle.md\/product\/obvjazka-petzl-astro-bod-fast-2\/#breadcrumb\"},\"inLanguage\":\"ro-RO\",\"potentialAction\":[{\"@type\":\"ReadAction\",\"target\":[\"https:\/\/xstyle.md\/product\/obvjazka-petzl-astro-bod-fast-2\/\"]}]},{\"@type\":\"ImageObject\",\"inLanguage\":\"ro-RO\",\"@id\":\"https:\/\/xstyle.md\/product\/obvjazka-petzl-astro-bod-fast-2\/#primaryimage\",\"url\":\"https:\/\/xstyle.md\/wp-content\/uploads\/2021\/08\/petzl-astro-bod-fast-2.jpg\",\"contentUrl\":\"https:\/\/xstyle.md\/wp-content\/uploads\/2021\/08\/petzl-astro-bod-fast-2.jpg\",\"width\":1000,\"height\":1000,\"caption\":\"\u0417\u0430\u0441\u0442\u0435\u0436\u043a\u0430 \u0434\u043b\u044f \u0430\u043a\u0442\u0438\u0432\u043d\u043e\u0433\u043e \u043e\u0442\u0434\u044b\u0445\u0430, \u043e\u0431\u0443\u0432\u044c \u0438 \u043e\u0434\u0435\u0436\u0434\u0430 \u0434\u043b\u044f \u0445\u0430\u0439\u043a\u0438\u043d\u0433\u0430 \u0438 \u0430\u043b\u044c\u043f\u0438\u043d\u0438\u0437\u043c\u0430, \u0441\u0442\u0440\u0430\u0445\u043e\u0432\u043e\u0447\u043d\u0430\u044f \u0441\u0438\u0441\u0442\u0435\u043c\u0430 Petzl Astro Bod Fast 2 \u0434\u043b\u044f \u0442\u0443\u0440\u0438\u0437\u043c\u0430 \u0438 \u043f\u0443\u0442\u0435\u0448\u0435\u0441\u0442\u0432\u0438\u0439\"},{\"@type\":\"BreadcrumbList\",\"@id\":\"https:\/\/xstyle.md\/product\/obvjazka-petzl-astro-bod-fast-2\/#breadcrumb\",\"itemListElement\":[{\"@type\":\"ListItem\",\"position\":1,\"name\":\"\u0413\u043b\u0430\u0432\u043d\u0430\u044f \u0441\u0442\u0440\u0430\u043d\u0438\u0446\u0430\",\"item\":\"https:\/\/xstyle.md\/\"},{\"@type\":\"ListItem\",\"position\":2,\"name\":\"\u041c\u0430\u0433\u0430\u0437\u0438\u043d\",\"item\":\"https:\/\/xstyle.md\/shop\/\"},{\"@type\":\"ListItem\",\"position\":3,\"name\":\"\u0421\u0442\u0440\u0430\u0445\u043e\u0432\u043e\u0447\u043d\u0430\u044f \u0441\u0438\u0441\u0442\u0435\u043c\u0430 Petzl Astro Bod Fast 2\"}]},{\"@type\":\"WebSite\",\"@id\":\"https:\/\/xstyle.md\/#website\",\"url\":\"https:\/\/xstyle.md\/\",\"name\":\"\u041c\u0430\u0433\u0430\u0437\u0438\u043d Xstyle\",\"description\":\"C\u043d\u0430\u0440\u044f\u0436\u0435\u043d\u0438\u0435 \u0434\u043b\u044f \u0442\u0443\u0440\u0438\u0437\u043c\u0430 \u0438 \u044d\u043a\u0441\u0442\u0440\u0435\u043c\u0430\u043b\u044c\u043d\u044b\u0445 \u0432\u0438\u0434\u043e\u0432 \u0441\u043f\u043e\u0440\u0442\u0430 \u0432 \u041c\u043e\u043b\u0434\u043e\u0432\u0435.. \u0426\u0435\u043d\u044b, \u0444\u043e\u0442\u043e, \u0445\u0430\u0440\u0430\u043a\u0442\u0435\u0440\u0438\u0441\u0442\u0438\u043a\u0438 \u0432 \u041c\u043e\u043b\u0434\u043e\u0432\u0435.\",\"publisher\":{\"@id\":\"https:\/\/xstyle.md\/#organization\"},\"alternateName\":\"X-Style\",\"potentialAction\":[{\"@type\":\"SearchAction\",\"target\":{\"@type\":\"EntryPoint\",\"urlTemplate\":\"https:\/\/xstyle.md\/?s={search_term_string}\"},\"query-input\":{\"@type\":\"PropertyValueSpecification\",\"valueRequired\":true,\"valueName\":\"search_term_string\"}}],\"inLanguage\":\"ro-RO\"},{\"@type\":\"Organization\",\"@id\":\"https:\/\/xstyle.md\/#organization\",\"name\":\"\u041c\u0430\u0433\u0430\u0437\u0438\u043d Xstyle\",\"alternateName\":\"x-style\",\"url\":\"https:\/\/xstyle.md\/\",\"logo\":{\"@type\":\"ImageObject\",\"inLanguage\":\"ro-RO\",\"@id\":\"https:\/\/xstyle.md\/#\/schema\/logo\/image\/\",\"url\":\"https:\/\/xstyle.md\/wp-content\/uploads\/2020\/06\/logoicon.svg\",\"contentUrl\":\"https:\/\/xstyle.md\/wp-content\/uploads\/2020\/06\/logoicon.svg\",\"caption\":\"\u041c\u0430\u0433\u0430\u0437\u0438\u043d Xstyle\"},\"image\":{\"@id\":\"https:\/\/xstyle.md\/#\/schema\/logo\/image\/\"},\"sameAs\":[\"https:\/\/www.facebook.com\/xstylemd\",\"https:\/\/www.instagram.com\/xstyle_md\/\",\"https:\/\/t.me\/xstyle_outdoor\"],\"hasMerchantReturnPolicy\":{\"@type\":\"MerchantReturnPolicy\",\"merchantReturnLink\":\"https:\/\/xstyle.md\/ro\/conditions\/\"}}]}<\/script>\n<meta property=\"product:price:amount\" content=\"8870.00\" \/>\n<meta property=\"product:price:currency\" content=\"MDL\" \/>\n<meta property=\"og:availability\" content=\"out of stock\" \/>\n<meta property=\"product:availability\" content=\"out of stock\" \/>\n<meta property=\"product:retailer_item_id\" content=\"3342540826946\" \/>\n<meta property=\"product:condition\" content=\"new\" \/>\n<!-- \/ Yoast SEO plugin. -->","yoast_head_json":{"title":"Ham Petzl Astro Bod Fast 2 - Magazin Xstyle","description":"Sistem de siguran\u021b\u0103 Petzl Astro Bod Fast 2: fiabilitate \u0219i confort pentru profesioni\u0219ti. Ideal pentru orice lucr\u0103ri la \u00een\u0103l\u021bime. Asigura\u021bi-v\u0103 de siguran\u021b\u0103!","robots":{"index":"index","follow":"follow","max-snippet":"max-snippet:-1","max-image-preview":"max-image-preview:large","max-video-preview":"max-video-preview:-1"},"canonical":"https:\/\/xstyle.md\/ro\/produs\/obvjazka-petzl-astro-bod-fast-2\/","og_locale":"ro_RO","og_type":"article","og_title":"\u0421\u0442\u0440\u0430\u0445\u043e\u0432\u043e\u0447\u043d\u0430\u044f \u0441\u0438\u0441\u0442\u0435\u043c\u0430 Petzl Astro Bod Fast 2 - \u041c\u0430\u0433\u0430\u0437\u0438\u043d Xstyle","og_description":"\u0421\u0442\u0440\u0430\u0445\u043e\u0432\u043e\u0447\u043d\u0430\u044f \u0441\u0438\u0441\u0442\u0435\u043c\u0430 Petzl Astro Bod Fast 2: \u043d\u0430\u0434\u0435\u0436\u043d\u043e\u0441\u0442\u044c \u0438 \u043a\u043e\u043c\u0444\u043e\u0440\u0442 \u0434\u043b\u044f \u043f\u0440\u043e\u0444\u0435\u0441\u0441\u0438\u043e\u043d\u0430\u043b\u043e\u0432. \u0418\u0434\u0435\u0430\u043b\u044c\u043d\u0430 \u0434\u043b\u044f \u043b\u044e\u0431\u044b\u0445 \u0432\u044b\u0441\u043e\u0442\u043d\u044b\u0445 \u0440\u0430\u0431\u043e\u0442. \u0423\u0431\u0435\u0434\u0438\u0442\u0435\u0441\u044c \u0432 \u0431\u0435\u0437\u043e\u043f\u0430\u0441\u043d\u043e\u0441\u0442\u0438!","og_url":"https:\/\/xstyle.md\/ro\/produs\/obvjazka-petzl-astro-bod-fast-2\/","og_site_name":"\u041c\u0430\u0433\u0430\u0437\u0438\u043d Xstyle","article_publisher":"https:\/\/www.facebook.com\/xstylemd","article_modified_time":"2025-03-29T18:33:21+00:00","og_image":[{"width":1000,"height":1000,"url":"https:\/\/xstyle.md\/wp-content\/uploads\/2021\/08\/petzl-astro-bod-fast-2.jpg","type":"image\/jpeg"}],"twitter_card":"summary_large_image","twitter_misc":{"Pre\u021b":"8.870&nbsp;MDL","Disponibilitate":"Stoc epuizat"},"schema":{"@context":"https:\/\/schema.org","@graph":[{"@type":"WebPage","@id":"https:\/\/xstyle.md\/product\/obvjazka-petzl-astro-bod-fast-2\/","url":"https:\/\/xstyle.md\/product\/obvjazka-petzl-astro-bod-fast-2\/","name":"Ham Petzl Astro Bod Fast 2 - Magazin Xstyle","isPartOf":{"@id":"https:\/\/xstyle.md\/#website"},"primaryImageOfPage":{"@id":"https:\/\/xstyle.md\/product\/obvjazka-petzl-astro-bod-fast-2\/#primaryimage"},"image":{"@id":"https:\/\/xstyle.md\/product\/obvjazka-petzl-astro-bod-fast-2\/#primaryimage"},"thumbnailUrl":"https:\/\/xstyle.md\/wp-content\/uploads\/2021\/08\/petzl-astro-bod-fast-2.jpg","datePublished":"2021-08-27T11:33:25+00:00","dateModified":"2025-03-29T18:33:21+00:00","description":"Sistem de siguran\u021b\u0103 Petzl Astro Bod Fast 2: fiabilitate \u0219i confort pentru profesioni\u0219ti. Ideal pentru orice lucr\u0103ri la \u00een\u0103l\u021bime. Asigura\u021bi-v\u0103 de siguran\u021b\u0103!","breadcrumb":{"@id":"https:\/\/xstyle.md\/product\/obvjazka-petzl-astro-bod-fast-2\/#breadcrumb"},"inLanguage":"ro-RO","potentialAction":[{"@type":"ReadAction","target":["https:\/\/xstyle.md\/product\/obvjazka-petzl-astro-bod-fast-2\/"]}]},{"@type":"ImageObject","inLanguage":"ro-RO","@id":"https:\/\/xstyle.md\/product\/obvjazka-petzl-astro-bod-fast-2\/#primaryimage","url":"https:\/\/xstyle.md\/wp-content\/uploads\/2021\/08\/petzl-astro-bod-fast-2.jpg","contentUrl":"https:\/\/xstyle.md\/wp-content\/uploads\/2021\/08\/petzl-astro-bod-fast-2.jpg","width":1000,"height":1000,"caption":"\u0417\u0430\u0441\u0442\u0435\u0436\u043a\u0430 \u0434\u043b\u044f \u0430\u043a\u0442\u0438\u0432\u043d\u043e\u0433\u043e \u043e\u0442\u0434\u044b\u0445\u0430, \u043e\u0431\u0443\u0432\u044c \u0438 \u043e\u0434\u0435\u0436\u0434\u0430 \u0434\u043b\u044f \u0445\u0430\u0439\u043a\u0438\u043d\u0433\u0430 \u0438 \u0430\u043b\u044c\u043f\u0438\u043d\u0438\u0437\u043c\u0430, \u0441\u0442\u0440\u0430\u0445\u043e\u0432\u043e\u0447\u043d\u0430\u044f \u0441\u0438\u0441\u0442\u0435\u043c\u0430 Petzl Astro Bod Fast 2 \u0434\u043b\u044f \u0442\u0443\u0440\u0438\u0437\u043c\u0430 \u0438 \u043f\u0443\u0442\u0435\u0448\u0435\u0441\u0442\u0432\u0438\u0439"},{"@type":"BreadcrumbList","@id":"https:\/\/xstyle.md\/product\/obvjazka-petzl-astro-bod-fast-2\/#breadcrumb","itemListElement":[{"@type":"ListItem","position":1,"name":"\u0413\u043b\u0430\u0432\u043d\u0430\u044f \u0441\u0442\u0440\u0430\u043d\u0438\u0446\u0430","item":"https:\/\/xstyle.md\/"},{"@type":"ListItem","position":2,"name":"\u041c\u0430\u0433\u0430\u0437\u0438\u043d","item":"https:\/\/xstyle.md\/shop\/"},{"@type":"ListItem","position":3,"name":"\u0421\u0442\u0440\u0430\u0445\u043e\u0432\u043e\u0447\u043d\u0430\u044f \u0441\u0438\u0441\u0442\u0435\u043c\u0430 Petzl Astro Bod Fast 2"}]},{"@type":"WebSite","@id":"https:\/\/xstyle.md\/#website","url":"https:\/\/xstyle.md\/","name":"Magazinul X-Style","description":"Echipamente pentru turism \u0219i sporturi extreme \u00een Moldova. Pre\u021buri, fotografii, caracteristici \u00een Moldova.","publisher":{"@id":"https:\/\/xstyle.md\/#organization"},"alternateName":"X-Style","potentialAction":[{"@type":"SearchAction","target":{"@type":"EntryPoint","urlTemplate":"https:\/\/xstyle.md\/?s={search_term_string}"},"query-input":{"@type":"PropertyValueSpecification","valueRequired":true,"valueName":"search_term_string"}}],"inLanguage":"ro-RO"},{"@type":"Organization","@id":"https:\/\/xstyle.md\/#organization","name":"Magazinul X-Style","alternateName":"x-style","url":"https:\/\/xstyle.md\/","logo":{"@type":"ImageObject","inLanguage":"ro-RO","@id":"https:\/\/xstyle.md\/#\/schema\/logo\/image\/","url":"https:\/\/xstyle.md\/wp-content\/uploads\/2020\/06\/logoicon.svg","contentUrl":"https:\/\/xstyle.md\/wp-content\/uploads\/2020\/06\/logoicon.svg","caption":"\u041c\u0430\u0433\u0430\u0437\u0438\u043d Xstyle"},"image":{"@id":"https:\/\/xstyle.md\/#\/schema\/logo\/image\/"},"sameAs":["https:\/\/www.facebook.com\/xstylemd","https:\/\/www.instagram.com\/xstyle_md\/","https:\/\/t.me\/xstyle_outdoor"],"hasMerchantReturnPolicy":{"@type":"MerchantReturnPolicy","merchantReturnLink":"https:\/\/xstyle.md\/ro\/conditions\/"}}]},"product_price_amount":"8870.00","product_price_currency":"MDL","og_availability":"out of stock","product_availability":"out of stock","product_retailer_item_id":"3342540826946","product_condition":"new"},"post_mailing_queue_ids":[],"_links":{"self":[{"href":"https:\/\/xstyle.md\/ro\/wp-json\/wp\/v2\/product\/38795","targetHints":{"allow":["GET"]}}],"collection":[{"href":"https:\/\/xstyle.md\/ro\/wp-json\/wp\/v2\/product"}],"about":[{"href":"https:\/\/xstyle.md\/ro\/wp-json\/wp\/v2\/types\/product"}],"replies":[{"embeddable":true,"href":"https:\/\/xstyle.md\/ro\/wp-json\/wp\/v2\/comments?post=38795"}],"wp:featuredmedia":[{"embeddable":true,"href":"https:\/\/xstyle.md\/ro\/wp-json\/wp\/v2\/media\/38884"}],"wp:attachment":[{"href":"https:\/\/xstyle.md\/ro\/wp-json\/wp\/v2\/media?parent=38795"}],"wp:term":[{"taxonomy":"product_brand","embeddable":true,"href":"https:\/\/xstyle.md\/ro\/wp-json\/wp\/v2\/product_brand?post=38795"},{"taxonomy":"product_cat","embeddable":true,"href":"https:\/\/xstyle.md\/ro\/wp-json\/wp\/v2\/product_cat?post=38795"},{"taxonomy":"product_tag","embeddable":true,"href":"https:\/\/xstyle.md\/ro\/wp-json\/wp\/v2\/product_tag?post=38795"}],"curies":[{"name":"wp","href":"https:\/\/api.w.org\/{rel}","templated":true}]}}