{"id":38766,"date":"2021-08-27T14:33:17","date_gmt":"2021-08-27T11:33:17","guid":{"rendered":"https:\/\/xstyle.md\/?post_type=product&#038;p=38766"},"modified":"2024-10-21T09:09:37","modified_gmt":"2024-10-21T06:09:37","slug":"sumka-deuter-aviant-duffel-pro-movo-36","status":"publish","type":"product","link":"https:\/\/xstyle.md\/ro\/produs\/sumka-deuter-aviant-duffel-pro-movo-36\/","title":{"rendered":"Geant\u0103 Deuter Aviant Duffel Pro Movo 36"},"content":{"rendered":"<\/p>\n<p><strong>Deuter Aviant Duffel Pro Movo 36<\/strong> &#8212; geant\u0103 robust\u0103 cu un volum compact, conceput\u0103 pentru c\u0103l\u0103torii \u0219i deplas\u0103ri regulate. \u021aes\u0103tura este foarte rezistent\u0103 \u0219i are un tratament rezistent la umiditate. Unul dintre avantajele interesante ale modelului este prezen\u021ba curelelor de um\u0103r pentru transportul gen\u021bii pe umeri, care poate fi mult mai convenabil \u00een unele situa\u021bii. Respect\u0103 dimensiunile standardului interna\u021bional pentru bagajele de m\u00e2n\u0103.<\/p>\n<h3>Particularit\u0103\u021bi<\/h3>\n<ul>\n<li>Baz\u0103 robust\u0103 pe dou\u0103 ro\u021bi silen\u021bioase care pot fi \u00eenlocuite dac\u0103 este necesar<\/li>\n<li>Curelele de um\u0103r pot fi u\u0219or ascunse \u00een interior \u0219i nu stau \u00een drum.<\/li>\n<li>Curelele pot fi combinate pentru a crea un m\u00e2ner de transport<\/li>\n<li>Acces larg la compartimentul principal<\/li>\n<li>Bucle pentru ata\u0219area unui fermoar de \u00eenchidere<\/li>\n<li>Tratarea \u021bes\u0103turii cu poliuretan ofer\u0103 protec\u021bie \u00eempotriva murd\u0103riei \u0219i umidit\u0103\u021bii \u0219i cre\u0219te durabilitatea.<\/li>\n<li>Geanta este stabil\u0103 \u00een pozi\u021bie vertical\u0103<\/li>\n<li>M\u00e2nerul retractabil se pliaz\u0103 \u00eentr-un buzunar cu fermoar<\/li>\n<li>Curele de compresie interne cu \u00eenchidere cu fermoar<\/li>\n<li>Dou\u0103 buzunare din plas\u0103 cu fermoar \u00een compartimentul principal<\/li>\n<li>Buzunar extern cu fermoar pentru documente de c\u0103l\u0103torie cu buzunar intern din plas\u0103<\/li>\n<li>Buzunar cu fermoar pentru obiecte de valoare \u00een partea de susDou\u0103 m\u00e2nere de transport suplimentare c\u0103ptu\u0219ite<\/li>\n<\/ul>\n<h3>Caracteristici<\/h3>\n<ul>\n<li>Greutate &#8212; 2520 g<\/li>\n<li>Capacitate &#8212; 36 litri<\/li>\n<li>Dimensiuni &#8212; 52 x 36 x 27 cm (L x A x P)<\/li>\n<li>Material &#8212; hain\u0103 600D PES<\/li>\n<li>Potrivit pentru bagajul de m\u00e2n\u0103<\/li>\n<li>Scop &#8212; c\u0103l\u0103torie<\/li>\n<li>Sex &#8212; unisex<\/li>\n<\/ul>\n<h3>Tehnologie<\/h3>\n<ul>\n<li><strong>600D PES Coat<\/strong> &#8212; material TPU de \u00eenalt\u0103 calitate \u0219i extrem de durabil, cu rezisten\u021b\u0103 ridicat\u0103 la rupere datorit\u0103 \u021bes\u0103turii \u00eent\u0103rite \u0219i impermeabile. Suprafa\u021ba \u00eenchis\u0103 reduce semnificativ abraziunea \u0219i uzura materialului. \u00cen func\u021bie de stresul mecanic, materialul poate varia \u00een ceea ce prive\u0219te rezisten\u021ba acoperirii, structura suprafe\u021bei \u0219i acoperirea pe o singur\u0103 fa\u021b\u0103 sau pe dou\u0103 fe\u021be. Acesta este utilizat \u00een special pentru rucsacuri \u00een zone cu solicit\u0103ri mecanice mai mari sau umiditate mai ridicat\u0103. Materialul nu con\u021bine PVC \u0219i, prin urmare, este mai u\u0219or dec\u00e2t \u021bes\u0103turile comparabile. Acesta r\u0103m\u00e2ne elastic chiar \u0219i \u00een condi\u021bii extreme.<\/li>\n<\/ul>\n<h3>Marca<\/h3>\n<p>Deuter este o marc\u0103 german\u0103 de gen\u021bi sport \u0219i gen\u021bi pentru drume\u021bii, trekking, sporturi de iarn\u0103 \u0219i alte scopuri. Istoria companiei dateaz\u0103 de peste 100 de ani: fondat\u0103 de Hans Deuter \u00een 1898, la \u00eenceputul secolului al XX-lea Deuter furniza deja gen\u021bi po\u0219tale pentru Po\u0219ta Regal\u0103 Bavarez\u0103, iar \u00een anii 1910 &#8212; rucsacuri, gen\u021bi, centuri \u0219i corturi pentru armat\u0103.<\/p>\n<p>Ca unul dintre cei mai importan\u021bi produc\u0103tori de rucsacuri, Deuter a colaborat \u00eentotdeauna cu alpini\u0219ti experimenta\u021bi, care au \u00eemp\u0103rt\u0103\u0219it din bogata lor experien\u021b\u0103 \u0219i cuno\u0219tin\u021be. Deuter nu se opre\u0219te la rezultatele ob\u021binute, lucr\u00e2nd constant la calitate \u0219i la \u00eembun\u0103t\u0103\u021birea produselor sale. Speciali\u0219tii companiei caut\u0103 mereu noi solu\u021bii tehnice care v\u0103 pot asigura confortul \u0219i siguran\u021ba.<\/p>\n<p><\/p>","protected":false},"excerpt":{"rendered":"","protected":false},"featured_media":38827,"comment_status":"open","ping_status":"closed","template":"","meta":{"_acf_changed":false,"inline_featured_image":false},"product_brand":[1261],"product_cat":[126],"product_tag":[],"class_list":{"0":"post-38766","1":"product","2":"type-product","3":"status-publish","4":"has-post-thumbnail","6":"product_brand-deuter","7":"product_cat-travel-bags","9":"first","10":"instock","11":"shipping-taxable","12":"purchasable","13":"product-type-simple"},"acf":[],"yoast_head":"<!-- This site is optimized with the Yoast SEO plugin v27.4 - https:\/\/yoast.com\/product\/yoast-seo-wordpress\/ -->\n<title>\u0421\u0443\u043c\u043a\u0430 Deuter Aviant Duffel Pro Movo 36 - \u041c\u0430\u0433\u0430\u0437\u0438\u043d Xstyle<\/title>\n<meta name=\"description\" content=\"\u0421\u0443\u043c\u043a\u0430 Deuter Aviant Duffel Pro Movo 36 \u2013 \u0438\u0434\u0435\u0430\u043b\u044c\u043d\u044b\u0439 \u0432\u044b\u0431\u043e\u0440 \u0434\u043b\u044f \u043f\u0443\u0442\u0435\u0448\u0435\u0441\u0442\u0432\u0438\u0439. \u041f\u0440\u043e\u0447\u043d\u0430\u044f, \u043a\u043e\u043c\u043f\u0430\u043a\u0442\u043d\u0430\u044f, \u0441 \u0432\u043e\u0434\u043e\u043e\u0442\u0442\u0430\u043b\u043a\u0438\u0432\u0430\u044e\u0449\u0438\u043c \u043f\u043e\u043a\u0440\u044b\u0442\u0438\u0435\u043c. \u0412\u0430\u0448 \u043d\u0430\u0434\u0435\u0436\u043d\u044b\u0439 \u0441\u043f\u0443\u0442\u043d\u0438\u043a \u0432 \u043f\u0443\u0442\u0438!\" \/>\n<meta name=\"robots\" content=\"index, follow, max-snippet:-1, max-image-preview:large, max-video-preview:-1\" \/>\n<link rel=\"canonical\" href=\"https:\/\/xstyle.md\/ro\/produs\/sumka-deuter-aviant-duffel-pro-movo-36\/\" \/>\n<meta property=\"og:locale\" content=\"ro_RO\" \/>\n<meta property=\"og:type\" content=\"article\" \/>\n<meta property=\"og:title\" content=\"\u0421\u0443\u043c\u043a\u0430 Deuter Aviant Duffel Pro Movo 36 - \u041c\u0430\u0433\u0430\u0437\u0438\u043d Xstyle\" \/>\n<meta property=\"og:description\" content=\"\u0421\u0443\u043c\u043a\u0430 Deuter Aviant Duffel Pro Movo 36 \u2013 \u0438\u0434\u0435\u0430\u043b\u044c\u043d\u044b\u0439 \u0432\u044b\u0431\u043e\u0440 \u0434\u043b\u044f \u043f\u0443\u0442\u0435\u0448\u0435\u0441\u0442\u0432\u0438\u0439. \u041f\u0440\u043e\u0447\u043d\u0430\u044f, \u043a\u043e\u043c\u043f\u0430\u043a\u0442\u043d\u0430\u044f, \u0441 \u0432\u043e\u0434\u043e\u043e\u0442\u0442\u0430\u043b\u043a\u0438\u0432\u0430\u044e\u0449\u0438\u043c \u043f\u043e\u043a\u0440\u044b\u0442\u0438\u0435\u043c. \u0412\u0430\u0448 \u043d\u0430\u0434\u0435\u0436\u043d\u044b\u0439 \u0441\u043f\u0443\u0442\u043d\u0438\u043a \u0432 \u043f\u0443\u0442\u0438!\" \/>\n<meta property=\"og:url\" content=\"https:\/\/xstyle.md\/ro\/produs\/sumka-deuter-aviant-duffel-pro-movo-36\/\" \/>\n<meta property=\"og:site_name\" content=\"\u041c\u0430\u0433\u0430\u0437\u0438\u043d Xstyle\" \/>\n<meta property=\"article:publisher\" content=\"https:\/\/www.facebook.com\/xstylemd\" \/>\n<meta property=\"article:modified_time\" content=\"2024-10-21T06:09:37+00:00\" \/>\n<meta property=\"og:image\" content=\"https:\/\/xstyle.md\/wp-content\/uploads\/2021\/08\/deuter-aviant-duffel-pro-movo-36.jpg\" \/>\n\t<meta property=\"og:image:width\" content=\"640\" \/>\n\t<meta property=\"og:image:height\" content=\"480\" \/>\n\t<meta property=\"og:image:type\" content=\"image\/jpeg\" \/>\n<meta name=\"twitter:card\" content=\"summary_large_image\" \/>\n<meta name=\"twitter:label1\" content=\"Pre\u021b\" \/>\n\t<meta name=\"twitter:data1\" content=\"3.890&nbsp;MDL\" \/>\n\t<meta name=\"twitter:label2\" content=\"Disponibilitate\" \/>\n\t<meta name=\"twitter:data2\" content=\"\u00cen stoc\" \/>\n<script type=\"application\/ld+json\" class=\"yoast-schema-graph\">{\"@context\":\"https:\\\/\\\/schema.org\",\"@graph\":[{\"@type\":\"WebPage\",\"@id\":\"https:\\\/\\\/xstyle.md\\\/product\\\/sumka-deuter-aviant-duffel-pro-movo-36\\\/\",\"url\":\"https:\\\/\\\/xstyle.md\\\/product\\\/sumka-deuter-aviant-duffel-pro-movo-36\\\/\",\"name\":\"\u0421\u0443\u043c\u043a\u0430 Deuter Aviant Duffel Pro Movo 36 - \u041c\u0430\u0433\u0430\u0437\u0438\u043d Xstyle\",\"isPartOf\":{\"@id\":\"https:\\\/\\\/xstyle.md\\\/#website\"},\"primaryImageOfPage\":{\"@id\":\"https:\\\/\\\/xstyle.md\\\/product\\\/sumka-deuter-aviant-duffel-pro-movo-36\\\/#primaryimage\"},\"image\":{\"@id\":\"https:\\\/\\\/xstyle.md\\\/product\\\/sumka-deuter-aviant-duffel-pro-movo-36\\\/#primaryimage\"},\"thumbnailUrl\":\"https:\\\/\\\/xstyle.md\\\/wp-content\\\/uploads\\\/2021\\\/08\\\/deuter-aviant-duffel-pro-movo-36.jpg\",\"datePublished\":\"2021-08-27T11:33:17+00:00\",\"dateModified\":\"2024-10-21T06:09:37+00:00\",\"description\":\"\u0421\u0443\u043c\u043a\u0430 Deuter Aviant Duffel Pro Movo 36 \u2013 \u0438\u0434\u0435\u0430\u043b\u044c\u043d\u044b\u0439 \u0432\u044b\u0431\u043e\u0440 \u0434\u043b\u044f \u043f\u0443\u0442\u0435\u0448\u0435\u0441\u0442\u0432\u0438\u0439. \u041f\u0440\u043e\u0447\u043d\u0430\u044f, \u043a\u043e\u043c\u043f\u0430\u043a\u0442\u043d\u0430\u044f, \u0441 \u0432\u043e\u0434\u043e\u043e\u0442\u0442\u0430\u043b\u043a\u0438\u0432\u0430\u044e\u0449\u0438\u043c \u043f\u043e\u043a\u0440\u044b\u0442\u0438\u0435\u043c. \u0412\u0430\u0448 \u043d\u0430\u0434\u0435\u0436\u043d\u044b\u0439 \u0441\u043f\u0443\u0442\u043d\u0438\u043a \u0432 \u043f\u0443\u0442\u0438!\",\"breadcrumb\":{\"@id\":\"https:\\\/\\\/xstyle.md\\\/product\\\/sumka-deuter-aviant-duffel-pro-movo-36\\\/#breadcrumb\"},\"inLanguage\":\"ro-RO\",\"potentialAction\":[{\"@type\":\"ReadAction\",\"target\":[\"https:\\\/\\\/xstyle.md\\\/product\\\/sumka-deuter-aviant-duffel-pro-movo-36\\\/\"]}]},{\"@type\":\"ImageObject\",\"inLanguage\":\"ro-RO\",\"@id\":\"https:\\\/\\\/xstyle.md\\\/product\\\/sumka-deuter-aviant-duffel-pro-movo-36\\\/#primaryimage\",\"url\":\"https:\\\/\\\/xstyle.md\\\/wp-content\\\/uploads\\\/2021\\\/08\\\/deuter-aviant-duffel-pro-movo-36.jpg\",\"contentUrl\":\"https:\\\/\\\/xstyle.md\\\/wp-content\\\/uploads\\\/2021\\\/08\\\/deuter-aviant-duffel-pro-movo-36.jpg\",\"width\":640,\"height\":480,\"caption\":\"\u0420\u0443\u0447\u043d\u0430\u044f \u0441\u043f\u043e\u0440\u0442\u0438\u0432\u043d\u0430\u044f \u0441\u0443\u043c\u043a\u0430 Deuter Aviant Duffel Pro Movo 36 \u0434\u043b\u044f \u0430\u043a\u0442\u0438\u0432\u043d\u043e\u0433\u043e \u043e\u0442\u0434\u044b\u0445\u0430 \u0442\u0443\u0440\u0438\u0437\u043c\u0430 \u0438 \u043f\u0443\u0442\u0435\u0448\u0435\u0441\u0442\u0432\u0438\u0439, \u0442\u043e\u0432\u0430\u0440\u044b \u0434\u043b\u044f \u0430\u043a\u0442\u0438\u0432\u043d\u043e\u0439 \u0436\u0438\u0437\u043d\u0438, \u043f\u043e\u0445\u043e\u0434\u043e\u0432 \u0438 \u0433\u043e\u0440\u043d\u044b\u0445 \u043f\u043e\u0445\u043e\u0434\u043e\u0432, \u043e\u0431\u0443\u0432\u044c \u0438 \u043e\u0434\u0435\u0436\u0434\u0430 \u0434\u043b\u044f \u043f\u0443\u0442\u0435\u0448\u0435\u0441\u0442\u0432\u0438\u0439\"},{\"@type\":\"BreadcrumbList\",\"@id\":\"https:\\\/\\\/xstyle.md\\\/product\\\/sumka-deuter-aviant-duffel-pro-movo-36\\\/#breadcrumb\",\"itemListElement\":[{\"@type\":\"ListItem\",\"position\":1,\"name\":\"\u0413\u043b\u0430\u0432\u043d\u0430\u044f \u0441\u0442\u0440\u0430\u043d\u0438\u0446\u0430\",\"item\":\"https:\\\/\\\/xstyle.md\\\/\"},{\"@type\":\"ListItem\",\"position\":2,\"name\":\"\u041c\u0430\u0433\u0430\u0437\u0438\u043d\",\"item\":\"https:\\\/\\\/xstyle.md\\\/shop\\\/\"},{\"@type\":\"ListItem\",\"position\":3,\"name\":\"\u0421\u0443\u043c\u043a\u0430 Deuter Aviant Duffel Pro Movo 36\"}]},{\"@type\":\"WebSite\",\"@id\":\"https:\\\/\\\/xstyle.md\\\/#website\",\"url\":\"https:\\\/\\\/xstyle.md\\\/\",\"name\":\"\u041c\u0430\u0433\u0430\u0437\u0438\u043d Xstyle\",\"description\":\"C\u043d\u0430\u0440\u044f\u0436\u0435\u043d\u0438\u0435 \u0434\u043b\u044f \u0442\u0443\u0440\u0438\u0437\u043c\u0430 \u0438 \u044d\u043a\u0441\u0442\u0440\u0435\u043c\u0430\u043b\u044c\u043d\u044b\u0445 \u0432\u0438\u0434\u043e\u0432 \u0441\u043f\u043e\u0440\u0442\u0430 \u0432 \u041c\u043e\u043b\u0434\u043e\u0432\u0435.. \u0426\u0435\u043d\u044b, \u0444\u043e\u0442\u043e, \u0445\u0430\u0440\u0430\u043a\u0442\u0435\u0440\u0438\u0441\u0442\u0438\u043a\u0438 \u0432 \u041c\u043e\u043b\u0434\u043e\u0432\u0435.\",\"publisher\":{\"@id\":\"https:\\\/\\\/xstyle.md\\\/#organization\"},\"alternateName\":\"X-Style\",\"potentialAction\":[{\"@type\":\"SearchAction\",\"target\":{\"@type\":\"EntryPoint\",\"urlTemplate\":\"https:\\\/\\\/xstyle.md\\\/?s={search_term_string}\"},\"query-input\":{\"@type\":\"PropertyValueSpecification\",\"valueRequired\":true,\"valueName\":\"search_term_string\"}}],\"inLanguage\":\"ro-RO\"},{\"@type\":\"Organization\",\"@id\":\"https:\\\/\\\/xstyle.md\\\/#organization\",\"name\":\"\u041c\u0430\u0433\u0430\u0437\u0438\u043d Xstyle\",\"alternateName\":\"x-style\",\"url\":\"https:\\\/\\\/xstyle.md\\\/\",\"logo\":{\"@type\":\"ImageObject\",\"inLanguage\":\"ro-RO\",\"@id\":\"https:\\\/\\\/xstyle.md\\\/#\\\/schema\\\/logo\\\/image\\\/\",\"url\":\"https:\\\/\\\/xstyle.md\\\/wp-content\\\/uploads\\\/2020\\\/06\\\/logoicon.svg\",\"contentUrl\":\"https:\\\/\\\/xstyle.md\\\/wp-content\\\/uploads\\\/2020\\\/06\\\/logoicon.svg\",\"caption\":\"\u041c\u0430\u0433\u0430\u0437\u0438\u043d Xstyle\"},\"image\":{\"@id\":\"https:\\\/\\\/xstyle.md\\\/#\\\/schema\\\/logo\\\/image\\\/\"},\"sameAs\":[\"https:\\\/\\\/www.facebook.com\\\/xstylemd\",\"https:\\\/\\\/www.instagram.com\\\/xstyle_md\\\/\",\"https:\\\/\\\/t.me\\\/xstyle_outdoor\"],\"hasMerchantReturnPolicy\":{\"@type\":\"MerchantReturnPolicy\",\"merchantReturnLink\":\"https:\\\/\\\/xstyle.md\\\/ro\\\/conditions\\\/\"}}]}<\/script>\n<meta property=\"product:price:amount\" content=\"3890.00\" \/>\n<meta property=\"product:price:currency\" content=\"MDL\" \/>\n<meta property=\"og:availability\" content=\"instock\" \/>\n<meta property=\"product:availability\" content=\"instock\" \/>\n<meta property=\"product:retailer_item_id\" content=\"4046051108667\" \/>\n<meta property=\"product:condition\" content=\"new\" \/>\n<!-- \/ Yoast SEO plugin. -->","yoast_head_json":{"title":"Geant\u0103 Deuter Aviant Duffel Pro Movo 36 - Magazin Xstyle","description":"Geanta Deuter Aviant Duffel Pro Movo 36 \u2013 alegerea ideal\u0103 pentru c\u0103l\u0103torii. Rezistent\u0103, compact\u0103, cu un strat rezistent la ap\u0103. Partenerul dumneavoastr\u0103 de \u00eencredere pe drum!","robots":{"index":"index","follow":"follow","max-snippet":"max-snippet:-1","max-image-preview":"max-image-preview:large","max-video-preview":"max-video-preview:-1"},"canonical":"https:\/\/xstyle.md\/ro\/produs\/sumka-deuter-aviant-duffel-pro-movo-36\/","og_locale":"ro_RO","og_type":"article","og_title":"\u0421\u0443\u043c\u043a\u0430 Deuter Aviant Duffel Pro Movo 36 - \u041c\u0430\u0433\u0430\u0437\u0438\u043d Xstyle","og_description":"\u0421\u0443\u043c\u043a\u0430 Deuter Aviant Duffel Pro Movo 36 \u2013 \u0438\u0434\u0435\u0430\u043b\u044c\u043d\u044b\u0439 \u0432\u044b\u0431\u043e\u0440 \u0434\u043b\u044f \u043f\u0443\u0442\u0435\u0448\u0435\u0441\u0442\u0432\u0438\u0439. \u041f\u0440\u043e\u0447\u043d\u0430\u044f, \u043a\u043e\u043c\u043f\u0430\u043a\u0442\u043d\u0430\u044f, \u0441 \u0432\u043e\u0434\u043e\u043e\u0442\u0442\u0430\u043b\u043a\u0438\u0432\u0430\u044e\u0449\u0438\u043c \u043f\u043e\u043a\u0440\u044b\u0442\u0438\u0435\u043c. \u0412\u0430\u0448 \u043d\u0430\u0434\u0435\u0436\u043d\u044b\u0439 \u0441\u043f\u0443\u0442\u043d\u0438\u043a \u0432 \u043f\u0443\u0442\u0438!","og_url":"https:\/\/xstyle.md\/ro\/produs\/sumka-deuter-aviant-duffel-pro-movo-36\/","og_site_name":"\u041c\u0430\u0433\u0430\u0437\u0438\u043d Xstyle","article_publisher":"https:\/\/www.facebook.com\/xstylemd","article_modified_time":"2024-10-21T06:09:37+00:00","og_image":[{"width":640,"height":480,"url":"https:\/\/xstyle.md\/wp-content\/uploads\/2021\/08\/deuter-aviant-duffel-pro-movo-36.jpg","type":"image\/jpeg"}],"twitter_card":"summary_large_image","twitter_misc":{"Pre\u021b":"3.890&nbsp;MDL","Disponibilitate":"\u00cen stoc"},"schema":{"@context":"https:\/\/schema.org","@graph":[{"@type":"WebPage","@id":"https:\/\/xstyle.md\/product\/sumka-deuter-aviant-duffel-pro-movo-36\/","url":"https:\/\/xstyle.md\/product\/sumka-deuter-aviant-duffel-pro-movo-36\/","name":"Geant\u0103 Deuter Aviant Duffel Pro Movo 36 - Magazin Xstyle","isPartOf":{"@id":"https:\/\/xstyle.md\/#website"},"primaryImageOfPage":{"@id":"https:\/\/xstyle.md\/product\/sumka-deuter-aviant-duffel-pro-movo-36\/#primaryimage"},"image":{"@id":"https:\/\/xstyle.md\/product\/sumka-deuter-aviant-duffel-pro-movo-36\/#primaryimage"},"thumbnailUrl":"https:\/\/xstyle.md\/wp-content\/uploads\/2021\/08\/deuter-aviant-duffel-pro-movo-36.jpg","datePublished":"2021-08-27T11:33:17+00:00","dateModified":"2024-10-21T06:09:37+00:00","description":"Geanta Deuter Aviant Duffel Pro Movo 36 \u2013 alegerea ideal\u0103 pentru c\u0103l\u0103torii. Rezistent\u0103, compact\u0103, cu un strat rezistent la ap\u0103. Partenerul dumneavoastr\u0103 de \u00eencredere pe drum!","breadcrumb":{"@id":"https:\/\/xstyle.md\/product\/sumka-deuter-aviant-duffel-pro-movo-36\/#breadcrumb"},"inLanguage":"ro-RO","potentialAction":[{"@type":"ReadAction","target":["https:\/\/xstyle.md\/product\/sumka-deuter-aviant-duffel-pro-movo-36\/"]}]},{"@type":"ImageObject","inLanguage":"ro-RO","@id":"https:\/\/xstyle.md\/product\/sumka-deuter-aviant-duffel-pro-movo-36\/#primaryimage","url":"https:\/\/xstyle.md\/wp-content\/uploads\/2021\/08\/deuter-aviant-duffel-pro-movo-36.jpg","contentUrl":"https:\/\/xstyle.md\/wp-content\/uploads\/2021\/08\/deuter-aviant-duffel-pro-movo-36.jpg","width":640,"height":480,"caption":"\u0420\u0443\u0447\u043d\u0430\u044f \u0441\u043f\u043e\u0440\u0442\u0438\u0432\u043d\u0430\u044f \u0441\u0443\u043c\u043a\u0430 Deuter Aviant Duffel Pro Movo 36 \u0434\u043b\u044f \u0430\u043a\u0442\u0438\u0432\u043d\u043e\u0433\u043e \u043e\u0442\u0434\u044b\u0445\u0430 \u0442\u0443\u0440\u0438\u0437\u043c\u0430 \u0438 \u043f\u0443\u0442\u0435\u0448\u0435\u0441\u0442\u0432\u0438\u0439, \u0442\u043e\u0432\u0430\u0440\u044b \u0434\u043b\u044f \u0430\u043a\u0442\u0438\u0432\u043d\u043e\u0439 \u0436\u0438\u0437\u043d\u0438, \u043f\u043e\u0445\u043e\u0434\u043e\u0432 \u0438 \u0433\u043e\u0440\u043d\u044b\u0445 \u043f\u043e\u0445\u043e\u0434\u043e\u0432, \u043e\u0431\u0443\u0432\u044c \u0438 \u043e\u0434\u0435\u0436\u0434\u0430 \u0434\u043b\u044f \u043f\u0443\u0442\u0435\u0448\u0435\u0441\u0442\u0432\u0438\u0439"},{"@type":"BreadcrumbList","@id":"https:\/\/xstyle.md\/product\/sumka-deuter-aviant-duffel-pro-movo-36\/#breadcrumb","itemListElement":[{"@type":"ListItem","position":1,"name":"\u0413\u043b\u0430\u0432\u043d\u0430\u044f \u0441\u0442\u0440\u0430\u043d\u0438\u0446\u0430","item":"https:\/\/xstyle.md\/"},{"@type":"ListItem","position":2,"name":"\u041c\u0430\u0433\u0430\u0437\u0438\u043d","item":"https:\/\/xstyle.md\/shop\/"},{"@type":"ListItem","position":3,"name":"\u0421\u0443\u043c\u043a\u0430 Deuter Aviant Duffel Pro Movo 36"}]},{"@type":"WebSite","@id":"https:\/\/xstyle.md\/#website","url":"https:\/\/xstyle.md\/","name":"Magazinul X-Style","description":"Echipamente pentru turism \u0219i sporturi extreme \u00een Moldova. Pre\u021buri, fotografii, caracteristici \u00een Moldova.","publisher":{"@id":"https:\/\/xstyle.md\/#organization"},"alternateName":"X-Style","potentialAction":[{"@type":"SearchAction","target":{"@type":"EntryPoint","urlTemplate":"https:\/\/xstyle.md\/?s={search_term_string}"},"query-input":{"@type":"PropertyValueSpecification","valueRequired":true,"valueName":"search_term_string"}}],"inLanguage":"ro-RO"},{"@type":"Organization","@id":"https:\/\/xstyle.md\/#organization","name":"Magazinul X-Style","alternateName":"x-style","url":"https:\/\/xstyle.md\/","logo":{"@type":"ImageObject","inLanguage":"ro-RO","@id":"https:\/\/xstyle.md\/#\/schema\/logo\/image\/","url":"https:\/\/xstyle.md\/wp-content\/uploads\/2020\/06\/logoicon.svg","contentUrl":"https:\/\/xstyle.md\/wp-content\/uploads\/2020\/06\/logoicon.svg","caption":"\u041c\u0430\u0433\u0430\u0437\u0438\u043d Xstyle"},"image":{"@id":"https:\/\/xstyle.md\/#\/schema\/logo\/image\/"},"sameAs":["https:\/\/www.facebook.com\/xstylemd","https:\/\/www.instagram.com\/xstyle_md\/","https:\/\/t.me\/xstyle_outdoor"],"hasMerchantReturnPolicy":{"@type":"MerchantReturnPolicy","merchantReturnLink":"https:\/\/xstyle.md\/ro\/conditions\/"}}]},"product_price_amount":"3890.00","product_price_currency":"MDL","og_availability":"instock","product_availability":"instock","product_retailer_item_id":"4046051108667","product_condition":"new"},"_links":{"self":[{"href":"https:\/\/xstyle.md\/ro\/wp-json\/wp\/v2\/product\/38766","targetHints":{"allow":["GET"]}}],"collection":[{"href":"https:\/\/xstyle.md\/ro\/wp-json\/wp\/v2\/product"}],"about":[{"href":"https:\/\/xstyle.md\/ro\/wp-json\/wp\/v2\/types\/product"}],"replies":[{"embeddable":true,"href":"https:\/\/xstyle.md\/ro\/wp-json\/wp\/v2\/comments?post=38766"}],"wp:featuredmedia":[{"embeddable":true,"href":"https:\/\/xstyle.md\/ro\/wp-json\/wp\/v2\/media\/38827"}],"wp:attachment":[{"href":"https:\/\/xstyle.md\/ro\/wp-json\/wp\/v2\/media?parent=38766"}],"wp:term":[{"taxonomy":"product_brand","embeddable":true,"href":"https:\/\/xstyle.md\/ro\/wp-json\/wp\/v2\/product_brand?post=38766"},{"taxonomy":"product_cat","embeddable":true,"href":"https:\/\/xstyle.md\/ro\/wp-json\/wp\/v2\/product_cat?post=38766"},{"taxonomy":"product_tag","embeddable":true,"href":"https:\/\/xstyle.md\/ro\/wp-json\/wp\/v2\/product_tag?post=38766"}],"curies":[{"name":"wp","href":"https:\/\/api.w.org\/{rel}","templated":true}]}}