{"id":38765,"date":"2021-08-27T14:33:16","date_gmt":"2021-08-27T11:33:16","guid":{"rendered":"https:\/\/xstyle.md\/?post_type=product&#038;p=38765"},"modified":"2024-10-21T09:09:31","modified_gmt":"2024-10-21T06:09:31","slug":"sumka-deuter-aviant-duffel-50","status":"publish","type":"product","link":"https:\/\/xstyle.md\/ro\/produs\/sumka-deuter-aviant-duffel-50\/","title":{"rendered":"Geant\u0103 Deuter Aviant Duffel 50"},"content":{"rendered":"<\/p>\n<p><strong>Geanta Deuter Aviant Duffel 50<\/strong> &#8212; cel mai bun companion dac\u0103 sportul \u0219i c\u0103l\u0103toriile sunt parte integrant\u0103 din via\u021ba dumneavoastr\u0103. Acesta con\u021bine tot ce ave\u021bi nevoie at\u00e2t pentru antrenament, c\u00e2t \u0219i pentru c\u0103l\u0103torii. Curelele sunt reglabile, astfel \u00eenc\u00e2t geanta poate fi purtat\u0103 pe um\u0103r, ca un rucsac, pe spate. Aceast\u0103 caracteristic\u0103 este deosebit de util\u0103 mai ales pentru distan\u021be mai lungi. Toate modelele au un fermoar dublu \u00een compartimentul principal. Este inclus\u0103 o hus\u0103 pentru depozitare compact\u0103 atunci c\u00e2nd nu ave\u021bi nevoie de ea.<\/p>\n<h3>Particularit\u0103\u021bi<\/h3>\n<ul>\n<li>U\u0219or<\/li>\n<li>Compartimentul principal cu fermoar c\u00e2inii au bucle de blocare<\/li>\n<li>Buzunar extern cu fermoar<\/li>\n<li>Buzunar mare cu fermoar lateral<\/li>\n<li>M\u00e2nere confortabile c\u0103ptu\u0219ite pe p\u0103r\u021bile laterale<\/li>\n<li>Curele reglabile cu posibilitatea de a le pune pe umeri<\/li>\n<li>Buzunar intern cu plas\u0103 cu suport pentru chei<\/li>\n<li>Acces u\u0219or la compartimentul principal<\/li>\n<\/ul>\n<h3>Caracteristici<\/h3>\n<ul>\n<li>Greutate &#8212; 650 g<\/li>\n<li>Volum &#8212; 50 litri<\/li>\n<li>Dimensiuni &#8212; 20 x 60 x 32 cm (L x H x P)<\/li>\n<li>Material &#8212; 420D PA | 600D PES<\/li>\n<li>Nu este potrivit pentru bagajele de m\u00e2n\u0103<\/li>\n<li>Destina\u021bie &#8212; geant\u0103 de c\u0103l\u0103torie\/fitness<\/li>\n<li>Gen &#8212; unisex<\/li>\n<\/ul>\n<h3>Tehnologie<\/h3>\n<ul>\n<li><strong>600D PES RIPSTOP<\/strong> \u2013 o \u021bes\u0103tur\u0103 pe baz\u0103 de poliester foarte rezistent\u0103 \u0219i rezistent\u0103. Poate fi utilizat\u0103 \u00een dou\u0103 versiuni &#8212; Super Polytex, mai rezistent\u0103, \u0219i Ripstop Polytex 225D, mai u\u0219oar\u0103. La fel ca toate rucsacurile, acesta este prev\u0103zut cu zim\u021bi de poliuretan (PU) pentru o protec\u021bie suplimentar\u0103 \u00eempotriva umezelii. Dar trebuie re\u021binut c\u0103 nu garanteaz\u0103 o protec\u021bie de 100% atunci c\u00e2nd este expus la umezeal\u0103 pentru o perioad\u0103 lung\u0103 de timp, deoarece cus\u0103turile \u0219i fermoarele rucsacului nu sunt sigilate, a\u0219a c\u0103 ar trebui s\u0103 folosi\u021bi neap\u0103rat o hus\u0103 de ploaie, care, de altfel, vine cu toate rucsacurile pentru biciclete Deuter.<\/li>\n<li><strong>420D PA<\/strong> \u2013 \u021bes\u0103tur\u0103 din poliamid\u0103, mai u\u0219oar\u0103, cu o \u021bes\u0103tur\u0103 foarte dens\u0103 \u0219i neted\u0103. Rezistent\u0103 la abraziune \u0219i cu propriet\u0103\u021bi excelente de respingere a murd\u0103riei. Se folose\u0219te \u0219i un tratament PU.<\/li>\n<\/ul>\n<h3>Marca<\/h3>\n<p>Deuter este o marc\u0103 german\u0103 de gen\u021bi de sport \u0219i gen\u021bi pentru drume\u021bii, trekking, sporturi de iarn\u0103 \u0219i alte scopuri. Istoria companiei dateaz\u0103 de mai bine de 100 de ani: fondat\u0103 de Hans Deuter \u00een 1898, la \u00eenceputul secolului XX Deuter furniza deja saci po\u0219tali pentru Po\u0219ta Regal\u0103 Bavarez\u0103, iar \u00een anii 1910 &#8212; rucsacuri, gen\u021bi, curele \u0219i corturi pentru armat\u0103.<\/p>\n<p>Fiind unul dintre cei mai importan\u021bi produc\u0103tori de rucsacuri, Deuter a cooperat \u00eentotdeauna cu alpini\u0219ti experimenta\u021bi, care \u00eemp\u0103rt\u0103\u0219esc din experien\u021ba \u0219i cuno\u0219tin\u021bele lor bogate. Deuter nu se opre\u0219te la rezultatele ob\u021binute, lucr\u00e2nd \u00een mod constant la calitate \u0219i la \u00eembun\u0103t\u0103\u021birea produselor sale. Speciali\u0219tii companiei sunt mereu \u00een c\u0103utare de noi solu\u021bii tehnice care s\u0103 v\u0103 asigure confortul \u0219i siguran\u021ba.<\/p>\n<p><\/p>","protected":false},"excerpt":{"rendered":"","protected":false},"featured_media":38821,"comment_status":"open","ping_status":"closed","template":"","meta":{"_acf_changed":false,"inline_featured_image":false},"product_brand":[1261],"product_cat":[126],"product_tag":[],"class_list":{"0":"post-38765","1":"product","2":"type-product","3":"status-publish","4":"has-post-thumbnail","6":"product_brand-deuter","7":"product_cat-travel-bags","9":"first","10":"instock","11":"shipping-taxable","12":"purchasable","13":"product-type-simple"},"acf":[],"yoast_head":"<!-- This site is optimized with the Yoast SEO plugin v27.2 - https:\/\/yoast.com\/product\/yoast-seo-wordpress\/ -->\n<title>\u0421\u0443\u043c\u043a\u0430 Deuter Aviant Duffel 50 - \u041c\u0430\u0433\u0430\u0437\u0438\u043d Xstyle<\/title>\n<meta name=\"description\" content=\"\u0421\u0443\u043c\u043a\u0430 Deuter Aviant Duffel 50 - \u0438\u0434\u0435\u0430\u043b\u044c\u043d\u044b\u0439 \u0441\u043f\u0443\u0442\u043d\u0438\u043a \u0434\u043b\u044f \u0441\u043f\u043e\u0440\u0442\u0430 \u0438 \u043f\u0443\u0442\u0435\u0448\u0435\u0441\u0442\u0432\u0438\u0439. \u0412\u043c\u0435\u0441\u0442\u0438\u043c\u043e\u0441\u0442\u044c 50 \u043b\u0438\u0442\u0440\u043e\u0432, \u043f\u0440\u043e\u0447\u043d\u044b\u0435 \u043c\u0430\u0442\u0435\u0440\u0438\u0430\u043b\u044b, \u0441\u0442\u0438\u043b\u044c\u043d\u044b\u0439 \u0434\u0438\u0437\u0430\u0439\u043d.\" \/>\n<meta name=\"robots\" content=\"index, follow, max-snippet:-1, max-image-preview:large, max-video-preview:-1\" \/>\n<link rel=\"canonical\" href=\"https:\/\/xstyle.md\/ro\/produs\/sumka-deuter-aviant-duffel-50\/\" \/>\n<meta property=\"og:locale\" content=\"ro_RO\" \/>\n<meta property=\"og:type\" content=\"article\" \/>\n<meta property=\"og:title\" content=\"\u0421\u0443\u043c\u043a\u0430 Deuter Aviant Duffel 50 - \u041c\u0430\u0433\u0430\u0437\u0438\u043d Xstyle\" \/>\n<meta property=\"og:description\" content=\"\u0421\u0443\u043c\u043a\u0430 Deuter Aviant Duffel 50 - \u0438\u0434\u0435\u0430\u043b\u044c\u043d\u044b\u0439 \u0441\u043f\u0443\u0442\u043d\u0438\u043a \u0434\u043b\u044f \u0441\u043f\u043e\u0440\u0442\u0430 \u0438 \u043f\u0443\u0442\u0435\u0448\u0435\u0441\u0442\u0432\u0438\u0439. \u0412\u043c\u0435\u0441\u0442\u0438\u043c\u043e\u0441\u0442\u044c 50 \u043b\u0438\u0442\u0440\u043e\u0432, \u043f\u0440\u043e\u0447\u043d\u044b\u0435 \u043c\u0430\u0442\u0435\u0440\u0438\u0430\u043b\u044b, \u0441\u0442\u0438\u043b\u044c\u043d\u044b\u0439 \u0434\u0438\u0437\u0430\u0439\u043d.\" \/>\n<meta property=\"og:url\" content=\"https:\/\/xstyle.md\/ro\/produs\/sumka-deuter-aviant-duffel-50\/\" \/>\n<meta property=\"og:site_name\" content=\"\u041c\u0430\u0433\u0430\u0437\u0438\u043d Xstyle\" \/>\n<meta property=\"article:publisher\" content=\"https:\/\/www.facebook.com\/xstylemd\" \/>\n<meta property=\"article:modified_time\" content=\"2024-10-21T06:09:31+00:00\" \/>\n<meta property=\"og:image\" content=\"https:\/\/xstyle.md\/wp-content\/uploads\/2021\/08\/deuter-aviant-duffel-50.png\" \/>\n\t<meta property=\"og:image:width\" content=\"704\" \/>\n\t<meta property=\"og:image:height\" content=\"528\" \/>\n\t<meta property=\"og:image:type\" content=\"image\/png\" \/>\n<meta name=\"twitter:card\" content=\"summary_large_image\" \/>\n<meta name=\"twitter:label1\" content=\"Pre\u021b\" \/>\n\t<meta name=\"twitter:data1\" content=\"1.850&nbsp;MDL\" \/>\n\t<meta name=\"twitter:label2\" content=\"Disponibilitate\" \/>\n\t<meta name=\"twitter:data2\" content=\"\u00cen stoc\" \/>\n<script type=\"application\/ld+json\" class=\"yoast-schema-graph\">{\"@context\":\"https:\/\/schema.org\",\"@graph\":[{\"@type\":\"WebPage\",\"@id\":\"https:\/\/xstyle.md\/product\/sumka-deuter-aviant-duffel-50\/\",\"url\":\"https:\/\/xstyle.md\/product\/sumka-deuter-aviant-duffel-50\/\",\"name\":\"\u0421\u0443\u043c\u043a\u0430 Deuter Aviant Duffel 50 - \u041c\u0430\u0433\u0430\u0437\u0438\u043d Xstyle\",\"isPartOf\":{\"@id\":\"https:\/\/xstyle.md\/#website\"},\"primaryImageOfPage\":{\"@id\":\"https:\/\/xstyle.md\/product\/sumka-deuter-aviant-duffel-50\/#primaryimage\"},\"image\":{\"@id\":\"https:\/\/xstyle.md\/product\/sumka-deuter-aviant-duffel-50\/#primaryimage\"},\"thumbnailUrl\":\"https:\/\/xstyle.md\/wp-content\/uploads\/2021\/08\/deuter-aviant-duffel-50.png\",\"datePublished\":\"2021-08-27T11:33:16+00:00\",\"dateModified\":\"2024-10-21T06:09:31+00:00\",\"description\":\"\u0421\u0443\u043c\u043a\u0430 Deuter Aviant Duffel 50 - \u0438\u0434\u0435\u0430\u043b\u044c\u043d\u044b\u0439 \u0441\u043f\u0443\u0442\u043d\u0438\u043a \u0434\u043b\u044f \u0441\u043f\u043e\u0440\u0442\u0430 \u0438 \u043f\u0443\u0442\u0435\u0448\u0435\u0441\u0442\u0432\u0438\u0439. \u0412\u043c\u0435\u0441\u0442\u0438\u043c\u043e\u0441\u0442\u044c 50 \u043b\u0438\u0442\u0440\u043e\u0432, \u043f\u0440\u043e\u0447\u043d\u044b\u0435 \u043c\u0430\u0442\u0435\u0440\u0438\u0430\u043b\u044b, \u0441\u0442\u0438\u043b\u044c\u043d\u044b\u0439 \u0434\u0438\u0437\u0430\u0439\u043d.\",\"breadcrumb\":{\"@id\":\"https:\/\/xstyle.md\/product\/sumka-deuter-aviant-duffel-50\/#breadcrumb\"},\"inLanguage\":\"ro-RO\",\"potentialAction\":[{\"@type\":\"ReadAction\",\"target\":[\"https:\/\/xstyle.md\/product\/sumka-deuter-aviant-duffel-50\/\"]}]},{\"@type\":\"ImageObject\",\"inLanguage\":\"ro-RO\",\"@id\":\"https:\/\/xstyle.md\/product\/sumka-deuter-aviant-duffel-50\/#primaryimage\",\"url\":\"https:\/\/xstyle.md\/wp-content\/uploads\/2021\/08\/deuter-aviant-duffel-50.png\",\"contentUrl\":\"https:\/\/xstyle.md\/wp-content\/uploads\/2021\/08\/deuter-aviant-duffel-50.png\",\"width\":704,\"height\":528,\"caption\":\"\u0420\u044e\u043a\u0437\u0430\u043a Deuter Aviant Duffel 50 \u0434\u043b\u044f \u0430\u043a\u0442\u0438\u0432\u043d\u043e\u0433\u043e \u043e\u0442\u0434\u044b\u0445\u0430 \u043f\u0443\u0442\u0435\u0448\u0435\u0441\u0442\u0432\u0438\u0439 \u0438 \u0430\u043b\u044c\u043f\u0438\u043d\u0438\u0437\u043c\u0430 \u0441 \u043e\u0434\u0435\u0436\u0434\u043e\u0439 \u0438 \u043e\u0431\u0443\u0432\u044c\u044e \u0434\u043b\u044f \u043f\u043e\u0445\u043e\u0434\u043e\u0432 \u0438 \u0433\u043e\u0440\u043d\u044b\u0445 \u043f\u0440\u043e\u0433\u0443\u043b\u043e\u043a \u0434\u043b\u044f \u043e\u043d\u043b\u0430\u0439\u043d \u043c\u0430\u0433\u0430\u0437\u0438\u043d\u0430 \u0442\u043e\u0432\u0430\u0440\u043e\u0432 \u0434\u043b\u044f \u0430\u043a\u0442\u0438\u0432\u043d\u043e\u0433\u043e \u043e\u0431\u0440\u0430\u0437\u0430 \u0436\u0438\u0437\u043d\u0438\"},{\"@type\":\"BreadcrumbList\",\"@id\":\"https:\/\/xstyle.md\/product\/sumka-deuter-aviant-duffel-50\/#breadcrumb\",\"itemListElement\":[{\"@type\":\"ListItem\",\"position\":1,\"name\":\"\u0413\u043b\u0430\u0432\u043d\u0430\u044f \u0441\u0442\u0440\u0430\u043d\u0438\u0446\u0430\",\"item\":\"https:\/\/xstyle.md\/\"},{\"@type\":\"ListItem\",\"position\":2,\"name\":\"\u041c\u0430\u0433\u0430\u0437\u0438\u043d\",\"item\":\"https:\/\/xstyle.md\/shop\/\"},{\"@type\":\"ListItem\",\"position\":3,\"name\":\"\u0421\u0443\u043c\u043a\u0430 Deuter Aviant Duffel 50\"}]},{\"@type\":\"WebSite\",\"@id\":\"https:\/\/xstyle.md\/#website\",\"url\":\"https:\/\/xstyle.md\/\",\"name\":\"\u041c\u0430\u0433\u0430\u0437\u0438\u043d Xstyle\",\"description\":\"C\u043d\u0430\u0440\u044f\u0436\u0435\u043d\u0438\u0435 \u0434\u043b\u044f \u0442\u0443\u0440\u0438\u0437\u043c\u0430 \u0438 \u044d\u043a\u0441\u0442\u0440\u0435\u043c\u0430\u043b\u044c\u043d\u044b\u0445 \u0432\u0438\u0434\u043e\u0432 \u0441\u043f\u043e\u0440\u0442\u0430 \u0432 \u041c\u043e\u043b\u0434\u043e\u0432\u0435.. \u0426\u0435\u043d\u044b, \u0444\u043e\u0442\u043e, \u0445\u0430\u0440\u0430\u043a\u0442\u0435\u0440\u0438\u0441\u0442\u0438\u043a\u0438 \u0432 \u041c\u043e\u043b\u0434\u043e\u0432\u0435.\",\"publisher\":{\"@id\":\"https:\/\/xstyle.md\/#organization\"},\"alternateName\":\"X-Style\",\"potentialAction\":[{\"@type\":\"SearchAction\",\"target\":{\"@type\":\"EntryPoint\",\"urlTemplate\":\"https:\/\/xstyle.md\/?s={search_term_string}\"},\"query-input\":{\"@type\":\"PropertyValueSpecification\",\"valueRequired\":true,\"valueName\":\"search_term_string\"}}],\"inLanguage\":\"ro-RO\"},{\"@type\":\"Organization\",\"@id\":\"https:\/\/xstyle.md\/#organization\",\"name\":\"\u041c\u0430\u0433\u0430\u0437\u0438\u043d Xstyle\",\"alternateName\":\"x-style\",\"url\":\"https:\/\/xstyle.md\/\",\"logo\":{\"@type\":\"ImageObject\",\"inLanguage\":\"ro-RO\",\"@id\":\"https:\/\/xstyle.md\/#\/schema\/logo\/image\/\",\"url\":\"https:\/\/xstyle.md\/wp-content\/uploads\/2020\/06\/logoicon.svg\",\"contentUrl\":\"https:\/\/xstyle.md\/wp-content\/uploads\/2020\/06\/logoicon.svg\",\"caption\":\"\u041c\u0430\u0433\u0430\u0437\u0438\u043d Xstyle\"},\"image\":{\"@id\":\"https:\/\/xstyle.md\/#\/schema\/logo\/image\/\"},\"sameAs\":[\"https:\/\/www.facebook.com\/xstylemd\",\"https:\/\/www.instagram.com\/xstyle_md\/\",\"https:\/\/t.me\/xstyle_outdoor\"],\"hasMerchantReturnPolicy\":{\"@type\":\"MerchantReturnPolicy\",\"merchantReturnLink\":\"https:\/\/xstyle.md\/ro\/conditions\/\"}}]}<\/script>\n<meta property=\"product:price:amount\" content=\"1850.00\" \/>\n<meta property=\"product:price:currency\" content=\"MDL\" \/>\n<meta property=\"og:availability\" content=\"instock\" \/>\n<meta property=\"product:availability\" content=\"instock\" \/>\n<meta property=\"product:retailer_item_id\" content=\"4046051125121\" \/>\n<meta property=\"product:condition\" content=\"new\" \/>\n<!-- \/ Yoast SEO plugin. -->","yoast_head_json":{"title":"Geanta Deuter Aviant Duffel 50 - Magazin Xstyle","description":"Geanta Deuter Aviant Duffel 50 - companionul ideal pentru sport \u0219i c\u0103l\u0103torii. Capacitate de 50 de litri, materiale rezistente, design elegant.","robots":{"index":"index","follow":"follow","max-snippet":"max-snippet:-1","max-image-preview":"max-image-preview:large","max-video-preview":"max-video-preview:-1"},"canonical":"https:\/\/xstyle.md\/ro\/produs\/sumka-deuter-aviant-duffel-50\/","og_locale":"ro_RO","og_type":"article","og_title":"\u0421\u0443\u043c\u043a\u0430 Deuter Aviant Duffel 50 - \u041c\u0430\u0433\u0430\u0437\u0438\u043d Xstyle","og_description":"\u0421\u0443\u043c\u043a\u0430 Deuter Aviant Duffel 50 - \u0438\u0434\u0435\u0430\u043b\u044c\u043d\u044b\u0439 \u0441\u043f\u0443\u0442\u043d\u0438\u043a \u0434\u043b\u044f \u0441\u043f\u043e\u0440\u0442\u0430 \u0438 \u043f\u0443\u0442\u0435\u0448\u0435\u0441\u0442\u0432\u0438\u0439. \u0412\u043c\u0435\u0441\u0442\u0438\u043c\u043e\u0441\u0442\u044c 50 \u043b\u0438\u0442\u0440\u043e\u0432, \u043f\u0440\u043e\u0447\u043d\u044b\u0435 \u043c\u0430\u0442\u0435\u0440\u0438\u0430\u043b\u044b, \u0441\u0442\u0438\u043b\u044c\u043d\u044b\u0439 \u0434\u0438\u0437\u0430\u0439\u043d.","og_url":"https:\/\/xstyle.md\/ro\/produs\/sumka-deuter-aviant-duffel-50\/","og_site_name":"\u041c\u0430\u0433\u0430\u0437\u0438\u043d Xstyle","article_publisher":"https:\/\/www.facebook.com\/xstylemd","article_modified_time":"2024-10-21T06:09:31+00:00","og_image":[{"width":704,"height":528,"url":"https:\/\/xstyle.md\/wp-content\/uploads\/2021\/08\/deuter-aviant-duffel-50.png","type":"image\/png"}],"twitter_card":"summary_large_image","twitter_misc":{"Pre\u021b":"1.850&nbsp;MDL","Disponibilitate":"\u00cen stoc"},"schema":{"@context":"https:\/\/schema.org","@graph":[{"@type":"WebPage","@id":"https:\/\/xstyle.md\/product\/sumka-deuter-aviant-duffel-50\/","url":"https:\/\/xstyle.md\/product\/sumka-deuter-aviant-duffel-50\/","name":"Geanta Deuter Aviant Duffel 50 - Magazin Xstyle","isPartOf":{"@id":"https:\/\/xstyle.md\/#website"},"primaryImageOfPage":{"@id":"https:\/\/xstyle.md\/product\/sumka-deuter-aviant-duffel-50\/#primaryimage"},"image":{"@id":"https:\/\/xstyle.md\/product\/sumka-deuter-aviant-duffel-50\/#primaryimage"},"thumbnailUrl":"https:\/\/xstyle.md\/wp-content\/uploads\/2021\/08\/deuter-aviant-duffel-50.png","datePublished":"2021-08-27T11:33:16+00:00","dateModified":"2024-10-21T06:09:31+00:00","description":"Geanta Deuter Aviant Duffel 50 - companionul ideal pentru sport \u0219i c\u0103l\u0103torii. Capacitate de 50 de litri, materiale rezistente, design elegant.","breadcrumb":{"@id":"https:\/\/xstyle.md\/product\/sumka-deuter-aviant-duffel-50\/#breadcrumb"},"inLanguage":"ro-RO","potentialAction":[{"@type":"ReadAction","target":["https:\/\/xstyle.md\/product\/sumka-deuter-aviant-duffel-50\/"]}]},{"@type":"ImageObject","inLanguage":"ro-RO","@id":"https:\/\/xstyle.md\/product\/sumka-deuter-aviant-duffel-50\/#primaryimage","url":"https:\/\/xstyle.md\/wp-content\/uploads\/2021\/08\/deuter-aviant-duffel-50.png","contentUrl":"https:\/\/xstyle.md\/wp-content\/uploads\/2021\/08\/deuter-aviant-duffel-50.png","width":704,"height":528,"caption":"\u0420\u044e\u043a\u0437\u0430\u043a Deuter Aviant Duffel 50 \u0434\u043b\u044f \u0430\u043a\u0442\u0438\u0432\u043d\u043e\u0433\u043e \u043e\u0442\u0434\u044b\u0445\u0430 \u043f\u0443\u0442\u0435\u0448\u0435\u0441\u0442\u0432\u0438\u0439 \u0438 \u0430\u043b\u044c\u043f\u0438\u043d\u0438\u0437\u043c\u0430 \u0441 \u043e\u0434\u0435\u0436\u0434\u043e\u0439 \u0438 \u043e\u0431\u0443\u0432\u044c\u044e \u0434\u043b\u044f \u043f\u043e\u0445\u043e\u0434\u043e\u0432 \u0438 \u0433\u043e\u0440\u043d\u044b\u0445 \u043f\u0440\u043e\u0433\u0443\u043b\u043e\u043a \u0434\u043b\u044f \u043e\u043d\u043b\u0430\u0439\u043d \u043c\u0430\u0433\u0430\u0437\u0438\u043d\u0430 \u0442\u043e\u0432\u0430\u0440\u043e\u0432 \u0434\u043b\u044f \u0430\u043a\u0442\u0438\u0432\u043d\u043e\u0433\u043e \u043e\u0431\u0440\u0430\u0437\u0430 \u0436\u0438\u0437\u043d\u0438"},{"@type":"BreadcrumbList","@id":"https:\/\/xstyle.md\/product\/sumka-deuter-aviant-duffel-50\/#breadcrumb","itemListElement":[{"@type":"ListItem","position":1,"name":"\u0413\u043b\u0430\u0432\u043d\u0430\u044f \u0441\u0442\u0440\u0430\u043d\u0438\u0446\u0430","item":"https:\/\/xstyle.md\/"},{"@type":"ListItem","position":2,"name":"\u041c\u0430\u0433\u0430\u0437\u0438\u043d","item":"https:\/\/xstyle.md\/shop\/"},{"@type":"ListItem","position":3,"name":"\u0421\u0443\u043c\u043a\u0430 Deuter Aviant Duffel 50"}]},{"@type":"WebSite","@id":"https:\/\/xstyle.md\/#website","url":"https:\/\/xstyle.md\/","name":"Magazinul X-Style","description":"Echipamente pentru turism \u0219i sporturi extreme \u00een Moldova. Pre\u021buri, fotografii, caracteristici \u00een Moldova.","publisher":{"@id":"https:\/\/xstyle.md\/#organization"},"alternateName":"X-Style","potentialAction":[{"@type":"SearchAction","target":{"@type":"EntryPoint","urlTemplate":"https:\/\/xstyle.md\/?s={search_term_string}"},"query-input":{"@type":"PropertyValueSpecification","valueRequired":true,"valueName":"search_term_string"}}],"inLanguage":"ro-RO"},{"@type":"Organization","@id":"https:\/\/xstyle.md\/#organization","name":"Magazinul X-Style","alternateName":"x-style","url":"https:\/\/xstyle.md\/","logo":{"@type":"ImageObject","inLanguage":"ro-RO","@id":"https:\/\/xstyle.md\/#\/schema\/logo\/image\/","url":"https:\/\/xstyle.md\/wp-content\/uploads\/2020\/06\/logoicon.svg","contentUrl":"https:\/\/xstyle.md\/wp-content\/uploads\/2020\/06\/logoicon.svg","caption":"\u041c\u0430\u0433\u0430\u0437\u0438\u043d Xstyle"},"image":{"@id":"https:\/\/xstyle.md\/#\/schema\/logo\/image\/"},"sameAs":["https:\/\/www.facebook.com\/xstylemd","https:\/\/www.instagram.com\/xstyle_md\/","https:\/\/t.me\/xstyle_outdoor"],"hasMerchantReturnPolicy":{"@type":"MerchantReturnPolicy","merchantReturnLink":"https:\/\/xstyle.md\/ro\/conditions\/"}}]},"product_price_amount":"1850.00","product_price_currency":"MDL","og_availability":"instock","product_availability":"instock","product_retailer_item_id":"4046051125121","product_condition":"new"},"post_mailing_queue_ids":[],"_links":{"self":[{"href":"https:\/\/xstyle.md\/ro\/wp-json\/wp\/v2\/product\/38765","targetHints":{"allow":["GET"]}}],"collection":[{"href":"https:\/\/xstyle.md\/ro\/wp-json\/wp\/v2\/product"}],"about":[{"href":"https:\/\/xstyle.md\/ro\/wp-json\/wp\/v2\/types\/product"}],"replies":[{"embeddable":true,"href":"https:\/\/xstyle.md\/ro\/wp-json\/wp\/v2\/comments?post=38765"}],"wp:featuredmedia":[{"embeddable":true,"href":"https:\/\/xstyle.md\/ro\/wp-json\/wp\/v2\/media\/38821"}],"wp:attachment":[{"href":"https:\/\/xstyle.md\/ro\/wp-json\/wp\/v2\/media?parent=38765"}],"wp:term":[{"taxonomy":"product_brand","embeddable":true,"href":"https:\/\/xstyle.md\/ro\/wp-json\/wp\/v2\/product_brand?post=38765"},{"taxonomy":"product_cat","embeddable":true,"href":"https:\/\/xstyle.md\/ro\/wp-json\/wp\/v2\/product_cat?post=38765"},{"taxonomy":"product_tag","embeddable":true,"href":"https:\/\/xstyle.md\/ro\/wp-json\/wp\/v2\/product_tag?post=38765"}],"curies":[{"name":"wp","href":"https:\/\/api.w.org\/{rel}","templated":true}]}}