{"id":38561,"date":"2021-08-23T15:15:23","date_gmt":"2021-08-23T12:15:23","guid":{"rendered":"https:\/\/xstyle.md\/?post_type=product&#038;p=38561"},"modified":"2025-10-24T12:55:29","modified_gmt":"2025-10-24T09:55:29","slug":"nozh-mora-floating-knife-lime-green","status":"publish","type":"product","link":"https:\/\/xstyle.md\/ro\/produs\/nozh-mora-floating-knife-lime-green\/","title":{"rendered":"Cu\u021bit Mora Floating Knife lime green"},"content":{"rendered":"<\/p>\n<p><strong>Mora Floating Knife lime green<\/strong> &#8212; un cu\u021bit de lucru proiectat \u021bin\u00e2nd cont de specificul \u0219i de loca\u021bia utiliz\u0103rii sale. Cu\u021bitul este conceput pentru lucrul pe \u0219i \u00een apropierea apei, indiferent dac\u0103 pescui\u021bi pe un lac mic sau naviga\u021bi \u00een ape s\u0103rate. Atunci c\u00e2nd este aruncat \u00een ap\u0103, este vizibil la suprafa\u021b\u0103 ca un plutitor de culoare verde str\u0103lucitor (o parte a v\u00e2rfului r\u0103m\u00e2ne deasupra apei), o\u021belul nu se teme deloc de procedurile apei, iar greutatea nesemnificativ\u0103 de 45 g nu se simte deloc atunci c\u00e2nd \u00eel purta\u021bi. Cu\u021bitul \u00een sine este interesant, destul de neobi\u0219nuit \u0219i merit\u0103 cu siguran\u021b\u0103 aten\u021bia dumneavoastr\u0103.<\/p>\n<p>M\u00e2nerul este fabricat din plut\u0103, astfel \u00eenc\u00e2t, dac\u0103 sc\u0103pa\u021bi cu\u021bitul \u00een ap\u0103, acesta va r\u0103m\u00e2ne la suprafa\u021b\u0103. Materialul \u00een sine este destul de pl\u0103cut la atingere \u0219i re\u021bine c\u0103ldura destul de bine, dar principalul lucru este c\u0103 reduce semnificativ greutatea cu\u021bitului. Teaca pentru purtare \u0219i transport are un aspect standard pentru toate modelele noi. Exist\u0103 o clem\u0103 convenabil\u0103 pentru fixarea cu\u021bitului la o curea, centur\u0103 sau alte elemente de \u00eembr\u0103c\u0103minte \u0219i echipament. Sistem de fixare care v\u0103 permite s\u0103 ridica\u021bi \u0219i s\u0103 completa\u021bi un set de dou\u0103 sau mai multe cu\u021bite \u00een dou\u0103 mi\u0219c\u0103ri. Un opritor special cu nervuri, situat \u00een gura tecii Floating, v\u0103 ajut\u0103 s\u0103 scoate\u021bi cu\u021bitul din teac\u0103 cu o singur\u0103 m\u00e2n\u0103.<\/p>\n<h3>Caracteristici<\/h3>\n<ul>\n<li>Tip cu\u021bit: pliabil<\/li>\n<li>Tip de t\u0103i\u0219: drept<\/li>\n<li>Lungime total\u0103: 22,2 cm<\/li>\n<li>Lungimea lamei: 9,5 cm<\/li>\n<li>Material m\u00e2ner: plut\u0103<\/li>\n<li>Duritatea o\u021belului: 56-57 HRC<\/li>\n<li>Calitatea o\u021belului: Sandvik 12C27<\/li>\n<li>Greutate: 45g.<\/li>\n<\/ul>\n<p><\/p>","protected":false},"excerpt":{"rendered":"","protected":false},"featured_media":46326,"comment_status":"open","ping_status":"closed","template":"","meta":{"_acf_changed":false,"inline_featured_image":false},"product_brand":[1368],"product_cat":[169],"product_tag":[],"class_list":{"0":"post-38561","1":"product","2":"type-product","3":"status-publish","4":"has-post-thumbnail","6":"product_brand-mora","7":"product_cat-knives","9":"first","10":"instock","11":"shipping-taxable","12":"purchasable","13":"product-type-simple"},"acf":[],"yoast_head":"<!-- This site is optimized with the Yoast SEO plugin v27.4 - https:\/\/yoast.com\/product\/yoast-seo-wordpress\/ -->\n<title>\u041d\u043e\u0436 Mora Floating Knife lime green - \u041c\u0430\u0433\u0430\u0437\u0438\u043d Xstyle<\/title>\n<meta name=\"description\" content=\"\u041a\u0443\u043f\u0438\u0442\u0435 \u043d\u043e\u0436 Mora Floating Knife \u043b\u0438\u043c\u043e\u043d\u043d\u043e\u0433\u043e \u0446\u0432\u0435\u0442\u0430! \u0418\u0434\u0435\u0430\u043b\u0435\u043d \u0434\u043b\u044f \u0440\u044b\u0431\u0430\u043b\u043a\u0438 \u0438 \u043d\u0435\u043f\u0440\u043e\u0434\u043e\u043b\u0436\u0438\u0442\u0435\u043b\u044c\u043d\u044b\u0445 \u043f\u0440\u0438\u043a\u043b\u044e\u0447\u0435\u043d\u0438\u0439 \u043d\u0430 \u0432\u043e\u0434\u0435. \u042f\u0440\u043a\u0438\u0439 \u0446\u0432\u0435\u0442 \u043f\u043e\u043c\u043e\u0433\u0430\u0435\u0442 \u043d\u0430\u0439\u0442\u0438 \u0435\u0433\u043e \u043f\u043e\u0441\u043b\u0435 \u043f\u0430\u0434\u0435\u043d\u0438\u044f.\" \/>\n<meta name=\"robots\" content=\"index, follow, max-snippet:-1, max-image-preview:large, max-video-preview:-1\" \/>\n<link rel=\"canonical\" href=\"https:\/\/xstyle.md\/ro\/produs\/nozh-mora-floating-knife-lime-green\/\" \/>\n<meta property=\"og:locale\" content=\"ro_RO\" \/>\n<meta property=\"og:type\" content=\"article\" \/>\n<meta property=\"og:title\" content=\"\u041d\u043e\u0436 Mora Floating Knife lime green - \u041c\u0430\u0433\u0430\u0437\u0438\u043d Xstyle\" \/>\n<meta property=\"og:description\" content=\"\u041a\u0443\u043f\u0438\u0442\u0435 \u043d\u043e\u0436 Mora Floating Knife \u043b\u0438\u043c\u043e\u043d\u043d\u043e\u0433\u043e \u0446\u0432\u0435\u0442\u0430! \u0418\u0434\u0435\u0430\u043b\u0435\u043d \u0434\u043b\u044f \u0440\u044b\u0431\u0430\u043b\u043a\u0438 \u0438 \u043d\u0435\u043f\u0440\u043e\u0434\u043e\u043b\u0436\u0438\u0442\u0435\u043b\u044c\u043d\u044b\u0445 \u043f\u0440\u0438\u043a\u043b\u044e\u0447\u0435\u043d\u0438\u0439 \u043d\u0430 \u0432\u043e\u0434\u0435. \u042f\u0440\u043a\u0438\u0439 \u0446\u0432\u0435\u0442 \u043f\u043e\u043c\u043e\u0433\u0430\u0435\u0442 \u043d\u0430\u0439\u0442\u0438 \u0435\u0433\u043e \u043f\u043e\u0441\u043b\u0435 \u043f\u0430\u0434\u0435\u043d\u0438\u044f.\" \/>\n<meta property=\"og:url\" content=\"https:\/\/xstyle.md\/ro\/produs\/nozh-mora-floating-knife-lime-green\/\" \/>\n<meta property=\"og:site_name\" content=\"\u041c\u0430\u0433\u0430\u0437\u0438\u043d Xstyle\" \/>\n<meta property=\"article:publisher\" content=\"https:\/\/www.facebook.com\/xstylemd\" \/>\n<meta property=\"article:modified_time\" content=\"2025-10-24T09:55:29+00:00\" \/>\n<meta property=\"og:image\" content=\"https:\/\/xstyle.md\/wp-content\/uploads\/2021\/08\/mora-floating-knife-lime-green-0.png\" \/>\n\t<meta property=\"og:image:width\" content=\"1080\" \/>\n\t<meta property=\"og:image:height\" content=\"1080\" \/>\n\t<meta property=\"og:image:type\" content=\"image\/png\" \/>\n<meta name=\"twitter:card\" content=\"summary_large_image\" \/>\n<meta name=\"twitter:label1\" content=\"Pre\u021b\" \/>\n\t<meta name=\"twitter:data1\" content=\"690&nbsp;MDL\" \/>\n\t<meta name=\"twitter:label2\" content=\"Disponibilitate\" \/>\n\t<meta name=\"twitter:data2\" content=\"\u00cen stoc\" \/>\n<script type=\"application\/ld+json\" class=\"yoast-schema-graph\">{\"@context\":\"https:\\\/\\\/schema.org\",\"@graph\":[{\"@type\":\"WebPage\",\"@id\":\"https:\\\/\\\/xstyle.md\\\/product\\\/nozh-mora-floating-knife-lime-green\\\/\",\"url\":\"https:\\\/\\\/xstyle.md\\\/product\\\/nozh-mora-floating-knife-lime-green\\\/\",\"name\":\"\u041d\u043e\u0436 Mora Floating Knife lime green - \u041c\u0430\u0433\u0430\u0437\u0438\u043d Xstyle\",\"isPartOf\":{\"@id\":\"https:\\\/\\\/xstyle.md\\\/#website\"},\"primaryImageOfPage\":{\"@id\":\"https:\\\/\\\/xstyle.md\\\/product\\\/nozh-mora-floating-knife-lime-green\\\/#primaryimage\"},\"image\":{\"@id\":\"https:\\\/\\\/xstyle.md\\\/product\\\/nozh-mora-floating-knife-lime-green\\\/#primaryimage\"},\"thumbnailUrl\":\"https:\\\/\\\/xstyle.md\\\/wp-content\\\/uploads\\\/2021\\\/08\\\/mora-floating-knife-lime-green-0.png\",\"datePublished\":\"2021-08-23T12:15:23+00:00\",\"dateModified\":\"2025-10-24T09:55:29+00:00\",\"description\":\"\u041a\u0443\u043f\u0438\u0442\u0435 \u043d\u043e\u0436 Mora Floating Knife \u043b\u0438\u043c\u043e\u043d\u043d\u043e\u0433\u043e \u0446\u0432\u0435\u0442\u0430! \u0418\u0434\u0435\u0430\u043b\u0435\u043d \u0434\u043b\u044f \u0440\u044b\u0431\u0430\u043b\u043a\u0438 \u0438 \u043d\u0435\u043f\u0440\u043e\u0434\u043e\u043b\u0436\u0438\u0442\u0435\u043b\u044c\u043d\u044b\u0445 \u043f\u0440\u0438\u043a\u043b\u044e\u0447\u0435\u043d\u0438\u0439 \u043d\u0430 \u0432\u043e\u0434\u0435. \u042f\u0440\u043a\u0438\u0439 \u0446\u0432\u0435\u0442 \u043f\u043e\u043c\u043e\u0433\u0430\u0435\u0442 \u043d\u0430\u0439\u0442\u0438 \u0435\u0433\u043e \u043f\u043e\u0441\u043b\u0435 \u043f\u0430\u0434\u0435\u043d\u0438\u044f.\",\"breadcrumb\":{\"@id\":\"https:\\\/\\\/xstyle.md\\\/product\\\/nozh-mora-floating-knife-lime-green\\\/#breadcrumb\"},\"inLanguage\":\"ro-RO\",\"potentialAction\":[{\"@type\":\"ReadAction\",\"target\":[\"https:\\\/\\\/xstyle.md\\\/product\\\/nozh-mora-floating-knife-lime-green\\\/\"]}]},{\"@type\":\"ImageObject\",\"inLanguage\":\"ro-RO\",\"@id\":\"https:\\\/\\\/xstyle.md\\\/product\\\/nozh-mora-floating-knife-lime-green\\\/#primaryimage\",\"url\":\"https:\\\/\\\/xstyle.md\\\/wp-content\\\/uploads\\\/2021\\\/08\\\/mora-floating-knife-lime-green-0.png\",\"contentUrl\":\"https:\\\/\\\/xstyle.md\\\/wp-content\\\/uploads\\\/2021\\\/08\\\/mora-floating-knife-lime-green-0.png\",\"width\":1080,\"height\":1080,\"caption\":\"\u041b\u0430\u0439\u043c\u043e\u0432\u043e-\u0437\u0435\u043b\u0435\u043d\u044b\u0439 \u043d\u043e\u0436 Mora \u0434\u043b\u044f \u0430\u043a\u0442\u0438\u0432\u043d\u043e\u0433\u043e \u043e\u0442\u0434\u044b\u0445\u0430, \u043f\u0443\u0442\u0435\u0448\u0435\u0441\u0442\u0432\u0438\u0439, \u0445\u0430\u0439\u043a\u0438\u043d\u0433\u0430 \u0438 \u0430\u043b\u044c\u043f\u0438\u043d\u0438\u0437\u043c\u0430 \u0441 \u044d\u043b\u0435\u043c\u0435\u043d\u0442\u0430\u043c\u0438 \u0441\u043d\u0430\u0440\u044f\u0436\u0435\u043d\u0438\u044f \u0434\u043b\u044f \u043a\u0440\u043e\u044f \u043e\u0434\u0435\u0436\u0434\u044b \u0438 \u043e\u0431\u0443\u0432\u0438 \u0434\u043b\u044f \u0442\u0443\u0440\u0438\u0441\u0442\u043e\u0432\"},{\"@type\":\"BreadcrumbList\",\"@id\":\"https:\\\/\\\/xstyle.md\\\/product\\\/nozh-mora-floating-knife-lime-green\\\/#breadcrumb\",\"itemListElement\":[{\"@type\":\"ListItem\",\"position\":1,\"name\":\"\u0413\u043b\u0430\u0432\u043d\u0430\u044f \u0441\u0442\u0440\u0430\u043d\u0438\u0446\u0430\",\"item\":\"https:\\\/\\\/xstyle.md\\\/\"},{\"@type\":\"ListItem\",\"position\":2,\"name\":\"\u041c\u0430\u0433\u0430\u0437\u0438\u043d\",\"item\":\"https:\\\/\\\/xstyle.md\\\/shop\\\/\"},{\"@type\":\"ListItem\",\"position\":3,\"name\":\"\u041d\u043e\u0436 Mora Floating Knife lime green\"}]},{\"@type\":\"WebSite\",\"@id\":\"https:\\\/\\\/xstyle.md\\\/#website\",\"url\":\"https:\\\/\\\/xstyle.md\\\/\",\"name\":\"\u041c\u0430\u0433\u0430\u0437\u0438\u043d Xstyle\",\"description\":\"C\u043d\u0430\u0440\u044f\u0436\u0435\u043d\u0438\u0435 \u0434\u043b\u044f \u0442\u0443\u0440\u0438\u0437\u043c\u0430 \u0438 \u044d\u043a\u0441\u0442\u0440\u0435\u043c\u0430\u043b\u044c\u043d\u044b\u0445 \u0432\u0438\u0434\u043e\u0432 \u0441\u043f\u043e\u0440\u0442\u0430 \u0432 \u041c\u043e\u043b\u0434\u043e\u0432\u0435.. \u0426\u0435\u043d\u044b, \u0444\u043e\u0442\u043e, \u0445\u0430\u0440\u0430\u043a\u0442\u0435\u0440\u0438\u0441\u0442\u0438\u043a\u0438 \u0432 \u041c\u043e\u043b\u0434\u043e\u0432\u0435.\",\"publisher\":{\"@id\":\"https:\\\/\\\/xstyle.md\\\/#organization\"},\"alternateName\":\"X-Style\",\"potentialAction\":[{\"@type\":\"SearchAction\",\"target\":{\"@type\":\"EntryPoint\",\"urlTemplate\":\"https:\\\/\\\/xstyle.md\\\/?s={search_term_string}\"},\"query-input\":{\"@type\":\"PropertyValueSpecification\",\"valueRequired\":true,\"valueName\":\"search_term_string\"}}],\"inLanguage\":\"ro-RO\"},{\"@type\":\"Organization\",\"@id\":\"https:\\\/\\\/xstyle.md\\\/#organization\",\"name\":\"\u041c\u0430\u0433\u0430\u0437\u0438\u043d Xstyle\",\"alternateName\":\"x-style\",\"url\":\"https:\\\/\\\/xstyle.md\\\/\",\"logo\":{\"@type\":\"ImageObject\",\"inLanguage\":\"ro-RO\",\"@id\":\"https:\\\/\\\/xstyle.md\\\/#\\\/schema\\\/logo\\\/image\\\/\",\"url\":\"https:\\\/\\\/xstyle.md\\\/wp-content\\\/uploads\\\/2020\\\/06\\\/logoicon.svg\",\"contentUrl\":\"https:\\\/\\\/xstyle.md\\\/wp-content\\\/uploads\\\/2020\\\/06\\\/logoicon.svg\",\"caption\":\"\u041c\u0430\u0433\u0430\u0437\u0438\u043d Xstyle\"},\"image\":{\"@id\":\"https:\\\/\\\/xstyle.md\\\/#\\\/schema\\\/logo\\\/image\\\/\"},\"sameAs\":[\"https:\\\/\\\/www.facebook.com\\\/xstylemd\",\"https:\\\/\\\/www.instagram.com\\\/xstyle_md\\\/\",\"https:\\\/\\\/t.me\\\/xstyle_outdoor\"],\"hasMerchantReturnPolicy\":{\"@type\":\"MerchantReturnPolicy\",\"merchantReturnLink\":\"https:\\\/\\\/xstyle.md\\\/ro\\\/conditions\\\/\"}}]}<\/script>\n<meta property=\"product:price:amount\" content=\"690.00\" \/>\n<meta property=\"product:price:currency\" content=\"MDL\" \/>\n<meta property=\"og:availability\" content=\"instock\" \/>\n<meta property=\"product:availability\" content=\"instock\" \/>\n<meta property=\"product:retailer_item_id\" content=\"7391846024583\" \/>\n<meta property=\"product:condition\" content=\"new\" \/>\n<!-- \/ Yoast SEO plugin. -->","yoast_head_json":{"title":"Cu\u021bit Mora Floating Knife lime green - Magazin Xstyle","description":"Cump\u0103ra\u021bi un cu\u021bit Mora Floating Knife de culoare l\u0103m\u00e2ie! Ideal pentru pescuit \u0219i aventuri scurte pe ap\u0103. Culoarea str\u0103lucitoare ajut\u0103 la g\u0103sirea sa dup\u0103 ce a c\u0103zut.","robots":{"index":"index","follow":"follow","max-snippet":"max-snippet:-1","max-image-preview":"max-image-preview:large","max-video-preview":"max-video-preview:-1"},"canonical":"https:\/\/xstyle.md\/ro\/produs\/nozh-mora-floating-knife-lime-green\/","og_locale":"ro_RO","og_type":"article","og_title":"\u041d\u043e\u0436 Mora Floating Knife lime green - \u041c\u0430\u0433\u0430\u0437\u0438\u043d Xstyle","og_description":"\u041a\u0443\u043f\u0438\u0442\u0435 \u043d\u043e\u0436 Mora Floating Knife \u043b\u0438\u043c\u043e\u043d\u043d\u043e\u0433\u043e \u0446\u0432\u0435\u0442\u0430! \u0418\u0434\u0435\u0430\u043b\u0435\u043d \u0434\u043b\u044f \u0440\u044b\u0431\u0430\u043b\u043a\u0438 \u0438 \u043d\u0435\u043f\u0440\u043e\u0434\u043e\u043b\u0436\u0438\u0442\u0435\u043b\u044c\u043d\u044b\u0445 \u043f\u0440\u0438\u043a\u043b\u044e\u0447\u0435\u043d\u0438\u0439 \u043d\u0430 \u0432\u043e\u0434\u0435. \u042f\u0440\u043a\u0438\u0439 \u0446\u0432\u0435\u0442 \u043f\u043e\u043c\u043e\u0433\u0430\u0435\u0442 \u043d\u0430\u0439\u0442\u0438 \u0435\u0433\u043e \u043f\u043e\u0441\u043b\u0435 \u043f\u0430\u0434\u0435\u043d\u0438\u044f.","og_url":"https:\/\/xstyle.md\/ro\/produs\/nozh-mora-floating-knife-lime-green\/","og_site_name":"\u041c\u0430\u0433\u0430\u0437\u0438\u043d Xstyle","article_publisher":"https:\/\/www.facebook.com\/xstylemd","article_modified_time":"2025-10-24T09:55:29+00:00","og_image":[{"width":1080,"height":1080,"url":"https:\/\/xstyle.md\/wp-content\/uploads\/2021\/08\/mora-floating-knife-lime-green-0.png","type":"image\/png"}],"twitter_card":"summary_large_image","twitter_misc":{"Pre\u021b":"690&nbsp;MDL","Disponibilitate":"\u00cen stoc"},"schema":{"@context":"https:\/\/schema.org","@graph":[{"@type":"WebPage","@id":"https:\/\/xstyle.md\/product\/nozh-mora-floating-knife-lime-green\/","url":"https:\/\/xstyle.md\/product\/nozh-mora-floating-knife-lime-green\/","name":"Cu\u021bit Mora Floating Knife lime green - Magazin Xstyle","isPartOf":{"@id":"https:\/\/xstyle.md\/#website"},"primaryImageOfPage":{"@id":"https:\/\/xstyle.md\/product\/nozh-mora-floating-knife-lime-green\/#primaryimage"},"image":{"@id":"https:\/\/xstyle.md\/product\/nozh-mora-floating-knife-lime-green\/#primaryimage"},"thumbnailUrl":"https:\/\/xstyle.md\/wp-content\/uploads\/2021\/08\/mora-floating-knife-lime-green-0.png","datePublished":"2021-08-23T12:15:23+00:00","dateModified":"2025-10-24T09:55:29+00:00","description":"Cump\u0103ra\u021bi un cu\u021bit Mora Floating Knife de culoare l\u0103m\u00e2ie! Ideal pentru pescuit \u0219i aventuri scurte pe ap\u0103. Culoarea str\u0103lucitoare ajut\u0103 la g\u0103sirea sa dup\u0103 ce a c\u0103zut.","breadcrumb":{"@id":"https:\/\/xstyle.md\/product\/nozh-mora-floating-knife-lime-green\/#breadcrumb"},"inLanguage":"ro-RO","potentialAction":[{"@type":"ReadAction","target":["https:\/\/xstyle.md\/product\/nozh-mora-floating-knife-lime-green\/"]}]},{"@type":"ImageObject","inLanguage":"ro-RO","@id":"https:\/\/xstyle.md\/product\/nozh-mora-floating-knife-lime-green\/#primaryimage","url":"https:\/\/xstyle.md\/wp-content\/uploads\/2021\/08\/mora-floating-knife-lime-green-0.png","contentUrl":"https:\/\/xstyle.md\/wp-content\/uploads\/2021\/08\/mora-floating-knife-lime-green-0.png","width":1080,"height":1080,"caption":"\u041b\u0430\u0439\u043c\u043e\u0432\u043e-\u0437\u0435\u043b\u0435\u043d\u044b\u0439 \u043d\u043e\u0436 Mora \u0434\u043b\u044f \u0430\u043a\u0442\u0438\u0432\u043d\u043e\u0433\u043e \u043e\u0442\u0434\u044b\u0445\u0430, \u043f\u0443\u0442\u0435\u0448\u0435\u0441\u0442\u0432\u0438\u0439, \u0445\u0430\u0439\u043a\u0438\u043d\u0433\u0430 \u0438 \u0430\u043b\u044c\u043f\u0438\u043d\u0438\u0437\u043c\u0430 \u0441 \u044d\u043b\u0435\u043c\u0435\u043d\u0442\u0430\u043c\u0438 \u0441\u043d\u0430\u0440\u044f\u0436\u0435\u043d\u0438\u044f \u0434\u043b\u044f \u043a\u0440\u043e\u044f \u043e\u0434\u0435\u0436\u0434\u044b \u0438 \u043e\u0431\u0443\u0432\u0438 \u0434\u043b\u044f \u0442\u0443\u0440\u0438\u0441\u0442\u043e\u0432"},{"@type":"BreadcrumbList","@id":"https:\/\/xstyle.md\/product\/nozh-mora-floating-knife-lime-green\/#breadcrumb","itemListElement":[{"@type":"ListItem","position":1,"name":"\u0413\u043b\u0430\u0432\u043d\u0430\u044f \u0441\u0442\u0440\u0430\u043d\u0438\u0446\u0430","item":"https:\/\/xstyle.md\/"},{"@type":"ListItem","position":2,"name":"\u041c\u0430\u0433\u0430\u0437\u0438\u043d","item":"https:\/\/xstyle.md\/shop\/"},{"@type":"ListItem","position":3,"name":"\u041d\u043e\u0436 Mora Floating Knife lime green"}]},{"@type":"WebSite","@id":"https:\/\/xstyle.md\/#website","url":"https:\/\/xstyle.md\/","name":"Magazinul X-Style","description":"Echipamente pentru turism \u0219i sporturi extreme \u00een Moldova. Pre\u021buri, fotografii, caracteristici \u00een Moldova.","publisher":{"@id":"https:\/\/xstyle.md\/#organization"},"alternateName":"X-Style","potentialAction":[{"@type":"SearchAction","target":{"@type":"EntryPoint","urlTemplate":"https:\/\/xstyle.md\/?s={search_term_string}"},"query-input":{"@type":"PropertyValueSpecification","valueRequired":true,"valueName":"search_term_string"}}],"inLanguage":"ro-RO"},{"@type":"Organization","@id":"https:\/\/xstyle.md\/#organization","name":"Magazinul X-Style","alternateName":"x-style","url":"https:\/\/xstyle.md\/","logo":{"@type":"ImageObject","inLanguage":"ro-RO","@id":"https:\/\/xstyle.md\/#\/schema\/logo\/image\/","url":"https:\/\/xstyle.md\/wp-content\/uploads\/2020\/06\/logoicon.svg","contentUrl":"https:\/\/xstyle.md\/wp-content\/uploads\/2020\/06\/logoicon.svg","caption":"\u041c\u0430\u0433\u0430\u0437\u0438\u043d Xstyle"},"image":{"@id":"https:\/\/xstyle.md\/#\/schema\/logo\/image\/"},"sameAs":["https:\/\/www.facebook.com\/xstylemd","https:\/\/www.instagram.com\/xstyle_md\/","https:\/\/t.me\/xstyle_outdoor"],"hasMerchantReturnPolicy":{"@type":"MerchantReturnPolicy","merchantReturnLink":"https:\/\/xstyle.md\/ro\/conditions\/"}}]},"product_price_amount":"690.00","product_price_currency":"MDL","og_availability":"instock","product_availability":"instock","product_retailer_item_id":"7391846024583","product_condition":"new"},"_links":{"self":[{"href":"https:\/\/xstyle.md\/ro\/wp-json\/wp\/v2\/product\/38561","targetHints":{"allow":["GET"]}}],"collection":[{"href":"https:\/\/xstyle.md\/ro\/wp-json\/wp\/v2\/product"}],"about":[{"href":"https:\/\/xstyle.md\/ro\/wp-json\/wp\/v2\/types\/product"}],"replies":[{"embeddable":true,"href":"https:\/\/xstyle.md\/ro\/wp-json\/wp\/v2\/comments?post=38561"}],"wp:featuredmedia":[{"embeddable":true,"href":"https:\/\/xstyle.md\/ro\/wp-json\/wp\/v2\/media\/46326"}],"wp:attachment":[{"href":"https:\/\/xstyle.md\/ro\/wp-json\/wp\/v2\/media?parent=38561"}],"wp:term":[{"taxonomy":"product_brand","embeddable":true,"href":"https:\/\/xstyle.md\/ro\/wp-json\/wp\/v2\/product_brand?post=38561"},{"taxonomy":"product_cat","embeddable":true,"href":"https:\/\/xstyle.md\/ro\/wp-json\/wp\/v2\/product_cat?post=38561"},{"taxonomy":"product_tag","embeddable":true,"href":"https:\/\/xstyle.md\/ro\/wp-json\/wp\/v2\/product_tag?post=38561"}],"curies":[{"name":"wp","href":"https:\/\/api.w.org\/{rel}","templated":true}]}}