{"id":38551,"date":"2021-08-23T15:15:19","date_gmt":"2021-08-23T12:15:19","guid":{"rendered":"https:\/\/xstyle.md\/?post_type=product&#038;p=38551"},"modified":"2025-10-24T12:36:54","modified_gmt":"2025-10-24T09:36:54","slug":"stabilizator-gopro-max-grip-tripod","status":"publish","type":"product","link":"https:\/\/xstyle.md\/ro\/produs\/stabilizator-gopro-max-grip-tripod\/","title":{"rendered":"Stabilizator GoPro Max Grip Tripod (ASBHM-002)"},"content":{"rendered":"<p><strong>GoPro MAX Grip Trepied<\/strong> - monopied-trepied telescopic manual va face videoclipul c\u00e2t mai stabil posibil \u0219i va sc\u0103pa de \u201eefectul de jeleu\u201d. Fabricat din plastic negru mat durabil, cu o prindere confortabil\u0103, cu un strat anti-alunecare. Pentru a desface trepiedul sunt suficiente 2 mi\u0219c\u0103ri, iar dup\u0103 5 secunde camera va fi fixat\u0103 \u00eentr-o pozi\u021bie static\u0103.<\/p>\n<p>Accesoriul este indispensabil pentru film\u0103ri interioare \u0219i exterioare. Datorit\u0103 fix\u0103rii magnetice a trei picioare, v\u0103 permite s\u0103 fixa\u021bi \u00een mod fiabil camera chiar \u0219i \u00eentr-un spa\u021biu limitat \u0219i s\u0103 efectua\u021bi o anchet\u0103 static\u0103 de lung\u0103 durat\u0103, de exemplu, un interviu sau un proces - un videoclip dedicat hacks-urilor de via\u021b\u0103.<\/p>\n<p>Este recomandat s\u0103 cump\u0103ra\u021bi un trepied monopod telescopic at\u00e2t pentru amatori, c\u00e2t \u0219i pentru operatori profesioni\u0219ti care utilizeaz\u0103 camera GoPro Max. C\u00e2nd este pliat, lungimea accesoriului este pu\u021bin mai mare de 20 cm, ceea ce \u00eenseamn\u0103 c\u0103 se potrive\u0219te cu u\u0219urin\u021b\u0103 \u00eentr-un rucsac, ceea ce este valoros pentru operatorii care lucreaz\u0103 \u00een diferite loca\u021bii \u0219i c\u0103l\u0103tori. Nepliat - 56 cm. Pentru a remedia camera, \u00een kit este prev\u0103zut un pad-adaptor.<\/p>","protected":false},"excerpt":{"rendered":"<p>GoPro MAX Grip Tripod &#8212; \u0440\u0443\u0447\u043d\u043e\u0439 \u0442\u0435\u043b\u0435\u0441\u043a\u043e\u043f\u0438\u0447\u0435\u0441\u043a\u0438\u0439 \u043c\u043e\u043d\u043e\u043f\u043e\u0434-\u0448\u0442\u0430\u0442\u0438\u0432 \u0441\u0434\u0435\u043b\u0430\u0435\u0442 \u0432\u0438\u0434\u0435\u043e \u043c\u0430\u043a\u0441\u0438\u043c\u0430\u043b\u044c\u043d\u043e \u0441\u0442\u0430\u0431\u0438\u043b\u044c\u043d\u044b\u043c \u0438\u00a0\u0438\u0437\u0431\u0430\u0432\u0438\u0442 \u043e\u0442\u00a0\u00ab\u044d\u0444\u0444\u0435\u043a\u0442\u0430 \u0436\u0435\u043b\u0435\u00bb. \u0418\u0437\u0433\u043e\u0442\u043e\u0432\u043b\u0435\u043d \u0438\u0437\u00a0\u043f\u0440\u043e\u0447\u043d\u043e\u0433\u043e \u043f\u043b\u0430\u0441\u0442\u0438\u043a\u0430 \u0447\u0435\u0440\u043d\u043e\u0433\u043e \u043c\u0430\u0442\u043e\u0432\u043e\u0433\u043e \u0446\u0432\u0435\u0442\u0430 \u0441\u00a0\u0443\u0434\u043e\u0431\u043d\u043e\u0439 \u0440\u0443\u043a\u043e\u044f\u0442\u043a\u043e\u0439 \u0441\u00a0\u0430\u043d\u0442\u0438\u0441\u043a\u043e\u043b\u044c\u0437\u044f\u0449\u0438\u043c \u043f\u043e\u043a\u0440\u044b\u0442\u0438\u0435\u043c. \u0427\u0442\u043e\u0431\u044b \u0440\u0430\u0437\u043b\u043e\u0436\u0438\u0442\u044c \u0448\u0442\u0430\u0442\u0438\u0432, \u0434\u043e\u0441\u0442\u0430\u0442\u043e\u0447\u043d\u043e 2-\u0445 \u0434\u0432\u0438\u0436\u0435\u043d\u0438\u0439, \u0438\u00a0\u0443\u0436\u0435 \u0447\u0435\u0440\u0435\u0437 5\u00a0\u0441\u0435\u043a\u0443\u043d\u0434 \u043a\u0430\u043c\u0435\u0440\u0430 \u0431\u0443\u0434\u0435\u0442 \u0437\u0430\u0444\u0438\u043a\u0441\u0438\u0440\u043e\u0432\u0430\u043d\u0430 \u0432\u00a0\u0441\u0442\u0430\u0442\u0438\u0447\u0435\u0441\u043a\u043e\u043c \u043f\u043e\u043b\u043e\u0436\u0435\u043d\u0438\u0438. \u0410\u043a\u0441\u0435\u0441\u0441\u0443\u0430\u0440 \u043d\u0435\u0437\u0430\u043c\u0435\u043d\u0438\u043c \u0434\u043b\u044f \u0441\u044a\u0435\u043c\u043a\u0438 \u0432\u00a0\u043f\u043e\u043c\u0435\u0449\u0435\u043d\u0438\u0438 \u0438\u00a0\u043d\u0430\u00a0\u043e\u0442\u043a\u0440\u044b\u0442\u044b\u0445 \u043b\u043e\u043a\u0430\u0446\u0438\u044f\u0445. \u0417\u0430\u00a0\u0441\u0447\u0435\u0442 \u043c\u0430\u0433\u043d\u0438\u0442\u043d\u043e\u0433\u043e \u043a\u0440\u0435\u043f\u043b\u0435\u043d\u0438\u044f \u0442\u0440\u0435\u0445 \u043d\u043e\u0436\u0435\u043a \u043f\u043e\u0437\u0432\u043e\u043b\u044f\u0435\u0442 \u043d\u0430\u0434\u0435\u0436\u043d\u043e \u0437\u0430\u0444\u0438\u043a\u0441\u0438\u0440\u043e\u0432\u0430\u0442\u044c \u043a\u0430\u043c\u0435\u0440\u0443 [&hellip;]<\/p>\n","protected":false},"featured_media":61465,"comment_status":"open","ping_status":"closed","template":"","meta":{"_acf_changed":false,"inline_featured_image":false},"product_brand":[1307],"product_cat":[914],"product_tag":[],"class_list":{"0":"post-38551","1":"product","2":"type-product","3":"status-publish","4":"has-post-thumbnail","6":"product_brand-gopro","7":"product_cat-stabilizers","9":"first","10":"instock","11":"shipping-taxable","12":"purchasable","13":"product-type-simple"},"acf":[],"yoast_head":"<!-- This site is optimized with the Yoast SEO plugin v27.2 - https:\/\/yoast.com\/product\/yoast-seo-wordpress\/ -->\n<title>\u041c\u043e\u043d\u043e\u043f\u043e\u0434 \u0434\u043b\u044f \u0441\u0435\u043b\u0444\u0438 GoPro Max Grip Tripod (ASBHM-002) - \u041c\u0430\u0433\u0430\u0437\u0438\u043d Xstyle<\/title>\n<meta name=\"description\" content=\"\u0421\u0442\u0430\u0431\u0438\u043b\u0438\u0437\u0430\u0442\u043e\u0440 GoPro MAX Grip Tripod \u2013 \u0438\u0434\u0435\u0430\u043b\u044c\u043d\u044b\u0439 \u043a\u043e\u043c\u043f\u0430\u043d\u044c\u043e\u043d \u0434\u043b\u044f \u0432\u0430\u0448\u0435\u0433\u043e GoPro. \u041e\u0431\u0435\u0441\u043f\u0435\u0447\u0438\u0432\u0430\u0435\u0442 \u0441\u0442\u0430\u0431\u0438\u043b\u044c\u043d\u043e\u0441\u0442\u044c \u0438 \u0443\u0434\u043e\u0431\u0441\u0442\u0432\u043e \u043f\u0440\u0438 \u0441\u044a\u0435\u043c\u043a\u0435. \u0417\u0430\u043a\u0430\u0437\u044b\u0432\u0430\u0439\u0442\u0435 \u0441\u0435\u0439\u0447\u0430\u0441!\" \/>\n<meta name=\"robots\" content=\"index, follow, max-snippet:-1, max-image-preview:large, max-video-preview:-1\" \/>\n<link rel=\"canonical\" href=\"https:\/\/xstyle.md\/ro\/produs\/stabilizator-gopro-max-grip-tripod\/\" \/>\n<meta property=\"og:locale\" content=\"ro_RO\" \/>\n<meta property=\"og:type\" content=\"article\" \/>\n<meta property=\"og:title\" content=\"\u041c\u043e\u043d\u043e\u043f\u043e\u0434 \u0434\u043b\u044f \u0441\u0435\u043b\u0444\u0438 GoPro Max Grip Tripod (ASBHM-002) - \u041c\u0430\u0433\u0430\u0437\u0438\u043d Xstyle\" \/>\n<meta property=\"og:description\" content=\"\u0421\u0442\u0430\u0431\u0438\u043b\u0438\u0437\u0430\u0442\u043e\u0440 GoPro MAX Grip Tripod \u2013 \u0438\u0434\u0435\u0430\u043b\u044c\u043d\u044b\u0439 \u043a\u043e\u043c\u043f\u0430\u043d\u044c\u043e\u043d \u0434\u043b\u044f \u0432\u0430\u0448\u0435\u0433\u043e GoPro. \u041e\u0431\u0435\u0441\u043f\u0435\u0447\u0438\u0432\u0430\u0435\u0442 \u0441\u0442\u0430\u0431\u0438\u043b\u044c\u043d\u043e\u0441\u0442\u044c \u0438 \u0443\u0434\u043e\u0431\u0441\u0442\u0432\u043e \u043f\u0440\u0438 \u0441\u044a\u0435\u043c\u043a\u0435. \u0417\u0430\u043a\u0430\u0437\u044b\u0432\u0430\u0439\u0442\u0435 \u0441\u0435\u0439\u0447\u0430\u0441!\" \/>\n<meta property=\"og:url\" content=\"https:\/\/xstyle.md\/ro\/produs\/stabilizator-gopro-max-grip-tripod\/\" \/>\n<meta property=\"og:site_name\" content=\"\u041c\u0430\u0433\u0430\u0437\u0438\u043d Xstyle\" \/>\n<meta property=\"article:publisher\" content=\"https:\/\/www.facebook.com\/xstylemd\" \/>\n<meta property=\"article:modified_time\" content=\"2025-10-24T09:36:54+00:00\" \/>\n<meta property=\"og:image\" content=\"https:\/\/xstyle.md\/wp-content\/uploads\/2021\/08\/gopro-max-grip-tripod-2.jpg\" \/>\n\t<meta property=\"og:image:width\" content=\"700\" \/>\n\t<meta property=\"og:image:height\" content=\"700\" \/>\n\t<meta property=\"og:image:type\" content=\"image\/jpeg\" \/>\n<meta name=\"twitter:card\" content=\"summary_large_image\" \/>\n<meta name=\"twitter:label1\" content=\"Pre\u021b\" \/>\n\t<meta name=\"twitter:data1\" content=\"1.390&nbsp;MDL\" \/>\n\t<meta name=\"twitter:label2\" content=\"Disponibilitate\" \/>\n\t<meta name=\"twitter:data2\" content=\"\u00cen stoc\" \/>\n<script type=\"application\/ld+json\" class=\"yoast-schema-graph\">{\"@context\":\"https:\/\/schema.org\",\"@graph\":[{\"@type\":\"WebPage\",\"@id\":\"https:\/\/xstyle.md\/product\/stabilizator-gopro-max-grip-tripod\/\",\"url\":\"https:\/\/xstyle.md\/product\/stabilizator-gopro-max-grip-tripod\/\",\"name\":\"\u041c\u043e\u043d\u043e\u043f\u043e\u0434 \u0434\u043b\u044f \u0441\u0435\u043b\u0444\u0438 GoPro Max Grip Tripod (ASBHM-002) - \u041c\u0430\u0433\u0430\u0437\u0438\u043d Xstyle\",\"isPartOf\":{\"@id\":\"https:\/\/xstyle.md\/#website\"},\"primaryImageOfPage\":{\"@id\":\"https:\/\/xstyle.md\/product\/stabilizator-gopro-max-grip-tripod\/#primaryimage\"},\"image\":{\"@id\":\"https:\/\/xstyle.md\/product\/stabilizator-gopro-max-grip-tripod\/#primaryimage\"},\"thumbnailUrl\":\"https:\/\/xstyle.md\/wp-content\/uploads\/2021\/08\/gopro-max-grip-tripod-2.jpg\",\"datePublished\":\"2021-08-23T12:15:19+00:00\",\"dateModified\":\"2025-10-24T09:36:54+00:00\",\"description\":\"\u0421\u0442\u0430\u0431\u0438\u043b\u0438\u0437\u0430\u0442\u043e\u0440 GoPro MAX Grip Tripod \u2013 \u0438\u0434\u0435\u0430\u043b\u044c\u043d\u044b\u0439 \u043a\u043e\u043c\u043f\u0430\u043d\u044c\u043e\u043d \u0434\u043b\u044f \u0432\u0430\u0448\u0435\u0433\u043e GoPro. \u041e\u0431\u0435\u0441\u043f\u0435\u0447\u0438\u0432\u0430\u0435\u0442 \u0441\u0442\u0430\u0431\u0438\u043b\u044c\u043d\u043e\u0441\u0442\u044c \u0438 \u0443\u0434\u043e\u0431\u0441\u0442\u0432\u043e \u043f\u0440\u0438 \u0441\u044a\u0435\u043c\u043a\u0435. \u0417\u0430\u043a\u0430\u0437\u044b\u0432\u0430\u0439\u0442\u0435 \u0441\u0435\u0439\u0447\u0430\u0441!\",\"breadcrumb\":{\"@id\":\"https:\/\/xstyle.md\/product\/stabilizator-gopro-max-grip-tripod\/#breadcrumb\"},\"inLanguage\":\"ro-RO\",\"potentialAction\":[{\"@type\":\"ReadAction\",\"target\":[\"https:\/\/xstyle.md\/product\/stabilizator-gopro-max-grip-tripod\/\"]}]},{\"@type\":\"ImageObject\",\"inLanguage\":\"ro-RO\",\"@id\":\"https:\/\/xstyle.md\/product\/stabilizator-gopro-max-grip-tripod\/#primaryimage\",\"url\":\"https:\/\/xstyle.md\/wp-content\/uploads\/2021\/08\/gopro-max-grip-tripod-2.jpg\",\"contentUrl\":\"https:\/\/xstyle.md\/wp-content\/uploads\/2021\/08\/gopro-max-grip-tripod-2.jpg\",\"width\":700,\"height\":700,\"caption\":\"\u041c\u043e\u043d\u043e\u043f\u043e\u0434 \u0434\u043b\u044f \u0441\u0435\u043b\u0444\u0438 GoPro Max Grip Tripod \u043d\u0430 \u0441\u0430\u0439\u0442\u0435 \u043c\u0430\u0433\u0430\u0437\u0438\u043d\u0430 \u0441\u043f\u043e\u0440\u0442\u0438\u0432\u043d\u043e\u0439 \u044d\u043a\u0438\u043f\u0438\u0440\u043e\u0432\u043a\u0438 \u0434\u043b\u044f \u0430\u043a\u0442\u0438\u0432\u043d\u043e\u0433\u043e \u043e\u0442\u0434\u044b\u0445\u0430, \u043f\u0443\u0442\u0435\u0448\u0435\u0441\u0442\u0432\u0438\u0439 \u0438 \u0430\u043b\u044c\u043f\u0438\u043d\u0438\u0437\u043c\u0430\"},{\"@type\":\"BreadcrumbList\",\"@id\":\"https:\/\/xstyle.md\/product\/stabilizator-gopro-max-grip-tripod\/#breadcrumb\",\"itemListElement\":[{\"@type\":\"ListItem\",\"position\":1,\"name\":\"\u0413\u043b\u0430\u0432\u043d\u0430\u044f \u0441\u0442\u0440\u0430\u043d\u0438\u0446\u0430\",\"item\":\"https:\/\/xstyle.md\/\"},{\"@type\":\"ListItem\",\"position\":2,\"name\":\"\u041c\u0430\u0433\u0430\u0437\u0438\u043d\",\"item\":\"https:\/\/xstyle.md\/shop\/\"},{\"@type\":\"ListItem\",\"position\":3,\"name\":\"\u041c\u043e\u043d\u043e\u043f\u043e\u0434 \u0434\u043b\u044f \u0441\u0435\u043b\u0444\u0438 GoPro Max Grip Tripod (ASBHM-002)\"}]},{\"@type\":\"WebSite\",\"@id\":\"https:\/\/xstyle.md\/#website\",\"url\":\"https:\/\/xstyle.md\/\",\"name\":\"\u041c\u0430\u0433\u0430\u0437\u0438\u043d Xstyle\",\"description\":\"C\u043d\u0430\u0440\u044f\u0436\u0435\u043d\u0438\u0435 \u0434\u043b\u044f \u0442\u0443\u0440\u0438\u0437\u043c\u0430 \u0438 \u044d\u043a\u0441\u0442\u0440\u0435\u043c\u0430\u043b\u044c\u043d\u044b\u0445 \u0432\u0438\u0434\u043e\u0432 \u0441\u043f\u043e\u0440\u0442\u0430 \u0432 \u041c\u043e\u043b\u0434\u043e\u0432\u0435.. \u0426\u0435\u043d\u044b, \u0444\u043e\u0442\u043e, \u0445\u0430\u0440\u0430\u043a\u0442\u0435\u0440\u0438\u0441\u0442\u0438\u043a\u0438 \u0432 \u041c\u043e\u043b\u0434\u043e\u0432\u0435.\",\"publisher\":{\"@id\":\"https:\/\/xstyle.md\/#organization\"},\"alternateName\":\"X-Style\",\"potentialAction\":[{\"@type\":\"SearchAction\",\"target\":{\"@type\":\"EntryPoint\",\"urlTemplate\":\"https:\/\/xstyle.md\/?s={search_term_string}\"},\"query-input\":{\"@type\":\"PropertyValueSpecification\",\"valueRequired\":true,\"valueName\":\"search_term_string\"}}],\"inLanguage\":\"ro-RO\"},{\"@type\":\"Organization\",\"@id\":\"https:\/\/xstyle.md\/#organization\",\"name\":\"\u041c\u0430\u0433\u0430\u0437\u0438\u043d Xstyle\",\"alternateName\":\"x-style\",\"url\":\"https:\/\/xstyle.md\/\",\"logo\":{\"@type\":\"ImageObject\",\"inLanguage\":\"ro-RO\",\"@id\":\"https:\/\/xstyle.md\/#\/schema\/logo\/image\/\",\"url\":\"https:\/\/xstyle.md\/wp-content\/uploads\/2020\/06\/logoicon.svg\",\"contentUrl\":\"https:\/\/xstyle.md\/wp-content\/uploads\/2020\/06\/logoicon.svg\",\"caption\":\"\u041c\u0430\u0433\u0430\u0437\u0438\u043d Xstyle\"},\"image\":{\"@id\":\"https:\/\/xstyle.md\/#\/schema\/logo\/image\/\"},\"sameAs\":[\"https:\/\/www.facebook.com\/xstylemd\",\"https:\/\/www.instagram.com\/xstyle_md\/\",\"https:\/\/t.me\/xstyle_outdoor\"],\"hasMerchantReturnPolicy\":{\"@type\":\"MerchantReturnPolicy\",\"merchantReturnLink\":\"https:\/\/xstyle.md\/ro\/conditions\/\"}}]}<\/script>\n<meta property=\"product:price:amount\" content=\"1390.00\" \/>\n<meta property=\"product:price:currency\" content=\"MDL\" \/>\n<meta property=\"og:availability\" content=\"instock\" \/>\n<meta property=\"product:availability\" content=\"instock\" \/>\n<meta property=\"product:retailer_item_id\" content=\"ASBHM-002\" \/>\n<meta property=\"product:condition\" content=\"new\" \/>\n<!-- \/ Yoast SEO plugin. -->","yoast_head_json":{"title":"\u041c\u043e\u043d\u043e\u043f\u043e\u0434 \u0434\u043b\u044f \u0441\u0435\u043b\u0444\u0438 GoPro Max Grip Tripod (ASBHM-002) - \u041c\u0430\u0433\u0430\u0437\u0438\u043d Xstyle","description":"Stabilizatorul GoPro MAX Grip Tripod \u2013 companionul ideal pentru GoPro-ul dumneavoastr\u0103. Ofer\u0103 stabilitate \u0219i confort \u00een timpul film\u0103rii. Comanda\u021bi acum!","robots":{"index":"index","follow":"follow","max-snippet":"max-snippet:-1","max-image-preview":"max-image-preview:large","max-video-preview":"max-video-preview:-1"},"canonical":"https:\/\/xstyle.md\/ro\/produs\/stabilizator-gopro-max-grip-tripod\/","og_locale":"ro_RO","og_type":"article","og_title":"\u041c\u043e\u043d\u043e\u043f\u043e\u0434 \u0434\u043b\u044f \u0441\u0435\u043b\u0444\u0438 GoPro Max Grip Tripod (ASBHM-002) - \u041c\u0430\u0433\u0430\u0437\u0438\u043d Xstyle","og_description":"\u0421\u0442\u0430\u0431\u0438\u043b\u0438\u0437\u0430\u0442\u043e\u0440 GoPro MAX Grip Tripod \u2013 \u0438\u0434\u0435\u0430\u043b\u044c\u043d\u044b\u0439 \u043a\u043e\u043c\u043f\u0430\u043d\u044c\u043e\u043d \u0434\u043b\u044f \u0432\u0430\u0448\u0435\u0433\u043e GoPro. \u041e\u0431\u0435\u0441\u043f\u0435\u0447\u0438\u0432\u0430\u0435\u0442 \u0441\u0442\u0430\u0431\u0438\u043b\u044c\u043d\u043e\u0441\u0442\u044c \u0438 \u0443\u0434\u043e\u0431\u0441\u0442\u0432\u043e \u043f\u0440\u0438 \u0441\u044a\u0435\u043c\u043a\u0435. \u0417\u0430\u043a\u0430\u0437\u044b\u0432\u0430\u0439\u0442\u0435 \u0441\u0435\u0439\u0447\u0430\u0441!","og_url":"https:\/\/xstyle.md\/ro\/produs\/stabilizator-gopro-max-grip-tripod\/","og_site_name":"\u041c\u0430\u0433\u0430\u0437\u0438\u043d Xstyle","article_publisher":"https:\/\/www.facebook.com\/xstylemd","article_modified_time":"2025-10-24T09:36:54+00:00","og_image":[{"width":700,"height":700,"url":"https:\/\/xstyle.md\/wp-content\/uploads\/2021\/08\/gopro-max-grip-tripod-2.jpg","type":"image\/jpeg"}],"twitter_card":"summary_large_image","twitter_misc":{"Pre\u021b":"1.390&nbsp;MDL","Disponibilitate":"\u00cen stoc"},"schema":{"@context":"https:\/\/schema.org","@graph":[{"@type":"WebPage","@id":"https:\/\/xstyle.md\/product\/stabilizator-gopro-max-grip-tripod\/","url":"https:\/\/xstyle.md\/product\/stabilizator-gopro-max-grip-tripod\/","name":"\u041c\u043e\u043d\u043e\u043f\u043e\u0434 \u0434\u043b\u044f \u0441\u0435\u043b\u0444\u0438 GoPro Max Grip Tripod (ASBHM-002) - \u041c\u0430\u0433\u0430\u0437\u0438\u043d Xstyle","isPartOf":{"@id":"https:\/\/xstyle.md\/#website"},"primaryImageOfPage":{"@id":"https:\/\/xstyle.md\/product\/stabilizator-gopro-max-grip-tripod\/#primaryimage"},"image":{"@id":"https:\/\/xstyle.md\/product\/stabilizator-gopro-max-grip-tripod\/#primaryimage"},"thumbnailUrl":"https:\/\/xstyle.md\/wp-content\/uploads\/2021\/08\/gopro-max-grip-tripod-2.jpg","datePublished":"2021-08-23T12:15:19+00:00","dateModified":"2025-10-24T09:36:54+00:00","description":"Stabilizatorul GoPro MAX Grip Tripod \u2013 companionul ideal pentru GoPro-ul dumneavoastr\u0103. Ofer\u0103 stabilitate \u0219i confort \u00een timpul film\u0103rii. Comanda\u021bi acum!","breadcrumb":{"@id":"https:\/\/xstyle.md\/product\/stabilizator-gopro-max-grip-tripod\/#breadcrumb"},"inLanguage":"ro-RO","potentialAction":[{"@type":"ReadAction","target":["https:\/\/xstyle.md\/product\/stabilizator-gopro-max-grip-tripod\/"]}]},{"@type":"ImageObject","inLanguage":"ro-RO","@id":"https:\/\/xstyle.md\/product\/stabilizator-gopro-max-grip-tripod\/#primaryimage","url":"https:\/\/xstyle.md\/wp-content\/uploads\/2021\/08\/gopro-max-grip-tripod-2.jpg","contentUrl":"https:\/\/xstyle.md\/wp-content\/uploads\/2021\/08\/gopro-max-grip-tripod-2.jpg","width":700,"height":700,"caption":"\u041c\u043e\u043d\u043e\u043f\u043e\u0434 \u0434\u043b\u044f \u0441\u0435\u043b\u0444\u0438 GoPro Max Grip Tripod \u043d\u0430 \u0441\u0430\u0439\u0442\u0435 \u043c\u0430\u0433\u0430\u0437\u0438\u043d\u0430 \u0441\u043f\u043e\u0440\u0442\u0438\u0432\u043d\u043e\u0439 \u044d\u043a\u0438\u043f\u0438\u0440\u043e\u0432\u043a\u0438 \u0434\u043b\u044f \u0430\u043a\u0442\u0438\u0432\u043d\u043e\u0433\u043e \u043e\u0442\u0434\u044b\u0445\u0430, \u043f\u0443\u0442\u0435\u0448\u0435\u0441\u0442\u0432\u0438\u0439 \u0438 \u0430\u043b\u044c\u043f\u0438\u043d\u0438\u0437\u043c\u0430"},{"@type":"BreadcrumbList","@id":"https:\/\/xstyle.md\/product\/stabilizator-gopro-max-grip-tripod\/#breadcrumb","itemListElement":[{"@type":"ListItem","position":1,"name":"\u0413\u043b\u0430\u0432\u043d\u0430\u044f \u0441\u0442\u0440\u0430\u043d\u0438\u0446\u0430","item":"https:\/\/xstyle.md\/"},{"@type":"ListItem","position":2,"name":"\u041c\u0430\u0433\u0430\u0437\u0438\u043d","item":"https:\/\/xstyle.md\/shop\/"},{"@type":"ListItem","position":3,"name":"\u041c\u043e\u043d\u043e\u043f\u043e\u0434 \u0434\u043b\u044f \u0441\u0435\u043b\u0444\u0438 GoPro Max Grip Tripod (ASBHM-002)"}]},{"@type":"WebSite","@id":"https:\/\/xstyle.md\/#website","url":"https:\/\/xstyle.md\/","name":"Magazinul X-Style","description":"Echipamente pentru turism \u0219i sporturi extreme \u00een Moldova. Pre\u021buri, fotografii, caracteristici \u00een Moldova.","publisher":{"@id":"https:\/\/xstyle.md\/#organization"},"alternateName":"X-Style","potentialAction":[{"@type":"SearchAction","target":{"@type":"EntryPoint","urlTemplate":"https:\/\/xstyle.md\/?s={search_term_string}"},"query-input":{"@type":"PropertyValueSpecification","valueRequired":true,"valueName":"search_term_string"}}],"inLanguage":"ro-RO"},{"@type":"Organization","@id":"https:\/\/xstyle.md\/#organization","name":"Magazinul X-Style","alternateName":"x-style","url":"https:\/\/xstyle.md\/","logo":{"@type":"ImageObject","inLanguage":"ro-RO","@id":"https:\/\/xstyle.md\/#\/schema\/logo\/image\/","url":"https:\/\/xstyle.md\/wp-content\/uploads\/2020\/06\/logoicon.svg","contentUrl":"https:\/\/xstyle.md\/wp-content\/uploads\/2020\/06\/logoicon.svg","caption":"\u041c\u0430\u0433\u0430\u0437\u0438\u043d Xstyle"},"image":{"@id":"https:\/\/xstyle.md\/#\/schema\/logo\/image\/"},"sameAs":["https:\/\/www.facebook.com\/xstylemd","https:\/\/www.instagram.com\/xstyle_md\/","https:\/\/t.me\/xstyle_outdoor"],"hasMerchantReturnPolicy":{"@type":"MerchantReturnPolicy","merchantReturnLink":"https:\/\/xstyle.md\/ro\/conditions\/"}}]},"product_price_amount":"1390.00","product_price_currency":"MDL","og_availability":"instock","product_availability":"instock","product_retailer_item_id":"ASBHM-002","product_condition":"new"},"post_mailing_queue_ids":[],"_links":{"self":[{"href":"https:\/\/xstyle.md\/ro\/wp-json\/wp\/v2\/product\/38551","targetHints":{"allow":["GET"]}}],"collection":[{"href":"https:\/\/xstyle.md\/ro\/wp-json\/wp\/v2\/product"}],"about":[{"href":"https:\/\/xstyle.md\/ro\/wp-json\/wp\/v2\/types\/product"}],"replies":[{"embeddable":true,"href":"https:\/\/xstyle.md\/ro\/wp-json\/wp\/v2\/comments?post=38551"}],"wp:featuredmedia":[{"embeddable":true,"href":"https:\/\/xstyle.md\/ro\/wp-json\/wp\/v2\/media\/61465"}],"wp:attachment":[{"href":"https:\/\/xstyle.md\/ro\/wp-json\/wp\/v2\/media?parent=38551"}],"wp:term":[{"taxonomy":"product_brand","embeddable":true,"href":"https:\/\/xstyle.md\/ro\/wp-json\/wp\/v2\/product_brand?post=38551"},{"taxonomy":"product_cat","embeddable":true,"href":"https:\/\/xstyle.md\/ro\/wp-json\/wp\/v2\/product_cat?post=38551"},{"taxonomy":"product_tag","embeddable":true,"href":"https:\/\/xstyle.md\/ro\/wp-json\/wp\/v2\/product_tag?post=38551"}],"curies":[{"name":"wp","href":"https:\/\/api.w.org\/{rel}","templated":true}]}}