{"id":38453,"date":"2021-08-17T15:28:36","date_gmt":"2021-08-17T12:28:36","guid":{"rendered":"https:\/\/xstyle.md\/?post_type=product&#038;p=38453"},"modified":"2026-03-19T16:45:49","modified_gmt":"2026-03-19T13:45:49","slug":"velosumka-podsedelnaja-acepac-saddle-dry-bag-16l-grey","status":"publish","type":"product","link":"https:\/\/xstyle.md\/ro\/produs\/velosumka-podsedelnaja-acepac-saddle-dry-bag-16l-grey\/","title":{"rendered":"Geant\u0103 de \u0219a Acepac Saddle Dry Bag 16L grey"},"content":{"rendered":"<\/p>\n<p><strong>Acepac Saddle Dry Bag 16L <\/strong>&#8212; geant\u0103 de biciclet\u0103 impermeabil\u0103 pentru montare sub \u0219a. Geanta se utilizeaz\u0103 cu hamul de \u0219a Acepac (v\u00e2ndut separat) pentru o fixare sigur\u0103. Geanta este fabricat\u0103 din nailon acoperit cu PU pentru a v\u0103 proteja echipamentul de ciclism de umezeal\u0103 \u0219i ploaie. Toate cus\u0103turile sunt rezistente \u0219i lipite. Poate fi folosit\u0103 \u0219i ca o hus\u0103 impermeabil\u0103.<\/p>\n<h3>Particularit\u0103\u021bi<\/h3>\n<ul>\n<li>Poate fi folosit ca tij\u0103 de \u0219ezut sau separat ca o geant\u0103 de echipament impermeabil\u0103<\/li>\n<li>Material principal: nailon acoperit cu PU, o \u021bes\u0103tur\u0103 durabil\u0103 \u0219i u\u0219oar\u0103, cu cus\u0103turi lipite.<\/li>\n<li>Pentru o durabilitate maxim\u0103, cus\u0103turile sunt realizate cu cus\u0103turi Bartack (\u00een zigzag).<\/li>\n<li>\u00cen partea de jos a gen\u021bii exist\u0103 bucle pentru fixarea acesteia de curelele laterale ale rucsacului.<\/li>\n<li>Material: nailon acoperit cu PU, rezistent la ap\u0103 1500mm.<\/li>\n<\/ul>\n<h3>Caracteristici<\/h3>\n<ul>\n<li>Material &#8212; Nylon (PU 1500mm H20)<\/li>\n<li>Volum &#8212; 16 litri<\/li>\n<li>Dimensiuni &#8212; 20 x 55 cm<\/li>\n<li>Greutate &#8212; 270 g.<\/li>\n<\/ul>\n<p><\/p>","protected":false},"excerpt":{"rendered":"","protected":false},"featured_media":38493,"comment_status":"open","ping_status":"closed","template":"","meta":{"_acf_changed":false,"inline_featured_image":false},"product_brand":[1437],"product_cat":[845],"product_tag":[],"class_list":{"0":"post-38453","1":"product","2":"type-product","3":"status-publish","4":"has-post-thumbnail","6":"product_brand-acepac","7":"product_cat-backpacks-velo","9":"first","10":"instock","11":"shipping-taxable","12":"purchasable","13":"product-type-simple"},"acf":[],"yoast_head":"<!-- This site is optimized with the Yoast SEO plugin v27.2 - https:\/\/yoast.com\/product\/yoast-seo-wordpress\/ -->\n<title>\u0412\u0435\u043b\u043e\u0441\u0443\u043c\u043a\u0430 \u043f\u043e\u0434\u0441\u0435\u0434\u0435\u043b\u044c\u043d\u0430\u044f Acepac Saddle Dry Bag 16L grey - \u041c\u0430\u0433\u0430\u0437\u0438\u043d Xstyle<\/title>\n<meta name=\"description\" content=\"\u0412\u0435\u043b\u043e\u0441\u0443\u043c\u043a\u0430 Acepac Saddle Dry Bag 16L \u0441\u0435\u0440\u043e\u0433\u043e \u0446\u0432\u0435\u0442\u0430 \u043e\u0431\u0435\u0441\u043f\u0435\u0447\u0438\u0432\u0430\u0435\u0442 \u043d\u0430\u0434\u0435\u0436\u043d\u0443\u044e \u0437\u0430\u0449\u0438\u0442\u0443 \u0432\u0430\u0448\u0435\u0433\u043e \u043e\u0431\u043e\u0440\u0443\u0434\u043e\u0432\u0430\u043d\u0438\u044f \u043e\u0442 \u0432\u043b\u0430\u0433\u0438. \u0418\u0434\u0435\u0430\u043b\u044c\u043d\u043e \u043f\u043e\u0434\u0445\u043e\u0434\u0438\u0442 \u0434\u043b\u044f \u0438\u0441\u043f\u043e\u043b\u044c\u0437\u043e\u0432\u0430\u043d\u0438\u044f \u0441 \u0445\u043e\u043c\u0443\u0442\u043e\u043c Acepac.\" \/>\n<meta name=\"robots\" content=\"index, follow, max-snippet:-1, max-image-preview:large, max-video-preview:-1\" \/>\n<link rel=\"canonical\" href=\"https:\/\/xstyle.md\/ro\/produs\/velosumka-podsedelnaja-acepac-saddle-dry-bag-16l-grey\/\" \/>\n<meta property=\"og:locale\" content=\"ro_RO\" \/>\n<meta property=\"og:type\" content=\"article\" \/>\n<meta property=\"og:title\" content=\"\u0412\u0435\u043b\u043e\u0441\u0443\u043c\u043a\u0430 \u043f\u043e\u0434\u0441\u0435\u0434\u0435\u043b\u044c\u043d\u0430\u044f Acepac Saddle Dry Bag 16L grey - \u041c\u0430\u0433\u0430\u0437\u0438\u043d Xstyle\" \/>\n<meta property=\"og:description\" content=\"\u0412\u0435\u043b\u043e\u0441\u0443\u043c\u043a\u0430 Acepac Saddle Dry Bag 16L \u0441\u0435\u0440\u043e\u0433\u043e \u0446\u0432\u0435\u0442\u0430 \u043e\u0431\u0435\u0441\u043f\u0435\u0447\u0438\u0432\u0430\u0435\u0442 \u043d\u0430\u0434\u0435\u0436\u043d\u0443\u044e \u0437\u0430\u0449\u0438\u0442\u0443 \u0432\u0430\u0448\u0435\u0433\u043e \u043e\u0431\u043e\u0440\u0443\u0434\u043e\u0432\u0430\u043d\u0438\u044f \u043e\u0442 \u0432\u043b\u0430\u0433\u0438. \u0418\u0434\u0435\u0430\u043b\u044c\u043d\u043e \u043f\u043e\u0434\u0445\u043e\u0434\u0438\u0442 \u0434\u043b\u044f \u0438\u0441\u043f\u043e\u043b\u044c\u0437\u043e\u0432\u0430\u043d\u0438\u044f \u0441 \u0445\u043e\u043c\u0443\u0442\u043e\u043c Acepac.\" \/>\n<meta property=\"og:url\" content=\"https:\/\/xstyle.md\/ro\/produs\/velosumka-podsedelnaja-acepac-saddle-dry-bag-16l-grey\/\" \/>\n<meta property=\"og:site_name\" content=\"\u041c\u0430\u0433\u0430\u0437\u0438\u043d Xstyle\" \/>\n<meta property=\"article:publisher\" content=\"https:\/\/www.facebook.com\/xstylemd\" \/>\n<meta property=\"article:modified_time\" content=\"2026-03-19T13:45:49+00:00\" \/>\n<meta property=\"og:image\" content=\"https:\/\/xstyle.md\/wp-content\/uploads\/2021\/08\/acepac-saddle-dry-bag-16l-grey.jpg\" \/>\n\t<meta property=\"og:image:width\" content=\"893\" \/>\n\t<meta property=\"og:image:height\" content=\"892\" \/>\n\t<meta property=\"og:image:type\" content=\"image\/jpeg\" \/>\n<meta name=\"twitter:card\" content=\"summary_large_image\" \/>\n<meta name=\"twitter:label1\" content=\"Pre\u021b\" \/>\n\t<meta name=\"twitter:data1\" content=\"890&nbsp;MDL\" \/>\n\t<meta name=\"twitter:label2\" content=\"Disponibilitate\" \/>\n\t<meta name=\"twitter:data2\" content=\"\u00cen stoc\" \/>\n<script type=\"application\/ld+json\" class=\"yoast-schema-graph\">{\"@context\":\"https:\/\/schema.org\",\"@graph\":[{\"@type\":\"WebPage\",\"@id\":\"https:\/\/xstyle.md\/product\/velosumka-podsedelnaja-acepac-saddle-dry-bag-16l-grey\/\",\"url\":\"https:\/\/xstyle.md\/product\/velosumka-podsedelnaja-acepac-saddle-dry-bag-16l-grey\/\",\"name\":\"\u0412\u0435\u043b\u043e\u0441\u0443\u043c\u043a\u0430 \u043f\u043e\u0434\u0441\u0435\u0434\u0435\u043b\u044c\u043d\u0430\u044f Acepac Saddle Dry Bag 16L grey - \u041c\u0430\u0433\u0430\u0437\u0438\u043d Xstyle\",\"isPartOf\":{\"@id\":\"https:\/\/xstyle.md\/#website\"},\"primaryImageOfPage\":{\"@id\":\"https:\/\/xstyle.md\/product\/velosumka-podsedelnaja-acepac-saddle-dry-bag-16l-grey\/#primaryimage\"},\"image\":{\"@id\":\"https:\/\/xstyle.md\/product\/velosumka-podsedelnaja-acepac-saddle-dry-bag-16l-grey\/#primaryimage\"},\"thumbnailUrl\":\"https:\/\/xstyle.md\/wp-content\/uploads\/2021\/08\/acepac-saddle-dry-bag-16l-grey.jpg\",\"datePublished\":\"2021-08-17T12:28:36+00:00\",\"dateModified\":\"2026-03-19T13:45:49+00:00\",\"description\":\"\u0412\u0435\u043b\u043e\u0441\u0443\u043c\u043a\u0430 Acepac Saddle Dry Bag 16L \u0441\u0435\u0440\u043e\u0433\u043e \u0446\u0432\u0435\u0442\u0430 \u043e\u0431\u0435\u0441\u043f\u0435\u0447\u0438\u0432\u0430\u0435\u0442 \u043d\u0430\u0434\u0435\u0436\u043d\u0443\u044e \u0437\u0430\u0449\u0438\u0442\u0443 \u0432\u0430\u0448\u0435\u0433\u043e \u043e\u0431\u043e\u0440\u0443\u0434\u043e\u0432\u0430\u043d\u0438\u044f \u043e\u0442 \u0432\u043b\u0430\u0433\u0438. \u0418\u0434\u0435\u0430\u043b\u044c\u043d\u043e \u043f\u043e\u0434\u0445\u043e\u0434\u0438\u0442 \u0434\u043b\u044f \u0438\u0441\u043f\u043e\u043b\u044c\u0437\u043e\u0432\u0430\u043d\u0438\u044f \u0441 \u0445\u043e\u043c\u0443\u0442\u043e\u043c Acepac.\",\"breadcrumb\":{\"@id\":\"https:\/\/xstyle.md\/product\/velosumka-podsedelnaja-acepac-saddle-dry-bag-16l-grey\/#breadcrumb\"},\"inLanguage\":\"ro-RO\",\"potentialAction\":[{\"@type\":\"ReadAction\",\"target\":[\"https:\/\/xstyle.md\/product\/velosumka-podsedelnaja-acepac-saddle-dry-bag-16l-grey\/\"]}]},{\"@type\":\"ImageObject\",\"inLanguage\":\"ro-RO\",\"@id\":\"https:\/\/xstyle.md\/product\/velosumka-podsedelnaja-acepac-saddle-dry-bag-16l-grey\/#primaryimage\",\"url\":\"https:\/\/xstyle.md\/wp-content\/uploads\/2021\/08\/acepac-saddle-dry-bag-16l-grey.jpg\",\"contentUrl\":\"https:\/\/xstyle.md\/wp-content\/uploads\/2021\/08\/acepac-saddle-dry-bag-16l-grey.jpg\",\"width\":893,\"height\":892,\"caption\":\"\u0410\u043a\u0442\u0438\u0432\u043d\u0430\u044f \u0436\u0438\u0437\u043d\u044c \u0442\u043e\u0432\u0430\u0440\u044b \u0434\u043b\u044f \u0441\u043f\u043e\u0440\u0442\u0430 \u0438 \u043f\u0443\u0442\u0435\u0448\u0435\u0441\u0442\u0432\u0438\u0439 \u0432\u0435\u043b\u043e\u0441\u0438\u043f\u0435\u0434\u043d\u0430\u044f \u043f\u043e\u0434\u0441\u0435\u0434\u0435\u043b\u044c\u043d\u0430\u044f \u0441\u0443\u043c\u043a\u0430 Acepac Saddle Dry Bag 16L \u0441\u0435\u0440\u043e\u0433\u043e \u0446\u0432\u0435\u0442\u0430 \u0434\u043b\u044f \u043f\u043e\u0445\u043e\u0434\u043e\u0432 \u0438 \u0430\u043b\u044c\u043f\u0438\u043d\u0438\u0437\u043c\u0430 \u0432 \u0438\u043d\u0442\u0435\u0440\u043d\u0435\u0442 \u043c\u0430\u0433\u0430\u0437\u0438\u043d\u0435 \u044d\u043a\u0438\u043f\u0438\u0440\u043e\u0432\u043a\u0438\"},{\"@type\":\"BreadcrumbList\",\"@id\":\"https:\/\/xstyle.md\/product\/velosumka-podsedelnaja-acepac-saddle-dry-bag-16l-grey\/#breadcrumb\",\"itemListElement\":[{\"@type\":\"ListItem\",\"position\":1,\"name\":\"\u0413\u043b\u0430\u0432\u043d\u0430\u044f \u0441\u0442\u0440\u0430\u043d\u0438\u0446\u0430\",\"item\":\"https:\/\/xstyle.md\/\"},{\"@type\":\"ListItem\",\"position\":2,\"name\":\"\u041c\u0430\u0433\u0430\u0437\u0438\u043d\",\"item\":\"https:\/\/xstyle.md\/shop\/\"},{\"@type\":\"ListItem\",\"position\":3,\"name\":\"\u0412\u0435\u043b\u043e\u0441\u0443\u043c\u043a\u0430 \u043f\u043e\u0434\u0441\u0435\u0434\u0435\u043b\u044c\u043d\u0430\u044f Acepac Saddle Dry Bag 16L grey\"}]},{\"@type\":\"WebSite\",\"@id\":\"https:\/\/xstyle.md\/#website\",\"url\":\"https:\/\/xstyle.md\/\",\"name\":\"\u041c\u0430\u0433\u0430\u0437\u0438\u043d Xstyle\",\"description\":\"C\u043d\u0430\u0440\u044f\u0436\u0435\u043d\u0438\u0435 \u0434\u043b\u044f \u0442\u0443\u0440\u0438\u0437\u043c\u0430 \u0438 \u044d\u043a\u0441\u0442\u0440\u0435\u043c\u0430\u043b\u044c\u043d\u044b\u0445 \u0432\u0438\u0434\u043e\u0432 \u0441\u043f\u043e\u0440\u0442\u0430 \u0432 \u041c\u043e\u043b\u0434\u043e\u0432\u0435.. \u0426\u0435\u043d\u044b, \u0444\u043e\u0442\u043e, \u0445\u0430\u0440\u0430\u043a\u0442\u0435\u0440\u0438\u0441\u0442\u0438\u043a\u0438 \u0432 \u041c\u043e\u043b\u0434\u043e\u0432\u0435.\",\"publisher\":{\"@id\":\"https:\/\/xstyle.md\/#organization\"},\"alternateName\":\"X-Style\",\"potentialAction\":[{\"@type\":\"SearchAction\",\"target\":{\"@type\":\"EntryPoint\",\"urlTemplate\":\"https:\/\/xstyle.md\/?s={search_term_string}\"},\"query-input\":{\"@type\":\"PropertyValueSpecification\",\"valueRequired\":true,\"valueName\":\"search_term_string\"}}],\"inLanguage\":\"ro-RO\"},{\"@type\":\"Organization\",\"@id\":\"https:\/\/xstyle.md\/#organization\",\"name\":\"\u041c\u0430\u0433\u0430\u0437\u0438\u043d Xstyle\",\"alternateName\":\"x-style\",\"url\":\"https:\/\/xstyle.md\/\",\"logo\":{\"@type\":\"ImageObject\",\"inLanguage\":\"ro-RO\",\"@id\":\"https:\/\/xstyle.md\/#\/schema\/logo\/image\/\",\"url\":\"https:\/\/xstyle.md\/wp-content\/uploads\/2020\/06\/logoicon.svg\",\"contentUrl\":\"https:\/\/xstyle.md\/wp-content\/uploads\/2020\/06\/logoicon.svg\",\"caption\":\"\u041c\u0430\u0433\u0430\u0437\u0438\u043d Xstyle\"},\"image\":{\"@id\":\"https:\/\/xstyle.md\/#\/schema\/logo\/image\/\"},\"sameAs\":[\"https:\/\/www.facebook.com\/xstylemd\",\"https:\/\/www.instagram.com\/xstyle_md\/\",\"https:\/\/t.me\/xstyle_outdoor\"],\"hasMerchantReturnPolicy\":{\"@type\":\"MerchantReturnPolicy\",\"merchantReturnLink\":\"https:\/\/xstyle.md\/ro\/conditions\/\"}}]}<\/script>\n<meta property=\"product:price:amount\" content=\"890.00\" \/>\n<meta property=\"product:price:currency\" content=\"MDL\" \/>\n<meta property=\"og:availability\" content=\"instock\" \/>\n<meta property=\"product:availability\" content=\"instock\" \/>\n<meta property=\"product:retailer_item_id\" content=\"8596253142328\" \/>\n<meta property=\"product:condition\" content=\"new\" \/>\n<!-- \/ Yoast SEO plugin. -->","yoast_head_json":{"title":"Geant\u0103 de \u0219a Acepac Saddle Dry Bag 16L grey - Magazin Xstyle","description":"Bagajul Acepac Saddle Dry Bag de 16L de culoare gri ofer\u0103 o protec\u021bie fiabil\u0103 a echipamentului dvs. \u00eempotriva umezelii. Ideal pentru utilizarea cu harnasamentul Acepac.","robots":{"index":"index","follow":"follow","max-snippet":"max-snippet:-1","max-image-preview":"max-image-preview:large","max-video-preview":"max-video-preview:-1"},"canonical":"https:\/\/xstyle.md\/ro\/produs\/velosumka-podsedelnaja-acepac-saddle-dry-bag-16l-grey\/","og_locale":"ro_RO","og_type":"article","og_title":"\u0412\u0435\u043b\u043e\u0441\u0443\u043c\u043a\u0430 \u043f\u043e\u0434\u0441\u0435\u0434\u0435\u043b\u044c\u043d\u0430\u044f Acepac Saddle Dry Bag 16L grey - \u041c\u0430\u0433\u0430\u0437\u0438\u043d Xstyle","og_description":"\u0412\u0435\u043b\u043e\u0441\u0443\u043c\u043a\u0430 Acepac Saddle Dry Bag 16L \u0441\u0435\u0440\u043e\u0433\u043e \u0446\u0432\u0435\u0442\u0430 \u043e\u0431\u0435\u0441\u043f\u0435\u0447\u0438\u0432\u0430\u0435\u0442 \u043d\u0430\u0434\u0435\u0436\u043d\u0443\u044e \u0437\u0430\u0449\u0438\u0442\u0443 \u0432\u0430\u0448\u0435\u0433\u043e \u043e\u0431\u043e\u0440\u0443\u0434\u043e\u0432\u0430\u043d\u0438\u044f \u043e\u0442 \u0432\u043b\u0430\u0433\u0438. \u0418\u0434\u0435\u0430\u043b\u044c\u043d\u043e \u043f\u043e\u0434\u0445\u043e\u0434\u0438\u0442 \u0434\u043b\u044f \u0438\u0441\u043f\u043e\u043b\u044c\u0437\u043e\u0432\u0430\u043d\u0438\u044f \u0441 \u0445\u043e\u043c\u0443\u0442\u043e\u043c Acepac.","og_url":"https:\/\/xstyle.md\/ro\/produs\/velosumka-podsedelnaja-acepac-saddle-dry-bag-16l-grey\/","og_site_name":"\u041c\u0430\u0433\u0430\u0437\u0438\u043d Xstyle","article_publisher":"https:\/\/www.facebook.com\/xstylemd","article_modified_time":"2026-03-19T13:45:49+00:00","og_image":[{"width":893,"height":892,"url":"https:\/\/xstyle.md\/wp-content\/uploads\/2021\/08\/acepac-saddle-dry-bag-16l-grey.jpg","type":"image\/jpeg"}],"twitter_card":"summary_large_image","twitter_misc":{"Pre\u021b":"890&nbsp;MDL","Disponibilitate":"\u00cen stoc"},"schema":{"@context":"https:\/\/schema.org","@graph":[{"@type":"WebPage","@id":"https:\/\/xstyle.md\/product\/velosumka-podsedelnaja-acepac-saddle-dry-bag-16l-grey\/","url":"https:\/\/xstyle.md\/product\/velosumka-podsedelnaja-acepac-saddle-dry-bag-16l-grey\/","name":"Geant\u0103 de \u0219a Acepac Saddle Dry Bag 16L grey - Magazin Xstyle","isPartOf":{"@id":"https:\/\/xstyle.md\/#website"},"primaryImageOfPage":{"@id":"https:\/\/xstyle.md\/product\/velosumka-podsedelnaja-acepac-saddle-dry-bag-16l-grey\/#primaryimage"},"image":{"@id":"https:\/\/xstyle.md\/product\/velosumka-podsedelnaja-acepac-saddle-dry-bag-16l-grey\/#primaryimage"},"thumbnailUrl":"https:\/\/xstyle.md\/wp-content\/uploads\/2021\/08\/acepac-saddle-dry-bag-16l-grey.jpg","datePublished":"2021-08-17T12:28:36+00:00","dateModified":"2026-03-19T13:45:49+00:00","description":"Bagajul Acepac Saddle Dry Bag de 16L de culoare gri ofer\u0103 o protec\u021bie fiabil\u0103 a echipamentului dvs. \u00eempotriva umezelii. Ideal pentru utilizarea cu harnasamentul Acepac.","breadcrumb":{"@id":"https:\/\/xstyle.md\/product\/velosumka-podsedelnaja-acepac-saddle-dry-bag-16l-grey\/#breadcrumb"},"inLanguage":"ro-RO","potentialAction":[{"@type":"ReadAction","target":["https:\/\/xstyle.md\/product\/velosumka-podsedelnaja-acepac-saddle-dry-bag-16l-grey\/"]}]},{"@type":"ImageObject","inLanguage":"ro-RO","@id":"https:\/\/xstyle.md\/product\/velosumka-podsedelnaja-acepac-saddle-dry-bag-16l-grey\/#primaryimage","url":"https:\/\/xstyle.md\/wp-content\/uploads\/2021\/08\/acepac-saddle-dry-bag-16l-grey.jpg","contentUrl":"https:\/\/xstyle.md\/wp-content\/uploads\/2021\/08\/acepac-saddle-dry-bag-16l-grey.jpg","width":893,"height":892,"caption":"\u0410\u043a\u0442\u0438\u0432\u043d\u0430\u044f \u0436\u0438\u0437\u043d\u044c \u0442\u043e\u0432\u0430\u0440\u044b \u0434\u043b\u044f \u0441\u043f\u043e\u0440\u0442\u0430 \u0438 \u043f\u0443\u0442\u0435\u0448\u0435\u0441\u0442\u0432\u0438\u0439 \u0432\u0435\u043b\u043e\u0441\u0438\u043f\u0435\u0434\u043d\u0430\u044f \u043f\u043e\u0434\u0441\u0435\u0434\u0435\u043b\u044c\u043d\u0430\u044f \u0441\u0443\u043c\u043a\u0430 Acepac Saddle Dry Bag 16L \u0441\u0435\u0440\u043e\u0433\u043e \u0446\u0432\u0435\u0442\u0430 \u0434\u043b\u044f \u043f\u043e\u0445\u043e\u0434\u043e\u0432 \u0438 \u0430\u043b\u044c\u043f\u0438\u043d\u0438\u0437\u043c\u0430 \u0432 \u0438\u043d\u0442\u0435\u0440\u043d\u0435\u0442 \u043c\u0430\u0433\u0430\u0437\u0438\u043d\u0435 \u044d\u043a\u0438\u043f\u0438\u0440\u043e\u0432\u043a\u0438"},{"@type":"BreadcrumbList","@id":"https:\/\/xstyle.md\/product\/velosumka-podsedelnaja-acepac-saddle-dry-bag-16l-grey\/#breadcrumb","itemListElement":[{"@type":"ListItem","position":1,"name":"\u0413\u043b\u0430\u0432\u043d\u0430\u044f \u0441\u0442\u0440\u0430\u043d\u0438\u0446\u0430","item":"https:\/\/xstyle.md\/"},{"@type":"ListItem","position":2,"name":"\u041c\u0430\u0433\u0430\u0437\u0438\u043d","item":"https:\/\/xstyle.md\/shop\/"},{"@type":"ListItem","position":3,"name":"\u0412\u0435\u043b\u043e\u0441\u0443\u043c\u043a\u0430 \u043f\u043e\u0434\u0441\u0435\u0434\u0435\u043b\u044c\u043d\u0430\u044f Acepac Saddle Dry Bag 16L grey"}]},{"@type":"WebSite","@id":"https:\/\/xstyle.md\/#website","url":"https:\/\/xstyle.md\/","name":"Magazinul X-Style","description":"Echipamente pentru turism \u0219i sporturi extreme \u00een Moldova. Pre\u021buri, fotografii, caracteristici \u00een Moldova.","publisher":{"@id":"https:\/\/xstyle.md\/#organization"},"alternateName":"X-Style","potentialAction":[{"@type":"SearchAction","target":{"@type":"EntryPoint","urlTemplate":"https:\/\/xstyle.md\/?s={search_term_string}"},"query-input":{"@type":"PropertyValueSpecification","valueRequired":true,"valueName":"search_term_string"}}],"inLanguage":"ro-RO"},{"@type":"Organization","@id":"https:\/\/xstyle.md\/#organization","name":"Magazinul X-Style","alternateName":"x-style","url":"https:\/\/xstyle.md\/","logo":{"@type":"ImageObject","inLanguage":"ro-RO","@id":"https:\/\/xstyle.md\/#\/schema\/logo\/image\/","url":"https:\/\/xstyle.md\/wp-content\/uploads\/2020\/06\/logoicon.svg","contentUrl":"https:\/\/xstyle.md\/wp-content\/uploads\/2020\/06\/logoicon.svg","caption":"\u041c\u0430\u0433\u0430\u0437\u0438\u043d Xstyle"},"image":{"@id":"https:\/\/xstyle.md\/#\/schema\/logo\/image\/"},"sameAs":["https:\/\/www.facebook.com\/xstylemd","https:\/\/www.instagram.com\/xstyle_md\/","https:\/\/t.me\/xstyle_outdoor"],"hasMerchantReturnPolicy":{"@type":"MerchantReturnPolicy","merchantReturnLink":"https:\/\/xstyle.md\/ro\/conditions\/"}}]},"product_price_amount":"890.00","product_price_currency":"MDL","og_availability":"instock","product_availability":"instock","product_retailer_item_id":"8596253142328","product_condition":"new"},"post_mailing_queue_ids":[],"_links":{"self":[{"href":"https:\/\/xstyle.md\/ro\/wp-json\/wp\/v2\/product\/38453","targetHints":{"allow":["GET"]}}],"collection":[{"href":"https:\/\/xstyle.md\/ro\/wp-json\/wp\/v2\/product"}],"about":[{"href":"https:\/\/xstyle.md\/ro\/wp-json\/wp\/v2\/types\/product"}],"replies":[{"embeddable":true,"href":"https:\/\/xstyle.md\/ro\/wp-json\/wp\/v2\/comments?post=38453"}],"wp:featuredmedia":[{"embeddable":true,"href":"https:\/\/xstyle.md\/ro\/wp-json\/wp\/v2\/media\/38493"}],"wp:attachment":[{"href":"https:\/\/xstyle.md\/ro\/wp-json\/wp\/v2\/media?parent=38453"}],"wp:term":[{"taxonomy":"product_brand","embeddable":true,"href":"https:\/\/xstyle.md\/ro\/wp-json\/wp\/v2\/product_brand?post=38453"},{"taxonomy":"product_cat","embeddable":true,"href":"https:\/\/xstyle.md\/ro\/wp-json\/wp\/v2\/product_cat?post=38453"},{"taxonomy":"product_tag","embeddable":true,"href":"https:\/\/xstyle.md\/ro\/wp-json\/wp\/v2\/product_tag?post=38453"}],"curies":[{"name":"wp","href":"https:\/\/api.w.org\/{rel}","templated":true}]}}