{"id":38449,"date":"2021-08-17T15:28:35","date_gmt":"2021-08-17T12:28:35","guid":{"rendered":"https:\/\/xstyle.md\/?post_type=product&#038;p=38449"},"modified":"2026-03-19T16:45:45","modified_gmt":"2026-03-19T13:45:45","slug":"velosumka-pod-fljagu-acepac-bike-bottle-bag-black","status":"publish","type":"product","link":"https:\/\/xstyle.md\/ro\/produs\/velosumka-pod-fljagu-acepac-bike-bottle-bag-black\/","title":{"rendered":"Geant\u0103 de biciclet\u0103 pentru flacon Acepac Bike Bottle Bag Black"},"content":{"rendered":"<p><\/p>\n<p><strong>Acepac Bike Bottle Bag<\/strong> &#8212; este accesoriul ideal pentru bicicli\u0219tii care apreciaz\u0103 practicalitatea \u0219i confortul. Aceast\u0103 geant\u0103 pentru biciclet\u0103, fabricat\u0103 dintr-o \u021bes\u0103tur\u0103 de nailon rezistent\u0103 \u0219i u\u0219oar\u0103, ofer\u0103 o solu\u021bie sigur\u0103 \u0219i stilat\u0103 pentru transportul bidonului de ap\u0103 sau al altor obiecte mici necesare.<\/p>\n<p>Fixarea gen\u021bii pe biciclet\u0103 se realizeaz\u0103 cu ajutorul benzilor velcro (arici) reglabile, ceea ce garanteaz\u0103 o prindere sigur\u0103 \u0219i previne alunecarea \u00een timpul c\u0103l\u0103toriei. Geanta este perfect\u0103 pentru un bidon de 650 ml cu g\u00e2t larg, dar designul s\u0103u universal permite utilizarea acesteia pentru gust\u0103ri, obiecte mici sau unelte.<\/p>\n<p>Geanta este dotat\u0103 cu buzunare \u0219i compartimente suplimentare care v\u0103 vor ajuta s\u0103 organiza\u021bi totul pentru o plimbare confortabil\u0103. Nailonul u\u0219or \u0219i durabil asigur\u0103 longevitatea \u0219i protejeaz\u0103 con\u021binutul de umiditate \u0219i murd\u0103rie. Designul elegant \u0219i func\u021bional o face o completare excelent\u0103 pentru bicicleta dumneavoastr\u0103, ad\u0103ug\u00e2nd confort \u0219i elegan\u021b\u0103 fiec\u0103rei ie\u0219iri.<\/p>\n<h3>Particularit\u0103\u021bi<\/h3>\n<ul>\n<li>Cus\u0103turi rezistente &#8212; realizate cu tehnica Bartack (zigzag) pentru durabilitate maxim\u0103<\/li>\n<li>\u00cenchidere sigur\u0103 &#8212; partea superioar\u0103 se str\u00e2nge cu un \u0219nur dotat cu opritor (fixator)<\/li>\n<li>Fixare reglabil\u0103 &#8212; band\u0103 velcro reglabil\u0103 pentru montarea pe ghidon<\/li>\n<li>Sistem de prindere &#8212; dispune de bucle (tip sistem Molle) dispuse pe lungimea produsului \u0219i pe fundul acestuia<\/li>\n<li>Buzunare suplimentare &#8212; jum\u0103tatea circumferin\u021bei este completat\u0103 de un buzunar cu elastic<\/li>\n<li>Poate fi utilizat\u0103 pentru gust\u0103ri sau alte obiecte mici<\/li>\n<\/ul>\n<h3>Caracteristici<\/h3>\n<ul>\n<li>Material &#8212; nailon cu \u00eenveli\u0219 PU (poliuretan), rezisten\u021b\u0103 la ap\u0103 de 1500 mm<\/li>\n<li>Dimensiuni &#8212; 10 cm x 14,5 \/ 19 cm<\/li>\n<li>Greutate &#8212; 55 g<\/li>\n<\/ul>\n<p><\/p>\n<h3>Marca<\/h3>\n<p>Acepac - este un brand ceh specializat \u00een produc\u021bia de echipamente de \u00eenalt\u0103 calitate pentru bikepacking \u0219i turism pe biciclet\u0103. Compania este cunoscut\u0103 pentru utilizarea materialelor durabile \u0219i ecologice (precum cele provenite din reciclarea sticlelor PET) \u0219i pentru designul func\u021bional inteligent, care permite bicicli\u0219tilor s\u0103 transporte bagajele confortabil chiar \u0219i \u00een cele mai dificile condi\u021bii.<\/p>","protected":false},"excerpt":{"rendered":"<p>\u0411\u0440\u0435\u043d\u0434 Acepac \u2014 \u044d\u0442\u043e \u0447\u0435\u0448\u0441\u043a\u0438\u0439 \u0431\u0440\u0435\u043d\u0434, \u0441\u043f\u0435\u0446\u0438\u0430\u043b\u0438\u0437\u0438\u0440\u0443\u044e\u0449\u0438\u0439\u0441\u044f \u043d\u0430 \u043f\u0440\u043e\u0438\u0437\u0432\u043e\u0434\u0441\u0442\u0432\u0435 \u0432\u044b\u0441\u043e\u043a\u043e\u043a\u0430\u0447\u0435\u0441\u0442\u0432\u0435\u043d\u043d\u043e\u0433\u043e \u0441\u043d\u0430\u0440\u044f\u0436\u0435\u043d\u0438\u044f \u0434\u043b\u044f \u0431\u0430\u0439\u043a\u043f\u0430\u043a\u0438\u043d\u0433\u0430 \u0438 \u0432\u0435\u043b\u043e\u0442\u0443\u0440\u0438\u0437\u043c\u0430. \u041a\u043e\u043c\u043f\u0430\u043d\u0438\u044f \u0438\u0437\u0432\u0435\u0441\u0442\u043d\u0430 \u0441\u0432\u043e\u0438\u043c \u0438\u0441\u043f\u043e\u043b\u044c\u0437\u043e\u0432\u0430\u043d\u0438\u0435\u043c \u043f\u0440\u043e\u0447\u043d\u044b\u0445, \u044d\u043a\u043e\u043b\u043e\u0433\u0438\u0447\u043d\u044b\u0445 \u043c\u0430\u0442\u0435\u0440\u0438\u0430\u043b\u043e\u0432 (\u043d\u0430\u043f\u0440\u0438\u043c\u0435\u0440, \u0438\u0437 \u043f\u0435\u0440\u0435\u0440\u0430\u0431\u043e\u0442\u0430\u043d\u043d\u044b\u0445 \u043f\u043b\u0430\u0441\u0442\u0438\u043a\u043e\u0432\u044b\u0445 \u0431\u0443\u0442\u044b\u043b\u043e\u043a) \u0438 \u043f\u0440\u043e\u0434\u0443\u043c\u0430\u043d\u043d\u044b\u043c \u0444\u0443\u043d\u043a\u0446\u0438\u043e\u043d\u0430\u043b\u044c\u043d\u044b\u043c \u0434\u0438\u0437\u0430\u0439\u043d\u043e\u043c, \u043a\u043e\u0442\u043e\u0440\u044b\u0439 \u043f\u043e\u0437\u0432\u043e\u043b\u044f\u0435\u0442 \u0432\u0435\u043b\u043e\u0441\u0438\u043f\u0435\u0434\u0438\u0441\u0442\u0430\u043c \u043a\u043e\u043c\u0444\u043e\u0440\u0442\u043d\u043e \u043f\u0435\u0440\u0435\u0432\u043e\u0437\u0438\u0442\u044c \u0432\u0435\u0449\u0438 \u0434\u0430\u0436\u0435 \u0432 \u0441\u0430\u043c\u044b\u0445 \u0441\u043b\u043e\u0436\u043d\u044b\u0445 \u0443\u0441\u043b\u043e\u0432\u0438\u044f\u0445.<\/p>","protected":false},"featured_media":86460,"comment_status":"open","ping_status":"closed","template":"","meta":{"_acf_changed":false,"inline_featured_image":false},"product_brand":[1437],"product_cat":[406,845],"product_tag":[],"class_list":{"0":"post-38449","1":"product","2":"type-product","3":"status-publish","4":"has-post-thumbnail","6":"product_brand-acepac","7":"product_cat-bike-accessories","8":"product_cat-backpacks-velo","10":"first","11":"outofstock","12":"shipping-taxable","13":"product-type-simple"},"acf":[],"yoast_head":"<!-- This site is optimized with the Yoast SEO plugin v27.4 - https:\/\/yoast.com\/product\/yoast-seo-wordpress\/ -->\n<title>\u0412\u0435\u043b\u043e\u0441\u0443\u043c\u043a\u0430 \u043f\u043e\u0434 \u0444\u043b\u044f\u0433\u0443 Acepac Bike Bottle Bag Black - \u041c\u0430\u0433\u0430\u0437\u0438\u043d Xstyle<\/title>\n<meta name=\"description\" content=\"\u041a\u0443\u043f\u0438\u0442\u0435 \u0432\u0435\u043b\u043e\u0441\u0443\u043c\u043a\u0443 Acepac \u043f\u043e\u0434 \u0444\u043b\u044f\u0433\u0443 Black! \u0418\u0434\u0435\u0430\u043b\u044c\u043d\u043e \u0434\u043b\u044f \u043f\u043e\u0435\u0437\u0434\u043e\u043a, \u0441 \u043d\u0430\u0434\u0435\u0436\u043d\u043e\u0439 \u0437\u0430\u0449\u0438\u0442\u043e\u0439, \u043a\u0430\u0447\u0435\u0441\u0442\u0432\u0435\u043d\u043d\u044b\u043c\u0438 \u043c\u0430\u0442\u0435\u0440\u0438\u0430\u043b\u0430\u043c\u0438 \u0438 \u0441\u0442\u0438\u043b\u044c\u043d\u044b\u043c \u0434\u0438\u0437\u0430\u0439\u043d\u043e\u043c. \u0417\u0430\u043a\u0430\u0436\u0438\u0442\u0435 \u0441\u0435\u0439\u0447\u0430\u0441!\" \/>\n<meta name=\"robots\" content=\"index, follow, max-snippet:-1, max-image-preview:large, max-video-preview:-1\" \/>\n<link rel=\"canonical\" href=\"https:\/\/xstyle.md\/ro\/produs\/velosumka-pod-fljagu-acepac-bike-bottle-bag-black\/\" \/>\n<meta property=\"og:locale\" content=\"ro_RO\" \/>\n<meta property=\"og:type\" content=\"article\" \/>\n<meta property=\"og:title\" content=\"\u0412\u0435\u043b\u043e\u0441\u0443\u043c\u043a\u0430 \u043f\u043e\u0434 \u0444\u043b\u044f\u0433\u0443 Acepac Bike Bottle Bag Black - \u041c\u0430\u0433\u0430\u0437\u0438\u043d Xstyle\" \/>\n<meta property=\"og:description\" content=\"\u041a\u0443\u043f\u0438\u0442\u0435 \u0432\u0435\u043b\u043e\u0441\u0443\u043c\u043a\u0443 Acepac \u043f\u043e\u0434 \u0444\u043b\u044f\u0433\u0443 Black! \u0418\u0434\u0435\u0430\u043b\u044c\u043d\u043e \u0434\u043b\u044f \u043f\u043e\u0435\u0437\u0434\u043e\u043a, \u0441 \u043d\u0430\u0434\u0435\u0436\u043d\u043e\u0439 \u0437\u0430\u0449\u0438\u0442\u043e\u0439, \u043a\u0430\u0447\u0435\u0441\u0442\u0432\u0435\u043d\u043d\u044b\u043c\u0438 \u043c\u0430\u0442\u0435\u0440\u0438\u0430\u043b\u0430\u043c\u0438 \u0438 \u0441\u0442\u0438\u043b\u044c\u043d\u044b\u043c \u0434\u0438\u0437\u0430\u0439\u043d\u043e\u043c. \u0417\u0430\u043a\u0430\u0436\u0438\u0442\u0435 \u0441\u0435\u0439\u0447\u0430\u0441!\" \/>\n<meta property=\"og:url\" content=\"https:\/\/xstyle.md\/ro\/produs\/velosumka-pod-fljagu-acepac-bike-bottle-bag-black\/\" \/>\n<meta property=\"og:site_name\" content=\"\u041c\u0430\u0433\u0430\u0437\u0438\u043d Xstyle\" \/>\n<meta property=\"article:publisher\" content=\"https:\/\/www.facebook.com\/xstylemd\" \/>\n<meta property=\"article:modified_time\" content=\"2026-03-19T13:45:45+00:00\" \/>\n<meta property=\"og:image\" content=\"https:\/\/xstyle.md\/wp-content\/uploads\/2021\/08\/acepac-bike-bottle-bag-black-0.jpg\" \/>\n\t<meta property=\"og:image:width\" content=\"1068\" \/>\n\t<meta property=\"og:image:height\" content=\"1077\" \/>\n\t<meta property=\"og:image:type\" content=\"image\/jpeg\" \/>\n<meta name=\"twitter:card\" content=\"summary_large_image\" \/>\n<meta name=\"twitter:label1\" content=\"Pre\u021b\" \/>\n\t<meta name=\"twitter:data1\" content=\"390&nbsp;MDL\" \/>\n\t<meta name=\"twitter:label2\" content=\"Disponibilitate\" \/>\n\t<meta name=\"twitter:data2\" content=\"Stoc epuizat\" \/>\n<script type=\"application\/ld+json\" class=\"yoast-schema-graph\">{\"@context\":\"https:\\\/\\\/schema.org\",\"@graph\":[{\"@type\":\"WebPage\",\"@id\":\"https:\\\/\\\/xstyle.md\\\/product\\\/velosumka-pod-fljagu-acepac-bike-bottle-bag-black\\\/\",\"url\":\"https:\\\/\\\/xstyle.md\\\/product\\\/velosumka-pod-fljagu-acepac-bike-bottle-bag-black\\\/\",\"name\":\"\u0412\u0435\u043b\u043e\u0441\u0443\u043c\u043a\u0430 \u043f\u043e\u0434 \u0444\u043b\u044f\u0433\u0443 Acepac Bike Bottle Bag Black - \u041c\u0430\u0433\u0430\u0437\u0438\u043d Xstyle\",\"isPartOf\":{\"@id\":\"https:\\\/\\\/xstyle.md\\\/#website\"},\"primaryImageOfPage\":{\"@id\":\"https:\\\/\\\/xstyle.md\\\/product\\\/velosumka-pod-fljagu-acepac-bike-bottle-bag-black\\\/#primaryimage\"},\"image\":{\"@id\":\"https:\\\/\\\/xstyle.md\\\/product\\\/velosumka-pod-fljagu-acepac-bike-bottle-bag-black\\\/#primaryimage\"},\"thumbnailUrl\":\"https:\\\/\\\/xstyle.md\\\/wp-content\\\/uploads\\\/2021\\\/08\\\/acepac-bike-bottle-bag-black-0.jpg\",\"datePublished\":\"2021-08-17T12:28:35+00:00\",\"dateModified\":\"2026-03-19T13:45:45+00:00\",\"description\":\"\u041a\u0443\u043f\u0438\u0442\u0435 \u0432\u0435\u043b\u043e\u0441\u0443\u043c\u043a\u0443 Acepac \u043f\u043e\u0434 \u0444\u043b\u044f\u0433\u0443 Black! \u0418\u0434\u0435\u0430\u043b\u044c\u043d\u043e \u0434\u043b\u044f \u043f\u043e\u0435\u0437\u0434\u043e\u043a, \u0441 \u043d\u0430\u0434\u0435\u0436\u043d\u043e\u0439 \u0437\u0430\u0449\u0438\u0442\u043e\u0439, \u043a\u0430\u0447\u0435\u0441\u0442\u0432\u0435\u043d\u043d\u044b\u043c\u0438 \u043c\u0430\u0442\u0435\u0440\u0438\u0430\u043b\u0430\u043c\u0438 \u0438 \u0441\u0442\u0438\u043b\u044c\u043d\u044b\u043c \u0434\u0438\u0437\u0430\u0439\u043d\u043e\u043c. \u0417\u0430\u043a\u0430\u0436\u0438\u0442\u0435 \u0441\u0435\u0439\u0447\u0430\u0441!\",\"breadcrumb\":{\"@id\":\"https:\\\/\\\/xstyle.md\\\/product\\\/velosumka-pod-fljagu-acepac-bike-bottle-bag-black\\\/#breadcrumb\"},\"inLanguage\":\"ro-RO\",\"potentialAction\":[{\"@type\":\"ReadAction\",\"target\":[\"https:\\\/\\\/xstyle.md\\\/product\\\/velosumka-pod-fljagu-acepac-bike-bottle-bag-black\\\/\"]}]},{\"@type\":\"ImageObject\",\"inLanguage\":\"ro-RO\",\"@id\":\"https:\\\/\\\/xstyle.md\\\/product\\\/velosumka-pod-fljagu-acepac-bike-bottle-bag-black\\\/#primaryimage\",\"url\":\"https:\\\/\\\/xstyle.md\\\/wp-content\\\/uploads\\\/2021\\\/08\\\/acepac-bike-bottle-bag-black-0.jpg\",\"contentUrl\":\"https:\\\/\\\/xstyle.md\\\/wp-content\\\/uploads\\\/2021\\\/08\\\/acepac-bike-bottle-bag-black-0.jpg\",\"width\":1068,\"height\":1077,\"caption\":\"\u0412\u0435\u043b\u043e\u0441\u0443\u043c\u043a\u0430 Acepac Bike Bottle Bag \u0447\u0435\u0440\u043d\u0430\u044f \u0434\u043b\u044f \u0430\u043a\u0442\u0438\u0432\u043d\u043e\u0433\u043e \u043e\u0442\u0434\u044b\u0445\u0430 \u043f\u0443\u0442\u0435\u0448\u0435\u0441\u0442\u0432\u0438\u0439 \u0438 \u0445\u0430\u0439\u043a\u0438\u043d\u0433\u0430, \u044d\u043a\u0438\u043f\u0438\u0440\u043e\u0432\u043a\u0430 \u0434\u043b\u044f \u0431\u0435\u0433\u0430, \u0442\u0440\u0435\u043d\u0438\u0440\u043e\u0432\u043a\u0438 \u0438 \u0430\u043b\u044c\u043f\u0438\u043d\u0438\u0437\u043c\u0430 \u0432 \u0438\u043d\u0442\u0435\u0440\u043d\u0435\u0442 \u043c\u0430\u0433\u0430\u0437\u0438\u043d\u0435 \u0441\u043f\u043e\u0440\u0442\u0438\u0432\u043d\u043e\u0439 \u043e\u0434\u0435\u0436\u0434\u044b \u0438 \u043e\u0431\u0443\u0432\u0438\"},{\"@type\":\"BreadcrumbList\",\"@id\":\"https:\\\/\\\/xstyle.md\\\/product\\\/velosumka-pod-fljagu-acepac-bike-bottle-bag-black\\\/#breadcrumb\",\"itemListElement\":[{\"@type\":\"ListItem\",\"position\":1,\"name\":\"\u0413\u043b\u0430\u0432\u043d\u0430\u044f \u0441\u0442\u0440\u0430\u043d\u0438\u0446\u0430\",\"item\":\"https:\\\/\\\/xstyle.md\\\/\"},{\"@type\":\"ListItem\",\"position\":2,\"name\":\"\u041c\u0430\u0433\u0430\u0437\u0438\u043d\",\"item\":\"https:\\\/\\\/xstyle.md\\\/shop\\\/\"},{\"@type\":\"ListItem\",\"position\":3,\"name\":\"\u0412\u0435\u043b\u043e\u0441\u0443\u043c\u043a\u0430 \u043f\u043e\u0434 \u0444\u043b\u044f\u0433\u0443 Acepac Bike Bottle Bag Black\"}]},{\"@type\":\"WebSite\",\"@id\":\"https:\\\/\\\/xstyle.md\\\/#website\",\"url\":\"https:\\\/\\\/xstyle.md\\\/\",\"name\":\"\u041c\u0430\u0433\u0430\u0437\u0438\u043d Xstyle\",\"description\":\"C\u043d\u0430\u0440\u044f\u0436\u0435\u043d\u0438\u0435 \u0434\u043b\u044f \u0442\u0443\u0440\u0438\u0437\u043c\u0430 \u0438 \u044d\u043a\u0441\u0442\u0440\u0435\u043c\u0430\u043b\u044c\u043d\u044b\u0445 \u0432\u0438\u0434\u043e\u0432 \u0441\u043f\u043e\u0440\u0442\u0430 \u0432 \u041c\u043e\u043b\u0434\u043e\u0432\u0435.. \u0426\u0435\u043d\u044b, \u0444\u043e\u0442\u043e, \u0445\u0430\u0440\u0430\u043a\u0442\u0435\u0440\u0438\u0441\u0442\u0438\u043a\u0438 \u0432 \u041c\u043e\u043b\u0434\u043e\u0432\u0435.\",\"publisher\":{\"@id\":\"https:\\\/\\\/xstyle.md\\\/#organization\"},\"alternateName\":\"X-Style\",\"potentialAction\":[{\"@type\":\"SearchAction\",\"target\":{\"@type\":\"EntryPoint\",\"urlTemplate\":\"https:\\\/\\\/xstyle.md\\\/?s={search_term_string}\"},\"query-input\":{\"@type\":\"PropertyValueSpecification\",\"valueRequired\":true,\"valueName\":\"search_term_string\"}}],\"inLanguage\":\"ro-RO\"},{\"@type\":\"Organization\",\"@id\":\"https:\\\/\\\/xstyle.md\\\/#organization\",\"name\":\"\u041c\u0430\u0433\u0430\u0437\u0438\u043d Xstyle\",\"alternateName\":\"x-style\",\"url\":\"https:\\\/\\\/xstyle.md\\\/\",\"logo\":{\"@type\":\"ImageObject\",\"inLanguage\":\"ro-RO\",\"@id\":\"https:\\\/\\\/xstyle.md\\\/#\\\/schema\\\/logo\\\/image\\\/\",\"url\":\"https:\\\/\\\/xstyle.md\\\/wp-content\\\/uploads\\\/2020\\\/06\\\/logoicon.svg\",\"contentUrl\":\"https:\\\/\\\/xstyle.md\\\/wp-content\\\/uploads\\\/2020\\\/06\\\/logoicon.svg\",\"caption\":\"\u041c\u0430\u0433\u0430\u0437\u0438\u043d Xstyle\"},\"image\":{\"@id\":\"https:\\\/\\\/xstyle.md\\\/#\\\/schema\\\/logo\\\/image\\\/\"},\"sameAs\":[\"https:\\\/\\\/www.facebook.com\\\/xstylemd\",\"https:\\\/\\\/www.instagram.com\\\/xstyle_md\\\/\",\"https:\\\/\\\/t.me\\\/xstyle_outdoor\"],\"hasMerchantReturnPolicy\":{\"@type\":\"MerchantReturnPolicy\",\"merchantReturnLink\":\"https:\\\/\\\/xstyle.md\\\/ro\\\/conditions\\\/\"}}]}<\/script>\n<meta property=\"product:price:amount\" content=\"390.00\" \/>\n<meta property=\"product:price:currency\" content=\"MDL\" \/>\n<meta property=\"og:availability\" content=\"out of stock\" \/>\n<meta property=\"product:availability\" content=\"out of stock\" \/>\n<meta property=\"product:retailer_item_id\" content=\"8596253131001\" \/>\n<meta property=\"product:condition\" content=\"new\" \/>\n<!-- \/ Yoast SEO plugin. -->","yoast_head_json":{"title":"\u0412\u0435\u043b\u043e\u0441\u0443\u043c\u043a\u0430 \u043f\u043e\u0434 \u0444\u043b\u044f\u0433\u0443 Acepac Bike Bottle Bag Black - \u041c\u0430\u0433\u0430\u0437\u0438\u043d Xstyle","description":"Cump\u0103ra\u021bi rucsacul Acepac pentru sticl\u0103 de ap\u0103 Black! Ideal pentru excursii, cu o protec\u021bie fiabil\u0103, materiale de calitate \u0219i un design elegant. Comanda\u021bi acum!","robots":{"index":"index","follow":"follow","max-snippet":"max-snippet:-1","max-image-preview":"max-image-preview:large","max-video-preview":"max-video-preview:-1"},"canonical":"https:\/\/xstyle.md\/ro\/produs\/velosumka-pod-fljagu-acepac-bike-bottle-bag-black\/","og_locale":"ro_RO","og_type":"article","og_title":"\u0412\u0435\u043b\u043e\u0441\u0443\u043c\u043a\u0430 \u043f\u043e\u0434 \u0444\u043b\u044f\u0433\u0443 Acepac Bike Bottle Bag Black - \u041c\u0430\u0433\u0430\u0437\u0438\u043d Xstyle","og_description":"\u041a\u0443\u043f\u0438\u0442\u0435 \u0432\u0435\u043b\u043e\u0441\u0443\u043c\u043a\u0443 Acepac \u043f\u043e\u0434 \u0444\u043b\u044f\u0433\u0443 Black! \u0418\u0434\u0435\u0430\u043b\u044c\u043d\u043e \u0434\u043b\u044f \u043f\u043e\u0435\u0437\u0434\u043e\u043a, \u0441 \u043d\u0430\u0434\u0435\u0436\u043d\u043e\u0439 \u0437\u0430\u0449\u0438\u0442\u043e\u0439, \u043a\u0430\u0447\u0435\u0441\u0442\u0432\u0435\u043d\u043d\u044b\u043c\u0438 \u043c\u0430\u0442\u0435\u0440\u0438\u0430\u043b\u0430\u043c\u0438 \u0438 \u0441\u0442\u0438\u043b\u044c\u043d\u044b\u043c \u0434\u0438\u0437\u0430\u0439\u043d\u043e\u043c. \u0417\u0430\u043a\u0430\u0436\u0438\u0442\u0435 \u0441\u0435\u0439\u0447\u0430\u0441!","og_url":"https:\/\/xstyle.md\/ro\/produs\/velosumka-pod-fljagu-acepac-bike-bottle-bag-black\/","og_site_name":"\u041c\u0430\u0433\u0430\u0437\u0438\u043d Xstyle","article_publisher":"https:\/\/www.facebook.com\/xstylemd","article_modified_time":"2026-03-19T13:45:45+00:00","og_image":[{"width":1068,"height":1077,"url":"https:\/\/xstyle.md\/wp-content\/uploads\/2021\/08\/acepac-bike-bottle-bag-black-0.jpg","type":"image\/jpeg"}],"twitter_card":"summary_large_image","twitter_misc":{"Pre\u021b":"390&nbsp;MDL","Disponibilitate":"Stoc epuizat"},"schema":{"@context":"https:\/\/schema.org","@graph":[{"@type":"WebPage","@id":"https:\/\/xstyle.md\/product\/velosumka-pod-fljagu-acepac-bike-bottle-bag-black\/","url":"https:\/\/xstyle.md\/product\/velosumka-pod-fljagu-acepac-bike-bottle-bag-black\/","name":"\u0412\u0435\u043b\u043e\u0441\u0443\u043c\u043a\u0430 \u043f\u043e\u0434 \u0444\u043b\u044f\u0433\u0443 Acepac Bike Bottle Bag Black - \u041c\u0430\u0433\u0430\u0437\u0438\u043d Xstyle","isPartOf":{"@id":"https:\/\/xstyle.md\/#website"},"primaryImageOfPage":{"@id":"https:\/\/xstyle.md\/product\/velosumka-pod-fljagu-acepac-bike-bottle-bag-black\/#primaryimage"},"image":{"@id":"https:\/\/xstyle.md\/product\/velosumka-pod-fljagu-acepac-bike-bottle-bag-black\/#primaryimage"},"thumbnailUrl":"https:\/\/xstyle.md\/wp-content\/uploads\/2021\/08\/acepac-bike-bottle-bag-black-0.jpg","datePublished":"2021-08-17T12:28:35+00:00","dateModified":"2026-03-19T13:45:45+00:00","description":"Cump\u0103ra\u021bi rucsacul Acepac pentru sticl\u0103 de ap\u0103 Black! Ideal pentru excursii, cu o protec\u021bie fiabil\u0103, materiale de calitate \u0219i un design elegant. Comanda\u021bi acum!","breadcrumb":{"@id":"https:\/\/xstyle.md\/product\/velosumka-pod-fljagu-acepac-bike-bottle-bag-black\/#breadcrumb"},"inLanguage":"ro-RO","potentialAction":[{"@type":"ReadAction","target":["https:\/\/xstyle.md\/product\/velosumka-pod-fljagu-acepac-bike-bottle-bag-black\/"]}]},{"@type":"ImageObject","inLanguage":"ro-RO","@id":"https:\/\/xstyle.md\/product\/velosumka-pod-fljagu-acepac-bike-bottle-bag-black\/#primaryimage","url":"https:\/\/xstyle.md\/wp-content\/uploads\/2021\/08\/acepac-bike-bottle-bag-black-0.jpg","contentUrl":"https:\/\/xstyle.md\/wp-content\/uploads\/2021\/08\/acepac-bike-bottle-bag-black-0.jpg","width":1068,"height":1077,"caption":"\u0412\u0435\u043b\u043e\u0441\u0443\u043c\u043a\u0430 Acepac Bike Bottle Bag \u0447\u0435\u0440\u043d\u0430\u044f \u0434\u043b\u044f \u0430\u043a\u0442\u0438\u0432\u043d\u043e\u0433\u043e \u043e\u0442\u0434\u044b\u0445\u0430 \u043f\u0443\u0442\u0435\u0448\u0435\u0441\u0442\u0432\u0438\u0439 \u0438 \u0445\u0430\u0439\u043a\u0438\u043d\u0433\u0430, \u044d\u043a\u0438\u043f\u0438\u0440\u043e\u0432\u043a\u0430 \u0434\u043b\u044f \u0431\u0435\u0433\u0430, \u0442\u0440\u0435\u043d\u0438\u0440\u043e\u0432\u043a\u0438 \u0438 \u0430\u043b\u044c\u043f\u0438\u043d\u0438\u0437\u043c\u0430 \u0432 \u0438\u043d\u0442\u0435\u0440\u043d\u0435\u0442 \u043c\u0430\u0433\u0430\u0437\u0438\u043d\u0435 \u0441\u043f\u043e\u0440\u0442\u0438\u0432\u043d\u043e\u0439 \u043e\u0434\u0435\u0436\u0434\u044b \u0438 \u043e\u0431\u0443\u0432\u0438"},{"@type":"BreadcrumbList","@id":"https:\/\/xstyle.md\/product\/velosumka-pod-fljagu-acepac-bike-bottle-bag-black\/#breadcrumb","itemListElement":[{"@type":"ListItem","position":1,"name":"\u0413\u043b\u0430\u0432\u043d\u0430\u044f \u0441\u0442\u0440\u0430\u043d\u0438\u0446\u0430","item":"https:\/\/xstyle.md\/"},{"@type":"ListItem","position":2,"name":"\u041c\u0430\u0433\u0430\u0437\u0438\u043d","item":"https:\/\/xstyle.md\/shop\/"},{"@type":"ListItem","position":3,"name":"\u0412\u0435\u043b\u043e\u0441\u0443\u043c\u043a\u0430 \u043f\u043e\u0434 \u0444\u043b\u044f\u0433\u0443 Acepac Bike Bottle Bag Black"}]},{"@type":"WebSite","@id":"https:\/\/xstyle.md\/#website","url":"https:\/\/xstyle.md\/","name":"Magazinul X-Style","description":"Echipamente pentru turism \u0219i sporturi extreme \u00een Moldova. Pre\u021buri, fotografii, caracteristici \u00een Moldova.","publisher":{"@id":"https:\/\/xstyle.md\/#organization"},"alternateName":"X-Style","potentialAction":[{"@type":"SearchAction","target":{"@type":"EntryPoint","urlTemplate":"https:\/\/xstyle.md\/?s={search_term_string}"},"query-input":{"@type":"PropertyValueSpecification","valueRequired":true,"valueName":"search_term_string"}}],"inLanguage":"ro-RO"},{"@type":"Organization","@id":"https:\/\/xstyle.md\/#organization","name":"Magazinul X-Style","alternateName":"x-style","url":"https:\/\/xstyle.md\/","logo":{"@type":"ImageObject","inLanguage":"ro-RO","@id":"https:\/\/xstyle.md\/#\/schema\/logo\/image\/","url":"https:\/\/xstyle.md\/wp-content\/uploads\/2020\/06\/logoicon.svg","contentUrl":"https:\/\/xstyle.md\/wp-content\/uploads\/2020\/06\/logoicon.svg","caption":"\u041c\u0430\u0433\u0430\u0437\u0438\u043d Xstyle"},"image":{"@id":"https:\/\/xstyle.md\/#\/schema\/logo\/image\/"},"sameAs":["https:\/\/www.facebook.com\/xstylemd","https:\/\/www.instagram.com\/xstyle_md\/","https:\/\/t.me\/xstyle_outdoor"],"hasMerchantReturnPolicy":{"@type":"MerchantReturnPolicy","merchantReturnLink":"https:\/\/xstyle.md\/ro\/conditions\/"}}]},"product_price_amount":"390.00","product_price_currency":"MDL","og_availability":"out of stock","product_availability":"out of stock","product_retailer_item_id":"8596253131001","product_condition":"new"},"_links":{"self":[{"href":"https:\/\/xstyle.md\/ro\/wp-json\/wp\/v2\/product\/38449","targetHints":{"allow":["GET"]}}],"collection":[{"href":"https:\/\/xstyle.md\/ro\/wp-json\/wp\/v2\/product"}],"about":[{"href":"https:\/\/xstyle.md\/ro\/wp-json\/wp\/v2\/types\/product"}],"replies":[{"embeddable":true,"href":"https:\/\/xstyle.md\/ro\/wp-json\/wp\/v2\/comments?post=38449"}],"wp:featuredmedia":[{"embeddable":true,"href":"https:\/\/xstyle.md\/ro\/wp-json\/wp\/v2\/media\/86460"}],"wp:attachment":[{"href":"https:\/\/xstyle.md\/ro\/wp-json\/wp\/v2\/media?parent=38449"}],"wp:term":[{"taxonomy":"product_brand","embeddable":true,"href":"https:\/\/xstyle.md\/ro\/wp-json\/wp\/v2\/product_brand?post=38449"},{"taxonomy":"product_cat","embeddable":true,"href":"https:\/\/xstyle.md\/ro\/wp-json\/wp\/v2\/product_cat?post=38449"},{"taxonomy":"product_tag","embeddable":true,"href":"https:\/\/xstyle.md\/ro\/wp-json\/wp\/v2\/product_tag?post=38449"}],"curies":[{"name":"wp","href":"https:\/\/api.w.org\/{rel}","templated":true}]}}