{"id":38446,"date":"2021-08-17T15:28:34","date_gmt":"2021-08-17T12:28:34","guid":{"rendered":"https:\/\/xstyle.md\/?post_type=product&#038;p=38446"},"modified":"2026-03-19T16:45:42","modified_gmt":"2026-03-19T13:45:42","slug":"velosumka-na-rul-acepac-bar-dry-bag-16l-grey","status":"publish","type":"product","link":"https:\/\/xstyle.md\/ro\/produs\/velosumka-na-rul-acepac-bar-dry-bag-16l-grey\/","title":{"rendered":"Geant\u0103 pentru ghidon Acepac Bar Dry Bag 16L Grey"},"content":{"rendered":"<\/p>\n<p><strong>Geant\u0103 pentru ghidon Acepac Bar Dry Bag 16L<\/strong>\u00a0&#8212; conceput pentru a fi utilizat cu hamul Bar Harness, dar poate fi folosit \u0219i separat ca o geant\u0103 impermeabil\u0103 pentru echipament.<\/p>\n<p>O geant\u0103 de \u00eencheietur\u0103 cu drepturi depline, cu intrare prin r\u0103sucire. Poate fi asociat cu geanta de \u00eencheietur\u0103 Acepac Bar Roll, dar are \u0219i un accesoriu propriu care \u00eel fixeaz\u0103 destul de ferm pe ghidon.<\/p>\n<p>\u00cen interior, exist\u0103 un grilaj de fixare cu Velcro, la fel ca \u00een gen\u021bi, pentru a v\u0103 p\u0103stra echipamentul \u0219i documentele uscate. Geanta de ghidon poate fi folosit\u0103 separat pentru plimb\u0103rile zilnice, pentru brevets \u0219i drume\u021bii de weekend.<\/p>\n<h3>Particularit\u0103\u021bi<\/h3>\n<ul>\n<li>Bucle multiple de-a lungul \u00eentregii gen\u021bi \u0219i un c\u00e2rlig de plastic conceput pentru o fixare u\u0219oar\u0103 \u0219i sigur\u0103 la hamul de bar\u0103<\/li>\n<li>Fabricat din nailon (acoperit cu poliuretan), o \u021bes\u0103tur\u0103 durabil\u0103 \u0219i u\u0219oar\u0103, cu cus\u0103turi lipite cu band\u0103 adeziv\u0103<\/li>\n<li>Pentru o durabilitate maxim\u0103, cus\u0103turile sunt realizate cu cus\u0103turi din poliester Bartack (\u00een zigzag)<\/li>\n<li>Poate fi ata\u0219at la curelele de compresie laterale ale rucsacului pentru un transport u\u0219or pe teren accidentat.<\/li>\n<li>Curelele sunt, de asemenea, realizate din nailon \u0219i acoperite cu poliuretan.<\/li>\n<li>Harna\u0219amentul de bar\u0103 nu este inclus.<\/li>\n<\/ul>\n<h3>Caracteristici<\/h3>\n<ul>\n<li>Material &#8212; nailon<\/li>\n<li>Volum &#8212; 16 litri<\/li>\n<li>Dimensiuni &#8212; 18,5 x 60 cm<\/li>\n<li>Greutate &#8212; 255 g<\/li>\n<\/ul>\n<p><\/p>","protected":false},"excerpt":{"rendered":"","protected":false},"featured_media":38478,"comment_status":"open","ping_status":"closed","template":"","meta":{"_acf_changed":false,"inline_featured_image":false},"product_brand":[1437],"product_cat":[845],"product_tag":[],"class_list":{"0":"post-38446","1":"product","2":"type-product","3":"status-publish","4":"has-post-thumbnail","6":"product_brand-acepac","7":"product_cat-backpacks-velo","9":"first","10":"instock","11":"shipping-taxable","12":"purchasable","13":"product-type-simple"},"acf":[],"yoast_head":"<!-- This site is optimized with the Yoast SEO plugin v27.2 - https:\/\/yoast.com\/product\/yoast-seo-wordpress\/ -->\n<title>\u0412\u0435\u043b\u043e\u0441\u0443\u043c\u043a\u0430 \u043d\u0430 \u0440\u0443\u043b\u044c Acepac Bar Dry Bag 16L Grey - \u041c\u0430\u0433\u0430\u0437\u0438\u043d Xstyle<\/title>\n<meta name=\"description\" content=\"\u041e\u0442\u043a\u0440\u043e\u0439\u0442\u0435 \u0434\u043b\u044f \u0441\u0435\u0431\u044f \u0432\u0435\u043b\u043e\u0441\u0443\u043c\u043a\u0443 \u043d\u0430 \u0440\u0443\u043b\u044c Acepac Bar Dry Bag 16L \u0441\u0435\u0440\u043e\u0433\u043e \u0446\u0432\u0435\u0442\u0430. \u0412\u043e\u0434\u043e\u043d\u0435\u043f\u0440\u043e\u043d\u0438\u0446\u0430\u0435\u043c\u0430\u044f, \u043b\u0435\u0433\u043a\u0430\u044f \u0438 \u0443\u0434\u043e\u0431\u043d\u0430\u044f \u2013 \u0438\u0434\u0435\u0430\u043b\u044c\u043d\u0430 \u0434\u043b\u044f \u0430\u043a\u0442\u0438\u0432\u043d\u044b\u0445 \u043f\u0443\u0442\u0435\u0448\u0435\u0441\u0442\u0432\u0438\u0439!\" \/>\n<meta name=\"robots\" content=\"index, follow, max-snippet:-1, max-image-preview:large, max-video-preview:-1\" \/>\n<link rel=\"canonical\" href=\"https:\/\/xstyle.md\/ro\/produs\/velosumka-na-rul-acepac-bar-dry-bag-16l-grey\/\" \/>\n<meta property=\"og:locale\" content=\"ro_RO\" \/>\n<meta property=\"og:type\" content=\"article\" \/>\n<meta property=\"og:title\" content=\"\u0412\u0435\u043b\u043e\u0441\u0443\u043c\u043a\u0430 \u043d\u0430 \u0440\u0443\u043b\u044c Acepac Bar Dry Bag 16L Grey - \u041c\u0430\u0433\u0430\u0437\u0438\u043d Xstyle\" \/>\n<meta property=\"og:description\" content=\"\u041e\u0442\u043a\u0440\u043e\u0439\u0442\u0435 \u0434\u043b\u044f \u0441\u0435\u0431\u044f \u0432\u0435\u043b\u043e\u0441\u0443\u043c\u043a\u0443 \u043d\u0430 \u0440\u0443\u043b\u044c Acepac Bar Dry Bag 16L \u0441\u0435\u0440\u043e\u0433\u043e \u0446\u0432\u0435\u0442\u0430. \u0412\u043e\u0434\u043e\u043d\u0435\u043f\u0440\u043e\u043d\u0438\u0446\u0430\u0435\u043c\u0430\u044f, \u043b\u0435\u0433\u043a\u0430\u044f \u0438 \u0443\u0434\u043e\u0431\u043d\u0430\u044f \u2013 \u0438\u0434\u0435\u0430\u043b\u044c\u043d\u0430 \u0434\u043b\u044f \u0430\u043a\u0442\u0438\u0432\u043d\u044b\u0445 \u043f\u0443\u0442\u0435\u0448\u0435\u0441\u0442\u0432\u0438\u0439!\" \/>\n<meta property=\"og:url\" content=\"https:\/\/xstyle.md\/ro\/produs\/velosumka-na-rul-acepac-bar-dry-bag-16l-grey\/\" \/>\n<meta property=\"og:site_name\" content=\"\u041c\u0430\u0433\u0430\u0437\u0438\u043d Xstyle\" \/>\n<meta property=\"article:publisher\" content=\"https:\/\/www.facebook.com\/xstylemd\" \/>\n<meta property=\"article:modified_time\" content=\"2026-03-19T13:45:42+00:00\" \/>\n<meta property=\"og:image\" content=\"https:\/\/xstyle.md\/wp-content\/uploads\/2021\/08\/acepac-bar-dry-bag-16l-grey-2.jpg\" \/>\n\t<meta property=\"og:image:width\" content=\"1024\" \/>\n\t<meta property=\"og:image:height\" content=\"768\" \/>\n\t<meta property=\"og:image:type\" content=\"image\/jpeg\" \/>\n<meta name=\"twitter:card\" content=\"summary_large_image\" \/>\n<meta name=\"twitter:label1\" content=\"Pre\u021b\" \/>\n\t<meta name=\"twitter:data1\" content=\"790&nbsp;MDL\" \/>\n\t<meta name=\"twitter:label2\" content=\"Disponibilitate\" \/>\n\t<meta name=\"twitter:data2\" content=\"\u00cen stoc\" \/>\n<script type=\"application\/ld+json\" class=\"yoast-schema-graph\">{\"@context\":\"https:\/\/schema.org\",\"@graph\":[{\"@type\":\"WebPage\",\"@id\":\"https:\/\/xstyle.md\/product\/velosumka-na-rul-acepac-bar-dry-bag-16l-grey\/\",\"url\":\"https:\/\/xstyle.md\/product\/velosumka-na-rul-acepac-bar-dry-bag-16l-grey\/\",\"name\":\"\u0412\u0435\u043b\u043e\u0441\u0443\u043c\u043a\u0430 \u043d\u0430 \u0440\u0443\u043b\u044c Acepac Bar Dry Bag 16L Grey - \u041c\u0430\u0433\u0430\u0437\u0438\u043d Xstyle\",\"isPartOf\":{\"@id\":\"https:\/\/xstyle.md\/#website\"},\"primaryImageOfPage\":{\"@id\":\"https:\/\/xstyle.md\/product\/velosumka-na-rul-acepac-bar-dry-bag-16l-grey\/#primaryimage\"},\"image\":{\"@id\":\"https:\/\/xstyle.md\/product\/velosumka-na-rul-acepac-bar-dry-bag-16l-grey\/#primaryimage\"},\"thumbnailUrl\":\"https:\/\/xstyle.md\/wp-content\/uploads\/2021\/08\/acepac-bar-dry-bag-16l-grey-2.jpg\",\"datePublished\":\"2021-08-17T12:28:34+00:00\",\"dateModified\":\"2026-03-19T13:45:42+00:00\",\"description\":\"\u041e\u0442\u043a\u0440\u043e\u0439\u0442\u0435 \u0434\u043b\u044f \u0441\u0435\u0431\u044f \u0432\u0435\u043b\u043e\u0441\u0443\u043c\u043a\u0443 \u043d\u0430 \u0440\u0443\u043b\u044c Acepac Bar Dry Bag 16L \u0441\u0435\u0440\u043e\u0433\u043e \u0446\u0432\u0435\u0442\u0430. \u0412\u043e\u0434\u043e\u043d\u0435\u043f\u0440\u043e\u043d\u0438\u0446\u0430\u0435\u043c\u0430\u044f, \u043b\u0435\u0433\u043a\u0430\u044f \u0438 \u0443\u0434\u043e\u0431\u043d\u0430\u044f \u2013 \u0438\u0434\u0435\u0430\u043b\u044c\u043d\u0430 \u0434\u043b\u044f \u0430\u043a\u0442\u0438\u0432\u043d\u044b\u0445 \u043f\u0443\u0442\u0435\u0448\u0435\u0441\u0442\u0432\u0438\u0439!\",\"breadcrumb\":{\"@id\":\"https:\/\/xstyle.md\/product\/velosumka-na-rul-acepac-bar-dry-bag-16l-grey\/#breadcrumb\"},\"inLanguage\":\"ro-RO\",\"potentialAction\":[{\"@type\":\"ReadAction\",\"target\":[\"https:\/\/xstyle.md\/product\/velosumka-na-rul-acepac-bar-dry-bag-16l-grey\/\"]}]},{\"@type\":\"ImageObject\",\"inLanguage\":\"ro-RO\",\"@id\":\"https:\/\/xstyle.md\/product\/velosumka-na-rul-acepac-bar-dry-bag-16l-grey\/#primaryimage\",\"url\":\"https:\/\/xstyle.md\/wp-content\/uploads\/2021\/08\/acepac-bar-dry-bag-16l-grey-2.jpg\",\"contentUrl\":\"https:\/\/xstyle.md\/wp-content\/uploads\/2021\/08\/acepac-bar-dry-bag-16l-grey-2.jpg\",\"width\":1024,\"height\":768,\"caption\":\"\u0410\u043a\u0442\u0438\u0432\u043d\u0430\u044f \u0436\u0438\u0437\u043d\u044c \u0432\u0435\u043b\u043e\u0441\u0438\u043f\u0435\u0434\u044b \u0438 \u043f\u043e\u0445\u043e\u0434\u044b \u0432\u0435\u043b\u043e\u0441\u0443\u043c\u043a\u0430 \u043d\u0430 \u0440\u0443\u043b\u044c Acepac Bar Dry Bag 16L \u0434\u043b\u044f \u043f\u0443\u0442\u0435\u0448\u0435\u0441\u0442\u0432\u0438\u0439 \u0438 outdoor \u043a\u043e\u043b\u043b\u0435\u043a\u0446\u0438\u0438 \u0441\u043f\u043e\u0440\u0442\u0438\u0432\u043d\u0430\u044f \u043e\u0434\u0435\u0436\u0434\u0430 \u0438 \u043e\u0431\u0443\u0432\u044c \u0434\u043b\u044f \u0430\u043a\u0442\u0438\u0432\u043d\u043e\u0433\u043e \u043e\u0442\u0434\u044b\u0445\u0430\"},{\"@type\":\"BreadcrumbList\",\"@id\":\"https:\/\/xstyle.md\/product\/velosumka-na-rul-acepac-bar-dry-bag-16l-grey\/#breadcrumb\",\"itemListElement\":[{\"@type\":\"ListItem\",\"position\":1,\"name\":\"\u0413\u043b\u0430\u0432\u043d\u0430\u044f \u0441\u0442\u0440\u0430\u043d\u0438\u0446\u0430\",\"item\":\"https:\/\/xstyle.md\/\"},{\"@type\":\"ListItem\",\"position\":2,\"name\":\"\u041c\u0430\u0433\u0430\u0437\u0438\u043d\",\"item\":\"https:\/\/xstyle.md\/shop\/\"},{\"@type\":\"ListItem\",\"position\":3,\"name\":\"\u0412\u0435\u043b\u043e\u0441\u0443\u043c\u043a\u0430 \u043d\u0430 \u0440\u0443\u043b\u044c Acepac Bar Dry Bag 16L Grey\"}]},{\"@type\":\"WebSite\",\"@id\":\"https:\/\/xstyle.md\/#website\",\"url\":\"https:\/\/xstyle.md\/\",\"name\":\"\u041c\u0430\u0433\u0430\u0437\u0438\u043d Xstyle\",\"description\":\"C\u043d\u0430\u0440\u044f\u0436\u0435\u043d\u0438\u0435 \u0434\u043b\u044f \u0442\u0443\u0440\u0438\u0437\u043c\u0430 \u0438 \u044d\u043a\u0441\u0442\u0440\u0435\u043c\u0430\u043b\u044c\u043d\u044b\u0445 \u0432\u0438\u0434\u043e\u0432 \u0441\u043f\u043e\u0440\u0442\u0430 \u0432 \u041c\u043e\u043b\u0434\u043e\u0432\u0435.. \u0426\u0435\u043d\u044b, \u0444\u043e\u0442\u043e, \u0445\u0430\u0440\u0430\u043a\u0442\u0435\u0440\u0438\u0441\u0442\u0438\u043a\u0438 \u0432 \u041c\u043e\u043b\u0434\u043e\u0432\u0435.\",\"publisher\":{\"@id\":\"https:\/\/xstyle.md\/#organization\"},\"alternateName\":\"X-Style\",\"potentialAction\":[{\"@type\":\"SearchAction\",\"target\":{\"@type\":\"EntryPoint\",\"urlTemplate\":\"https:\/\/xstyle.md\/?s={search_term_string}\"},\"query-input\":{\"@type\":\"PropertyValueSpecification\",\"valueRequired\":true,\"valueName\":\"search_term_string\"}}],\"inLanguage\":\"ro-RO\"},{\"@type\":\"Organization\",\"@id\":\"https:\/\/xstyle.md\/#organization\",\"name\":\"\u041c\u0430\u0433\u0430\u0437\u0438\u043d Xstyle\",\"alternateName\":\"x-style\",\"url\":\"https:\/\/xstyle.md\/\",\"logo\":{\"@type\":\"ImageObject\",\"inLanguage\":\"ro-RO\",\"@id\":\"https:\/\/xstyle.md\/#\/schema\/logo\/image\/\",\"url\":\"https:\/\/xstyle.md\/wp-content\/uploads\/2020\/06\/logoicon.svg\",\"contentUrl\":\"https:\/\/xstyle.md\/wp-content\/uploads\/2020\/06\/logoicon.svg\",\"caption\":\"\u041c\u0430\u0433\u0430\u0437\u0438\u043d Xstyle\"},\"image\":{\"@id\":\"https:\/\/xstyle.md\/#\/schema\/logo\/image\/\"},\"sameAs\":[\"https:\/\/www.facebook.com\/xstylemd\",\"https:\/\/www.instagram.com\/xstyle_md\/\",\"https:\/\/t.me\/xstyle_outdoor\"],\"hasMerchantReturnPolicy\":{\"@type\":\"MerchantReturnPolicy\",\"merchantReturnLink\":\"https:\/\/xstyle.md\/ro\/conditions\/\"}}]}<\/script>\n<meta property=\"product:price:amount\" content=\"790.00\" \/>\n<meta property=\"product:price:currency\" content=\"MDL\" \/>\n<meta property=\"og:availability\" content=\"instock\" \/>\n<meta property=\"product:availability\" content=\"instock\" \/>\n<meta property=\"product:retailer_item_id\" content=\"8596253138321\" \/>\n<meta property=\"product:condition\" content=\"new\" \/>\n<!-- \/ Yoast SEO plugin. -->","yoast_head_json":{"title":"Geant\u0103 pentru ghidon Acepac Bar Dry Bag 16L Grey - Magazin Xstyle","description":"Descoperi\u021bi geanta pentru ghidon Acepac Bar Dry Bag 16L de culoare gri. Impermeabil\u0103, u\u0219oar\u0103 \u0219i convenabil\u0103 \u2013 ideal\u0103 pentru c\u0103l\u0103torii active!","robots":{"index":"index","follow":"follow","max-snippet":"max-snippet:-1","max-image-preview":"max-image-preview:large","max-video-preview":"max-video-preview:-1"},"canonical":"https:\/\/xstyle.md\/ro\/produs\/velosumka-na-rul-acepac-bar-dry-bag-16l-grey\/","og_locale":"ro_RO","og_type":"article","og_title":"\u0412\u0435\u043b\u043e\u0441\u0443\u043c\u043a\u0430 \u043d\u0430 \u0440\u0443\u043b\u044c Acepac Bar Dry Bag 16L Grey - \u041c\u0430\u0433\u0430\u0437\u0438\u043d Xstyle","og_description":"\u041e\u0442\u043a\u0440\u043e\u0439\u0442\u0435 \u0434\u043b\u044f \u0441\u0435\u0431\u044f \u0432\u0435\u043b\u043e\u0441\u0443\u043c\u043a\u0443 \u043d\u0430 \u0440\u0443\u043b\u044c Acepac Bar Dry Bag 16L \u0441\u0435\u0440\u043e\u0433\u043e \u0446\u0432\u0435\u0442\u0430. \u0412\u043e\u0434\u043e\u043d\u0435\u043f\u0440\u043e\u043d\u0438\u0446\u0430\u0435\u043c\u0430\u044f, \u043b\u0435\u0433\u043a\u0430\u044f \u0438 \u0443\u0434\u043e\u0431\u043d\u0430\u044f \u2013 \u0438\u0434\u0435\u0430\u043b\u044c\u043d\u0430 \u0434\u043b\u044f \u0430\u043a\u0442\u0438\u0432\u043d\u044b\u0445 \u043f\u0443\u0442\u0435\u0448\u0435\u0441\u0442\u0432\u0438\u0439!","og_url":"https:\/\/xstyle.md\/ro\/produs\/velosumka-na-rul-acepac-bar-dry-bag-16l-grey\/","og_site_name":"\u041c\u0430\u0433\u0430\u0437\u0438\u043d Xstyle","article_publisher":"https:\/\/www.facebook.com\/xstylemd","article_modified_time":"2026-03-19T13:45:42+00:00","og_image":[{"width":1024,"height":768,"url":"https:\/\/xstyle.md\/wp-content\/uploads\/2021\/08\/acepac-bar-dry-bag-16l-grey-2.jpg","type":"image\/jpeg"}],"twitter_card":"summary_large_image","twitter_misc":{"Pre\u021b":"790&nbsp;MDL","Disponibilitate":"\u00cen stoc"},"schema":{"@context":"https:\/\/schema.org","@graph":[{"@type":"WebPage","@id":"https:\/\/xstyle.md\/product\/velosumka-na-rul-acepac-bar-dry-bag-16l-grey\/","url":"https:\/\/xstyle.md\/product\/velosumka-na-rul-acepac-bar-dry-bag-16l-grey\/","name":"Geant\u0103 pentru ghidon Acepac Bar Dry Bag 16L Grey - Magazin Xstyle","isPartOf":{"@id":"https:\/\/xstyle.md\/#website"},"primaryImageOfPage":{"@id":"https:\/\/xstyle.md\/product\/velosumka-na-rul-acepac-bar-dry-bag-16l-grey\/#primaryimage"},"image":{"@id":"https:\/\/xstyle.md\/product\/velosumka-na-rul-acepac-bar-dry-bag-16l-grey\/#primaryimage"},"thumbnailUrl":"https:\/\/xstyle.md\/wp-content\/uploads\/2021\/08\/acepac-bar-dry-bag-16l-grey-2.jpg","datePublished":"2021-08-17T12:28:34+00:00","dateModified":"2026-03-19T13:45:42+00:00","description":"Descoperi\u021bi geanta pentru ghidon Acepac Bar Dry Bag 16L de culoare gri. Impermeabil\u0103, u\u0219oar\u0103 \u0219i convenabil\u0103 \u2013 ideal\u0103 pentru c\u0103l\u0103torii active!","breadcrumb":{"@id":"https:\/\/xstyle.md\/product\/velosumka-na-rul-acepac-bar-dry-bag-16l-grey\/#breadcrumb"},"inLanguage":"ro-RO","potentialAction":[{"@type":"ReadAction","target":["https:\/\/xstyle.md\/product\/velosumka-na-rul-acepac-bar-dry-bag-16l-grey\/"]}]},{"@type":"ImageObject","inLanguage":"ro-RO","@id":"https:\/\/xstyle.md\/product\/velosumka-na-rul-acepac-bar-dry-bag-16l-grey\/#primaryimage","url":"https:\/\/xstyle.md\/wp-content\/uploads\/2021\/08\/acepac-bar-dry-bag-16l-grey-2.jpg","contentUrl":"https:\/\/xstyle.md\/wp-content\/uploads\/2021\/08\/acepac-bar-dry-bag-16l-grey-2.jpg","width":1024,"height":768,"caption":"\u0410\u043a\u0442\u0438\u0432\u043d\u0430\u044f \u0436\u0438\u0437\u043d\u044c \u0432\u0435\u043b\u043e\u0441\u0438\u043f\u0435\u0434\u044b \u0438 \u043f\u043e\u0445\u043e\u0434\u044b \u0432\u0435\u043b\u043e\u0441\u0443\u043c\u043a\u0430 \u043d\u0430 \u0440\u0443\u043b\u044c Acepac Bar Dry Bag 16L \u0434\u043b\u044f \u043f\u0443\u0442\u0435\u0448\u0435\u0441\u0442\u0432\u0438\u0439 \u0438 outdoor \u043a\u043e\u043b\u043b\u0435\u043a\u0446\u0438\u0438 \u0441\u043f\u043e\u0440\u0442\u0438\u0432\u043d\u0430\u044f \u043e\u0434\u0435\u0436\u0434\u0430 \u0438 \u043e\u0431\u0443\u0432\u044c \u0434\u043b\u044f \u0430\u043a\u0442\u0438\u0432\u043d\u043e\u0433\u043e \u043e\u0442\u0434\u044b\u0445\u0430"},{"@type":"BreadcrumbList","@id":"https:\/\/xstyle.md\/product\/velosumka-na-rul-acepac-bar-dry-bag-16l-grey\/#breadcrumb","itemListElement":[{"@type":"ListItem","position":1,"name":"\u0413\u043b\u0430\u0432\u043d\u0430\u044f \u0441\u0442\u0440\u0430\u043d\u0438\u0446\u0430","item":"https:\/\/xstyle.md\/"},{"@type":"ListItem","position":2,"name":"\u041c\u0430\u0433\u0430\u0437\u0438\u043d","item":"https:\/\/xstyle.md\/shop\/"},{"@type":"ListItem","position":3,"name":"\u0412\u0435\u043b\u043e\u0441\u0443\u043c\u043a\u0430 \u043d\u0430 \u0440\u0443\u043b\u044c Acepac Bar Dry Bag 16L Grey"}]},{"@type":"WebSite","@id":"https:\/\/xstyle.md\/#website","url":"https:\/\/xstyle.md\/","name":"Magazinul X-Style","description":"Echipamente pentru turism \u0219i sporturi extreme \u00een Moldova. Pre\u021buri, fotografii, caracteristici \u00een Moldova.","publisher":{"@id":"https:\/\/xstyle.md\/#organization"},"alternateName":"X-Style","potentialAction":[{"@type":"SearchAction","target":{"@type":"EntryPoint","urlTemplate":"https:\/\/xstyle.md\/?s={search_term_string}"},"query-input":{"@type":"PropertyValueSpecification","valueRequired":true,"valueName":"search_term_string"}}],"inLanguage":"ro-RO"},{"@type":"Organization","@id":"https:\/\/xstyle.md\/#organization","name":"Magazinul X-Style","alternateName":"x-style","url":"https:\/\/xstyle.md\/","logo":{"@type":"ImageObject","inLanguage":"ro-RO","@id":"https:\/\/xstyle.md\/#\/schema\/logo\/image\/","url":"https:\/\/xstyle.md\/wp-content\/uploads\/2020\/06\/logoicon.svg","contentUrl":"https:\/\/xstyle.md\/wp-content\/uploads\/2020\/06\/logoicon.svg","caption":"\u041c\u0430\u0433\u0430\u0437\u0438\u043d Xstyle"},"image":{"@id":"https:\/\/xstyle.md\/#\/schema\/logo\/image\/"},"sameAs":["https:\/\/www.facebook.com\/xstylemd","https:\/\/www.instagram.com\/xstyle_md\/","https:\/\/t.me\/xstyle_outdoor"],"hasMerchantReturnPolicy":{"@type":"MerchantReturnPolicy","merchantReturnLink":"https:\/\/xstyle.md\/ro\/conditions\/"}}]},"product_price_amount":"790.00","product_price_currency":"MDL","og_availability":"instock","product_availability":"instock","product_retailer_item_id":"8596253138321","product_condition":"new"},"post_mailing_queue_ids":[],"_links":{"self":[{"href":"https:\/\/xstyle.md\/ro\/wp-json\/wp\/v2\/product\/38446","targetHints":{"allow":["GET"]}}],"collection":[{"href":"https:\/\/xstyle.md\/ro\/wp-json\/wp\/v2\/product"}],"about":[{"href":"https:\/\/xstyle.md\/ro\/wp-json\/wp\/v2\/types\/product"}],"replies":[{"embeddable":true,"href":"https:\/\/xstyle.md\/ro\/wp-json\/wp\/v2\/comments?post=38446"}],"wp:featuredmedia":[{"embeddable":true,"href":"https:\/\/xstyle.md\/ro\/wp-json\/wp\/v2\/media\/38478"}],"wp:attachment":[{"href":"https:\/\/xstyle.md\/ro\/wp-json\/wp\/v2\/media?parent=38446"}],"wp:term":[{"taxonomy":"product_brand","embeddable":true,"href":"https:\/\/xstyle.md\/ro\/wp-json\/wp\/v2\/product_brand?post=38446"},{"taxonomy":"product_cat","embeddable":true,"href":"https:\/\/xstyle.md\/ro\/wp-json\/wp\/v2\/product_cat?post=38446"},{"taxonomy":"product_tag","embeddable":true,"href":"https:\/\/xstyle.md\/ro\/wp-json\/wp\/v2\/product_tag?post=38446"}],"curies":[{"name":"wp","href":"https:\/\/api.w.org\/{rel}","templated":true}]}}