{"id":3800,"date":"2020-07-16T19:16:41","date_gmt":"2020-07-16T16:16:41","guid":{"rendered":"https:\/\/xstyle.md\/product\/germopaket-sea-to-summit-tpu-audio-waterproof-case-for-smartphone-black"},"modified":"2024-10-19T23:42:05","modified_gmt":"2024-10-19T20:42:05","slug":"germopaket-sea-to-summit-tpu-audio-waterproof-case-for-smartphone-black","status":"publish","type":"product","link":"https:\/\/xstyle.md\/ro\/produs\/germopaket-sea-to-summit-tpu-audio-waterproof-case-for-smartphone-black\/","title":{"rendered":"Hus\u0103 impermeabil\u0103 Sea to Summit TPU Audio Waterproof Case for Smartphone (Black)"},"content":{"rendered":"<\/p>\n<p><strong>Hus\u0103 impermeabil\u0103 Sea to Summit TPU Audio Waterproof Case for Smartphone (Black)<\/strong> va proteja dispozitivul de umiditate. Fabricat\u0103 din materiale moderne, partea din fa\u021b\u0103 de numai 0,2 milimetri grosime, ceea ce face posibil\u0103 func\u021bionarea f\u0103r\u0103 probleme cu ecranul tactil. Husa se \u00eenchide ermetic.<\/p>\n<h3>Particularit\u0103\u021bi<\/h3>\n<ul>\n<li>Ie\u0219ire \u00eencorporat\u0103 pentru c\u0103\u0219ti cu jack de 3,5 mm, cu trei c\u0103i, \u00eencorporat\u0103<\/li>\n<li>Design u\u0219or \u0219i ergonomic<\/li>\n<li>Interior moale pentru a nu v\u0103 deteriora sau zg\u00e2ria telefonul<\/li>\n<li>Cus\u0103turi sudate pentru a \u021bine la distan\u021b\u0103 umezeala \u0219i murd\u0103ria<\/li>\n<li>Fereastr\u0103 pentru camera foto<\/li>\n<li>Material robust, durabil, rezistent la \u00eenghe\u021b<\/li>\n<li>Balamale pentru fixare<\/li>\n<li>F\u0103r\u0103 clorur\u0103 de polivinil<\/li>\n<li>Husa are clasificarea IPX-8. Aceasta \u00eenseamn\u0103 c\u0103 poate fi scufundat\u0103 la o ad\u00e2ncime de 10 metri timp de 1 or\u0103. \u00cen acest caz, este garantat ca husa este complet sigilata.<\/li>\n<\/ul>\n<h3>Caracteristici<\/h3>\n<ul>\n<li>Material &#8212; TPU (poliuretan termoplastic)<\/li>\n<li>Dimensiuni &#8212; 15,2 x 8,5 cm<\/li>\n<li>Greutate &#8212; 23 g.<\/li>\n<\/ul>\n<h3>Tehnologie<\/h3>\n<p><strong>Ce este IPXY?\u00a0<\/strong><\/p>\n<p>Oficial, &#171;IP&#187; \u00eenseamn\u0103 &#171;protec\u021bie interna\u021bional\u0103&#187;, deoarece standardul a fost inventat de Comisia Electrotehnic\u0103 Interna\u021bional\u0103 (IEC). Dar, acronimul &#171;IP&#187; este mai frecvent descifrat ca &#171;Ingress Protection&#187; (trad. &#171;Protec\u021bie \u00eempotriva influen\u021belor externe&#187;). Numerele care urmeaz\u0103 dup\u0103 litere indic\u0103 gradul \u0219i tipul de protec\u021bie.<\/p>\n<p>&#171;X&#187; este responsabil pentru protec\u021bia \u00eempotriva prafului: un num\u0103r de la 0 la 6 indic\u0103 gradul de protec\u021bie. Gradul zero nu ofer\u0103 niciun fel de protec\u021bie, \u00een timp ce gradul \u0219ase este cel mai \u00eenalt (praful nu va p\u0103trunde chiar \u0219i \u00een cazul unei expuneri prelungite).<\/p>\n<p>Litera &#171;Y&#187; indic\u0103 nivelul de protec\u021bie (de la 0 la 8) \u00eempotriva lichidelor. Zero, desigur, \u00eenseamn\u0103 c\u0103 nu exist\u0103 protec\u021bie, \u00een timp ce opt permite ca dispozitivul s\u0103 fie scufundat \u00een ap\u0103 la o ad\u00e2ncime de 3 metri timp de 30 de minute.<\/p>\n<h3>Marca<\/h3>\n<p>Sea to Summit &#8212; o marc\u0103 fondat\u0103 \u00een 1990 \u00een Australia. Gama sa de echipamente unice \u0219i utile pentru c\u0103l\u0103torii \u0219i turism: pungi Gerkin, prosoape din microfibr\u0103, ustensile pliabile din silicon, gen\u021bi, rucsacuri, corturi \u0219i saci de dormit. Fiecare pies\u0103 conceput\u0103 la companie are o greutate minim\u0103 \u0219i o func\u021bionalitate maxim\u0103.<\/p>\n<p><\/p>","protected":false},"excerpt":{"rendered":"<p>Hus\u0103 impermeabil\u0103 Sea to Summit TPU Audio Waterproof Case for Smartphone (Black)<\/p>","protected":false},"featured_media":3799,"comment_status":"open","ping_status":"closed","template":"","meta":{"_acf_changed":false,"inline_featured_image":false},"product_brand":[1281],"product_cat":[406,878],"product_tag":[],"class_list":{"0":"post-3800","1":"product","2":"type-product","3":"status-publish","4":"has-post-thumbnail","6":"product_brand-sea-to-summit","7":"product_cat-bike-accessories","8":"product_cat-shelves-for-documents-and-phones","10":"first","11":"instock","12":"sale","13":"shipping-taxable","14":"purchasable","15":"product-type-simple"},"acf":[],"yoast_head":"<!-- This site is optimized with the Yoast SEO plugin v27.4 - https:\/\/yoast.com\/product\/yoast-seo-wordpress\/ -->\n<title>\u0413\u0435\u0440\u043c\u043e\u0447\u0435\u0445\u043e\u043b Sea to Summit TPU Audio Waterproof Case for Smartphone (Black) - \u041c\u0430\u0433\u0430\u0437\u0438\u043d Xstyle<\/title>\n<meta name=\"description\" content=\"\u0417\u0430\u0449\u0438\u0442\u0438\u0442\u0435 \u0441\u0432\u043e\u0439 \u0441\u043c\u0430\u0440\u0442\u0444\u043e\u043d \u0441 \u043f\u043e\u043c\u043e\u0449\u044c\u044e \u0433\u0435\u0440\u043c\u043e\u0447\u0435\u0445\u043b\u0430 Sea to Summit TPU Audio. \u0412\u043e\u0434\u043e\u043d\u0435\u043f\u0440\u043e\u043d\u0438\u0446\u0430\u0435\u043c\u043e\u0441\u0442\u044c IPX8, \u043b\u0435\u0433\u043a\u0438\u0439 \u0438 \u043f\u0440\u043e\u0447\u043d\u044b\u0439. \u0418\u0434\u0435\u0430\u043b\u0435\u043d \u0434\u043b\u044f \u0430\u043a\u0442\u0438\u0432\u043d\u043e\u0433\u043e \u043e\u0442\u0434\u044b\u0445\u0430!\" \/>\n<meta name=\"robots\" content=\"index, follow, max-snippet:-1, max-image-preview:large, max-video-preview:-1\" \/>\n<link rel=\"canonical\" href=\"https:\/\/xstyle.md\/ro\/produs\/germopaket-sea-to-summit-tpu-audio-waterproof-case-for-smartphone-black\/\" \/>\n<meta property=\"og:locale\" content=\"ro_RO\" \/>\n<meta property=\"og:type\" content=\"article\" \/>\n<meta property=\"og:title\" content=\"\u0413\u0435\u0440\u043c\u043e\u0447\u0435\u0445\u043e\u043b Sea to Summit TPU Audio Waterproof Case for Smartphone (Black) - \u041c\u0430\u0433\u0430\u0437\u0438\u043d Xstyle\" \/>\n<meta property=\"og:description\" content=\"\u0417\u0430\u0449\u0438\u0442\u0438\u0442\u0435 \u0441\u0432\u043e\u0439 \u0441\u043c\u0430\u0440\u0442\u0444\u043e\u043d \u0441 \u043f\u043e\u043c\u043e\u0449\u044c\u044e \u0433\u0435\u0440\u043c\u043e\u0447\u0435\u0445\u043b\u0430 Sea to Summit TPU Audio. \u0412\u043e\u0434\u043e\u043d\u0435\u043f\u0440\u043e\u043d\u0438\u0446\u0430\u0435\u043c\u043e\u0441\u0442\u044c IPX8, \u043b\u0435\u0433\u043a\u0438\u0439 \u0438 \u043f\u0440\u043e\u0447\u043d\u044b\u0439. \u0418\u0434\u0435\u0430\u043b\u0435\u043d \u0434\u043b\u044f \u0430\u043a\u0442\u0438\u0432\u043d\u043e\u0433\u043e \u043e\u0442\u0434\u044b\u0445\u0430!\" \/>\n<meta property=\"og:url\" content=\"https:\/\/xstyle.md\/ro\/produs\/germopaket-sea-to-summit-tpu-audio-waterproof-case-for-smartphone-black\/\" \/>\n<meta property=\"og:site_name\" content=\"\u041c\u0430\u0433\u0430\u0437\u0438\u043d Xstyle\" \/>\n<meta property=\"article:publisher\" content=\"https:\/\/www.facebook.com\/xstylemd\" \/>\n<meta property=\"article:modified_time\" content=\"2024-10-19T20:42:05+00:00\" \/>\n<meta property=\"og:image\" content=\"https:\/\/xstyle.md\/wp-content\/uploads\/2020\/07\/aaudctpusmartli-group.jpg\" \/>\n\t<meta property=\"og:image:width\" content=\"600\" \/>\n\t<meta property=\"og:image:height\" content=\"700\" \/>\n\t<meta property=\"og:image:type\" content=\"image\/jpeg\" \/>\n<meta name=\"twitter:card\" content=\"summary_large_image\" \/>\n<meta name=\"twitter:label1\" content=\"Pre\u021b\" \/>\n\t<meta name=\"twitter:data1\" content=\"201&nbsp;MDL\" \/>\n\t<meta name=\"twitter:label2\" content=\"Disponibilitate\" \/>\n\t<meta name=\"twitter:data2\" content=\"\u00cen stoc\" \/>\n<script type=\"application\/ld+json\" class=\"yoast-schema-graph\">{\"@context\":\"https:\\\/\\\/schema.org\",\"@graph\":[{\"@type\":\"WebPage\",\"@id\":\"https:\\\/\\\/xstyle.md\\\/product\\\/germopaket-sea-to-summit-tpu-audio-waterproof-case-for-smartphone-black\\\/\",\"url\":\"https:\\\/\\\/xstyle.md\\\/product\\\/germopaket-sea-to-summit-tpu-audio-waterproof-case-for-smartphone-black\\\/\",\"name\":\"\u0413\u0435\u0440\u043c\u043e\u0447\u0435\u0445\u043e\u043b Sea to Summit TPU Audio Waterproof Case for Smartphone (Black) - \u041c\u0430\u0433\u0430\u0437\u0438\u043d Xstyle\",\"isPartOf\":{\"@id\":\"https:\\\/\\\/xstyle.md\\\/#website\"},\"primaryImageOfPage\":{\"@id\":\"https:\\\/\\\/xstyle.md\\\/product\\\/germopaket-sea-to-summit-tpu-audio-waterproof-case-for-smartphone-black\\\/#primaryimage\"},\"image\":{\"@id\":\"https:\\\/\\\/xstyle.md\\\/product\\\/germopaket-sea-to-summit-tpu-audio-waterproof-case-for-smartphone-black\\\/#primaryimage\"},\"thumbnailUrl\":\"https:\\\/\\\/xstyle.md\\\/wp-content\\\/uploads\\\/2020\\\/07\\\/aaudctpusmartli-group.jpg\",\"datePublished\":\"2020-07-16T16:16:41+00:00\",\"dateModified\":\"2024-10-19T20:42:05+00:00\",\"description\":\"\u0417\u0430\u0449\u0438\u0442\u0438\u0442\u0435 \u0441\u0432\u043e\u0439 \u0441\u043c\u0430\u0440\u0442\u0444\u043e\u043d \u0441 \u043f\u043e\u043c\u043e\u0449\u044c\u044e \u0433\u0435\u0440\u043c\u043e\u0447\u0435\u0445\u043b\u0430 Sea to Summit TPU Audio. \u0412\u043e\u0434\u043e\u043d\u0435\u043f\u0440\u043e\u043d\u0438\u0446\u0430\u0435\u043c\u043e\u0441\u0442\u044c IPX8, \u043b\u0435\u0433\u043a\u0438\u0439 \u0438 \u043f\u0440\u043e\u0447\u043d\u044b\u0439. \u0418\u0434\u0435\u0430\u043b\u0435\u043d \u0434\u043b\u044f \u0430\u043a\u0442\u0438\u0432\u043d\u043e\u0433\u043e \u043e\u0442\u0434\u044b\u0445\u0430!\",\"breadcrumb\":{\"@id\":\"https:\\\/\\\/xstyle.md\\\/product\\\/germopaket-sea-to-summit-tpu-audio-waterproof-case-for-smartphone-black\\\/#breadcrumb\"},\"inLanguage\":\"ro-RO\",\"potentialAction\":[{\"@type\":\"ReadAction\",\"target\":[\"https:\\\/\\\/xstyle.md\\\/product\\\/germopaket-sea-to-summit-tpu-audio-waterproof-case-for-smartphone-black\\\/\"]}]},{\"@type\":\"ImageObject\",\"inLanguage\":\"ro-RO\",\"@id\":\"https:\\\/\\\/xstyle.md\\\/product\\\/germopaket-sea-to-summit-tpu-audio-waterproof-case-for-smartphone-black\\\/#primaryimage\",\"url\":\"https:\\\/\\\/xstyle.md\\\/wp-content\\\/uploads\\\/2020\\\/07\\\/aaudctpusmartli-group.jpg\",\"contentUrl\":\"https:\\\/\\\/xstyle.md\\\/wp-content\\\/uploads\\\/2020\\\/07\\\/aaudctpusmartli-group.jpg\",\"width\":600,\"height\":700},{\"@type\":\"BreadcrumbList\",\"@id\":\"https:\\\/\\\/xstyle.md\\\/product\\\/germopaket-sea-to-summit-tpu-audio-waterproof-case-for-smartphone-black\\\/#breadcrumb\",\"itemListElement\":[{\"@type\":\"ListItem\",\"position\":1,\"name\":\"\u0413\u043b\u0430\u0432\u043d\u0430\u044f \u0441\u0442\u0440\u0430\u043d\u0438\u0446\u0430\",\"item\":\"https:\\\/\\\/xstyle.md\\\/\"},{\"@type\":\"ListItem\",\"position\":2,\"name\":\"\u041c\u0430\u0433\u0430\u0437\u0438\u043d\",\"item\":\"https:\\\/\\\/xstyle.md\\\/shop\\\/\"},{\"@type\":\"ListItem\",\"position\":3,\"name\":\"\u0413\u0435\u0440\u043c\u043e\u0447\u0435\u0445\u043e\u043b Sea to Summit TPU Audio Waterproof Case for Smartphone (Black)\"}]},{\"@type\":\"WebSite\",\"@id\":\"https:\\\/\\\/xstyle.md\\\/#website\",\"url\":\"https:\\\/\\\/xstyle.md\\\/\",\"name\":\"\u041c\u0430\u0433\u0430\u0437\u0438\u043d Xstyle\",\"description\":\"C\u043d\u0430\u0440\u044f\u0436\u0435\u043d\u0438\u0435 \u0434\u043b\u044f \u0442\u0443\u0440\u0438\u0437\u043c\u0430 \u0438 \u044d\u043a\u0441\u0442\u0440\u0435\u043c\u0430\u043b\u044c\u043d\u044b\u0445 \u0432\u0438\u0434\u043e\u0432 \u0441\u043f\u043e\u0440\u0442\u0430 \u0432 \u041c\u043e\u043b\u0434\u043e\u0432\u0435.. \u0426\u0435\u043d\u044b, \u0444\u043e\u0442\u043e, \u0445\u0430\u0440\u0430\u043a\u0442\u0435\u0440\u0438\u0441\u0442\u0438\u043a\u0438 \u0432 \u041c\u043e\u043b\u0434\u043e\u0432\u0435.\",\"publisher\":{\"@id\":\"https:\\\/\\\/xstyle.md\\\/#organization\"},\"alternateName\":\"X-Style\",\"potentialAction\":[{\"@type\":\"SearchAction\",\"target\":{\"@type\":\"EntryPoint\",\"urlTemplate\":\"https:\\\/\\\/xstyle.md\\\/?s={search_term_string}\"},\"query-input\":{\"@type\":\"PropertyValueSpecification\",\"valueRequired\":true,\"valueName\":\"search_term_string\"}}],\"inLanguage\":\"ro-RO\"},{\"@type\":\"Organization\",\"@id\":\"https:\\\/\\\/xstyle.md\\\/#organization\",\"name\":\"\u041c\u0430\u0433\u0430\u0437\u0438\u043d Xstyle\",\"alternateName\":\"x-style\",\"url\":\"https:\\\/\\\/xstyle.md\\\/\",\"logo\":{\"@type\":\"ImageObject\",\"inLanguage\":\"ro-RO\",\"@id\":\"https:\\\/\\\/xstyle.md\\\/#\\\/schema\\\/logo\\\/image\\\/\",\"url\":\"https:\\\/\\\/xstyle.md\\\/wp-content\\\/uploads\\\/2020\\\/06\\\/logoicon.svg\",\"contentUrl\":\"https:\\\/\\\/xstyle.md\\\/wp-content\\\/uploads\\\/2020\\\/06\\\/logoicon.svg\",\"caption\":\"\u041c\u0430\u0433\u0430\u0437\u0438\u043d Xstyle\"},\"image\":{\"@id\":\"https:\\\/\\\/xstyle.md\\\/#\\\/schema\\\/logo\\\/image\\\/\"},\"sameAs\":[\"https:\\\/\\\/www.facebook.com\\\/xstylemd\",\"https:\\\/\\\/www.instagram.com\\\/xstyle_md\\\/\",\"https:\\\/\\\/t.me\\\/xstyle_outdoor\"],\"hasMerchantReturnPolicy\":{\"@type\":\"MerchantReturnPolicy\",\"merchantReturnLink\":\"https:\\\/\\\/xstyle.md\\\/ro\\\/conditions\\\/\"}}]}<\/script>\n<meta property=\"product:price:amount\" content=\"201.00\" \/>\n<meta property=\"product:price:currency\" content=\"MDL\" \/>\n<meta property=\"og:availability\" content=\"instock\" \/>\n<meta property=\"product:availability\" content=\"instock\" \/>\n<meta property=\"product:retailer_item_id\" content=\"9327868042005\" \/>\n<meta property=\"product:condition\" content=\"new\" \/>\n<!-- \/ Yoast SEO plugin. -->","yoast_head_json":{"title":"Hus\u0103 impermeabil\u0103 Sea to Summit TPU Audio Waterproof Case for Smartphone (Black) - Magazin Xstyle","description":"Proteja\u021bi-v\u0103 smartphone-ul cu ajutorul husei impermeabile Sea to Summit TPU Audio. Impermeabilitate IPX8, u\u0219oar\u0103 \u0219i rezistent\u0103. Ideal\u0103 pentru activit\u0103\u021bi \u00een aer liber!","robots":{"index":"index","follow":"follow","max-snippet":"max-snippet:-1","max-image-preview":"max-image-preview:large","max-video-preview":"max-video-preview:-1"},"canonical":"https:\/\/xstyle.md\/ro\/produs\/germopaket-sea-to-summit-tpu-audio-waterproof-case-for-smartphone-black\/","og_locale":"ro_RO","og_type":"article","og_title":"\u0413\u0435\u0440\u043c\u043e\u0447\u0435\u0445\u043e\u043b Sea to Summit TPU Audio Waterproof Case for Smartphone (Black) - \u041c\u0430\u0433\u0430\u0437\u0438\u043d Xstyle","og_description":"\u0417\u0430\u0449\u0438\u0442\u0438\u0442\u0435 \u0441\u0432\u043e\u0439 \u0441\u043c\u0430\u0440\u0442\u0444\u043e\u043d \u0441 \u043f\u043e\u043c\u043e\u0449\u044c\u044e \u0433\u0435\u0440\u043c\u043e\u0447\u0435\u0445\u043b\u0430 Sea to Summit TPU Audio. \u0412\u043e\u0434\u043e\u043d\u0435\u043f\u0440\u043e\u043d\u0438\u0446\u0430\u0435\u043c\u043e\u0441\u0442\u044c IPX8, \u043b\u0435\u0433\u043a\u0438\u0439 \u0438 \u043f\u0440\u043e\u0447\u043d\u044b\u0439. \u0418\u0434\u0435\u0430\u043b\u0435\u043d \u0434\u043b\u044f \u0430\u043a\u0442\u0438\u0432\u043d\u043e\u0433\u043e \u043e\u0442\u0434\u044b\u0445\u0430!","og_url":"https:\/\/xstyle.md\/ro\/produs\/germopaket-sea-to-summit-tpu-audio-waterproof-case-for-smartphone-black\/","og_site_name":"\u041c\u0430\u0433\u0430\u0437\u0438\u043d Xstyle","article_publisher":"https:\/\/www.facebook.com\/xstylemd","article_modified_time":"2024-10-19T20:42:05+00:00","og_image":[{"width":600,"height":700,"url":"https:\/\/xstyle.md\/wp-content\/uploads\/2020\/07\/aaudctpusmartli-group.jpg","type":"image\/jpeg"}],"twitter_card":"summary_large_image","twitter_misc":{"Pre\u021b":"201&nbsp;MDL","Disponibilitate":"\u00cen stoc"},"schema":{"@context":"https:\/\/schema.org","@graph":[{"@type":"WebPage","@id":"https:\/\/xstyle.md\/product\/germopaket-sea-to-summit-tpu-audio-waterproof-case-for-smartphone-black\/","url":"https:\/\/xstyle.md\/product\/germopaket-sea-to-summit-tpu-audio-waterproof-case-for-smartphone-black\/","name":"Hus\u0103 impermeabil\u0103 Sea to Summit TPU Audio Waterproof Case for Smartphone (Black) - Magazin Xstyle","isPartOf":{"@id":"https:\/\/xstyle.md\/#website"},"primaryImageOfPage":{"@id":"https:\/\/xstyle.md\/product\/germopaket-sea-to-summit-tpu-audio-waterproof-case-for-smartphone-black\/#primaryimage"},"image":{"@id":"https:\/\/xstyle.md\/product\/germopaket-sea-to-summit-tpu-audio-waterproof-case-for-smartphone-black\/#primaryimage"},"thumbnailUrl":"https:\/\/xstyle.md\/wp-content\/uploads\/2020\/07\/aaudctpusmartli-group.jpg","datePublished":"2020-07-16T16:16:41+00:00","dateModified":"2024-10-19T20:42:05+00:00","description":"Proteja\u021bi-v\u0103 smartphone-ul cu ajutorul husei impermeabile Sea to Summit TPU Audio. Impermeabilitate IPX8, u\u0219oar\u0103 \u0219i rezistent\u0103. Ideal\u0103 pentru activit\u0103\u021bi \u00een aer liber!","breadcrumb":{"@id":"https:\/\/xstyle.md\/product\/germopaket-sea-to-summit-tpu-audio-waterproof-case-for-smartphone-black\/#breadcrumb"},"inLanguage":"ro-RO","potentialAction":[{"@type":"ReadAction","target":["https:\/\/xstyle.md\/product\/germopaket-sea-to-summit-tpu-audio-waterproof-case-for-smartphone-black\/"]}]},{"@type":"ImageObject","inLanguage":"ro-RO","@id":"https:\/\/xstyle.md\/product\/germopaket-sea-to-summit-tpu-audio-waterproof-case-for-smartphone-black\/#primaryimage","url":"https:\/\/xstyle.md\/wp-content\/uploads\/2020\/07\/aaudctpusmartli-group.jpg","contentUrl":"https:\/\/xstyle.md\/wp-content\/uploads\/2020\/07\/aaudctpusmartli-group.jpg","width":600,"height":700},{"@type":"BreadcrumbList","@id":"https:\/\/xstyle.md\/product\/germopaket-sea-to-summit-tpu-audio-waterproof-case-for-smartphone-black\/#breadcrumb","itemListElement":[{"@type":"ListItem","position":1,"name":"\u0413\u043b\u0430\u0432\u043d\u0430\u044f \u0441\u0442\u0440\u0430\u043d\u0438\u0446\u0430","item":"https:\/\/xstyle.md\/"},{"@type":"ListItem","position":2,"name":"\u041c\u0430\u0433\u0430\u0437\u0438\u043d","item":"https:\/\/xstyle.md\/shop\/"},{"@type":"ListItem","position":3,"name":"\u0413\u0435\u0440\u043c\u043e\u0447\u0435\u0445\u043e\u043b Sea to Summit TPU Audio Waterproof Case for Smartphone (Black)"}]},{"@type":"WebSite","@id":"https:\/\/xstyle.md\/#website","url":"https:\/\/xstyle.md\/","name":"Magazinul X-Style","description":"Echipamente pentru turism \u0219i sporturi extreme \u00een Moldova. Pre\u021buri, fotografii, caracteristici \u00een Moldova.","publisher":{"@id":"https:\/\/xstyle.md\/#organization"},"alternateName":"X-Style","potentialAction":[{"@type":"SearchAction","target":{"@type":"EntryPoint","urlTemplate":"https:\/\/xstyle.md\/?s={search_term_string}"},"query-input":{"@type":"PropertyValueSpecification","valueRequired":true,"valueName":"search_term_string"}}],"inLanguage":"ro-RO"},{"@type":"Organization","@id":"https:\/\/xstyle.md\/#organization","name":"Magazinul X-Style","alternateName":"x-style","url":"https:\/\/xstyle.md\/","logo":{"@type":"ImageObject","inLanguage":"ro-RO","@id":"https:\/\/xstyle.md\/#\/schema\/logo\/image\/","url":"https:\/\/xstyle.md\/wp-content\/uploads\/2020\/06\/logoicon.svg","contentUrl":"https:\/\/xstyle.md\/wp-content\/uploads\/2020\/06\/logoicon.svg","caption":"\u041c\u0430\u0433\u0430\u0437\u0438\u043d Xstyle"},"image":{"@id":"https:\/\/xstyle.md\/#\/schema\/logo\/image\/"},"sameAs":["https:\/\/www.facebook.com\/xstylemd","https:\/\/www.instagram.com\/xstyle_md\/","https:\/\/t.me\/xstyle_outdoor"],"hasMerchantReturnPolicy":{"@type":"MerchantReturnPolicy","merchantReturnLink":"https:\/\/xstyle.md\/ro\/conditions\/"}}]},"product_price_amount":"201.00","product_price_currency":"MDL","og_availability":"instock","product_availability":"instock","product_retailer_item_id":"9327868042005","product_condition":"new"},"_links":{"self":[{"href":"https:\/\/xstyle.md\/ro\/wp-json\/wp\/v2\/product\/3800","targetHints":{"allow":["GET"]}}],"collection":[{"href":"https:\/\/xstyle.md\/ro\/wp-json\/wp\/v2\/product"}],"about":[{"href":"https:\/\/xstyle.md\/ro\/wp-json\/wp\/v2\/types\/product"}],"replies":[{"embeddable":true,"href":"https:\/\/xstyle.md\/ro\/wp-json\/wp\/v2\/comments?post=3800"}],"wp:featuredmedia":[{"embeddable":true,"href":"https:\/\/xstyle.md\/ro\/wp-json\/wp\/v2\/media\/3799"}],"wp:attachment":[{"href":"https:\/\/xstyle.md\/ro\/wp-json\/wp\/v2\/media?parent=3800"}],"wp:term":[{"taxonomy":"product_brand","embeddable":true,"href":"https:\/\/xstyle.md\/ro\/wp-json\/wp\/v2\/product_brand?post=3800"},{"taxonomy":"product_cat","embeddable":true,"href":"https:\/\/xstyle.md\/ro\/wp-json\/wp\/v2\/product_cat?post=3800"},{"taxonomy":"product_tag","embeddable":true,"href":"https:\/\/xstyle.md\/ro\/wp-json\/wp\/v2\/product_tag?post=3800"}],"curies":[{"name":"wp","href":"https:\/\/api.w.org\/{rel}","templated":true}]}}