{"id":37781,"date":"2021-07-27T14:26:32","date_gmt":"2021-07-27T11:26:32","guid":{"rendered":"https:\/\/xstyle.md\/?post_type=product&#038;p=37781"},"modified":"2025-06-30T16:08:57","modified_gmt":"2025-06-30T13:08:57","slug":"sumka-travel-extreme-tc","status":"publish","type":"product","link":"https:\/\/xstyle.md\/ro\/produs\/sumka-travel-extreme-tc\/","title":{"rendered":"Geant\u0103 Travel Extreme TC"},"content":{"rendered":"<\/p>\n<p><strong>Travel Extreme TC<\/strong> &#8212; geanta de um\u0103r este conceput\u0103 pentru transportul rapid al armelor cu \u021beav\u0103 scurt\u0103. Poate fi purtat\u0103 fie pe piept, fie sub bra\u021b. Compartimentul intern con\u021bine un toc deta\u0219abil pentru un pistol (unghiul tocului este reglabil). Buzunarele suplimentare externe sunt concepute pentru documente, chei, telefon \u0219i alte echipamente suplimentare. Curea pentru deschiderea rapid\u0103 a gen\u021bii. Conceput\u0103 pentru purtarea ascuns\u0103 a armelor \u00een condi\u021bii.<\/p>\n<h3>Particularit\u0103\u021bi<\/h3>\n<ul>\n<li>Deschidere rapid\u0103<\/li>\n<li>Holster deta\u0219abil cu unghi reglabil<\/li>\n<li>Buzunare frontale cu organizator<\/li>\n<li>Compartiment pentru reviste<\/li>\n<\/ul>\n<h3>Caracteristici<\/h3>\n<ul>\n<li>Greutate &#8212; 340 g<\/li>\n<li>Material &#8212; Cordura 1000D<\/li>\n<li>Scop &#8212; pentru documente, pentru arme<\/li>\n<li>Model &#8212; unisex<\/li>\n<\/ul>\n<h3>Tehnologii<\/h3>\n<ul>\n<li><strong>Cordura\u00ae<\/strong> este o \u021bes\u0103tur\u0103 groas\u0103 din nailon cu o structur\u0103 special\u0103 a firelor, impregnare hidrofug\u0103 \u0219i \u00eenveli\u0219 din poliuretan. Cordura a fost ini\u021bial conceput\u0103 pentru armat\u0103. Este prelucrat\u0103 \u00een mai multe etape, iar \u00eenveli\u0219ul este de foarte bun\u0103 calitate \u0219i rezist\u0103 mult timp.<\/li>\n<\/ul>\n<p><\/p>","protected":false},"excerpt":{"rendered":"<p>Geant\u0103 Travel Extreme TC<\/p>","protected":false},"featured_media":58639,"comment_status":"open","ping_status":"closed","template":"","meta":{"_acf_changed":false,"inline_featured_image":false},"product_brand":[1343],"product_cat":[282],"product_tag":[],"class_list":{"0":"post-37781","1":"product","2":"type-product","3":"status-publish","4":"has-post-thumbnail","6":"product_brand-travel-extreme","7":"product_cat-barsetki","9":"first","10":"instock","11":"shipping-taxable","12":"purchasable","13":"product-type-simple"},"acf":[],"yoast_head":"<!-- This site is optimized with the Yoast SEO plugin v27.2 - https:\/\/yoast.com\/product\/yoast-seo-wordpress\/ -->\n<title>\u0421\u0443\u043c\u043a\u0430 Travel Extreme TC - \u041c\u0430\u0433\u0430\u0437\u0438\u043d Xstyle<\/title>\n<meta name=\"description\" content=\"\u0421\u0443\u043c\u043a\u0430 Travel Extreme TC \u0438\u0434\u0435\u0430\u043b\u044c\u043d\u043e \u043f\u043e\u0434\u0445\u043e\u0434\u0438\u0442 \u0434\u043b\u044f \u0431\u044b\u0441\u0442\u0440\u043e\u0433\u043e \u0442\u0440\u0430\u043d\u0441\u043f\u043e\u0440\u0442\u0438\u0440\u043e\u0432\u0430\u043d\u0438\u044f \u043e\u0440\u0443\u0436\u0438\u044f. \u0423\u0434\u043e\u0431\u043d\u0430 \u0434\u043b\u044f \u043d\u043e\u0448\u0435\u043d\u0438\u044f \u043d\u0430 \u043f\u043b\u0435\u0447\u0435 \u0438\u043b\u0438 \u043f\u043e\u0434 \u0440\u0443\u043a\u043e\u0439. \u0417\u0430\u0449\u0438\u0442\u0438\u0442\u0435 \u0441\u0432\u043e\u0438 \u0432\u0435\u0449\u0438 \u0441\u0442\u0438\u043b\u044c\u043d\u043e!\" \/>\n<meta name=\"robots\" content=\"index, follow, max-snippet:-1, max-image-preview:large, max-video-preview:-1\" \/>\n<link rel=\"canonical\" href=\"https:\/\/xstyle.md\/ro\/produs\/sumka-travel-extreme-tc\/\" \/>\n<meta property=\"og:locale\" content=\"ro_RO\" \/>\n<meta property=\"og:type\" content=\"article\" \/>\n<meta property=\"og:title\" content=\"\u0421\u0443\u043c\u043a\u0430 Travel Extreme TC - \u041c\u0430\u0433\u0430\u0437\u0438\u043d Xstyle\" \/>\n<meta property=\"og:description\" content=\"\u0421\u0443\u043c\u043a\u0430 Travel Extreme TC \u0438\u0434\u0435\u0430\u043b\u044c\u043d\u043e \u043f\u043e\u0434\u0445\u043e\u0434\u0438\u0442 \u0434\u043b\u044f \u0431\u044b\u0441\u0442\u0440\u043e\u0433\u043e \u0442\u0440\u0430\u043d\u0441\u043f\u043e\u0440\u0442\u0438\u0440\u043e\u0432\u0430\u043d\u0438\u044f \u043e\u0440\u0443\u0436\u0438\u044f. \u0423\u0434\u043e\u0431\u043d\u0430 \u0434\u043b\u044f \u043d\u043e\u0448\u0435\u043d\u0438\u044f \u043d\u0430 \u043f\u043b\u0435\u0447\u0435 \u0438\u043b\u0438 \u043f\u043e\u0434 \u0440\u0443\u043a\u043e\u0439. \u0417\u0430\u0449\u0438\u0442\u0438\u0442\u0435 \u0441\u0432\u043e\u0438 \u0432\u0435\u0449\u0438 \u0441\u0442\u0438\u043b\u044c\u043d\u043e!\" \/>\n<meta property=\"og:url\" content=\"https:\/\/xstyle.md\/ro\/produs\/sumka-travel-extreme-tc\/\" \/>\n<meta property=\"og:site_name\" content=\"\u041c\u0430\u0433\u0430\u0437\u0438\u043d Xstyle\" \/>\n<meta property=\"article:publisher\" content=\"https:\/\/www.facebook.com\/xstylemd\" \/>\n<meta property=\"article:modified_time\" content=\"2025-06-30T13:08:57+00:00\" \/>\n<meta property=\"og:image\" content=\"https:\/\/xstyle.md\/wp-content\/uploads\/2021\/07\/travel-extreme-tc-0.jpg\" \/>\n\t<meta property=\"og:image:width\" content=\"500\" \/>\n\t<meta property=\"og:image:height\" content=\"500\" \/>\n\t<meta property=\"og:image:type\" content=\"image\/jpeg\" \/>\n<meta name=\"twitter:card\" content=\"summary_large_image\" \/>\n<meta name=\"twitter:label1\" content=\"Pre\u021b\" \/>\n\t<meta name=\"twitter:data1\" content=\"540&nbsp;MDL\" \/>\n\t<meta name=\"twitter:label2\" content=\"Disponibilitate\" \/>\n\t<meta name=\"twitter:data2\" content=\"\u00cen stoc\" \/>\n<script type=\"application\/ld+json\" class=\"yoast-schema-graph\">{\"@context\":\"https:\/\/schema.org\",\"@graph\":[{\"@type\":\"WebPage\",\"@id\":\"https:\/\/xstyle.md\/product\/sumka-travel-extreme-tc\/\",\"url\":\"https:\/\/xstyle.md\/product\/sumka-travel-extreme-tc\/\",\"name\":\"\u0421\u0443\u043c\u043a\u0430 Travel Extreme TC - \u041c\u0430\u0433\u0430\u0437\u0438\u043d Xstyle\",\"isPartOf\":{\"@id\":\"https:\/\/xstyle.md\/#website\"},\"primaryImageOfPage\":{\"@id\":\"https:\/\/xstyle.md\/product\/sumka-travel-extreme-tc\/#primaryimage\"},\"image\":{\"@id\":\"https:\/\/xstyle.md\/product\/sumka-travel-extreme-tc\/#primaryimage\"},\"thumbnailUrl\":\"https:\/\/xstyle.md\/wp-content\/uploads\/2021\/07\/travel-extreme-tc-0.jpg\",\"datePublished\":\"2021-07-27T11:26:32+00:00\",\"dateModified\":\"2025-06-30T13:08:57+00:00\",\"description\":\"\u0421\u0443\u043c\u043a\u0430 Travel Extreme TC \u0438\u0434\u0435\u0430\u043b\u044c\u043d\u043e \u043f\u043e\u0434\u0445\u043e\u0434\u0438\u0442 \u0434\u043b\u044f \u0431\u044b\u0441\u0442\u0440\u043e\u0433\u043e \u0442\u0440\u0430\u043d\u0441\u043f\u043e\u0440\u0442\u0438\u0440\u043e\u0432\u0430\u043d\u0438\u044f \u043e\u0440\u0443\u0436\u0438\u044f. \u0423\u0434\u043e\u0431\u043d\u0430 \u0434\u043b\u044f \u043d\u043e\u0448\u0435\u043d\u0438\u044f \u043d\u0430 \u043f\u043b\u0435\u0447\u0435 \u0438\u043b\u0438 \u043f\u043e\u0434 \u0440\u0443\u043a\u043e\u0439. \u0417\u0430\u0449\u0438\u0442\u0438\u0442\u0435 \u0441\u0432\u043e\u0438 \u0432\u0435\u0449\u0438 \u0441\u0442\u0438\u043b\u044c\u043d\u043e!\",\"breadcrumb\":{\"@id\":\"https:\/\/xstyle.md\/product\/sumka-travel-extreme-tc\/#breadcrumb\"},\"inLanguage\":\"ro-RO\",\"potentialAction\":[{\"@type\":\"ReadAction\",\"target\":[\"https:\/\/xstyle.md\/product\/sumka-travel-extreme-tc\/\"]}]},{\"@type\":\"ImageObject\",\"inLanguage\":\"ro-RO\",\"@id\":\"https:\/\/xstyle.md\/product\/sumka-travel-extreme-tc\/#primaryimage\",\"url\":\"https:\/\/xstyle.md\/wp-content\/uploads\/2021\/07\/travel-extreme-tc-0.jpg\",\"contentUrl\":\"https:\/\/xstyle.md\/wp-content\/uploads\/2021\/07\/travel-extreme-tc-0.jpg\",\"width\":500,\"height\":500,\"caption\":\"\u0421\u0443\u043c\u043a\u0430 Travel Extreme TC \u0434\u043b\u044f \u0430\u043a\u0442\u0438\u0432\u043d\u043e\u0433\u043e \u043e\u0442\u0434\u044b\u0445\u0430, \u043f\u0443\u0442\u0435\u0448\u0435\u0441\u0442\u0432\u0438\u0439, \u0430\u043b\u044c\u043f\u0438\u043d\u0438\u0437\u043c\u0430 \u0438 \u0442\u0443\u0440\u0438\u0437\u043c\u0430 \u0432 \u0438\u043d\u0442\u0435\u0440\u043d\u0435\u0442-\u043c\u0430\u0433\u0430\u0437\u0438\u043d\u0435 \u044d\u043a\u0438\u043f\u0438\u0440\u043e\u0432\u043a\u0438 \u0434\u043b\u044f \u0430\u043a\u0442\u0438\u0432\u043d\u043e\u0439 \u0436\u0438\u0437\u043d\u0438\"},{\"@type\":\"BreadcrumbList\",\"@id\":\"https:\/\/xstyle.md\/product\/sumka-travel-extreme-tc\/#breadcrumb\",\"itemListElement\":[{\"@type\":\"ListItem\",\"position\":1,\"name\":\"\u0413\u043b\u0430\u0432\u043d\u0430\u044f \u0441\u0442\u0440\u0430\u043d\u0438\u0446\u0430\",\"item\":\"https:\/\/xstyle.md\/\"},{\"@type\":\"ListItem\",\"position\":2,\"name\":\"\u041c\u0430\u0433\u0430\u0437\u0438\u043d\",\"item\":\"https:\/\/xstyle.md\/shop\/\"},{\"@type\":\"ListItem\",\"position\":3,\"name\":\"\u0421\u0443\u043c\u043a\u0430 Travel Extreme TC\"}]},{\"@type\":\"WebSite\",\"@id\":\"https:\/\/xstyle.md\/#website\",\"url\":\"https:\/\/xstyle.md\/\",\"name\":\"\u041c\u0430\u0433\u0430\u0437\u0438\u043d Xstyle\",\"description\":\"C\u043d\u0430\u0440\u044f\u0436\u0435\u043d\u0438\u0435 \u0434\u043b\u044f \u0442\u0443\u0440\u0438\u0437\u043c\u0430 \u0438 \u044d\u043a\u0441\u0442\u0440\u0435\u043c\u0430\u043b\u044c\u043d\u044b\u0445 \u0432\u0438\u0434\u043e\u0432 \u0441\u043f\u043e\u0440\u0442\u0430 \u0432 \u041c\u043e\u043b\u0434\u043e\u0432\u0435.. \u0426\u0435\u043d\u044b, \u0444\u043e\u0442\u043e, \u0445\u0430\u0440\u0430\u043a\u0442\u0435\u0440\u0438\u0441\u0442\u0438\u043a\u0438 \u0432 \u041c\u043e\u043b\u0434\u043e\u0432\u0435.\",\"publisher\":{\"@id\":\"https:\/\/xstyle.md\/#organization\"},\"alternateName\":\"X-Style\",\"potentialAction\":[{\"@type\":\"SearchAction\",\"target\":{\"@type\":\"EntryPoint\",\"urlTemplate\":\"https:\/\/xstyle.md\/?s={search_term_string}\"},\"query-input\":{\"@type\":\"PropertyValueSpecification\",\"valueRequired\":true,\"valueName\":\"search_term_string\"}}],\"inLanguage\":\"ro-RO\"},{\"@type\":\"Organization\",\"@id\":\"https:\/\/xstyle.md\/#organization\",\"name\":\"\u041c\u0430\u0433\u0430\u0437\u0438\u043d Xstyle\",\"alternateName\":\"x-style\",\"url\":\"https:\/\/xstyle.md\/\",\"logo\":{\"@type\":\"ImageObject\",\"inLanguage\":\"ro-RO\",\"@id\":\"https:\/\/xstyle.md\/#\/schema\/logo\/image\/\",\"url\":\"https:\/\/xstyle.md\/wp-content\/uploads\/2020\/06\/logoicon.svg\",\"contentUrl\":\"https:\/\/xstyle.md\/wp-content\/uploads\/2020\/06\/logoicon.svg\",\"caption\":\"\u041c\u0430\u0433\u0430\u0437\u0438\u043d Xstyle\"},\"image\":{\"@id\":\"https:\/\/xstyle.md\/#\/schema\/logo\/image\/\"},\"sameAs\":[\"https:\/\/www.facebook.com\/xstylemd\",\"https:\/\/www.instagram.com\/xstyle_md\/\",\"https:\/\/t.me\/xstyle_outdoor\"],\"hasMerchantReturnPolicy\":{\"@type\":\"MerchantReturnPolicy\",\"merchantReturnLink\":\"https:\/\/xstyle.md\/ro\/conditions\/\"}}]}<\/script>\n<meta property=\"product:price:amount\" content=\"540.00\" \/>\n<meta property=\"product:price:currency\" content=\"MDL\" \/>\n<meta property=\"og:availability\" content=\"instock\" \/>\n<meta property=\"product:availability\" content=\"instock\" \/>\n<meta property=\"product:retailer_item_id\" content=\"4825958110009\" \/>\n<meta property=\"product:condition\" content=\"new\" \/>\n<!-- \/ Yoast SEO plugin. -->","yoast_head_json":{"title":"Geant\u0103 Travel Extreme TC - Magazin Xstyle","description":"Geanta Travel Extreme TC este perfect\u0103 pentru transportul rapid al armelor. Este comod de purtat pe um\u0103r sau \u00een m\u00e2n\u0103. Protejeaz\u0103-\u021bi lucrurile cu stil!","robots":{"index":"index","follow":"follow","max-snippet":"max-snippet:-1","max-image-preview":"max-image-preview:large","max-video-preview":"max-video-preview:-1"},"canonical":"https:\/\/xstyle.md\/ro\/produs\/sumka-travel-extreme-tc\/","og_locale":"ro_RO","og_type":"article","og_title":"\u0421\u0443\u043c\u043a\u0430 Travel Extreme TC - \u041c\u0430\u0433\u0430\u0437\u0438\u043d Xstyle","og_description":"\u0421\u0443\u043c\u043a\u0430 Travel Extreme TC \u0438\u0434\u0435\u0430\u043b\u044c\u043d\u043e \u043f\u043e\u0434\u0445\u043e\u0434\u0438\u0442 \u0434\u043b\u044f \u0431\u044b\u0441\u0442\u0440\u043e\u0433\u043e \u0442\u0440\u0430\u043d\u0441\u043f\u043e\u0440\u0442\u0438\u0440\u043e\u0432\u0430\u043d\u0438\u044f \u043e\u0440\u0443\u0436\u0438\u044f. \u0423\u0434\u043e\u0431\u043d\u0430 \u0434\u043b\u044f \u043d\u043e\u0448\u0435\u043d\u0438\u044f \u043d\u0430 \u043f\u043b\u0435\u0447\u0435 \u0438\u043b\u0438 \u043f\u043e\u0434 \u0440\u0443\u043a\u043e\u0439. \u0417\u0430\u0449\u0438\u0442\u0438\u0442\u0435 \u0441\u0432\u043e\u0438 \u0432\u0435\u0449\u0438 \u0441\u0442\u0438\u043b\u044c\u043d\u043e!","og_url":"https:\/\/xstyle.md\/ro\/produs\/sumka-travel-extreme-tc\/","og_site_name":"\u041c\u0430\u0433\u0430\u0437\u0438\u043d Xstyle","article_publisher":"https:\/\/www.facebook.com\/xstylemd","article_modified_time":"2025-06-30T13:08:57+00:00","og_image":[{"width":500,"height":500,"url":"https:\/\/xstyle.md\/wp-content\/uploads\/2021\/07\/travel-extreme-tc-0.jpg","type":"image\/jpeg"}],"twitter_card":"summary_large_image","twitter_misc":{"Pre\u021b":"540&nbsp;MDL","Disponibilitate":"\u00cen stoc"},"schema":{"@context":"https:\/\/schema.org","@graph":[{"@type":"WebPage","@id":"https:\/\/xstyle.md\/product\/sumka-travel-extreme-tc\/","url":"https:\/\/xstyle.md\/product\/sumka-travel-extreme-tc\/","name":"Geant\u0103 Travel Extreme TC - Magazin Xstyle","isPartOf":{"@id":"https:\/\/xstyle.md\/#website"},"primaryImageOfPage":{"@id":"https:\/\/xstyle.md\/product\/sumka-travel-extreme-tc\/#primaryimage"},"image":{"@id":"https:\/\/xstyle.md\/product\/sumka-travel-extreme-tc\/#primaryimage"},"thumbnailUrl":"https:\/\/xstyle.md\/wp-content\/uploads\/2021\/07\/travel-extreme-tc-0.jpg","datePublished":"2021-07-27T11:26:32+00:00","dateModified":"2025-06-30T13:08:57+00:00","description":"Geanta Travel Extreme TC este perfect\u0103 pentru transportul rapid al armelor. Este comod de purtat pe um\u0103r sau \u00een m\u00e2n\u0103. Protejeaz\u0103-\u021bi lucrurile cu stil!","breadcrumb":{"@id":"https:\/\/xstyle.md\/product\/sumka-travel-extreme-tc\/#breadcrumb"},"inLanguage":"ro-RO","potentialAction":[{"@type":"ReadAction","target":["https:\/\/xstyle.md\/product\/sumka-travel-extreme-tc\/"]}]},{"@type":"ImageObject","inLanguage":"ro-RO","@id":"https:\/\/xstyle.md\/product\/sumka-travel-extreme-tc\/#primaryimage","url":"https:\/\/xstyle.md\/wp-content\/uploads\/2021\/07\/travel-extreme-tc-0.jpg","contentUrl":"https:\/\/xstyle.md\/wp-content\/uploads\/2021\/07\/travel-extreme-tc-0.jpg","width":500,"height":500,"caption":"\u0421\u0443\u043c\u043a\u0430 Travel Extreme TC \u0434\u043b\u044f \u0430\u043a\u0442\u0438\u0432\u043d\u043e\u0433\u043e \u043e\u0442\u0434\u044b\u0445\u0430, \u043f\u0443\u0442\u0435\u0448\u0435\u0441\u0442\u0432\u0438\u0439, \u0430\u043b\u044c\u043f\u0438\u043d\u0438\u0437\u043c\u0430 \u0438 \u0442\u0443\u0440\u0438\u0437\u043c\u0430 \u0432 \u0438\u043d\u0442\u0435\u0440\u043d\u0435\u0442-\u043c\u0430\u0433\u0430\u0437\u0438\u043d\u0435 \u044d\u043a\u0438\u043f\u0438\u0440\u043e\u0432\u043a\u0438 \u0434\u043b\u044f \u0430\u043a\u0442\u0438\u0432\u043d\u043e\u0439 \u0436\u0438\u0437\u043d\u0438"},{"@type":"BreadcrumbList","@id":"https:\/\/xstyle.md\/product\/sumka-travel-extreme-tc\/#breadcrumb","itemListElement":[{"@type":"ListItem","position":1,"name":"\u0413\u043b\u0430\u0432\u043d\u0430\u044f \u0441\u0442\u0440\u0430\u043d\u0438\u0446\u0430","item":"https:\/\/xstyle.md\/"},{"@type":"ListItem","position":2,"name":"\u041c\u0430\u0433\u0430\u0437\u0438\u043d","item":"https:\/\/xstyle.md\/shop\/"},{"@type":"ListItem","position":3,"name":"\u0421\u0443\u043c\u043a\u0430 Travel Extreme TC"}]},{"@type":"WebSite","@id":"https:\/\/xstyle.md\/#website","url":"https:\/\/xstyle.md\/","name":"Magazinul X-Style","description":"Echipamente pentru turism \u0219i sporturi extreme \u00een Moldova. Pre\u021buri, fotografii, caracteristici \u00een Moldova.","publisher":{"@id":"https:\/\/xstyle.md\/#organization"},"alternateName":"X-Style","potentialAction":[{"@type":"SearchAction","target":{"@type":"EntryPoint","urlTemplate":"https:\/\/xstyle.md\/?s={search_term_string}"},"query-input":{"@type":"PropertyValueSpecification","valueRequired":true,"valueName":"search_term_string"}}],"inLanguage":"ro-RO"},{"@type":"Organization","@id":"https:\/\/xstyle.md\/#organization","name":"Magazinul X-Style","alternateName":"x-style","url":"https:\/\/xstyle.md\/","logo":{"@type":"ImageObject","inLanguage":"ro-RO","@id":"https:\/\/xstyle.md\/#\/schema\/logo\/image\/","url":"https:\/\/xstyle.md\/wp-content\/uploads\/2020\/06\/logoicon.svg","contentUrl":"https:\/\/xstyle.md\/wp-content\/uploads\/2020\/06\/logoicon.svg","caption":"\u041c\u0430\u0433\u0430\u0437\u0438\u043d Xstyle"},"image":{"@id":"https:\/\/xstyle.md\/#\/schema\/logo\/image\/"},"sameAs":["https:\/\/www.facebook.com\/xstylemd","https:\/\/www.instagram.com\/xstyle_md\/","https:\/\/t.me\/xstyle_outdoor"],"hasMerchantReturnPolicy":{"@type":"MerchantReturnPolicy","merchantReturnLink":"https:\/\/xstyle.md\/ro\/conditions\/"}}]},"product_price_amount":"540.00","product_price_currency":"MDL","og_availability":"instock","product_availability":"instock","product_retailer_item_id":"4825958110009","product_condition":"new"},"post_mailing_queue_ids":[],"_links":{"self":[{"href":"https:\/\/xstyle.md\/ro\/wp-json\/wp\/v2\/product\/37781","targetHints":{"allow":["GET"]}}],"collection":[{"href":"https:\/\/xstyle.md\/ro\/wp-json\/wp\/v2\/product"}],"about":[{"href":"https:\/\/xstyle.md\/ro\/wp-json\/wp\/v2\/types\/product"}],"replies":[{"embeddable":true,"href":"https:\/\/xstyle.md\/ro\/wp-json\/wp\/v2\/comments?post=37781"}],"wp:featuredmedia":[{"embeddable":true,"href":"https:\/\/xstyle.md\/ro\/wp-json\/wp\/v2\/media\/58639"}],"wp:attachment":[{"href":"https:\/\/xstyle.md\/ro\/wp-json\/wp\/v2\/media?parent=37781"}],"wp:term":[{"taxonomy":"product_brand","embeddable":true,"href":"https:\/\/xstyle.md\/ro\/wp-json\/wp\/v2\/product_brand?post=37781"},{"taxonomy":"product_cat","embeddable":true,"href":"https:\/\/xstyle.md\/ro\/wp-json\/wp\/v2\/product_cat?post=37781"},{"taxonomy":"product_tag","embeddable":true,"href":"https:\/\/xstyle.md\/ro\/wp-json\/wp\/v2\/product_tag?post=37781"}],"curies":[{"name":"wp","href":"https:\/\/api.w.org\/{rel}","templated":true}]}}