{"id":37745,"date":"2021-07-27T14:26:22","date_gmt":"2021-07-27T11:26:22","guid":{"rendered":"https:\/\/xstyle.md\/?post_type=product&#038;p=37745"},"modified":"2026-03-19T16:45:39","modified_gmt":"2026-03-19T13:45:39","slug":"gril-petromax-pro-ft-grill-set-3","status":"publish","type":"product","link":"https:\/\/xstyle.md\/ro\/produs\/gril-petromax-pro-ft-grill-set-3\/","title":{"rendered":"Gratar Petromax Pro-ft Grill Set 3"},"content":{"rendered":"<\/p>\n<p><strong>Petromax Pro-ft Grill Set 3<\/strong> &#8212; un gr\u0103tar pentru g\u0103tit \u00een aer liber. Setul con\u021bine un suport universal pentru capac, o tav\u0103 pentru c\u0103rbuni \u0219i un gr\u0103tar. Capacele din font\u0103 ale cuptorului olandez Petromax sunt incredibil de u\u0219or de ridicat \u0219i cobor\u00e2t cu ajutorul suportului pentru capac. Pentru o sear\u0103 confortabil\u0103 de gr\u0103tar, pute\u021bi transforma cu u\u0219urin\u021b\u0103 suportul capacului \u00eentr-un gr\u0103tar, datorit\u0103 t\u0103vii pentru gr\u0103tar \u0219i a gr\u0103tarului pentru c\u0103rbuni.<\/p>\n<p>Tava pentru c\u0103rbuni poate con\u021bine \u00eentre 14 \u0219i 18 brichete normale pentru gr\u0103tar. Grila gr\u0103tarului poate fi folosita ca afum\u0103tor, precum \u0219i ca aragaz cu aburi sau cuptor. Setul poate fi depozitat \u00een mod convenabil \u0219i transportat compact \u00een orice moment.<\/p>\n<h3>Caracteristici<\/h3>\n<ul>\n<li>Dimensiuni &#8212; 38 x 40 x 28 cm<\/li>\n<li>Dimensiuni ambalate &#8212; 27,5 x 28,5 x 18 cm<\/li>\n<li>Greutate &#8212; 3 kg.<\/li>\n<\/ul>\n<h3>Marca<\/h3>\n<p>Petromax &#8212; cel mai important produc\u0103tor german de echipamente de g\u0103tit \u0219i de amenajare \u00een aer liber, iar gama sa coordonat\u0103 de produse combin\u0103 tradi\u021bia \u0219i inova\u021bia \u00eentr-un mod unic. Toate produsele Petromax sunt de cea mai bun\u0103 calitate, durabile, bine g\u00e2ndite \u00een detaliu \u0219i concepute pentru to\u021bi cei care doresc s\u0103 compenseze rutina lor \u00een aer liber \u0219i, prin urmare, s\u0103 campeze \u00een aer liber. Lumea produselor Petromax se concentreaz\u0103 pe explorarea naturii neatinse folosind echipamente tradi\u021bionale, dar bine concepute.<\/p>\n<p><\/p>","protected":false},"excerpt":{"rendered":"<p>Gratar Petromax Pro-ft Grill Set 3<\/p>","protected":false},"featured_media":38175,"comment_status":"open","ping_status":"closed","template":"","meta":{"_acf_changed":false,"inline_featured_image":false},"product_brand":[1420],"product_cat":[896],"product_tag":[],"class_list":{"0":"post-37745","1":"product","2":"type-product","3":"status-publish","4":"has-post-thumbnail","6":"product_brand-petromax","7":"product_cat-mangal","9":"first","10":"instock","11":"shipping-taxable","12":"purchasable","13":"product-type-simple"},"acf":[],"yoast_head":"<!-- This site is optimized with the Yoast SEO plugin v27.2 - https:\/\/yoast.com\/product\/yoast-seo-wordpress\/ -->\n<title>\u0413\u0440\u0438\u043b\u044c Petromax Pro-ft Grill Set 3 - \u041c\u0430\u0433\u0430\u0437\u0438\u043d Xstyle<\/title>\n<meta name=\"description\" content=\"\u041f\u043e\u043a\u0443\u043f\u0430\u0439\u0442\u0435 \u043d\u0430\u0431\u043e\u0440 \u0433\u0440\u0438\u043b\u0435\u0439 Petromax Pro-ft Grill Set 3 \u0434\u043b\u044f \u0438\u0434\u0435\u0430\u043b\u044c\u043d\u043e\u0433\u043e \u043f\u0438\u043a\u043d\u0438\u043a\u0430! \u0412\u043a\u043b\u044e\u0447\u0430\u0435\u0442 \u0443\u043d\u0438\u0432\u0435\u0440\u0441\u0430\u043b\u044c\u043d\u0443\u044e \u043f\u043e\u0434\u0441\u0442\u0430\u0432\u043a\u0443, \u0440\u0435\u0448\u0451\u0442\u043a\u0443 \u0438 \u0443\u0433\u043e\u043b\u044c\u043d\u0443\u044e \u0447\u0430\u0448\u0443 \u0434\u043b\u044f \u0443\u0434\u043e\u0431\u0441\u0442\u0432\u0430 \u0433\u0440\u0438\u043b\u043b\u0438\u043d\u0433\u0430.\" \/>\n<meta name=\"robots\" content=\"index, follow, max-snippet:-1, max-image-preview:large, max-video-preview:-1\" \/>\n<link rel=\"canonical\" href=\"https:\/\/xstyle.md\/ro\/produs\/gril-petromax-pro-ft-grill-set-3\/\" \/>\n<meta property=\"og:locale\" content=\"ro_RO\" \/>\n<meta property=\"og:type\" content=\"article\" \/>\n<meta property=\"og:title\" content=\"\u0413\u0440\u0438\u043b\u044c Petromax Pro-ft Grill Set 3 - \u041c\u0430\u0433\u0430\u0437\u0438\u043d Xstyle\" \/>\n<meta property=\"og:description\" content=\"\u041f\u043e\u043a\u0443\u043f\u0430\u0439\u0442\u0435 \u043d\u0430\u0431\u043e\u0440 \u0433\u0440\u0438\u043b\u0435\u0439 Petromax Pro-ft Grill Set 3 \u0434\u043b\u044f \u0438\u0434\u0435\u0430\u043b\u044c\u043d\u043e\u0433\u043e \u043f\u0438\u043a\u043d\u0438\u043a\u0430! \u0412\u043a\u043b\u044e\u0447\u0430\u0435\u0442 \u0443\u043d\u0438\u0432\u0435\u0440\u0441\u0430\u043b\u044c\u043d\u0443\u044e \u043f\u043e\u0434\u0441\u0442\u0430\u0432\u043a\u0443, \u0440\u0435\u0448\u0451\u0442\u043a\u0443 \u0438 \u0443\u0433\u043e\u043b\u044c\u043d\u0443\u044e \u0447\u0430\u0448\u0443 \u0434\u043b\u044f \u0443\u0434\u043e\u0431\u0441\u0442\u0432\u0430 \u0433\u0440\u0438\u043b\u043b\u0438\u043d\u0433\u0430.\" \/>\n<meta property=\"og:url\" content=\"https:\/\/xstyle.md\/ro\/produs\/gril-petromax-pro-ft-grill-set-3\/\" \/>\n<meta property=\"og:site_name\" content=\"\u041c\u0430\u0433\u0430\u0437\u0438\u043d Xstyle\" \/>\n<meta property=\"article:publisher\" content=\"https:\/\/www.facebook.com\/xstylemd\" \/>\n<meta property=\"article:modified_time\" content=\"2026-03-19T13:45:39+00:00\" \/>\n<meta property=\"og:image\" content=\"https:\/\/xstyle.md\/wp-content\/uploads\/2021\/07\/petromax-pro-ft-grill-set-3.jpg\" \/>\n\t<meta property=\"og:image:width\" content=\"650\" \/>\n\t<meta property=\"og:image:height\" content=\"488\" \/>\n\t<meta property=\"og:image:type\" content=\"image\/jpeg\" \/>\n<meta name=\"twitter:card\" content=\"summary_large_image\" \/>\n<meta name=\"twitter:label1\" content=\"Pre\u021b\" \/>\n\t<meta name=\"twitter:data1\" content=\"2.560&nbsp;MDL\" \/>\n\t<meta name=\"twitter:label2\" content=\"Disponibilitate\" \/>\n\t<meta name=\"twitter:data2\" content=\"\u00cen stoc\" \/>\n<script type=\"application\/ld+json\" class=\"yoast-schema-graph\">{\"@context\":\"https:\/\/schema.org\",\"@graph\":[{\"@type\":\"WebPage\",\"@id\":\"https:\/\/xstyle.md\/product\/gril-petromax-pro-ft-grill-set-3\/\",\"url\":\"https:\/\/xstyle.md\/product\/gril-petromax-pro-ft-grill-set-3\/\",\"name\":\"\u0413\u0440\u0438\u043b\u044c Petromax Pro-ft Grill Set 3 - \u041c\u0430\u0433\u0430\u0437\u0438\u043d Xstyle\",\"isPartOf\":{\"@id\":\"https:\/\/xstyle.md\/#website\"},\"primaryImageOfPage\":{\"@id\":\"https:\/\/xstyle.md\/product\/gril-petromax-pro-ft-grill-set-3\/#primaryimage\"},\"image\":{\"@id\":\"https:\/\/xstyle.md\/product\/gril-petromax-pro-ft-grill-set-3\/#primaryimage\"},\"thumbnailUrl\":\"https:\/\/xstyle.md\/wp-content\/uploads\/2021\/07\/petromax-pro-ft-grill-set-3.jpg\",\"datePublished\":\"2021-07-27T11:26:22+00:00\",\"dateModified\":\"2026-03-19T13:45:39+00:00\",\"description\":\"\u041f\u043e\u043a\u0443\u043f\u0430\u0439\u0442\u0435 \u043d\u0430\u0431\u043e\u0440 \u0433\u0440\u0438\u043b\u0435\u0439 Petromax Pro-ft Grill Set 3 \u0434\u043b\u044f \u0438\u0434\u0435\u0430\u043b\u044c\u043d\u043e\u0433\u043e \u043f\u0438\u043a\u043d\u0438\u043a\u0430! \u0412\u043a\u043b\u044e\u0447\u0430\u0435\u0442 \u0443\u043d\u0438\u0432\u0435\u0440\u0441\u0430\u043b\u044c\u043d\u0443\u044e \u043f\u043e\u0434\u0441\u0442\u0430\u0432\u043a\u0443, \u0440\u0435\u0448\u0451\u0442\u043a\u0443 \u0438 \u0443\u0433\u043e\u043b\u044c\u043d\u0443\u044e \u0447\u0430\u0448\u0443 \u0434\u043b\u044f \u0443\u0434\u043e\u0431\u0441\u0442\u0432\u0430 \u0433\u0440\u0438\u043b\u043b\u0438\u043d\u0433\u0430.\",\"breadcrumb\":{\"@id\":\"https:\/\/xstyle.md\/product\/gril-petromax-pro-ft-grill-set-3\/#breadcrumb\"},\"inLanguage\":\"ro-RO\",\"potentialAction\":[{\"@type\":\"ReadAction\",\"target\":[\"https:\/\/xstyle.md\/product\/gril-petromax-pro-ft-grill-set-3\/\"]}]},{\"@type\":\"ImageObject\",\"inLanguage\":\"ro-RO\",\"@id\":\"https:\/\/xstyle.md\/product\/gril-petromax-pro-ft-grill-set-3\/#primaryimage\",\"url\":\"https:\/\/xstyle.md\/wp-content\/uploads\/2021\/07\/petromax-pro-ft-grill-set-3.jpg\",\"contentUrl\":\"https:\/\/xstyle.md\/wp-content\/uploads\/2021\/07\/petromax-pro-ft-grill-set-3.jpg\",\"width\":650,\"height\":488,\"caption\":\"\u041a\u043e\u043c\u043f\u043b\u0435\u043a\u0442 \u0433\u0440\u0438\u043b\u044f Petromax Pro-ft \u0434\u043b\u044f \u0430\u043a\u0442\u0438\u0432\u043d\u043e\u0433\u043e \u043e\u0442\u0434\u044b\u0445\u0430, \u043f\u043e\u0445\u043e\u0434\u043e\u0432, \u043f\u0443\u0442\u0435\u0448\u0435\u0441\u0442\u0432\u0438\u0439 \u0441 \u043e\u0434\u0435\u0436\u0434\u043e\u0439 \u0438 \u043e\u0431\u0443\u0432\u044c\u044e \u0434\u043b\u044f \u0442\u0443\u0440\u0438\u0437\u043c\u0430 \u0438 \u0430\u043b\u044c\u043f\u0438\u043d\u0438\u0437\u043c\u0430\"},{\"@type\":\"BreadcrumbList\",\"@id\":\"https:\/\/xstyle.md\/product\/gril-petromax-pro-ft-grill-set-3\/#breadcrumb\",\"itemListElement\":[{\"@type\":\"ListItem\",\"position\":1,\"name\":\"\u0413\u043b\u0430\u0432\u043d\u0430\u044f \u0441\u0442\u0440\u0430\u043d\u0438\u0446\u0430\",\"item\":\"https:\/\/xstyle.md\/\"},{\"@type\":\"ListItem\",\"position\":2,\"name\":\"\u041c\u0430\u0433\u0430\u0437\u0438\u043d\",\"item\":\"https:\/\/xstyle.md\/shop\/\"},{\"@type\":\"ListItem\",\"position\":3,\"name\":\"\u0413\u0440\u0438\u043b\u044c Petromax Pro-ft Grill Set 3\"}]},{\"@type\":\"WebSite\",\"@id\":\"https:\/\/xstyle.md\/#website\",\"url\":\"https:\/\/xstyle.md\/\",\"name\":\"\u041c\u0430\u0433\u0430\u0437\u0438\u043d Xstyle\",\"description\":\"C\u043d\u0430\u0440\u044f\u0436\u0435\u043d\u0438\u0435 \u0434\u043b\u044f \u0442\u0443\u0440\u0438\u0437\u043c\u0430 \u0438 \u044d\u043a\u0441\u0442\u0440\u0435\u043c\u0430\u043b\u044c\u043d\u044b\u0445 \u0432\u0438\u0434\u043e\u0432 \u0441\u043f\u043e\u0440\u0442\u0430 \u0432 \u041c\u043e\u043b\u0434\u043e\u0432\u0435.. \u0426\u0435\u043d\u044b, \u0444\u043e\u0442\u043e, \u0445\u0430\u0440\u0430\u043a\u0442\u0435\u0440\u0438\u0441\u0442\u0438\u043a\u0438 \u0432 \u041c\u043e\u043b\u0434\u043e\u0432\u0435.\",\"publisher\":{\"@id\":\"https:\/\/xstyle.md\/#organization\"},\"alternateName\":\"X-Style\",\"potentialAction\":[{\"@type\":\"SearchAction\",\"target\":{\"@type\":\"EntryPoint\",\"urlTemplate\":\"https:\/\/xstyle.md\/?s={search_term_string}\"},\"query-input\":{\"@type\":\"PropertyValueSpecification\",\"valueRequired\":true,\"valueName\":\"search_term_string\"}}],\"inLanguage\":\"ro-RO\"},{\"@type\":\"Organization\",\"@id\":\"https:\/\/xstyle.md\/#organization\",\"name\":\"\u041c\u0430\u0433\u0430\u0437\u0438\u043d Xstyle\",\"alternateName\":\"x-style\",\"url\":\"https:\/\/xstyle.md\/\",\"logo\":{\"@type\":\"ImageObject\",\"inLanguage\":\"ro-RO\",\"@id\":\"https:\/\/xstyle.md\/#\/schema\/logo\/image\/\",\"url\":\"https:\/\/xstyle.md\/wp-content\/uploads\/2020\/06\/logoicon.svg\",\"contentUrl\":\"https:\/\/xstyle.md\/wp-content\/uploads\/2020\/06\/logoicon.svg\",\"caption\":\"\u041c\u0430\u0433\u0430\u0437\u0438\u043d Xstyle\"},\"image\":{\"@id\":\"https:\/\/xstyle.md\/#\/schema\/logo\/image\/\"},\"sameAs\":[\"https:\/\/www.facebook.com\/xstylemd\",\"https:\/\/www.instagram.com\/xstyle_md\/\",\"https:\/\/t.me\/xstyle_outdoor\"],\"hasMerchantReturnPolicy\":{\"@type\":\"MerchantReturnPolicy\",\"merchantReturnLink\":\"https:\/\/xstyle.md\/ro\/conditions\/\"}}]}<\/script>\n<meta property=\"product:price:amount\" content=\"2560.00\" \/>\n<meta property=\"product:price:currency\" content=\"MDL\" \/>\n<meta property=\"og:availability\" content=\"instock\" \/>\n<meta property=\"product:availability\" content=\"instock\" \/>\n<meta property=\"product:retailer_item_id\" content=\"2000990051929\" \/>\n<meta property=\"product:condition\" content=\"new\" \/>\n<!-- \/ Yoast SEO plugin. -->","yoast_head_json":{"title":"Gratar Petromax Pro-ft Grill Set 3 - Magazin Xstyle","description":"Cump\u0103ra\u021bi setul de gr\u0103tare Petromax Pro-ft Grill Set 3 pentru un picnic perfect! Include un suport universal, o plas\u0103 \u0219i o cuv\u0103 pentru c\u0103rbuni pentru confort \u00een gr\u0103tar.","robots":{"index":"index","follow":"follow","max-snippet":"max-snippet:-1","max-image-preview":"max-image-preview:large","max-video-preview":"max-video-preview:-1"},"canonical":"https:\/\/xstyle.md\/ro\/produs\/gril-petromax-pro-ft-grill-set-3\/","og_locale":"ro_RO","og_type":"article","og_title":"\u0413\u0440\u0438\u043b\u044c Petromax Pro-ft Grill Set 3 - \u041c\u0430\u0433\u0430\u0437\u0438\u043d Xstyle","og_description":"\u041f\u043e\u043a\u0443\u043f\u0430\u0439\u0442\u0435 \u043d\u0430\u0431\u043e\u0440 \u0433\u0440\u0438\u043b\u0435\u0439 Petromax Pro-ft Grill Set 3 \u0434\u043b\u044f \u0438\u0434\u0435\u0430\u043b\u044c\u043d\u043e\u0433\u043e \u043f\u0438\u043a\u043d\u0438\u043a\u0430! \u0412\u043a\u043b\u044e\u0447\u0430\u0435\u0442 \u0443\u043d\u0438\u0432\u0435\u0440\u0441\u0430\u043b\u044c\u043d\u0443\u044e \u043f\u043e\u0434\u0441\u0442\u0430\u0432\u043a\u0443, \u0440\u0435\u0448\u0451\u0442\u043a\u0443 \u0438 \u0443\u0433\u043e\u043b\u044c\u043d\u0443\u044e \u0447\u0430\u0448\u0443 \u0434\u043b\u044f \u0443\u0434\u043e\u0431\u0441\u0442\u0432\u0430 \u0433\u0440\u0438\u043b\u043b\u0438\u043d\u0433\u0430.","og_url":"https:\/\/xstyle.md\/ro\/produs\/gril-petromax-pro-ft-grill-set-3\/","og_site_name":"\u041c\u0430\u0433\u0430\u0437\u0438\u043d Xstyle","article_publisher":"https:\/\/www.facebook.com\/xstylemd","article_modified_time":"2026-03-19T13:45:39+00:00","og_image":[{"width":650,"height":488,"url":"https:\/\/xstyle.md\/wp-content\/uploads\/2021\/07\/petromax-pro-ft-grill-set-3.jpg","type":"image\/jpeg"}],"twitter_card":"summary_large_image","twitter_misc":{"Pre\u021b":"2.560&nbsp;MDL","Disponibilitate":"\u00cen stoc"},"schema":{"@context":"https:\/\/schema.org","@graph":[{"@type":"WebPage","@id":"https:\/\/xstyle.md\/product\/gril-petromax-pro-ft-grill-set-3\/","url":"https:\/\/xstyle.md\/product\/gril-petromax-pro-ft-grill-set-3\/","name":"Gratar Petromax Pro-ft Grill Set 3 - Magazin Xstyle","isPartOf":{"@id":"https:\/\/xstyle.md\/#website"},"primaryImageOfPage":{"@id":"https:\/\/xstyle.md\/product\/gril-petromax-pro-ft-grill-set-3\/#primaryimage"},"image":{"@id":"https:\/\/xstyle.md\/product\/gril-petromax-pro-ft-grill-set-3\/#primaryimage"},"thumbnailUrl":"https:\/\/xstyle.md\/wp-content\/uploads\/2021\/07\/petromax-pro-ft-grill-set-3.jpg","datePublished":"2021-07-27T11:26:22+00:00","dateModified":"2026-03-19T13:45:39+00:00","description":"Cump\u0103ra\u021bi setul de gr\u0103tare Petromax Pro-ft Grill Set 3 pentru un picnic perfect! Include un suport universal, o plas\u0103 \u0219i o cuv\u0103 pentru c\u0103rbuni pentru confort \u00een gr\u0103tar.","breadcrumb":{"@id":"https:\/\/xstyle.md\/product\/gril-petromax-pro-ft-grill-set-3\/#breadcrumb"},"inLanguage":"ro-RO","potentialAction":[{"@type":"ReadAction","target":["https:\/\/xstyle.md\/product\/gril-petromax-pro-ft-grill-set-3\/"]}]},{"@type":"ImageObject","inLanguage":"ro-RO","@id":"https:\/\/xstyle.md\/product\/gril-petromax-pro-ft-grill-set-3\/#primaryimage","url":"https:\/\/xstyle.md\/wp-content\/uploads\/2021\/07\/petromax-pro-ft-grill-set-3.jpg","contentUrl":"https:\/\/xstyle.md\/wp-content\/uploads\/2021\/07\/petromax-pro-ft-grill-set-3.jpg","width":650,"height":488,"caption":"\u041a\u043e\u043c\u043f\u043b\u0435\u043a\u0442 \u0433\u0440\u0438\u043b\u044f Petromax Pro-ft \u0434\u043b\u044f \u0430\u043a\u0442\u0438\u0432\u043d\u043e\u0433\u043e \u043e\u0442\u0434\u044b\u0445\u0430, \u043f\u043e\u0445\u043e\u0434\u043e\u0432, \u043f\u0443\u0442\u0435\u0448\u0435\u0441\u0442\u0432\u0438\u0439 \u0441 \u043e\u0434\u0435\u0436\u0434\u043e\u0439 \u0438 \u043e\u0431\u0443\u0432\u044c\u044e \u0434\u043b\u044f \u0442\u0443\u0440\u0438\u0437\u043c\u0430 \u0438 \u0430\u043b\u044c\u043f\u0438\u043d\u0438\u0437\u043c\u0430"},{"@type":"BreadcrumbList","@id":"https:\/\/xstyle.md\/product\/gril-petromax-pro-ft-grill-set-3\/#breadcrumb","itemListElement":[{"@type":"ListItem","position":1,"name":"\u0413\u043b\u0430\u0432\u043d\u0430\u044f \u0441\u0442\u0440\u0430\u043d\u0438\u0446\u0430","item":"https:\/\/xstyle.md\/"},{"@type":"ListItem","position":2,"name":"\u041c\u0430\u0433\u0430\u0437\u0438\u043d","item":"https:\/\/xstyle.md\/shop\/"},{"@type":"ListItem","position":3,"name":"\u0413\u0440\u0438\u043b\u044c Petromax Pro-ft Grill Set 3"}]},{"@type":"WebSite","@id":"https:\/\/xstyle.md\/#website","url":"https:\/\/xstyle.md\/","name":"Magazinul X-Style","description":"Echipamente pentru turism \u0219i sporturi extreme \u00een Moldova. Pre\u021buri, fotografii, caracteristici \u00een Moldova.","publisher":{"@id":"https:\/\/xstyle.md\/#organization"},"alternateName":"X-Style","potentialAction":[{"@type":"SearchAction","target":{"@type":"EntryPoint","urlTemplate":"https:\/\/xstyle.md\/?s={search_term_string}"},"query-input":{"@type":"PropertyValueSpecification","valueRequired":true,"valueName":"search_term_string"}}],"inLanguage":"ro-RO"},{"@type":"Organization","@id":"https:\/\/xstyle.md\/#organization","name":"Magazinul X-Style","alternateName":"x-style","url":"https:\/\/xstyle.md\/","logo":{"@type":"ImageObject","inLanguage":"ro-RO","@id":"https:\/\/xstyle.md\/#\/schema\/logo\/image\/","url":"https:\/\/xstyle.md\/wp-content\/uploads\/2020\/06\/logoicon.svg","contentUrl":"https:\/\/xstyle.md\/wp-content\/uploads\/2020\/06\/logoicon.svg","caption":"\u041c\u0430\u0433\u0430\u0437\u0438\u043d Xstyle"},"image":{"@id":"https:\/\/xstyle.md\/#\/schema\/logo\/image\/"},"sameAs":["https:\/\/www.facebook.com\/xstylemd","https:\/\/www.instagram.com\/xstyle_md\/","https:\/\/t.me\/xstyle_outdoor"],"hasMerchantReturnPolicy":{"@type":"MerchantReturnPolicy","merchantReturnLink":"https:\/\/xstyle.md\/ro\/conditions\/"}}]},"product_price_amount":"2560.00","product_price_currency":"MDL","og_availability":"instock","product_availability":"instock","product_retailer_item_id":"2000990051929","product_condition":"new"},"post_mailing_queue_ids":[],"_links":{"self":[{"href":"https:\/\/xstyle.md\/ro\/wp-json\/wp\/v2\/product\/37745","targetHints":{"allow":["GET"]}}],"collection":[{"href":"https:\/\/xstyle.md\/ro\/wp-json\/wp\/v2\/product"}],"about":[{"href":"https:\/\/xstyle.md\/ro\/wp-json\/wp\/v2\/types\/product"}],"replies":[{"embeddable":true,"href":"https:\/\/xstyle.md\/ro\/wp-json\/wp\/v2\/comments?post=37745"}],"wp:featuredmedia":[{"embeddable":true,"href":"https:\/\/xstyle.md\/ro\/wp-json\/wp\/v2\/media\/38175"}],"wp:attachment":[{"href":"https:\/\/xstyle.md\/ro\/wp-json\/wp\/v2\/media?parent=37745"}],"wp:term":[{"taxonomy":"product_brand","embeddable":true,"href":"https:\/\/xstyle.md\/ro\/wp-json\/wp\/v2\/product_brand?post=37745"},{"taxonomy":"product_cat","embeddable":true,"href":"https:\/\/xstyle.md\/ro\/wp-json\/wp\/v2\/product_cat?post=37745"},{"taxonomy":"product_tag","embeddable":true,"href":"https:\/\/xstyle.md\/ro\/wp-json\/wp\/v2\/product_tag?post=37745"}],"curies":[{"name":"wp","href":"https:\/\/api.w.org\/{rel}","templated":true}]}}