{"id":37730,"date":"2021-07-27T14:26:19","date_gmt":"2021-07-27T11:26:19","guid":{"rendered":"https:\/\/xstyle.md\/?post_type=product&#038;p=37730"},"modified":"2024-10-21T09:38:33","modified_gmt":"2024-10-21T06:38:33","slug":"rjukzak-osprey-ace-50-ii","status":"publish","type":"product","link":"https:\/\/xstyle.md\/ro\/produs\/rjukzak-osprey-ace-50-ii\/","title":{"rendered":"Rucsac Osprey Ace 50 II"},"content":{"rendered":"<\/p>\n<p><strong>Osprey Ace 50 II<\/strong> &#8212; rucsac u\u0219or \u0219i func\u021bional pentru copii \u0219i adolescen\u021bi, cu o capacitate de 50 de litri. Conceput pentru copii cu v\u00e2rste cuprinse \u00eentre 6 \u0219i 12 ani. Fie c\u0103 este vorba de o drume\u021bie lung\u0103, o excursie de camping peste noapte sau o excursie de weekend, rucsacul va fi un concurent demn de orice model pentru adul\u021bi al acestui brand. Produc\u0103torul \u00een\u021belege c\u0103 copiii se transform\u0103 rapid \u00een adolescen\u021bi, rucsacul are un sp\u0103tar reglabil \u0219i o curea de talie Fit-on-the-Fly. Rucsacul este compatibil cu sistemele de b\u0103utur\u0103 \u0219i este prev\u0103zut cu o hus\u0103 de ploaie. Este construit din materiale f\u0103r\u0103 PFC DWR. Rucsacul este conceput pentru activit\u0103\u021bi recreative \u00een aer liber.<\/p>\n<h3>Particularit\u0103\u021bi<\/h3>\n<ul>\n<li>Fabricat din material 100% reciclat<\/li>\n<li>Curea de piept cu fluier<\/li>\n<li>Harna\u0219amentul pentru spate AirSpeed\u2122 asigur\u0103 o ventila\u021bie excelent\u0103 printr-o construc\u021bie din plas\u0103 cu cadru elastic<\/li>\n<li>Reglabil pentru \u00een\u0103l\u021bime<\/li>\n<li>Compatibil cu sistemele de b\u0103utur\u0103 Osprey Hydraulics\u2122 \u0219i Hydraulics\u2122 LT Reservoir.<\/li>\n<li>M\u00e2ner de sus<\/li>\n<li>Hus\u0103 de ploaie inclus\u0103<\/li>\n<li>Curele de compresie laterale<\/li>\n<li>Bucla de fixare a pioletului<\/li>\n<li>Acces la compartimentul principal prin intermediul clapetei din partea superioar\u0103 a rucsacului<\/li>\n<\/ul>\n<h3>Caracteristici<\/h3>\n<ul>\n<li>Greutate &#8212; 1680 g<\/li>\n<li>Volum &#8212; 50 litri<\/li>\n<li>Dimensiuni &#8212; 70 x 38 x 30 (H x L x P) cm<\/li>\n<li>Material &#8212; 600D Bluesign Nylon reciclat 600D Packcloth<\/li>\n<li>Nu este potrivit pentru bagajele de m\u00e2n\u0103<\/li>\n<li>Hus\u0103 de ploaie &#8212; nu<\/li>\n<li>Ventila\u021bie &#8212; da<\/li>\n<li>Destina\u021bie &#8212; drume\u021bii, trekking<\/li>\n<li>Model &#8212; pentru copii<\/li>\n<\/ul>\n<h3>Tehnologie<\/h3>\n<ul>\n<li><b>AirSpeed<\/b>\u2122 &#8212; sp\u0103tarul cu plas\u0103 \u00eentins\u0103 creeaz\u0103 un spa\u021biu de aer \u00eentre rucsac \u0219i spatele dumneavoastr\u0103. Ave\u021bi garantat\u0103 o ventila\u021bie \u0219i un confort excelent atunci c\u00e2nd c\u0103l\u0103tori\u021bi rapid pe vreme cald\u0103.<\/li>\n<li><strong>Fit-on-the-Fly<\/strong>\u2122 \u2013 este un sistem de etan\u0219are inovator, reglabil, \u00eencorporat \u00een curelele de talie ale unora dintre cei mai mari rucsacuri Osprey. Inser\u021biile de etan\u0219are pot fi ajustate \u00een func\u021bie de utilizator prin modificarea lungimii (volumului) curelei de talie.<\/li>\n<\/ul>\n<h3>Marca<\/h3>\n<p>Osprey este un produc\u0103tor american care produce rucsacuri moderne excelente pentru o varietate de sarcini, gen\u021bi \u0219i accesorii pentru drume\u021bii. Calitatea produselor marca Osprey se datoreaz\u0103 interesului \u0219i implic\u0103rii personale \u00een dezvoltarea \u0219i controlul proprietarului, Mike Pfotenhauer.<\/p>\n<p>Din 1974, c\u00e2nd a \u00eenregistrat compania, el a verificat fiecare element al rucsacurilor \u0219i al altor produse fabricate anatomic. Aceast\u0103 abordare este cea care a f\u0103cut ca \u00een c\u00e2\u021biva ani de la introducerea Osprey, marca s\u0103 primeasc\u0103 calificative de top din partea clien\u021bilor, prin cererea mare de produse.<\/p>\n<p>\u0218i chiar \u0219i acum, mai bine de 40 de ani mai t\u00e2rziu, Mike viziteaz\u0103 zilnic compania, verific\u00e2nd \u0219i ajust\u00e2nd toate procesele. Aceast\u0103 abordare a afacerii a dus la capacitatea de a oferi o garan\u021bie pe via\u021b\u0103 pentru produsele lor. Principalele caracteristici ale produselor Osprey sunt calitatea ridicat\u0103, tehnologia \u0219i inova\u021bia.<\/p>\n<p><\/p>\n<\/div>\n<\/div>","protected":false},"excerpt":{"rendered":"<p>Rucsac Osprey Ace 50 II<\/p>","protected":false},"featured_media":37955,"comment_status":"open","ping_status":"closed","template":"","meta":{"_acf_changed":false,"inline_featured_image":false},"product_brand":[1260],"product_cat":[20],"product_tag":[],"class_list":{"0":"post-37730","1":"product","2":"type-product","3":"status-publish","4":"has-post-thumbnail","6":"product_brand-osprey","7":"product_cat-travel-up-to-50-bag","9":"first","10":"instock","11":"shipping-taxable","12":"purchasable","13":"product-type-simple"},"acf":[],"yoast_head":"<!-- This site is optimized with the Yoast SEO plugin v27.4 - https:\/\/yoast.com\/product\/yoast-seo-wordpress\/ -->\n<title>\u0420\u044e\u043a\u0437\u0430\u043a Osprey Ace 50 II - \u041c\u0430\u0433\u0430\u0437\u0438\u043d Xstyle<\/title>\n<meta name=\"description\" content=\"\u0420\u044e\u043a\u0437\u0430\u043a Osprey Ace 50 II \u2013 \u043b\u0435\u0433\u043a\u0438\u0439 \u0438 \u0444\u0443\u043d\u043a\u0446\u0438\u043e\u043d\u0430\u043b\u044c\u043d\u044b\u0439, \u0438\u0434\u0435\u0430\u043b\u0435\u043d \u0434\u043b\u044f \u0434\u0435\u0442\u0435\u0439 \u0438 \u043f\u043e\u0434\u0440\u043e\u0441\u0442\u043a\u043e\u0432. \u041e\u0431\u044a\u0435\u043c 50 \u043b\u0438\u0442\u0440\u043e\u0432, \u0443\u043d\u0438\u043a\u0430\u043b\u044c\u043d\u044b\u0435 \u0442\u0435\u0445\u043d\u043e\u043b\u043e\u0433\u0438\u0438 \u0434\u043b\u044f \u043a\u043e\u043c\u0444\u043e\u0440\u0442\u0430.\" \/>\n<meta name=\"robots\" content=\"index, follow, max-snippet:-1, max-image-preview:large, max-video-preview:-1\" \/>\n<link rel=\"canonical\" href=\"https:\/\/xstyle.md\/ro\/produs\/rjukzak-osprey-ace-50-ii\/\" \/>\n<meta property=\"og:locale\" content=\"ro_RO\" \/>\n<meta property=\"og:type\" content=\"article\" \/>\n<meta property=\"og:title\" content=\"\u0420\u044e\u043a\u0437\u0430\u043a Osprey Ace 50 II - \u041c\u0430\u0433\u0430\u0437\u0438\u043d Xstyle\" \/>\n<meta property=\"og:description\" content=\"\u0420\u044e\u043a\u0437\u0430\u043a Osprey Ace 50 II \u2013 \u043b\u0435\u0433\u043a\u0438\u0439 \u0438 \u0444\u0443\u043d\u043a\u0446\u0438\u043e\u043d\u0430\u043b\u044c\u043d\u044b\u0439, \u0438\u0434\u0435\u0430\u043b\u0435\u043d \u0434\u043b\u044f \u0434\u0435\u0442\u0435\u0439 \u0438 \u043f\u043e\u0434\u0440\u043e\u0441\u0442\u043a\u043e\u0432. \u041e\u0431\u044a\u0435\u043c 50 \u043b\u0438\u0442\u0440\u043e\u0432, \u0443\u043d\u0438\u043a\u0430\u043b\u044c\u043d\u044b\u0435 \u0442\u0435\u0445\u043d\u043e\u043b\u043e\u0433\u0438\u0438 \u0434\u043b\u044f \u043a\u043e\u043c\u0444\u043e\u0440\u0442\u0430.\" \/>\n<meta property=\"og:url\" content=\"https:\/\/xstyle.md\/ro\/produs\/rjukzak-osprey-ace-50-ii\/\" \/>\n<meta property=\"og:site_name\" content=\"\u041c\u0430\u0433\u0430\u0437\u0438\u043d Xstyle\" \/>\n<meta property=\"article:publisher\" content=\"https:\/\/www.facebook.com\/xstylemd\" \/>\n<meta property=\"article:modified_time\" content=\"2024-10-21T06:38:33+00:00\" \/>\n<meta property=\"og:image\" content=\"https:\/\/xstyle.md\/wp-content\/uploads\/2021\/07\/osprey-ace-50-ii.jpg\" \/>\n\t<meta property=\"og:image:width\" content=\"1000\" \/>\n\t<meta property=\"og:image:height\" content=\"1000\" \/>\n\t<meta property=\"og:image:type\" content=\"image\/jpeg\" \/>\n<meta name=\"twitter:card\" content=\"summary_large_image\" \/>\n<meta name=\"twitter:label1\" content=\"Pre\u021b\" \/>\n\t<meta name=\"twitter:data1\" content=\"3.990&nbsp;MDL\" \/>\n\t<meta name=\"twitter:label2\" content=\"Disponibilitate\" \/>\n\t<meta name=\"twitter:data2\" content=\"\u00cen stoc\" \/>\n<script type=\"application\/ld+json\" class=\"yoast-schema-graph\">{\"@context\":\"https:\\\/\\\/schema.org\",\"@graph\":[{\"@type\":\"WebPage\",\"@id\":\"https:\\\/\\\/xstyle.md\\\/product\\\/rjukzak-osprey-ace-50-ii\\\/\",\"url\":\"https:\\\/\\\/xstyle.md\\\/product\\\/rjukzak-osprey-ace-50-ii\\\/\",\"name\":\"\u0420\u044e\u043a\u0437\u0430\u043a Osprey Ace 50 II - \u041c\u0430\u0433\u0430\u0437\u0438\u043d Xstyle\",\"isPartOf\":{\"@id\":\"https:\\\/\\\/xstyle.md\\\/#website\"},\"primaryImageOfPage\":{\"@id\":\"https:\\\/\\\/xstyle.md\\\/product\\\/rjukzak-osprey-ace-50-ii\\\/#primaryimage\"},\"image\":{\"@id\":\"https:\\\/\\\/xstyle.md\\\/product\\\/rjukzak-osprey-ace-50-ii\\\/#primaryimage\"},\"thumbnailUrl\":\"https:\\\/\\\/xstyle.md\\\/wp-content\\\/uploads\\\/2021\\\/07\\\/osprey-ace-50-ii.jpg\",\"datePublished\":\"2021-07-27T11:26:19+00:00\",\"dateModified\":\"2024-10-21T06:38:33+00:00\",\"description\":\"\u0420\u044e\u043a\u0437\u0430\u043a Osprey Ace 50 II \u2013 \u043b\u0435\u0433\u043a\u0438\u0439 \u0438 \u0444\u0443\u043d\u043a\u0446\u0438\u043e\u043d\u0430\u043b\u044c\u043d\u044b\u0439, \u0438\u0434\u0435\u0430\u043b\u0435\u043d \u0434\u043b\u044f \u0434\u0435\u0442\u0435\u0439 \u0438 \u043f\u043e\u0434\u0440\u043e\u0441\u0442\u043a\u043e\u0432. \u041e\u0431\u044a\u0435\u043c 50 \u043b\u0438\u0442\u0440\u043e\u0432, \u0443\u043d\u0438\u043a\u0430\u043b\u044c\u043d\u044b\u0435 \u0442\u0435\u0445\u043d\u043e\u043b\u043e\u0433\u0438\u0438 \u0434\u043b\u044f \u043a\u043e\u043c\u0444\u043e\u0440\u0442\u0430.\",\"breadcrumb\":{\"@id\":\"https:\\\/\\\/xstyle.md\\\/product\\\/rjukzak-osprey-ace-50-ii\\\/#breadcrumb\"},\"inLanguage\":\"ro-RO\",\"potentialAction\":[{\"@type\":\"ReadAction\",\"target\":[\"https:\\\/\\\/xstyle.md\\\/product\\\/rjukzak-osprey-ace-50-ii\\\/\"]}]},{\"@type\":\"ImageObject\",\"inLanguage\":\"ro-RO\",\"@id\":\"https:\\\/\\\/xstyle.md\\\/product\\\/rjukzak-osprey-ace-50-ii\\\/#primaryimage\",\"url\":\"https:\\\/\\\/xstyle.md\\\/wp-content\\\/uploads\\\/2021\\\/07\\\/osprey-ace-50-ii.jpg\",\"contentUrl\":\"https:\\\/\\\/xstyle.md\\\/wp-content\\\/uploads\\\/2021\\\/07\\\/osprey-ace-50-ii.jpg\",\"width\":1000,\"height\":1000,\"caption\":\"\u0420\u044e\u043a\u0437\u0430\u043a Osprey Ace 50 II \u0434\u043b\u044f \u0430\u043a\u0442\u0438\u0432\u043d\u043e\u0433\u043e \u043e\u0442\u0434\u044b\u0445\u0430, \u043f\u043e\u0445\u043e\u0434\u043e\u0432 \u0438 \u043f\u0443\u0442\u0435\u0448\u0435\u0441\u0442\u0432\u0438\u0439, \u0441\u043f\u043e\u0440\u0442\u0438\u0432\u043d\u0430\u044f \u043e\u0434\u0435\u0436\u0434\u0430 \u0438 \u043e\u0431\u0443\u0432\u044c \u0434\u043b\u044f \u0430\u043b\u044c\u043f\u0438\u043d\u0438\u0437\u043c\u0430 \u0438 \u0442\u0440\u0435\u043a\u0438\u043d\u0433\u0430 \u0434\u043b\u044f \u043e\u043d\u043b\u0430\u0439\u043d-\u043c\u0430\u0433\u0430\u0437\u0438\u043d\u0430\"},{\"@type\":\"BreadcrumbList\",\"@id\":\"https:\\\/\\\/xstyle.md\\\/product\\\/rjukzak-osprey-ace-50-ii\\\/#breadcrumb\",\"itemListElement\":[{\"@type\":\"ListItem\",\"position\":1,\"name\":\"\u0413\u043b\u0430\u0432\u043d\u0430\u044f \u0441\u0442\u0440\u0430\u043d\u0438\u0446\u0430\",\"item\":\"https:\\\/\\\/xstyle.md\\\/\"},{\"@type\":\"ListItem\",\"position\":2,\"name\":\"\u041c\u0430\u0433\u0430\u0437\u0438\u043d\",\"item\":\"https:\\\/\\\/xstyle.md\\\/shop\\\/\"},{\"@type\":\"ListItem\",\"position\":3,\"name\":\"\u0420\u044e\u043a\u0437\u0430\u043a Osprey Ace 50 II\"}]},{\"@type\":\"WebSite\",\"@id\":\"https:\\\/\\\/xstyle.md\\\/#website\",\"url\":\"https:\\\/\\\/xstyle.md\\\/\",\"name\":\"\u041c\u0430\u0433\u0430\u0437\u0438\u043d Xstyle\",\"description\":\"C\u043d\u0430\u0440\u044f\u0436\u0435\u043d\u0438\u0435 \u0434\u043b\u044f \u0442\u0443\u0440\u0438\u0437\u043c\u0430 \u0438 \u044d\u043a\u0441\u0442\u0440\u0435\u043c\u0430\u043b\u044c\u043d\u044b\u0445 \u0432\u0438\u0434\u043e\u0432 \u0441\u043f\u043e\u0440\u0442\u0430 \u0432 \u041c\u043e\u043b\u0434\u043e\u0432\u0435.. \u0426\u0435\u043d\u044b, \u0444\u043e\u0442\u043e, \u0445\u0430\u0440\u0430\u043a\u0442\u0435\u0440\u0438\u0441\u0442\u0438\u043a\u0438 \u0432 \u041c\u043e\u043b\u0434\u043e\u0432\u0435.\",\"publisher\":{\"@id\":\"https:\\\/\\\/xstyle.md\\\/#organization\"},\"alternateName\":\"X-Style\",\"potentialAction\":[{\"@type\":\"SearchAction\",\"target\":{\"@type\":\"EntryPoint\",\"urlTemplate\":\"https:\\\/\\\/xstyle.md\\\/?s={search_term_string}\"},\"query-input\":{\"@type\":\"PropertyValueSpecification\",\"valueRequired\":true,\"valueName\":\"search_term_string\"}}],\"inLanguage\":\"ro-RO\"},{\"@type\":\"Organization\",\"@id\":\"https:\\\/\\\/xstyle.md\\\/#organization\",\"name\":\"\u041c\u0430\u0433\u0430\u0437\u0438\u043d Xstyle\",\"alternateName\":\"x-style\",\"url\":\"https:\\\/\\\/xstyle.md\\\/\",\"logo\":{\"@type\":\"ImageObject\",\"inLanguage\":\"ro-RO\",\"@id\":\"https:\\\/\\\/xstyle.md\\\/#\\\/schema\\\/logo\\\/image\\\/\",\"url\":\"https:\\\/\\\/xstyle.md\\\/wp-content\\\/uploads\\\/2020\\\/06\\\/logoicon.svg\",\"contentUrl\":\"https:\\\/\\\/xstyle.md\\\/wp-content\\\/uploads\\\/2020\\\/06\\\/logoicon.svg\",\"caption\":\"\u041c\u0430\u0433\u0430\u0437\u0438\u043d Xstyle\"},\"image\":{\"@id\":\"https:\\\/\\\/xstyle.md\\\/#\\\/schema\\\/logo\\\/image\\\/\"},\"sameAs\":[\"https:\\\/\\\/www.facebook.com\\\/xstylemd\",\"https:\\\/\\\/www.instagram.com\\\/xstyle_md\\\/\",\"https:\\\/\\\/t.me\\\/xstyle_outdoor\"],\"hasMerchantReturnPolicy\":{\"@type\":\"MerchantReturnPolicy\",\"merchantReturnLink\":\"https:\\\/\\\/xstyle.md\\\/ro\\\/conditions\\\/\"}}]}<\/script>\n<meta property=\"product:price:amount\" content=\"3990.00\" \/>\n<meta property=\"product:price:currency\" content=\"MDL\" \/>\n<meta property=\"og:availability\" content=\"instock\" \/>\n<meta property=\"product:availability\" content=\"instock\" \/>\n<meta property=\"product:retailer_item_id\" content=\"845136093430\" \/>\n<meta property=\"product:condition\" content=\"new\" \/>\n<!-- \/ Yoast SEO plugin. -->","yoast_head_json":{"title":"Rucsac Osprey Ace 50 II - Magazin Xstyle","description":"Rucsacul Osprey Ace 50 II \u2013 u\u0219or \u0219i func\u021bional, ideal pentru copii \u0219i adolescen\u021bi. Capacitate de 50 de litri, tehnologii unice pentru confort.","robots":{"index":"index","follow":"follow","max-snippet":"max-snippet:-1","max-image-preview":"max-image-preview:large","max-video-preview":"max-video-preview:-1"},"canonical":"https:\/\/xstyle.md\/ro\/produs\/rjukzak-osprey-ace-50-ii\/","og_locale":"ro_RO","og_type":"article","og_title":"\u0420\u044e\u043a\u0437\u0430\u043a Osprey Ace 50 II - \u041c\u0430\u0433\u0430\u0437\u0438\u043d Xstyle","og_description":"\u0420\u044e\u043a\u0437\u0430\u043a Osprey Ace 50 II \u2013 \u043b\u0435\u0433\u043a\u0438\u0439 \u0438 \u0444\u0443\u043d\u043a\u0446\u0438\u043e\u043d\u0430\u043b\u044c\u043d\u044b\u0439, \u0438\u0434\u0435\u0430\u043b\u0435\u043d \u0434\u043b\u044f \u0434\u0435\u0442\u0435\u0439 \u0438 \u043f\u043e\u0434\u0440\u043e\u0441\u0442\u043a\u043e\u0432. \u041e\u0431\u044a\u0435\u043c 50 \u043b\u0438\u0442\u0440\u043e\u0432, \u0443\u043d\u0438\u043a\u0430\u043b\u044c\u043d\u044b\u0435 \u0442\u0435\u0445\u043d\u043e\u043b\u043e\u0433\u0438\u0438 \u0434\u043b\u044f \u043a\u043e\u043c\u0444\u043e\u0440\u0442\u0430.","og_url":"https:\/\/xstyle.md\/ro\/produs\/rjukzak-osprey-ace-50-ii\/","og_site_name":"\u041c\u0430\u0433\u0430\u0437\u0438\u043d Xstyle","article_publisher":"https:\/\/www.facebook.com\/xstylemd","article_modified_time":"2024-10-21T06:38:33+00:00","og_image":[{"width":1000,"height":1000,"url":"https:\/\/xstyle.md\/wp-content\/uploads\/2021\/07\/osprey-ace-50-ii.jpg","type":"image\/jpeg"}],"twitter_card":"summary_large_image","twitter_misc":{"Pre\u021b":"3.990&nbsp;MDL","Disponibilitate":"\u00cen stoc"},"schema":{"@context":"https:\/\/schema.org","@graph":[{"@type":"WebPage","@id":"https:\/\/xstyle.md\/product\/rjukzak-osprey-ace-50-ii\/","url":"https:\/\/xstyle.md\/product\/rjukzak-osprey-ace-50-ii\/","name":"Rucsac Osprey Ace 50 II - Magazin Xstyle","isPartOf":{"@id":"https:\/\/xstyle.md\/#website"},"primaryImageOfPage":{"@id":"https:\/\/xstyle.md\/product\/rjukzak-osprey-ace-50-ii\/#primaryimage"},"image":{"@id":"https:\/\/xstyle.md\/product\/rjukzak-osprey-ace-50-ii\/#primaryimage"},"thumbnailUrl":"https:\/\/xstyle.md\/wp-content\/uploads\/2021\/07\/osprey-ace-50-ii.jpg","datePublished":"2021-07-27T11:26:19+00:00","dateModified":"2024-10-21T06:38:33+00:00","description":"Rucsacul Osprey Ace 50 II \u2013 u\u0219or \u0219i func\u021bional, ideal pentru copii \u0219i adolescen\u021bi. Capacitate de 50 de litri, tehnologii unice pentru confort.","breadcrumb":{"@id":"https:\/\/xstyle.md\/product\/rjukzak-osprey-ace-50-ii\/#breadcrumb"},"inLanguage":"ro-RO","potentialAction":[{"@type":"ReadAction","target":["https:\/\/xstyle.md\/product\/rjukzak-osprey-ace-50-ii\/"]}]},{"@type":"ImageObject","inLanguage":"ro-RO","@id":"https:\/\/xstyle.md\/product\/rjukzak-osprey-ace-50-ii\/#primaryimage","url":"https:\/\/xstyle.md\/wp-content\/uploads\/2021\/07\/osprey-ace-50-ii.jpg","contentUrl":"https:\/\/xstyle.md\/wp-content\/uploads\/2021\/07\/osprey-ace-50-ii.jpg","width":1000,"height":1000,"caption":"\u0420\u044e\u043a\u0437\u0430\u043a Osprey Ace 50 II \u0434\u043b\u044f \u0430\u043a\u0442\u0438\u0432\u043d\u043e\u0433\u043e \u043e\u0442\u0434\u044b\u0445\u0430, \u043f\u043e\u0445\u043e\u0434\u043e\u0432 \u0438 \u043f\u0443\u0442\u0435\u0448\u0435\u0441\u0442\u0432\u0438\u0439, \u0441\u043f\u043e\u0440\u0442\u0438\u0432\u043d\u0430\u044f \u043e\u0434\u0435\u0436\u0434\u0430 \u0438 \u043e\u0431\u0443\u0432\u044c \u0434\u043b\u044f \u0430\u043b\u044c\u043f\u0438\u043d\u0438\u0437\u043c\u0430 \u0438 \u0442\u0440\u0435\u043a\u0438\u043d\u0433\u0430 \u0434\u043b\u044f \u043e\u043d\u043b\u0430\u0439\u043d-\u043c\u0430\u0433\u0430\u0437\u0438\u043d\u0430"},{"@type":"BreadcrumbList","@id":"https:\/\/xstyle.md\/product\/rjukzak-osprey-ace-50-ii\/#breadcrumb","itemListElement":[{"@type":"ListItem","position":1,"name":"\u0413\u043b\u0430\u0432\u043d\u0430\u044f \u0441\u0442\u0440\u0430\u043d\u0438\u0446\u0430","item":"https:\/\/xstyle.md\/"},{"@type":"ListItem","position":2,"name":"\u041c\u0430\u0433\u0430\u0437\u0438\u043d","item":"https:\/\/xstyle.md\/shop\/"},{"@type":"ListItem","position":3,"name":"\u0420\u044e\u043a\u0437\u0430\u043a Osprey Ace 50 II"}]},{"@type":"WebSite","@id":"https:\/\/xstyle.md\/#website","url":"https:\/\/xstyle.md\/","name":"Magazinul X-Style","description":"Echipamente pentru turism \u0219i sporturi extreme \u00een Moldova. Pre\u021buri, fotografii, caracteristici \u00een Moldova.","publisher":{"@id":"https:\/\/xstyle.md\/#organization"},"alternateName":"X-Style","potentialAction":[{"@type":"SearchAction","target":{"@type":"EntryPoint","urlTemplate":"https:\/\/xstyle.md\/?s={search_term_string}"},"query-input":{"@type":"PropertyValueSpecification","valueRequired":true,"valueName":"search_term_string"}}],"inLanguage":"ro-RO"},{"@type":"Organization","@id":"https:\/\/xstyle.md\/#organization","name":"Magazinul X-Style","alternateName":"x-style","url":"https:\/\/xstyle.md\/","logo":{"@type":"ImageObject","inLanguage":"ro-RO","@id":"https:\/\/xstyle.md\/#\/schema\/logo\/image\/","url":"https:\/\/xstyle.md\/wp-content\/uploads\/2020\/06\/logoicon.svg","contentUrl":"https:\/\/xstyle.md\/wp-content\/uploads\/2020\/06\/logoicon.svg","caption":"\u041c\u0430\u0433\u0430\u0437\u0438\u043d Xstyle"},"image":{"@id":"https:\/\/xstyle.md\/#\/schema\/logo\/image\/"},"sameAs":["https:\/\/www.facebook.com\/xstylemd","https:\/\/www.instagram.com\/xstyle_md\/","https:\/\/t.me\/xstyle_outdoor"],"hasMerchantReturnPolicy":{"@type":"MerchantReturnPolicy","merchantReturnLink":"https:\/\/xstyle.md\/ro\/conditions\/"}}]},"product_price_amount":"3990.00","product_price_currency":"MDL","og_availability":"instock","product_availability":"instock","product_retailer_item_id":"845136093430","product_condition":"new"},"_links":{"self":[{"href":"https:\/\/xstyle.md\/ro\/wp-json\/wp\/v2\/product\/37730","targetHints":{"allow":["GET"]}}],"collection":[{"href":"https:\/\/xstyle.md\/ro\/wp-json\/wp\/v2\/product"}],"about":[{"href":"https:\/\/xstyle.md\/ro\/wp-json\/wp\/v2\/types\/product"}],"replies":[{"embeddable":true,"href":"https:\/\/xstyle.md\/ro\/wp-json\/wp\/v2\/comments?post=37730"}],"wp:featuredmedia":[{"embeddable":true,"href":"https:\/\/xstyle.md\/ro\/wp-json\/wp\/v2\/media\/37955"}],"wp:attachment":[{"href":"https:\/\/xstyle.md\/ro\/wp-json\/wp\/v2\/media?parent=37730"}],"wp:term":[{"taxonomy":"product_brand","embeddable":true,"href":"https:\/\/xstyle.md\/ro\/wp-json\/wp\/v2\/product_brand?post=37730"},{"taxonomy":"product_cat","embeddable":true,"href":"https:\/\/xstyle.md\/ro\/wp-json\/wp\/v2\/product_cat?post=37730"},{"taxonomy":"product_tag","embeddable":true,"href":"https:\/\/xstyle.md\/ro\/wp-json\/wp\/v2\/product_tag?post=37730"}],"curies":[{"name":"wp","href":"https:\/\/api.w.org\/{rel}","templated":true}]}}