{"id":37723,"date":"2021-07-27T14:26:18","date_gmt":"2021-07-27T11:26:18","guid":{"rendered":"https:\/\/xstyle.md\/?post_type=product&#038;p=37723"},"modified":"2025-10-24T12:55:22","modified_gmt":"2025-10-24T09:55:22","slug":"nozh-mora-companion-spark-green","status":"publish","type":"product","link":"https:\/\/xstyle.md\/ro\/produs\/nozh-mora-companion-spark-green\/","title":{"rendered":"Cu\u021bit Mora Companion Spark Green"},"content":{"rendered":"<\/p>\n<p>Cu\u021bitul <strong>Mora Companion Spark Green<\/strong> dispune de un arunc\u0103tor de fl\u0103c\u0103ri de \u00eenalt\u0103 calitate, \u00eencorporat chiar \u00een m\u00e2ner pentru acces \u0219i utilizare u\u0219oar\u0103, cu un cordon reflectorizant care \u00eel face u\u0219or de localizat \u00een caz de pierdere. Teaca este confec\u021bionat\u0103 dintr-un polimer rezistent, cu o clem\u0103 practic\u0103 pentru o fixare u\u0219oar\u0103 la centur\u0103.<\/p>\n<p>Cu\u021bitul are o lam\u0103 laminat\u0103 la rece, realizat\u0103 din o\u021bel inoxidabil Sandvik 12C27 de 2,5 grosime. Iar \u0219lefuirea scandinav\u0103 ofer\u0103 o muchie foarte ascu\u021bit\u0103, cu un control excelent al crest\u0103turii, iar cu\u021bitul este u\u0219or de ascu\u021bit. M\u00e2nerul ergonomic cu m\u00e2ner de cauciuc cu fric\u021biune ridicat\u0103 creeaz\u0103 o senza\u021bie de control total, facilit\u00e2nd lucrul. Teaca din plastic cu bucla de centur\u0103 v\u0103 permite s\u0103 ave\u021bi cu\u021bitul cu dvs. \u00een permanen\u021b\u0103.<\/p>\n<h3>Caracteristici<\/h3>\n<ul>\n<li>Tip de cu\u021bit: nepliabil<\/li>\n<li>Tip de t\u0103i\u0219: obi\u0219nuit<\/li>\n<li>Lungime total\u0103: 23,8 cm<\/li>\n<li>Lungimea lamei: 10,4 cm<\/li>\n<li>Material m\u00e2ner: plastic + cauciuc<\/li>\n<li>Duritatea o\u021belului: 56-58 HRC<\/li>\n<li>Calitatea o\u021belului: Sandvik 12C27<\/li>\n<li>Greutate: 128 g.<\/li>\n<\/ul>\n<p><\/p>","protected":false},"excerpt":{"rendered":"<p>Cu\u021bit Mora Companion Spark Green<\/p>","protected":false},"featured_media":38151,"comment_status":"open","ping_status":"closed","template":"","meta":{"_acf_changed":false,"inline_featured_image":false},"product_brand":[1368],"product_cat":[169],"product_tag":[],"class_list":{"0":"post-37723","1":"product","2":"type-product","3":"status-publish","4":"has-post-thumbnail","6":"product_brand-mora","7":"product_cat-knives","9":"first","10":"instock","11":"shipping-taxable","12":"purchasable","13":"product-type-simple"},"acf":[],"yoast_head":"<!-- This site is optimized with the Yoast SEO plugin v27.4 - https:\/\/yoast.com\/product\/yoast-seo-wordpress\/ -->\n<title>\u041d\u043e\u0436 Mora Companion Spark Green - \u041c\u0430\u0433\u0430\u0437\u0438\u043d Xstyle<\/title>\n<meta name=\"description\" content=\"\u041a\u0443\u043f\u0438\u0442\u0435 \u043d\u043e\u0436 Mora Companion Spark Green \u0441 \u0432\u0441\u0442\u0440\u043e\u0435\u043d\u043d\u043e\u0439 \u0437\u0430\u0436\u0438\u0433\u0430\u043b\u043a\u043e\u0439. \u0423\u0434\u043e\u0431\u043d\u044b\u0439 \u0438 \u043d\u0430\u0434\u0435\u0436\u043d\u044b\u0439, \u043e\u043d \u0438\u0434\u0435\u0430\u043b\u044c\u043d\u043e \u043f\u043e\u0434\u0445\u043e\u0434\u0438\u0442 \u0434\u043b\u044f \u0430\u043a\u0442\u0438\u0432\u043d\u043e\u0433\u043e \u043e\u0442\u0434\u044b\u0445\u0430 \u0438 \u0432\u044b\u0436\u0438\u0432\u0430\u043d\u0438\u044f \u043d\u0430 \u043f\u0440\u0438\u0440\u043e\u0434\u0435.\" \/>\n<meta name=\"robots\" content=\"index, follow, max-snippet:-1, max-image-preview:large, max-video-preview:-1\" \/>\n<link rel=\"canonical\" href=\"https:\/\/xstyle.md\/ro\/produs\/nozh-mora-companion-spark-green\/\" \/>\n<meta property=\"og:locale\" content=\"ro_RO\" \/>\n<meta property=\"og:type\" content=\"article\" \/>\n<meta property=\"og:title\" content=\"\u041d\u043e\u0436 Mora Companion Spark Green - \u041c\u0430\u0433\u0430\u0437\u0438\u043d Xstyle\" \/>\n<meta property=\"og:description\" content=\"\u041a\u0443\u043f\u0438\u0442\u0435 \u043d\u043e\u0436 Mora Companion Spark Green \u0441 \u0432\u0441\u0442\u0440\u043e\u0435\u043d\u043d\u043e\u0439 \u0437\u0430\u0436\u0438\u0433\u0430\u043b\u043a\u043e\u0439. \u0423\u0434\u043e\u0431\u043d\u044b\u0439 \u0438 \u043d\u0430\u0434\u0435\u0436\u043d\u044b\u0439, \u043e\u043d \u0438\u0434\u0435\u0430\u043b\u044c\u043d\u043e \u043f\u043e\u0434\u0445\u043e\u0434\u0438\u0442 \u0434\u043b\u044f \u0430\u043a\u0442\u0438\u0432\u043d\u043e\u0433\u043e \u043e\u0442\u0434\u044b\u0445\u0430 \u0438 \u0432\u044b\u0436\u0438\u0432\u0430\u043d\u0438\u044f \u043d\u0430 \u043f\u0440\u0438\u0440\u043e\u0434\u0435.\" \/>\n<meta property=\"og:url\" content=\"https:\/\/xstyle.md\/ro\/produs\/nozh-mora-companion-spark-green\/\" \/>\n<meta property=\"og:site_name\" content=\"\u041c\u0430\u0433\u0430\u0437\u0438\u043d Xstyle\" \/>\n<meta property=\"article:publisher\" content=\"https:\/\/www.facebook.com\/xstylemd\" \/>\n<meta property=\"article:modified_time\" content=\"2025-10-24T09:55:22+00:00\" \/>\n<meta property=\"og:image\" content=\"https:\/\/xstyle.md\/wp-content\/uploads\/2021\/07\/mora-companion-spark-green.jpeg\" \/>\n\t<meta property=\"og:image:width\" content=\"632\" \/>\n\t<meta property=\"og:image:height\" content=\"594\" \/>\n\t<meta property=\"og:image:type\" content=\"image\/jpeg\" \/>\n<meta name=\"twitter:card\" content=\"summary_large_image\" \/>\n<meta name=\"twitter:label1\" content=\"Pre\u021b\" \/>\n\t<meta name=\"twitter:data1\" content=\"725&nbsp;MDL\" \/>\n\t<meta name=\"twitter:label2\" content=\"Disponibilitate\" \/>\n\t<meta name=\"twitter:data2\" content=\"\u00cen stoc\" \/>\n<script type=\"application\/ld+json\" class=\"yoast-schema-graph\">{\"@context\":\"https:\\\/\\\/schema.org\",\"@graph\":[{\"@type\":\"WebPage\",\"@id\":\"https:\\\/\\\/xstyle.md\\\/product\\\/nozh-mora-companion-spark-green\\\/\",\"url\":\"https:\\\/\\\/xstyle.md\\\/product\\\/nozh-mora-companion-spark-green\\\/\",\"name\":\"\u041d\u043e\u0436 Mora Companion Spark Green - \u041c\u0430\u0433\u0430\u0437\u0438\u043d Xstyle\",\"isPartOf\":{\"@id\":\"https:\\\/\\\/xstyle.md\\\/#website\"},\"primaryImageOfPage\":{\"@id\":\"https:\\\/\\\/xstyle.md\\\/product\\\/nozh-mora-companion-spark-green\\\/#primaryimage\"},\"image\":{\"@id\":\"https:\\\/\\\/xstyle.md\\\/product\\\/nozh-mora-companion-spark-green\\\/#primaryimage\"},\"thumbnailUrl\":\"https:\\\/\\\/xstyle.md\\\/wp-content\\\/uploads\\\/2021\\\/07\\\/mora-companion-spark-green.jpeg\",\"datePublished\":\"2021-07-27T11:26:18+00:00\",\"dateModified\":\"2025-10-24T09:55:22+00:00\",\"description\":\"\u041a\u0443\u043f\u0438\u0442\u0435 \u043d\u043e\u0436 Mora Companion Spark Green \u0441 \u0432\u0441\u0442\u0440\u043e\u0435\u043d\u043d\u043e\u0439 \u0437\u0430\u0436\u0438\u0433\u0430\u043b\u043a\u043e\u0439. \u0423\u0434\u043e\u0431\u043d\u044b\u0439 \u0438 \u043d\u0430\u0434\u0435\u0436\u043d\u044b\u0439, \u043e\u043d \u0438\u0434\u0435\u0430\u043b\u044c\u043d\u043e \u043f\u043e\u0434\u0445\u043e\u0434\u0438\u0442 \u0434\u043b\u044f \u0430\u043a\u0442\u0438\u0432\u043d\u043e\u0433\u043e \u043e\u0442\u0434\u044b\u0445\u0430 \u0438 \u0432\u044b\u0436\u0438\u0432\u0430\u043d\u0438\u044f \u043d\u0430 \u043f\u0440\u0438\u0440\u043e\u0434\u0435.\",\"breadcrumb\":{\"@id\":\"https:\\\/\\\/xstyle.md\\\/product\\\/nozh-mora-companion-spark-green\\\/#breadcrumb\"},\"inLanguage\":\"ro-RO\",\"potentialAction\":[{\"@type\":\"ReadAction\",\"target\":[\"https:\\\/\\\/xstyle.md\\\/product\\\/nozh-mora-companion-spark-green\\\/\"]}]},{\"@type\":\"ImageObject\",\"inLanguage\":\"ro-RO\",\"@id\":\"https:\\\/\\\/xstyle.md\\\/product\\\/nozh-mora-companion-spark-green\\\/#primaryimage\",\"url\":\"https:\\\/\\\/xstyle.md\\\/wp-content\\\/uploads\\\/2021\\\/07\\\/mora-companion-spark-green.jpeg\",\"contentUrl\":\"https:\\\/\\\/xstyle.md\\\/wp-content\\\/uploads\\\/2021\\\/07\\\/mora-companion-spark-green.jpeg\",\"width\":632,\"height\":594,\"caption\":\"\u0410\u043a\u0442\u0438\u0432\u043d\u0430\u044f \u044d\u043a\u0438\u043f\u0438\u0440\u043e\u0432\u043a\u0430 \u0434\u043b\u044f \u0430\u043b\u044c\u043f\u0438\u043d\u0438\u0437\u043c\u0430 \u0438 \u043f\u0443\u0442\u0435\u0448\u0435\u0441\u0442\u0432\u0438\u0439 \u2014 \u043d\u043e\u0436 Mora Companion Spark Green, \u043f\u043e\u0445\u043e\u0434\u043d\u0430\u044f \u0438 \u0442\u0443\u0440\u0438\u0441\u0442\u0438\u0447\u0435\u0441\u043a\u0430\u044f \u043e\u0434\u0435\u0436\u0434\u0430 \u0438 \u043e\u0431\u0443\u0432\u044c \u0434\u043b\u044f \u0430\u043a\u0442\u0438\u0432\u043d\u043e\u0433\u043e \u043e\u0442\u0434\u044b\u0445\u0430\"},{\"@type\":\"BreadcrumbList\",\"@id\":\"https:\\\/\\\/xstyle.md\\\/product\\\/nozh-mora-companion-spark-green\\\/#breadcrumb\",\"itemListElement\":[{\"@type\":\"ListItem\",\"position\":1,\"name\":\"\u0413\u043b\u0430\u0432\u043d\u0430\u044f \u0441\u0442\u0440\u0430\u043d\u0438\u0446\u0430\",\"item\":\"https:\\\/\\\/xstyle.md\\\/\"},{\"@type\":\"ListItem\",\"position\":2,\"name\":\"\u041c\u0430\u0433\u0430\u0437\u0438\u043d\",\"item\":\"https:\\\/\\\/xstyle.md\\\/shop\\\/\"},{\"@type\":\"ListItem\",\"position\":3,\"name\":\"\u041d\u043e\u0436 Mora Companion Spark Green\"}]},{\"@type\":\"WebSite\",\"@id\":\"https:\\\/\\\/xstyle.md\\\/#website\",\"url\":\"https:\\\/\\\/xstyle.md\\\/\",\"name\":\"\u041c\u0430\u0433\u0430\u0437\u0438\u043d Xstyle\",\"description\":\"C\u043d\u0430\u0440\u044f\u0436\u0435\u043d\u0438\u0435 \u0434\u043b\u044f \u0442\u0443\u0440\u0438\u0437\u043c\u0430 \u0438 \u044d\u043a\u0441\u0442\u0440\u0435\u043c\u0430\u043b\u044c\u043d\u044b\u0445 \u0432\u0438\u0434\u043e\u0432 \u0441\u043f\u043e\u0440\u0442\u0430 \u0432 \u041c\u043e\u043b\u0434\u043e\u0432\u0435.. \u0426\u0435\u043d\u044b, \u0444\u043e\u0442\u043e, \u0445\u0430\u0440\u0430\u043a\u0442\u0435\u0440\u0438\u0441\u0442\u0438\u043a\u0438 \u0432 \u041c\u043e\u043b\u0434\u043e\u0432\u0435.\",\"publisher\":{\"@id\":\"https:\\\/\\\/xstyle.md\\\/#organization\"},\"alternateName\":\"X-Style\",\"potentialAction\":[{\"@type\":\"SearchAction\",\"target\":{\"@type\":\"EntryPoint\",\"urlTemplate\":\"https:\\\/\\\/xstyle.md\\\/?s={search_term_string}\"},\"query-input\":{\"@type\":\"PropertyValueSpecification\",\"valueRequired\":true,\"valueName\":\"search_term_string\"}}],\"inLanguage\":\"ro-RO\"},{\"@type\":\"Organization\",\"@id\":\"https:\\\/\\\/xstyle.md\\\/#organization\",\"name\":\"\u041c\u0430\u0433\u0430\u0437\u0438\u043d Xstyle\",\"alternateName\":\"x-style\",\"url\":\"https:\\\/\\\/xstyle.md\\\/\",\"logo\":{\"@type\":\"ImageObject\",\"inLanguage\":\"ro-RO\",\"@id\":\"https:\\\/\\\/xstyle.md\\\/#\\\/schema\\\/logo\\\/image\\\/\",\"url\":\"https:\\\/\\\/xstyle.md\\\/wp-content\\\/uploads\\\/2020\\\/06\\\/logoicon.svg\",\"contentUrl\":\"https:\\\/\\\/xstyle.md\\\/wp-content\\\/uploads\\\/2020\\\/06\\\/logoicon.svg\",\"caption\":\"\u041c\u0430\u0433\u0430\u0437\u0438\u043d Xstyle\"},\"image\":{\"@id\":\"https:\\\/\\\/xstyle.md\\\/#\\\/schema\\\/logo\\\/image\\\/\"},\"sameAs\":[\"https:\\\/\\\/www.facebook.com\\\/xstylemd\",\"https:\\\/\\\/www.instagram.com\\\/xstyle_md\\\/\",\"https:\\\/\\\/t.me\\\/xstyle_outdoor\"],\"hasMerchantReturnPolicy\":{\"@type\":\"MerchantReturnPolicy\",\"merchantReturnLink\":\"https:\\\/\\\/xstyle.md\\\/ro\\\/conditions\\\/\"}}]}<\/script>\n<meta property=\"product:price:amount\" content=\"725.00\" \/>\n<meta property=\"product:price:currency\" content=\"MDL\" \/>\n<meta property=\"og:availability\" content=\"instock\" \/>\n<meta property=\"product:availability\" content=\"instock\" \/>\n<meta property=\"product:retailer_item_id\" content=\"7391846023944\" \/>\n<meta property=\"product:condition\" content=\"new\" \/>\n<!-- \/ Yoast SEO plugin. -->","yoast_head_json":{"title":"Cu\u021bit Mora Companion Spark Green - Magazin Xstyle","description":"Cump\u0103ra\u021bi cu\u021bitul Mora Companion Spark Green, cu brichet\u0103 \u00eencorporat\u0103. Confortabil \u0219i fiabil, este perfect pentru activit\u0103\u021bi \u00een aer liber \u0219i supravie\u021buire \u00een natur\u0103.","robots":{"index":"index","follow":"follow","max-snippet":"max-snippet:-1","max-image-preview":"max-image-preview:large","max-video-preview":"max-video-preview:-1"},"canonical":"https:\/\/xstyle.md\/ro\/produs\/nozh-mora-companion-spark-green\/","og_locale":"ro_RO","og_type":"article","og_title":"\u041d\u043e\u0436 Mora Companion Spark Green - \u041c\u0430\u0433\u0430\u0437\u0438\u043d Xstyle","og_description":"\u041a\u0443\u043f\u0438\u0442\u0435 \u043d\u043e\u0436 Mora Companion Spark Green \u0441 \u0432\u0441\u0442\u0440\u043e\u0435\u043d\u043d\u043e\u0439 \u0437\u0430\u0436\u0438\u0433\u0430\u043b\u043a\u043e\u0439. \u0423\u0434\u043e\u0431\u043d\u044b\u0439 \u0438 \u043d\u0430\u0434\u0435\u0436\u043d\u044b\u0439, \u043e\u043d \u0438\u0434\u0435\u0430\u043b\u044c\u043d\u043e \u043f\u043e\u0434\u0445\u043e\u0434\u0438\u0442 \u0434\u043b\u044f \u0430\u043a\u0442\u0438\u0432\u043d\u043e\u0433\u043e \u043e\u0442\u0434\u044b\u0445\u0430 \u0438 \u0432\u044b\u0436\u0438\u0432\u0430\u043d\u0438\u044f \u043d\u0430 \u043f\u0440\u0438\u0440\u043e\u0434\u0435.","og_url":"https:\/\/xstyle.md\/ro\/produs\/nozh-mora-companion-spark-green\/","og_site_name":"\u041c\u0430\u0433\u0430\u0437\u0438\u043d Xstyle","article_publisher":"https:\/\/www.facebook.com\/xstylemd","article_modified_time":"2025-10-24T09:55:22+00:00","og_image":[{"width":632,"height":594,"url":"https:\/\/xstyle.md\/wp-content\/uploads\/2021\/07\/mora-companion-spark-green.jpeg","type":"image\/jpeg"}],"twitter_card":"summary_large_image","twitter_misc":{"Pre\u021b":"725&nbsp;MDL","Disponibilitate":"\u00cen stoc"},"schema":{"@context":"https:\/\/schema.org","@graph":[{"@type":"WebPage","@id":"https:\/\/xstyle.md\/product\/nozh-mora-companion-spark-green\/","url":"https:\/\/xstyle.md\/product\/nozh-mora-companion-spark-green\/","name":"Cu\u021bit Mora Companion Spark Green - Magazin Xstyle","isPartOf":{"@id":"https:\/\/xstyle.md\/#website"},"primaryImageOfPage":{"@id":"https:\/\/xstyle.md\/product\/nozh-mora-companion-spark-green\/#primaryimage"},"image":{"@id":"https:\/\/xstyle.md\/product\/nozh-mora-companion-spark-green\/#primaryimage"},"thumbnailUrl":"https:\/\/xstyle.md\/wp-content\/uploads\/2021\/07\/mora-companion-spark-green.jpeg","datePublished":"2021-07-27T11:26:18+00:00","dateModified":"2025-10-24T09:55:22+00:00","description":"Cump\u0103ra\u021bi cu\u021bitul Mora Companion Spark Green, cu brichet\u0103 \u00eencorporat\u0103. Confortabil \u0219i fiabil, este perfect pentru activit\u0103\u021bi \u00een aer liber \u0219i supravie\u021buire \u00een natur\u0103.","breadcrumb":{"@id":"https:\/\/xstyle.md\/product\/nozh-mora-companion-spark-green\/#breadcrumb"},"inLanguage":"ro-RO","potentialAction":[{"@type":"ReadAction","target":["https:\/\/xstyle.md\/product\/nozh-mora-companion-spark-green\/"]}]},{"@type":"ImageObject","inLanguage":"ro-RO","@id":"https:\/\/xstyle.md\/product\/nozh-mora-companion-spark-green\/#primaryimage","url":"https:\/\/xstyle.md\/wp-content\/uploads\/2021\/07\/mora-companion-spark-green.jpeg","contentUrl":"https:\/\/xstyle.md\/wp-content\/uploads\/2021\/07\/mora-companion-spark-green.jpeg","width":632,"height":594,"caption":"\u0410\u043a\u0442\u0438\u0432\u043d\u0430\u044f \u044d\u043a\u0438\u043f\u0438\u0440\u043e\u0432\u043a\u0430 \u0434\u043b\u044f \u0430\u043b\u044c\u043f\u0438\u043d\u0438\u0437\u043c\u0430 \u0438 \u043f\u0443\u0442\u0435\u0448\u0435\u0441\u0442\u0432\u0438\u0439 \u2014 \u043d\u043e\u0436 Mora Companion Spark Green, \u043f\u043e\u0445\u043e\u0434\u043d\u0430\u044f \u0438 \u0442\u0443\u0440\u0438\u0441\u0442\u0438\u0447\u0435\u0441\u043a\u0430\u044f \u043e\u0434\u0435\u0436\u0434\u0430 \u0438 \u043e\u0431\u0443\u0432\u044c \u0434\u043b\u044f \u0430\u043a\u0442\u0438\u0432\u043d\u043e\u0433\u043e \u043e\u0442\u0434\u044b\u0445\u0430"},{"@type":"BreadcrumbList","@id":"https:\/\/xstyle.md\/product\/nozh-mora-companion-spark-green\/#breadcrumb","itemListElement":[{"@type":"ListItem","position":1,"name":"\u0413\u043b\u0430\u0432\u043d\u0430\u044f \u0441\u0442\u0440\u0430\u043d\u0438\u0446\u0430","item":"https:\/\/xstyle.md\/"},{"@type":"ListItem","position":2,"name":"\u041c\u0430\u0433\u0430\u0437\u0438\u043d","item":"https:\/\/xstyle.md\/shop\/"},{"@type":"ListItem","position":3,"name":"\u041d\u043e\u0436 Mora Companion Spark Green"}]},{"@type":"WebSite","@id":"https:\/\/xstyle.md\/#website","url":"https:\/\/xstyle.md\/","name":"Magazinul X-Style","description":"Echipamente pentru turism \u0219i sporturi extreme \u00een Moldova. Pre\u021buri, fotografii, caracteristici \u00een Moldova.","publisher":{"@id":"https:\/\/xstyle.md\/#organization"},"alternateName":"X-Style","potentialAction":[{"@type":"SearchAction","target":{"@type":"EntryPoint","urlTemplate":"https:\/\/xstyle.md\/?s={search_term_string}"},"query-input":{"@type":"PropertyValueSpecification","valueRequired":true,"valueName":"search_term_string"}}],"inLanguage":"ro-RO"},{"@type":"Organization","@id":"https:\/\/xstyle.md\/#organization","name":"Magazinul X-Style","alternateName":"x-style","url":"https:\/\/xstyle.md\/","logo":{"@type":"ImageObject","inLanguage":"ro-RO","@id":"https:\/\/xstyle.md\/#\/schema\/logo\/image\/","url":"https:\/\/xstyle.md\/wp-content\/uploads\/2020\/06\/logoicon.svg","contentUrl":"https:\/\/xstyle.md\/wp-content\/uploads\/2020\/06\/logoicon.svg","caption":"\u041c\u0430\u0433\u0430\u0437\u0438\u043d Xstyle"},"image":{"@id":"https:\/\/xstyle.md\/#\/schema\/logo\/image\/"},"sameAs":["https:\/\/www.facebook.com\/xstylemd","https:\/\/www.instagram.com\/xstyle_md\/","https:\/\/t.me\/xstyle_outdoor"],"hasMerchantReturnPolicy":{"@type":"MerchantReturnPolicy","merchantReturnLink":"https:\/\/xstyle.md\/ro\/conditions\/"}}]},"product_price_amount":"725.00","product_price_currency":"MDL","og_availability":"instock","product_availability":"instock","product_retailer_item_id":"7391846023944","product_condition":"new"},"_links":{"self":[{"href":"https:\/\/xstyle.md\/ro\/wp-json\/wp\/v2\/product\/37723","targetHints":{"allow":["GET"]}}],"collection":[{"href":"https:\/\/xstyle.md\/ro\/wp-json\/wp\/v2\/product"}],"about":[{"href":"https:\/\/xstyle.md\/ro\/wp-json\/wp\/v2\/types\/product"}],"replies":[{"embeddable":true,"href":"https:\/\/xstyle.md\/ro\/wp-json\/wp\/v2\/comments?post=37723"}],"wp:featuredmedia":[{"embeddable":true,"href":"https:\/\/xstyle.md\/ro\/wp-json\/wp\/v2\/media\/38151"}],"wp:attachment":[{"href":"https:\/\/xstyle.md\/ro\/wp-json\/wp\/v2\/media?parent=37723"}],"wp:term":[{"taxonomy":"product_brand","embeddable":true,"href":"https:\/\/xstyle.md\/ro\/wp-json\/wp\/v2\/product_brand?post=37723"},{"taxonomy":"product_cat","embeddable":true,"href":"https:\/\/xstyle.md\/ro\/wp-json\/wp\/v2\/product_cat?post=37723"},{"taxonomy":"product_tag","embeddable":true,"href":"https:\/\/xstyle.md\/ro\/wp-json\/wp\/v2\/product_tag?post=37723"}],"curies":[{"name":"wp","href":"https:\/\/api.w.org\/{rel}","templated":true}]}}